{"id":89927,"date":"2024-11-25T11:58:05","date_gmt":"2024-11-25T08:58:05","guid":{"rendered":"https:\/\/xstyle.md\/?post_type=product&#038;p=89927"},"modified":"2026-04-08T10:48:22","modified_gmt":"2026-04-08T07:48:22","slug":"kurtka-hannah-vertical-mns-antique-moss-gray-pinstrp","status":"publish","type":"product","link":"https:\/\/xstyle.md\/ro\/produs\/kurtka-hannah-vertical-mns-antique-moss-gray-pinstrp\/","title":{"rendered":"Geac\u0103 de schi Hannah Vertical Mns antique moss\/gray pinstrp"},"content":{"rendered":"<p><\/p>\n<p><strong>Hannah Vertical<\/strong> &#8212; este o geac\u0103 hibrid\u0103 u\u0219oar\u0103 pentru b\u0103rba\u021bi, destinat\u0103 schiului de tur\u0103 (ski-touring). Aceasta are o croial\u0103 tehnic\u0103 ce combin\u0103 materiale func\u021bionale cu un sistem eficient de izolare bazat pe tehnologia Polartec Alpha. Construc\u021bia hibrid\u0103 \u00eembin\u0103 materialul Airlite Windproof cu izola\u021bie intern\u0103 \u0219i AFT Double Weave Pro. Airlite Windproof ofer\u0103 lejeritate, respirabilitate \u0219i protec\u021bie \u00eempotriva v\u00e2ntului, \u00een timp ce izola\u021bia Polartec Alpha, plasat\u0103 \u00een zonele cheie, men\u021bine c\u0103ldura \u0219i elimin\u0103 rapid umiditatea. Acest material, dezvoltat special pentru efort fizic intens, are fibre hidrofobe care favorizeaz\u0103 uscarea rapid\u0103.<\/p>\n<p>Geaca beneficiaz\u0103 de o croial\u0103 tehnic\u0103 bine g\u00e2ndit\u0103 \u0219i panouri flexibile rezistente la v\u00e2nt din AFT Double Weave Pro, care asigur\u0103 libertate total\u0103 de mi\u0219care. Materialul exterior este tratat cu un strat protector hidrofob ecologic PFC FREE. Fermoarul YKK Vislon Slim permite plierea compact\u0103 a gecii. Gluga poate fi purtat\u0103 sub casc\u0103, iar buzunarele \u00eenalte sunt u\u0219or accesibile chiar \u0219i atunci c\u00e2nd utiliza\u021bi centura rucsacului sau un ham.<\/p>\n<h3>Caracteristici<\/h3>\n<ul>\n<li>Croial\u0103 tehnic\u0103 pentru mi\u0219c\u0103ri intense<\/li>\n<li>Solu\u021bie hibrid\u0103 cu o combina\u021bie de materiale func\u021bionale<\/li>\n<li>Sistem de izolare termic\u0103 eficient<\/li>\n<li>Glug\u0103 fix\u0103<\/li>\n<li>Glug\u0103 compatibil\u0103 pentru purtarea sub casc\u0103<\/li>\n<li>Fermoar principal YKK Vislon Slim<\/li>\n<li>Buzunar la piept cu fermoar YKK<\/li>\n<li>M\u00e2neci croite anatomic<\/li>\n<li>Man\u0219ete elastice la m\u00e2neci<\/li>\n<\/ul>\n<h3>Specifica\u021bii<\/h3>\n<ul>\n<li>Material &#8212; 89% poliamid\u0103 + 11% elastan, 100% poliamid\u0103<\/li>\n<li>Izola\u021bie termic\u0103 &#8212; Polartec Alpha, Airlite Windproof<\/li>\n<li>Impermeabilitate &#8212; 10 000 mm<\/li>\n<li>Respirabilitate &#8212; 10 000 g\/m\u00b2\/24h<\/li>\n<li>Model &#8212; pentru b\u0103rba\u021bi<\/li>\n<\/ul>\n<h3>Tehnologie<\/h3>\n<ul>\n<li><strong>Polartec Alpha <\/strong>&#8212;\u00a0este un material inovator, conceput pentru efort fizic intens. Acesta dispune de fibre hidrofobe care re\u021bin eficient c\u0103ldura \u0219i elimin\u0103 rapid umiditatea, men\u021bin\u00e2nd confortul chiar \u0219i \u00een timpul mi\u0219c\u0103rilor intense. Acest material ofer\u0103 o izola\u021bie termic\u0103 excelent\u0103 la o greutate \u0219i un volum minim, fiind ideal pentru condi\u021bii extreme.<\/li>\n<li><strong>Airlite Windproof <\/strong>&#8212; este un material u\u0219or, respirabil \u0219i rezistent la v\u00e2nt, care protejeaz\u0103 eficient \u00eempotriva rafalelor de v\u00e2nt, p\u0103str\u00e2nd \u00een acela\u0219i timp o permeabilitate excelent\u0103 la aer. Este dezvoltat pentru activit\u0103\u021bi outdoor dinamice, oferind confort \u0219i protec\u021bie f\u0103r\u0103 greutate inutil\u0103, ceea ce \u00eel face ideal pentru efort \u00een condi\u021bii meteorologice dificile.<\/li>\n<li><strong>AFT Double Weave Pro<\/strong>\u00a0 &#8212; este un material de \u00eenalt\u0103 func\u021bionalitate care combin\u0103 dou\u0103 tipuri de \u021bes\u0103turi pentru a asigura o rezisten\u021b\u0103 optim\u0103 la uzur\u0103, flexibilitate \u0219i ventila\u021bie. Acesta posed\u0103 o capacitate excelent\u0103 de protec\u021bie \u00eempotriva v\u00e2ntului, r\u0103m\u00e2n\u00e2nd totodat\u0103 respirabil, fiind ideal pentru activit\u0103\u021bi outdoor solicitante, precum alpinismul, schiul de tur\u0103 \u0219i alte sporturi montane.<\/li>\n<li><strong>DWR (Durable Water Repellent)<\/strong> &#8212; este o impregnare de material hidrofug de suprafa\u021b\u0103 care \u00eembun\u0103t\u0103\u021be\u0219te propriet\u0103\u021bile func\u021bionale ale \u00eembr\u0103c\u0103mintei.<br \/>\nImpregnarea \u00ee\u0219i p\u0103streaz\u0103 propriet\u0103\u021bile p\u00e2n\u0103 la 10 cicluri de sp\u0103lare \u0219i, \u00een acela\u0219i timp, poate fi re\u00eennoit\u0103 cu u\u0219urin\u021b\u0103 cu ajutorul unor produse pe baz\u0103 de spray disponibile \u00een mod obi\u0219nuit (de exemplu, Toko Textile Proof). Impregnarea DWR C6 este mai prietenoas\u0103 cu mediul.<br \/>\n<\/li>\n<\/ul>\n<h3>Marca<\/h3>\n<p>Hannah \u2013 este un brand interna\u021bional, specializat \u00een produc\u021bia de articole pentru turism \u0219i \u00eembr\u0103c\u0103minte sportiv\u0103 pentru orice sezon. Brandul Hannah a fost fondat \u00een Republica Ceh\u0103 \u00een 1991. Compania a ob\u021binut succese bune pe pia\u021ba intern\u0103, datorit\u0103 calit\u0103\u021bii ridicate \u0219i politicii de pre\u021buri accesibile pentru fiecare produs.<br \/>\nLa \u00eenceput, compania fabrica produse conform standardelor interna\u021bionale, deoarece au \u00een\u021beles pe deplin importan\u021ba unei reputa\u021bii excelente. \u00cen acest sens, s-a alocat mult timp selec\u021biei materialelor de \u00eenalt\u0103 calitate, care sunt rezistente la uzur\u0103 \u0219i rezistente la ap\u0103. Ast\u0103zi, brandul nu st\u0103 pe loc, catalogul lor este \u00een permanen\u021b\u0103 actualizat \u0219i extins, iar produsele pot fi g\u0103site \u00een toat\u0103 lumea.<\/p>","protected":false},"excerpt":{"rendered":"<p>\u0411\u0440\u0435\u043d\u0434 Hannah \u2013 \u044d\u0442\u043e \u043c\u0435\u0436\u0434\u0443\u043d\u0430\u0440\u043e\u0434\u043d\u044b\u0439 \u0431\u0440\u0435\u043d\u0434, \u0441\u043f\u0435\u0446\u0438\u0430\u043b\u0438\u0437\u0438\u0440\u0443\u044e\u0449\u0438\u0439\u0441\u044f \u043d\u0430 \u043f\u0440\u043e\u0438\u0437\u0432\u043e\u0434\u0441\u0442\u0432\u0435 \u0442\u0443\u0440\u0438\u0441\u0442\u0438\u0447\u0435\u0441\u043a\u0438\u0445 \u0442\u043e\u0432\u0430\u0440\u043e\u0432 \u0438 \u0441\u043f\u043e\u0440\u0442\u0438\u0432\u043d\u043e\u0439 \u043e\u0434\u0435\u0436\u0434\u044b \u043d\u0430 \u043b\u044e\u0431\u043e\u0439 \u0441\u0435\u0437\u043e\u043d. \u0411\u0440\u0435\u043d\u0434 Hannah \u0431\u044b\u043b \u043e\u0441\u043d\u043e\u0432\u0430\u043d \u0432 \u0427\u0435\u0445\u0438\u0438 \u0432 1991. \u041a\u043e\u043c\u043f\u0430\u043d\u0438\u044f \u0434\u043e\u0431\u0438\u043b\u0430\u0441\u044c \u0445\u043e\u0440\u043e\u0448\u0438\u0445 \u0443\u0441\u043f\u0435\u0445\u043e\u0432 \u043d\u0430 \u043e\u0442\u0435\u0447\u0435\u0441\u0442\u0432\u0435\u043d\u043d\u043e\u043c \u0440\u044b\u043d\u043a\u0435, \u0431\u043b\u0430\u0433\u043e\u0434\u0430\u0440\u044f \u0432\u044b\u0441\u043e\u043a\u043e\u043c\u0443 \u043a\u0430\u0447\u0435\u0441\u0442\u0432\u0443 \u0438 \u0434\u043e\u0441\u0442\u0443\u043f\u043d\u043e\u0439 \u0446\u0435\u043d\u043e\u0432\u043e\u0439 \u043f\u043e\u043b\u0438\u0442\u0438\u043a\u0435 \u0434\u043b\u044f \u043a\u0430\u0436\u0434\u043e\u0433\u043e \u0438\u0437\u0434\u0435\u043b\u0438\u044f. \u0412 \u0441\u0430\u043c\u043e\u043c \u043d\u0430\u0447\u0430\u043b\u0435, \u043a\u043e\u043c\u043f\u0430\u043d\u0438\u044f \u043d\u0430\u0447\u0430\u043b\u0430 \u0432\u044b\u043f\u0443\u0441\u043a\u0430\u0442\u044c \u043f\u0440\u043e\u0434\u0443\u043a\u0446\u0438\u044e \u0432 \u0441\u043e\u043e\u0442\u0432\u0435\u0442\u0441\u0442\u0432\u0438\u0438 \u0441 \u043c\u0435\u0436\u0434\u0443\u043d\u0430\u0440\u043e\u0434\u043d\u044b\u043c\u0438 \u0441\u0442\u0430\u043d\u0434\u0430\u0440\u0442\u0430\u043c\u0438, \u0442\u0430\u043a [&hellip;]<\/p>\n","protected":false},"featured_media":90892,"comment_status":"open","ping_status":"closed","template":"","meta":{"_acf_changed":false,"inline_featured_image":false},"product_brand":[1271],"product_cat":[450],"product_tag":[],"class_list":{"0":"post-89927","1":"product","2":"type-product","3":"status-publish","4":"has-post-thumbnail","6":"product_brand-hannah","7":"product_cat-jachete-de-schi-barbati","9":"first","10":"instock","11":"shipping-taxable","12":"purchasable","13":"product-type-simple"},"acf":[],"yoast_head":"<!-- This site is optimized with the Yoast SEO plugin v27.2 - https:\/\/yoast.com\/product\/yoast-seo-wordpress\/ -->\n<title>\u041a\u0443\u0440\u0442\u043a\u0430 Hannah Vertical Mns antique moss\/gray pinstrp - \u041c\u0430\u0433\u0430\u0437\u0438\u043d Xstyle<\/title>\n<meta name=\"robots\" content=\"index, follow, max-snippet:-1, max-image-preview:large, max-video-preview:-1\" \/>\n<link rel=\"canonical\" href=\"https:\/\/xstyle.md\/ro\/produs\/kurtka-hannah-vertical-mns-antique-moss-gray-pinstrp\/\" \/>\n<meta property=\"og:locale\" content=\"ro_RO\" \/>\n<meta property=\"og:type\" content=\"article\" \/>\n<meta property=\"og:title\" content=\"\u041a\u0443\u0440\u0442\u043a\u0430 Hannah Vertical Mns antique moss\/gray pinstrp - \u041c\u0430\u0433\u0430\u0437\u0438\u043d Xstyle\" \/>\n<meta property=\"og:description\" content=\"\u0411\u0440\u0435\u043d\u0434 Hannah \u2013 \u044d\u0442\u043e \u043c\u0435\u0436\u0434\u0443\u043d\u0430\u0440\u043e\u0434\u043d\u044b\u0439 \u0431\u0440\u0435\u043d\u0434, \u0441\u043f\u0435\u0446\u0438\u0430\u043b\u0438\u0437\u0438\u0440\u0443\u044e\u0449\u0438\u0439\u0441\u044f \u043d\u0430 \u043f\u0440\u043e\u0438\u0437\u0432\u043e\u0434\u0441\u0442\u0432\u0435 \u0442\u0443\u0440\u0438\u0441\u0442\u0438\u0447\u0435\u0441\u043a\u0438\u0445 \u0442\u043e\u0432\u0430\u0440\u043e\u0432 \u0438 \u0441\u043f\u043e\u0440\u0442\u0438\u0432\u043d\u043e\u0439 \u043e\u0434\u0435\u0436\u0434\u044b \u043d\u0430 \u043b\u044e\u0431\u043e\u0439 \u0441\u0435\u0437\u043e\u043d. \u0411\u0440\u0435\u043d\u0434 Hannah \u0431\u044b\u043b \u043e\u0441\u043d\u043e\u0432\u0430\u043d \u0432 \u0427\u0435\u0445\u0438\u0438 \u0432 1991. \u041a\u043e\u043c\u043f\u0430\u043d\u0438\u044f \u0434\u043e\u0431\u0438\u043b\u0430\u0441\u044c \u0445\u043e\u0440\u043e\u0448\u0438\u0445 \u0443\u0441\u043f\u0435\u0445\u043e\u0432 \u043d\u0430 \u043e\u0442\u0435\u0447\u0435\u0441\u0442\u0432\u0435\u043d\u043d\u043e\u043c \u0440\u044b\u043d\u043a\u0435, \u0431\u043b\u0430\u0433\u043e\u0434\u0430\u0440\u044f \u0432\u044b\u0441\u043e\u043a\u043e\u043c\u0443 \u043a\u0430\u0447\u0435\u0441\u0442\u0432\u0443 \u0438 \u0434\u043e\u0441\u0442\u0443\u043f\u043d\u043e\u0439 \u0446\u0435\u043d\u043e\u0432\u043e\u0439 \u043f\u043e\u043b\u0438\u0442\u0438\u043a\u0435 \u0434\u043b\u044f \u043a\u0430\u0436\u0434\u043e\u0433\u043e \u0438\u0437\u0434\u0435\u043b\u0438\u044f. \u0412 \u0441\u0430\u043c\u043e\u043c \u043d\u0430\u0447\u0430\u043b\u0435, \u043a\u043e\u043c\u043f\u0430\u043d\u0438\u044f \u043d\u0430\u0447\u0430\u043b\u0430 \u0432\u044b\u043f\u0443\u0441\u043a\u0430\u0442\u044c \u043f\u0440\u043e\u0434\u0443\u043a\u0446\u0438\u044e \u0432 \u0441\u043e\u043e\u0442\u0432\u0435\u0442\u0441\u0442\u0432\u0438\u0438 \u0441 \u043c\u0435\u0436\u0434\u0443\u043d\u0430\u0440\u043e\u0434\u043d\u044b\u043c\u0438 \u0441\u0442\u0430\u043d\u0434\u0430\u0440\u0442\u0430\u043c\u0438, \u0442\u0430\u043a [&hellip;]\" \/>\n<meta property=\"og:url\" content=\"https:\/\/xstyle.md\/ro\/produs\/kurtka-hannah-vertical-mns-antique-moss-gray-pinstrp\/\" \/>\n<meta property=\"og:site_name\" content=\"\u041c\u0430\u0433\u0430\u0437\u0438\u043d Xstyle\" \/>\n<meta property=\"article:publisher\" content=\"https:\/\/www.facebook.com\/xstylemd\" \/>\n<meta property=\"article:modified_time\" content=\"2026-04-08T07:48:22+00:00\" \/>\n<meta property=\"og:image\" content=\"https:\/\/xstyle.md\/wp-content\/uploads\/2024\/11\/hannah-vertical-mns-antique-moss-gray-pinstrp.webp\" \/>\n\t<meta property=\"og:image:width\" content=\"1466\" \/>\n\t<meta property=\"og:image:height\" content=\"1498\" \/>\n\t<meta property=\"og:image:type\" content=\"image\/webp\" \/>\n<meta name=\"twitter:card\" content=\"summary_large_image\" \/>\n<meta name=\"twitter:label1\" content=\"Pre\u021b\" \/>\n\t<meta name=\"twitter:data1\" content=\"4.590&nbsp;MDL\" \/>\n\t<meta name=\"twitter:label2\" content=\"Disponibilitate\" \/>\n\t<meta name=\"twitter:data2\" content=\"\u00cen stoc\" \/>\n<script type=\"application\/ld+json\" class=\"yoast-schema-graph\">{\"@context\":\"https:\/\/schema.org\",\"@graph\":[{\"@type\":\"WebPage\",\"@id\":\"https:\/\/xstyle.md\/product\/kurtka-hannah-vertical-mns-antique-moss-gray-pinstrp\/\",\"url\":\"https:\/\/xstyle.md\/product\/kurtka-hannah-vertical-mns-antique-moss-gray-pinstrp\/\",\"name\":\"\u041a\u0443\u0440\u0442\u043a\u0430 Hannah Vertical Mns antique moss\/gray pinstrp - \u041c\u0430\u0433\u0430\u0437\u0438\u043d Xstyle\",\"isPartOf\":{\"@id\":\"https:\/\/xstyle.md\/#website\"},\"primaryImageOfPage\":{\"@id\":\"https:\/\/xstyle.md\/product\/kurtka-hannah-vertical-mns-antique-moss-gray-pinstrp\/#primaryimage\"},\"image\":{\"@id\":\"https:\/\/xstyle.md\/product\/kurtka-hannah-vertical-mns-antique-moss-gray-pinstrp\/#primaryimage\"},\"thumbnailUrl\":\"https:\/\/xstyle.md\/wp-content\/uploads\/2024\/11\/hannah-vertical-mns-antique-moss-gray-pinstrp.webp\",\"datePublished\":\"2024-11-25T08:58:05+00:00\",\"dateModified\":\"2026-04-08T07:48:22+00:00\",\"breadcrumb\":{\"@id\":\"https:\/\/xstyle.md\/product\/kurtka-hannah-vertical-mns-antique-moss-gray-pinstrp\/#breadcrumb\"},\"inLanguage\":\"ro-RO\",\"potentialAction\":[{\"@type\":\"ReadAction\",\"target\":[\"https:\/\/xstyle.md\/product\/kurtka-hannah-vertical-mns-antique-moss-gray-pinstrp\/\"]}]},{\"@type\":\"ImageObject\",\"inLanguage\":\"ro-RO\",\"@id\":\"https:\/\/xstyle.md\/product\/kurtka-hannah-vertical-mns-antique-moss-gray-pinstrp\/#primaryimage\",\"url\":\"https:\/\/xstyle.md\/wp-content\/uploads\/2024\/11\/hannah-vertical-mns-antique-moss-gray-pinstrp.webp\",\"contentUrl\":\"https:\/\/xstyle.md\/wp-content\/uploads\/2024\/11\/hannah-vertical-mns-antique-moss-gray-pinstrp.webp\",\"width\":1466,\"height\":1498,\"caption\":\"\u0422\u0440\u0435\u043d\u0434\u043e\u0432\u0430\u044f \u0430\u043a\u0442\u0438\u0432\u043d\u0430\u044f \u043e\u0434\u0435\u0436\u0434\u0430 \u0438 \u043e\u0431\u0443\u0432\u044c \u0434\u043b\u044f \u043f\u043e\u0445\u043e\u0434\u043e\u0432 \u0438 \u043f\u0443\u0442\u0435\u0448\u0435\u0441\u0442\u0432\u0438\u0439 \u043d\u0430 \u043e\u043d\u043b\u0430\u0439\u043d \u043c\u0430\u0433\u0430\u0437\u0438\u043d\u0435 \u0441 \u043a\u0443\u0440\u0442\u043a\u043e\u0439 Hannah Vertical Mns antique moss \u0441\u0435\u0440\u043e-\u0437\u0435\u043b\u0435\u043d\u043e\u0439 \u0441 \u043f\u043e\u043b\u043e\u0441\u0430\u043c\u0438 \u0434\u043b\u044f \u0430\u043a\u0442\u0438\u0432\u043d\u043e\u0439 \u0436\u0438\u0437\u043d\u0438, \u0433\u043e\u0440\u043d\u044b\u0445 \u043f\u043e\u0445\u043e\u0434\u043e\u0432 \u0438 \u043f\u0443\u0442\u0435\u0448\u0435\u0441\u0442\u0432\u0438\u0439\"},{\"@type\":\"BreadcrumbList\",\"@id\":\"https:\/\/xstyle.md\/product\/kurtka-hannah-vertical-mns-antique-moss-gray-pinstrp\/#breadcrumb\",\"itemListElement\":[{\"@type\":\"ListItem\",\"position\":1,\"name\":\"\u0413\u043b\u0430\u0432\u043d\u0430\u044f \u0441\u0442\u0440\u0430\u043d\u0438\u0446\u0430\",\"item\":\"https:\/\/xstyle.md\/\"},{\"@type\":\"ListItem\",\"position\":2,\"name\":\"\u041c\u0430\u0433\u0430\u0437\u0438\u043d\",\"item\":\"https:\/\/xstyle.md\/shop\/\"},{\"@type\":\"ListItem\",\"position\":3,\"name\":\"\u041a\u0443\u0440\u0442\u043a\u0430 Hannah Vertical Mns antique moss\/gray pinstrp\"}]},{\"@type\":\"WebSite\",\"@id\":\"https:\/\/xstyle.md\/#website\",\"url\":\"https:\/\/xstyle.md\/\",\"name\":\"\u041c\u0430\u0433\u0430\u0437\u0438\u043d Xstyle\",\"description\":\"C\u043d\u0430\u0440\u044f\u0436\u0435\u043d\u0438\u0435 \u0434\u043b\u044f \u0442\u0443\u0440\u0438\u0437\u043c\u0430 \u0438 \u044d\u043a\u0441\u0442\u0440\u0435\u043c\u0430\u043b\u044c\u043d\u044b\u0445 \u0432\u0438\u0434\u043e\u0432 \u0441\u043f\u043e\u0440\u0442\u0430 \u0432 \u041c\u043e\u043b\u0434\u043e\u0432\u0435.. \u0426\u0435\u043d\u044b, \u0444\u043e\u0442\u043e, \u0445\u0430\u0440\u0430\u043a\u0442\u0435\u0440\u0438\u0441\u0442\u0438\u043a\u0438 \u0432 \u041c\u043e\u043b\u0434\u043e\u0432\u0435.\",\"publisher\":{\"@id\":\"https:\/\/xstyle.md\/#organization\"},\"alternateName\":\"X-Style\",\"potentialAction\":[{\"@type\":\"SearchAction\",\"target\":{\"@type\":\"EntryPoint\",\"urlTemplate\":\"https:\/\/xstyle.md\/?s={search_term_string}\"},\"query-input\":{\"@type\":\"PropertyValueSpecification\",\"valueRequired\":true,\"valueName\":\"search_term_string\"}}],\"inLanguage\":\"ro-RO\"},{\"@type\":\"Organization\",\"@id\":\"https:\/\/xstyle.md\/#organization\",\"name\":\"\u041c\u0430\u0433\u0430\u0437\u0438\u043d Xstyle\",\"alternateName\":\"x-style\",\"url\":\"https:\/\/xstyle.md\/\",\"logo\":{\"@type\":\"ImageObject\",\"inLanguage\":\"ro-RO\",\"@id\":\"https:\/\/xstyle.md\/#\/schema\/logo\/image\/\",\"url\":\"https:\/\/xstyle.md\/wp-content\/uploads\/2020\/06\/logoicon.svg\",\"contentUrl\":\"https:\/\/xstyle.md\/wp-content\/uploads\/2020\/06\/logoicon.svg\",\"caption\":\"\u041c\u0430\u0433\u0430\u0437\u0438\u043d Xstyle\"},\"image\":{\"@id\":\"https:\/\/xstyle.md\/#\/schema\/logo\/image\/\"},\"sameAs\":[\"https:\/\/www.facebook.com\/xstylemd\",\"https:\/\/www.instagram.com\/xstyle_md\/\",\"https:\/\/t.me\/xstyle_outdoor\"],\"hasMerchantReturnPolicy\":{\"@type\":\"MerchantReturnPolicy\",\"merchantReturnLink\":\"https:\/\/xstyle.md\/ro\/conditions\/\"}}]}<\/script>\n<meta property=\"product:price:amount\" content=\"4590.00\" \/>\n<meta property=\"product:price:currency\" content=\"MDL\" \/>\n<meta property=\"og:availability\" content=\"instock\" \/>\n<meta property=\"product:availability\" content=\"instock\" \/>\n<meta property=\"product:retailer_item_id\" content=\"8591203590549\" \/>\n<meta property=\"product:condition\" content=\"new\" \/>\n<!-- \/ Yoast SEO plugin. -->","yoast_head_json":{"title":"\u041a\u0443\u0440\u0442\u043a\u0430 Hannah Vertical Mns antique moss\/gray pinstrp - \u041c\u0430\u0433\u0430\u0437\u0438\u043d Xstyle","robots":{"index":"index","follow":"follow","max-snippet":"max-snippet:-1","max-image-preview":"max-image-preview:large","max-video-preview":"max-video-preview:-1"},"canonical":"https:\/\/xstyle.md\/ro\/produs\/kurtka-hannah-vertical-mns-antique-moss-gray-pinstrp\/","og_locale":"ro_RO","og_type":"article","og_title":"\u041a\u0443\u0440\u0442\u043a\u0430 Hannah Vertical Mns antique moss\/gray pinstrp - \u041c\u0430\u0433\u0430\u0437\u0438\u043d Xstyle","og_description":"\u0411\u0440\u0435\u043d\u0434 Hannah \u2013 \u044d\u0442\u043e \u043c\u0435\u0436\u0434\u0443\u043d\u0430\u0440\u043e\u0434\u043d\u044b\u0439 \u0431\u0440\u0435\u043d\u0434, \u0441\u043f\u0435\u0446\u0438\u0430\u043b\u0438\u0437\u0438\u0440\u0443\u044e\u0449\u0438\u0439\u0441\u044f \u043d\u0430 \u043f\u0440\u043e\u0438\u0437\u0432\u043e\u0434\u0441\u0442\u0432\u0435 \u0442\u0443\u0440\u0438\u0441\u0442\u0438\u0447\u0435\u0441\u043a\u0438\u0445 \u0442\u043e\u0432\u0430\u0440\u043e\u0432 \u0438 \u0441\u043f\u043e\u0440\u0442\u0438\u0432\u043d\u043e\u0439 \u043e\u0434\u0435\u0436\u0434\u044b \u043d\u0430 \u043b\u044e\u0431\u043e\u0439 \u0441\u0435\u0437\u043e\u043d. \u0411\u0440\u0435\u043d\u0434 Hannah \u0431\u044b\u043b \u043e\u0441\u043d\u043e\u0432\u0430\u043d \u0432 \u0427\u0435\u0445\u0438\u0438 \u0432 1991. \u041a\u043e\u043c\u043f\u0430\u043d\u0438\u044f \u0434\u043e\u0431\u0438\u043b\u0430\u0441\u044c \u0445\u043e\u0440\u043e\u0448\u0438\u0445 \u0443\u0441\u043f\u0435\u0445\u043e\u0432 \u043d\u0430 \u043e\u0442\u0435\u0447\u0435\u0441\u0442\u0432\u0435\u043d\u043d\u043e\u043c \u0440\u044b\u043d\u043a\u0435, \u0431\u043b\u0430\u0433\u043e\u0434\u0430\u0440\u044f \u0432\u044b\u0441\u043e\u043a\u043e\u043c\u0443 \u043a\u0430\u0447\u0435\u0441\u0442\u0432\u0443 \u0438 \u0434\u043e\u0441\u0442\u0443\u043f\u043d\u043e\u0439 \u0446\u0435\u043d\u043e\u0432\u043e\u0439 \u043f\u043e\u043b\u0438\u0442\u0438\u043a\u0435 \u0434\u043b\u044f \u043a\u0430\u0436\u0434\u043e\u0433\u043e \u0438\u0437\u0434\u0435\u043b\u0438\u044f. \u0412 \u0441\u0430\u043c\u043e\u043c \u043d\u0430\u0447\u0430\u043b\u0435, \u043a\u043e\u043c\u043f\u0430\u043d\u0438\u044f \u043d\u0430\u0447\u0430\u043b\u0430 \u0432\u044b\u043f\u0443\u0441\u043a\u0430\u0442\u044c \u043f\u0440\u043e\u0434\u0443\u043a\u0446\u0438\u044e \u0432 \u0441\u043e\u043e\u0442\u0432\u0435\u0442\u0441\u0442\u0432\u0438\u0438 \u0441 \u043c\u0435\u0436\u0434\u0443\u043d\u0430\u0440\u043e\u0434\u043d\u044b\u043c\u0438 \u0441\u0442\u0430\u043d\u0434\u0430\u0440\u0442\u0430\u043c\u0438, \u0442\u0430\u043a [&hellip;]","og_url":"https:\/\/xstyle.md\/ro\/produs\/kurtka-hannah-vertical-mns-antique-moss-gray-pinstrp\/","og_site_name":"\u041c\u0430\u0433\u0430\u0437\u0438\u043d Xstyle","article_publisher":"https:\/\/www.facebook.com\/xstylemd","article_modified_time":"2026-04-08T07:48:22+00:00","og_image":[{"width":1466,"height":1498,"url":"https:\/\/xstyle.md\/wp-content\/uploads\/2024\/11\/hannah-vertical-mns-antique-moss-gray-pinstrp.webp","type":"image\/webp"}],"twitter_card":"summary_large_image","twitter_misc":{"Pre\u021b":"4.590&nbsp;MDL","Disponibilitate":"\u00cen stoc"},"schema":{"@context":"https:\/\/schema.org","@graph":[{"@type":"WebPage","@id":"https:\/\/xstyle.md\/product\/kurtka-hannah-vertical-mns-antique-moss-gray-pinstrp\/","url":"https:\/\/xstyle.md\/product\/kurtka-hannah-vertical-mns-antique-moss-gray-pinstrp\/","name":"\u041a\u0443\u0440\u0442\u043a\u0430 Hannah Vertical Mns antique moss\/gray pinstrp - \u041c\u0430\u0433\u0430\u0437\u0438\u043d Xstyle","isPartOf":{"@id":"https:\/\/xstyle.md\/#website"},"primaryImageOfPage":{"@id":"https:\/\/xstyle.md\/product\/kurtka-hannah-vertical-mns-antique-moss-gray-pinstrp\/#primaryimage"},"image":{"@id":"https:\/\/xstyle.md\/product\/kurtka-hannah-vertical-mns-antique-moss-gray-pinstrp\/#primaryimage"},"thumbnailUrl":"https:\/\/xstyle.md\/wp-content\/uploads\/2024\/11\/hannah-vertical-mns-antique-moss-gray-pinstrp.webp","datePublished":"2024-11-25T08:58:05+00:00","dateModified":"2026-04-08T07:48:22+00:00","breadcrumb":{"@id":"https:\/\/xstyle.md\/product\/kurtka-hannah-vertical-mns-antique-moss-gray-pinstrp\/#breadcrumb"},"inLanguage":"ro-RO","potentialAction":[{"@type":"ReadAction","target":["https:\/\/xstyle.md\/product\/kurtka-hannah-vertical-mns-antique-moss-gray-pinstrp\/"]}]},{"@type":"ImageObject","inLanguage":"ro-RO","@id":"https:\/\/xstyle.md\/product\/kurtka-hannah-vertical-mns-antique-moss-gray-pinstrp\/#primaryimage","url":"https:\/\/xstyle.md\/wp-content\/uploads\/2024\/11\/hannah-vertical-mns-antique-moss-gray-pinstrp.webp","contentUrl":"https:\/\/xstyle.md\/wp-content\/uploads\/2024\/11\/hannah-vertical-mns-antique-moss-gray-pinstrp.webp","width":1466,"height":1498,"caption":"\u0422\u0440\u0435\u043d\u0434\u043e\u0432\u0430\u044f \u0430\u043a\u0442\u0438\u0432\u043d\u0430\u044f \u043e\u0434\u0435\u0436\u0434\u0430 \u0438 \u043e\u0431\u0443\u0432\u044c \u0434\u043b\u044f \u043f\u043e\u0445\u043e\u0434\u043e\u0432 \u0438 \u043f\u0443\u0442\u0435\u0448\u0435\u0441\u0442\u0432\u0438\u0439 \u043d\u0430 \u043e\u043d\u043b\u0430\u0439\u043d \u043c\u0430\u0433\u0430\u0437\u0438\u043d\u0435 \u0441 \u043a\u0443\u0440\u0442\u043a\u043e\u0439 Hannah Vertical Mns antique moss \u0441\u0435\u0440\u043e-\u0437\u0435\u043b\u0435\u043d\u043e\u0439 \u0441 \u043f\u043e\u043b\u043e\u0441\u0430\u043c\u0438 \u0434\u043b\u044f \u0430\u043a\u0442\u0438\u0432\u043d\u043e\u0439 \u0436\u0438\u0437\u043d\u0438, \u0433\u043e\u0440\u043d\u044b\u0445 \u043f\u043e\u0445\u043e\u0434\u043e\u0432 \u0438 \u043f\u0443\u0442\u0435\u0448\u0435\u0441\u0442\u0432\u0438\u0439"},{"@type":"BreadcrumbList","@id":"https:\/\/xstyle.md\/product\/kurtka-hannah-vertical-mns-antique-moss-gray-pinstrp\/#breadcrumb","itemListElement":[{"@type":"ListItem","position":1,"name":"\u0413\u043b\u0430\u0432\u043d\u0430\u044f \u0441\u0442\u0440\u0430\u043d\u0438\u0446\u0430","item":"https:\/\/xstyle.md\/"},{"@type":"ListItem","position":2,"name":"\u041c\u0430\u0433\u0430\u0437\u0438\u043d","item":"https:\/\/xstyle.md\/shop\/"},{"@type":"ListItem","position":3,"name":"\u041a\u0443\u0440\u0442\u043a\u0430 Hannah Vertical Mns antique moss\/gray pinstrp"}]},{"@type":"WebSite","@id":"https:\/\/xstyle.md\/#website","url":"https:\/\/xstyle.md\/","name":"Magazinul X-Style","description":"Echipamente pentru turism \u0219i sporturi extreme \u00een Moldova. Pre\u021buri, fotografii, caracteristici \u00een Moldova.","publisher":{"@id":"https:\/\/xstyle.md\/#organization"},"alternateName":"X-Style","potentialAction":[{"@type":"SearchAction","target":{"@type":"EntryPoint","urlTemplate":"https:\/\/xstyle.md\/?s={search_term_string}"},"query-input":{"@type":"PropertyValueSpecification","valueRequired":true,"valueName":"search_term_string"}}],"inLanguage":"ro-RO"},{"@type":"Organization","@id":"https:\/\/xstyle.md\/#organization","name":"Magazinul X-Style","alternateName":"x-style","url":"https:\/\/xstyle.md\/","logo":{"@type":"ImageObject","inLanguage":"ro-RO","@id":"https:\/\/xstyle.md\/#\/schema\/logo\/image\/","url":"https:\/\/xstyle.md\/wp-content\/uploads\/2020\/06\/logoicon.svg","contentUrl":"https:\/\/xstyle.md\/wp-content\/uploads\/2020\/06\/logoicon.svg","caption":"\u041c\u0430\u0433\u0430\u0437\u0438\u043d Xstyle"},"image":{"@id":"https:\/\/xstyle.md\/#\/schema\/logo\/image\/"},"sameAs":["https:\/\/www.facebook.com\/xstylemd","https:\/\/www.instagram.com\/xstyle_md\/","https:\/\/t.me\/xstyle_outdoor"],"hasMerchantReturnPolicy":{"@type":"MerchantReturnPolicy","merchantReturnLink":"https:\/\/xstyle.md\/ro\/conditions\/"}}]},"product_price_amount":"4590.00","product_price_currency":"MDL","og_availability":"instock","product_availability":"instock","product_retailer_item_id":"8591203590549","product_condition":"new"},"post_mailing_queue_ids":[],"_links":{"self":[{"href":"https:\/\/xstyle.md\/ro\/wp-json\/wp\/v2\/product\/89927","targetHints":{"allow":["GET"]}}],"collection":[{"href":"https:\/\/xstyle.md\/ro\/wp-json\/wp\/v2\/product"}],"about":[{"href":"https:\/\/xstyle.md\/ro\/wp-json\/wp\/v2\/types\/product"}],"replies":[{"embeddable":true,"href":"https:\/\/xstyle.md\/ro\/wp-json\/wp\/v2\/comments?post=89927"}],"wp:featuredmedia":[{"embeddable":true,"href":"https:\/\/xstyle.md\/ro\/wp-json\/wp\/v2\/media\/90892"}],"wp:attachment":[{"href":"https:\/\/xstyle.md\/ro\/wp-json\/wp\/v2\/media?parent=89927"}],"wp:term":[{"taxonomy":"product_brand","embeddable":true,"href":"https:\/\/xstyle.md\/ro\/wp-json\/wp\/v2\/product_brand?post=89927"},{"taxonomy":"product_cat","embeddable":true,"href":"https:\/\/xstyle.md\/ro\/wp-json\/wp\/v2\/product_cat?post=89927"},{"taxonomy":"product_tag","embeddable":true,"href":"https:\/\/xstyle.md\/ro\/wp-json\/wp\/v2\/product_tag?post=89927"}],"curies":[{"name":"wp","href":"https:\/\/api.w.org\/{rel}","templated":true}]}}