{"id":89925,"date":"2024-11-25T11:58:05","date_gmt":"2024-11-25T08:58:05","guid":{"rendered":"https:\/\/xstyle.md\/?post_type=product&#038;p=89925"},"modified":"2026-03-19T17:29:47","modified_gmt":"2026-03-19T14:29:47","slug":"kurtka-hannah-mascon-mns-ii-dark-olive-anthracite","status":"publish","type":"product","link":"https:\/\/xstyle.md\/ro\/produs\/kurtka-hannah-mascon-mns-ii-dark-olive-anthracite\/","title":{"rendered":"Geac\u0103 de schi Hannah Mascon II Mns dark olive\/anthracite"},"content":{"rendered":"<p><\/p>\n<p><strong>Hannah Mascon II<\/strong> &#8212; este o geac\u0103 de schi pentru b\u0103rba\u021bi, cu o croial\u0103 confortabil\u0103, echipat\u0103 cu membrana impermeabil\u0103 \u0219i respirabil\u0103 Resstex 10.000. Izola\u021bia termic\u0103 de \u00eenalt\u0103 calitate din fibre tubulare Duratherm Classic men\u021bine c\u0103ldura, \u00een timp ce tratamentul DWR protejeaz\u0103 suprafa\u021ba gecii \u00eempotriva umidit\u0103\u021bii. Gluga fix\u0103 \u0219i marginea inferioar\u0103 a gecii sunt reglabile cu ajutorul \u0219nururilor elastice.<\/p>\n<p>M\u00e2neciile sunt prev\u0103zute cu band\u0103 elastic\u0103 \u0219i man\u0219ete interioare care previn pierderea c\u0103ldurii. Geaca are dou\u0103 buzunare cu fermoar \u0219i un buzunar interior. Este o alegere excelent\u0103 at\u00e2t pentru purtarea zilnic\u0103, c\u00e2t \u0219i pentru schi, \u00een cazul \u00een care nu ave\u021bi nevoie de o fust\u0103 anti-z\u0103pad\u0103.<\/p>\n<h3>Caracteristici<\/h3>\n<ul>\n<li>Glug\u0103 fix\u0103 cu sistem de reglare<\/li>\n<li>Fermoare din plastic<\/li>\n<li>Buzunare principale cu fermoar<\/li>\n<li>Buzunar pe m\u00e2nec\u0103 pentru skipass<\/li>\n<li>Man\u0219ete elastice la m\u00e2neci<\/li>\n<li>Margine inferioar\u0103 reglabil\u0103<\/li>\n<li>Buzunar interior cu fermoar<\/li>\n<li>Cus\u0103turi decorative<\/li>\n<\/ul>\n<h3>Specifica\u021bii<\/h3>\n<ul>\n<li>Material: 100% poliester<\/li>\n<li>Izola\u021bie termic\u0103: Duratherm Classic<\/li>\n<li>Membran\u0103: Resstex 10 000<\/li>\n<li>Impermeabilitate: 10 000 mm<\/li>\n<li>Respirabilitate: 10 000 g\/m\u00b2\/24h<\/li>\n<li>Model: Masculin<\/li>\n<\/ul>\n<h3>Tehnologie<\/h3>\n<p><strong>Resstex 10 000<\/strong> &#8212;\u00a0membran\u0103 poliuretanic\u0103 microporoas\u0103 cu un raport bine echilibrat de impermeabilitate \u0219i respirabilitate. Produsele cu aceast\u0103 membran\u0103 protejeaz\u0103 \u00eempotriva ploii sau a lapovi\u021bei, men\u021bin\u00e2nd \u00een acela\u0219i timp respirabilitatea apreciat\u0103 \u00een multe activit\u0103\u021bi \u00een aer liber.<\/p>\n<p><strong>Duratherm Classic<\/strong>\u00a0&#8212; este un izolant termic din poliester de \u00eenalt\u0103 calitate. Garanteaz\u0103 func\u021bionalitate optim\u0103 \u0219i confort termic suficient chiar \u0219i \u00een condi\u021bii umede. Excelent pentru sport \u0219i \u00eembr\u0103c\u0103minte urban\u0103.<\/p>\n<p><strong>DWR (Durable Water Repellent)<\/strong> &#8212; este o impregnare de material hidrofug de suprafa\u021b\u0103 care \u00eembun\u0103t\u0103\u021be\u0219te propriet\u0103\u021bile func\u021bionale ale \u00eembr\u0103c\u0103mintei.<br \/>\nImpregnarea \u00ee\u0219i p\u0103streaz\u0103 propriet\u0103\u021bile p\u00e2n\u0103 la 10 cicluri de sp\u0103lare \u0219i, \u00een acela\u0219i timp, poate fi re\u00eennoit\u0103 cu u\u0219urin\u021b\u0103 cu ajutorul unor produse pe baz\u0103 de spray disponibile \u00een mod obi\u0219nuit (de exemplu, Toko Textile Proof). Impregnarea DWR C6 este mai prietenoas\u0103 cu mediul.<br \/>\n<\/p>\n<h3>Marca<\/h3>\n<p>Hannah \u2013 este un brand interna\u021bional, specializat \u00een produc\u021bia de articole pentru turism \u0219i \u00eembr\u0103c\u0103minte sportiv\u0103 pentru orice sezon. Brandul Hannah a fost fondat \u00een Republica Ceh\u0103 \u00een 1991. Compania a ob\u021binut succese bune pe pia\u021ba intern\u0103, datorit\u0103 calit\u0103\u021bii ridicate \u0219i politicii de pre\u021buri accesibile pentru fiecare produs.<br \/>\nLa \u00eenceput, compania fabrica produse conform standardelor interna\u021bionale, deoarece au \u00een\u021beles pe deplin importan\u021ba unei reputa\u021bii excelente. \u00cen acest sens, s-a alocat mult timp selec\u021biei materialelor de \u00eenalt\u0103 calitate, care sunt rezistente la uzur\u0103 \u0219i rezistente la ap\u0103. Ast\u0103zi, brandul nu st\u0103 pe loc, catalogul lor este \u00een permanen\u021b\u0103 actualizat \u0219i extins, iar produsele pot fi g\u0103site \u00een toat\u0103 lumea.<\/p>","protected":false},"excerpt":{"rendered":"<p>\u0411\u0440\u0435\u043d\u0434 Hannah \u2013 \u044d\u0442\u043e \u043c\u0435\u0436\u0434\u0443\u043d\u0430\u0440\u043e\u0434\u043d\u044b\u0439 \u0431\u0440\u0435\u043d\u0434, \u0441\u043f\u0435\u0446\u0438\u0430\u043b\u0438\u0437\u0438\u0440\u0443\u044e\u0449\u0438\u0439\u0441\u044f \u043d\u0430 \u043f\u0440\u043e\u0438\u0437\u0432\u043e\u0434\u0441\u0442\u0432\u0435 \u0442\u0443\u0440\u0438\u0441\u0442\u0438\u0447\u0435\u0441\u043a\u0438\u0445 \u0442\u043e\u0432\u0430\u0440\u043e\u0432 \u0438 \u0441\u043f\u043e\u0440\u0442\u0438\u0432\u043d\u043e\u0439 \u043e\u0434\u0435\u0436\u0434\u044b \u043d\u0430 \u043b\u044e\u0431\u043e\u0439 \u0441\u0435\u0437\u043e\u043d. \u0411\u0440\u0435\u043d\u0434 Hannah \u0431\u044b\u043b \u043e\u0441\u043d\u043e\u0432\u0430\u043d \u0432 \u0427\u0435\u0445\u0438\u0438 \u0432 1991. \u041a\u043e\u043c\u043f\u0430\u043d\u0438\u044f \u0434\u043e\u0431\u0438\u043b\u0430\u0441\u044c \u0445\u043e\u0440\u043e\u0448\u0438\u0445 \u0443\u0441\u043f\u0435\u0445\u043e\u0432 \u043d\u0430 \u043e\u0442\u0435\u0447\u0435\u0441\u0442\u0432\u0435\u043d\u043d\u043e\u043c \u0440\u044b\u043d\u043a\u0435, \u0431\u043b\u0430\u0433\u043e\u0434\u0430\u0440\u044f \u0432\u044b\u0441\u043e\u043a\u043e\u043c\u0443 \u043a\u0430\u0447\u0435\u0441\u0442\u0432\u0443 \u0438 \u0434\u043e\u0441\u0442\u0443\u043f\u043d\u043e\u0439 \u0446\u0435\u043d\u043e\u0432\u043e\u0439 \u043f\u043e\u043b\u0438\u0442\u0438\u043a\u0435 \u0434\u043b\u044f \u043a\u0430\u0436\u0434\u043e\u0433\u043e \u0438\u0437\u0434\u0435\u043b\u0438\u044f. \u0412 \u0441\u0430\u043c\u043e\u043c \u043d\u0430\u0447\u0430\u043b\u0435, \u043a\u043e\u043c\u043f\u0430\u043d\u0438\u044f \u043d\u0430\u0447\u0430\u043b\u0430 \u0432\u044b\u043f\u0443\u0441\u043a\u0430\u0442\u044c \u043f\u0440\u043e\u0434\u0443\u043a\u0446\u0438\u044e \u0432 \u0441\u043e\u043e\u0442\u0432\u0435\u0442\u0441\u0442\u0432\u0438\u0438 \u0441 \u043c\u0435\u0436\u0434\u0443\u043d\u0430\u0440\u043e\u0434\u043d\u044b\u043c\u0438 \u0441\u0442\u0430\u043d\u0434\u0430\u0440\u0442\u0430\u043c\u0438, \u0442\u0430\u043a [&hellip;]<\/p>\n","protected":false},"featured_media":90858,"comment_status":"open","ping_status":"closed","template":"","meta":{"_acf_changed":false,"inline_featured_image":false},"product_brand":[1271],"product_cat":[450],"product_tag":[],"class_list":{"0":"post-89925","1":"product","2":"type-product","3":"status-publish","4":"has-post-thumbnail","6":"product_brand-hannah","7":"product_cat-jachete-de-schi-barbati","9":"first","10":"instock","11":"shipping-taxable","12":"purchasable","13":"product-type-simple"},"acf":[],"yoast_head":"<!-- This site is optimized with the Yoast SEO plugin v27.2 - https:\/\/yoast.com\/product\/yoast-seo-wordpress\/ -->\n<title>\u041a\u0443\u0440\u0442\u043a\u0430 Hannah Mascon II Mns dark olive\/anthracite - \u041c\u0430\u0433\u0430\u0437\u0438\u043d Xstyle<\/title>\n<meta name=\"robots\" content=\"index, follow, max-snippet:-1, max-image-preview:large, max-video-preview:-1\" \/>\n<link rel=\"canonical\" href=\"https:\/\/xstyle.md\/ro\/produs\/kurtka-hannah-mascon-mns-ii-dark-olive-anthracite\/\" \/>\n<meta property=\"og:locale\" content=\"ro_RO\" \/>\n<meta property=\"og:type\" content=\"article\" \/>\n<meta property=\"og:title\" content=\"\u041a\u0443\u0440\u0442\u043a\u0430 Hannah Mascon II Mns dark olive\/anthracite - \u041c\u0430\u0433\u0430\u0437\u0438\u043d Xstyle\" \/>\n<meta property=\"og:description\" content=\"\u0411\u0440\u0435\u043d\u0434 Hannah \u2013 \u044d\u0442\u043e \u043c\u0435\u0436\u0434\u0443\u043d\u0430\u0440\u043e\u0434\u043d\u044b\u0439 \u0431\u0440\u0435\u043d\u0434, \u0441\u043f\u0435\u0446\u0438\u0430\u043b\u0438\u0437\u0438\u0440\u0443\u044e\u0449\u0438\u0439\u0441\u044f \u043d\u0430 \u043f\u0440\u043e\u0438\u0437\u0432\u043e\u0434\u0441\u0442\u0432\u0435 \u0442\u0443\u0440\u0438\u0441\u0442\u0438\u0447\u0435\u0441\u043a\u0438\u0445 \u0442\u043e\u0432\u0430\u0440\u043e\u0432 \u0438 \u0441\u043f\u043e\u0440\u0442\u0438\u0432\u043d\u043e\u0439 \u043e\u0434\u0435\u0436\u0434\u044b \u043d\u0430 \u043b\u044e\u0431\u043e\u0439 \u0441\u0435\u0437\u043e\u043d. \u0411\u0440\u0435\u043d\u0434 Hannah \u0431\u044b\u043b \u043e\u0441\u043d\u043e\u0432\u0430\u043d \u0432 \u0427\u0435\u0445\u0438\u0438 \u0432 1991. \u041a\u043e\u043c\u043f\u0430\u043d\u0438\u044f \u0434\u043e\u0431\u0438\u043b\u0430\u0441\u044c \u0445\u043e\u0440\u043e\u0448\u0438\u0445 \u0443\u0441\u043f\u0435\u0445\u043e\u0432 \u043d\u0430 \u043e\u0442\u0435\u0447\u0435\u0441\u0442\u0432\u0435\u043d\u043d\u043e\u043c \u0440\u044b\u043d\u043a\u0435, \u0431\u043b\u0430\u0433\u043e\u0434\u0430\u0440\u044f \u0432\u044b\u0441\u043e\u043a\u043e\u043c\u0443 \u043a\u0430\u0447\u0435\u0441\u0442\u0432\u0443 \u0438 \u0434\u043e\u0441\u0442\u0443\u043f\u043d\u043e\u0439 \u0446\u0435\u043d\u043e\u0432\u043e\u0439 \u043f\u043e\u043b\u0438\u0442\u0438\u043a\u0435 \u0434\u043b\u044f \u043a\u0430\u0436\u0434\u043e\u0433\u043e \u0438\u0437\u0434\u0435\u043b\u0438\u044f. \u0412 \u0441\u0430\u043c\u043e\u043c \u043d\u0430\u0447\u0430\u043b\u0435, \u043a\u043e\u043c\u043f\u0430\u043d\u0438\u044f \u043d\u0430\u0447\u0430\u043b\u0430 \u0432\u044b\u043f\u0443\u0441\u043a\u0430\u0442\u044c \u043f\u0440\u043e\u0434\u0443\u043a\u0446\u0438\u044e \u0432 \u0441\u043e\u043e\u0442\u0432\u0435\u0442\u0441\u0442\u0432\u0438\u0438 \u0441 \u043c\u0435\u0436\u0434\u0443\u043d\u0430\u0440\u043e\u0434\u043d\u044b\u043c\u0438 \u0441\u0442\u0430\u043d\u0434\u0430\u0440\u0442\u0430\u043c\u0438, \u0442\u0430\u043a [&hellip;]\" \/>\n<meta property=\"og:url\" content=\"https:\/\/xstyle.md\/ro\/produs\/kurtka-hannah-mascon-mns-ii-dark-olive-anthracite\/\" \/>\n<meta property=\"og:site_name\" content=\"\u041c\u0430\u0433\u0430\u0437\u0438\u043d Xstyle\" \/>\n<meta property=\"article:publisher\" content=\"https:\/\/www.facebook.com\/xstylemd\" \/>\n<meta property=\"article:modified_time\" content=\"2026-03-19T14:29:47+00:00\" \/>\n<meta property=\"og:image\" content=\"https:\/\/xstyle.md\/wp-content\/uploads\/2024\/11\/hannah-mascon-mns-ii-dark-olive-anthracite.webp\" \/>\n\t<meta property=\"og:image:width\" content=\"1379\" \/>\n\t<meta property=\"og:image:height\" content=\"1454\" \/>\n\t<meta property=\"og:image:type\" content=\"image\/webp\" \/>\n<meta name=\"twitter:card\" content=\"summary_large_image\" \/>\n<meta name=\"twitter:label1\" content=\"Pre\u021b\" \/>\n\t<meta name=\"twitter:data1\" content=\"2.850&nbsp;MDL\" \/>\n\t<meta name=\"twitter:label2\" content=\"Disponibilitate\" \/>\n\t<meta name=\"twitter:data2\" content=\"\u00cen stoc\" \/>\n<script type=\"application\/ld+json\" class=\"yoast-schema-graph\">{\"@context\":\"https:\/\/schema.org\",\"@graph\":[{\"@type\":\"WebPage\",\"@id\":\"https:\/\/xstyle.md\/product\/kurtka-hannah-mascon-mns-ii-dark-olive-anthracite\/\",\"url\":\"https:\/\/xstyle.md\/product\/kurtka-hannah-mascon-mns-ii-dark-olive-anthracite\/\",\"name\":\"\u041a\u0443\u0440\u0442\u043a\u0430 Hannah Mascon II Mns dark olive\/anthracite - \u041c\u0430\u0433\u0430\u0437\u0438\u043d Xstyle\",\"isPartOf\":{\"@id\":\"https:\/\/xstyle.md\/#website\"},\"primaryImageOfPage\":{\"@id\":\"https:\/\/xstyle.md\/product\/kurtka-hannah-mascon-mns-ii-dark-olive-anthracite\/#primaryimage\"},\"image\":{\"@id\":\"https:\/\/xstyle.md\/product\/kurtka-hannah-mascon-mns-ii-dark-olive-anthracite\/#primaryimage\"},\"thumbnailUrl\":\"https:\/\/xstyle.md\/wp-content\/uploads\/2024\/11\/hannah-mascon-mns-ii-dark-olive-anthracite.webp\",\"datePublished\":\"2024-11-25T08:58:05+00:00\",\"dateModified\":\"2026-03-19T14:29:47+00:00\",\"breadcrumb\":{\"@id\":\"https:\/\/xstyle.md\/product\/kurtka-hannah-mascon-mns-ii-dark-olive-anthracite\/#breadcrumb\"},\"inLanguage\":\"ro-RO\",\"potentialAction\":[{\"@type\":\"ReadAction\",\"target\":[\"https:\/\/xstyle.md\/product\/kurtka-hannah-mascon-mns-ii-dark-olive-anthracite\/\"]}]},{\"@type\":\"ImageObject\",\"inLanguage\":\"ro-RO\",\"@id\":\"https:\/\/xstyle.md\/product\/kurtka-hannah-mascon-mns-ii-dark-olive-anthracite\/#primaryimage\",\"url\":\"https:\/\/xstyle.md\/wp-content\/uploads\/2024\/11\/hannah-mascon-mns-ii-dark-olive-anthracite.webp\",\"contentUrl\":\"https:\/\/xstyle.md\/wp-content\/uploads\/2024\/11\/hannah-mascon-mns-ii-dark-olive-anthracite.webp\",\"width\":1379,\"height\":1454,\"caption\":\"\u0422\u0443\u0440\u0438\u0441\u0442\u0438\u0447\u0435\u0441\u043a\u0430\u044f \u043a\u0443\u0440\u0442\u043a\u0430 Hannah Mascon II Mns \u0434\u043b\u044f \u0430\u043a\u0442\u0438\u0432\u043d\u043e\u0433\u043e \u043e\u0442\u0434\u044b\u0445\u0430, \u043f\u043e\u0445\u043e\u0434\u043e\u0432 \u0438 \u043f\u0443\u0442\u0435\u0448\u0435\u0441\u0442\u0432\u0438\u0439, \u043e\u0434\u0435\u0436\u0434\u0430 \u0438 \u043e\u0431\u0443\u0432\u044c \u0434\u043b\u044f \u0430\u043b\u044c\u043f\u0438\u043d\u0438\u0437\u043c\u0430 \u0438 \u0441\u043a\u0430\u043b\u043e\u043b\u0430\u0437\u0430\u043d\u0438\u044f \u0432 \u0438\u043d\u0442\u0435\u0440\u043d\u0435\u0442-\u043c\u0430\u0433\u0430\u0437\u0438\u043d\u0435\"},{\"@type\":\"BreadcrumbList\",\"@id\":\"https:\/\/xstyle.md\/product\/kurtka-hannah-mascon-mns-ii-dark-olive-anthracite\/#breadcrumb\",\"itemListElement\":[{\"@type\":\"ListItem\",\"position\":1,\"name\":\"\u0413\u043b\u0430\u0432\u043d\u0430\u044f \u0441\u0442\u0440\u0430\u043d\u0438\u0446\u0430\",\"item\":\"https:\/\/xstyle.md\/\"},{\"@type\":\"ListItem\",\"position\":2,\"name\":\"\u041c\u0430\u0433\u0430\u0437\u0438\u043d\",\"item\":\"https:\/\/xstyle.md\/shop\/\"},{\"@type\":\"ListItem\",\"position\":3,\"name\":\"\u041a\u0443\u0440\u0442\u043a\u0430 Hannah Mascon II Mns dark olive\/anthracite\"}]},{\"@type\":\"WebSite\",\"@id\":\"https:\/\/xstyle.md\/#website\",\"url\":\"https:\/\/xstyle.md\/\",\"name\":\"\u041c\u0430\u0433\u0430\u0437\u0438\u043d Xstyle\",\"description\":\"C\u043d\u0430\u0440\u044f\u0436\u0435\u043d\u0438\u0435 \u0434\u043b\u044f \u0442\u0443\u0440\u0438\u0437\u043c\u0430 \u0438 \u044d\u043a\u0441\u0442\u0440\u0435\u043c\u0430\u043b\u044c\u043d\u044b\u0445 \u0432\u0438\u0434\u043e\u0432 \u0441\u043f\u043e\u0440\u0442\u0430 \u0432 \u041c\u043e\u043b\u0434\u043e\u0432\u0435.. \u0426\u0435\u043d\u044b, \u0444\u043e\u0442\u043e, \u0445\u0430\u0440\u0430\u043a\u0442\u0435\u0440\u0438\u0441\u0442\u0438\u043a\u0438 \u0432 \u041c\u043e\u043b\u0434\u043e\u0432\u0435.\",\"publisher\":{\"@id\":\"https:\/\/xstyle.md\/#organization\"},\"alternateName\":\"X-Style\",\"potentialAction\":[{\"@type\":\"SearchAction\",\"target\":{\"@type\":\"EntryPoint\",\"urlTemplate\":\"https:\/\/xstyle.md\/?s={search_term_string}\"},\"query-input\":{\"@type\":\"PropertyValueSpecification\",\"valueRequired\":true,\"valueName\":\"search_term_string\"}}],\"inLanguage\":\"ro-RO\"},{\"@type\":\"Organization\",\"@id\":\"https:\/\/xstyle.md\/#organization\",\"name\":\"\u041c\u0430\u0433\u0430\u0437\u0438\u043d Xstyle\",\"alternateName\":\"x-style\",\"url\":\"https:\/\/xstyle.md\/\",\"logo\":{\"@type\":\"ImageObject\",\"inLanguage\":\"ro-RO\",\"@id\":\"https:\/\/xstyle.md\/#\/schema\/logo\/image\/\",\"url\":\"https:\/\/xstyle.md\/wp-content\/uploads\/2020\/06\/logoicon.svg\",\"contentUrl\":\"https:\/\/xstyle.md\/wp-content\/uploads\/2020\/06\/logoicon.svg\",\"caption\":\"\u041c\u0430\u0433\u0430\u0437\u0438\u043d Xstyle\"},\"image\":{\"@id\":\"https:\/\/xstyle.md\/#\/schema\/logo\/image\/\"},\"sameAs\":[\"https:\/\/www.facebook.com\/xstylemd\",\"https:\/\/www.instagram.com\/xstyle_md\/\",\"https:\/\/t.me\/xstyle_outdoor\"],\"hasMerchantReturnPolicy\":{\"@type\":\"MerchantReturnPolicy\",\"merchantReturnLink\":\"https:\/\/xstyle.md\/ro\/conditions\/\"}}]}<\/script>\n<meta property=\"product:price:amount\" content=\"2850.00\" \/>\n<meta property=\"product:price:currency\" content=\"MDL\" \/>\n<meta property=\"og:availability\" content=\"instock\" \/>\n<meta property=\"product:availability\" content=\"instock\" \/>\n<meta property=\"product:retailer_item_id\" content=\"8591203581981\" \/>\n<meta property=\"product:condition\" content=\"new\" \/>\n<!-- \/ Yoast SEO plugin. -->","yoast_head_json":{"title":"\u041a\u0443\u0440\u0442\u043a\u0430 Hannah Mascon II Mns dark olive\/anthracite - \u041c\u0430\u0433\u0430\u0437\u0438\u043d Xstyle","robots":{"index":"index","follow":"follow","max-snippet":"max-snippet:-1","max-image-preview":"max-image-preview:large","max-video-preview":"max-video-preview:-1"},"canonical":"https:\/\/xstyle.md\/ro\/produs\/kurtka-hannah-mascon-mns-ii-dark-olive-anthracite\/","og_locale":"ro_RO","og_type":"article","og_title":"\u041a\u0443\u0440\u0442\u043a\u0430 Hannah Mascon II Mns dark olive\/anthracite - \u041c\u0430\u0433\u0430\u0437\u0438\u043d Xstyle","og_description":"\u0411\u0440\u0435\u043d\u0434 Hannah \u2013 \u044d\u0442\u043e \u043c\u0435\u0436\u0434\u0443\u043d\u0430\u0440\u043e\u0434\u043d\u044b\u0439 \u0431\u0440\u0435\u043d\u0434, \u0441\u043f\u0435\u0446\u0438\u0430\u043b\u0438\u0437\u0438\u0440\u0443\u044e\u0449\u0438\u0439\u0441\u044f \u043d\u0430 \u043f\u0440\u043e\u0438\u0437\u0432\u043e\u0434\u0441\u0442\u0432\u0435 \u0442\u0443\u0440\u0438\u0441\u0442\u0438\u0447\u0435\u0441\u043a\u0438\u0445 \u0442\u043e\u0432\u0430\u0440\u043e\u0432 \u0438 \u0441\u043f\u043e\u0440\u0442\u0438\u0432\u043d\u043e\u0439 \u043e\u0434\u0435\u0436\u0434\u044b \u043d\u0430 \u043b\u044e\u0431\u043e\u0439 \u0441\u0435\u0437\u043e\u043d. \u0411\u0440\u0435\u043d\u0434 Hannah \u0431\u044b\u043b \u043e\u0441\u043d\u043e\u0432\u0430\u043d \u0432 \u0427\u0435\u0445\u0438\u0438 \u0432 1991. \u041a\u043e\u043c\u043f\u0430\u043d\u0438\u044f \u0434\u043e\u0431\u0438\u043b\u0430\u0441\u044c \u0445\u043e\u0440\u043e\u0448\u0438\u0445 \u0443\u0441\u043f\u0435\u0445\u043e\u0432 \u043d\u0430 \u043e\u0442\u0435\u0447\u0435\u0441\u0442\u0432\u0435\u043d\u043d\u043e\u043c \u0440\u044b\u043d\u043a\u0435, \u0431\u043b\u0430\u0433\u043e\u0434\u0430\u0440\u044f \u0432\u044b\u0441\u043e\u043a\u043e\u043c\u0443 \u043a\u0430\u0447\u0435\u0441\u0442\u0432\u0443 \u0438 \u0434\u043e\u0441\u0442\u0443\u043f\u043d\u043e\u0439 \u0446\u0435\u043d\u043e\u0432\u043e\u0439 \u043f\u043e\u043b\u0438\u0442\u0438\u043a\u0435 \u0434\u043b\u044f \u043a\u0430\u0436\u0434\u043e\u0433\u043e \u0438\u0437\u0434\u0435\u043b\u0438\u044f. \u0412 \u0441\u0430\u043c\u043e\u043c \u043d\u0430\u0447\u0430\u043b\u0435, \u043a\u043e\u043c\u043f\u0430\u043d\u0438\u044f \u043d\u0430\u0447\u0430\u043b\u0430 \u0432\u044b\u043f\u0443\u0441\u043a\u0430\u0442\u044c \u043f\u0440\u043e\u0434\u0443\u043a\u0446\u0438\u044e \u0432 \u0441\u043e\u043e\u0442\u0432\u0435\u0442\u0441\u0442\u0432\u0438\u0438 \u0441 \u043c\u0435\u0436\u0434\u0443\u043d\u0430\u0440\u043e\u0434\u043d\u044b\u043c\u0438 \u0441\u0442\u0430\u043d\u0434\u0430\u0440\u0442\u0430\u043c\u0438, \u0442\u0430\u043a [&hellip;]","og_url":"https:\/\/xstyle.md\/ro\/produs\/kurtka-hannah-mascon-mns-ii-dark-olive-anthracite\/","og_site_name":"\u041c\u0430\u0433\u0430\u0437\u0438\u043d Xstyle","article_publisher":"https:\/\/www.facebook.com\/xstylemd","article_modified_time":"2026-03-19T14:29:47+00:00","og_image":[{"width":1379,"height":1454,"url":"https:\/\/xstyle.md\/wp-content\/uploads\/2024\/11\/hannah-mascon-mns-ii-dark-olive-anthracite.webp","type":"image\/webp"}],"twitter_card":"summary_large_image","twitter_misc":{"Pre\u021b":"2.850&nbsp;MDL","Disponibilitate":"\u00cen stoc"},"schema":{"@context":"https:\/\/schema.org","@graph":[{"@type":"WebPage","@id":"https:\/\/xstyle.md\/product\/kurtka-hannah-mascon-mns-ii-dark-olive-anthracite\/","url":"https:\/\/xstyle.md\/product\/kurtka-hannah-mascon-mns-ii-dark-olive-anthracite\/","name":"\u041a\u0443\u0440\u0442\u043a\u0430 Hannah Mascon II Mns dark olive\/anthracite - \u041c\u0430\u0433\u0430\u0437\u0438\u043d Xstyle","isPartOf":{"@id":"https:\/\/xstyle.md\/#website"},"primaryImageOfPage":{"@id":"https:\/\/xstyle.md\/product\/kurtka-hannah-mascon-mns-ii-dark-olive-anthracite\/#primaryimage"},"image":{"@id":"https:\/\/xstyle.md\/product\/kurtka-hannah-mascon-mns-ii-dark-olive-anthracite\/#primaryimage"},"thumbnailUrl":"https:\/\/xstyle.md\/wp-content\/uploads\/2024\/11\/hannah-mascon-mns-ii-dark-olive-anthracite.webp","datePublished":"2024-11-25T08:58:05+00:00","dateModified":"2026-03-19T14:29:47+00:00","breadcrumb":{"@id":"https:\/\/xstyle.md\/product\/kurtka-hannah-mascon-mns-ii-dark-olive-anthracite\/#breadcrumb"},"inLanguage":"ro-RO","potentialAction":[{"@type":"ReadAction","target":["https:\/\/xstyle.md\/product\/kurtka-hannah-mascon-mns-ii-dark-olive-anthracite\/"]}]},{"@type":"ImageObject","inLanguage":"ro-RO","@id":"https:\/\/xstyle.md\/product\/kurtka-hannah-mascon-mns-ii-dark-olive-anthracite\/#primaryimage","url":"https:\/\/xstyle.md\/wp-content\/uploads\/2024\/11\/hannah-mascon-mns-ii-dark-olive-anthracite.webp","contentUrl":"https:\/\/xstyle.md\/wp-content\/uploads\/2024\/11\/hannah-mascon-mns-ii-dark-olive-anthracite.webp","width":1379,"height":1454,"caption":"\u0422\u0443\u0440\u0438\u0441\u0442\u0438\u0447\u0435\u0441\u043a\u0430\u044f \u043a\u0443\u0440\u0442\u043a\u0430 Hannah Mascon II Mns \u0434\u043b\u044f \u0430\u043a\u0442\u0438\u0432\u043d\u043e\u0433\u043e \u043e\u0442\u0434\u044b\u0445\u0430, \u043f\u043e\u0445\u043e\u0434\u043e\u0432 \u0438 \u043f\u0443\u0442\u0435\u0448\u0435\u0441\u0442\u0432\u0438\u0439, \u043e\u0434\u0435\u0436\u0434\u0430 \u0438 \u043e\u0431\u0443\u0432\u044c \u0434\u043b\u044f \u0430\u043b\u044c\u043f\u0438\u043d\u0438\u0437\u043c\u0430 \u0438 \u0441\u043a\u0430\u043b\u043e\u043b\u0430\u0437\u0430\u043d\u0438\u044f \u0432 \u0438\u043d\u0442\u0435\u0440\u043d\u0435\u0442-\u043c\u0430\u0433\u0430\u0437\u0438\u043d\u0435"},{"@type":"BreadcrumbList","@id":"https:\/\/xstyle.md\/product\/kurtka-hannah-mascon-mns-ii-dark-olive-anthracite\/#breadcrumb","itemListElement":[{"@type":"ListItem","position":1,"name":"\u0413\u043b\u0430\u0432\u043d\u0430\u044f \u0441\u0442\u0440\u0430\u043d\u0438\u0446\u0430","item":"https:\/\/xstyle.md\/"},{"@type":"ListItem","position":2,"name":"\u041c\u0430\u0433\u0430\u0437\u0438\u043d","item":"https:\/\/xstyle.md\/shop\/"},{"@type":"ListItem","position":3,"name":"\u041a\u0443\u0440\u0442\u043a\u0430 Hannah Mascon II Mns dark olive\/anthracite"}]},{"@type":"WebSite","@id":"https:\/\/xstyle.md\/#website","url":"https:\/\/xstyle.md\/","name":"Magazinul X-Style","description":"Echipamente pentru turism \u0219i sporturi extreme \u00een Moldova. Pre\u021buri, fotografii, caracteristici \u00een Moldova.","publisher":{"@id":"https:\/\/xstyle.md\/#organization"},"alternateName":"X-Style","potentialAction":[{"@type":"SearchAction","target":{"@type":"EntryPoint","urlTemplate":"https:\/\/xstyle.md\/?s={search_term_string}"},"query-input":{"@type":"PropertyValueSpecification","valueRequired":true,"valueName":"search_term_string"}}],"inLanguage":"ro-RO"},{"@type":"Organization","@id":"https:\/\/xstyle.md\/#organization","name":"Magazinul X-Style","alternateName":"x-style","url":"https:\/\/xstyle.md\/","logo":{"@type":"ImageObject","inLanguage":"ro-RO","@id":"https:\/\/xstyle.md\/#\/schema\/logo\/image\/","url":"https:\/\/xstyle.md\/wp-content\/uploads\/2020\/06\/logoicon.svg","contentUrl":"https:\/\/xstyle.md\/wp-content\/uploads\/2020\/06\/logoicon.svg","caption":"\u041c\u0430\u0433\u0430\u0437\u0438\u043d Xstyle"},"image":{"@id":"https:\/\/xstyle.md\/#\/schema\/logo\/image\/"},"sameAs":["https:\/\/www.facebook.com\/xstylemd","https:\/\/www.instagram.com\/xstyle_md\/","https:\/\/t.me\/xstyle_outdoor"],"hasMerchantReturnPolicy":{"@type":"MerchantReturnPolicy","merchantReturnLink":"https:\/\/xstyle.md\/ro\/conditions\/"}}]},"product_price_amount":"2850.00","product_price_currency":"MDL","og_availability":"instock","product_availability":"instock","product_retailer_item_id":"8591203581981","product_condition":"new"},"post_mailing_queue_ids":[],"_links":{"self":[{"href":"https:\/\/xstyle.md\/ro\/wp-json\/wp\/v2\/product\/89925","targetHints":{"allow":["GET"]}}],"collection":[{"href":"https:\/\/xstyle.md\/ro\/wp-json\/wp\/v2\/product"}],"about":[{"href":"https:\/\/xstyle.md\/ro\/wp-json\/wp\/v2\/types\/product"}],"replies":[{"embeddable":true,"href":"https:\/\/xstyle.md\/ro\/wp-json\/wp\/v2\/comments?post=89925"}],"wp:featuredmedia":[{"embeddable":true,"href":"https:\/\/xstyle.md\/ro\/wp-json\/wp\/v2\/media\/90858"}],"wp:attachment":[{"href":"https:\/\/xstyle.md\/ro\/wp-json\/wp\/v2\/media?parent=89925"}],"wp:term":[{"taxonomy":"product_brand","embeddable":true,"href":"https:\/\/xstyle.md\/ro\/wp-json\/wp\/v2\/product_brand?post=89925"},{"taxonomy":"product_cat","embeddable":true,"href":"https:\/\/xstyle.md\/ro\/wp-json\/wp\/v2\/product_cat?post=89925"},{"taxonomy":"product_tag","embeddable":true,"href":"https:\/\/xstyle.md\/ro\/wp-json\/wp\/v2\/product_tag?post=89925"}],"curies":[{"name":"wp","href":"https:\/\/api.w.org\/{rel}","templated":true}]}}