{"id":89910,"date":"2024-11-25T11:58:00","date_gmt":"2024-11-25T08:58:00","guid":{"rendered":"https:\/\/xstyle.md\/?post_type=product&#038;p=89910"},"modified":"2025-03-19T00:21:33","modified_gmt":"2025-03-18T21:21:33","slug":"takticheskaya-ruchka-fenix-t6-pen-blue","status":"publish","type":"product","link":"https:\/\/xstyle.md\/ro\/produs\/takticheskaya-ruchka-fenix-t6-pen-blue\/","title":{"rendered":"Pix Fenix T6 Pen blue"},"content":{"rendered":"<p><strong>Fenix T6 Pen<\/strong> &#8212; \u0442\u0430\u043a\u0442\u0438\u0447\u0435\u0441\u043a\u0430\u044f \u0440\u0443\u0447\u043a\u0430 \u0441\u043f\u043e\u0441\u043e\u0431\u043d\u0430 \u043f\u043e\u0434\u0441\u0432\u0435\u0447\u0438\u0432\u0430\u0442\u044c, \u0440\u0430\u0437\u0431\u0438\u0432\u0430\u0442\u044c \u043e\u043a\u043d\u0430 \u0438 \u043f\u0438\u0441\u0430\u0442\u044c. \u041c\u0430\u043a\u0441\u0438\u043c\u0430\u043b\u044c\u043d\u0430\u044f \u044f\u0440\u043a\u043e\u0441\u0442\u044c \u043e\u0441\u0432\u0435\u0449\u0435\u043d\u0438\u044f \u0434\u043e\u0441\u0442\u0438\u0433\u0430\u0435\u0442 80 \u043b\u044e\u043c\u0435\u043d\u043e\u0432, \u0430 \u0434\u0430\u043b\u044c\u043d\u043e\u0431\u043e\u0439\u043d\u043e\u0441\u0442\u044c \u043b\u0443\u0447\u0430 \u2013 18 \u043c\u0435\u0442\u0440\u043e\u0432. \u0424\u043e\u043d\u0430\u0440\u044c \u043f\u043e\u0434\u0434\u0435\u0440\u0436\u0438\u0432\u0430\u0435\u0442 \u0437\u0430\u0440\u044f\u0434\u043a\u0443 Type-C.<\/p>\n<p>\u041a\u0435\u0440\u0430\u043c\u0438\u0447\u0435\u0441\u043a\u0438\u0439 \u0448\u0430\u0440\u0438\u043a \u0432\u043d\u0443\u0442\u0440\u0438 \u0440\u0443\u0447\u043a\u0438 \u043f\u043e\u043c\u043e\u0433\u0430\u0435\u0442 \u0440\u0430\u0437\u0431\u0438\u0442\u044c \u0441\u0442\u0435\u043a\u043b\u043e. \u0412\u043d\u0443\u0442\u0440\u0438 \u0442\u0430\u043a\u0436\u0435 \u0438\u043c\u0435\u0435\u0442\u0441\u044f \u0438\u043c\u043f\u043e\u0440\u0442\u043d\u044b\u0439 \u043a\u0430\u0440\u0442\u0440\u0438\u0434\u0436 Schmidt \u0434\u043b\u044f \u043f\u043b\u0430\u0432\u043d\u043e\u0433\u043e \u0438 \u043b\u0451\u0433\u043a\u043e\u0433\u043e \u043f\u0438\u0441\u044c\u043c\u0430. \u042d\u0442\u043e\u0442 \u043f\u0440\u043e\u0447\u043d\u044b\u0439 \u0438 \u0432\u044b\u0441\u043e\u043a\u043e\u043f\u0440\u043e\u0438\u0437\u0432\u043e\u0434\u0438\u0442\u0435\u043b\u044c\u043d\u044b\u0439 \u043f\u0440\u0438\u0431\u043e\u0440 \u0434\u043e\u0432\u043e\u043b\u044c\u043d\u043e \u043a\u0440\u0435\u043f\u043a\u0438\u0439, \u0447\u0442\u043e\u0431\u044b \u043f\u0440\u0435\u0434\u043e\u0441\u0442\u0430\u0432\u0438\u0442\u044c \u0432\u0430\u043c \u0442\u0430\u043a\u0442\u0438\u0447\u0435\u0441\u043a\u043e\u0435 \u043f\u0440\u0435\u0438\u043c\u0443\u0449\u0435\u0441\u0442\u0432\u043e.<\/p>\n<p>\u0414\u043b\u044f \u0440\u0430\u0431\u043e\u0442\u044b \u0444\u043e\u043d\u0430\u0440\u044f \u043f\u0440\u0438\u043c\u0435\u043d\u044f\u0435\u0442\u0441\u044f \u043a\u0430\u0447\u0435\u0441\u0442\u0432\u0435\u043d\u043d\u044b\u0439 \u0434\u0438\u043e\u0434 \u0441\u043e \u0441\u0440\u043e\u043a\u043e\u043c \u044d\u043a\u0441\u043f\u043b\u0443\u0430\u0442\u0430\u0446\u0438\u0438 50 \u0442\u044b\u0441\u044f\u0447 \u0447\u0430\u0441\u043e\u0432. \u041f\u0438\u0442\u0430\u0435\u0442\u0441\u044f \u043e\u0442 \u0432\u0441\u0442\u0440\u043e\u0435\u043d\u043d\u043e\u0433\u043e \u043b\u0438\u0442\u0438\u0439-\u043f\u043e\u043b\u0438\u043c\u0435\u0440\u043d\u043e\u0433\u043e \u0430\u043a\u043a\u0443\u043c\u0443\u043b\u044f\u0442\u043e\u0440\u0430 \u0451\u043c\u043a\u043e\u0441\u0442\u044c\u044e 100 \u043c\u0410\u0447.<\/p>\n<h3>Particularit\u0103\u021bi<\/h3>\n<ul>\n<li>\u0421\u044a\u0451\u043c\u043d\u044b\u0439 \u043c\u0435\u0442\u0430\u043b\u043b\u0438\u0447\u0435\u0441\u043a\u0438\u0439 \u0441\u0442\u0435\u0440\u0436\u0435\u043d\u044c<\/li>\n<li>\u0420\u0443\u0447\u043a\u0430 \u043e\u0441\u043d\u0430\u0449\u0435\u043d\u0430 \u043a\u0435\u0440\u0430\u043c\u0438\u0447\u0435\u0441\u043a\u0438\u043c \u0448\u0430\u0440\u0438\u043a\u043e\u043c \u0434\u043b\u044f \u0440\u0430\u0437\u0431\u0438\u0442\u0438\u044f \u0441\u0442\u0451\u043a\u043e\u043b<\/li>\n<li>\u041a\u043e\u0440\u043f\u0443\u0441 \u044d\u0444\u0444\u0435\u043a\u0442\u0438\u0432\u043d\u043e \u0437\u0430\u0449\u0438\u0449\u0451\u043d \u043e\u0442 \u043a\u043e\u0440\u0440\u043e\u0437\u0438\u0438<\/li>\n<li>\u0417\u0430\u0440\u044f\u0434\u043a\u0430 \u0447\u0435\u0440\u0435\u0437 USB Type-C<\/li>\n<li>\u0422\u0440\u0438 \u0440\u0435\u0436\u0438\u043c\u0430 \u0440\u0430\u0431\u043e\u0442\u044b<\/li>\n<li>\u0420\u0430\u0431\u043e\u0442\u0430 \u043e\u0442 \u0434\u0438\u043e\u0434\u0430 \u0441\u043e \u0441\u0440\u043e\u043a\u043e\u043c \u044d\u043a\u0441\u043f\u043b\u0443\u0430\u0442\u0430\u0446\u0438\u0438 50 \u0442\u044b\u0441\u044f\u0447 \u0447\u0430\u0441\u043e\u0432<\/li>\n<li>\u041f\u0438\u0442\u0430\u0435\u0442\u0441\u044f \u043e\u0442 \u0432\u043d\u0443\u0442\u0440\u0435\u043d\u043d\u0435\u0433\u043e \u043b\u0438\u0442\u0438\u0439-\u043f\u043e\u043b\u0438\u043c\u0435\u0440\u043d\u043e\u0433\u043e \u0430\u043a\u043a\u0443\u043c\u0443\u043b\u044f\u0442\u043e\u0440\u0430 \u0451\u043c\u043a\u043e\u0441\u0442\u044c\u044e 100 \u043c\u0410\u0447<\/li>\n<li>\u0418\u043d\u0434\u0438\u043a\u0430\u0446\u0438\u044f \u0443\u0440\u043e\u0432\u043d\u044f \u0437\u0430\u0440\u044f\u0434\u0430 \u0430\u043a\u043a\u0443\u043c\u0443\u043b\u044f\u0442\u043e\u0440\u0430<\/li>\n<li>\u0417\u0430\u0449\u0438\u0442\u0430 \u043e\u0442 \u043f\u0435\u0440\u0435\u0433\u0440\u0435\u0432\u0430 \u043a\u043e\u0440\u043f\u0443\u0441\u0430<\/li>\n<li>\u0423\u0434\u0430\u0440\u043e\u043f\u0440\u043e\u0447\u043d\u043e\u0441\u0442\u044c \u2013 1 \u043c\u0435\u0442\u0440<\/li>\n<\/ul>\n<h3>Caracteristici<\/h3>\n<ul>\n<li>\u0421\u0432\u0435\u0442\u043e\u0432\u043e\u0439 \u043f\u043e\u0442\u043e\u043a &#8212; 80 \u043b\u044e\u043c\u0435\u043d<\/li>\n<li>\u0414\u0430\u043b\u044c\u043d\u043e\u0441\u0442\u044c \u043b\u0443\u0447\u0430 &#8212; 18 \u043c<\/li>\n<li>\u0412\u043b\u0430\u0433\u043e\u0441\u0442\u043e\u0439\u043a\u043e\u0441\u0442\u044c &#8212; IP66<\/li>\n<li>\u0420\u0430\u0437\u043c\u0435\u0440\u044b &#8212; 140 \u0445 14 \u0445 14 \u043c\u043c<\/li>\n<li>\u0412\u0435\u0441 &#8212; 33 \u0433<\/li>\n<\/ul>\n<h3>Marca<\/h3>\n<p>Fenix - este unul dintre cei mai importan\u021bi produc\u0103tori mondiali de lanterne moderne: tactice, de camping, proiectoare, faruri pentru biciclet\u0103 \u0219i accesorii pentru acestea. Fondat\u0103 \u00een urm\u0103 cu peste 20 de ani, compania a c\u00e2\u0219tigat recunoa\u0219terea celor care pun pre\u021b pe func\u021bionalitatea \u0219i fiabilitatea dispozitivelor. Produsele Fenix \u0219i-au g\u0103sit o utilizare larg\u0103 \u00een via\u021ba de zi cu zi \u0219i au devenit preferatele sportivilor, entuzia\u0219tilor de outdoor \u0219i angaja\u021bilor din organiza\u021bii speciale, datorit\u0103 autonomiei extinse a bateriilor, designului ergonomic \u0219i puterii uimitoare. Fabricate din aluminiu aviatic cu anodizare tripl\u0103 \u0219i echipate cu sticl\u0103 rezistent\u0103 la impact, acestea sunt ideale at\u00e2t pentru utilizarea cotidian\u0103, c\u00e2t \u0219i pentru activit\u0103\u021bi recreative intense.<\/p>\n<p>\u00cen prezent, produsele Fenix sunt disponibile \u00een peste 100 de \u021b\u0103ri, deservind zeci de milioane de utilizatori din \u00eentreaga lume.<\/p>","protected":false},"excerpt":{"rendered":"<p>Fenix T6 Pen &#8212; \u0442\u0430\u043a\u0442\u0438\u0447\u0435\u0441\u043a\u0430\u044f \u0440\u0443\u0447\u043a\u0430 \u0441\u043f\u043e\u0441\u043e\u0431\u043d\u0430 \u043f\u043e\u0434\u0441\u0432\u0435\u0447\u0438\u0432\u0430\u0442\u044c, \u0440\u0430\u0437\u0431\u0438\u0432\u0430\u0442\u044c \u043e\u043a\u043d\u0430 \u0438 \u043f\u0438\u0441\u0430\u0442\u044c. \u041c\u0430\u043a\u0441\u0438\u043c\u0430\u043b\u044c\u043d\u0430\u044f \u044f\u0440\u043a\u043e\u0441\u0442\u044c \u043e\u0441\u0432\u0435\u0449\u0435\u043d\u0438\u044f \u0434\u043e\u0441\u0442\u0438\u0433\u0430\u0435\u0442 80 \u043b\u044e\u043c\u0435\u043d\u043e\u0432, \u0430 \u0434\u0430\u043b\u044c\u043d\u043e\u0431\u043e\u0439\u043d\u043e\u0441\u0442\u044c \u043b\u0443\u0447\u0430 \u2013 18 \u043c\u0435\u0442\u0440\u043e\u0432. \u0424\u043e\u043d\u0430\u0440\u044c \u043f\u043e\u0434\u0434\u0435\u0440\u0436\u0438\u0432\u0430\u0435\u0442 \u0437\u0430\u0440\u044f\u0434\u043a\u0443 Type-C. \u041a\u0435\u0440\u0430\u043c\u0438\u0447\u0435\u0441\u043a\u0438\u0439 \u0448\u0430\u0440\u0438\u043a \u0432\u043d\u0443\u0442\u0440\u0438 \u0440\u0443\u0447\u043a\u0438 \u043f\u043e\u043c\u043e\u0433\u0430\u0435\u0442 \u0440\u0430\u0437\u0431\u0438\u0442\u044c \u0441\u0442\u0435\u043a\u043b\u043e. \u0412\u043d\u0443\u0442\u0440\u0438 \u0442\u0430\u043a\u0436\u0435 \u0438\u043c\u0435\u0435\u0442\u0441\u044f \u0438\u043c\u043f\u043e\u0440\u0442\u043d\u044b\u0439 \u043a\u0430\u0440\u0442\u0440\u0438\u0434\u0436 Schmidt \u0434\u043b\u044f \u043f\u043b\u0430\u0432\u043d\u043e\u0433\u043e \u0438 \u043b\u0451\u0433\u043a\u043e\u0433\u043e \u043f\u0438\u0441\u044c\u043c\u0430. \u042d\u0442\u043e\u0442 \u043f\u0440\u043e\u0447\u043d\u044b\u0439 \u0438 \u0432\u044b\u0441\u043e\u043a\u043e\u043f\u0440\u043e\u0438\u0437\u0432\u043e\u0434\u0438\u0442\u0435\u043b\u044c\u043d\u044b\u0439 \u043f\u0440\u0438\u0431\u043e\u0440 \u0434\u043e\u0432\u043e\u043b\u044c\u043d\u043e \u043a\u0440\u0435\u043f\u043a\u0438\u0439, \u0447\u0442\u043e\u0431\u044b \u043f\u0440\u0435\u0434\u043e\u0441\u0442\u0430\u0432\u0438\u0442\u044c [&hellip;]<\/p>\n","protected":false},"featured_media":90384,"comment_status":"open","ping_status":"closed","template":"","meta":{"_acf_changed":false,"inline_featured_image":false},"product_brand":[1351],"product_cat":[462],"product_tag":[],"class_list":{"0":"post-89910","1":"product","2":"type-product","3":"status-publish","4":"has-post-thumbnail","6":"product_brand-fenix","7":"product_cat-lumini-de-mana","9":"first","10":"instock","11":"shipping-taxable","12":"purchasable","13":"product-type-simple"},"acf":[],"yoast_head":"<!-- This site is optimized with the Yoast SEO plugin v27.2 - https:\/\/yoast.com\/product\/yoast-seo-wordpress\/ -->\n<title>\u0422\u0430\u043a\u0442\u0438\u0447\u0435\u0441\u043a\u0430\u044f \u0440\u0443\u0447\u043a\u0430 Fenix T6 Pen blue - \u041c\u0430\u0433\u0430\u0437\u0438\u043d Xstyle<\/title>\n<meta name=\"robots\" content=\"index, follow, max-snippet:-1, max-image-preview:large, max-video-preview:-1\" \/>\n<link rel=\"canonical\" href=\"https:\/\/xstyle.md\/ro\/produs\/takticheskaya-ruchka-fenix-t6-pen-blue\/\" \/>\n<meta property=\"og:locale\" content=\"ro_RO\" \/>\n<meta property=\"og:type\" content=\"article\" \/>\n<meta property=\"og:title\" content=\"\u0422\u0430\u043a\u0442\u0438\u0447\u0435\u0441\u043a\u0430\u044f \u0440\u0443\u0447\u043a\u0430 Fenix T6 Pen blue - \u041c\u0430\u0433\u0430\u0437\u0438\u043d Xstyle\" \/>\n<meta property=\"og:description\" content=\"Fenix T6 Pen &#8212; \u0442\u0430\u043a\u0442\u0438\u0447\u0435\u0441\u043a\u0430\u044f \u0440\u0443\u0447\u043a\u0430 \u0441\u043f\u043e\u0441\u043e\u0431\u043d\u0430 \u043f\u043e\u0434\u0441\u0432\u0435\u0447\u0438\u0432\u0430\u0442\u044c, \u0440\u0430\u0437\u0431\u0438\u0432\u0430\u0442\u044c \u043e\u043a\u043d\u0430 \u0438 \u043f\u0438\u0441\u0430\u0442\u044c. \u041c\u0430\u043a\u0441\u0438\u043c\u0430\u043b\u044c\u043d\u0430\u044f \u044f\u0440\u043a\u043e\u0441\u0442\u044c \u043e\u0441\u0432\u0435\u0449\u0435\u043d\u0438\u044f \u0434\u043e\u0441\u0442\u0438\u0433\u0430\u0435\u0442 80 \u043b\u044e\u043c\u0435\u043d\u043e\u0432, \u0430 \u0434\u0430\u043b\u044c\u043d\u043e\u0431\u043e\u0439\u043d\u043e\u0441\u0442\u044c \u043b\u0443\u0447\u0430 \u2013 18 \u043c\u0435\u0442\u0440\u043e\u0432. \u0424\u043e\u043d\u0430\u0440\u044c \u043f\u043e\u0434\u0434\u0435\u0440\u0436\u0438\u0432\u0430\u0435\u0442 \u0437\u0430\u0440\u044f\u0434\u043a\u0443 Type-C. \u041a\u0435\u0440\u0430\u043c\u0438\u0447\u0435\u0441\u043a\u0438\u0439 \u0448\u0430\u0440\u0438\u043a \u0432\u043d\u0443\u0442\u0440\u0438 \u0440\u0443\u0447\u043a\u0438 \u043f\u043e\u043c\u043e\u0433\u0430\u0435\u0442 \u0440\u0430\u0437\u0431\u0438\u0442\u044c \u0441\u0442\u0435\u043a\u043b\u043e. \u0412\u043d\u0443\u0442\u0440\u0438 \u0442\u0430\u043a\u0436\u0435 \u0438\u043c\u0435\u0435\u0442\u0441\u044f \u0438\u043c\u043f\u043e\u0440\u0442\u043d\u044b\u0439 \u043a\u0430\u0440\u0442\u0440\u0438\u0434\u0436 Schmidt \u0434\u043b\u044f \u043f\u043b\u0430\u0432\u043d\u043e\u0433\u043e \u0438 \u043b\u0451\u0433\u043a\u043e\u0433\u043e \u043f\u0438\u0441\u044c\u043c\u0430. \u042d\u0442\u043e\u0442 \u043f\u0440\u043e\u0447\u043d\u044b\u0439 \u0438 \u0432\u044b\u0441\u043e\u043a\u043e\u043f\u0440\u043e\u0438\u0437\u0432\u043e\u0434\u0438\u0442\u0435\u043b\u044c\u043d\u044b\u0439 \u043f\u0440\u0438\u0431\u043e\u0440 \u0434\u043e\u0432\u043e\u043b\u044c\u043d\u043e \u043a\u0440\u0435\u043f\u043a\u0438\u0439, \u0447\u0442\u043e\u0431\u044b \u043f\u0440\u0435\u0434\u043e\u0441\u0442\u0430\u0432\u0438\u0442\u044c [&hellip;]\" \/>\n<meta property=\"og:url\" content=\"https:\/\/xstyle.md\/ro\/produs\/takticheskaya-ruchka-fenix-t6-pen-blue\/\" \/>\n<meta property=\"og:site_name\" content=\"\u041c\u0430\u0433\u0430\u0437\u0438\u043d Xstyle\" \/>\n<meta property=\"article:publisher\" content=\"https:\/\/www.facebook.com\/xstylemd\" \/>\n<meta property=\"article:modified_time\" content=\"2025-03-18T21:21:33+00:00\" \/>\n<meta property=\"og:image\" content=\"https:\/\/xstyle.md\/wp-content\/uploads\/2024\/11\/fenix-t6-pen-blue.webp\" \/>\n\t<meta property=\"og:image:width\" content=\"970\" \/>\n\t<meta property=\"og:image:height\" content=\"970\" \/>\n\t<meta property=\"og:image:type\" content=\"image\/webp\" \/>\n<meta name=\"twitter:card\" content=\"summary_large_image\" \/>\n<meta name=\"twitter:label1\" content=\"Pre\u021b\" \/>\n\t<meta name=\"twitter:data1\" content=\"860&nbsp;MDL\" \/>\n\t<meta name=\"twitter:label2\" content=\"Disponibilitate\" \/>\n\t<meta name=\"twitter:data2\" content=\"\u00cen stoc\" \/>\n<script type=\"application\/ld+json\" class=\"yoast-schema-graph\">{\"@context\":\"https:\/\/schema.org\",\"@graph\":[{\"@type\":\"WebPage\",\"@id\":\"https:\/\/xstyle.md\/product\/takticheskaya-ruchka-fenix-t6-pen-blue\/\",\"url\":\"https:\/\/xstyle.md\/product\/takticheskaya-ruchka-fenix-t6-pen-blue\/\",\"name\":\"\u0422\u0430\u043a\u0442\u0438\u0447\u0435\u0441\u043a\u0430\u044f \u0440\u0443\u0447\u043a\u0430 Fenix T6 Pen blue - \u041c\u0430\u0433\u0430\u0437\u0438\u043d Xstyle\",\"isPartOf\":{\"@id\":\"https:\/\/xstyle.md\/#website\"},\"primaryImageOfPage\":{\"@id\":\"https:\/\/xstyle.md\/product\/takticheskaya-ruchka-fenix-t6-pen-blue\/#primaryimage\"},\"image\":{\"@id\":\"https:\/\/xstyle.md\/product\/takticheskaya-ruchka-fenix-t6-pen-blue\/#primaryimage\"},\"thumbnailUrl\":\"https:\/\/xstyle.md\/wp-content\/uploads\/2024\/11\/fenix-t6-pen-blue.webp\",\"datePublished\":\"2024-11-25T08:58:00+00:00\",\"dateModified\":\"2025-03-18T21:21:33+00:00\",\"breadcrumb\":{\"@id\":\"https:\/\/xstyle.md\/product\/takticheskaya-ruchka-fenix-t6-pen-blue\/#breadcrumb\"},\"inLanguage\":\"ro-RO\",\"potentialAction\":[{\"@type\":\"ReadAction\",\"target\":[\"https:\/\/xstyle.md\/product\/takticheskaya-ruchka-fenix-t6-pen-blue\/\"]}]},{\"@type\":\"ImageObject\",\"inLanguage\":\"ro-RO\",\"@id\":\"https:\/\/xstyle.md\/product\/takticheskaya-ruchka-fenix-t6-pen-blue\/#primaryimage\",\"url\":\"https:\/\/xstyle.md\/wp-content\/uploads\/2024\/11\/fenix-t6-pen-blue.webp\",\"contentUrl\":\"https:\/\/xstyle.md\/wp-content\/uploads\/2024\/11\/fenix-t6-pen-blue.webp\",\"width\":970,\"height\":970,\"caption\":\"\u0421\u0438\u043d\u0438\u0439 \u0440\u0443\u0447\u043a\u0430 Fenix T6, \u0438\u0434\u0435\u0430\u043b\u044c\u043d\u0430\u044f \u0434\u043b\u044f \u0430\u043a\u0442\u0438\u0432\u043d\u043e\u0439 \u0436\u0438\u0437\u043d\u0438, \u043f\u0443\u0442\u0435\u0448\u0435\u0441\u0442\u0432\u0438\u0439 \u0438 \u043f\u043e\u0445\u043e\u0434\u043e\u0432, \u0441\u043e\u0447\u0435\u0442\u0430\u0435\u0442 \u0441\u0442\u0438\u043b\u044c \u0438 \u0444\u0443\u043d\u043a\u0446\u0438\u043e\u043d\u0430\u043b\u044c\u043d\u043e\u0441\u0442\u044c.\"},{\"@type\":\"BreadcrumbList\",\"@id\":\"https:\/\/xstyle.md\/product\/takticheskaya-ruchka-fenix-t6-pen-blue\/#breadcrumb\",\"itemListElement\":[{\"@type\":\"ListItem\",\"position\":1,\"name\":\"\u0413\u043b\u0430\u0432\u043d\u0430\u044f \u0441\u0442\u0440\u0430\u043d\u0438\u0446\u0430\",\"item\":\"https:\/\/xstyle.md\/\"},{\"@type\":\"ListItem\",\"position\":2,\"name\":\"\u041c\u0430\u0433\u0430\u0437\u0438\u043d\",\"item\":\"https:\/\/xstyle.md\/shop\/\"},{\"@type\":\"ListItem\",\"position\":3,\"name\":\"\u0422\u0430\u043a\u0442\u0438\u0447\u0435\u0441\u043a\u0430\u044f \u0440\u0443\u0447\u043a\u0430 Fenix T6 Pen blue\"}]},{\"@type\":\"WebSite\",\"@id\":\"https:\/\/xstyle.md\/#website\",\"url\":\"https:\/\/xstyle.md\/\",\"name\":\"\u041c\u0430\u0433\u0430\u0437\u0438\u043d Xstyle\",\"description\":\"C\u043d\u0430\u0440\u044f\u0436\u0435\u043d\u0438\u0435 \u0434\u043b\u044f \u0442\u0443\u0440\u0438\u0437\u043c\u0430 \u0438 \u044d\u043a\u0441\u0442\u0440\u0435\u043c\u0430\u043b\u044c\u043d\u044b\u0445 \u0432\u0438\u0434\u043e\u0432 \u0441\u043f\u043e\u0440\u0442\u0430 \u0432 \u041c\u043e\u043b\u0434\u043e\u0432\u0435.. \u0426\u0435\u043d\u044b, \u0444\u043e\u0442\u043e, \u0445\u0430\u0440\u0430\u043a\u0442\u0435\u0440\u0438\u0441\u0442\u0438\u043a\u0438 \u0432 \u041c\u043e\u043b\u0434\u043e\u0432\u0435.\",\"publisher\":{\"@id\":\"https:\/\/xstyle.md\/#organization\"},\"alternateName\":\"X-Style\",\"potentialAction\":[{\"@type\":\"SearchAction\",\"target\":{\"@type\":\"EntryPoint\",\"urlTemplate\":\"https:\/\/xstyle.md\/?s={search_term_string}\"},\"query-input\":{\"@type\":\"PropertyValueSpecification\",\"valueRequired\":true,\"valueName\":\"search_term_string\"}}],\"inLanguage\":\"ro-RO\"},{\"@type\":\"Organization\",\"@id\":\"https:\/\/xstyle.md\/#organization\",\"name\":\"\u041c\u0430\u0433\u0430\u0437\u0438\u043d Xstyle\",\"alternateName\":\"x-style\",\"url\":\"https:\/\/xstyle.md\/\",\"logo\":{\"@type\":\"ImageObject\",\"inLanguage\":\"ro-RO\",\"@id\":\"https:\/\/xstyle.md\/#\/schema\/logo\/image\/\",\"url\":\"https:\/\/xstyle.md\/wp-content\/uploads\/2020\/06\/logoicon.svg\",\"contentUrl\":\"https:\/\/xstyle.md\/wp-content\/uploads\/2020\/06\/logoicon.svg\",\"caption\":\"\u041c\u0430\u0433\u0430\u0437\u0438\u043d Xstyle\"},\"image\":{\"@id\":\"https:\/\/xstyle.md\/#\/schema\/logo\/image\/\"},\"sameAs\":[\"https:\/\/www.facebook.com\/xstylemd\",\"https:\/\/www.instagram.com\/xstyle_md\/\",\"https:\/\/t.me\/xstyle_outdoor\"],\"hasMerchantReturnPolicy\":{\"@type\":\"MerchantReturnPolicy\",\"merchantReturnLink\":\"https:\/\/xstyle.md\/ro\/conditions\/\"}}]}<\/script>\n<meta property=\"product:price:amount\" content=\"860.00\" \/>\n<meta property=\"product:price:currency\" content=\"MDL\" \/>\n<meta property=\"og:availability\" content=\"instock\" \/>\n<meta property=\"product:availability\" content=\"instock\" \/>\n<meta property=\"product:retailer_item_id\" content=\"6942870309095\" \/>\n<meta property=\"product:condition\" content=\"new\" \/>\n<!-- \/ Yoast SEO plugin. -->","yoast_head_json":{"title":"\u0422\u0430\u043a\u0442\u0438\u0447\u0435\u0441\u043a\u0430\u044f \u0440\u0443\u0447\u043a\u0430 Fenix T6 Pen blue - \u041c\u0430\u0433\u0430\u0437\u0438\u043d Xstyle","robots":{"index":"index","follow":"follow","max-snippet":"max-snippet:-1","max-image-preview":"max-image-preview:large","max-video-preview":"max-video-preview:-1"},"canonical":"https:\/\/xstyle.md\/ro\/produs\/takticheskaya-ruchka-fenix-t6-pen-blue\/","og_locale":"ro_RO","og_type":"article","og_title":"\u0422\u0430\u043a\u0442\u0438\u0447\u0435\u0441\u043a\u0430\u044f \u0440\u0443\u0447\u043a\u0430 Fenix T6 Pen blue - \u041c\u0430\u0433\u0430\u0437\u0438\u043d Xstyle","og_description":"Fenix T6 Pen &#8212; \u0442\u0430\u043a\u0442\u0438\u0447\u0435\u0441\u043a\u0430\u044f \u0440\u0443\u0447\u043a\u0430 \u0441\u043f\u043e\u0441\u043e\u0431\u043d\u0430 \u043f\u043e\u0434\u0441\u0432\u0435\u0447\u0438\u0432\u0430\u0442\u044c, \u0440\u0430\u0437\u0431\u0438\u0432\u0430\u0442\u044c \u043e\u043a\u043d\u0430 \u0438 \u043f\u0438\u0441\u0430\u0442\u044c. \u041c\u0430\u043a\u0441\u0438\u043c\u0430\u043b\u044c\u043d\u0430\u044f \u044f\u0440\u043a\u043e\u0441\u0442\u044c \u043e\u0441\u0432\u0435\u0449\u0435\u043d\u0438\u044f \u0434\u043e\u0441\u0442\u0438\u0433\u0430\u0435\u0442 80 \u043b\u044e\u043c\u0435\u043d\u043e\u0432, \u0430 \u0434\u0430\u043b\u044c\u043d\u043e\u0431\u043e\u0439\u043d\u043e\u0441\u0442\u044c \u043b\u0443\u0447\u0430 \u2013 18 \u043c\u0435\u0442\u0440\u043e\u0432. \u0424\u043e\u043d\u0430\u0440\u044c \u043f\u043e\u0434\u0434\u0435\u0440\u0436\u0438\u0432\u0430\u0435\u0442 \u0437\u0430\u0440\u044f\u0434\u043a\u0443 Type-C. \u041a\u0435\u0440\u0430\u043c\u0438\u0447\u0435\u0441\u043a\u0438\u0439 \u0448\u0430\u0440\u0438\u043a \u0432\u043d\u0443\u0442\u0440\u0438 \u0440\u0443\u0447\u043a\u0438 \u043f\u043e\u043c\u043e\u0433\u0430\u0435\u0442 \u0440\u0430\u0437\u0431\u0438\u0442\u044c \u0441\u0442\u0435\u043a\u043b\u043e. \u0412\u043d\u0443\u0442\u0440\u0438 \u0442\u0430\u043a\u0436\u0435 \u0438\u043c\u0435\u0435\u0442\u0441\u044f \u0438\u043c\u043f\u043e\u0440\u0442\u043d\u044b\u0439 \u043a\u0430\u0440\u0442\u0440\u0438\u0434\u0436 Schmidt \u0434\u043b\u044f \u043f\u043b\u0430\u0432\u043d\u043e\u0433\u043e \u0438 \u043b\u0451\u0433\u043a\u043e\u0433\u043e \u043f\u0438\u0441\u044c\u043c\u0430. \u042d\u0442\u043e\u0442 \u043f\u0440\u043e\u0447\u043d\u044b\u0439 \u0438 \u0432\u044b\u0441\u043e\u043a\u043e\u043f\u0440\u043e\u0438\u0437\u0432\u043e\u0434\u0438\u0442\u0435\u043b\u044c\u043d\u044b\u0439 \u043f\u0440\u0438\u0431\u043e\u0440 \u0434\u043e\u0432\u043e\u043b\u044c\u043d\u043e \u043a\u0440\u0435\u043f\u043a\u0438\u0439, \u0447\u0442\u043e\u0431\u044b \u043f\u0440\u0435\u0434\u043e\u0441\u0442\u0430\u0432\u0438\u0442\u044c [&hellip;]","og_url":"https:\/\/xstyle.md\/ro\/produs\/takticheskaya-ruchka-fenix-t6-pen-blue\/","og_site_name":"\u041c\u0430\u0433\u0430\u0437\u0438\u043d Xstyle","article_publisher":"https:\/\/www.facebook.com\/xstylemd","article_modified_time":"2025-03-18T21:21:33+00:00","og_image":[{"width":970,"height":970,"url":"https:\/\/xstyle.md\/wp-content\/uploads\/2024\/11\/fenix-t6-pen-blue.webp","type":"image\/webp"}],"twitter_card":"summary_large_image","twitter_misc":{"Pre\u021b":"860&nbsp;MDL","Disponibilitate":"\u00cen stoc"},"schema":{"@context":"https:\/\/schema.org","@graph":[{"@type":"WebPage","@id":"https:\/\/xstyle.md\/product\/takticheskaya-ruchka-fenix-t6-pen-blue\/","url":"https:\/\/xstyle.md\/product\/takticheskaya-ruchka-fenix-t6-pen-blue\/","name":"\u0422\u0430\u043a\u0442\u0438\u0447\u0435\u0441\u043a\u0430\u044f \u0440\u0443\u0447\u043a\u0430 Fenix T6 Pen blue - \u041c\u0430\u0433\u0430\u0437\u0438\u043d Xstyle","isPartOf":{"@id":"https:\/\/xstyle.md\/#website"},"primaryImageOfPage":{"@id":"https:\/\/xstyle.md\/product\/takticheskaya-ruchka-fenix-t6-pen-blue\/#primaryimage"},"image":{"@id":"https:\/\/xstyle.md\/product\/takticheskaya-ruchka-fenix-t6-pen-blue\/#primaryimage"},"thumbnailUrl":"https:\/\/xstyle.md\/wp-content\/uploads\/2024\/11\/fenix-t6-pen-blue.webp","datePublished":"2024-11-25T08:58:00+00:00","dateModified":"2025-03-18T21:21:33+00:00","breadcrumb":{"@id":"https:\/\/xstyle.md\/product\/takticheskaya-ruchka-fenix-t6-pen-blue\/#breadcrumb"},"inLanguage":"ro-RO","potentialAction":[{"@type":"ReadAction","target":["https:\/\/xstyle.md\/product\/takticheskaya-ruchka-fenix-t6-pen-blue\/"]}]},{"@type":"ImageObject","inLanguage":"ro-RO","@id":"https:\/\/xstyle.md\/product\/takticheskaya-ruchka-fenix-t6-pen-blue\/#primaryimage","url":"https:\/\/xstyle.md\/wp-content\/uploads\/2024\/11\/fenix-t6-pen-blue.webp","contentUrl":"https:\/\/xstyle.md\/wp-content\/uploads\/2024\/11\/fenix-t6-pen-blue.webp","width":970,"height":970,"caption":"\u0421\u0438\u043d\u0438\u0439 \u0440\u0443\u0447\u043a\u0430 Fenix T6, \u0438\u0434\u0435\u0430\u043b\u044c\u043d\u0430\u044f \u0434\u043b\u044f \u0430\u043a\u0442\u0438\u0432\u043d\u043e\u0439 \u0436\u0438\u0437\u043d\u0438, \u043f\u0443\u0442\u0435\u0448\u0435\u0441\u0442\u0432\u0438\u0439 \u0438 \u043f\u043e\u0445\u043e\u0434\u043e\u0432, \u0441\u043e\u0447\u0435\u0442\u0430\u0435\u0442 \u0441\u0442\u0438\u043b\u044c \u0438 \u0444\u0443\u043d\u043a\u0446\u0438\u043e\u043d\u0430\u043b\u044c\u043d\u043e\u0441\u0442\u044c."},{"@type":"BreadcrumbList","@id":"https:\/\/xstyle.md\/product\/takticheskaya-ruchka-fenix-t6-pen-blue\/#breadcrumb","itemListElement":[{"@type":"ListItem","position":1,"name":"\u0413\u043b\u0430\u0432\u043d\u0430\u044f \u0441\u0442\u0440\u0430\u043d\u0438\u0446\u0430","item":"https:\/\/xstyle.md\/"},{"@type":"ListItem","position":2,"name":"\u041c\u0430\u0433\u0430\u0437\u0438\u043d","item":"https:\/\/xstyle.md\/shop\/"},{"@type":"ListItem","position":3,"name":"\u0422\u0430\u043a\u0442\u0438\u0447\u0435\u0441\u043a\u0430\u044f \u0440\u0443\u0447\u043a\u0430 Fenix T6 Pen blue"}]},{"@type":"WebSite","@id":"https:\/\/xstyle.md\/#website","url":"https:\/\/xstyle.md\/","name":"Magazinul X-Style","description":"Echipamente pentru turism \u0219i sporturi extreme \u00een Moldova. Pre\u021buri, fotografii, caracteristici \u00een Moldova.","publisher":{"@id":"https:\/\/xstyle.md\/#organization"},"alternateName":"X-Style","potentialAction":[{"@type":"SearchAction","target":{"@type":"EntryPoint","urlTemplate":"https:\/\/xstyle.md\/?s={search_term_string}"},"query-input":{"@type":"PropertyValueSpecification","valueRequired":true,"valueName":"search_term_string"}}],"inLanguage":"ro-RO"},{"@type":"Organization","@id":"https:\/\/xstyle.md\/#organization","name":"Magazinul X-Style","alternateName":"x-style","url":"https:\/\/xstyle.md\/","logo":{"@type":"ImageObject","inLanguage":"ro-RO","@id":"https:\/\/xstyle.md\/#\/schema\/logo\/image\/","url":"https:\/\/xstyle.md\/wp-content\/uploads\/2020\/06\/logoicon.svg","contentUrl":"https:\/\/xstyle.md\/wp-content\/uploads\/2020\/06\/logoicon.svg","caption":"\u041c\u0430\u0433\u0430\u0437\u0438\u043d Xstyle"},"image":{"@id":"https:\/\/xstyle.md\/#\/schema\/logo\/image\/"},"sameAs":["https:\/\/www.facebook.com\/xstylemd","https:\/\/www.instagram.com\/xstyle_md\/","https:\/\/t.me\/xstyle_outdoor"],"hasMerchantReturnPolicy":{"@type":"MerchantReturnPolicy","merchantReturnLink":"https:\/\/xstyle.md\/ro\/conditions\/"}}]},"product_price_amount":"860.00","product_price_currency":"MDL","og_availability":"instock","product_availability":"instock","product_retailer_item_id":"6942870309095","product_condition":"new"},"post_mailing_queue_ids":[],"_links":{"self":[{"href":"https:\/\/xstyle.md\/ro\/wp-json\/wp\/v2\/product\/89910","targetHints":{"allow":["GET"]}}],"collection":[{"href":"https:\/\/xstyle.md\/ro\/wp-json\/wp\/v2\/product"}],"about":[{"href":"https:\/\/xstyle.md\/ro\/wp-json\/wp\/v2\/types\/product"}],"replies":[{"embeddable":true,"href":"https:\/\/xstyle.md\/ro\/wp-json\/wp\/v2\/comments?post=89910"}],"wp:featuredmedia":[{"embeddable":true,"href":"https:\/\/xstyle.md\/ro\/wp-json\/wp\/v2\/media\/90384"}],"wp:attachment":[{"href":"https:\/\/xstyle.md\/ro\/wp-json\/wp\/v2\/media?parent=89910"}],"wp:term":[{"taxonomy":"product_brand","embeddable":true,"href":"https:\/\/xstyle.md\/ro\/wp-json\/wp\/v2\/product_brand?post=89910"},{"taxonomy":"product_cat","embeddable":true,"href":"https:\/\/xstyle.md\/ro\/wp-json\/wp\/v2\/product_cat?post=89910"},{"taxonomy":"product_tag","embeddable":true,"href":"https:\/\/xstyle.md\/ro\/wp-json\/wp\/v2\/product_tag?post=89910"}],"curies":[{"name":"wp","href":"https:\/\/api.w.org\/{rel}","templated":true}]}}