{"id":89905,"date":"2024-11-25T11:57:59","date_gmt":"2024-11-25T08:57:59","guid":{"rendered":"https:\/\/xstyle.md\/?post_type=product&#038;p=89905"},"modified":"2026-02-18T14:50:03","modified_gmt":"2026-02-18T11:50:03","slug":"fonar-fenix-ld12r-led","status":"publish","type":"product","link":"https:\/\/xstyle.md\/ro\/produs\/fonar-fenix-ld12r-led\/","title":{"rendered":"Lantern\u0103 Fenix LD12R LED"},"content":{"rendered":"<p><\/p>\n<p><strong>Fenix LD12R LED<\/strong> &#8212; este o lantern\u0103 de m\u00e2n\u0103 universal\u0103, potrivit\u0103 pentru drume\u021bii, munc\u0103, v\u00e2n\u0103toare, pescuit \u0219i nevoi casnice. Aceasta este echipat\u0103 cu dou\u0103 surse de lumin\u0103 \u2013 una principal\u0103 \u0219i una lateral\u0103, av\u00e2nd o durat\u0103 de via\u021b\u0103 a diodelor de p\u00e2n\u0103 la 50.000 de ore. Selectarea modurilor se realizeaz\u0103 prin rotirea capului lanternei.<\/p>\n<p>Lanterna func\u021bioneaz\u0103 cu un acumulator ARB-L14-800 cu \u00eenc\u0103rcare prin Type-C, fiind totodat\u0103 compatibil\u0103 cu bateriile de tip AA. La puterea minim\u0103, aceasta poate func\u021biona p\u00e2n\u0103 la 110 ore, iar un indicator integrat avertizeaz\u0103 \u00een cazul desc\u0103rc\u0103rii bateriei.<\/p>\n<p>Carcasa metalic\u0103 rezistent\u0103 corespunde standardului IP68, protej\u00e2nd dispozitivul \u00eempotriva apei, prafului \u0219i \u0219ocurilor (c\u0103deri de p\u00e2n\u0103 la 1,5 m). Protec\u021bia integrat\u0103 \u00eempotriva supra\u00eenc\u0103lzirii asigur\u0103 o utilizare sigur\u0103.<\/p>\n<h3>Moduri de func\u021bionare<\/h3>\n<p><strong>Lumina principal\u0103:<\/strong><\/p>\n<ul>\n<li><strong>\u00cenalt<\/strong> &#8212; 600 lumeni \u2013 8616 candele \u2013 1 or\u0103 20 minute \u2013 186 metri<\/li>\n<li><strong>Mediu<\/strong> &#8212; 150 lumeni \u2013 2052 candele \u2013 3 ore 20 minute \u2013 90 metri<\/li>\n<li><strong>Sc\u0103zut<\/strong> &#8212; 30 lumeni \u2013 424 candele \u2013 16 ore 20 minute \u2013 40 metri<\/li>\n<li><strong>Mod econom<\/strong> &#8212; 1 lumen \u2013 18 candele \u2013 110 ore \u2013 9 metri<\/li>\n<\/ul>\n<p><strong>Lumina lateral\u0103:<\/strong><\/p>\n<ul>\n<li><strong>\u00cenalt<\/strong> &#8212;\u00a0 100 lumeni \u2013 38 candele \u2013 4 ore \u2013 12 metri<\/li>\n<li><strong>Mediu<\/strong> &#8212; 30 lumeni \u2013 12 candele \u2013 14 ore 30 minute \u2013 7 metri<\/li>\n<li><strong>Sc\u0103zut<\/strong> &#8212; 5 lumeni \u2013 3 candele \u2013 53 ore \u2013 3 metri<\/li>\n<\/ul>\n<h3>Particularit\u0103\u021bi<\/h3>\n<ul>\n<li>Lantern\u0103 pentru utilizare profesional\u0103 \u0219i cotidian\u0103<\/li>\n<li>Dispune de dou\u0103 surse de lumin\u0103 (dual light source)<\/li>\n<li>Luminozitate maxim\u0103 de p\u00e2n\u0103 la 600 lumeni<\/li>\n<li>P\u00e2n\u0103 la 50.000 de ore de func\u021bionare continu\u0103 pentru o diod\u0103<\/li>\n<li>7 moduri de lucru (4 pentru lumina principal\u0103 \u0219i 3 pentru cea lateral\u0103)<\/li>\n<li>Surs\u0103 de alimentare: acumulator Ni-MH tip AA sau baterie alcalin\u0103<\/li>\n<li>Port Type-C pentru \u00eenc\u0103rcarea acumulatorului<\/li>\n<li>Carcas\u0103 complet metalic\u0103<\/li>\n<li>Rezisten\u021b\u0103 la impact de p\u00e2n\u0103 la 1,5 metri<\/li>\n<\/ul>\n<h3>Caracteristici<\/h3>\n<ul>\n<li>Surs\u0103 de alimentare \u2013 AA (R6) sau acumulator tip 14500<\/li>\n<li>Flux luminos \u2013 600 lm<\/li>\n<li>Distan\u021ba fasciculului \u2013 186 m<\/li>\n<li>Autonomie maxim\u0103 \u2013 110 h<\/li>\n<li>Rezisten\u021b\u0103 la ap\u0103 \u2013 IP68 (submersibil\u0103)<\/li>\n<li>Material \u2013 aluminiu aeronautic A6061-T6<\/li>\n<li>Dimensiuni \u2013 121 x 22 x 19 mm<\/li>\n<li>Greutate \u2013 74 g<\/li>\n<\/ul>\n<h3>Setul con\u021bine<\/h3>\n<ul>\n<li>Lantern\u0103 Fenix LD12R<\/li>\n<li>Acumulator Fenix ARB-L14-800<\/li>\n<li>Cablu USB Type-C<\/li>\n<li>Curelu\u0219\u0103 de m\u00e2n\u0103 (Lanyard)<\/li>\n<li>Inel de etan\u0219are (O-ring) de rezerv\u0103<\/li>\n<li>Instruc\u021biuni de utilizare<\/li>\n<\/ul>\n<p><\/p>\n<h3>Marca<\/h3>\n<p>Fenix - este unul dintre cei mai importan\u021bi produc\u0103tori mondiali de lanterne moderne: tactice, de camping, proiectoare, faruri pentru biciclet\u0103 \u0219i accesorii pentru acestea. Fondat\u0103 \u00een urm\u0103 cu peste 20 de ani, compania a c\u00e2\u0219tigat recunoa\u0219terea celor care pun pre\u021b pe func\u021bionalitatea \u0219i fiabilitatea dispozitivelor. Produsele Fenix \u0219i-au g\u0103sit o utilizare larg\u0103 \u00een via\u021ba de zi cu zi \u0219i au devenit preferatele sportivilor, entuzia\u0219tilor de outdoor \u0219i angaja\u021bilor din organiza\u021bii speciale, datorit\u0103 autonomiei extinse a bateriilor, designului ergonomic \u0219i puterii uimitoare. Fabricate din aluminiu aviatic cu anodizare tripl\u0103 \u0219i echipate cu sticl\u0103 rezistent\u0103 la impact, acestea sunt ideale at\u00e2t pentru utilizarea cotidian\u0103, c\u00e2t \u0219i pentru activit\u0103\u021bi recreative intense.<\/p>\n<p>\u00cen prezent, produsele Fenix sunt disponibile \u00een peste 100 de \u021b\u0103ri, deservind zeci de milioane de utilizatori din \u00eentreaga lume.<\/p>","protected":false},"excerpt":{"rendered":"<p>\u0411\u0440\u0435\u043d\u0434 Fenix \u2013 \u0432\u0435\u0434\u0443\u0449\u0438\u0439 \u0432 \u043c\u0438\u0440\u0435 \u043f\u0440\u043e\u0438\u0437\u0432\u043e\u0434\u0438\u0442\u0435\u043b\u044c \u0441\u043e\u0432\u0440\u0435\u043c\u0435\u043d\u043d\u044b\u0445 \u0444\u043e\u043d\u0430\u0440\u0435\u0439: \u0442\u0430\u043a\u0442\u0438\u0447\u0435\u0441\u043a\u0438\u0445, \u0442\u0443\u0440\u0438\u0441\u0442\u0438\u0447\u0435\u0441\u043a\u0438\u0445, \u0444\u043e\u043d\u0430\u0440\u0435\u0439-\u043f\u0440\u043e\u0436\u0435\u043a\u0442\u043e\u0440\u043e\u0432, \u0432\u0435\u043b\u043e\u0444\u0430\u0440 \u0438 \u0430\u043a\u0441\u0435\u0441\u0441\u0443\u0430\u0440\u043e\u0432 \u043a \u043d\u0438\u043c. \u041e\u0441\u043d\u043e\u0432\u0430\u043d\u043d\u0430\u044f \u0431\u043e\u043b\u0435\u0435 20 \u043b\u0435\u0442 \u043d\u0430\u0437\u0430\u0434, \u043a\u043e\u043c\u043f\u0430\u043d\u0438\u044f \u043f\u043e\u043b\u0443\u0447\u0438\u043b\u0430 \u043f\u0440\u0438\u0437\u043d\u0430\u043d\u0438\u0435 \u0442\u0435\u0445, \u043a\u0442\u043e \u0446\u0435\u043d\u0438\u0442 \u0444\u0443\u043d\u043a\u0446\u0438\u043e\u043d\u0430\u043b\u044c\u043d\u043e\u0441\u0442\u044c \u0438 \u0440\u0430\u0431\u043e\u0442\u043e\u0441\u043f\u043e\u0441\u043e\u0431\u043d\u043e\u0441\u0442\u044c \u043f\u0440\u0438\u0431\u043e\u0440\u043e\u0432. \u041f\u0440\u043e\u0434\u0443\u043a\u0446\u0438\u044f Fenix \u043d\u0430\u0448\u043b\u0430 \u0448\u0438\u0440\u043e\u043a\u043e\u0435 \u043f\u0440\u0438\u043c\u0435\u043d\u0435\u043d\u0438\u0435 \u0432 \u0434\u043e\u043c\u0430\u0448\u043d\u0435\u043c \u043e\u0431\u0438\u0445\u043e\u0434\u0435, \u043f\u043e\u043b\u044e\u0431\u0438\u043b\u0430\u0441\u044c \u0441\u043f\u043e\u0440\u0442\u0441\u043c\u0435\u043d\u0430\u043c, \u043b\u044e\u0431\u0438\u0442\u0435\u043b\u044f\u043c \u0442\u0443\u0440\u0438\u0441\u0442\u0438\u0447\u0435\u0441\u043a\u043e\u0433\u043e \u043e\u0442\u0434\u044b\u0445\u0430 \u0438 \u0441\u043b\u0443\u0436\u0430\u0449\u0438\u043c \u0441\u043f\u0435\u0446\u0438\u0430\u043b\u044c\u043d\u044b\u0445 \u043e\u0440\u0433\u0430\u043d\u0438\u0437\u0430\u0446\u0438\u0439, \u0431\u043b\u0430\u0433\u043e\u0434\u0430\u0440\u044f \u0434\u043e\u043b\u0433\u043e\u0432\u0440\u0435\u043c\u0435\u043d\u043d\u043e\u0439 \u0440\u0430\u0431\u043e\u0442\u0435 \u0431\u0430\u0442\u0430\u0440\u0435\u0439, \u044d\u0440\u0433\u043e\u043d\u043e\u043c\u0438\u0447\u043d\u043e\u043c\u0443 \u0434\u0438\u0437\u0430\u0439\u043d\u0443 [&hellip;]<\/p>\n","protected":false},"featured_media":90357,"comment_status":"open","ping_status":"closed","template":"","meta":{"_acf_changed":false,"inline_featured_image":false},"product_brand":[1351],"product_cat":[462],"product_tag":[],"class_list":{"0":"post-89905","1":"product","2":"type-product","3":"status-publish","4":"has-post-thumbnail","6":"product_brand-fenix","7":"product_cat-lumini-de-mana","9":"first","10":"instock","11":"shipping-taxable","12":"purchasable","13":"product-type-simple"},"acf":[],"yoast_head":"<!-- This site is optimized with the Yoast SEO plugin v27.4 - https:\/\/yoast.com\/product\/yoast-seo-wordpress\/ -->\n<title>\u0424\u043e\u043d\u0430\u0440\u044c Fenix LD12R LED - \u041c\u0430\u0433\u0430\u0437\u0438\u043d Xstyle<\/title>\n<meta name=\"robots\" content=\"index, follow, max-snippet:-1, max-image-preview:large, max-video-preview:-1\" \/>\n<link rel=\"canonical\" href=\"https:\/\/xstyle.md\/ro\/produs\/fonar-fenix-ld12r-led\/\" \/>\n<meta property=\"og:locale\" content=\"ro_RO\" \/>\n<meta property=\"og:type\" content=\"article\" \/>\n<meta property=\"og:title\" content=\"\u0424\u043e\u043d\u0430\u0440\u044c Fenix LD12R LED - \u041c\u0430\u0433\u0430\u0437\u0438\u043d Xstyle\" \/>\n<meta property=\"og:description\" content=\"\u0411\u0440\u0435\u043d\u0434 Fenix \u2013 \u0432\u0435\u0434\u0443\u0449\u0438\u0439 \u0432 \u043c\u0438\u0440\u0435 \u043f\u0440\u043e\u0438\u0437\u0432\u043e\u0434\u0438\u0442\u0435\u043b\u044c \u0441\u043e\u0432\u0440\u0435\u043c\u0435\u043d\u043d\u044b\u0445 \u0444\u043e\u043d\u0430\u0440\u0435\u0439: \u0442\u0430\u043a\u0442\u0438\u0447\u0435\u0441\u043a\u0438\u0445, \u0442\u0443\u0440\u0438\u0441\u0442\u0438\u0447\u0435\u0441\u043a\u0438\u0445, \u0444\u043e\u043d\u0430\u0440\u0435\u0439-\u043f\u0440\u043e\u0436\u0435\u043a\u0442\u043e\u0440\u043e\u0432, \u0432\u0435\u043b\u043e\u0444\u0430\u0440 \u0438 \u0430\u043a\u0441\u0435\u0441\u0441\u0443\u0430\u0440\u043e\u0432 \u043a \u043d\u0438\u043c. \u041e\u0441\u043d\u043e\u0432\u0430\u043d\u043d\u0430\u044f \u0431\u043e\u043b\u0435\u0435 20 \u043b\u0435\u0442 \u043d\u0430\u0437\u0430\u0434, \u043a\u043e\u043c\u043f\u0430\u043d\u0438\u044f \u043f\u043e\u043b\u0443\u0447\u0438\u043b\u0430 \u043f\u0440\u0438\u0437\u043d\u0430\u043d\u0438\u0435 \u0442\u0435\u0445, \u043a\u0442\u043e \u0446\u0435\u043d\u0438\u0442 \u0444\u0443\u043d\u043a\u0446\u0438\u043e\u043d\u0430\u043b\u044c\u043d\u043e\u0441\u0442\u044c \u0438 \u0440\u0430\u0431\u043e\u0442\u043e\u0441\u043f\u043e\u0441\u043e\u0431\u043d\u043e\u0441\u0442\u044c \u043f\u0440\u0438\u0431\u043e\u0440\u043e\u0432. \u041f\u0440\u043e\u0434\u0443\u043a\u0446\u0438\u044f Fenix \u043d\u0430\u0448\u043b\u0430 \u0448\u0438\u0440\u043e\u043a\u043e\u0435 \u043f\u0440\u0438\u043c\u0435\u043d\u0435\u043d\u0438\u0435 \u0432 \u0434\u043e\u043c\u0430\u0448\u043d\u0435\u043c \u043e\u0431\u0438\u0445\u043e\u0434\u0435, \u043f\u043e\u043b\u044e\u0431\u0438\u043b\u0430\u0441\u044c \u0441\u043f\u043e\u0440\u0442\u0441\u043c\u0435\u043d\u0430\u043c, \u043b\u044e\u0431\u0438\u0442\u0435\u043b\u044f\u043c \u0442\u0443\u0440\u0438\u0441\u0442\u0438\u0447\u0435\u0441\u043a\u043e\u0433\u043e \u043e\u0442\u0434\u044b\u0445\u0430 \u0438 \u0441\u043b\u0443\u0436\u0430\u0449\u0438\u043c \u0441\u043f\u0435\u0446\u0438\u0430\u043b\u044c\u043d\u044b\u0445 \u043e\u0440\u0433\u0430\u043d\u0438\u0437\u0430\u0446\u0438\u0439, \u0431\u043b\u0430\u0433\u043e\u0434\u0430\u0440\u044f \u0434\u043e\u043b\u0433\u043e\u0432\u0440\u0435\u043c\u0435\u043d\u043d\u043e\u0439 \u0440\u0430\u0431\u043e\u0442\u0435 \u0431\u0430\u0442\u0430\u0440\u0435\u0439, \u044d\u0440\u0433\u043e\u043d\u043e\u043c\u0438\u0447\u043d\u043e\u043c\u0443 \u0434\u0438\u0437\u0430\u0439\u043d\u0443 [&hellip;]\" \/>\n<meta property=\"og:url\" content=\"https:\/\/xstyle.md\/ro\/produs\/fonar-fenix-ld12r-led\/\" \/>\n<meta property=\"og:site_name\" content=\"\u041c\u0430\u0433\u0430\u0437\u0438\u043d Xstyle\" \/>\n<meta property=\"article:publisher\" content=\"https:\/\/www.facebook.com\/xstylemd\" \/>\n<meta property=\"article:modified_time\" content=\"2026-02-18T11:50:03+00:00\" \/>\n<meta property=\"og:image\" content=\"https:\/\/xstyle.md\/wp-content\/uploads\/2024\/11\/fenix-ld12r-led.webp\" \/>\n\t<meta property=\"og:image:width\" content=\"970\" \/>\n\t<meta property=\"og:image:height\" content=\"970\" \/>\n\t<meta property=\"og:image:type\" content=\"image\/webp\" \/>\n<meta name=\"twitter:card\" content=\"summary_large_image\" \/>\n<meta name=\"twitter:label1\" content=\"Pre\u021b\" \/>\n\t<meta name=\"twitter:data1\" content=\"1.390&nbsp;MDL\" \/>\n\t<meta name=\"twitter:label2\" content=\"Disponibilitate\" \/>\n\t<meta name=\"twitter:data2\" content=\"\u00cen stoc\" \/>\n<script type=\"application\/ld+json\" class=\"yoast-schema-graph\">{\"@context\":\"https:\\\/\\\/schema.org\",\"@graph\":[{\"@type\":\"WebPage\",\"@id\":\"https:\\\/\\\/xstyle.md\\\/product\\\/fonar-fenix-ld12r-led\\\/\",\"url\":\"https:\\\/\\\/xstyle.md\\\/product\\\/fonar-fenix-ld12r-led\\\/\",\"name\":\"\u0424\u043e\u043d\u0430\u0440\u044c Fenix LD12R LED - \u041c\u0430\u0433\u0430\u0437\u0438\u043d Xstyle\",\"isPartOf\":{\"@id\":\"https:\\\/\\\/xstyle.md\\\/#website\"},\"primaryImageOfPage\":{\"@id\":\"https:\\\/\\\/xstyle.md\\\/product\\\/fonar-fenix-ld12r-led\\\/#primaryimage\"},\"image\":{\"@id\":\"https:\\\/\\\/xstyle.md\\\/product\\\/fonar-fenix-ld12r-led\\\/#primaryimage\"},\"thumbnailUrl\":\"https:\\\/\\\/xstyle.md\\\/wp-content\\\/uploads\\\/2024\\\/11\\\/fenix-ld12r-led.webp\",\"datePublished\":\"2024-11-25T08:57:59+00:00\",\"dateModified\":\"2026-02-18T11:50:03+00:00\",\"breadcrumb\":{\"@id\":\"https:\\\/\\\/xstyle.md\\\/product\\\/fonar-fenix-ld12r-led\\\/#breadcrumb\"},\"inLanguage\":\"ro-RO\",\"potentialAction\":[{\"@type\":\"ReadAction\",\"target\":[\"https:\\\/\\\/xstyle.md\\\/product\\\/fonar-fenix-ld12r-led\\\/\"]}]},{\"@type\":\"ImageObject\",\"inLanguage\":\"ro-RO\",\"@id\":\"https:\\\/\\\/xstyle.md\\\/product\\\/fonar-fenix-ld12r-led\\\/#primaryimage\",\"url\":\"https:\\\/\\\/xstyle.md\\\/wp-content\\\/uploads\\\/2024\\\/11\\\/fenix-ld12r-led.webp\",\"contentUrl\":\"https:\\\/\\\/xstyle.md\\\/wp-content\\\/uploads\\\/2024\\\/11\\\/fenix-ld12r-led.webp\",\"width\":970,\"height\":970,\"caption\":\"\u0424\u043e\u043d\u0430\u0440\u044c Fenix LD12R, \u0438\u0434\u0435\u0430\u043b\u044c\u043d\u044b\u0439 \u0434\u043b\u044f \u0430\u043a\u0442\u0438\u0432\u043d\u043e\u0433\u043e \u043e\u0442\u0434\u044b\u0445\u0430, \u043f\u043e\u0445\u043e\u0434\u043e\u0432 \u0438 \u043f\u0443\u0442\u0435\u0448\u0435\u0441\u0442\u0432\u0438\u0439, \u0441\u043e\u0432\u043c\u0435\u0441\u0442\u0438\u043c\u044b\u0439 \u0441 \u043e\u0434\u0435\u0436\u0434\u043e\u0439 \u0438 \u043e\u0431\u0443\u0432\u044c\u044e \u0434\u043b\u044f \u0445\u0430\u0439\u043a\u0438\u043d\u0433\u0430 \u0438 \u0430\u043b\u043f\u0438\u043d\u0438\u0437\u043c\u0430.\"},{\"@type\":\"BreadcrumbList\",\"@id\":\"https:\\\/\\\/xstyle.md\\\/product\\\/fonar-fenix-ld12r-led\\\/#breadcrumb\",\"itemListElement\":[{\"@type\":\"ListItem\",\"position\":1,\"name\":\"\u0413\u043b\u0430\u0432\u043d\u0430\u044f \u0441\u0442\u0440\u0430\u043d\u0438\u0446\u0430\",\"item\":\"https:\\\/\\\/xstyle.md\\\/\"},{\"@type\":\"ListItem\",\"position\":2,\"name\":\"\u041c\u0430\u0433\u0430\u0437\u0438\u043d\",\"item\":\"https:\\\/\\\/xstyle.md\\\/shop\\\/\"},{\"@type\":\"ListItem\",\"position\":3,\"name\":\"\u0424\u043e\u043d\u0430\u0440\u044c Fenix LD12R LED\"}]},{\"@type\":\"WebSite\",\"@id\":\"https:\\\/\\\/xstyle.md\\\/#website\",\"url\":\"https:\\\/\\\/xstyle.md\\\/\",\"name\":\"\u041c\u0430\u0433\u0430\u0437\u0438\u043d Xstyle\",\"description\":\"C\u043d\u0430\u0440\u044f\u0436\u0435\u043d\u0438\u0435 \u0434\u043b\u044f \u0442\u0443\u0440\u0438\u0437\u043c\u0430 \u0438 \u044d\u043a\u0441\u0442\u0440\u0435\u043c\u0430\u043b\u044c\u043d\u044b\u0445 \u0432\u0438\u0434\u043e\u0432 \u0441\u043f\u043e\u0440\u0442\u0430 \u0432 \u041c\u043e\u043b\u0434\u043e\u0432\u0435.. \u0426\u0435\u043d\u044b, \u0444\u043e\u0442\u043e, \u0445\u0430\u0440\u0430\u043a\u0442\u0435\u0440\u0438\u0441\u0442\u0438\u043a\u0438 \u0432 \u041c\u043e\u043b\u0434\u043e\u0432\u0435.\",\"publisher\":{\"@id\":\"https:\\\/\\\/xstyle.md\\\/#organization\"},\"alternateName\":\"X-Style\",\"potentialAction\":[{\"@type\":\"SearchAction\",\"target\":{\"@type\":\"EntryPoint\",\"urlTemplate\":\"https:\\\/\\\/xstyle.md\\\/?s={search_term_string}\"},\"query-input\":{\"@type\":\"PropertyValueSpecification\",\"valueRequired\":true,\"valueName\":\"search_term_string\"}}],\"inLanguage\":\"ro-RO\"},{\"@type\":\"Organization\",\"@id\":\"https:\\\/\\\/xstyle.md\\\/#organization\",\"name\":\"\u041c\u0430\u0433\u0430\u0437\u0438\u043d Xstyle\",\"alternateName\":\"x-style\",\"url\":\"https:\\\/\\\/xstyle.md\\\/\",\"logo\":{\"@type\":\"ImageObject\",\"inLanguage\":\"ro-RO\",\"@id\":\"https:\\\/\\\/xstyle.md\\\/#\\\/schema\\\/logo\\\/image\\\/\",\"url\":\"https:\\\/\\\/xstyle.md\\\/wp-content\\\/uploads\\\/2020\\\/06\\\/logoicon.svg\",\"contentUrl\":\"https:\\\/\\\/xstyle.md\\\/wp-content\\\/uploads\\\/2020\\\/06\\\/logoicon.svg\",\"caption\":\"\u041c\u0430\u0433\u0430\u0437\u0438\u043d Xstyle\"},\"image\":{\"@id\":\"https:\\\/\\\/xstyle.md\\\/#\\\/schema\\\/logo\\\/image\\\/\"},\"sameAs\":[\"https:\\\/\\\/www.facebook.com\\\/xstylemd\",\"https:\\\/\\\/www.instagram.com\\\/xstyle_md\\\/\",\"https:\\\/\\\/t.me\\\/xstyle_outdoor\"],\"hasMerchantReturnPolicy\":{\"@type\":\"MerchantReturnPolicy\",\"merchantReturnLink\":\"https:\\\/\\\/xstyle.md\\\/ro\\\/conditions\\\/\"}}]}<\/script>\n<meta property=\"product:price:amount\" content=\"1390.00\" \/>\n<meta property=\"product:price:currency\" content=\"MDL\" \/>\n<meta property=\"og:availability\" content=\"instock\" \/>\n<meta property=\"product:availability\" content=\"instock\" \/>\n<meta property=\"product:retailer_item_id\" content=\"6942870310190\" \/>\n<meta property=\"product:condition\" content=\"new\" \/>\n<!-- \/ Yoast SEO plugin. -->","yoast_head_json":{"title":"\u0424\u043e\u043d\u0430\u0440\u044c Fenix LD12R LED - \u041c\u0430\u0433\u0430\u0437\u0438\u043d Xstyle","robots":{"index":"index","follow":"follow","max-snippet":"max-snippet:-1","max-image-preview":"max-image-preview:large","max-video-preview":"max-video-preview:-1"},"canonical":"https:\/\/xstyle.md\/ro\/produs\/fonar-fenix-ld12r-led\/","og_locale":"ro_RO","og_type":"article","og_title":"\u0424\u043e\u043d\u0430\u0440\u044c Fenix LD12R LED - \u041c\u0430\u0433\u0430\u0437\u0438\u043d Xstyle","og_description":"\u0411\u0440\u0435\u043d\u0434 Fenix \u2013 \u0432\u0435\u0434\u0443\u0449\u0438\u0439 \u0432 \u043c\u0438\u0440\u0435 \u043f\u0440\u043e\u0438\u0437\u0432\u043e\u0434\u0438\u0442\u0435\u043b\u044c \u0441\u043e\u0432\u0440\u0435\u043c\u0435\u043d\u043d\u044b\u0445 \u0444\u043e\u043d\u0430\u0440\u0435\u0439: \u0442\u0430\u043a\u0442\u0438\u0447\u0435\u0441\u043a\u0438\u0445, \u0442\u0443\u0440\u0438\u0441\u0442\u0438\u0447\u0435\u0441\u043a\u0438\u0445, \u0444\u043e\u043d\u0430\u0440\u0435\u0439-\u043f\u0440\u043e\u0436\u0435\u043a\u0442\u043e\u0440\u043e\u0432, \u0432\u0435\u043b\u043e\u0444\u0430\u0440 \u0438 \u0430\u043a\u0441\u0435\u0441\u0441\u0443\u0430\u0440\u043e\u0432 \u043a \u043d\u0438\u043c. \u041e\u0441\u043d\u043e\u0432\u0430\u043d\u043d\u0430\u044f \u0431\u043e\u043b\u0435\u0435 20 \u043b\u0435\u0442 \u043d\u0430\u0437\u0430\u0434, \u043a\u043e\u043c\u043f\u0430\u043d\u0438\u044f \u043f\u043e\u043b\u0443\u0447\u0438\u043b\u0430 \u043f\u0440\u0438\u0437\u043d\u0430\u043d\u0438\u0435 \u0442\u0435\u0445, \u043a\u0442\u043e \u0446\u0435\u043d\u0438\u0442 \u0444\u0443\u043d\u043a\u0446\u0438\u043e\u043d\u0430\u043b\u044c\u043d\u043e\u0441\u0442\u044c \u0438 \u0440\u0430\u0431\u043e\u0442\u043e\u0441\u043f\u043e\u0441\u043e\u0431\u043d\u043e\u0441\u0442\u044c \u043f\u0440\u0438\u0431\u043e\u0440\u043e\u0432. \u041f\u0440\u043e\u0434\u0443\u043a\u0446\u0438\u044f Fenix \u043d\u0430\u0448\u043b\u0430 \u0448\u0438\u0440\u043e\u043a\u043e\u0435 \u043f\u0440\u0438\u043c\u0435\u043d\u0435\u043d\u0438\u0435 \u0432 \u0434\u043e\u043c\u0430\u0448\u043d\u0435\u043c \u043e\u0431\u0438\u0445\u043e\u0434\u0435, \u043f\u043e\u043b\u044e\u0431\u0438\u043b\u0430\u0441\u044c \u0441\u043f\u043e\u0440\u0442\u0441\u043c\u0435\u043d\u0430\u043c, \u043b\u044e\u0431\u0438\u0442\u0435\u043b\u044f\u043c \u0442\u0443\u0440\u0438\u0441\u0442\u0438\u0447\u0435\u0441\u043a\u043e\u0433\u043e \u043e\u0442\u0434\u044b\u0445\u0430 \u0438 \u0441\u043b\u0443\u0436\u0430\u0449\u0438\u043c \u0441\u043f\u0435\u0446\u0438\u0430\u043b\u044c\u043d\u044b\u0445 \u043e\u0440\u0433\u0430\u043d\u0438\u0437\u0430\u0446\u0438\u0439, \u0431\u043b\u0430\u0433\u043e\u0434\u0430\u0440\u044f \u0434\u043e\u043b\u0433\u043e\u0432\u0440\u0435\u043c\u0435\u043d\u043d\u043e\u0439 \u0440\u0430\u0431\u043e\u0442\u0435 \u0431\u0430\u0442\u0430\u0440\u0435\u0439, \u044d\u0440\u0433\u043e\u043d\u043e\u043c\u0438\u0447\u043d\u043e\u043c\u0443 \u0434\u0438\u0437\u0430\u0439\u043d\u0443 [&hellip;]","og_url":"https:\/\/xstyle.md\/ro\/produs\/fonar-fenix-ld12r-led\/","og_site_name":"\u041c\u0430\u0433\u0430\u0437\u0438\u043d Xstyle","article_publisher":"https:\/\/www.facebook.com\/xstylemd","article_modified_time":"2026-02-18T11:50:03+00:00","og_image":[{"width":970,"height":970,"url":"https:\/\/xstyle.md\/wp-content\/uploads\/2024\/11\/fenix-ld12r-led.webp","type":"image\/webp"}],"twitter_card":"summary_large_image","twitter_misc":{"Pre\u021b":"1.390&nbsp;MDL","Disponibilitate":"\u00cen stoc"},"schema":{"@context":"https:\/\/schema.org","@graph":[{"@type":"WebPage","@id":"https:\/\/xstyle.md\/product\/fonar-fenix-ld12r-led\/","url":"https:\/\/xstyle.md\/product\/fonar-fenix-ld12r-led\/","name":"\u0424\u043e\u043d\u0430\u0440\u044c Fenix LD12R LED - \u041c\u0430\u0433\u0430\u0437\u0438\u043d Xstyle","isPartOf":{"@id":"https:\/\/xstyle.md\/#website"},"primaryImageOfPage":{"@id":"https:\/\/xstyle.md\/product\/fonar-fenix-ld12r-led\/#primaryimage"},"image":{"@id":"https:\/\/xstyle.md\/product\/fonar-fenix-ld12r-led\/#primaryimage"},"thumbnailUrl":"https:\/\/xstyle.md\/wp-content\/uploads\/2024\/11\/fenix-ld12r-led.webp","datePublished":"2024-11-25T08:57:59+00:00","dateModified":"2026-02-18T11:50:03+00:00","breadcrumb":{"@id":"https:\/\/xstyle.md\/product\/fonar-fenix-ld12r-led\/#breadcrumb"},"inLanguage":"ro-RO","potentialAction":[{"@type":"ReadAction","target":["https:\/\/xstyle.md\/product\/fonar-fenix-ld12r-led\/"]}]},{"@type":"ImageObject","inLanguage":"ro-RO","@id":"https:\/\/xstyle.md\/product\/fonar-fenix-ld12r-led\/#primaryimage","url":"https:\/\/xstyle.md\/wp-content\/uploads\/2024\/11\/fenix-ld12r-led.webp","contentUrl":"https:\/\/xstyle.md\/wp-content\/uploads\/2024\/11\/fenix-ld12r-led.webp","width":970,"height":970,"caption":"\u0424\u043e\u043d\u0430\u0440\u044c Fenix LD12R, \u0438\u0434\u0435\u0430\u043b\u044c\u043d\u044b\u0439 \u0434\u043b\u044f \u0430\u043a\u0442\u0438\u0432\u043d\u043e\u0433\u043e \u043e\u0442\u0434\u044b\u0445\u0430, \u043f\u043e\u0445\u043e\u0434\u043e\u0432 \u0438 \u043f\u0443\u0442\u0435\u0448\u0435\u0441\u0442\u0432\u0438\u0439, \u0441\u043e\u0432\u043c\u0435\u0441\u0442\u0438\u043c\u044b\u0439 \u0441 \u043e\u0434\u0435\u0436\u0434\u043e\u0439 \u0438 \u043e\u0431\u0443\u0432\u044c\u044e \u0434\u043b\u044f \u0445\u0430\u0439\u043a\u0438\u043d\u0433\u0430 \u0438 \u0430\u043b\u043f\u0438\u043d\u0438\u0437\u043c\u0430."},{"@type":"BreadcrumbList","@id":"https:\/\/xstyle.md\/product\/fonar-fenix-ld12r-led\/#breadcrumb","itemListElement":[{"@type":"ListItem","position":1,"name":"\u0413\u043b\u0430\u0432\u043d\u0430\u044f \u0441\u0442\u0440\u0430\u043d\u0438\u0446\u0430","item":"https:\/\/xstyle.md\/"},{"@type":"ListItem","position":2,"name":"\u041c\u0430\u0433\u0430\u0437\u0438\u043d","item":"https:\/\/xstyle.md\/shop\/"},{"@type":"ListItem","position":3,"name":"\u0424\u043e\u043d\u0430\u0440\u044c Fenix LD12R LED"}]},{"@type":"WebSite","@id":"https:\/\/xstyle.md\/#website","url":"https:\/\/xstyle.md\/","name":"Magazinul X-Style","description":"Echipamente pentru turism \u0219i sporturi extreme \u00een Moldova. Pre\u021buri, fotografii, caracteristici \u00een Moldova.","publisher":{"@id":"https:\/\/xstyle.md\/#organization"},"alternateName":"X-Style","potentialAction":[{"@type":"SearchAction","target":{"@type":"EntryPoint","urlTemplate":"https:\/\/xstyle.md\/?s={search_term_string}"},"query-input":{"@type":"PropertyValueSpecification","valueRequired":true,"valueName":"search_term_string"}}],"inLanguage":"ro-RO"},{"@type":"Organization","@id":"https:\/\/xstyle.md\/#organization","name":"Magazinul X-Style","alternateName":"x-style","url":"https:\/\/xstyle.md\/","logo":{"@type":"ImageObject","inLanguage":"ro-RO","@id":"https:\/\/xstyle.md\/#\/schema\/logo\/image\/","url":"https:\/\/xstyle.md\/wp-content\/uploads\/2020\/06\/logoicon.svg","contentUrl":"https:\/\/xstyle.md\/wp-content\/uploads\/2020\/06\/logoicon.svg","caption":"\u041c\u0430\u0433\u0430\u0437\u0438\u043d Xstyle"},"image":{"@id":"https:\/\/xstyle.md\/#\/schema\/logo\/image\/"},"sameAs":["https:\/\/www.facebook.com\/xstylemd","https:\/\/www.instagram.com\/xstyle_md\/","https:\/\/t.me\/xstyle_outdoor"],"hasMerchantReturnPolicy":{"@type":"MerchantReturnPolicy","merchantReturnLink":"https:\/\/xstyle.md\/ro\/conditions\/"}}]},"product_price_amount":"1390.00","product_price_currency":"MDL","og_availability":"instock","product_availability":"instock","product_retailer_item_id":"6942870310190","product_condition":"new"},"_links":{"self":[{"href":"https:\/\/xstyle.md\/ro\/wp-json\/wp\/v2\/product\/89905","targetHints":{"allow":["GET"]}}],"collection":[{"href":"https:\/\/xstyle.md\/ro\/wp-json\/wp\/v2\/product"}],"about":[{"href":"https:\/\/xstyle.md\/ro\/wp-json\/wp\/v2\/types\/product"}],"replies":[{"embeddable":true,"href":"https:\/\/xstyle.md\/ro\/wp-json\/wp\/v2\/comments?post=89905"}],"wp:featuredmedia":[{"embeddable":true,"href":"https:\/\/xstyle.md\/ro\/wp-json\/wp\/v2\/media\/90357"}],"wp:attachment":[{"href":"https:\/\/xstyle.md\/ro\/wp-json\/wp\/v2\/media?parent=89905"}],"wp:term":[{"taxonomy":"product_brand","embeddable":true,"href":"https:\/\/xstyle.md\/ro\/wp-json\/wp\/v2\/product_brand?post=89905"},{"taxonomy":"product_cat","embeddable":true,"href":"https:\/\/xstyle.md\/ro\/wp-json\/wp\/v2\/product_cat?post=89905"},{"taxonomy":"product_tag","embeddable":true,"href":"https:\/\/xstyle.md\/ro\/wp-json\/wp\/v2\/product_tag?post=89905"}],"curies":[{"name":"wp","href":"https:\/\/api.w.org\/{rel}","templated":true}]}}