{"id":89863,"date":"2024-11-25T11:57:45","date_gmt":"2024-11-25T08:57:45","guid":{"rendered":"https:\/\/xstyle.md\/?post_type=product&#038;p=89863"},"modified":"2026-03-14T21:52:03","modified_gmt":"2026-03-14T18:52:03","slug":"krossovki-asolo-field-gv-ml-jeans-blue","status":"publish","type":"product","link":"https:\/\/xstyle.md\/ro\/produs\/krossovki-asolo-field-gv-ml-jeans-blue\/","title":{"rendered":"Adida\u0219i Asolo Field GV ML jeans blue"},"content":{"rendered":"<br \/>\n<strong>Asolo Field GV &#8212; <\/strong>\u00eenc\u0103l\u021b\u0103minte de alergare u\u0219oar\u0103 \u0219i confortabil\u0103 pentru femei, care vor fi comozi \u0219i de \u00eencredere at\u0103t pentru plimb\u0103rile, c\u00e2t \u0219i pentru ora\u0219. Partea superioar\u0103 este fabricat\u0103 din nubuc cu impregnare rezistent\u0103 la umezeal\u0103, are o form\u0103 confortabil\u0103, creeaz\u0103 sus\u021binere optim\u0103, protec\u021bie \u0219i confort. Pentru cea mai bun\u0103 performan\u021b\u0103 de rezisten\u021b\u0103 la ap\u0103, modelul este echipat cu o membran\u0103 Gore-Tex care protejeaz\u0103 \u00eempotriva umezelii \u0219i men\u021bine respirabilitatea. Tampa groas\u0103 din cauciuc pentru protec\u021bie \u0219i durabilitate sporit\u0103.<\/p>\n<h3>Particularit\u0103\u021bi<\/h3>\n<ul>\n<li>Partea superioar\u0103 durabil\u0103 din nubuc natural cu grosimea de 1,3-1,5 mm, cu impregnare rezistent\u0103 la umiditate;<\/li>\n<li>Zona man\u0219etei este c\u0103ptu\u0219it\u0103 cu piele natural\u0103 pentru confort \u0219i durabilitate maxim\u0103;<\/li>\n<li>Talp\u0103 intermediar\u0103 microporoas\u0103 ofer\u0103 o amortizare optim\u0103 \u0219i suport anatomic;<\/li>\n<li>Modelul benzii de rulare cu autocur\u0103\u021bare;<\/li>\n<li>Prezen\u021ba membranei protejeaz\u0103 \u00eempotriva umezirii, f\u0103r\u0103 a interfera cu ventila\u021bia;<\/li>\n<li>Talpa exterioar\u0103 este realizat\u0103 dintr-un compus special din cauciuc MegaGrip, care este durabil \u0219i are aderen\u021b\u0103 optim\u0103 pe diverse suprafe\u021be, inclusiv pe cele umede;<\/li>\n<li>Talp\u0103 interioar\u0103 anatomic\u0103 \u201eGround\u201d.<\/li>\n<\/ul>\n<h3>Caracteristici<\/h3>\n<ul>\n<li>Material superior &#8212; nubuc rezistent la umezeal\u0103;<\/li>\n<li>Membran\u0103 &#8212; GORE-TEX\u00ae Extended Comfort;<\/li>\n<li>Talp\u0103 &#8212; Vibram\u00ae Grounde Outsole Megagrip;<\/li>\n<li>Destina\u021bie &#8212; trekking\/ora\u0219;<\/li>\n<li>Sezon &#8212; demi-sezon;<\/li>\n<li>Model - pentru femei.<\/li>\n<\/ul>\n<h3>Tehnologie<\/h3>\n<ul>\n<li><strong>Megagrip<\/strong>\u00a0&#8212; tehnologie \u00een care designul urmeaz\u0103 forma anatomic\u0103 a c\u0103lc\u00e2iului. Datorit\u0103 structurii \u00een form\u0103 de T, ofer\u0103 o fixare excelent\u0103 \u0219i un suport excelent pentru c\u0103lc\u00e2i. Realizat cu inser\u021bii din poliuretan pentru a preveni abraziunea.<\/li>\n<li><strong>Gore-Tex\u00ae Extended Comfort &#8212;\u00a0<\/strong>membran\u0103 care ofer\u0103 protec\u021bie impermeabil\u0103 \u0219i respirabilitate excelent\u0103 pe vreme moderat\u0103 p\u00e2n\u0103 la cald\u0103 \u0219i niveluri ridicate de activitate. Excelent atunci c\u00e2nd trebuie s\u0103 minimiza\u021bi re\u021binerea c\u0103ldurii \u00een interiorul \u00eenc\u0103l\u021b\u0103mintei.<\/li>\n<li><strong>Vibram\u00ae Redster &#8212;\u00a0<\/strong>construc\u021bie special\u0103 a t\u0103lpii intermediare, care este realizat\u0103 din straturi de EVA turnat. Stratul de \u00eenalt\u0103 densitate garanteaz\u0103 stabilitate, \u00een timp ce stratul de densitate joas\u0103 ofer\u0103 confort \u0219i amortizare. Canalele de autocur\u0103\u021bare \u021bin murd\u0103ria departe de talp\u0103. Talpa Megagrip este realizat\u0103 dintr-un compus special de cauciuc, mai v\u00e2scos, pentru o trac\u021biune excelent\u0103 chiar \u0219i pe suprafe\u021be umede.<\/li>\n<\/ul>\n<h3 class=\"clear\" data-reader-unique-id=\"31\">Marca<\/h3>\n<p data-reader-unique-id=\"32\">ASOLO \u2014 este una dintre cele mai mari companii produc\u0103toare de \u00eenc\u0103l\u021b\u0103minte de trekking, \u00eenc\u0103l\u021b\u0103minte de mare altitudine, \u00eenc\u0103l\u021b\u0103minte urbani \u0219i multisport. Compania italian\u0103 ASOLO exist\u0103 din 1975 \u0219i de la na\u0219tere nu a \u00eencetat s\u0103 uimeasc\u0103 lumea industriei sportului cu evolu\u021biile sale inovatoare.<\/p>\n<p data-reader-unique-id=\"33\">ASOLO \u00eentruchipeaz\u0103 cele mai recente realiz\u0103ri ale tehnologiei moderne \u0219i cele mai moderne materiale \u00een \u00eenc\u0103l\u021b\u0103minte, f\u0103c\u00e2ndu-l din ce \u00een ce mai perfect \u00een fiecare an. Calzi, u\u0219ori, confortabili \u0219i rezisten\u021bi, \u00eenc\u0103l\u021b\u0103mintea ASOLO folose\u0219te t\u0103lpi VIBRAM. Au o stabilitate uimitoare pe teren \u0219i previn alunecarea pe cele mai abrupte cobor\u00e2ri.<\/p>\n<p data-reader-unique-id=\"34\">Croirea excelent\u0103 \u0219i performan\u021ba, sunt punctele forte ale m\u0103rcii ASOLO.<\/p>\n<p><\/p>","protected":false},"excerpt":{"rendered":"","protected":false},"featured_media":90596,"comment_status":"open","ping_status":"closed","template":"","meta":{"_acf_changed":false,"inline_featured_image":false},"product_brand":[1277],"product_cat":[142],"product_tag":[],"class_list":{"0":"post-89863","1":"product","2":"type-product","3":"status-publish","4":"has-post-thumbnail","6":"product_brand-asolo","7":"product_cat-sport-shoes","8":"pa_razmer-shoes-38-2-3","9":"pa_razmer-shoes-39-1-3","10":"pa_razmer-shoes-984","12":"first","13":"instock","14":"shipping-taxable","15":"purchasable","16":"product-type-variable"},"acf":[],"yoast_head":"<!-- This site is optimized with the Yoast SEO plugin v27.2 - https:\/\/yoast.com\/product\/yoast-seo-wordpress\/ -->\n<title>\u041a\u0440\u043e\u0441\u0441\u043e\u0432\u043a\u0438 Asolo Field GV ML jeans blue - \u041c\u0430\u0433\u0430\u0437\u0438\u043d Xstyle<\/title>\n<meta name=\"robots\" content=\"index, follow, max-snippet:-1, max-image-preview:large, max-video-preview:-1\" \/>\n<link rel=\"canonical\" href=\"https:\/\/xstyle.md\/ro\/produs\/krossovki-asolo-field-gv-ml-jeans-blue\/\" \/>\n<meta property=\"og:locale\" content=\"ro_RO\" \/>\n<meta property=\"og:type\" content=\"article\" \/>\n<meta property=\"og:title\" content=\"\u041a\u0440\u043e\u0441\u0441\u043e\u0432\u043a\u0438 Asolo Field GV ML jeans blue - \u041c\u0430\u0433\u0430\u0437\u0438\u043d Xstyle\" \/>\n<meta property=\"og:url\" content=\"https:\/\/xstyle.md\/ro\/produs\/krossovki-asolo-field-gv-ml-jeans-blue\/\" \/>\n<meta property=\"og:site_name\" content=\"\u041c\u0430\u0433\u0430\u0437\u0438\u043d Xstyle\" \/>\n<meta property=\"article:publisher\" content=\"https:\/\/www.facebook.com\/xstylemd\" \/>\n<meta property=\"article:modified_time\" content=\"2026-03-14T18:52:03+00:00\" \/>\n<meta property=\"og:image\" content=\"https:\/\/xstyle.md\/wp-content\/uploads\/2024\/11\/asolo-field-gv-ml-jeans-blue.webp\" \/>\n\t<meta property=\"og:image:width\" content=\"1400\" \/>\n\t<meta property=\"og:image:height\" content=\"1400\" \/>\n\t<meta property=\"og:image:type\" content=\"image\/webp\" \/>\n<meta name=\"twitter:card\" content=\"summary_large_image\" \/>\n<meta name=\"twitter:label1\" content=\"Disponibilitate\" \/>\n\t<meta name=\"twitter:data1\" content=\"\u00cen stoc\" \/>\n<script type=\"application\/ld+json\" class=\"yoast-schema-graph\">{\"@context\":\"https:\/\/schema.org\",\"@graph\":[{\"@type\":\"WebPage\",\"@id\":\"https:\/\/xstyle.md\/product\/krossovki-asolo-field-gv-ml-jeans-blue\/\",\"url\":\"https:\/\/xstyle.md\/product\/krossovki-asolo-field-gv-ml-jeans-blue\/\",\"name\":\"\u041a\u0440\u043e\u0441\u0441\u043e\u0432\u043a\u0438 Asolo Field GV ML jeans blue - \u041c\u0430\u0433\u0430\u0437\u0438\u043d Xstyle\",\"isPartOf\":{\"@id\":\"https:\/\/xstyle.md\/#website\"},\"primaryImageOfPage\":{\"@id\":\"https:\/\/xstyle.md\/product\/krossovki-asolo-field-gv-ml-jeans-blue\/#primaryimage\"},\"image\":{\"@id\":\"https:\/\/xstyle.md\/product\/krossovki-asolo-field-gv-ml-jeans-blue\/#primaryimage\"},\"thumbnailUrl\":\"https:\/\/xstyle.md\/wp-content\/uploads\/2024\/11\/asolo-field-gv-ml-jeans-blue.webp\",\"datePublished\":\"2024-11-25T08:57:45+00:00\",\"dateModified\":\"2026-03-14T18:52:03+00:00\",\"breadcrumb\":{\"@id\":\"https:\/\/xstyle.md\/product\/krossovki-asolo-field-gv-ml-jeans-blue\/#breadcrumb\"},\"inLanguage\":\"ro-RO\",\"potentialAction\":[{\"@type\":\"ReadAction\",\"target\":[\"https:\/\/xstyle.md\/product\/krossovki-asolo-field-gv-ml-jeans-blue\/\"]}]},{\"@type\":\"ImageObject\",\"inLanguage\":\"ro-RO\",\"@id\":\"https:\/\/xstyle.md\/product\/krossovki-asolo-field-gv-ml-jeans-blue\/#primaryimage\",\"url\":\"https:\/\/xstyle.md\/wp-content\/uploads\/2024\/11\/asolo-field-gv-ml-jeans-blue.webp\",\"contentUrl\":\"https:\/\/xstyle.md\/wp-content\/uploads\/2024\/11\/asolo-field-gv-ml-jeans-blue.webp\",\"width\":1400,\"height\":1400,\"caption\":\"\u0423\u0434\u043e\u0431\u043d\u044b\u0435 \u043c\u0443\u0436\u0441\u043a\u0438\u0435 \u0434\u0436\u0438\u043d\u0441\u044b Asolo, \u0438\u0434\u0435\u0430\u043b\u044c\u043d\u044b\u0435 \u0434\u043b\u044f \u0430\u043a\u0442\u0438\u0432\u043d\u043e\u0433\u043e \u043e\u0442\u0434\u044b\u0445\u0430, \u043f\u043e\u0445\u043e\u0434\u043e\u0432, \u0430\u043b\u044c\u043f\u0438\u043d\u0438\u0437\u043c\u0430 \u0438 \u043f\u0443\u0442\u0435\u0448\u0435\u0441\u0442\u0432\u0438\u0439, \u0441\u043e\u0447\u0435\u0442\u0430\u044e\u0449\u0438\u0435 \u0441\u0442\u0438\u043b\u044c \u0438 \u0444\u0443\u043d\u043a\u0446\u0438\u043e\u043d\u0430\u043b\u044c\u043d\u043e\u0441\u0442\u044c.\"},{\"@type\":\"BreadcrumbList\",\"@id\":\"https:\/\/xstyle.md\/product\/krossovki-asolo-field-gv-ml-jeans-blue\/#breadcrumb\",\"itemListElement\":[{\"@type\":\"ListItem\",\"position\":1,\"name\":\"\u0413\u043b\u0430\u0432\u043d\u0430\u044f \u0441\u0442\u0440\u0430\u043d\u0438\u0446\u0430\",\"item\":\"https:\/\/xstyle.md\/\"},{\"@type\":\"ListItem\",\"position\":2,\"name\":\"\u041c\u0430\u0433\u0430\u0437\u0438\u043d\",\"item\":\"https:\/\/xstyle.md\/shop\/\"},{\"@type\":\"ListItem\",\"position\":3,\"name\":\"\u041a\u0440\u043e\u0441\u0441\u043e\u0432\u043a\u0438 Asolo Field GV ML jeans blue\"}]},{\"@type\":\"WebSite\",\"@id\":\"https:\/\/xstyle.md\/#website\",\"url\":\"https:\/\/xstyle.md\/\",\"name\":\"\u041c\u0430\u0433\u0430\u0437\u0438\u043d Xstyle\",\"description\":\"C\u043d\u0430\u0440\u044f\u0436\u0435\u043d\u0438\u0435 \u0434\u043b\u044f \u0442\u0443\u0440\u0438\u0437\u043c\u0430 \u0438 \u044d\u043a\u0441\u0442\u0440\u0435\u043c\u0430\u043b\u044c\u043d\u044b\u0445 \u0432\u0438\u0434\u043e\u0432 \u0441\u043f\u043e\u0440\u0442\u0430 \u0432 \u041c\u043e\u043b\u0434\u043e\u0432\u0435.. \u0426\u0435\u043d\u044b, \u0444\u043e\u0442\u043e, \u0445\u0430\u0440\u0430\u043a\u0442\u0435\u0440\u0438\u0441\u0442\u0438\u043a\u0438 \u0432 \u041c\u043e\u043b\u0434\u043e\u0432\u0435.\",\"publisher\":{\"@id\":\"https:\/\/xstyle.md\/#organization\"},\"alternateName\":\"X-Style\",\"potentialAction\":[{\"@type\":\"SearchAction\",\"target\":{\"@type\":\"EntryPoint\",\"urlTemplate\":\"https:\/\/xstyle.md\/?s={search_term_string}\"},\"query-input\":{\"@type\":\"PropertyValueSpecification\",\"valueRequired\":true,\"valueName\":\"search_term_string\"}}],\"inLanguage\":\"ro-RO\"},{\"@type\":\"Organization\",\"@id\":\"https:\/\/xstyle.md\/#organization\",\"name\":\"\u041c\u0430\u0433\u0430\u0437\u0438\u043d Xstyle\",\"alternateName\":\"x-style\",\"url\":\"https:\/\/xstyle.md\/\",\"logo\":{\"@type\":\"ImageObject\",\"inLanguage\":\"ro-RO\",\"@id\":\"https:\/\/xstyle.md\/#\/schema\/logo\/image\/\",\"url\":\"https:\/\/xstyle.md\/wp-content\/uploads\/2020\/06\/logoicon.svg\",\"contentUrl\":\"https:\/\/xstyle.md\/wp-content\/uploads\/2020\/06\/logoicon.svg\",\"caption\":\"\u041c\u0430\u0433\u0430\u0437\u0438\u043d Xstyle\"},\"image\":{\"@id\":\"https:\/\/xstyle.md\/#\/schema\/logo\/image\/\"},\"sameAs\":[\"https:\/\/www.facebook.com\/xstylemd\",\"https:\/\/www.instagram.com\/xstyle_md\/\",\"https:\/\/t.me\/xstyle_outdoor\"],\"hasMerchantReturnPolicy\":{\"@type\":\"MerchantReturnPolicy\",\"merchantReturnLink\":\"https:\/\/xstyle.md\/ro\/conditions\/\"}}]}<\/script>\n<meta property=\"og:availability\" content=\"instock\" \/>\n<meta property=\"product:availability\" content=\"instock\" \/>\n<meta property=\"product:retailer_item_id\" content=\"X8026948007941\" \/>\n<meta property=\"product:condition\" content=\"new\" \/>\n<!-- \/ Yoast SEO plugin. -->","yoast_head_json":{"title":"\u041a\u0440\u043e\u0441\u0441\u043e\u0432\u043a\u0438 Asolo Field GV ML jeans blue - \u041c\u0430\u0433\u0430\u0437\u0438\u043d Xstyle","robots":{"index":"index","follow":"follow","max-snippet":"max-snippet:-1","max-image-preview":"max-image-preview:large","max-video-preview":"max-video-preview:-1"},"canonical":"https:\/\/xstyle.md\/ro\/produs\/krossovki-asolo-field-gv-ml-jeans-blue\/","og_locale":"ro_RO","og_type":"article","og_title":"\u041a\u0440\u043e\u0441\u0441\u043e\u0432\u043a\u0438 Asolo Field GV ML jeans blue - \u041c\u0430\u0433\u0430\u0437\u0438\u043d Xstyle","og_url":"https:\/\/xstyle.md\/ro\/produs\/krossovki-asolo-field-gv-ml-jeans-blue\/","og_site_name":"\u041c\u0430\u0433\u0430\u0437\u0438\u043d Xstyle","article_publisher":"https:\/\/www.facebook.com\/xstylemd","article_modified_time":"2026-03-14T18:52:03+00:00","og_image":[{"width":1400,"height":1400,"url":"https:\/\/xstyle.md\/wp-content\/uploads\/2024\/11\/asolo-field-gv-ml-jeans-blue.webp","type":"image\/webp"}],"twitter_card":"summary_large_image","twitter_misc":{"Disponibilitate":"\u00cen stoc"},"schema":{"@context":"https:\/\/schema.org","@graph":[{"@type":"WebPage","@id":"https:\/\/xstyle.md\/product\/krossovki-asolo-field-gv-ml-jeans-blue\/","url":"https:\/\/xstyle.md\/product\/krossovki-asolo-field-gv-ml-jeans-blue\/","name":"\u041a\u0440\u043e\u0441\u0441\u043e\u0432\u043a\u0438 Asolo Field GV ML jeans blue - \u041c\u0430\u0433\u0430\u0437\u0438\u043d Xstyle","isPartOf":{"@id":"https:\/\/xstyle.md\/#website"},"primaryImageOfPage":{"@id":"https:\/\/xstyle.md\/product\/krossovki-asolo-field-gv-ml-jeans-blue\/#primaryimage"},"image":{"@id":"https:\/\/xstyle.md\/product\/krossovki-asolo-field-gv-ml-jeans-blue\/#primaryimage"},"thumbnailUrl":"https:\/\/xstyle.md\/wp-content\/uploads\/2024\/11\/asolo-field-gv-ml-jeans-blue.webp","datePublished":"2024-11-25T08:57:45+00:00","dateModified":"2026-03-14T18:52:03+00:00","breadcrumb":{"@id":"https:\/\/xstyle.md\/product\/krossovki-asolo-field-gv-ml-jeans-blue\/#breadcrumb"},"inLanguage":"ro-RO","potentialAction":[{"@type":"ReadAction","target":["https:\/\/xstyle.md\/product\/krossovki-asolo-field-gv-ml-jeans-blue\/"]}]},{"@type":"ImageObject","inLanguage":"ro-RO","@id":"https:\/\/xstyle.md\/product\/krossovki-asolo-field-gv-ml-jeans-blue\/#primaryimage","url":"https:\/\/xstyle.md\/wp-content\/uploads\/2024\/11\/asolo-field-gv-ml-jeans-blue.webp","contentUrl":"https:\/\/xstyle.md\/wp-content\/uploads\/2024\/11\/asolo-field-gv-ml-jeans-blue.webp","width":1400,"height":1400,"caption":"\u0423\u0434\u043e\u0431\u043d\u044b\u0435 \u043c\u0443\u0436\u0441\u043a\u0438\u0435 \u0434\u0436\u0438\u043d\u0441\u044b Asolo, \u0438\u0434\u0435\u0430\u043b\u044c\u043d\u044b\u0435 \u0434\u043b\u044f \u0430\u043a\u0442\u0438\u0432\u043d\u043e\u0433\u043e \u043e\u0442\u0434\u044b\u0445\u0430, \u043f\u043e\u0445\u043e\u0434\u043e\u0432, \u0430\u043b\u044c\u043f\u0438\u043d\u0438\u0437\u043c\u0430 \u0438 \u043f\u0443\u0442\u0435\u0448\u0435\u0441\u0442\u0432\u0438\u0439, \u0441\u043e\u0447\u0435\u0442\u0430\u044e\u0449\u0438\u0435 \u0441\u0442\u0438\u043b\u044c \u0438 \u0444\u0443\u043d\u043a\u0446\u0438\u043e\u043d\u0430\u043b\u044c\u043d\u043e\u0441\u0442\u044c."},{"@type":"BreadcrumbList","@id":"https:\/\/xstyle.md\/product\/krossovki-asolo-field-gv-ml-jeans-blue\/#breadcrumb","itemListElement":[{"@type":"ListItem","position":1,"name":"\u0413\u043b\u0430\u0432\u043d\u0430\u044f \u0441\u0442\u0440\u0430\u043d\u0438\u0446\u0430","item":"https:\/\/xstyle.md\/"},{"@type":"ListItem","position":2,"name":"\u041c\u0430\u0433\u0430\u0437\u0438\u043d","item":"https:\/\/xstyle.md\/shop\/"},{"@type":"ListItem","position":3,"name":"\u041a\u0440\u043e\u0441\u0441\u043e\u0432\u043a\u0438 Asolo Field GV ML jeans blue"}]},{"@type":"WebSite","@id":"https:\/\/xstyle.md\/#website","url":"https:\/\/xstyle.md\/","name":"Magazinul X-Style","description":"Echipamente pentru turism \u0219i sporturi extreme \u00een Moldova. Pre\u021buri, fotografii, caracteristici \u00een Moldova.","publisher":{"@id":"https:\/\/xstyle.md\/#organization"},"alternateName":"X-Style","potentialAction":[{"@type":"SearchAction","target":{"@type":"EntryPoint","urlTemplate":"https:\/\/xstyle.md\/?s={search_term_string}"},"query-input":{"@type":"PropertyValueSpecification","valueRequired":true,"valueName":"search_term_string"}}],"inLanguage":"ro-RO"},{"@type":"Organization","@id":"https:\/\/xstyle.md\/#organization","name":"Magazinul X-Style","alternateName":"x-style","url":"https:\/\/xstyle.md\/","logo":{"@type":"ImageObject","inLanguage":"ro-RO","@id":"https:\/\/xstyle.md\/#\/schema\/logo\/image\/","url":"https:\/\/xstyle.md\/wp-content\/uploads\/2020\/06\/logoicon.svg","contentUrl":"https:\/\/xstyle.md\/wp-content\/uploads\/2020\/06\/logoicon.svg","caption":"\u041c\u0430\u0433\u0430\u0437\u0438\u043d Xstyle"},"image":{"@id":"https:\/\/xstyle.md\/#\/schema\/logo\/image\/"},"sameAs":["https:\/\/www.facebook.com\/xstylemd","https:\/\/www.instagram.com\/xstyle_md\/","https:\/\/t.me\/xstyle_outdoor"],"hasMerchantReturnPolicy":{"@type":"MerchantReturnPolicy","merchantReturnLink":"https:\/\/xstyle.md\/ro\/conditions\/"}}]},"og_availability":"instock","product_availability":"instock","product_retailer_item_id":"X8026948007941","product_condition":"new"},"post_mailing_queue_ids":[],"_links":{"self":[{"href":"https:\/\/xstyle.md\/ro\/wp-json\/wp\/v2\/product\/89863","targetHints":{"allow":["GET"]}}],"collection":[{"href":"https:\/\/xstyle.md\/ro\/wp-json\/wp\/v2\/product"}],"about":[{"href":"https:\/\/xstyle.md\/ro\/wp-json\/wp\/v2\/types\/product"}],"replies":[{"embeddable":true,"href":"https:\/\/xstyle.md\/ro\/wp-json\/wp\/v2\/comments?post=89863"}],"wp:featuredmedia":[{"embeddable":true,"href":"https:\/\/xstyle.md\/ro\/wp-json\/wp\/v2\/media\/90596"}],"wp:attachment":[{"href":"https:\/\/xstyle.md\/ro\/wp-json\/wp\/v2\/media?parent=89863"}],"wp:term":[{"taxonomy":"product_brand","embeddable":true,"href":"https:\/\/xstyle.md\/ro\/wp-json\/wp\/v2\/product_brand?post=89863"},{"taxonomy":"product_cat","embeddable":true,"href":"https:\/\/xstyle.md\/ro\/wp-json\/wp\/v2\/product_cat?post=89863"},{"taxonomy":"product_tag","embeddable":true,"href":"https:\/\/xstyle.md\/ro\/wp-json\/wp\/v2\/product_tag?post=89863"}],"curies":[{"name":"wp","href":"https:\/\/api.w.org\/{rel}","templated":true}]}}