{"id":89564,"date":"2024-11-11T15:32:38","date_gmt":"2024-11-11T12:32:38","guid":{"rendered":"https:\/\/xstyle.md\/?post_type=product&#038;p=89564"},"modified":"2026-03-19T17:29:09","modified_gmt":"2026-03-19T14:29:09","slug":"batnik-ternua-fox-point-hoody-mns-posy-green","status":"publish","type":"product","link":"https:\/\/xstyle.md\/ro\/produs\/batnik-ternua-fox-point-hoody-mns-posy-green\/","title":{"rendered":"Jachet\u0103 Ternua Fox Point Hoody Mns posy green"},"content":{"rendered":"<p><strong>Ternua Fox Point Hoody<\/strong> &#8212; \u043f\u043e\u0432\u0441\u0435\u0434\u043d\u0435\u0432\u043d\u0430\u044f \u0442\u043e\u043b\u0441\u0442\u043e\u0432\u043a\u0430 \u0438\u0434\u0435\u0430\u043b\u044c\u043d\u043e \u043f\u043e\u0434\u0445\u043e\u0434\u0438\u0442 \u0434\u043b\u044f \u0433\u043e\u0440\u043e\u0434\u0441\u043a\u043e\u0433\u043e \u043d\u043e\u0448\u0435\u043d\u0438\u044f, \u043f\u0443\u0442\u0435\u0448\u0435\u0441\u0442\u0432\u0438\u0439 \u0438\u043b\u0438 \u0430\u043a\u0442\u0438\u0432\u043d\u043e\u0433\u043e \u043e\u0442\u0434\u044b\u0445\u0430 \u043d\u0430 \u0441\u0432\u0435\u0436\u0435\u043c \u0432\u043e\u0437\u0434\u0443\u0445\u0435. \u041f\u0440\u044f\u043c\u043e\u0439 \u043a\u0440\u043e\u0439 \u043e\u0431\u0435\u0441\u043f\u0435\u0447\u0438\u0432\u0430\u0435\u0442 \u0443\u0434\u043e\u0431\u0441\u0442\u0432\u043e \u0438 \u0441\u0432\u043e\u0431\u043e\u0434\u0443 \u0434\u0432\u0438\u0436\u0435\u043d\u0438\u0439, \u0430 \u043a\u0430\u043f\u044e\u0448\u043e\u043d \u0437\u0430\u0449\u0438\u0449\u0430\u0435\u0442 \u043e\u0442 \u0445\u043e\u043b\u043e\u0434\u0430 \u0438 \u0432\u0435\u0442\u0440\u0430. \u0422\u043e\u043b\u0441\u0442\u043e\u0432\u043a\u0430 \u0432\u044b\u043f\u043e\u043b\u043d\u0435\u043d\u0430 \u0438\u0437 \u0442\u0435\u043f\u043b\u043e\u0433\u043e \u043c\u0430\u0442\u0435\u0440\u0438\u0430\u043b\u0430 Warmshell \u0441 \u043c\u044f\u0433\u043a\u043e\u0439 \u0432\u043e\u0440\u0441\u0438\u0441\u0442\u043e\u0439 \u0432\u043d\u0443\u0442\u0440\u0435\u043d\u043d\u0435\u0439 \u043f\u043e\u0432\u0435\u0440\u0445\u043d\u043e\u0441\u0442\u044c\u044e, \u0441\u043e\u0445\u0440\u0430\u043d\u044f\u044e\u0449\u0435\u0439 \u0442\u0435\u043f\u043b\u043e \u0438 \u0431\u044b\u0441\u0442\u0440\u043e \u043e\u0442\u0432\u043e\u0434\u044f\u0449\u0435\u0439 \u0432\u043b\u0430\u0433\u0443. \u0413\u043b\u0430\u0434\u043a\u0430\u044f \u0432\u043d\u0435\u0448\u043d\u044f\u044f \u0442\u043a\u0430\u043d\u044c \u043e\u0442\u043b\u0438\u0447\u0430\u0435\u0442\u0441\u044f \u0432\u044b\u0441\u043e\u043a\u043e\u0439 \u0438\u0437\u043d\u043e\u0441\u043e\u0441\u0442\u043e\u0439\u043a\u043e\u0441\u0442\u044c\u044e, \u0447\u0442\u043e \u0434\u0435\u043b\u0430\u0435\u0442 \u0435\u0451 \u043e\u0442\u043b\u0438\u0447\u043d\u044b\u043c \u0432\u044b\u0431\u043e\u0440\u043e\u043c \u0434\u043b\u044f \u043f\u0440\u043e\u0445\u043b\u0430\u0434\u043d\u044b\u0445 \u043b\u0435\u0442\u043d\u0438\u0445 \u0434\u043d\u0435\u0439 \u0438 \u043c\u0435\u0436\u0441\u0435\u0437\u043e\u043d\u044c\u044f. \u042d\u0442\u0430 \u0442\u043e\u043b\u0441\u0442\u043e\u0432\u043a\u0430 \u043f\u043e\u043c\u043e\u0436\u0435\u0442 \u0441\u043e\u0437\u0434\u0430\u0442\u044c \u043a\u0430\u043a \u0441\u043f\u043e\u0440\u0442\u0438\u0432\u043d\u044b\u0435, \u0442\u0430\u043a \u0438 \u043f\u043e\u0432\u0441\u0435\u0434\u043d\u0435\u0432\u043d\u044b\u0435 \u043e\u0431\u0440\u0430\u0437\u044b.<\/p>\n<h3>Particularit\u0103\u021bi<\/h3>\n<ul>\n<li>\u041c\u0430\u0442\u0435\u0440\u0438\u0430\u043b Warmshell \u0441 \u0432\u043e\u0440\u0441\u0438\u0441\u0442\u043e\u0439 \u0432\u043d\u0443\u0442\u0440\u0435\u043d\u043d\u0435\u0439 \u0441\u0442\u043e\u0440\u043e\u043d\u043e\u0439 \u0434\u043b\u044f \u043e\u0442\u043b\u0438\u0447\u043d\u043e\u0433\u043e \u0441\u043e\u0445\u0440\u0430\u043d\u0435\u043d\u0438\u044f \u0442\u0435\u043f\u043b\u0430.<\/li>\n<li>\u0424\u0438\u043a\u0441\u0438\u0440\u043e\u0432\u0430\u043d\u043d\u044b\u0439 \u043a\u0430\u043f\u044e\u0448\u043e\u043d \u0441 \u0443\u0442\u044f\u0436\u043a\u043e\u0439 \u0438 \u0444\u0438\u043a\u0441\u0430\u0442\u043e\u0440\u043e\u043c.<\/li>\n<li>\u041a\u0430\u0440\u043c\u0430\u043d \u043d\u0430 \u043c\u043e\u043b\u043d\u0438\u0438 \u043d\u0430 \u0440\u0443\u043a\u0430\u0432\u0435.<\/li>\n<li>\u042d\u043b\u0430\u0441\u0442\u0438\u0447\u043d\u044b\u0435 \u043c\u0430\u043d\u0436\u0435\u0442\u044b \u0438 \u043d\u0438\u0437 \u0438\u0437 \u043b\u0430\u0439\u043a\u0440\u044b.<\/li>\n<li>\u041f\u0440\u044f\u043c\u043e\u0439 \u043a\u0440\u043e\u0439 \u0434\u043b\u044f \u043a\u043e\u043c\u0444\u043e\u0440\u0442\u043d\u043e\u0439 \u043f\u043e\u0441\u0430\u0434\u043a\u0438.<\/li>\n<li>\u041f\u0435\u0447\u0430\u0442\u044c \u0441 \u0444\u0438\u0440\u043c\u0435\u043d\u043d\u044b\u043c \u043b\u043e\u0433\u043e\u0442\u0438\u043f\u043e\u043c \u0441\u043f\u0435\u0440\u0435\u0434\u0438.<\/li>\n<\/ul>\n<h3>Caracteristici<\/h3>\n<ul>\n<li>Material - 90% poliester, 10% bumbac;<\/li>\n<li>Aplicare - trekking\/hiking\/turism;<\/li>\n<li>Sezon - prim\u0103var\u0103\/var\u0103\/toamn\u0103;<\/li>\n<li>Model - pentru b\u0103rba\u021bi.<\/li>\n<\/ul>\n<h3>Tehnologie<\/h3>\n<ul>\n<li><strong>Warmshell<\/strong> - material tehnologic conceput pentru a preveni pierderile de c\u0103ldur\u0103, pentru a elimina rapid umezeala de pe suprafa\u021ba corpului \u0219i pentru a se usca rapid.<\/li>\n<\/ul>\n<h3>Marca<\/h3>\n<p>Ternua \u2014 un brand spaniol specializat \u00een produc\u021bia de \u00eembr\u0103c\u0103minte tehnice, func\u021bionale \u0219i inovatoare capabile s\u0103 se adapteze la cele mai nefavorabile condi\u021bii meteorologice. Spiritul antreprenorial \u0219i aventuros al v\u00e2n\u0103torilor de balene basci din secolul al XV-lea a inspirat crearea m\u0103rcii outdoor Ternua \u00een 1995. \u00cen limba basc\u0103, \u201eTernua\u201d \u00eenseamn\u0103 balen\u0103, motiv pentru care compania poart\u0103 un astfel de nume, iar logo-ul acesteia \u00eempodobe\u0219te coada balenei. Principiile esen\u021biale ale Ternua sunt pasiunea pentru munte, respectul pentru mediul \u00eenconjur\u0103tor \u0219i respectul pentru r\u0103d\u0103cinile \u0219i originile cuiva. Produc\u0103torul acord\u0103 o aten\u021bie deosebit\u0103 alegerii materialelor, prefer\u0103 culorile bogate, hainele sunt versatile \u0219i se potrivesc bine. \u0218i, de asemenea, brandul trateaz\u0103 natura cu o grij\u0103 deosebit\u0103, sus\u021bin\u00e2nd sustenabilitatea \u0219i produc\u00e2nd haine din materiale reciclate.<\/p>","protected":false},"excerpt":{"rendered":"<p>Ternua Fox Point Hoody &#8212; \u043f\u043e\u0432\u0441\u0435\u0434\u043d\u0435\u0432\u043d\u0430\u044f \u0442\u043e\u043b\u0441\u0442\u043e\u0432\u043a\u0430 \u0438\u0434\u0435\u0430\u043b\u044c\u043d\u043e \u043f\u043e\u0434\u0445\u043e\u0434\u0438\u0442 \u0434\u043b\u044f \u0433\u043e\u0440\u043e\u0434\u0441\u043a\u043e\u0433\u043e \u043d\u043e\u0448\u0435\u043d\u0438\u044f, \u043f\u0443\u0442\u0435\u0448\u0435\u0441\u0442\u0432\u0438\u0439 \u0438\u043b\u0438 \u0430\u043a\u0442\u0438\u0432\u043d\u043e\u0433\u043e \u043e\u0442\u0434\u044b\u0445\u0430 \u043d\u0430 \u0441\u0432\u0435\u0436\u0435\u043c \u0432\u043e\u0437\u0434\u0443\u0445\u0435. \u041f\u0440\u044f\u043c\u043e\u0439 \u043a\u0440\u043e\u0439 \u043e\u0431\u0435\u0441\u043f\u0435\u0447\u0438\u0432\u0430\u0435\u0442 \u0443\u0434\u043e\u0431\u0441\u0442\u0432\u043e \u0438 \u0441\u0432\u043e\u0431\u043e\u0434\u0443 \u0434\u0432\u0438\u0436\u0435\u043d\u0438\u0439, \u0430 \u043a\u0430\u043f\u044e\u0448\u043e\u043d \u0437\u0430\u0449\u0438\u0449\u0430\u0435\u0442 \u043e\u0442 \u0445\u043e\u043b\u043e\u0434\u0430 \u0438 \u0432\u0435\u0442\u0440\u0430. \u0422\u043e\u043b\u0441\u0442\u043e\u0432\u043a\u0430 \u0432\u044b\u043f\u043e\u043b\u043d\u0435\u043d\u0430 \u0438\u0437 \u0442\u0435\u043f\u043b\u043e\u0433\u043e \u043c\u0430\u0442\u0435\u0440\u0438\u0430\u043b\u0430 Warmshell \u0441 \u043c\u044f\u0433\u043a\u043e\u0439 \u0432\u043e\u0440\u0441\u0438\u0441\u0442\u043e\u0439 \u0432\u043d\u0443\u0442\u0440\u0435\u043d\u043d\u0435\u0439 \u043f\u043e\u0432\u0435\u0440\u0445\u043d\u043e\u0441\u0442\u044c\u044e, \u0441\u043e\u0445\u0440\u0430\u043d\u044f\u044e\u0449\u0435\u0439 \u0442\u0435\u043f\u043b\u043e \u0438 \u0431\u044b\u0441\u0442\u0440\u043e \u043e\u0442\u0432\u043e\u0434\u044f\u0449\u0435\u0439 \u0432\u043b\u0430\u0433\u0443. \u0413\u043b\u0430\u0434\u043a\u0430\u044f \u0432\u043d\u0435\u0448\u043d\u044f\u044f \u0442\u043a\u0430\u043d\u044c \u043e\u0442\u043b\u0438\u0447\u0430\u0435\u0442\u0441\u044f \u0432\u044b\u0441\u043e\u043a\u043e\u0439 [&hellip;]<\/p>\n","protected":false},"featured_media":89768,"comment_status":"open","ping_status":"closed","template":"","meta":{"_acf_changed":false,"inline_featured_image":false},"product_brand":[1426],"product_cat":[250],"product_tag":[],"class_list":{"0":"post-89564","1":"product","2":"type-product","3":"status-publish","4":"has-post-thumbnail","6":"product_brand-ternua","7":"product_cat-second-layer-man","9":"first","10":"instock","11":"shipping-taxable","12":"purchasable","13":"product-type-simple"},"acf":[],"yoast_head":"<!-- This site is optimized with the Yoast SEO plugin v27.4 - https:\/\/yoast.com\/product\/yoast-seo-wordpress\/ -->\n<title>\u0422\u043e\u043b\u0441\u0442\u043e\u0432\u043a\u0430 Ternua Fox Point Hoody Mns posy green - \u041c\u0430\u0433\u0430\u0437\u0438\u043d Xstyle<\/title>\n<meta name=\"robots\" content=\"index, follow, max-snippet:-1, max-image-preview:large, max-video-preview:-1\" \/>\n<link rel=\"canonical\" href=\"https:\/\/xstyle.md\/ro\/produs\/batnik-ternua-fox-point-hoody-mns-posy-green\/\" \/>\n<meta property=\"og:locale\" content=\"ro_RO\" \/>\n<meta property=\"og:type\" content=\"article\" \/>\n<meta property=\"og:title\" content=\"\u0422\u043e\u043b\u0441\u0442\u043e\u0432\u043a\u0430 Ternua Fox Point Hoody Mns posy green - \u041c\u0430\u0433\u0430\u0437\u0438\u043d Xstyle\" \/>\n<meta property=\"og:description\" content=\"Ternua Fox Point Hoody &#8212; \u043f\u043e\u0432\u0441\u0435\u0434\u043d\u0435\u0432\u043d\u0430\u044f \u0442\u043e\u043b\u0441\u0442\u043e\u0432\u043a\u0430 \u0438\u0434\u0435\u0430\u043b\u044c\u043d\u043e \u043f\u043e\u0434\u0445\u043e\u0434\u0438\u0442 \u0434\u043b\u044f \u0433\u043e\u0440\u043e\u0434\u0441\u043a\u043e\u0433\u043e \u043d\u043e\u0448\u0435\u043d\u0438\u044f, \u043f\u0443\u0442\u0435\u0448\u0435\u0441\u0442\u0432\u0438\u0439 \u0438\u043b\u0438 \u0430\u043a\u0442\u0438\u0432\u043d\u043e\u0433\u043e \u043e\u0442\u0434\u044b\u0445\u0430 \u043d\u0430 \u0441\u0432\u0435\u0436\u0435\u043c \u0432\u043e\u0437\u0434\u0443\u0445\u0435. \u041f\u0440\u044f\u043c\u043e\u0439 \u043a\u0440\u043e\u0439 \u043e\u0431\u0435\u0441\u043f\u0435\u0447\u0438\u0432\u0430\u0435\u0442 \u0443\u0434\u043e\u0431\u0441\u0442\u0432\u043e \u0438 \u0441\u0432\u043e\u0431\u043e\u0434\u0443 \u0434\u0432\u0438\u0436\u0435\u043d\u0438\u0439, \u0430 \u043a\u0430\u043f\u044e\u0448\u043e\u043d \u0437\u0430\u0449\u0438\u0449\u0430\u0435\u0442 \u043e\u0442 \u0445\u043e\u043b\u043e\u0434\u0430 \u0438 \u0432\u0435\u0442\u0440\u0430. \u0422\u043e\u043b\u0441\u0442\u043e\u0432\u043a\u0430 \u0432\u044b\u043f\u043e\u043b\u043d\u0435\u043d\u0430 \u0438\u0437 \u0442\u0435\u043f\u043b\u043e\u0433\u043e \u043c\u0430\u0442\u0435\u0440\u0438\u0430\u043b\u0430 Warmshell \u0441 \u043c\u044f\u0433\u043a\u043e\u0439 \u0432\u043e\u0440\u0441\u0438\u0441\u0442\u043e\u0439 \u0432\u043d\u0443\u0442\u0440\u0435\u043d\u043d\u0435\u0439 \u043f\u043e\u0432\u0435\u0440\u0445\u043d\u043e\u0441\u0442\u044c\u044e, \u0441\u043e\u0445\u0440\u0430\u043d\u044f\u044e\u0449\u0435\u0439 \u0442\u0435\u043f\u043b\u043e \u0438 \u0431\u044b\u0441\u0442\u0440\u043e \u043e\u0442\u0432\u043e\u0434\u044f\u0449\u0435\u0439 \u0432\u043b\u0430\u0433\u0443. \u0413\u043b\u0430\u0434\u043a\u0430\u044f \u0432\u043d\u0435\u0448\u043d\u044f\u044f \u0442\u043a\u0430\u043d\u044c \u043e\u0442\u043b\u0438\u0447\u0430\u0435\u0442\u0441\u044f \u0432\u044b\u0441\u043e\u043a\u043e\u0439 [&hellip;]\" \/>\n<meta property=\"og:url\" content=\"https:\/\/xstyle.md\/ro\/produs\/batnik-ternua-fox-point-hoody-mns-posy-green\/\" \/>\n<meta property=\"og:site_name\" content=\"\u041c\u0430\u0433\u0430\u0437\u0438\u043d Xstyle\" \/>\n<meta property=\"article:publisher\" content=\"https:\/\/www.facebook.com\/xstylemd\" \/>\n<meta property=\"article:modified_time\" content=\"2026-03-19T14:29:09+00:00\" \/>\n<meta property=\"og:image\" content=\"https:\/\/xstyle.md\/wp-content\/uploads\/2024\/11\/ternua-fox-point-hoody-mns-posy-green.jpg\" \/>\n\t<meta property=\"og:image:width\" content=\"1493\" \/>\n\t<meta property=\"og:image:height\" content=\"1500\" \/>\n\t<meta property=\"og:image:type\" content=\"image\/jpeg\" \/>\n<meta name=\"twitter:card\" content=\"summary_large_image\" \/>\n<meta name=\"twitter:label1\" content=\"Pre\u021b\" \/>\n\t<meta name=\"twitter:data1\" content=\"1.790&nbsp;MDL\" \/>\n\t<meta name=\"twitter:label2\" content=\"Disponibilitate\" \/>\n\t<meta name=\"twitter:data2\" content=\"\u00cen stoc\" \/>\n<script type=\"application\/ld+json\" class=\"yoast-schema-graph\">{\"@context\":\"https:\\\/\\\/schema.org\",\"@graph\":[{\"@type\":\"WebPage\",\"@id\":\"https:\\\/\\\/xstyle.md\\\/product\\\/batnik-ternua-fox-point-hoody-mns-posy-green\\\/\",\"url\":\"https:\\\/\\\/xstyle.md\\\/product\\\/batnik-ternua-fox-point-hoody-mns-posy-green\\\/\",\"name\":\"\u0422\u043e\u043b\u0441\u0442\u043e\u0432\u043a\u0430 Ternua Fox Point Hoody Mns posy green - \u041c\u0430\u0433\u0430\u0437\u0438\u043d Xstyle\",\"isPartOf\":{\"@id\":\"https:\\\/\\\/xstyle.md\\\/#website\"},\"primaryImageOfPage\":{\"@id\":\"https:\\\/\\\/xstyle.md\\\/product\\\/batnik-ternua-fox-point-hoody-mns-posy-green\\\/#primaryimage\"},\"image\":{\"@id\":\"https:\\\/\\\/xstyle.md\\\/product\\\/batnik-ternua-fox-point-hoody-mns-posy-green\\\/#primaryimage\"},\"thumbnailUrl\":\"https:\\\/\\\/xstyle.md\\\/wp-content\\\/uploads\\\/2024\\\/11\\\/ternua-fox-point-hoody-mns-posy-green.jpg\",\"datePublished\":\"2024-11-11T12:32:38+00:00\",\"dateModified\":\"2026-03-19T14:29:09+00:00\",\"breadcrumb\":{\"@id\":\"https:\\\/\\\/xstyle.md\\\/product\\\/batnik-ternua-fox-point-hoody-mns-posy-green\\\/#breadcrumb\"},\"inLanguage\":\"ro-RO\",\"potentialAction\":[{\"@type\":\"ReadAction\",\"target\":[\"https:\\\/\\\/xstyle.md\\\/product\\\/batnik-ternua-fox-point-hoody-mns-posy-green\\\/\"]}]},{\"@type\":\"ImageObject\",\"inLanguage\":\"ro-RO\",\"@id\":\"https:\\\/\\\/xstyle.md\\\/product\\\/batnik-ternua-fox-point-hoody-mns-posy-green\\\/#primaryimage\",\"url\":\"https:\\\/\\\/xstyle.md\\\/wp-content\\\/uploads\\\/2024\\\/11\\\/ternua-fox-point-hoody-mns-posy-green.jpg\",\"contentUrl\":\"https:\\\/\\\/xstyle.md\\\/wp-content\\\/uploads\\\/2024\\\/11\\\/ternua-fox-point-hoody-mns-posy-green.jpg\",\"width\":1493,\"height\":1500,\"caption\":\"\u041c\u0443\u0436\u0441\u043a\u0430\u044f \u0442\u043e\u043b\u0441\u0442\u043e\u0432\u043a\u0430 Ternua Fox Point \u0434\u043b\u044f \u0430\u043a\u0442\u0438\u0432\u043d\u043e\u0433\u043e \u043e\u0442\u0434\u044b\u0445\u0430, \u0438\u0434\u0435\u0430\u043b\u044c\u043d\u043e \u043f\u043e\u0434\u0445\u043e\u0434\u0438\u0442 \u0434\u043b\u044f \u043f\u0443\u0442\u0435\u0448\u0435\u0441\u0442\u0432\u0438\u0439, \u0445\u0430\u0439\u043a\u0438\u043d\u0433\u0430 \u0438 \u0430\u043b\u044c\u043f\u0438\u043d\u0438\u0437\u043c\u0430, \u0432 \u0441\u043f\u043e\u043a\u043e\u0439\u043d\u043e\u043c \u0437\u0435\u043b\u0435\u043d\u043e\u043c \u0446\u0432\u0435\u0442\u0435.\"},{\"@type\":\"BreadcrumbList\",\"@id\":\"https:\\\/\\\/xstyle.md\\\/product\\\/batnik-ternua-fox-point-hoody-mns-posy-green\\\/#breadcrumb\",\"itemListElement\":[{\"@type\":\"ListItem\",\"position\":1,\"name\":\"\u0413\u043b\u0430\u0432\u043d\u0430\u044f \u0441\u0442\u0440\u0430\u043d\u0438\u0446\u0430\",\"item\":\"https:\\\/\\\/xstyle.md\\\/\"},{\"@type\":\"ListItem\",\"position\":2,\"name\":\"\u041c\u0430\u0433\u0430\u0437\u0438\u043d\",\"item\":\"https:\\\/\\\/xstyle.md\\\/shop\\\/\"},{\"@type\":\"ListItem\",\"position\":3,\"name\":\"\u0422\u043e\u043b\u0441\u0442\u043e\u0432\u043a\u0430 Ternua Fox Point Hoody Mns posy green\"}]},{\"@type\":\"WebSite\",\"@id\":\"https:\\\/\\\/xstyle.md\\\/#website\",\"url\":\"https:\\\/\\\/xstyle.md\\\/\",\"name\":\"\u041c\u0430\u0433\u0430\u0437\u0438\u043d Xstyle\",\"description\":\"C\u043d\u0430\u0440\u044f\u0436\u0435\u043d\u0438\u0435 \u0434\u043b\u044f \u0442\u0443\u0440\u0438\u0437\u043c\u0430 \u0438 \u044d\u043a\u0441\u0442\u0440\u0435\u043c\u0430\u043b\u044c\u043d\u044b\u0445 \u0432\u0438\u0434\u043e\u0432 \u0441\u043f\u043e\u0440\u0442\u0430 \u0432 \u041c\u043e\u043b\u0434\u043e\u0432\u0435.. \u0426\u0435\u043d\u044b, \u0444\u043e\u0442\u043e, \u0445\u0430\u0440\u0430\u043a\u0442\u0435\u0440\u0438\u0441\u0442\u0438\u043a\u0438 \u0432 \u041c\u043e\u043b\u0434\u043e\u0432\u0435.\",\"publisher\":{\"@id\":\"https:\\\/\\\/xstyle.md\\\/#organization\"},\"alternateName\":\"X-Style\",\"potentialAction\":[{\"@type\":\"SearchAction\",\"target\":{\"@type\":\"EntryPoint\",\"urlTemplate\":\"https:\\\/\\\/xstyle.md\\\/?s={search_term_string}\"},\"query-input\":{\"@type\":\"PropertyValueSpecification\",\"valueRequired\":true,\"valueName\":\"search_term_string\"}}],\"inLanguage\":\"ro-RO\"},{\"@type\":\"Organization\",\"@id\":\"https:\\\/\\\/xstyle.md\\\/#organization\",\"name\":\"\u041c\u0430\u0433\u0430\u0437\u0438\u043d Xstyle\",\"alternateName\":\"x-style\",\"url\":\"https:\\\/\\\/xstyle.md\\\/\",\"logo\":{\"@type\":\"ImageObject\",\"inLanguage\":\"ro-RO\",\"@id\":\"https:\\\/\\\/xstyle.md\\\/#\\\/schema\\\/logo\\\/image\\\/\",\"url\":\"https:\\\/\\\/xstyle.md\\\/wp-content\\\/uploads\\\/2020\\\/06\\\/logoicon.svg\",\"contentUrl\":\"https:\\\/\\\/xstyle.md\\\/wp-content\\\/uploads\\\/2020\\\/06\\\/logoicon.svg\",\"caption\":\"\u041c\u0430\u0433\u0430\u0437\u0438\u043d Xstyle\"},\"image\":{\"@id\":\"https:\\\/\\\/xstyle.md\\\/#\\\/schema\\\/logo\\\/image\\\/\"},\"sameAs\":[\"https:\\\/\\\/www.facebook.com\\\/xstylemd\",\"https:\\\/\\\/www.instagram.com\\\/xstyle_md\\\/\",\"https:\\\/\\\/t.me\\\/xstyle_outdoor\"],\"hasMerchantReturnPolicy\":{\"@type\":\"MerchantReturnPolicy\",\"merchantReturnLink\":\"https:\\\/\\\/xstyle.md\\\/ro\\\/conditions\\\/\"}}]}<\/script>\n<meta property=\"product:price:amount\" content=\"1790.00\" \/>\n<meta property=\"product:price:currency\" content=\"MDL\" \/>\n<meta property=\"og:availability\" content=\"instock\" \/>\n<meta property=\"product:availability\" content=\"instock\" \/>\n<meta property=\"product:retailer_item_id\" content=\"8445042339732\" \/>\n<meta property=\"product:condition\" content=\"new\" \/>\n<!-- \/ Yoast SEO plugin. -->","yoast_head_json":{"title":"\u0422\u043e\u043b\u0441\u0442\u043e\u0432\u043a\u0430 Ternua Fox Point Hoody Mns posy green - \u041c\u0430\u0433\u0430\u0437\u0438\u043d Xstyle","robots":{"index":"index","follow":"follow","max-snippet":"max-snippet:-1","max-image-preview":"max-image-preview:large","max-video-preview":"max-video-preview:-1"},"canonical":"https:\/\/xstyle.md\/ro\/produs\/batnik-ternua-fox-point-hoody-mns-posy-green\/","og_locale":"ro_RO","og_type":"article","og_title":"\u0422\u043e\u043b\u0441\u0442\u043e\u0432\u043a\u0430 Ternua Fox Point Hoody Mns posy green - \u041c\u0430\u0433\u0430\u0437\u0438\u043d Xstyle","og_description":"Ternua Fox Point Hoody &#8212; \u043f\u043e\u0432\u0441\u0435\u0434\u043d\u0435\u0432\u043d\u0430\u044f \u0442\u043e\u043b\u0441\u0442\u043e\u0432\u043a\u0430 \u0438\u0434\u0435\u0430\u043b\u044c\u043d\u043e \u043f\u043e\u0434\u0445\u043e\u0434\u0438\u0442 \u0434\u043b\u044f \u0433\u043e\u0440\u043e\u0434\u0441\u043a\u043e\u0433\u043e \u043d\u043e\u0448\u0435\u043d\u0438\u044f, \u043f\u0443\u0442\u0435\u0448\u0435\u0441\u0442\u0432\u0438\u0439 \u0438\u043b\u0438 \u0430\u043a\u0442\u0438\u0432\u043d\u043e\u0433\u043e \u043e\u0442\u0434\u044b\u0445\u0430 \u043d\u0430 \u0441\u0432\u0435\u0436\u0435\u043c \u0432\u043e\u0437\u0434\u0443\u0445\u0435. \u041f\u0440\u044f\u043c\u043e\u0439 \u043a\u0440\u043e\u0439 \u043e\u0431\u0435\u0441\u043f\u0435\u0447\u0438\u0432\u0430\u0435\u0442 \u0443\u0434\u043e\u0431\u0441\u0442\u0432\u043e \u0438 \u0441\u0432\u043e\u0431\u043e\u0434\u0443 \u0434\u0432\u0438\u0436\u0435\u043d\u0438\u0439, \u0430 \u043a\u0430\u043f\u044e\u0448\u043e\u043d \u0437\u0430\u0449\u0438\u0449\u0430\u0435\u0442 \u043e\u0442 \u0445\u043e\u043b\u043e\u0434\u0430 \u0438 \u0432\u0435\u0442\u0440\u0430. \u0422\u043e\u043b\u0441\u0442\u043e\u0432\u043a\u0430 \u0432\u044b\u043f\u043e\u043b\u043d\u0435\u043d\u0430 \u0438\u0437 \u0442\u0435\u043f\u043b\u043e\u0433\u043e \u043c\u0430\u0442\u0435\u0440\u0438\u0430\u043b\u0430 Warmshell \u0441 \u043c\u044f\u0433\u043a\u043e\u0439 \u0432\u043e\u0440\u0441\u0438\u0441\u0442\u043e\u0439 \u0432\u043d\u0443\u0442\u0440\u0435\u043d\u043d\u0435\u0439 \u043f\u043e\u0432\u0435\u0440\u0445\u043d\u043e\u0441\u0442\u044c\u044e, \u0441\u043e\u0445\u0440\u0430\u043d\u044f\u044e\u0449\u0435\u0439 \u0442\u0435\u043f\u043b\u043e \u0438 \u0431\u044b\u0441\u0442\u0440\u043e \u043e\u0442\u0432\u043e\u0434\u044f\u0449\u0435\u0439 \u0432\u043b\u0430\u0433\u0443. \u0413\u043b\u0430\u0434\u043a\u0430\u044f \u0432\u043d\u0435\u0448\u043d\u044f\u044f \u0442\u043a\u0430\u043d\u044c \u043e\u0442\u043b\u0438\u0447\u0430\u0435\u0442\u0441\u044f \u0432\u044b\u0441\u043e\u043a\u043e\u0439 [&hellip;]","og_url":"https:\/\/xstyle.md\/ro\/produs\/batnik-ternua-fox-point-hoody-mns-posy-green\/","og_site_name":"\u041c\u0430\u0433\u0430\u0437\u0438\u043d Xstyle","article_publisher":"https:\/\/www.facebook.com\/xstylemd","article_modified_time":"2026-03-19T14:29:09+00:00","og_image":[{"width":1493,"height":1500,"url":"https:\/\/xstyle.md\/wp-content\/uploads\/2024\/11\/ternua-fox-point-hoody-mns-posy-green.jpg","type":"image\/jpeg"}],"twitter_card":"summary_large_image","twitter_misc":{"Pre\u021b":"1.790&nbsp;MDL","Disponibilitate":"\u00cen stoc"},"schema":{"@context":"https:\/\/schema.org","@graph":[{"@type":"WebPage","@id":"https:\/\/xstyle.md\/product\/batnik-ternua-fox-point-hoody-mns-posy-green\/","url":"https:\/\/xstyle.md\/product\/batnik-ternua-fox-point-hoody-mns-posy-green\/","name":"\u0422\u043e\u043b\u0441\u0442\u043e\u0432\u043a\u0430 Ternua Fox Point Hoody Mns posy green - \u041c\u0430\u0433\u0430\u0437\u0438\u043d Xstyle","isPartOf":{"@id":"https:\/\/xstyle.md\/#website"},"primaryImageOfPage":{"@id":"https:\/\/xstyle.md\/product\/batnik-ternua-fox-point-hoody-mns-posy-green\/#primaryimage"},"image":{"@id":"https:\/\/xstyle.md\/product\/batnik-ternua-fox-point-hoody-mns-posy-green\/#primaryimage"},"thumbnailUrl":"https:\/\/xstyle.md\/wp-content\/uploads\/2024\/11\/ternua-fox-point-hoody-mns-posy-green.jpg","datePublished":"2024-11-11T12:32:38+00:00","dateModified":"2026-03-19T14:29:09+00:00","breadcrumb":{"@id":"https:\/\/xstyle.md\/product\/batnik-ternua-fox-point-hoody-mns-posy-green\/#breadcrumb"},"inLanguage":"ro-RO","potentialAction":[{"@type":"ReadAction","target":["https:\/\/xstyle.md\/product\/batnik-ternua-fox-point-hoody-mns-posy-green\/"]}]},{"@type":"ImageObject","inLanguage":"ro-RO","@id":"https:\/\/xstyle.md\/product\/batnik-ternua-fox-point-hoody-mns-posy-green\/#primaryimage","url":"https:\/\/xstyle.md\/wp-content\/uploads\/2024\/11\/ternua-fox-point-hoody-mns-posy-green.jpg","contentUrl":"https:\/\/xstyle.md\/wp-content\/uploads\/2024\/11\/ternua-fox-point-hoody-mns-posy-green.jpg","width":1493,"height":1500,"caption":"\u041c\u0443\u0436\u0441\u043a\u0430\u044f \u0442\u043e\u043b\u0441\u0442\u043e\u0432\u043a\u0430 Ternua Fox Point \u0434\u043b\u044f \u0430\u043a\u0442\u0438\u0432\u043d\u043e\u0433\u043e \u043e\u0442\u0434\u044b\u0445\u0430, \u0438\u0434\u0435\u0430\u043b\u044c\u043d\u043e \u043f\u043e\u0434\u0445\u043e\u0434\u0438\u0442 \u0434\u043b\u044f \u043f\u0443\u0442\u0435\u0448\u0435\u0441\u0442\u0432\u0438\u0439, \u0445\u0430\u0439\u043a\u0438\u043d\u0433\u0430 \u0438 \u0430\u043b\u044c\u043f\u0438\u043d\u0438\u0437\u043c\u0430, \u0432 \u0441\u043f\u043e\u043a\u043e\u0439\u043d\u043e\u043c \u0437\u0435\u043b\u0435\u043d\u043e\u043c \u0446\u0432\u0435\u0442\u0435."},{"@type":"BreadcrumbList","@id":"https:\/\/xstyle.md\/product\/batnik-ternua-fox-point-hoody-mns-posy-green\/#breadcrumb","itemListElement":[{"@type":"ListItem","position":1,"name":"\u0413\u043b\u0430\u0432\u043d\u0430\u044f \u0441\u0442\u0440\u0430\u043d\u0438\u0446\u0430","item":"https:\/\/xstyle.md\/"},{"@type":"ListItem","position":2,"name":"\u041c\u0430\u0433\u0430\u0437\u0438\u043d","item":"https:\/\/xstyle.md\/shop\/"},{"@type":"ListItem","position":3,"name":"\u0422\u043e\u043b\u0441\u0442\u043e\u0432\u043a\u0430 Ternua Fox Point Hoody Mns posy green"}]},{"@type":"WebSite","@id":"https:\/\/xstyle.md\/#website","url":"https:\/\/xstyle.md\/","name":"Magazinul X-Style","description":"Echipamente pentru turism \u0219i sporturi extreme \u00een Moldova. Pre\u021buri, fotografii, caracteristici \u00een Moldova.","publisher":{"@id":"https:\/\/xstyle.md\/#organization"},"alternateName":"X-Style","potentialAction":[{"@type":"SearchAction","target":{"@type":"EntryPoint","urlTemplate":"https:\/\/xstyle.md\/?s={search_term_string}"},"query-input":{"@type":"PropertyValueSpecification","valueRequired":true,"valueName":"search_term_string"}}],"inLanguage":"ro-RO"},{"@type":"Organization","@id":"https:\/\/xstyle.md\/#organization","name":"Magazinul X-Style","alternateName":"x-style","url":"https:\/\/xstyle.md\/","logo":{"@type":"ImageObject","inLanguage":"ro-RO","@id":"https:\/\/xstyle.md\/#\/schema\/logo\/image\/","url":"https:\/\/xstyle.md\/wp-content\/uploads\/2020\/06\/logoicon.svg","contentUrl":"https:\/\/xstyle.md\/wp-content\/uploads\/2020\/06\/logoicon.svg","caption":"\u041c\u0430\u0433\u0430\u0437\u0438\u043d Xstyle"},"image":{"@id":"https:\/\/xstyle.md\/#\/schema\/logo\/image\/"},"sameAs":["https:\/\/www.facebook.com\/xstylemd","https:\/\/www.instagram.com\/xstyle_md\/","https:\/\/t.me\/xstyle_outdoor"],"hasMerchantReturnPolicy":{"@type":"MerchantReturnPolicy","merchantReturnLink":"https:\/\/xstyle.md\/ro\/conditions\/"}}]},"product_price_amount":"1790.00","product_price_currency":"MDL","og_availability":"instock","product_availability":"instock","product_retailer_item_id":"8445042339732","product_condition":"new"},"_links":{"self":[{"href":"https:\/\/xstyle.md\/ro\/wp-json\/wp\/v2\/product\/89564","targetHints":{"allow":["GET"]}}],"collection":[{"href":"https:\/\/xstyle.md\/ro\/wp-json\/wp\/v2\/product"}],"about":[{"href":"https:\/\/xstyle.md\/ro\/wp-json\/wp\/v2\/types\/product"}],"replies":[{"embeddable":true,"href":"https:\/\/xstyle.md\/ro\/wp-json\/wp\/v2\/comments?post=89564"}],"wp:featuredmedia":[{"embeddable":true,"href":"https:\/\/xstyle.md\/ro\/wp-json\/wp\/v2\/media\/89768"}],"wp:attachment":[{"href":"https:\/\/xstyle.md\/ro\/wp-json\/wp\/v2\/media?parent=89564"}],"wp:term":[{"taxonomy":"product_brand","embeddable":true,"href":"https:\/\/xstyle.md\/ro\/wp-json\/wp\/v2\/product_brand?post=89564"},{"taxonomy":"product_cat","embeddable":true,"href":"https:\/\/xstyle.md\/ro\/wp-json\/wp\/v2\/product_cat?post=89564"},{"taxonomy":"product_tag","embeddable":true,"href":"https:\/\/xstyle.md\/ro\/wp-json\/wp\/v2\/product_tag?post=89564"}],"curies":[{"name":"wp","href":"https:\/\/api.w.org\/{rel}","templated":true}]}}