{"id":89546,"date":"2024-11-11T15:32:33","date_gmt":"2024-11-11T12:32:33","guid":{"rendered":"https:\/\/xstyle.md\/?post_type=product&#038;p=89546"},"modified":"2026-03-19T17:29:05","modified_gmt":"2026-03-19T14:29:05","slug":"spalnik-sea-to-summit-spark-18c-down-long","status":"publish","type":"product","link":"https:\/\/xstyle.md\/ro\/produs\/spalnik-sea-to-summit-spark-18c-down-long\/","title":{"rendered":"Sac de dormit Sea to Summit Spark -18C Down Long"},"content":{"rendered":"<p><\/p>\n<p><strong>Sea to Summit Spark -18C Down Long<\/strong>\u00a0 &#8212; este un sac de dormit u\u0219or, varianta alungit\u0103, care asigur\u0103 un somn confortabil. Este umplut cu puf de g\u00e2sc\u0103 certificat RDS (fill power 850+) cu tratament Ultra-Dry Down f\u0103r\u0103 PFC, care ofer\u0103 protec\u021bie \u00eempotriva umidit\u0103\u021bii. Gluga tehnic\u0103 \u0219i clapeta izolatoare de-a lungul fermoarului re\u021bin c\u0103ldura, \u00een timp ce c\u0103ptu\u0219eala respirabil\u0103 10D ofer\u0103 confort. \u00cenveli\u0219ul exterior 10D cu impregnare DWR respinge apa \u0219i protejeaz\u0103 \u00eempotriva v\u00e2ntului, iar inser\u021biile hidrofobe din zona glugii \u0219i a picioarelor sporesc izola\u021bia termic\u0103. Fermoarul pe toat\u0103 lungimea permite cuplarea sacului cu versiunea feminin\u0103 Spark, cre\u00e2nd un spa\u021biu confortabil pentru somn \u00een doi.<\/p>\n<h3>Particularit\u0103\u021bi<\/h3>\n<ul>\n<li>Puf RDS 850+ cu tratament Ultra-Dry Down f\u0103r\u0103 PFC \u2013 izola\u021bie termic\u0103 ridicat\u0103 \u0219i protec\u021bie \u00eempotriva umidit\u0103\u021bii<\/li>\n<li>Materiale 10D u\u0219oare \u0219i respirabile \u2013 confort \u0219i impermeabilitate \u00een zonele cheie<\/li>\n<li>Croial\u0103 ergonomic\u0103 mumiu\u021b\u0103 (cocon) \u2013 form\u0103 anatomic\u0103 la picioare \u0219i glug\u0103 confortabil\u0103, f\u0103r\u0103 str\u00e2mtare excesiv\u0103<\/li>\n<li>Fermoare fiabile YKK nr. 5 \u2013 deschidere fluid\u0103, f\u0103r\u0103 blocaje<\/li>\n<li>Accesorii incluse \u2013 sac de compresie din nailon reciclat 40D, aprobat bluesign\u00ae<\/li>\n<\/ul>\n<h3>Caracteristici<\/h3>\n<p>Greutate total\u0103 \/ Greutate umplutur\u0103 \u2014 1204 \/ 945 g<br \/>\nVolum comprimat \u2014 10,6 L<br \/>\nIzola\u021bie \u2014 puf \/ RDS 850+, f\u0103r\u0103 PFAS Ultra-Dry Down<br \/>\n\u00cen\u0103l\u021bime utilizator \u2014 198 cm<br \/>\nSezon \u2013 toamn\u0103 \/ prim\u0103var\u0103 \/ iarn\u0103<br \/>\nDestina\u021bie \u2013 turism \/ drume\u021bii<br \/>\nTip \u2013 sac de dormit tip \u201emumiu\u021b\u0103\u201d (cocoon)<br \/>\nGen \u2013 unisex<\/p>\n<h3>Regim termic<\/h3>\n<ul>\n<li>Temperatur\u0103 de confort: -10 \u00b0C<\/li>\n<li>Temperatur\u0103 extrem\u0103: -18 \u00b0C<\/li>\n<\/ul>\n<h3>Tehnologii<\/h3>\n<ul>\n<li>Sistemul <strong>QuiltLock<\/strong>\u00a0 &#8212; utilizeaz\u0103 capse la nivelul umerilor \u0219i al picioarelor sacilor de dormit Sea to Summit, precum \u0219i chingi speciale pentru fixarea unei p\u0103turi de tip \u201equilt\u201d. Acest sistem \u00eembun\u0103t\u0103\u021be\u0219te izola\u021bia termic\u0103 \u0219i extinde posibilit\u0103\u021bile sistemului dumneavoastr\u0103 de dormit: p\u0103tura poate fi utilizat\u0103 separat pe vreme cald\u0103 sau integrat\u0103 cu sacul de dormit, transform\u00e2ndu-l dintr-o variant\u0103 de trei sezoane \u00eentr-una complet\u0103 de patru sezoane.<\/li>\n<li><strong>Fill Power<\/strong> &#8212; este caracteristica ce descrie capacitatea unei mase limitate de puf de a umple un anumit volum. Sensul fizic al indicelui Fill Power este volumul \u00een inci cubi ocupat de o uncie de puf. Cu c\u00e2t acest indicator este mai mare, cu at\u00e2t puful este considerat de o calitate superioar\u0103. \u00cen echipamentele de tip Outdoor se utilizeaz\u0103 puf cu valori Fill Power de cel pu\u021bin 550 de unit\u0103\u021bi, valorile de 650 de unit\u0103\u021bi \u0219i peste fiind considerate bune. Puful cu valori ridicate de Fill Power se distinge nu doar prin volumul mare pe unitatea de mas\u0103, ci \u0219i printr-un nivel sc\u0103zut al rezisten\u021bei termice pe unitatea de grosime, comparativ cu valorile standard.<\/li>\n<\/ul>\n<p><\/p>\n<h3>Marca<\/h3>\n<p>Sea to Summit este un brand fondat \u00een anul 1990 \u00een Australia. Sortimentul s\u0103u cuprinde echipamente unice \u0219i utile pentru turism \u0219i c\u0103l\u0103torii: huse impermeabile, prosoape din microfibr\u0103, vesel\u0103 pliabil\u0103 din silicon, gen\u021bi, rucsacuri, corturi \u0219i saci de dormit. Fiecare obiect dezvoltat de companie este conceput pentru a avea o greutate minim\u0103 \u0219i o func\u021bionalitate maxim\u0103.<\/p>","protected":false},"excerpt":{"rendered":"<p>\u0411\u0440\u0435\u043d\u0434 Sea to Summit \u2013 \u0431\u0440\u0435\u043d\u0434, \u043e\u0441\u043d\u043e\u0432\u0430\u043d\u043d\u044b\u0439 \u0432 1990 \u0433\u043e\u0434\u0443 \u0432 \u0410\u0432\u0441\u0442\u0440\u0430\u043b\u0438\u0438. \u0412 \u0435\u0433\u043e \u0430\u0441\u0441\u043e\u0440\u0442\u0438\u043c\u0435\u043d\u0442\u0435 \u0443\u043d\u0438\u043a\u0430\u043b\u044c\u043d\u043e\u0435 \u0438 \u043f\u043e\u043b\u0435\u0437\u043d\u043e\u0435 \u0441\u043d\u0430\u0440\u044f\u0436\u0435\u043d\u0438\u0435 \u0434\u043b\u044f \u0442\u0443\u0440\u0438\u0437\u043c\u0430 \u0438 \u043f\u0443\u0442\u0435\u0448\u0435\u0441\u0442\u0432\u0438\u0439: \u0433\u0435\u0440\u043c\u043e\u0447\u0435\u0445\u043b\u044b, \u043f\u043e\u043b\u043e\u0442\u0435\u043d\u0446\u0430 \u0438\u0437 \u043c\u0438\u043a\u0440\u043e\u0444\u0438\u0431\u0440\u044b, \u0441\u043a\u043b\u0430\u0434\u043d\u0430\u044f \u0441\u0438\u043b\u0438\u043a\u043e\u043d\u043e\u0432\u0430\u044f \u043f\u043e\u0441\u0443\u0434\u0430, \u0441\u0443\u043c\u043a\u0438, \u0440\u044e\u043a\u0437\u0430\u043a\u0438, \u043f\u0430\u043b\u0430\u0442\u043a\u0438, \u0441\u043f\u0430\u043b\u044c\u043d\u0438\u043a\u0438. \u041a\u0430\u0436\u0434\u0430\u044f \u0432\u0435\u0449\u044c, \u0440\u0430\u0437\u0440\u0430\u0431\u043e\u0442\u0430\u043d\u043d\u0430\u044f \u0432 \u043a\u043e\u043c\u043f\u0430\u043d\u0438\u0438, \u0438\u043c\u0435\u0435\u0442 \u043c\u0438\u043d\u0438\u043c\u0430\u043b\u044c\u043d\u044b\u0439 \u0432\u0435\u0441 \u0438 \u043c\u0430\u043a\u0441\u0438\u043c\u0430\u043b\u044c\u043d\u0443\u044e \u0444\u0443\u043d\u043a\u0446\u0438\u043e\u043d\u0430\u043b\u044c\u043d\u043e\u0441\u0442\u044c.<\/p>","protected":false},"featured_media":92914,"comment_status":"open","ping_status":"closed","template":"","meta":{"_acf_changed":false,"inline_featured_image":false},"product_brand":[1281],"product_cat":[128],"product_tag":[],"class_list":{"0":"post-89546","1":"product","2":"type-product","3":"status-publish","4":"has-post-thumbnail","6":"product_brand-sea-to-summit","7":"product_cat-fluff-sleeping-bag","9":"first","10":"instock","11":"shipping-taxable","12":"purchasable","13":"product-type-simple"},"acf":[],"yoast_head":"<!-- This site is optimized with the Yoast SEO plugin v27.4 - https:\/\/yoast.com\/product\/yoast-seo-wordpress\/ -->\n<title>\u0421\u043f\u0430\u043b\u044c\u043d\u044b\u0439 \u043c\u0435\u0448\u043e\u043a Sea to Summit Spark -18C Down Long - \u041c\u0430\u0433\u0430\u0437\u0438\u043d Xstyle<\/title>\n<meta name=\"robots\" content=\"index, follow, max-snippet:-1, max-image-preview:large, max-video-preview:-1\" \/>\n<link rel=\"canonical\" href=\"https:\/\/xstyle.md\/ro\/produs\/spalnik-sea-to-summit-spark-18c-down-long\/\" \/>\n<meta property=\"og:locale\" content=\"ro_RO\" \/>\n<meta property=\"og:type\" content=\"article\" \/>\n<meta property=\"og:title\" content=\"\u0421\u043f\u0430\u043b\u044c\u043d\u044b\u0439 \u043c\u0435\u0448\u043e\u043a Sea to Summit Spark -18C Down Long - \u041c\u0430\u0433\u0430\u0437\u0438\u043d Xstyle\" \/>\n<meta property=\"og:description\" content=\"\u0411\u0440\u0435\u043d\u0434 Sea to Summit \u2013 \u0431\u0440\u0435\u043d\u0434, \u043e\u0441\u043d\u043e\u0432\u0430\u043d\u043d\u044b\u0439 \u0432 1990 \u0433\u043e\u0434\u0443 \u0432 \u0410\u0432\u0441\u0442\u0440\u0430\u043b\u0438\u0438. \u0412 \u0435\u0433\u043e \u0430\u0441\u0441\u043e\u0440\u0442\u0438\u043c\u0435\u043d\u0442\u0435 \u0443\u043d\u0438\u043a\u0430\u043b\u044c\u043d\u043e\u0435 \u0438 \u043f\u043e\u043b\u0435\u0437\u043d\u043e\u0435 \u0441\u043d\u0430\u0440\u044f\u0436\u0435\u043d\u0438\u0435 \u0434\u043b\u044f \u0442\u0443\u0440\u0438\u0437\u043c\u0430 \u0438 \u043f\u0443\u0442\u0435\u0448\u0435\u0441\u0442\u0432\u0438\u0439: \u0433\u0435\u0440\u043c\u043e\u0447\u0435\u0445\u043b\u044b, \u043f\u043e\u043b\u043e\u0442\u0435\u043d\u0446\u0430 \u0438\u0437 \u043c\u0438\u043a\u0440\u043e\u0444\u0438\u0431\u0440\u044b, \u0441\u043a\u043b\u0430\u0434\u043d\u0430\u044f \u0441\u0438\u043b\u0438\u043a\u043e\u043d\u043e\u0432\u0430\u044f \u043f\u043e\u0441\u0443\u0434\u0430, \u0441\u0443\u043c\u043a\u0438, \u0440\u044e\u043a\u0437\u0430\u043a\u0438, \u043f\u0430\u043b\u0430\u0442\u043a\u0438, \u0441\u043f\u0430\u043b\u044c\u043d\u0438\u043a\u0438. \u041a\u0430\u0436\u0434\u0430\u044f \u0432\u0435\u0449\u044c, \u0440\u0430\u0437\u0440\u0430\u0431\u043e\u0442\u0430\u043d\u043d\u0430\u044f \u0432 \u043a\u043e\u043c\u043f\u0430\u043d\u0438\u0438, \u0438\u043c\u0435\u0435\u0442 \u043c\u0438\u043d\u0438\u043c\u0430\u043b\u044c\u043d\u044b\u0439 \u0432\u0435\u0441 \u0438 \u043c\u0430\u043a\u0441\u0438\u043c\u0430\u043b\u044c\u043d\u0443\u044e \u0444\u0443\u043d\u043a\u0446\u0438\u043e\u043d\u0430\u043b\u044c\u043d\u043e\u0441\u0442\u044c.\" \/>\n<meta property=\"og:url\" content=\"https:\/\/xstyle.md\/ro\/produs\/spalnik-sea-to-summit-spark-18c-down-long\/\" \/>\n<meta property=\"og:site_name\" content=\"\u041c\u0430\u0433\u0430\u0437\u0438\u043d Xstyle\" \/>\n<meta property=\"article:publisher\" content=\"https:\/\/www.facebook.com\/xstylemd\" \/>\n<meta property=\"article:modified_time\" content=\"2026-03-19T14:29:05+00:00\" \/>\n<meta property=\"og:image\" content=\"https:\/\/xstyle.md\/wp-content\/uploads\/2024\/11\/sea-to-summit-spark-18c-down-long.webp\" \/>\n\t<meta property=\"og:image:width\" content=\"1500\" \/>\n\t<meta property=\"og:image:height\" content=\"1500\" \/>\n\t<meta property=\"og:image:type\" content=\"image\/webp\" \/>\n<meta name=\"twitter:card\" content=\"summary_large_image\" \/>\n<meta name=\"twitter:label1\" content=\"Pre\u021b\" \/>\n\t<meta name=\"twitter:data1\" content=\"14.900&nbsp;MDL\" \/>\n\t<meta name=\"twitter:label2\" content=\"Disponibilitate\" \/>\n\t<meta name=\"twitter:data2\" content=\"\u00cen stoc\" \/>\n<script type=\"application\/ld+json\" class=\"yoast-schema-graph\">{\"@context\":\"https:\\\/\\\/schema.org\",\"@graph\":[{\"@type\":\"WebPage\",\"@id\":\"https:\\\/\\\/xstyle.md\\\/product\\\/spalnik-sea-to-summit-spark-18c-down-long\\\/\",\"url\":\"https:\\\/\\\/xstyle.md\\\/product\\\/spalnik-sea-to-summit-spark-18c-down-long\\\/\",\"name\":\"\u0421\u043f\u0430\u043b\u044c\u043d\u044b\u0439 \u043c\u0435\u0448\u043e\u043a Sea to Summit Spark -18C Down Long - \u041c\u0430\u0433\u0430\u0437\u0438\u043d Xstyle\",\"isPartOf\":{\"@id\":\"https:\\\/\\\/xstyle.md\\\/#website\"},\"primaryImageOfPage\":{\"@id\":\"https:\\\/\\\/xstyle.md\\\/product\\\/spalnik-sea-to-summit-spark-18c-down-long\\\/#primaryimage\"},\"image\":{\"@id\":\"https:\\\/\\\/xstyle.md\\\/product\\\/spalnik-sea-to-summit-spark-18c-down-long\\\/#primaryimage\"},\"thumbnailUrl\":\"https:\\\/\\\/xstyle.md\\\/wp-content\\\/uploads\\\/2024\\\/11\\\/sea-to-summit-spark-18c-down-long.webp\",\"datePublished\":\"2024-11-11T12:32:33+00:00\",\"dateModified\":\"2026-03-19T14:29:05+00:00\",\"breadcrumb\":{\"@id\":\"https:\\\/\\\/xstyle.md\\\/product\\\/spalnik-sea-to-summit-spark-18c-down-long\\\/#breadcrumb\"},\"inLanguage\":\"ro-RO\",\"potentialAction\":[{\"@type\":\"ReadAction\",\"target\":[\"https:\\\/\\\/xstyle.md\\\/product\\\/spalnik-sea-to-summit-spark-18c-down-long\\\/\"]}]},{\"@type\":\"ImageObject\",\"inLanguage\":\"ro-RO\",\"@id\":\"https:\\\/\\\/xstyle.md\\\/product\\\/spalnik-sea-to-summit-spark-18c-down-long\\\/#primaryimage\",\"url\":\"https:\\\/\\\/xstyle.md\\\/wp-content\\\/uploads\\\/2024\\\/11\\\/sea-to-summit-spark-18c-down-long.webp\",\"contentUrl\":\"https:\\\/\\\/xstyle.md\\\/wp-content\\\/uploads\\\/2024\\\/11\\\/sea-to-summit-spark-18c-down-long.webp\",\"width\":1500,\"height\":1500,\"caption\":\"\u0422\u0435\u043f\u043b\u044b\u0439 \u0441\u043f\u0430\u043b\u044c\u043d\u044b\u0439 \u043c\u0435\u0448\u043e\u043a Sea to Summit Spark -18C Down Long \u0434\u043b\u044f \u0430\u043a\u0442\u0438\u0432\u043d\u043e\u0433\u043e \u043e\u0442\u0434\u044b\u0445\u0430, \u0442\u0443\u0440\u0438\u0437\u043c\u0430, \u0445\u0430\u0439\u043a\u0438\u043d\u0433\u0430 \u0438 \u0430\u043b\u044c\u043f\u0438\u043d\u0438\u0437\u043c\u0430 \u0432 \u0438\u043d\u0442\u0435\u0440\u043d\u0435\u0442-\u043c\u0430\u0433\u0430\u0437\u0438\u043d\u0435 \u0442\u043e\u0432\u0430\u0440\u043e\u0432 \u0434\u043b\u044f \u0430\u043a\u0442\u0438\u0432\u043d\u043e\u0439 \u0436\u0438\u0437\u043d\u0438\"},{\"@type\":\"BreadcrumbList\",\"@id\":\"https:\\\/\\\/xstyle.md\\\/product\\\/spalnik-sea-to-summit-spark-18c-down-long\\\/#breadcrumb\",\"itemListElement\":[{\"@type\":\"ListItem\",\"position\":1,\"name\":\"\u0413\u043b\u0430\u0432\u043d\u0430\u044f \u0441\u0442\u0440\u0430\u043d\u0438\u0446\u0430\",\"item\":\"https:\\\/\\\/xstyle.md\\\/\"},{\"@type\":\"ListItem\",\"position\":2,\"name\":\"\u041c\u0430\u0433\u0430\u0437\u0438\u043d\",\"item\":\"https:\\\/\\\/xstyle.md\\\/shop\\\/\"},{\"@type\":\"ListItem\",\"position\":3,\"name\":\"\u0421\u043f\u0430\u043b\u044c\u043d\u044b\u0439 \u043c\u0435\u0448\u043e\u043a Sea to Summit Spark -18C Down Long\"}]},{\"@type\":\"WebSite\",\"@id\":\"https:\\\/\\\/xstyle.md\\\/#website\",\"url\":\"https:\\\/\\\/xstyle.md\\\/\",\"name\":\"\u041c\u0430\u0433\u0430\u0437\u0438\u043d Xstyle\",\"description\":\"C\u043d\u0430\u0440\u044f\u0436\u0435\u043d\u0438\u0435 \u0434\u043b\u044f \u0442\u0443\u0440\u0438\u0437\u043c\u0430 \u0438 \u044d\u043a\u0441\u0442\u0440\u0435\u043c\u0430\u043b\u044c\u043d\u044b\u0445 \u0432\u0438\u0434\u043e\u0432 \u0441\u043f\u043e\u0440\u0442\u0430 \u0432 \u041c\u043e\u043b\u0434\u043e\u0432\u0435.. \u0426\u0435\u043d\u044b, \u0444\u043e\u0442\u043e, \u0445\u0430\u0440\u0430\u043a\u0442\u0435\u0440\u0438\u0441\u0442\u0438\u043a\u0438 \u0432 \u041c\u043e\u043b\u0434\u043e\u0432\u0435.\",\"publisher\":{\"@id\":\"https:\\\/\\\/xstyle.md\\\/#organization\"},\"alternateName\":\"X-Style\",\"potentialAction\":[{\"@type\":\"SearchAction\",\"target\":{\"@type\":\"EntryPoint\",\"urlTemplate\":\"https:\\\/\\\/xstyle.md\\\/?s={search_term_string}\"},\"query-input\":{\"@type\":\"PropertyValueSpecification\",\"valueRequired\":true,\"valueName\":\"search_term_string\"}}],\"inLanguage\":\"ro-RO\"},{\"@type\":\"Organization\",\"@id\":\"https:\\\/\\\/xstyle.md\\\/#organization\",\"name\":\"\u041c\u0430\u0433\u0430\u0437\u0438\u043d Xstyle\",\"alternateName\":\"x-style\",\"url\":\"https:\\\/\\\/xstyle.md\\\/\",\"logo\":{\"@type\":\"ImageObject\",\"inLanguage\":\"ro-RO\",\"@id\":\"https:\\\/\\\/xstyle.md\\\/#\\\/schema\\\/logo\\\/image\\\/\",\"url\":\"https:\\\/\\\/xstyle.md\\\/wp-content\\\/uploads\\\/2020\\\/06\\\/logoicon.svg\",\"contentUrl\":\"https:\\\/\\\/xstyle.md\\\/wp-content\\\/uploads\\\/2020\\\/06\\\/logoicon.svg\",\"caption\":\"\u041c\u0430\u0433\u0430\u0437\u0438\u043d Xstyle\"},\"image\":{\"@id\":\"https:\\\/\\\/xstyle.md\\\/#\\\/schema\\\/logo\\\/image\\\/\"},\"sameAs\":[\"https:\\\/\\\/www.facebook.com\\\/xstylemd\",\"https:\\\/\\\/www.instagram.com\\\/xstyle_md\\\/\",\"https:\\\/\\\/t.me\\\/xstyle_outdoor\"],\"hasMerchantReturnPolicy\":{\"@type\":\"MerchantReturnPolicy\",\"merchantReturnLink\":\"https:\\\/\\\/xstyle.md\\\/ro\\\/conditions\\\/\"}}]}<\/script>\n<meta property=\"product:price:amount\" content=\"14900.00\" \/>\n<meta property=\"product:price:currency\" content=\"MDL\" \/>\n<meta property=\"og:availability\" content=\"instock\" \/>\n<meta property=\"product:availability\" content=\"instock\" \/>\n<meta property=\"product:retailer_item_id\" content=\"9327868158140\" \/>\n<meta property=\"product:condition\" content=\"new\" \/>\n<!-- \/ Yoast SEO plugin. -->","yoast_head_json":{"title":"\u0421\u043f\u0430\u043b\u044c\u043d\u044b\u0439 \u043c\u0435\u0448\u043e\u043a Sea to Summit Spark -18C Down Long - \u041c\u0430\u0433\u0430\u0437\u0438\u043d Xstyle","robots":{"index":"index","follow":"follow","max-snippet":"max-snippet:-1","max-image-preview":"max-image-preview:large","max-video-preview":"max-video-preview:-1"},"canonical":"https:\/\/xstyle.md\/ro\/produs\/spalnik-sea-to-summit-spark-18c-down-long\/","og_locale":"ro_RO","og_type":"article","og_title":"\u0421\u043f\u0430\u043b\u044c\u043d\u044b\u0439 \u043c\u0435\u0448\u043e\u043a Sea to Summit Spark -18C Down Long - \u041c\u0430\u0433\u0430\u0437\u0438\u043d Xstyle","og_description":"\u0411\u0440\u0435\u043d\u0434 Sea to Summit \u2013 \u0431\u0440\u0435\u043d\u0434, \u043e\u0441\u043d\u043e\u0432\u0430\u043d\u043d\u044b\u0439 \u0432 1990 \u0433\u043e\u0434\u0443 \u0432 \u0410\u0432\u0441\u0442\u0440\u0430\u043b\u0438\u0438. \u0412 \u0435\u0433\u043e \u0430\u0441\u0441\u043e\u0440\u0442\u0438\u043c\u0435\u043d\u0442\u0435 \u0443\u043d\u0438\u043a\u0430\u043b\u044c\u043d\u043e\u0435 \u0438 \u043f\u043e\u043b\u0435\u0437\u043d\u043e\u0435 \u0441\u043d\u0430\u0440\u044f\u0436\u0435\u043d\u0438\u0435 \u0434\u043b\u044f \u0442\u0443\u0440\u0438\u0437\u043c\u0430 \u0438 \u043f\u0443\u0442\u0435\u0448\u0435\u0441\u0442\u0432\u0438\u0439: \u0433\u0435\u0440\u043c\u043e\u0447\u0435\u0445\u043b\u044b, \u043f\u043e\u043b\u043e\u0442\u0435\u043d\u0446\u0430 \u0438\u0437 \u043c\u0438\u043a\u0440\u043e\u0444\u0438\u0431\u0440\u044b, \u0441\u043a\u043b\u0430\u0434\u043d\u0430\u044f \u0441\u0438\u043b\u0438\u043a\u043e\u043d\u043e\u0432\u0430\u044f \u043f\u043e\u0441\u0443\u0434\u0430, \u0441\u0443\u043c\u043a\u0438, \u0440\u044e\u043a\u0437\u0430\u043a\u0438, \u043f\u0430\u043b\u0430\u0442\u043a\u0438, \u0441\u043f\u0430\u043b\u044c\u043d\u0438\u043a\u0438. \u041a\u0430\u0436\u0434\u0430\u044f \u0432\u0435\u0449\u044c, \u0440\u0430\u0437\u0440\u0430\u0431\u043e\u0442\u0430\u043d\u043d\u0430\u044f \u0432 \u043a\u043e\u043c\u043f\u0430\u043d\u0438\u0438, \u0438\u043c\u0435\u0435\u0442 \u043c\u0438\u043d\u0438\u043c\u0430\u043b\u044c\u043d\u044b\u0439 \u0432\u0435\u0441 \u0438 \u043c\u0430\u043a\u0441\u0438\u043c\u0430\u043b\u044c\u043d\u0443\u044e \u0444\u0443\u043d\u043a\u0446\u0438\u043e\u043d\u0430\u043b\u044c\u043d\u043e\u0441\u0442\u044c.","og_url":"https:\/\/xstyle.md\/ro\/produs\/spalnik-sea-to-summit-spark-18c-down-long\/","og_site_name":"\u041c\u0430\u0433\u0430\u0437\u0438\u043d Xstyle","article_publisher":"https:\/\/www.facebook.com\/xstylemd","article_modified_time":"2026-03-19T14:29:05+00:00","og_image":[{"width":1500,"height":1500,"url":"https:\/\/xstyle.md\/wp-content\/uploads\/2024\/11\/sea-to-summit-spark-18c-down-long.webp","type":"image\/webp"}],"twitter_card":"summary_large_image","twitter_misc":{"Pre\u021b":"14.900&nbsp;MDL","Disponibilitate":"\u00cen stoc"},"schema":{"@context":"https:\/\/schema.org","@graph":[{"@type":"WebPage","@id":"https:\/\/xstyle.md\/product\/spalnik-sea-to-summit-spark-18c-down-long\/","url":"https:\/\/xstyle.md\/product\/spalnik-sea-to-summit-spark-18c-down-long\/","name":"\u0421\u043f\u0430\u043b\u044c\u043d\u044b\u0439 \u043c\u0435\u0448\u043e\u043a Sea to Summit Spark -18C Down Long - \u041c\u0430\u0433\u0430\u0437\u0438\u043d Xstyle","isPartOf":{"@id":"https:\/\/xstyle.md\/#website"},"primaryImageOfPage":{"@id":"https:\/\/xstyle.md\/product\/spalnik-sea-to-summit-spark-18c-down-long\/#primaryimage"},"image":{"@id":"https:\/\/xstyle.md\/product\/spalnik-sea-to-summit-spark-18c-down-long\/#primaryimage"},"thumbnailUrl":"https:\/\/xstyle.md\/wp-content\/uploads\/2024\/11\/sea-to-summit-spark-18c-down-long.webp","datePublished":"2024-11-11T12:32:33+00:00","dateModified":"2026-03-19T14:29:05+00:00","breadcrumb":{"@id":"https:\/\/xstyle.md\/product\/spalnik-sea-to-summit-spark-18c-down-long\/#breadcrumb"},"inLanguage":"ro-RO","potentialAction":[{"@type":"ReadAction","target":["https:\/\/xstyle.md\/product\/spalnik-sea-to-summit-spark-18c-down-long\/"]}]},{"@type":"ImageObject","inLanguage":"ro-RO","@id":"https:\/\/xstyle.md\/product\/spalnik-sea-to-summit-spark-18c-down-long\/#primaryimage","url":"https:\/\/xstyle.md\/wp-content\/uploads\/2024\/11\/sea-to-summit-spark-18c-down-long.webp","contentUrl":"https:\/\/xstyle.md\/wp-content\/uploads\/2024\/11\/sea-to-summit-spark-18c-down-long.webp","width":1500,"height":1500,"caption":"\u0422\u0435\u043f\u043b\u044b\u0439 \u0441\u043f\u0430\u043b\u044c\u043d\u044b\u0439 \u043c\u0435\u0448\u043e\u043a Sea to Summit Spark -18C Down Long \u0434\u043b\u044f \u0430\u043a\u0442\u0438\u0432\u043d\u043e\u0433\u043e \u043e\u0442\u0434\u044b\u0445\u0430, \u0442\u0443\u0440\u0438\u0437\u043c\u0430, \u0445\u0430\u0439\u043a\u0438\u043d\u0433\u0430 \u0438 \u0430\u043b\u044c\u043f\u0438\u043d\u0438\u0437\u043c\u0430 \u0432 \u0438\u043d\u0442\u0435\u0440\u043d\u0435\u0442-\u043c\u0430\u0433\u0430\u0437\u0438\u043d\u0435 \u0442\u043e\u0432\u0430\u0440\u043e\u0432 \u0434\u043b\u044f \u0430\u043a\u0442\u0438\u0432\u043d\u043e\u0439 \u0436\u0438\u0437\u043d\u0438"},{"@type":"BreadcrumbList","@id":"https:\/\/xstyle.md\/product\/spalnik-sea-to-summit-spark-18c-down-long\/#breadcrumb","itemListElement":[{"@type":"ListItem","position":1,"name":"\u0413\u043b\u0430\u0432\u043d\u0430\u044f \u0441\u0442\u0440\u0430\u043d\u0438\u0446\u0430","item":"https:\/\/xstyle.md\/"},{"@type":"ListItem","position":2,"name":"\u041c\u0430\u0433\u0430\u0437\u0438\u043d","item":"https:\/\/xstyle.md\/shop\/"},{"@type":"ListItem","position":3,"name":"\u0421\u043f\u0430\u043b\u044c\u043d\u044b\u0439 \u043c\u0435\u0448\u043e\u043a Sea to Summit Spark -18C Down Long"}]},{"@type":"WebSite","@id":"https:\/\/xstyle.md\/#website","url":"https:\/\/xstyle.md\/","name":"Magazinul X-Style","description":"Echipamente pentru turism \u0219i sporturi extreme \u00een Moldova. Pre\u021buri, fotografii, caracteristici \u00een Moldova.","publisher":{"@id":"https:\/\/xstyle.md\/#organization"},"alternateName":"X-Style","potentialAction":[{"@type":"SearchAction","target":{"@type":"EntryPoint","urlTemplate":"https:\/\/xstyle.md\/?s={search_term_string}"},"query-input":{"@type":"PropertyValueSpecification","valueRequired":true,"valueName":"search_term_string"}}],"inLanguage":"ro-RO"},{"@type":"Organization","@id":"https:\/\/xstyle.md\/#organization","name":"Magazinul X-Style","alternateName":"x-style","url":"https:\/\/xstyle.md\/","logo":{"@type":"ImageObject","inLanguage":"ro-RO","@id":"https:\/\/xstyle.md\/#\/schema\/logo\/image\/","url":"https:\/\/xstyle.md\/wp-content\/uploads\/2020\/06\/logoicon.svg","contentUrl":"https:\/\/xstyle.md\/wp-content\/uploads\/2020\/06\/logoicon.svg","caption":"\u041c\u0430\u0433\u0430\u0437\u0438\u043d Xstyle"},"image":{"@id":"https:\/\/xstyle.md\/#\/schema\/logo\/image\/"},"sameAs":["https:\/\/www.facebook.com\/xstylemd","https:\/\/www.instagram.com\/xstyle_md\/","https:\/\/t.me\/xstyle_outdoor"],"hasMerchantReturnPolicy":{"@type":"MerchantReturnPolicy","merchantReturnLink":"https:\/\/xstyle.md\/ro\/conditions\/"}}]},"product_price_amount":"14900.00","product_price_currency":"MDL","og_availability":"instock","product_availability":"instock","product_retailer_item_id":"9327868158140","product_condition":"new"},"_links":{"self":[{"href":"https:\/\/xstyle.md\/ro\/wp-json\/wp\/v2\/product\/89546","targetHints":{"allow":["GET"]}}],"collection":[{"href":"https:\/\/xstyle.md\/ro\/wp-json\/wp\/v2\/product"}],"about":[{"href":"https:\/\/xstyle.md\/ro\/wp-json\/wp\/v2\/types\/product"}],"replies":[{"embeddable":true,"href":"https:\/\/xstyle.md\/ro\/wp-json\/wp\/v2\/comments?post=89546"}],"wp:featuredmedia":[{"embeddable":true,"href":"https:\/\/xstyle.md\/ro\/wp-json\/wp\/v2\/media\/92914"}],"wp:attachment":[{"href":"https:\/\/xstyle.md\/ro\/wp-json\/wp\/v2\/media?parent=89546"}],"wp:term":[{"taxonomy":"product_brand","embeddable":true,"href":"https:\/\/xstyle.md\/ro\/wp-json\/wp\/v2\/product_brand?post=89546"},{"taxonomy":"product_cat","embeddable":true,"href":"https:\/\/xstyle.md\/ro\/wp-json\/wp\/v2\/product_cat?post=89546"},{"taxonomy":"product_tag","embeddable":true,"href":"https:\/\/xstyle.md\/ro\/wp-json\/wp\/v2\/product_tag?post=89546"}],"curies":[{"name":"wp","href":"https:\/\/api.w.org\/{rel}","templated":true}]}}