{"id":89486,"date":"2024-11-11T15:32:16","date_gmt":"2024-11-11T12:32:16","guid":{"rendered":"https:\/\/xstyle.md\/?post_type=product&#038;p=89486"},"modified":"2026-03-31T18:05:13","modified_gmt":"2026-03-31T15:05:13","slug":"termoshtany-lorpen-taku-mns-dark-grey","status":"publish","type":"product","link":"https:\/\/xstyle.md\/ro\/produs\/termoshtany-lorpen-taku-mns-dark-grey\/","title":{"rendered":"Pantaloni termici Lorpen Taku Mns dark grey"},"content":{"rendered":"<p><\/p>\n<p><strong>Lorpen Taku<\/strong> &#8212; este un strat de baz\u0103 creat prin utilizarea unei tehnologii f\u0103r\u0103 cus\u0103turi de \u00eenalt\u0103 precizie. Materialul tricotat are densit\u0103\u021bi \u0219i structuri variate \u00een diferite zone, adapt\u00e2ndu-se particularit\u0103\u021bilor anatomice. Conform testelor biomecanice efectuate \u00een laborator, zonele cele mai predispuse la transpira\u021bie sunt pliurile corpului, abdomenul, zona lombar\u0103 \u0219i coloana vertebral\u0103. \u00cen aceste sec\u021biuni, \u021bes\u0103tura este prev\u0103zut\u0103 cu perfora\u021bii pentru eliminarea umidit\u0103\u021bii \u0219i sporirea confortului. Construc\u021bia cu strat dublu este format\u0103 dintr-un strat exterior de nailon Red-Cycled pentru durabilitate \u0219i un strat interior din l\u00e2n\u0103 \u0219i Tencel care intr\u0103 \u00een contact cu pielea, oferind confort, c\u0103ldur\u0103 \u0219i termoreglare.<\/p>\n<h3>Particularit\u0103\u021bi<\/h3>\n<ul>\n<li><strong>HEIQ-MINT<\/strong>\u00ae \u2014 tehnologie care utilizeaz\u0103 ulei de ment\u0103 pentru a inhiba dezvoltarea bacteriilor ce cauzeaz\u0103 mirosurile nepl\u0103cute de transpira\u021bie<\/li>\n<li>Biomecanic dossier \u2014 teste de laborator efectuate de Lorpen care demonstreaz\u0103 c\u0103 transpira\u021bia cea mai intens\u0103 are loc \u00een zona coloanei vertebrale, a pliurilor membrelor, a abdomenului \u0219i a zonei lombare; prin urmare, \u021bes\u0103tura are zone diferite de densitate \u0219i perforare pentru a asigura eliminarea eficient\u0103 a umidit\u0103\u021bii \u0219i izolarea termic\u0103 acolo unde este necesar<\/li>\n<li>Tehnologie f\u0103r\u0103 cus\u0103turi \u2014 previne frecarea \u0219i iritarea pielii \u00een timpul utiliz\u0103rii intense<\/li>\n<\/ul>\n<h3>Caracteristici<\/h3>\n<ul>\n<li>Material \u2014 40% l\u00e2n\u0103 merino, 40% Tencel\u00ae, 19% nailon + lycra, 1% poliamid\u0103<\/li>\n<li>Sezon \u2014 iarn\u0103 \/ demisezon<\/li>\n<li>Utilizare \u2014 odihn\u0103 activ\u0103 \/ turism \/ snowboard \/ schi de tur\u0103<\/li>\n<li>Model \u2014 b\u0103rba\u021bi<\/li>\n<\/ul>\n<p><\/p>\n<h3>Marca<\/h3>\n<p>Lorpen este un renumit produc\u0103tor spaniol de \u0219osete sportive de \u00eenalt\u0103 calitate, care sunt printre cele mai populare pe pia\u021ba mondial\u0103 \u00een prezent. Gama lor include modele de trekking, alergare, expedi\u021bie \u0219i schi pentru toate gusturile.<\/p>\n<p>Principalul obiectiv al Lorpen este s\u0103 creeze cele mai avansate \u0219osete din punct de vedere tehnologic din lume. Odat\u0103 ce a\u021bi \u00eencercat \u0219osetele termice Lorpen, care func\u021bioneaz\u0103 toat\u0103 ziua, chiar \u0219i \u00een timpul efortului intens, ajut\u00e2nd la reglarea nivelului de c\u0103ldur\u0103 \u0219i umiditate din picioare, nu ve\u021bi mai putea purta niciodat\u0103 \u0219osete obi\u0219nuite din bumbac.<\/p>","protected":false},"excerpt":{"rendered":"<p>\u0411\u0440\u0435\u043d\u0434 Lorpen \u2013 \u0438\u0437\u0432\u0435\u0441\u0442\u043d\u044b\u0439 \u0438\u0441\u043f\u0430\u043d\u0441\u043a\u0438\u0439 \u043f\u0440\u043e\u0438\u0437\u0432\u043e\u0434\u0438\u0442\u0435\u043b\u044c \u0432\u044b\u0441\u043e\u043a\u043e\u043a\u0430\u0447\u0435\u0441\u0442\u0432\u0435\u043d\u043d\u044b\u0445 \u0441\u043f\u043e\u0440\u0442\u0438\u0432\u043d\u044b\u0445 \u043d\u043e\u0441\u043a\u043e\u0432, \u043a\u043e\u0442\u043e\u0440\u044b\u0435 \u043d\u0430 \u0441\u0435\u0433\u043e\u0434\u043d\u044f\u0448\u043d\u0438\u0439 \u0434\u0435\u043d\u044c \u044f\u0432\u043b\u044f\u044e\u0442\u0441\u044f \u043e\u0434\u043d\u0438\u043c\u0438 \u0438\u0437 \u0441\u0430\u043c\u044b\u0445 \u0432\u043e\u0441\u0442\u0440\u0435\u0431\u043e\u0432\u0430\u043d\u043d\u044b\u0445 \u0432 \u043c\u0438\u0440\u043e\u0432\u043e\u043c \u0440\u044b\u043d\u043a\u0435. \u0412 \u0438\u0445 \u043b\u0438\u043d\u0435\u0439\u043a\u0435 \u043d\u0430\u0439\u0434\u0443\u0442\u0441\u044f \u0442\u0440\u0435\u043a\u043a\u0438\u043d\u0433\u043e\u0432\u044b\u0435, \u0431\u0435\u0433\u043e\u0432\u044b\u0435, \u044d\u043a\u0441\u043f\u0435\u0434\u0438\u0446\u0438\u043e\u043d\u043d\u044b\u0435 \u0438 \u0433\u043e\u0440\u043d\u043e\u043b\u044b\u0436\u043d\u044b\u0435 \u043c\u043e\u0434\u0435\u043b\u0438 \u043d\u0430 \u043b\u044e\u0431\u043e\u0439 \u0432\u043a\u0443\u0441. \u0413\u043b\u0430\u0432\u043d\u0430\u044f \u0446\u0435\u043b\u044c Lorpen \u2013 \u0441\u043e\u0437\u0434\u0430\u0432\u0430\u0442\u044c \u0441\u0430\u043c\u044b\u0435 \u0442\u0435\u0445\u043d\u043e\u043b\u043e\u0433\u0438\u0447\u043d\u044b\u0435 \u043d\u043e\u0441\u043a\u0438 \u0432 \u043c\u0438\u0440\u0435. \u0421\u0442\u043e\u0438\u0442 \u0442\u043e\u043b\u044c\u043a\u043e \u043f\u043e\u043f\u0440\u043e\u0431\u043e\u0432\u0430\u0442\u044c \u0442\u0435\u0440\u043c\u043e\u043d\u043e\u0441\u043a\u0438 Lorpen, \u043a\u043e\u0442\u043e\u0440\u044b\u0435 \u00ab\u0440\u0430\u0431\u043e\u0442\u0430\u044e\u0442\u00bb \u0432\u0435\u0441\u044c \u0434\u0435\u043d\u044c \u0434\u0430\u0436\u0435 \u0432\u043e [&hellip;]<\/p>\n","protected":false},"featured_media":89717,"comment_status":"open","ping_status":"closed","template":"","meta":{"_acf_changed":false,"inline_featured_image":false},"product_brand":[1293],"product_cat":[288],"product_tag":[],"class_list":{"0":"post-89486","1":"product","2":"type-product","3":"status-publish","4":"has-post-thumbnail","6":"product_brand-lorpen","7":"product_cat-thermals-barbati","9":"first","10":"instock","11":"shipping-taxable","12":"purchasable","13":"product-type-simple"},"acf":[],"yoast_head":"<!-- This site is optimized with the Yoast SEO plugin v27.4 - https:\/\/yoast.com\/product\/yoast-seo-wordpress\/ -->\n<title>\u0422\u0435\u0440\u043c\u043e\u0448\u0442\u0430\u043d\u044b Lorpen Taku Mns dark grey - \u041c\u0430\u0433\u0430\u0437\u0438\u043d Xstyle<\/title>\n<meta name=\"robots\" content=\"index, follow, max-snippet:-1, max-image-preview:large, max-video-preview:-1\" \/>\n<link rel=\"canonical\" href=\"https:\/\/xstyle.md\/ro\/produs\/termoshtany-lorpen-taku-mns-dark-grey\/\" \/>\n<meta property=\"og:locale\" content=\"ro_RO\" \/>\n<meta property=\"og:type\" content=\"article\" \/>\n<meta property=\"og:title\" content=\"\u0422\u0435\u0440\u043c\u043e\u0448\u0442\u0430\u043d\u044b Lorpen Taku Mns dark grey - \u041c\u0430\u0433\u0430\u0437\u0438\u043d Xstyle\" \/>\n<meta property=\"og:description\" content=\"\u0411\u0440\u0435\u043d\u0434 Lorpen \u2013 \u0438\u0437\u0432\u0435\u0441\u0442\u043d\u044b\u0439 \u0438\u0441\u043f\u0430\u043d\u0441\u043a\u0438\u0439 \u043f\u0440\u043e\u0438\u0437\u0432\u043e\u0434\u0438\u0442\u0435\u043b\u044c \u0432\u044b\u0441\u043e\u043a\u043e\u043a\u0430\u0447\u0435\u0441\u0442\u0432\u0435\u043d\u043d\u044b\u0445 \u0441\u043f\u043e\u0440\u0442\u0438\u0432\u043d\u044b\u0445 \u043d\u043e\u0441\u043a\u043e\u0432, \u043a\u043e\u0442\u043e\u0440\u044b\u0435 \u043d\u0430 \u0441\u0435\u0433\u043e\u0434\u043d\u044f\u0448\u043d\u0438\u0439 \u0434\u0435\u043d\u044c \u044f\u0432\u043b\u044f\u044e\u0442\u0441\u044f \u043e\u0434\u043d\u0438\u043c\u0438 \u0438\u0437 \u0441\u0430\u043c\u044b\u0445 \u0432\u043e\u0441\u0442\u0440\u0435\u0431\u043e\u0432\u0430\u043d\u043d\u044b\u0445 \u0432 \u043c\u0438\u0440\u043e\u0432\u043e\u043c \u0440\u044b\u043d\u043a\u0435. \u0412 \u0438\u0445 \u043b\u0438\u043d\u0435\u0439\u043a\u0435 \u043d\u0430\u0439\u0434\u0443\u0442\u0441\u044f \u0442\u0440\u0435\u043a\u043a\u0438\u043d\u0433\u043e\u0432\u044b\u0435, \u0431\u0435\u0433\u043e\u0432\u044b\u0435, \u044d\u043a\u0441\u043f\u0435\u0434\u0438\u0446\u0438\u043e\u043d\u043d\u044b\u0435 \u0438 \u0433\u043e\u0440\u043d\u043e\u043b\u044b\u0436\u043d\u044b\u0435 \u043c\u043e\u0434\u0435\u043b\u0438 \u043d\u0430 \u043b\u044e\u0431\u043e\u0439 \u0432\u043a\u0443\u0441. \u0413\u043b\u0430\u0432\u043d\u0430\u044f \u0446\u0435\u043b\u044c Lorpen \u2013 \u0441\u043e\u0437\u0434\u0430\u0432\u0430\u0442\u044c \u0441\u0430\u043c\u044b\u0435 \u0442\u0435\u0445\u043d\u043e\u043b\u043e\u0433\u0438\u0447\u043d\u044b\u0435 \u043d\u043e\u0441\u043a\u0438 \u0432 \u043c\u0438\u0440\u0435. \u0421\u0442\u043e\u0438\u0442 \u0442\u043e\u043b\u044c\u043a\u043e \u043f\u043e\u043f\u0440\u043e\u0431\u043e\u0432\u0430\u0442\u044c \u0442\u0435\u0440\u043c\u043e\u043d\u043e\u0441\u043a\u0438 Lorpen, \u043a\u043e\u0442\u043e\u0440\u044b\u0435 \u00ab\u0440\u0430\u0431\u043e\u0442\u0430\u044e\u0442\u00bb \u0432\u0435\u0441\u044c \u0434\u0435\u043d\u044c \u0434\u0430\u0436\u0435 \u0432\u043e [&hellip;]\" \/>\n<meta property=\"og:url\" content=\"https:\/\/xstyle.md\/ro\/produs\/termoshtany-lorpen-taku-mns-dark-grey\/\" \/>\n<meta property=\"og:site_name\" content=\"\u041c\u0430\u0433\u0430\u0437\u0438\u043d Xstyle\" \/>\n<meta property=\"article:publisher\" content=\"https:\/\/www.facebook.com\/xstylemd\" \/>\n<meta property=\"article:modified_time\" content=\"2026-03-31T15:05:13+00:00\" \/>\n<meta property=\"og:image\" content=\"https:\/\/xstyle.md\/wp-content\/uploads\/2024\/11\/lorpen-taku-mns-dark-grey.jpg\" \/>\n\t<meta property=\"og:image:width\" content=\"1850\" \/>\n\t<meta property=\"og:image:height\" content=\"1890\" \/>\n\t<meta property=\"og:image:type\" content=\"image\/jpeg\" \/>\n<meta name=\"twitter:card\" content=\"summary_large_image\" \/>\n<meta name=\"twitter:label1\" content=\"Pre\u021b\" \/>\n\t<meta name=\"twitter:data1\" content=\"1.190&nbsp;MDL\" \/>\n\t<meta name=\"twitter:label2\" content=\"Disponibilitate\" \/>\n\t<meta name=\"twitter:data2\" content=\"\u00cen stoc\" \/>\n<script type=\"application\/ld+json\" class=\"yoast-schema-graph\">{\"@context\":\"https:\\\/\\\/schema.org\",\"@graph\":[{\"@type\":\"WebPage\",\"@id\":\"https:\\\/\\\/xstyle.md\\\/product\\\/termoshtany-lorpen-taku-mns-dark-grey\\\/\",\"url\":\"https:\\\/\\\/xstyle.md\\\/product\\\/termoshtany-lorpen-taku-mns-dark-grey\\\/\",\"name\":\"\u0422\u0435\u0440\u043c\u043e\u0448\u0442\u0430\u043d\u044b Lorpen Taku Mns dark grey - \u041c\u0430\u0433\u0430\u0437\u0438\u043d Xstyle\",\"isPartOf\":{\"@id\":\"https:\\\/\\\/xstyle.md\\\/#website\"},\"primaryImageOfPage\":{\"@id\":\"https:\\\/\\\/xstyle.md\\\/product\\\/termoshtany-lorpen-taku-mns-dark-grey\\\/#primaryimage\"},\"image\":{\"@id\":\"https:\\\/\\\/xstyle.md\\\/product\\\/termoshtany-lorpen-taku-mns-dark-grey\\\/#primaryimage\"},\"thumbnailUrl\":\"https:\\\/\\\/xstyle.md\\\/wp-content\\\/uploads\\\/2024\\\/11\\\/lorpen-taku-mns-dark-grey.jpg\",\"datePublished\":\"2024-11-11T12:32:16+00:00\",\"dateModified\":\"2026-03-31T15:05:13+00:00\",\"breadcrumb\":{\"@id\":\"https:\\\/\\\/xstyle.md\\\/product\\\/termoshtany-lorpen-taku-mns-dark-grey\\\/#breadcrumb\"},\"inLanguage\":\"ro-RO\",\"potentialAction\":[{\"@type\":\"ReadAction\",\"target\":[\"https:\\\/\\\/xstyle.md\\\/product\\\/termoshtany-lorpen-taku-mns-dark-grey\\\/\"]}]},{\"@type\":\"ImageObject\",\"inLanguage\":\"ro-RO\",\"@id\":\"https:\\\/\\\/xstyle.md\\\/product\\\/termoshtany-lorpen-taku-mns-dark-grey\\\/#primaryimage\",\"url\":\"https:\\\/\\\/xstyle.md\\\/wp-content\\\/uploads\\\/2024\\\/11\\\/lorpen-taku-mns-dark-grey.jpg\",\"contentUrl\":\"https:\\\/\\\/xstyle.md\\\/wp-content\\\/uploads\\\/2024\\\/11\\\/lorpen-taku-mns-dark-grey.jpg\",\"width\":1850,\"height\":1890,\"caption\":\"\u041c\u0443\u0436\u0441\u043a\u0438\u0435 \u043d\u043e\u0441\u043a\u0438 \u0434\u043b\u044f \u0430\u043a\u0442\u0438\u0432\u043d\u043e\u0433\u043e \u043e\u0442\u0434\u044b\u0445\u0430 Lorpen Taku, \u0441\u0435\u0440\u043e\u0433\u043e \u0446\u0432\u0435\u0442\u0430, \u0438\u0434\u0435\u0430\u043b\u044c\u043d\u044b \u0434\u043b\u044f \u043f\u043e\u0445\u043e\u0434\u043e\u0432, \u0430\u043b\u044c\u043f\u0438\u043d\u0438\u0437\u043c\u0430 \u0438 \u043f\u0443\u0442\u0435\u0448\u0435\u0441\u0442\u0432\u0438\u0439.\"},{\"@type\":\"BreadcrumbList\",\"@id\":\"https:\\\/\\\/xstyle.md\\\/product\\\/termoshtany-lorpen-taku-mns-dark-grey\\\/#breadcrumb\",\"itemListElement\":[{\"@type\":\"ListItem\",\"position\":1,\"name\":\"\u0413\u043b\u0430\u0432\u043d\u0430\u044f \u0441\u0442\u0440\u0430\u043d\u0438\u0446\u0430\",\"item\":\"https:\\\/\\\/xstyle.md\\\/\"},{\"@type\":\"ListItem\",\"position\":2,\"name\":\"\u041c\u0430\u0433\u0430\u0437\u0438\u043d\",\"item\":\"https:\\\/\\\/xstyle.md\\\/shop\\\/\"},{\"@type\":\"ListItem\",\"position\":3,\"name\":\"\u0422\u0435\u0440\u043c\u043e\u0448\u0442\u0430\u043d\u044b Lorpen Taku Mns dark grey\"}]},{\"@type\":\"WebSite\",\"@id\":\"https:\\\/\\\/xstyle.md\\\/#website\",\"url\":\"https:\\\/\\\/xstyle.md\\\/\",\"name\":\"\u041c\u0430\u0433\u0430\u0437\u0438\u043d Xstyle\",\"description\":\"C\u043d\u0430\u0440\u044f\u0436\u0435\u043d\u0438\u0435 \u0434\u043b\u044f \u0442\u0443\u0440\u0438\u0437\u043c\u0430 \u0438 \u044d\u043a\u0441\u0442\u0440\u0435\u043c\u0430\u043b\u044c\u043d\u044b\u0445 \u0432\u0438\u0434\u043e\u0432 \u0441\u043f\u043e\u0440\u0442\u0430 \u0432 \u041c\u043e\u043b\u0434\u043e\u0432\u0435.. \u0426\u0435\u043d\u044b, \u0444\u043e\u0442\u043e, \u0445\u0430\u0440\u0430\u043a\u0442\u0435\u0440\u0438\u0441\u0442\u0438\u043a\u0438 \u0432 \u041c\u043e\u043b\u0434\u043e\u0432\u0435.\",\"publisher\":{\"@id\":\"https:\\\/\\\/xstyle.md\\\/#organization\"},\"alternateName\":\"X-Style\",\"potentialAction\":[{\"@type\":\"SearchAction\",\"target\":{\"@type\":\"EntryPoint\",\"urlTemplate\":\"https:\\\/\\\/xstyle.md\\\/?s={search_term_string}\"},\"query-input\":{\"@type\":\"PropertyValueSpecification\",\"valueRequired\":true,\"valueName\":\"search_term_string\"}}],\"inLanguage\":\"ro-RO\"},{\"@type\":\"Organization\",\"@id\":\"https:\\\/\\\/xstyle.md\\\/#organization\",\"name\":\"\u041c\u0430\u0433\u0430\u0437\u0438\u043d Xstyle\",\"alternateName\":\"x-style\",\"url\":\"https:\\\/\\\/xstyle.md\\\/\",\"logo\":{\"@type\":\"ImageObject\",\"inLanguage\":\"ro-RO\",\"@id\":\"https:\\\/\\\/xstyle.md\\\/#\\\/schema\\\/logo\\\/image\\\/\",\"url\":\"https:\\\/\\\/xstyle.md\\\/wp-content\\\/uploads\\\/2020\\\/06\\\/logoicon.svg\",\"contentUrl\":\"https:\\\/\\\/xstyle.md\\\/wp-content\\\/uploads\\\/2020\\\/06\\\/logoicon.svg\",\"caption\":\"\u041c\u0430\u0433\u0430\u0437\u0438\u043d Xstyle\"},\"image\":{\"@id\":\"https:\\\/\\\/xstyle.md\\\/#\\\/schema\\\/logo\\\/image\\\/\"},\"sameAs\":[\"https:\\\/\\\/www.facebook.com\\\/xstylemd\",\"https:\\\/\\\/www.instagram.com\\\/xstyle_md\\\/\",\"https:\\\/\\\/t.me\\\/xstyle_outdoor\"],\"hasMerchantReturnPolicy\":{\"@type\":\"MerchantReturnPolicy\",\"merchantReturnLink\":\"https:\\\/\\\/xstyle.md\\\/ro\\\/conditions\\\/\"}}]}<\/script>\n<meta property=\"product:price:amount\" content=\"1190.00\" \/>\n<meta property=\"product:price:currency\" content=\"MDL\" \/>\n<meta property=\"og:availability\" content=\"instock\" \/>\n<meta property=\"product:availability\" content=\"instock\" \/>\n<meta property=\"product:retailer_item_id\" content=\"8447107327012\" \/>\n<meta property=\"product:condition\" content=\"new\" \/>\n<!-- \/ Yoast SEO plugin. -->","yoast_head_json":{"title":"\u0422\u0435\u0440\u043c\u043e\u0448\u0442\u0430\u043d\u044b Lorpen Taku Mns dark grey - \u041c\u0430\u0433\u0430\u0437\u0438\u043d Xstyle","robots":{"index":"index","follow":"follow","max-snippet":"max-snippet:-1","max-image-preview":"max-image-preview:large","max-video-preview":"max-video-preview:-1"},"canonical":"https:\/\/xstyle.md\/ro\/produs\/termoshtany-lorpen-taku-mns-dark-grey\/","og_locale":"ro_RO","og_type":"article","og_title":"\u0422\u0435\u0440\u043c\u043e\u0448\u0442\u0430\u043d\u044b Lorpen Taku Mns dark grey - \u041c\u0430\u0433\u0430\u0437\u0438\u043d Xstyle","og_description":"\u0411\u0440\u0435\u043d\u0434 Lorpen \u2013 \u0438\u0437\u0432\u0435\u0441\u0442\u043d\u044b\u0439 \u0438\u0441\u043f\u0430\u043d\u0441\u043a\u0438\u0439 \u043f\u0440\u043e\u0438\u0437\u0432\u043e\u0434\u0438\u0442\u0435\u043b\u044c \u0432\u044b\u0441\u043e\u043a\u043e\u043a\u0430\u0447\u0435\u0441\u0442\u0432\u0435\u043d\u043d\u044b\u0445 \u0441\u043f\u043e\u0440\u0442\u0438\u0432\u043d\u044b\u0445 \u043d\u043e\u0441\u043a\u043e\u0432, \u043a\u043e\u0442\u043e\u0440\u044b\u0435 \u043d\u0430 \u0441\u0435\u0433\u043e\u0434\u043d\u044f\u0448\u043d\u0438\u0439 \u0434\u0435\u043d\u044c \u044f\u0432\u043b\u044f\u044e\u0442\u0441\u044f \u043e\u0434\u043d\u0438\u043c\u0438 \u0438\u0437 \u0441\u0430\u043c\u044b\u0445 \u0432\u043e\u0441\u0442\u0440\u0435\u0431\u043e\u0432\u0430\u043d\u043d\u044b\u0445 \u0432 \u043c\u0438\u0440\u043e\u0432\u043e\u043c \u0440\u044b\u043d\u043a\u0435. \u0412 \u0438\u0445 \u043b\u0438\u043d\u0435\u0439\u043a\u0435 \u043d\u0430\u0439\u0434\u0443\u0442\u0441\u044f \u0442\u0440\u0435\u043a\u043a\u0438\u043d\u0433\u043e\u0432\u044b\u0435, \u0431\u0435\u0433\u043e\u0432\u044b\u0435, \u044d\u043a\u0441\u043f\u0435\u0434\u0438\u0446\u0438\u043e\u043d\u043d\u044b\u0435 \u0438 \u0433\u043e\u0440\u043d\u043e\u043b\u044b\u0436\u043d\u044b\u0435 \u043c\u043e\u0434\u0435\u043b\u0438 \u043d\u0430 \u043b\u044e\u0431\u043e\u0439 \u0432\u043a\u0443\u0441. \u0413\u043b\u0430\u0432\u043d\u0430\u044f \u0446\u0435\u043b\u044c Lorpen \u2013 \u0441\u043e\u0437\u0434\u0430\u0432\u0430\u0442\u044c \u0441\u0430\u043c\u044b\u0435 \u0442\u0435\u0445\u043d\u043e\u043b\u043e\u0433\u0438\u0447\u043d\u044b\u0435 \u043d\u043e\u0441\u043a\u0438 \u0432 \u043c\u0438\u0440\u0435. \u0421\u0442\u043e\u0438\u0442 \u0442\u043e\u043b\u044c\u043a\u043e \u043f\u043e\u043f\u0440\u043e\u0431\u043e\u0432\u0430\u0442\u044c \u0442\u0435\u0440\u043c\u043e\u043d\u043e\u0441\u043a\u0438 Lorpen, \u043a\u043e\u0442\u043e\u0440\u044b\u0435 \u00ab\u0440\u0430\u0431\u043e\u0442\u0430\u044e\u0442\u00bb \u0432\u0435\u0441\u044c \u0434\u0435\u043d\u044c \u0434\u0430\u0436\u0435 \u0432\u043e [&hellip;]","og_url":"https:\/\/xstyle.md\/ro\/produs\/termoshtany-lorpen-taku-mns-dark-grey\/","og_site_name":"\u041c\u0430\u0433\u0430\u0437\u0438\u043d Xstyle","article_publisher":"https:\/\/www.facebook.com\/xstylemd","article_modified_time":"2026-03-31T15:05:13+00:00","og_image":[{"width":1850,"height":1890,"url":"https:\/\/xstyle.md\/wp-content\/uploads\/2024\/11\/lorpen-taku-mns-dark-grey.jpg","type":"image\/jpeg"}],"twitter_card":"summary_large_image","twitter_misc":{"Pre\u021b":"1.190&nbsp;MDL","Disponibilitate":"\u00cen stoc"},"schema":{"@context":"https:\/\/schema.org","@graph":[{"@type":"WebPage","@id":"https:\/\/xstyle.md\/product\/termoshtany-lorpen-taku-mns-dark-grey\/","url":"https:\/\/xstyle.md\/product\/termoshtany-lorpen-taku-mns-dark-grey\/","name":"\u0422\u0435\u0440\u043c\u043e\u0448\u0442\u0430\u043d\u044b Lorpen Taku Mns dark grey - \u041c\u0430\u0433\u0430\u0437\u0438\u043d Xstyle","isPartOf":{"@id":"https:\/\/xstyle.md\/#website"},"primaryImageOfPage":{"@id":"https:\/\/xstyle.md\/product\/termoshtany-lorpen-taku-mns-dark-grey\/#primaryimage"},"image":{"@id":"https:\/\/xstyle.md\/product\/termoshtany-lorpen-taku-mns-dark-grey\/#primaryimage"},"thumbnailUrl":"https:\/\/xstyle.md\/wp-content\/uploads\/2024\/11\/lorpen-taku-mns-dark-grey.jpg","datePublished":"2024-11-11T12:32:16+00:00","dateModified":"2026-03-31T15:05:13+00:00","breadcrumb":{"@id":"https:\/\/xstyle.md\/product\/termoshtany-lorpen-taku-mns-dark-grey\/#breadcrumb"},"inLanguage":"ro-RO","potentialAction":[{"@type":"ReadAction","target":["https:\/\/xstyle.md\/product\/termoshtany-lorpen-taku-mns-dark-grey\/"]}]},{"@type":"ImageObject","inLanguage":"ro-RO","@id":"https:\/\/xstyle.md\/product\/termoshtany-lorpen-taku-mns-dark-grey\/#primaryimage","url":"https:\/\/xstyle.md\/wp-content\/uploads\/2024\/11\/lorpen-taku-mns-dark-grey.jpg","contentUrl":"https:\/\/xstyle.md\/wp-content\/uploads\/2024\/11\/lorpen-taku-mns-dark-grey.jpg","width":1850,"height":1890,"caption":"\u041c\u0443\u0436\u0441\u043a\u0438\u0435 \u043d\u043e\u0441\u043a\u0438 \u0434\u043b\u044f \u0430\u043a\u0442\u0438\u0432\u043d\u043e\u0433\u043e \u043e\u0442\u0434\u044b\u0445\u0430 Lorpen Taku, \u0441\u0435\u0440\u043e\u0433\u043e \u0446\u0432\u0435\u0442\u0430, \u0438\u0434\u0435\u0430\u043b\u044c\u043d\u044b \u0434\u043b\u044f \u043f\u043e\u0445\u043e\u0434\u043e\u0432, \u0430\u043b\u044c\u043f\u0438\u043d\u0438\u0437\u043c\u0430 \u0438 \u043f\u0443\u0442\u0435\u0448\u0435\u0441\u0442\u0432\u0438\u0439."},{"@type":"BreadcrumbList","@id":"https:\/\/xstyle.md\/product\/termoshtany-lorpen-taku-mns-dark-grey\/#breadcrumb","itemListElement":[{"@type":"ListItem","position":1,"name":"\u0413\u043b\u0430\u0432\u043d\u0430\u044f \u0441\u0442\u0440\u0430\u043d\u0438\u0446\u0430","item":"https:\/\/xstyle.md\/"},{"@type":"ListItem","position":2,"name":"\u041c\u0430\u0433\u0430\u0437\u0438\u043d","item":"https:\/\/xstyle.md\/shop\/"},{"@type":"ListItem","position":3,"name":"\u0422\u0435\u0440\u043c\u043e\u0448\u0442\u0430\u043d\u044b Lorpen Taku Mns dark grey"}]},{"@type":"WebSite","@id":"https:\/\/xstyle.md\/#website","url":"https:\/\/xstyle.md\/","name":"Magazinul X-Style","description":"Echipamente pentru turism \u0219i sporturi extreme \u00een Moldova. Pre\u021buri, fotografii, caracteristici \u00een Moldova.","publisher":{"@id":"https:\/\/xstyle.md\/#organization"},"alternateName":"X-Style","potentialAction":[{"@type":"SearchAction","target":{"@type":"EntryPoint","urlTemplate":"https:\/\/xstyle.md\/?s={search_term_string}"},"query-input":{"@type":"PropertyValueSpecification","valueRequired":true,"valueName":"search_term_string"}}],"inLanguage":"ro-RO"},{"@type":"Organization","@id":"https:\/\/xstyle.md\/#organization","name":"Magazinul X-Style","alternateName":"x-style","url":"https:\/\/xstyle.md\/","logo":{"@type":"ImageObject","inLanguage":"ro-RO","@id":"https:\/\/xstyle.md\/#\/schema\/logo\/image\/","url":"https:\/\/xstyle.md\/wp-content\/uploads\/2020\/06\/logoicon.svg","contentUrl":"https:\/\/xstyle.md\/wp-content\/uploads\/2020\/06\/logoicon.svg","caption":"\u041c\u0430\u0433\u0430\u0437\u0438\u043d Xstyle"},"image":{"@id":"https:\/\/xstyle.md\/#\/schema\/logo\/image\/"},"sameAs":["https:\/\/www.facebook.com\/xstylemd","https:\/\/www.instagram.com\/xstyle_md\/","https:\/\/t.me\/xstyle_outdoor"],"hasMerchantReturnPolicy":{"@type":"MerchantReturnPolicy","merchantReturnLink":"https:\/\/xstyle.md\/ro\/conditions\/"}}]},"product_price_amount":"1190.00","product_price_currency":"MDL","og_availability":"instock","product_availability":"instock","product_retailer_item_id":"8447107327012","product_condition":"new"},"_links":{"self":[{"href":"https:\/\/xstyle.md\/ro\/wp-json\/wp\/v2\/product\/89486","targetHints":{"allow":["GET"]}}],"collection":[{"href":"https:\/\/xstyle.md\/ro\/wp-json\/wp\/v2\/product"}],"about":[{"href":"https:\/\/xstyle.md\/ro\/wp-json\/wp\/v2\/types\/product"}],"replies":[{"embeddable":true,"href":"https:\/\/xstyle.md\/ro\/wp-json\/wp\/v2\/comments?post=89486"}],"wp:featuredmedia":[{"embeddable":true,"href":"https:\/\/xstyle.md\/ro\/wp-json\/wp\/v2\/media\/89717"}],"wp:attachment":[{"href":"https:\/\/xstyle.md\/ro\/wp-json\/wp\/v2\/media?parent=89486"}],"wp:term":[{"taxonomy":"product_brand","embeddable":true,"href":"https:\/\/xstyle.md\/ro\/wp-json\/wp\/v2\/product_brand?post=89486"},{"taxonomy":"product_cat","embeddable":true,"href":"https:\/\/xstyle.md\/ro\/wp-json\/wp\/v2\/product_cat?post=89486"},{"taxonomy":"product_tag","embeddable":true,"href":"https:\/\/xstyle.md\/ro\/wp-json\/wp\/v2\/product_tag?post=89486"}],"curies":[{"name":"wp","href":"https:\/\/api.w.org\/{rel}","templated":true}]}}