{"id":89481,"date":"2024-11-11T15:32:14","date_gmt":"2024-11-11T12:32:14","guid":{"rendered":"https:\/\/xstyle.md\/?post_type=product&#038;p=89481"},"modified":"2026-03-19T17:28:53","modified_gmt":"2026-03-19T14:28:53","slug":"botinki-kamik-spencer-mid-black-noir","status":"publish","type":"product","link":"https:\/\/xstyle.md\/ro\/produs\/botinki-kamik-spencer-mid-black-noir\/","title":{"rendered":"Bocanci Kamik Spencer Mid black noir"},"content":{"rendered":"<\/p>\n<p><strong>Kamik Spencer Mid<\/strong> &#8212; bocanci de iarn\u0103 pentru b\u0103rba\u021bi sunt ideale pentru mersul pe str\u0103zile din ora\u0219 \u0219i pentru naveta la serviciu. Membrana impermeabil\u0103 DriDefense de la Kamik protejeaz\u0103 \u00eempotriva noroiului \u0219i a ploii, \u00eendep\u0103rt\u00e2nd \u00een acela\u0219i timp transpira\u021bia de piele. V\u0103 va pl\u0103cea aspectul lor clasic, iar talpa exterioar\u0103 rezistent\u0103 \u0219i antiderapant\u0103 Vibram\u00ae Arctic Grip v\u0103 face s\u0103 v\u0103 sim\u021bi\u021bi \u00eencrez\u0103tor pe drum.<\/p>\n<h3 class=\"clear\" data-reader-unique-id=\"4\">Particularit\u0103\u021bi<\/h3>\n<ul>\n<li>Piele provenit\u0103 de la o t\u0103b\u0103c\u0103rie cu rating de aur pentru utilizarea durabil\u0103 a apei, energiei \u0219i a tehnicilor de gestionare a de\u0219eurilor.<\/li>\n<li>Model cu \u0219ireturi \u0219i man\u0219et\u0103 c\u0103ptu\u0219it\u0103<\/li>\n<li>Izola\u021bie rezistent\u0103 HEAT-MX\u2122<\/li>\n<li>C\u0103ptu\u0219eal\u0103 boa moale care evacueaz\u0103 umezeala<\/li>\n<li>Talp\u0103 Ortholite\u00ae Hybrid\u2122 cu ecologie \u0219i confort maxim<\/li>\n<li>Agent de \u00eendep\u0103rtare a mirosurilor AEGIS\u00ae<\/li>\n<li>Talp\u0103 din cauciuc sintetic SNO<\/li>\n<li>Flexibilitate cu trac\u021biune excelent\u0103 pe z\u0103pad\u0103<\/li>\n<\/ul>\n<h3>Caracteristici<\/h3>\n<ul>\n<li>Material de baz\u0103 &#8212; piele impermeabil\u0103 cu membran\u0103 DriDefense<\/li>\n<li>C\u0103ptu\u0219eal\u0103 &#8212; HEAT-MX\u2122<\/li>\n<li>Talp\u0103 intermediar\u0103 &#8212; Vibram\u00ae Arctic Grip<\/li>\n<li>\u00cen\u0103l\u021bimea man\u0219etei &#8212; 15cm<\/li>\n<li>Zona de confort &#8212; 30\u00b0C<\/li>\n<li>Sezonul &#8212; toamn\u0103\/iarn\u0103<\/li>\n<\/ul>\n<h3>Tehnologie<\/h3>\n<ul>\n<li><strong>Vibram<\/strong>\u00ae <strong>Arctic Grip<\/strong> este o tehnologie avansat\u0103 de talp\u0103 exterioar\u0103 Vibram\u00ae, special conceput\u0103 pentru utilizarea pe suprafe\u021be alunecoase. Talpa \u00eembun\u0103t\u0103\u021be\u0219te aderen\u021ba pe suprafe\u021bele \u00eenghe\u021bate \u0219i \u00eenz\u0103pezite, p\u0103str\u00e2ndu-\u0219i \u00een acela\u0219i timp calit\u0103\u021bile durabile \u0219i rezistente la uzur\u0103.<\/li>\n<li><strong>DriDefense<\/strong> este o membran\u0103 impermeabil\u0103 care men\u021bine picioarele uscate pe tot parcursul sezonului. Folose\u0219te o membran\u0103 respirabil\u0103 care permite umezelii s\u0103 ias\u0103 \u00een exterior f\u0103r\u0103 a l\u0103sa apa s\u0103 intre.<\/li>\n<li><strong>Izola\u021bia HEAT-MX<\/strong>\u2122 este ecologic\u0103. Tehnologia inovatoare DRI-CAVET\u2122 evacueaz\u0103 umezeala, oferind un confort maxim.<\/li>\n<li><strong>Ortholite<\/strong>\u00ae <strong>Hybrid<\/strong>\u2122 este o versiune ecologic\u0103 a t\u0103lpilor de \u00eenalt\u0103 tehnologie care asigur\u0103 o excelent\u0103 transportare a umidit\u0103\u021bii din picior. Designul special al cupei pentru c\u0103lc\u00e2i asigur\u0103 o amortizare suplimentar\u0103, \u0219i un confort mai mare. De asemenea, tratat\u0103 cu impregnare bactericid\u0103, care previne formarea de bacterii \u0219i mirosuri. Folosirea materialelor ecologice reduce impactul negativ asupra planetei.<\/li>\n<\/ul>\n<p><\/p>\n<h3>Marca<\/h3>\n<p>Povestea m\u0103rcii Kamik a \u00eenceput \u00een 1898, odat\u0103 cu \u00eenfiin\u021barea unei mici ateliere de \u00eenc\u0103l\u021b\u0103minte \u00een provincia canadian\u0103 Quebec. Afacerea firmei a avut succes variabil, p\u00e2n\u0103 c\u00e2nd a fost angajat un manager pe nume William Cook. Acest om, cu talentul s\u0103u comercial remarcabil \u0219i intui\u021bia infailibil\u0103, a dus afacerea la un nou nivel.<\/p>\n<p>Compania s-a extins, s-a relocat \u00een Montreal \u0219i a primit denumirea oficial\u0103 - \u201eThe General Footwear Company\u201d. Kuk avea o calitate foarte valoroas\u0103 pentru manager \u2013 el distinge \u0219i eviden\u021biaz\u0103 f\u0103r\u0103 gre\u0219 uneltele noi de tehnologie \u00een produc\u021bia de \u00eenc\u0103l\u021b\u0103minte, iar apoi le aplica cu succes \u00een activitatea companiei. Ca urmare, firma \u201eGenfoot\u201d a c\u00e2\u0219tigat o popularitate uria\u0219\u0103 mai \u00eent\u00e2i \u00een Canada, iar apoi \u0219i \u00een afara acesteia.<\/p>\n<p>Kamik a fost fondat\u0103 \u00een 1972 \u0219i a atras imediat aten\u021bia pentru calit\u0103\u021bile sale de \u00eenalt\u0103 tehnologie la un pre\u021b foarte rezonabil. Concepute ini\u021bial pentru v\u00e2n\u0103tori, excursioni\u0219ti \u0219i alte persoane cu cerin\u021be ridicate \u00een ceea ce prive\u0219te durabilitatea \u0219i rezisten\u021ba la ap\u0103, calit\u0103\u021bile unice ale Kamik au fost aplicate de-a lungul anilor la \u00eenc\u0103l\u021b\u0103mintea de zi cu zi.<\/p>","protected":false},"excerpt":{"rendered":"<p>\u0411\u0440\u0435\u043d\u0434 \u0418\u0441\u0442\u043e\u0440\u0438\u044f \u0442\u043e\u0440\u0433\u043e\u0432\u043e\u0439 \u043c\u0430\u0440\u043a\u0438 Kamik \u043d\u0430\u0447\u0430\u043b\u0430\u0441\u044c \u0432 1898 \u0433\u043e\u0434\u0443 \u0441 \u043e\u0441\u043d\u043e\u0432\u0430\u043d\u0438\u044f \u043d\u0435\u0431\u043e\u043b\u044c\u0448\u043e\u0439 \u043e\u0431\u0443\u0432\u043d\u043e\u0439 \u043c\u0430\u0441\u0442\u0435\u0440\u0441\u043a\u043e\u0439 \u0432 \u043a\u0430\u043d\u0430\u0434\u0441\u043a\u043e\u0439 \u043f\u0440\u043e\u0432\u0438\u043d\u0446\u0438\u0438 \u041a\u0432\u0435\u0431\u0435\u043a. \u0414\u0435\u043b\u0430 \u0444\u0438\u0440\u043c\u044b \u0448\u043b\u0438 \u0441 \u043f\u0435\u0440\u0435\u043c\u0435\u043d\u043d\u044b\u043c \u0443\u0441\u043f\u0435\u0445\u043e\u043c, \u043f\u043e\u043a\u0430 \u043d\u0430 \u0440\u0430\u0431\u043e\u0442\u0443 \u043d\u0435 \u0431\u044b\u043b \u043d\u0430\u043d\u044f\u0442 \u0443\u043f\u0440\u0430\u0432\u043b\u044f\u044e\u0449\u0438\u0439 \u043f\u043e \u0438\u043c\u0435\u043d\u0438 \u0423\u0438\u043b\u044c\u044f\u043c \u041a\u0443\u043a. \u0418\u043c\u0435\u043d\u043d\u043e \u044d\u0442\u043e\u0442 \u0447\u0435\u043b\u043e\u0432\u0435\u043a \u0441\u0432\u043e\u0438\u043c \u043f\u043e\u0440\u0430\u0437\u0438\u0442\u0435\u043b\u044c\u043d\u044b\u043c \u043a\u043e\u043c\u043c\u0435\u0440\u0447\u0435\u0441\u043a\u0438\u043c \u0442\u0430\u043b\u0430\u043d\u0442\u043e\u043c \u0438 \u0431\u0435\u0437\u043e\u0442\u043a\u0430\u0437\u043d\u044b\u043c \u0447\u0443\u0442\u044c\u0435\u043c \u0432\u044b\u0432\u0435\u043b \u0431\u0438\u0437\u043d\u0435\u0441 \u043d\u0430 \u043d\u043e\u0432\u044b\u0439 \u0443\u0440\u043e\u0432\u0435\u043d\u044c. \u041a\u043e\u043c\u043f\u0430\u043d\u0438\u044f \u0440\u0430\u0441\u0448\u0438\u0440\u0438\u043b\u0430\u0441\u044c, \u043f\u0435\u0440\u0435\u0431\u0430\u0437\u0438\u0440\u043e\u0432\u0430\u043b\u0430\u0441\u044c \u0432 \u041c\u043e\u043d\u0440\u0435\u0430\u043b\u044c [&hellip;]<\/p>\n","protected":false},"featured_media":89837,"comment_status":"open","ping_status":"closed","template":"","meta":{"_acf_changed":false,"inline_featured_image":false},"product_brand":[1356],"product_cat":[146],"product_tag":[],"class_list":{"0":"post-89481","1":"product","2":"type-product","3":"status-publish","4":"has-post-thumbnail","6":"product_brand-kamik","7":"product_cat-fall-winter","9":"first","10":"instock","11":"shipping-taxable","12":"purchasable","13":"product-type-simple"},"acf":[],"yoast_head":"<!-- This site is optimized with the Yoast SEO plugin v27.2 - https:\/\/yoast.com\/product\/yoast-seo-wordpress\/ -->\n<title>\u0411\u043e\u0442\u0438\u043d\u043a\u0438 Kamik Spencer Mid black noir - \u041c\u0430\u0433\u0430\u0437\u0438\u043d Xstyle<\/title>\n<meta name=\"robots\" content=\"index, follow, max-snippet:-1, max-image-preview:large, max-video-preview:-1\" \/>\n<link rel=\"canonical\" href=\"https:\/\/xstyle.md\/ro\/produs\/botinki-kamik-spencer-mid-black-noir\/\" \/>\n<meta property=\"og:locale\" content=\"ro_RO\" \/>\n<meta property=\"og:type\" content=\"article\" \/>\n<meta property=\"og:title\" content=\"\u0411\u043e\u0442\u0438\u043d\u043a\u0438 Kamik Spencer Mid black noir - \u041c\u0430\u0433\u0430\u0437\u0438\u043d Xstyle\" \/>\n<meta property=\"og:description\" content=\"\u0411\u0440\u0435\u043d\u0434 \u0418\u0441\u0442\u043e\u0440\u0438\u044f \u0442\u043e\u0440\u0433\u043e\u0432\u043e\u0439 \u043c\u0430\u0440\u043a\u0438 Kamik \u043d\u0430\u0447\u0430\u043b\u0430\u0441\u044c \u0432 1898 \u0433\u043e\u0434\u0443 \u0441 \u043e\u0441\u043d\u043e\u0432\u0430\u043d\u0438\u044f \u043d\u0435\u0431\u043e\u043b\u044c\u0448\u043e\u0439 \u043e\u0431\u0443\u0432\u043d\u043e\u0439 \u043c\u0430\u0441\u0442\u0435\u0440\u0441\u043a\u043e\u0439 \u0432 \u043a\u0430\u043d\u0430\u0434\u0441\u043a\u043e\u0439 \u043f\u0440\u043e\u0432\u0438\u043d\u0446\u0438\u0438 \u041a\u0432\u0435\u0431\u0435\u043a. \u0414\u0435\u043b\u0430 \u0444\u0438\u0440\u043c\u044b \u0448\u043b\u0438 \u0441 \u043f\u0435\u0440\u0435\u043c\u0435\u043d\u043d\u044b\u043c \u0443\u0441\u043f\u0435\u0445\u043e\u043c, \u043f\u043e\u043a\u0430 \u043d\u0430 \u0440\u0430\u0431\u043e\u0442\u0443 \u043d\u0435 \u0431\u044b\u043b \u043d\u0430\u043d\u044f\u0442 \u0443\u043f\u0440\u0430\u0432\u043b\u044f\u044e\u0449\u0438\u0439 \u043f\u043e \u0438\u043c\u0435\u043d\u0438 \u0423\u0438\u043b\u044c\u044f\u043c \u041a\u0443\u043a. \u0418\u043c\u0435\u043d\u043d\u043e \u044d\u0442\u043e\u0442 \u0447\u0435\u043b\u043e\u0432\u0435\u043a \u0441\u0432\u043e\u0438\u043c \u043f\u043e\u0440\u0430\u0437\u0438\u0442\u0435\u043b\u044c\u043d\u044b\u043c \u043a\u043e\u043c\u043c\u0435\u0440\u0447\u0435\u0441\u043a\u0438\u043c \u0442\u0430\u043b\u0430\u043d\u0442\u043e\u043c \u0438 \u0431\u0435\u0437\u043e\u0442\u043a\u0430\u0437\u043d\u044b\u043c \u0447\u0443\u0442\u044c\u0435\u043c \u0432\u044b\u0432\u0435\u043b \u0431\u0438\u0437\u043d\u0435\u0441 \u043d\u0430 \u043d\u043e\u0432\u044b\u0439 \u0443\u0440\u043e\u0432\u0435\u043d\u044c. \u041a\u043e\u043c\u043f\u0430\u043d\u0438\u044f \u0440\u0430\u0441\u0448\u0438\u0440\u0438\u043b\u0430\u0441\u044c, \u043f\u0435\u0440\u0435\u0431\u0430\u0437\u0438\u0440\u043e\u0432\u0430\u043b\u0430\u0441\u044c \u0432 \u041c\u043e\u043d\u0440\u0435\u0430\u043b\u044c [&hellip;]\" \/>\n<meta property=\"og:url\" content=\"https:\/\/xstyle.md\/ro\/produs\/botinki-kamik-spencer-mid-black-noir\/\" \/>\n<meta property=\"og:site_name\" content=\"\u041c\u0430\u0433\u0430\u0437\u0438\u043d Xstyle\" \/>\n<meta property=\"article:publisher\" content=\"https:\/\/www.facebook.com\/xstylemd\" \/>\n<meta property=\"article:modified_time\" content=\"2026-03-19T14:28:53+00:00\" \/>\n<meta property=\"og:image\" content=\"https:\/\/xstyle.md\/wp-content\/uploads\/2024\/11\/kamik-spencer-mid-black-noir.webp\" \/>\n\t<meta property=\"og:image:width\" content=\"750\" \/>\n\t<meta property=\"og:image:height\" content=\"750\" \/>\n\t<meta property=\"og:image:type\" content=\"image\/webp\" \/>\n<meta name=\"twitter:card\" content=\"summary_large_image\" \/>\n<meta name=\"twitter:label1\" content=\"Pre\u021b\" \/>\n\t<meta name=\"twitter:data1\" content=\"4.390&nbsp;MDL\" \/>\n\t<meta name=\"twitter:label2\" content=\"Disponibilitate\" \/>\n\t<meta name=\"twitter:data2\" content=\"\u00cen stoc\" \/>\n<script type=\"application\/ld+json\" class=\"yoast-schema-graph\">{\"@context\":\"https:\/\/schema.org\",\"@graph\":[{\"@type\":\"WebPage\",\"@id\":\"https:\/\/xstyle.md\/product\/botinki-kamik-spencer-mid-black-noir\/\",\"url\":\"https:\/\/xstyle.md\/product\/botinki-kamik-spencer-mid-black-noir\/\",\"name\":\"\u0411\u043e\u0442\u0438\u043d\u043a\u0438 Kamik Spencer Mid black noir - \u041c\u0430\u0433\u0430\u0437\u0438\u043d Xstyle\",\"isPartOf\":{\"@id\":\"https:\/\/xstyle.md\/#website\"},\"primaryImageOfPage\":{\"@id\":\"https:\/\/xstyle.md\/product\/botinki-kamik-spencer-mid-black-noir\/#primaryimage\"},\"image\":{\"@id\":\"https:\/\/xstyle.md\/product\/botinki-kamik-spencer-mid-black-noir\/#primaryimage\"},\"thumbnailUrl\":\"https:\/\/xstyle.md\/wp-content\/uploads\/2024\/11\/kamik-spencer-mid-black-noir.webp\",\"datePublished\":\"2024-11-11T12:32:14+00:00\",\"dateModified\":\"2026-03-19T14:28:53+00:00\",\"breadcrumb\":{\"@id\":\"https:\/\/xstyle.md\/product\/botinki-kamik-spencer-mid-black-noir\/#breadcrumb\"},\"inLanguage\":\"ro-RO\",\"potentialAction\":[{\"@type\":\"ReadAction\",\"target\":[\"https:\/\/xstyle.md\/product\/botinki-kamik-spencer-mid-black-noir\/\"]}]},{\"@type\":\"ImageObject\",\"inLanguage\":\"ro-RO\",\"@id\":\"https:\/\/xstyle.md\/product\/botinki-kamik-spencer-mid-black-noir\/#primaryimage\",\"url\":\"https:\/\/xstyle.md\/wp-content\/uploads\/2024\/11\/kamik-spencer-mid-black-noir.webp\",\"contentUrl\":\"https:\/\/xstyle.md\/wp-content\/uploads\/2024\/11\/kamik-spencer-mid-black-noir.webp\",\"width\":750,\"height\":750,\"caption\":\"\u0427\u0435\u0440\u043d\u044b\u0435 \u0442\u0443\u0440\u0438\u0441\u0442\u0438\u0447\u0435\u0441\u043a\u0438\u0435 \u0431\u043e\u0442\u0438\u043d\u043a\u0438 Kamik Spencer Mid, \u0438\u0434\u0435\u0430\u043b\u044c\u043d\u044b\u0435 \u0434\u043b\u044f \u0430\u043a\u0442\u0438\u0432\u043d\u044b\u0445 \u0437\u0430\u043d\u044f\u0442\u0438\u0439 \u043d\u0430 \u0441\u0432\u0435\u0436\u0435\u043c \u0432\u043e\u0437\u0434\u0443\u0445\u0435, \u043f\u043e\u0445\u043e\u0434\u043e\u0432 \u0438 \u043f\u0443\u0442\u0435\u0448\u0435\u0441\u0442\u0432\u0438\u0439.\"},{\"@type\":\"BreadcrumbList\",\"@id\":\"https:\/\/xstyle.md\/product\/botinki-kamik-spencer-mid-black-noir\/#breadcrumb\",\"itemListElement\":[{\"@type\":\"ListItem\",\"position\":1,\"name\":\"\u0413\u043b\u0430\u0432\u043d\u0430\u044f \u0441\u0442\u0440\u0430\u043d\u0438\u0446\u0430\",\"item\":\"https:\/\/xstyle.md\/\"},{\"@type\":\"ListItem\",\"position\":2,\"name\":\"\u041c\u0430\u0433\u0430\u0437\u0438\u043d\",\"item\":\"https:\/\/xstyle.md\/shop\/\"},{\"@type\":\"ListItem\",\"position\":3,\"name\":\"\u0411\u043e\u0442\u0438\u043d\u043a\u0438 Kamik Spencer Mid black noir\"}]},{\"@type\":\"WebSite\",\"@id\":\"https:\/\/xstyle.md\/#website\",\"url\":\"https:\/\/xstyle.md\/\",\"name\":\"\u041c\u0430\u0433\u0430\u0437\u0438\u043d Xstyle\",\"description\":\"C\u043d\u0430\u0440\u044f\u0436\u0435\u043d\u0438\u0435 \u0434\u043b\u044f \u0442\u0443\u0440\u0438\u0437\u043c\u0430 \u0438 \u044d\u043a\u0441\u0442\u0440\u0435\u043c\u0430\u043b\u044c\u043d\u044b\u0445 \u0432\u0438\u0434\u043e\u0432 \u0441\u043f\u043e\u0440\u0442\u0430 \u0432 \u041c\u043e\u043b\u0434\u043e\u0432\u0435.. \u0426\u0435\u043d\u044b, \u0444\u043e\u0442\u043e, \u0445\u0430\u0440\u0430\u043a\u0442\u0435\u0440\u0438\u0441\u0442\u0438\u043a\u0438 \u0432 \u041c\u043e\u043b\u0434\u043e\u0432\u0435.\",\"publisher\":{\"@id\":\"https:\/\/xstyle.md\/#organization\"},\"alternateName\":\"X-Style\",\"potentialAction\":[{\"@type\":\"SearchAction\",\"target\":{\"@type\":\"EntryPoint\",\"urlTemplate\":\"https:\/\/xstyle.md\/?s={search_term_string}\"},\"query-input\":{\"@type\":\"PropertyValueSpecification\",\"valueRequired\":true,\"valueName\":\"search_term_string\"}}],\"inLanguage\":\"ro-RO\"},{\"@type\":\"Organization\",\"@id\":\"https:\/\/xstyle.md\/#organization\",\"name\":\"\u041c\u0430\u0433\u0430\u0437\u0438\u043d Xstyle\",\"alternateName\":\"x-style\",\"url\":\"https:\/\/xstyle.md\/\",\"logo\":{\"@type\":\"ImageObject\",\"inLanguage\":\"ro-RO\",\"@id\":\"https:\/\/xstyle.md\/#\/schema\/logo\/image\/\",\"url\":\"https:\/\/xstyle.md\/wp-content\/uploads\/2020\/06\/logoicon.svg\",\"contentUrl\":\"https:\/\/xstyle.md\/wp-content\/uploads\/2020\/06\/logoicon.svg\",\"caption\":\"\u041c\u0430\u0433\u0430\u0437\u0438\u043d Xstyle\"},\"image\":{\"@id\":\"https:\/\/xstyle.md\/#\/schema\/logo\/image\/\"},\"sameAs\":[\"https:\/\/www.facebook.com\/xstylemd\",\"https:\/\/www.instagram.com\/xstyle_md\/\",\"https:\/\/t.me\/xstyle_outdoor\"],\"hasMerchantReturnPolicy\":{\"@type\":\"MerchantReturnPolicy\",\"merchantReturnLink\":\"https:\/\/xstyle.md\/ro\/conditions\/\"}}]}<\/script>\n<meta property=\"product:price:amount\" content=\"4390.00\" \/>\n<meta property=\"product:price:currency\" content=\"MDL\" \/>\n<meta property=\"og:availability\" content=\"instock\" \/>\n<meta property=\"product:availability\" content=\"instock\" \/>\n<meta property=\"product:retailer_item_id\" content=\"627574528701\" \/>\n<meta property=\"product:condition\" content=\"new\" \/>\n<!-- \/ Yoast SEO plugin. -->","yoast_head_json":{"title":"Bocanci Kamik Spencer Mid black noir - Magazin Xstyle","robots":{"index":"index","follow":"follow","max-snippet":"max-snippet:-1","max-image-preview":"max-image-preview:large","max-video-preview":"max-video-preview:-1"},"canonical":"https:\/\/xstyle.md\/ro\/produs\/botinki-kamik-spencer-mid-black-noir\/","og_locale":"ro_RO","og_type":"article","og_title":"\u0411\u043e\u0442\u0438\u043d\u043a\u0438 Kamik Spencer Mid black noir - \u041c\u0430\u0433\u0430\u0437\u0438\u043d Xstyle","og_description":"\u0411\u0440\u0435\u043d\u0434 \u0418\u0441\u0442\u043e\u0440\u0438\u044f \u0442\u043e\u0440\u0433\u043e\u0432\u043e\u0439 \u043c\u0430\u0440\u043a\u0438 Kamik \u043d\u0430\u0447\u0430\u043b\u0430\u0441\u044c \u0432 1898 \u0433\u043e\u0434\u0443 \u0441 \u043e\u0441\u043d\u043e\u0432\u0430\u043d\u0438\u044f \u043d\u0435\u0431\u043e\u043b\u044c\u0448\u043e\u0439 \u043e\u0431\u0443\u0432\u043d\u043e\u0439 \u043c\u0430\u0441\u0442\u0435\u0440\u0441\u043a\u043e\u0439 \u0432 \u043a\u0430\u043d\u0430\u0434\u0441\u043a\u043e\u0439 \u043f\u0440\u043e\u0432\u0438\u043d\u0446\u0438\u0438 \u041a\u0432\u0435\u0431\u0435\u043a. \u0414\u0435\u043b\u0430 \u0444\u0438\u0440\u043c\u044b \u0448\u043b\u0438 \u0441 \u043f\u0435\u0440\u0435\u043c\u0435\u043d\u043d\u044b\u043c \u0443\u0441\u043f\u0435\u0445\u043e\u043c, \u043f\u043e\u043a\u0430 \u043d\u0430 \u0440\u0430\u0431\u043e\u0442\u0443 \u043d\u0435 \u0431\u044b\u043b \u043d\u0430\u043d\u044f\u0442 \u0443\u043f\u0440\u0430\u0432\u043b\u044f\u044e\u0449\u0438\u0439 \u043f\u043e \u0438\u043c\u0435\u043d\u0438 \u0423\u0438\u043b\u044c\u044f\u043c \u041a\u0443\u043a. \u0418\u043c\u0435\u043d\u043d\u043e \u044d\u0442\u043e\u0442 \u0447\u0435\u043b\u043e\u0432\u0435\u043a \u0441\u0432\u043e\u0438\u043c \u043f\u043e\u0440\u0430\u0437\u0438\u0442\u0435\u043b\u044c\u043d\u044b\u043c \u043a\u043e\u043c\u043c\u0435\u0440\u0447\u0435\u0441\u043a\u0438\u043c \u0442\u0430\u043b\u0430\u043d\u0442\u043e\u043c \u0438 \u0431\u0435\u0437\u043e\u0442\u043a\u0430\u0437\u043d\u044b\u043c \u0447\u0443\u0442\u044c\u0435\u043c \u0432\u044b\u0432\u0435\u043b \u0431\u0438\u0437\u043d\u0435\u0441 \u043d\u0430 \u043d\u043e\u0432\u044b\u0439 \u0443\u0440\u043e\u0432\u0435\u043d\u044c. \u041a\u043e\u043c\u043f\u0430\u043d\u0438\u044f \u0440\u0430\u0441\u0448\u0438\u0440\u0438\u043b\u0430\u0441\u044c, \u043f\u0435\u0440\u0435\u0431\u0430\u0437\u0438\u0440\u043e\u0432\u0430\u043b\u0430\u0441\u044c \u0432 \u041c\u043e\u043d\u0440\u0435\u0430\u043b\u044c [&hellip;]","og_url":"https:\/\/xstyle.md\/ro\/produs\/botinki-kamik-spencer-mid-black-noir\/","og_site_name":"\u041c\u0430\u0433\u0430\u0437\u0438\u043d Xstyle","article_publisher":"https:\/\/www.facebook.com\/xstylemd","article_modified_time":"2026-03-19T14:28:53+00:00","og_image":[{"width":750,"height":750,"url":"https:\/\/xstyle.md\/wp-content\/uploads\/2024\/11\/kamik-spencer-mid-black-noir.webp","type":"image\/webp"}],"twitter_card":"summary_large_image","twitter_misc":{"Pre\u021b":"4.390&nbsp;MDL","Disponibilitate":"\u00cen stoc"},"schema":{"@context":"https:\/\/schema.org","@graph":[{"@type":"WebPage","@id":"https:\/\/xstyle.md\/product\/botinki-kamik-spencer-mid-black-noir\/","url":"https:\/\/xstyle.md\/product\/botinki-kamik-spencer-mid-black-noir\/","name":"Bocanci Kamik Spencer Mid black noir - Magazin Xstyle","isPartOf":{"@id":"https:\/\/xstyle.md\/#website"},"primaryImageOfPage":{"@id":"https:\/\/xstyle.md\/product\/botinki-kamik-spencer-mid-black-noir\/#primaryimage"},"image":{"@id":"https:\/\/xstyle.md\/product\/botinki-kamik-spencer-mid-black-noir\/#primaryimage"},"thumbnailUrl":"https:\/\/xstyle.md\/wp-content\/uploads\/2024\/11\/kamik-spencer-mid-black-noir.webp","datePublished":"2024-11-11T12:32:14+00:00","dateModified":"2026-03-19T14:28:53+00:00","breadcrumb":{"@id":"https:\/\/xstyle.md\/product\/botinki-kamik-spencer-mid-black-noir\/#breadcrumb"},"inLanguage":"ro-RO","potentialAction":[{"@type":"ReadAction","target":["https:\/\/xstyle.md\/product\/botinki-kamik-spencer-mid-black-noir\/"]}]},{"@type":"ImageObject","inLanguage":"ro-RO","@id":"https:\/\/xstyle.md\/product\/botinki-kamik-spencer-mid-black-noir\/#primaryimage","url":"https:\/\/xstyle.md\/wp-content\/uploads\/2024\/11\/kamik-spencer-mid-black-noir.webp","contentUrl":"https:\/\/xstyle.md\/wp-content\/uploads\/2024\/11\/kamik-spencer-mid-black-noir.webp","width":750,"height":750,"caption":"\u0427\u0435\u0440\u043d\u044b\u0435 \u0442\u0443\u0440\u0438\u0441\u0442\u0438\u0447\u0435\u0441\u043a\u0438\u0435 \u0431\u043e\u0442\u0438\u043d\u043a\u0438 Kamik Spencer Mid, \u0438\u0434\u0435\u0430\u043b\u044c\u043d\u044b\u0435 \u0434\u043b\u044f \u0430\u043a\u0442\u0438\u0432\u043d\u044b\u0445 \u0437\u0430\u043d\u044f\u0442\u0438\u0439 \u043d\u0430 \u0441\u0432\u0435\u0436\u0435\u043c \u0432\u043e\u0437\u0434\u0443\u0445\u0435, \u043f\u043e\u0445\u043e\u0434\u043e\u0432 \u0438 \u043f\u0443\u0442\u0435\u0448\u0435\u0441\u0442\u0432\u0438\u0439."},{"@type":"BreadcrumbList","@id":"https:\/\/xstyle.md\/product\/botinki-kamik-spencer-mid-black-noir\/#breadcrumb","itemListElement":[{"@type":"ListItem","position":1,"name":"\u0413\u043b\u0430\u0432\u043d\u0430\u044f \u0441\u0442\u0440\u0430\u043d\u0438\u0446\u0430","item":"https:\/\/xstyle.md\/"},{"@type":"ListItem","position":2,"name":"\u041c\u0430\u0433\u0430\u0437\u0438\u043d","item":"https:\/\/xstyle.md\/shop\/"},{"@type":"ListItem","position":3,"name":"\u0411\u043e\u0442\u0438\u043d\u043a\u0438 Kamik Spencer Mid black noir"}]},{"@type":"WebSite","@id":"https:\/\/xstyle.md\/#website","url":"https:\/\/xstyle.md\/","name":"Magazinul X-Style","description":"Echipamente pentru turism \u0219i sporturi extreme \u00een Moldova. Pre\u021buri, fotografii, caracteristici \u00een Moldova.","publisher":{"@id":"https:\/\/xstyle.md\/#organization"},"alternateName":"X-Style","potentialAction":[{"@type":"SearchAction","target":{"@type":"EntryPoint","urlTemplate":"https:\/\/xstyle.md\/?s={search_term_string}"},"query-input":{"@type":"PropertyValueSpecification","valueRequired":true,"valueName":"search_term_string"}}],"inLanguage":"ro-RO"},{"@type":"Organization","@id":"https:\/\/xstyle.md\/#organization","name":"Magazinul X-Style","alternateName":"x-style","url":"https:\/\/xstyle.md\/","logo":{"@type":"ImageObject","inLanguage":"ro-RO","@id":"https:\/\/xstyle.md\/#\/schema\/logo\/image\/","url":"https:\/\/xstyle.md\/wp-content\/uploads\/2020\/06\/logoicon.svg","contentUrl":"https:\/\/xstyle.md\/wp-content\/uploads\/2020\/06\/logoicon.svg","caption":"\u041c\u0430\u0433\u0430\u0437\u0438\u043d Xstyle"},"image":{"@id":"https:\/\/xstyle.md\/#\/schema\/logo\/image\/"},"sameAs":["https:\/\/www.facebook.com\/xstylemd","https:\/\/www.instagram.com\/xstyle_md\/","https:\/\/t.me\/xstyle_outdoor"],"hasMerchantReturnPolicy":{"@type":"MerchantReturnPolicy","merchantReturnLink":"https:\/\/xstyle.md\/ro\/conditions\/"}}]},"product_price_amount":"4390.00","product_price_currency":"MDL","og_availability":"instock","product_availability":"instock","product_retailer_item_id":"627574528701","product_condition":"new"},"post_mailing_queue_ids":[],"_links":{"self":[{"href":"https:\/\/xstyle.md\/ro\/wp-json\/wp\/v2\/product\/89481","targetHints":{"allow":["GET"]}}],"collection":[{"href":"https:\/\/xstyle.md\/ro\/wp-json\/wp\/v2\/product"}],"about":[{"href":"https:\/\/xstyle.md\/ro\/wp-json\/wp\/v2\/types\/product"}],"replies":[{"embeddable":true,"href":"https:\/\/xstyle.md\/ro\/wp-json\/wp\/v2\/comments?post=89481"}],"wp:featuredmedia":[{"embeddable":true,"href":"https:\/\/xstyle.md\/ro\/wp-json\/wp\/v2\/media\/89837"}],"wp:attachment":[{"href":"https:\/\/xstyle.md\/ro\/wp-json\/wp\/v2\/media?parent=89481"}],"wp:term":[{"taxonomy":"product_brand","embeddable":true,"href":"https:\/\/xstyle.md\/ro\/wp-json\/wp\/v2\/product_brand?post=89481"},{"taxonomy":"product_cat","embeddable":true,"href":"https:\/\/xstyle.md\/ro\/wp-json\/wp\/v2\/product_cat?post=89481"},{"taxonomy":"product_tag","embeddable":true,"href":"https:\/\/xstyle.md\/ro\/wp-json\/wp\/v2\/product_tag?post=89481"}],"curies":[{"name":"wp","href":"https:\/\/api.w.org\/{rel}","templated":true}]}}