{"id":89475,"date":"2024-11-11T15:32:13","date_gmt":"2024-11-11T12:32:13","guid":{"rendered":"https:\/\/xstyle.md\/?post_type=product&#038;p=89475"},"modified":"2026-03-19T17:28:52","modified_gmt":"2026-03-19T14:28:52","slug":"gornye-lyzhi-elanv-wildcat-76-c-ls-el-9-0","status":"publish","type":"product","link":"https:\/\/xstyle.md\/ro\/produs\/gornye-lyzhi-elanv-wildcat-76-c-ls-el-9-0\/","title":{"rendered":"Schiuri Elan WILDCAT 76 C LS EL 9.0"},"content":{"rendered":"<\/p>\n<p><strong>Elan WILDCAT 76 C LS EL 9.0<\/strong> &#8212; sunt schiuri universale pentru dam\u0103, concepute pentru cele care caut\u0103 u\u0219urin\u021b\u0103 \u0219i \u00eencredere pe p\u00e2rtiile amenajate. Modelul se remarc\u0103 prin manevrabilitate sporit\u0103 \u0219i stabilitate ridicat\u0103. Datorit\u0103 l\u0103\u021bimii de 76 mm sub cl\u0103par, aceste schiuri se comport\u0103 excelent at\u00e2t pe z\u0103pad\u0103 perfect b\u0103t\u0103torit\u0103, c\u00e2t \u0219i pe z\u0103pad\u0103 fr\u0103m\u00e2ntat\u0103 la sf\u00e2r\u0219itul zilei.<\/p>\n<h3>Particularit\u0103\u021bi<\/h3>\n<ul>\n<li><strong>Amphibio Technology<\/strong> &#8212; design asimetric (schi st\u00e2ng \u0219i drept). Cantul interior are profil camber pentru aderen\u021b\u0103 maxim\u0103, \u00een timp ce cantul exterior are profil rocker pentru o ini\u021biere u\u0219oar\u0103 \u0219i lin\u0103 a virajelor<\/li>\n<li>Light Shift &#8212; un sistem integrat de leg\u0103turi care face structura extrem de u\u0219oar\u0103 \u0219i permite schiului s\u0103 se flexeze liber sub cl\u0103par<\/li>\n<li>Nucleu Supralite Core &#8212; un nucleu compozit modern care face schiurile incredibil de u\u0219oare f\u0103r\u0103 a sacrifica rigiditatea<\/li>\n<li>Ranforsare Carbon &#8212; un strat de carbon ofer\u0103 schiurilor energie, dinamic\u0103 \u0219i stabilitate, men\u021bin\u00e2nd \u00een acela\u0219i timp o greutate redus\u0103<\/li>\n<\/ul>\n<h3>Caracteristici<\/h3>\n<ul>\n<li>Nivel de preg\u0103tire &#8212; \u00eencep\u0103tor \/ intermediar<\/li>\n<li>Utilizare &#8212; p\u00e2rtie \/ all-mountain<\/li>\n<li>Geometrie &#8212; 127 \u2013 76 \u2013 104 mm<\/li>\n<li>Raza de virare &#8212; 11.5 m (pentru lungimea 150 cm), 13.9 m (pentru lungimea 158 cm)<\/li>\n<li>Leg\u0103turi incluse &#8212; EL 9.0 GW (compatibile cu t\u0103lpile GripWalk)<\/li>\n<\/ul>\n<p><\/p>\n<h3>Marca<\/h3>\n<p>Elan - este un produc\u0103tor sloven de echipamente sportive de renume mondial, fondat \u00een 1945 \u0219i recunoscut ca un inovator de top \u00een industria schiului. Brandul a devenit celebru prin inventarea schiurilor de carving \u0219i a tehnologiilor unice, precum Amphibio \u0219i GrooveTip, care fac schiatul mai intuitiv \u0219i mai u\u0219or pentru schiorii de toate nivelurile.<\/p>","protected":false},"excerpt":{"rendered":"<p>\u0411\u0440\u0435\u043d\u0434 Elan \u2014 \u044d\u0442\u043e \u0432\u0441\u0435\u043c\u0438\u0440\u043d\u043e \u0438\u0437\u0432\u0435\u0441\u0442\u043d\u044b\u0439 \u0441\u043b\u043e\u0432\u0435\u043d\u0441\u043a\u0438\u0439 \u043f\u0440\u043e\u0438\u0437\u0432\u043e\u0434\u0438\u0442\u0435\u043b\u044c \u0441\u043f\u043e\u0440\u0442\u0438\u0432\u043d\u043e\u0433\u043e \u043e\u0431\u043e\u0440\u0443\u0434\u043e\u0432\u0430\u043d\u0438\u044f, \u043e\u0441\u043d\u043e\u0432\u0430\u043d\u043d\u044b\u0439 \u0432 1945 \u0433\u043e\u0434\u0443 \u0438 \u0437\u0430\u0432\u043e\u0435\u0432\u0430\u0432\u0448\u0438\u0439 \u0440\u0435\u043f\u0443\u0442\u0430\u0446\u0438\u044e \u0433\u043b\u0430\u0432\u043d\u043e\u0433\u043e \u0438\u043d\u043d\u043e\u0432\u0430\u0442\u043e\u0440\u0430 \u0432 \u0433\u043e\u0440\u043d\u043e\u043b\u044b\u0436\u043d\u043e\u0439 \u0438\u043d\u0434\u0443\u0441\u0442\u0440\u0438\u0438. \u0411\u0440\u0435\u043d\u0434 \u043f\u0440\u043e\u0441\u043b\u0430\u0432\u0438\u043b\u0441\u044f \u0438\u0437\u043e\u0431\u0440\u0435\u0442\u0435\u043d\u0438\u0435\u043c \u043a\u0430\u0440\u0432\u0438\u043d\u0433\u043e\u0432\u044b\u0445 \u043b\u044b\u0436 \u0438 \u0443\u043d\u0438\u043a\u0430\u043b\u044c\u043d\u044b\u0445 \u0442\u0435\u0445\u043d\u043e\u043b\u043e\u0433\u0438\u0439, \u0442\u0430\u043a\u0438\u0445 \u043a\u0430\u043a Amphibio \u0438 GrooveTip, \u043a\u043e\u0442\u043e\u0440\u044b\u0435 \u0434\u0435\u043b\u0430\u044e\u0442 \u043a\u0430\u0442\u0430\u043d\u0438\u0435 \u0431\u043e\u043b\u0435\u0435 \u0438\u043d\u0442\u0443\u0438\u0442\u0438\u0432\u043d\u044b\u043c \u0438 \u043b\u0435\u0433\u043a\u0438\u043c \u0434\u043b\u044f \u043b\u044b\u0436\u043d\u0438\u043a\u043e\u0432 \u043b\u044e\u0431\u043e\u0433\u043e \u0443\u0440\u043e\u0432\u043d\u044f.<\/p>","protected":false},"featured_media":102531,"comment_status":"open","ping_status":"closed","template":"","meta":{"_acf_changed":false,"inline_featured_image":false},"product_brand":[1315],"product_cat":[398],"product_tag":[],"class_list":{"0":"post-89475","1":"product","2":"type-product","3":"status-publish","4":"has-post-thumbnail","6":"product_brand-elan","7":"product_cat-ski","9":"first","10":"instock","11":"shipping-taxable","12":"purchasable","13":"product-type-simple"},"acf":[],"yoast_head":"<!-- This site is optimized with the Yoast SEO plugin v27.4 - https:\/\/yoast.com\/product\/yoast-seo-wordpress\/ -->\n<title>\u0413\u043e\u0440\u043d\u044b\u0435 \u043b\u044b\u0436\u0438 Elan WILDCAT 76 C LS EL 9.0 - \u041c\u0430\u0433\u0430\u0437\u0438\u043d Xstyle<\/title>\n<meta name=\"robots\" content=\"index, follow, max-snippet:-1, max-image-preview:large, max-video-preview:-1\" \/>\n<link rel=\"canonical\" href=\"https:\/\/xstyle.md\/ro\/produs\/gornye-lyzhi-elanv-wildcat-76-c-ls-el-9-0\/\" \/>\n<meta property=\"og:locale\" content=\"ro_RO\" \/>\n<meta property=\"og:type\" content=\"article\" \/>\n<meta property=\"og:title\" content=\"\u0413\u043e\u0440\u043d\u044b\u0435 \u043b\u044b\u0436\u0438 Elan WILDCAT 76 C LS EL 9.0 - \u041c\u0430\u0433\u0430\u0437\u0438\u043d Xstyle\" \/>\n<meta property=\"og:description\" content=\"\u0411\u0440\u0435\u043d\u0434 Elan \u2014 \u044d\u0442\u043e \u0432\u0441\u0435\u043c\u0438\u0440\u043d\u043e \u0438\u0437\u0432\u0435\u0441\u0442\u043d\u044b\u0439 \u0441\u043b\u043e\u0432\u0435\u043d\u0441\u043a\u0438\u0439 \u043f\u0440\u043e\u0438\u0437\u0432\u043e\u0434\u0438\u0442\u0435\u043b\u044c \u0441\u043f\u043e\u0440\u0442\u0438\u0432\u043d\u043e\u0433\u043e \u043e\u0431\u043e\u0440\u0443\u0434\u043e\u0432\u0430\u043d\u0438\u044f, \u043e\u0441\u043d\u043e\u0432\u0430\u043d\u043d\u044b\u0439 \u0432 1945 \u0433\u043e\u0434\u0443 \u0438 \u0437\u0430\u0432\u043e\u0435\u0432\u0430\u0432\u0448\u0438\u0439 \u0440\u0435\u043f\u0443\u0442\u0430\u0446\u0438\u044e \u0433\u043b\u0430\u0432\u043d\u043e\u0433\u043e \u0438\u043d\u043d\u043e\u0432\u0430\u0442\u043e\u0440\u0430 \u0432 \u0433\u043e\u0440\u043d\u043e\u043b\u044b\u0436\u043d\u043e\u0439 \u0438\u043d\u0434\u0443\u0441\u0442\u0440\u0438\u0438. \u0411\u0440\u0435\u043d\u0434 \u043f\u0440\u043e\u0441\u043b\u0430\u0432\u0438\u043b\u0441\u044f \u0438\u0437\u043e\u0431\u0440\u0435\u0442\u0435\u043d\u0438\u0435\u043c \u043a\u0430\u0440\u0432\u0438\u043d\u0433\u043e\u0432\u044b\u0445 \u043b\u044b\u0436 \u0438 \u0443\u043d\u0438\u043a\u0430\u043b\u044c\u043d\u044b\u0445 \u0442\u0435\u0445\u043d\u043e\u043b\u043e\u0433\u0438\u0439, \u0442\u0430\u043a\u0438\u0445 \u043a\u0430\u043a Amphibio \u0438 GrooveTip, \u043a\u043e\u0442\u043e\u0440\u044b\u0435 \u0434\u0435\u043b\u0430\u044e\u0442 \u043a\u0430\u0442\u0430\u043d\u0438\u0435 \u0431\u043e\u043b\u0435\u0435 \u0438\u043d\u0442\u0443\u0438\u0442\u0438\u0432\u043d\u044b\u043c \u0438 \u043b\u0435\u0433\u043a\u0438\u043c \u0434\u043b\u044f \u043b\u044b\u0436\u043d\u0438\u043a\u043e\u0432 \u043b\u044e\u0431\u043e\u0433\u043e \u0443\u0440\u043e\u0432\u043d\u044f.\" \/>\n<meta property=\"og:url\" content=\"https:\/\/xstyle.md\/ro\/produs\/gornye-lyzhi-elanv-wildcat-76-c-ls-el-9-0\/\" \/>\n<meta property=\"og:site_name\" content=\"\u041c\u0430\u0433\u0430\u0437\u0438\u043d Xstyle\" \/>\n<meta property=\"article:publisher\" content=\"https:\/\/www.facebook.com\/xstylemd\" \/>\n<meta property=\"article:modified_time\" content=\"2026-03-19T14:28:52+00:00\" \/>\n<meta property=\"og:image\" content=\"https:\/\/xstyle.md\/wp-content\/uploads\/2024\/11\/elan-wildcat-76-c-ls-el-9.0-1.webp\" \/>\n\t<meta property=\"og:image:width\" content=\"1200\" \/>\n\t<meta property=\"og:image:height\" content=\"1200\" \/>\n\t<meta property=\"og:image:type\" content=\"image\/webp\" \/>\n<meta name=\"twitter:card\" content=\"summary_large_image\" \/>\n<meta name=\"twitter:label1\" content=\"Pre\u021b\" \/>\n\t<meta name=\"twitter:data1\" content=\"8.900&nbsp;MDL\" \/>\n\t<meta name=\"twitter:label2\" content=\"Disponibilitate\" \/>\n\t<meta name=\"twitter:data2\" content=\"\u00cen stoc\" \/>\n<script type=\"application\/ld+json\" class=\"yoast-schema-graph\">{\"@context\":\"https:\\\/\\\/schema.org\",\"@graph\":[{\"@type\":\"WebPage\",\"@id\":\"https:\\\/\\\/xstyle.md\\\/product\\\/gornye-lyzhi-elanv-wildcat-76-c-ls-el-9-0\\\/\",\"url\":\"https:\\\/\\\/xstyle.md\\\/product\\\/gornye-lyzhi-elanv-wildcat-76-c-ls-el-9-0\\\/\",\"name\":\"\u0413\u043e\u0440\u043d\u044b\u0435 \u043b\u044b\u0436\u0438 Elan WILDCAT 76 C LS EL 9.0 - \u041c\u0430\u0433\u0430\u0437\u0438\u043d Xstyle\",\"isPartOf\":{\"@id\":\"https:\\\/\\\/xstyle.md\\\/#website\"},\"primaryImageOfPage\":{\"@id\":\"https:\\\/\\\/xstyle.md\\\/product\\\/gornye-lyzhi-elanv-wildcat-76-c-ls-el-9-0\\\/#primaryimage\"},\"image\":{\"@id\":\"https:\\\/\\\/xstyle.md\\\/product\\\/gornye-lyzhi-elanv-wildcat-76-c-ls-el-9-0\\\/#primaryimage\"},\"thumbnailUrl\":\"https:\\\/\\\/xstyle.md\\\/wp-content\\\/uploads\\\/2024\\\/11\\\/elan-wildcat-76-c-ls-el-9.0-1.webp\",\"datePublished\":\"2024-11-11T12:32:13+00:00\",\"dateModified\":\"2026-03-19T14:28:52+00:00\",\"breadcrumb\":{\"@id\":\"https:\\\/\\\/xstyle.md\\\/product\\\/gornye-lyzhi-elanv-wildcat-76-c-ls-el-9-0\\\/#breadcrumb\"},\"inLanguage\":\"ro-RO\",\"potentialAction\":[{\"@type\":\"ReadAction\",\"target\":[\"https:\\\/\\\/xstyle.md\\\/product\\\/gornye-lyzhi-elanv-wildcat-76-c-ls-el-9-0\\\/\"]}]},{\"@type\":\"ImageObject\",\"inLanguage\":\"ro-RO\",\"@id\":\"https:\\\/\\\/xstyle.md\\\/product\\\/gornye-lyzhi-elanv-wildcat-76-c-ls-el-9-0\\\/#primaryimage\",\"url\":\"https:\\\/\\\/xstyle.md\\\/wp-content\\\/uploads\\\/2024\\\/11\\\/elan-wildcat-76-c-ls-el-9.0-1.webp\",\"contentUrl\":\"https:\\\/\\\/xstyle.md\\\/wp-content\\\/uploads\\\/2024\\\/11\\\/elan-wildcat-76-c-ls-el-9.0-1.webp\",\"width\":1200,\"height\":1200,\"caption\":\"\u0422\u0443\u0440\u0438\u0441\u0442\u0438\u0447\u0435\u0441\u043a\u0430\u044f \u044d\u043a\u0438\u043f\u0438\u0440\u043e\u0432\u043a\u0430 \u0434\u043b\u044f \u0430\u043a\u0442\u0438\u0432\u043d\u043e\u0433\u043e \u043e\u0442\u0434\u044b\u0445\u0430 \u0433\u043e\u0440\u0430 \u043b\u044b\u0436\u0438 \u0438 \u043e\u0431\u0443\u0432\u044c \u0434\u043b\u044f \u0433\u043e\u0440\u043d\u044b\u0445 \u043b\u044b\u0436 Elan WILDCAT 76 C LS EL 9.0 \u0434\u043b\u044f \u0430\u043a\u0442\u0438\u0432\u043d\u044b\u0445 \u043f\u0443\u0442\u0435\u0448\u0435\u0441\u0442\u0432\u0438\u0439 \u0438 \u0430\u043b\u044c\u043f\u0438\u043d\u0438\u0437\u043c\u0430\"},{\"@type\":\"BreadcrumbList\",\"@id\":\"https:\\\/\\\/xstyle.md\\\/product\\\/gornye-lyzhi-elanv-wildcat-76-c-ls-el-9-0\\\/#breadcrumb\",\"itemListElement\":[{\"@type\":\"ListItem\",\"position\":1,\"name\":\"\u0413\u043b\u0430\u0432\u043d\u0430\u044f \u0441\u0442\u0440\u0430\u043d\u0438\u0446\u0430\",\"item\":\"https:\\\/\\\/xstyle.md\\\/\"},{\"@type\":\"ListItem\",\"position\":2,\"name\":\"\u041c\u0430\u0433\u0430\u0437\u0438\u043d\",\"item\":\"https:\\\/\\\/xstyle.md\\\/shop\\\/\"},{\"@type\":\"ListItem\",\"position\":3,\"name\":\"\u0413\u043e\u0440\u043d\u044b\u0435 \u043b\u044b\u0436\u0438 Elan WILDCAT 76 C LS EL 9.0\"}]},{\"@type\":\"WebSite\",\"@id\":\"https:\\\/\\\/xstyle.md\\\/#website\",\"url\":\"https:\\\/\\\/xstyle.md\\\/\",\"name\":\"\u041c\u0430\u0433\u0430\u0437\u0438\u043d Xstyle\",\"description\":\"C\u043d\u0430\u0440\u044f\u0436\u0435\u043d\u0438\u0435 \u0434\u043b\u044f \u0442\u0443\u0440\u0438\u0437\u043c\u0430 \u0438 \u044d\u043a\u0441\u0442\u0440\u0435\u043c\u0430\u043b\u044c\u043d\u044b\u0445 \u0432\u0438\u0434\u043e\u0432 \u0441\u043f\u043e\u0440\u0442\u0430 \u0432 \u041c\u043e\u043b\u0434\u043e\u0432\u0435.. \u0426\u0435\u043d\u044b, \u0444\u043e\u0442\u043e, \u0445\u0430\u0440\u0430\u043a\u0442\u0435\u0440\u0438\u0441\u0442\u0438\u043a\u0438 \u0432 \u041c\u043e\u043b\u0434\u043e\u0432\u0435.\",\"publisher\":{\"@id\":\"https:\\\/\\\/xstyle.md\\\/#organization\"},\"alternateName\":\"X-Style\",\"potentialAction\":[{\"@type\":\"SearchAction\",\"target\":{\"@type\":\"EntryPoint\",\"urlTemplate\":\"https:\\\/\\\/xstyle.md\\\/?s={search_term_string}\"},\"query-input\":{\"@type\":\"PropertyValueSpecification\",\"valueRequired\":true,\"valueName\":\"search_term_string\"}}],\"inLanguage\":\"ro-RO\"},{\"@type\":\"Organization\",\"@id\":\"https:\\\/\\\/xstyle.md\\\/#organization\",\"name\":\"\u041c\u0430\u0433\u0430\u0437\u0438\u043d Xstyle\",\"alternateName\":\"x-style\",\"url\":\"https:\\\/\\\/xstyle.md\\\/\",\"logo\":{\"@type\":\"ImageObject\",\"inLanguage\":\"ro-RO\",\"@id\":\"https:\\\/\\\/xstyle.md\\\/#\\\/schema\\\/logo\\\/image\\\/\",\"url\":\"https:\\\/\\\/xstyle.md\\\/wp-content\\\/uploads\\\/2020\\\/06\\\/logoicon.svg\",\"contentUrl\":\"https:\\\/\\\/xstyle.md\\\/wp-content\\\/uploads\\\/2020\\\/06\\\/logoicon.svg\",\"caption\":\"\u041c\u0430\u0433\u0430\u0437\u0438\u043d Xstyle\"},\"image\":{\"@id\":\"https:\\\/\\\/xstyle.md\\\/#\\\/schema\\\/logo\\\/image\\\/\"},\"sameAs\":[\"https:\\\/\\\/www.facebook.com\\\/xstylemd\",\"https:\\\/\\\/www.instagram.com\\\/xstyle_md\\\/\",\"https:\\\/\\\/t.me\\\/xstyle_outdoor\"],\"hasMerchantReturnPolicy\":{\"@type\":\"MerchantReturnPolicy\",\"merchantReturnLink\":\"https:\\\/\\\/xstyle.md\\\/ro\\\/conditions\\\/\"}}]}<\/script>\n<meta property=\"product:price:amount\" content=\"8900.00\" \/>\n<meta property=\"product:price:currency\" content=\"MDL\" \/>\n<meta property=\"og:availability\" content=\"instock\" \/>\n<meta property=\"product:availability\" content=\"instock\" \/>\n<meta property=\"product:retailer_item_id\" content=\"3838855806822\" \/>\n<meta property=\"product:condition\" content=\"new\" \/>\n<!-- \/ Yoast SEO plugin. -->","yoast_head_json":{"title":"\u0413\u043e\u0440\u043d\u044b\u0435 \u043b\u044b\u0436\u0438 Elan WILDCAT 76 C LS EL 9.0 - \u041c\u0430\u0433\u0430\u0437\u0438\u043d Xstyle","robots":{"index":"index","follow":"follow","max-snippet":"max-snippet:-1","max-image-preview":"max-image-preview:large","max-video-preview":"max-video-preview:-1"},"canonical":"https:\/\/xstyle.md\/ro\/produs\/gornye-lyzhi-elanv-wildcat-76-c-ls-el-9-0\/","og_locale":"ro_RO","og_type":"article","og_title":"\u0413\u043e\u0440\u043d\u044b\u0435 \u043b\u044b\u0436\u0438 Elan WILDCAT 76 C LS EL 9.0 - \u041c\u0430\u0433\u0430\u0437\u0438\u043d Xstyle","og_description":"\u0411\u0440\u0435\u043d\u0434 Elan \u2014 \u044d\u0442\u043e \u0432\u0441\u0435\u043c\u0438\u0440\u043d\u043e \u0438\u0437\u0432\u0435\u0441\u0442\u043d\u044b\u0439 \u0441\u043b\u043e\u0432\u0435\u043d\u0441\u043a\u0438\u0439 \u043f\u0440\u043e\u0438\u0437\u0432\u043e\u0434\u0438\u0442\u0435\u043b\u044c \u0441\u043f\u043e\u0440\u0442\u0438\u0432\u043d\u043e\u0433\u043e \u043e\u0431\u043e\u0440\u0443\u0434\u043e\u0432\u0430\u043d\u0438\u044f, \u043e\u0441\u043d\u043e\u0432\u0430\u043d\u043d\u044b\u0439 \u0432 1945 \u0433\u043e\u0434\u0443 \u0438 \u0437\u0430\u0432\u043e\u0435\u0432\u0430\u0432\u0448\u0438\u0439 \u0440\u0435\u043f\u0443\u0442\u0430\u0446\u0438\u044e \u0433\u043b\u0430\u0432\u043d\u043e\u0433\u043e \u0438\u043d\u043d\u043e\u0432\u0430\u0442\u043e\u0440\u0430 \u0432 \u0433\u043e\u0440\u043d\u043e\u043b\u044b\u0436\u043d\u043e\u0439 \u0438\u043d\u0434\u0443\u0441\u0442\u0440\u0438\u0438. \u0411\u0440\u0435\u043d\u0434 \u043f\u0440\u043e\u0441\u043b\u0430\u0432\u0438\u043b\u0441\u044f \u0438\u0437\u043e\u0431\u0440\u0435\u0442\u0435\u043d\u0438\u0435\u043c \u043a\u0430\u0440\u0432\u0438\u043d\u0433\u043e\u0432\u044b\u0445 \u043b\u044b\u0436 \u0438 \u0443\u043d\u0438\u043a\u0430\u043b\u044c\u043d\u044b\u0445 \u0442\u0435\u0445\u043d\u043e\u043b\u043e\u0433\u0438\u0439, \u0442\u0430\u043a\u0438\u0445 \u043a\u0430\u043a Amphibio \u0438 GrooveTip, \u043a\u043e\u0442\u043e\u0440\u044b\u0435 \u0434\u0435\u043b\u0430\u044e\u0442 \u043a\u0430\u0442\u0430\u043d\u0438\u0435 \u0431\u043e\u043b\u0435\u0435 \u0438\u043d\u0442\u0443\u0438\u0442\u0438\u0432\u043d\u044b\u043c \u0438 \u043b\u0435\u0433\u043a\u0438\u043c \u0434\u043b\u044f \u043b\u044b\u0436\u043d\u0438\u043a\u043e\u0432 \u043b\u044e\u0431\u043e\u0433\u043e \u0443\u0440\u043e\u0432\u043d\u044f.","og_url":"https:\/\/xstyle.md\/ro\/produs\/gornye-lyzhi-elanv-wildcat-76-c-ls-el-9-0\/","og_site_name":"\u041c\u0430\u0433\u0430\u0437\u0438\u043d Xstyle","article_publisher":"https:\/\/www.facebook.com\/xstylemd","article_modified_time":"2026-03-19T14:28:52+00:00","og_image":[{"width":1200,"height":1200,"url":"https:\/\/xstyle.md\/wp-content\/uploads\/2024\/11\/elan-wildcat-76-c-ls-el-9.0-1.webp","type":"image\/webp"}],"twitter_card":"summary_large_image","twitter_misc":{"Pre\u021b":"8.900&nbsp;MDL","Disponibilitate":"\u00cen stoc"},"schema":{"@context":"https:\/\/schema.org","@graph":[{"@type":"WebPage","@id":"https:\/\/xstyle.md\/product\/gornye-lyzhi-elanv-wildcat-76-c-ls-el-9-0\/","url":"https:\/\/xstyle.md\/product\/gornye-lyzhi-elanv-wildcat-76-c-ls-el-9-0\/","name":"\u0413\u043e\u0440\u043d\u044b\u0435 \u043b\u044b\u0436\u0438 Elan WILDCAT 76 C LS EL 9.0 - \u041c\u0430\u0433\u0430\u0437\u0438\u043d Xstyle","isPartOf":{"@id":"https:\/\/xstyle.md\/#website"},"primaryImageOfPage":{"@id":"https:\/\/xstyle.md\/product\/gornye-lyzhi-elanv-wildcat-76-c-ls-el-9-0\/#primaryimage"},"image":{"@id":"https:\/\/xstyle.md\/product\/gornye-lyzhi-elanv-wildcat-76-c-ls-el-9-0\/#primaryimage"},"thumbnailUrl":"https:\/\/xstyle.md\/wp-content\/uploads\/2024\/11\/elan-wildcat-76-c-ls-el-9.0-1.webp","datePublished":"2024-11-11T12:32:13+00:00","dateModified":"2026-03-19T14:28:52+00:00","breadcrumb":{"@id":"https:\/\/xstyle.md\/product\/gornye-lyzhi-elanv-wildcat-76-c-ls-el-9-0\/#breadcrumb"},"inLanguage":"ro-RO","potentialAction":[{"@type":"ReadAction","target":["https:\/\/xstyle.md\/product\/gornye-lyzhi-elanv-wildcat-76-c-ls-el-9-0\/"]}]},{"@type":"ImageObject","inLanguage":"ro-RO","@id":"https:\/\/xstyle.md\/product\/gornye-lyzhi-elanv-wildcat-76-c-ls-el-9-0\/#primaryimage","url":"https:\/\/xstyle.md\/wp-content\/uploads\/2024\/11\/elan-wildcat-76-c-ls-el-9.0-1.webp","contentUrl":"https:\/\/xstyle.md\/wp-content\/uploads\/2024\/11\/elan-wildcat-76-c-ls-el-9.0-1.webp","width":1200,"height":1200,"caption":"\u0422\u0443\u0440\u0438\u0441\u0442\u0438\u0447\u0435\u0441\u043a\u0430\u044f \u044d\u043a\u0438\u043f\u0438\u0440\u043e\u0432\u043a\u0430 \u0434\u043b\u044f \u0430\u043a\u0442\u0438\u0432\u043d\u043e\u0433\u043e \u043e\u0442\u0434\u044b\u0445\u0430 \u0433\u043e\u0440\u0430 \u043b\u044b\u0436\u0438 \u0438 \u043e\u0431\u0443\u0432\u044c \u0434\u043b\u044f \u0433\u043e\u0440\u043d\u044b\u0445 \u043b\u044b\u0436 Elan WILDCAT 76 C LS EL 9.0 \u0434\u043b\u044f \u0430\u043a\u0442\u0438\u0432\u043d\u044b\u0445 \u043f\u0443\u0442\u0435\u0448\u0435\u0441\u0442\u0432\u0438\u0439 \u0438 \u0430\u043b\u044c\u043f\u0438\u043d\u0438\u0437\u043c\u0430"},{"@type":"BreadcrumbList","@id":"https:\/\/xstyle.md\/product\/gornye-lyzhi-elanv-wildcat-76-c-ls-el-9-0\/#breadcrumb","itemListElement":[{"@type":"ListItem","position":1,"name":"\u0413\u043b\u0430\u0432\u043d\u0430\u044f \u0441\u0442\u0440\u0430\u043d\u0438\u0446\u0430","item":"https:\/\/xstyle.md\/"},{"@type":"ListItem","position":2,"name":"\u041c\u0430\u0433\u0430\u0437\u0438\u043d","item":"https:\/\/xstyle.md\/shop\/"},{"@type":"ListItem","position":3,"name":"\u0413\u043e\u0440\u043d\u044b\u0435 \u043b\u044b\u0436\u0438 Elan WILDCAT 76 C LS EL 9.0"}]},{"@type":"WebSite","@id":"https:\/\/xstyle.md\/#website","url":"https:\/\/xstyle.md\/","name":"Magazinul X-Style","description":"Echipamente pentru turism \u0219i sporturi extreme \u00een Moldova. Pre\u021buri, fotografii, caracteristici \u00een Moldova.","publisher":{"@id":"https:\/\/xstyle.md\/#organization"},"alternateName":"X-Style","potentialAction":[{"@type":"SearchAction","target":{"@type":"EntryPoint","urlTemplate":"https:\/\/xstyle.md\/?s={search_term_string}"},"query-input":{"@type":"PropertyValueSpecification","valueRequired":true,"valueName":"search_term_string"}}],"inLanguage":"ro-RO"},{"@type":"Organization","@id":"https:\/\/xstyle.md\/#organization","name":"Magazinul X-Style","alternateName":"x-style","url":"https:\/\/xstyle.md\/","logo":{"@type":"ImageObject","inLanguage":"ro-RO","@id":"https:\/\/xstyle.md\/#\/schema\/logo\/image\/","url":"https:\/\/xstyle.md\/wp-content\/uploads\/2020\/06\/logoicon.svg","contentUrl":"https:\/\/xstyle.md\/wp-content\/uploads\/2020\/06\/logoicon.svg","caption":"\u041c\u0430\u0433\u0430\u0437\u0438\u043d Xstyle"},"image":{"@id":"https:\/\/xstyle.md\/#\/schema\/logo\/image\/"},"sameAs":["https:\/\/www.facebook.com\/xstylemd","https:\/\/www.instagram.com\/xstyle_md\/","https:\/\/t.me\/xstyle_outdoor"],"hasMerchantReturnPolicy":{"@type":"MerchantReturnPolicy","merchantReturnLink":"https:\/\/xstyle.md\/ro\/conditions\/"}}]},"product_price_amount":"8900.00","product_price_currency":"MDL","og_availability":"instock","product_availability":"instock","product_retailer_item_id":"3838855806822","product_condition":"new"},"_links":{"self":[{"href":"https:\/\/xstyle.md\/ro\/wp-json\/wp\/v2\/product\/89475","targetHints":{"allow":["GET"]}}],"collection":[{"href":"https:\/\/xstyle.md\/ro\/wp-json\/wp\/v2\/product"}],"about":[{"href":"https:\/\/xstyle.md\/ro\/wp-json\/wp\/v2\/types\/product"}],"replies":[{"embeddable":true,"href":"https:\/\/xstyle.md\/ro\/wp-json\/wp\/v2\/comments?post=89475"}],"wp:featuredmedia":[{"embeddable":true,"href":"https:\/\/xstyle.md\/ro\/wp-json\/wp\/v2\/media\/102531"}],"wp:attachment":[{"href":"https:\/\/xstyle.md\/ro\/wp-json\/wp\/v2\/media?parent=89475"}],"wp:term":[{"taxonomy":"product_brand","embeddable":true,"href":"https:\/\/xstyle.md\/ro\/wp-json\/wp\/v2\/product_brand?post=89475"},{"taxonomy":"product_cat","embeddable":true,"href":"https:\/\/xstyle.md\/ro\/wp-json\/wp\/v2\/product_cat?post=89475"},{"taxonomy":"product_tag","embeddable":true,"href":"https:\/\/xstyle.md\/ro\/wp-json\/wp\/v2\/product_tag?post=89475"}],"curies":[{"name":"wp","href":"https:\/\/api.w.org\/{rel}","templated":true}]}}