{"id":89458,"date":"2024-11-11T15:32:07","date_gmt":"2024-11-11T12:32:07","guid":{"rendered":"https:\/\/xstyle.md\/?post_type=product&#038;p=89458"},"modified":"2026-04-01T16:54:34","modified_gmt":"2026-04-01T13:54:34","slug":"remen-elan-belt","status":"publish","type":"product","link":"https:\/\/xstyle.md\/ro\/produs\/remen-elan-belt\/","title":{"rendered":"Centur\u0103 Elan Belt"},"content":{"rendered":"<\/p>\n<p><strong>Elan Belt<\/strong> &#8212; este un accesoriu u\u0219or \u0219i func\u021bional, creat pentru persoanele active care apreciaz\u0103 confortul \u0219i libertatea de mi\u0219care. Datorit\u0103 elasticit\u0103\u021bii sale \u0219i designului plat, aceast\u0103 curea este ideal\u0103 pentru schi, drume\u021bii sau utilizare zilnic\u0103, asigur\u00e2nd o fixare sigur\u0103 a pantalonilor f\u0103r\u0103 a exercita o presiune inutil\u0103.<\/p>\n<h3>Particularit\u0103\u021bi<\/h3>\n<ul>\n<li>Cureaua este fabricat\u0103 dintr-un material elastic de \u00eenalt\u0103 calitate, care se adapteaz\u0103 mi\u0219c\u0103rilor corpului<\/li>\n<li>Catarama din plastic cu profil redus nu creeaz\u0103 volum sub haine \u0219i nu jeneaz\u0103 atunci c\u00e2nd purta\u021bi un rucsac sau centura unei jachete<\/li>\n<li>Lungimea este u\u0219or de reglat, permi\u021b\u00e2nd adaptarea curelei la orice siluet\u0103<\/li>\n<li>Realizat \u00een stilul caracteristic Elan, cu logo-ul brandului, complet\u00e2nd perfect echipamentul de schi<\/li>\n<\/ul>\n<h3>Caracteristici<\/h3>\n<ul>\n<li>Material &#8212; poliester elastic rezistent \/ nailon<\/li>\n<li>Cataram\u0103 &#8212; plastic rezistent la impact<\/li>\n<\/ul>\n<p><\/p>\n<h3>Marca<\/h3>\n<p>Elan - este un produc\u0103tor sloven de echipamente sportive de renume mondial, fondat \u00een 1945 \u0219i recunoscut ca un inovator de top \u00een industria schiului. Brandul a devenit celebru prin inventarea schiurilor de carving \u0219i a tehnologiilor unice, precum Amphibio \u0219i GrooveTip, care fac schiatul mai intuitiv \u0219i mai u\u0219or pentru schiorii de toate nivelurile.<\/p>","protected":false},"excerpt":{"rendered":"<p>\u0411\u0440\u0435\u043d\u0434 Elan \u2014 \u044d\u0442\u043e \u0432\u0441\u0435\u043c\u0438\u0440\u043d\u043e \u0438\u0437\u0432\u0435\u0441\u0442\u043d\u044b\u0439 \u0441\u043b\u043e\u0432\u0435\u043d\u0441\u043a\u0438\u0439 \u043f\u0440\u043e\u0438\u0437\u0432\u043e\u0434\u0438\u0442\u0435\u043b\u044c \u0441\u043f\u043e\u0440\u0442\u0438\u0432\u043d\u043e\u0433\u043e \u043e\u0431\u043e\u0440\u0443\u0434\u043e\u0432\u0430\u043d\u0438\u044f, \u043e\u0441\u043d\u043e\u0432\u0430\u043d\u043d\u044b\u0439 \u0432 1945 \u0433\u043e\u0434\u0443 \u0438 \u0437\u0430\u0432\u043e\u0435\u0432\u0430\u0432\u0448\u0438\u0439 \u0440\u0435\u043f\u0443\u0442\u0430\u0446\u0438\u044e \u0433\u043b\u0430\u0432\u043d\u043e\u0433\u043e \u0438\u043d\u043d\u043e\u0432\u0430\u0442\u043e\u0440\u0430 \u0432 \u0433\u043e\u0440\u043d\u043e\u043b\u044b\u0436\u043d\u043e\u0439 \u0438\u043d\u0434\u0443\u0441\u0442\u0440\u0438\u0438. \u0411\u0440\u0435\u043d\u0434 \u043f\u0440\u043e\u0441\u043b\u0430\u0432\u0438\u043b\u0441\u044f \u0438\u0437\u043e\u0431\u0440\u0435\u0442\u0435\u043d\u0438\u0435\u043c \u043a\u0430\u0440\u0432\u0438\u043d\u0433\u043e\u0432\u044b\u0445 \u043b\u044b\u0436 \u0438 \u0443\u043d\u0438\u043a\u0430\u043b\u044c\u043d\u044b\u0445 \u0442\u0435\u0445\u043d\u043e\u043b\u043e\u0433\u0438\u0439, \u0442\u0430\u043a\u0438\u0445 \u043a\u0430\u043a Amphibio \u0438 GrooveTip, \u043a\u043e\u0442\u043e\u0440\u044b\u0435 \u0434\u0435\u043b\u0430\u044e\u0442 \u043a\u0430\u0442\u0430\u043d\u0438\u0435 \u0431\u043e\u043b\u0435\u0435 \u0438\u043d\u0442\u0443\u0438\u0442\u0438\u0432\u043d\u044b\u043c \u0438 \u043b\u0435\u0433\u043a\u0438\u043c \u0434\u043b\u044f \u043b\u044b\u0436\u043d\u0438\u043a\u043e\u0432 \u043b\u044e\u0431\u043e\u0433\u043e \u0443\u0440\u043e\u0432\u043d\u044f.<\/p>","protected":false},"featured_media":104656,"comment_status":"open","ping_status":"closed","template":"","meta":{"_acf_changed":false,"inline_featured_image":false},"product_brand":[1315],"product_cat":[884],"product_tag":[],"class_list":{"0":"post-89458","1":"product","2":"type-product","3":"status-publish","4":"has-post-thumbnail","6":"product_brand-elan","7":"product_cat-tourist-equipment","9":"first","10":"instock","11":"shipping-taxable","12":"purchasable","13":"product-type-simple"},"acf":[],"yoast_head":"<!-- This site is optimized with the Yoast SEO plugin v27.2 - https:\/\/yoast.com\/product\/yoast-seo-wordpress\/ -->\n<title>\u0420\u0435\u043c\u0435\u043d\u044c Elan Belt - \u041c\u0430\u0433\u0430\u0437\u0438\u043d Xstyle<\/title>\n<meta name=\"robots\" content=\"index, follow, max-snippet:-1, max-image-preview:large, max-video-preview:-1\" \/>\n<link rel=\"canonical\" href=\"https:\/\/xstyle.md\/ro\/produs\/remen-elan-belt\/\" \/>\n<meta property=\"og:locale\" content=\"ro_RO\" \/>\n<meta property=\"og:type\" content=\"article\" \/>\n<meta property=\"og:title\" content=\"\u0420\u0435\u043c\u0435\u043d\u044c Elan Belt - \u041c\u0430\u0433\u0430\u0437\u0438\u043d Xstyle\" \/>\n<meta property=\"og:description\" content=\"\u0411\u0440\u0435\u043d\u0434 Elan \u2014 \u044d\u0442\u043e \u0432\u0441\u0435\u043c\u0438\u0440\u043d\u043e \u0438\u0437\u0432\u0435\u0441\u0442\u043d\u044b\u0439 \u0441\u043b\u043e\u0432\u0435\u043d\u0441\u043a\u0438\u0439 \u043f\u0440\u043e\u0438\u0437\u0432\u043e\u0434\u0438\u0442\u0435\u043b\u044c \u0441\u043f\u043e\u0440\u0442\u0438\u0432\u043d\u043e\u0433\u043e \u043e\u0431\u043e\u0440\u0443\u0434\u043e\u0432\u0430\u043d\u0438\u044f, \u043e\u0441\u043d\u043e\u0432\u0430\u043d\u043d\u044b\u0439 \u0432 1945 \u0433\u043e\u0434\u0443 \u0438 \u0437\u0430\u0432\u043e\u0435\u0432\u0430\u0432\u0448\u0438\u0439 \u0440\u0435\u043f\u0443\u0442\u0430\u0446\u0438\u044e \u0433\u043b\u0430\u0432\u043d\u043e\u0433\u043e \u0438\u043d\u043d\u043e\u0432\u0430\u0442\u043e\u0440\u0430 \u0432 \u0433\u043e\u0440\u043d\u043e\u043b\u044b\u0436\u043d\u043e\u0439 \u0438\u043d\u0434\u0443\u0441\u0442\u0440\u0438\u0438. \u0411\u0440\u0435\u043d\u0434 \u043f\u0440\u043e\u0441\u043b\u0430\u0432\u0438\u043b\u0441\u044f \u0438\u0437\u043e\u0431\u0440\u0435\u0442\u0435\u043d\u0438\u0435\u043c \u043a\u0430\u0440\u0432\u0438\u043d\u0433\u043e\u0432\u044b\u0445 \u043b\u044b\u0436 \u0438 \u0443\u043d\u0438\u043a\u0430\u043b\u044c\u043d\u044b\u0445 \u0442\u0435\u0445\u043d\u043e\u043b\u043e\u0433\u0438\u0439, \u0442\u0430\u043a\u0438\u0445 \u043a\u0430\u043a Amphibio \u0438 GrooveTip, \u043a\u043e\u0442\u043e\u0440\u044b\u0435 \u0434\u0435\u043b\u0430\u044e\u0442 \u043a\u0430\u0442\u0430\u043d\u0438\u0435 \u0431\u043e\u043b\u0435\u0435 \u0438\u043d\u0442\u0443\u0438\u0442\u0438\u0432\u043d\u044b\u043c \u0438 \u043b\u0435\u0433\u043a\u0438\u043c \u0434\u043b\u044f \u043b\u044b\u0436\u043d\u0438\u043a\u043e\u0432 \u043b\u044e\u0431\u043e\u0433\u043e \u0443\u0440\u043e\u0432\u043d\u044f.\" \/>\n<meta property=\"og:url\" content=\"https:\/\/xstyle.md\/ro\/produs\/remen-elan-belt\/\" \/>\n<meta property=\"og:site_name\" content=\"\u041c\u0430\u0433\u0430\u0437\u0438\u043d Xstyle\" \/>\n<meta property=\"article:publisher\" content=\"https:\/\/www.facebook.com\/xstylemd\" \/>\n<meta property=\"article:modified_time\" content=\"2026-04-01T13:54:34+00:00\" \/>\n<meta property=\"og:image\" content=\"https:\/\/xstyle.md\/wp-content\/uploads\/2024\/11\/elan-belt.webp\" \/>\n\t<meta property=\"og:image:width\" content=\"1200\" \/>\n\t<meta property=\"og:image:height\" content=\"1200\" \/>\n\t<meta property=\"og:image:type\" content=\"image\/webp\" \/>\n<meta name=\"twitter:card\" content=\"summary_large_image\" \/>\n<meta name=\"twitter:label1\" content=\"Pre\u021b\" \/>\n\t<meta name=\"twitter:data1\" content=\"495&nbsp;MDL\" \/>\n\t<meta name=\"twitter:label2\" content=\"Disponibilitate\" \/>\n\t<meta name=\"twitter:data2\" content=\"\u00cen stoc\" \/>\n<script type=\"application\/ld+json\" class=\"yoast-schema-graph\">{\"@context\":\"https:\/\/schema.org\",\"@graph\":[{\"@type\":\"WebPage\",\"@id\":\"https:\/\/xstyle.md\/product\/remen-elan-belt\/\",\"url\":\"https:\/\/xstyle.md\/product\/remen-elan-belt\/\",\"name\":\"\u0420\u0435\u043c\u0435\u043d\u044c Elan Belt - \u041c\u0430\u0433\u0430\u0437\u0438\u043d Xstyle\",\"isPartOf\":{\"@id\":\"https:\/\/xstyle.md\/#website\"},\"primaryImageOfPage\":{\"@id\":\"https:\/\/xstyle.md\/product\/remen-elan-belt\/#primaryimage\"},\"image\":{\"@id\":\"https:\/\/xstyle.md\/product\/remen-elan-belt\/#primaryimage\"},\"thumbnailUrl\":\"https:\/\/xstyle.md\/wp-content\/uploads\/2024\/11\/elan-belt.webp\",\"datePublished\":\"2024-11-11T12:32:07+00:00\",\"dateModified\":\"2026-04-01T13:54:34+00:00\",\"breadcrumb\":{\"@id\":\"https:\/\/xstyle.md\/product\/remen-elan-belt\/#breadcrumb\"},\"inLanguage\":\"ro-RO\",\"potentialAction\":[{\"@type\":\"ReadAction\",\"target\":[\"https:\/\/xstyle.md\/product\/remen-elan-belt\/\"]}]},{\"@type\":\"ImageObject\",\"inLanguage\":\"ro-RO\",\"@id\":\"https:\/\/xstyle.md\/product\/remen-elan-belt\/#primaryimage\",\"url\":\"https:\/\/xstyle.md\/wp-content\/uploads\/2024\/11\/elan-belt.webp\",\"contentUrl\":\"https:\/\/xstyle.md\/wp-content\/uploads\/2024\/11\/elan-belt.webp\",\"width\":1200,\"height\":1200,\"caption\":\"\u0420\u0435\u043c\u0435\u043d\u044c Elan Belt \u0434\u043b\u044f \u0430\u043a\u0442\u0438\u0432\u043d\u043e\u0439 \u0436\u0438\u0437\u043d\u0438, \u0441\u043f\u043e\u0440\u0442\u0438\u0432\u043d\u043e\u0439 \u043e\u0434\u0435\u0436\u0434\u044b, \u043f\u0440\u043e\u0433\u0443\u043b\u043e\u043a, \u043f\u043e\u0445\u043e\u0434\u043e\u0432 \u0438 \u043f\u0443\u0442\u0435\u0448\u0435\u0441\u0442\u0432\u0438\u0439 \u0432 \u043e\u043d\u043b\u0430\u0439\u043d \u043c\u0430\u0433\u0430\u0437\u0438\u043d\u0435 \u0442\u043e\u0432\u0430\u0440\u043e\u0432 \u0434\u043b\u044f \u0430\u043a\u0442\u0438\u0432\u043d\u043e\u0433\u043e \u043e\u0442\u0434\u044b\u0445\u0430\"},{\"@type\":\"BreadcrumbList\",\"@id\":\"https:\/\/xstyle.md\/product\/remen-elan-belt\/#breadcrumb\",\"itemListElement\":[{\"@type\":\"ListItem\",\"position\":1,\"name\":\"\u0413\u043b\u0430\u0432\u043d\u0430\u044f \u0441\u0442\u0440\u0430\u043d\u0438\u0446\u0430\",\"item\":\"https:\/\/xstyle.md\/\"},{\"@type\":\"ListItem\",\"position\":2,\"name\":\"\u041c\u0430\u0433\u0430\u0437\u0438\u043d\",\"item\":\"https:\/\/xstyle.md\/shop\/\"},{\"@type\":\"ListItem\",\"position\":3,\"name\":\"\u0420\u0435\u043c\u0435\u043d\u044c Elan Belt\"}]},{\"@type\":\"WebSite\",\"@id\":\"https:\/\/xstyle.md\/#website\",\"url\":\"https:\/\/xstyle.md\/\",\"name\":\"\u041c\u0430\u0433\u0430\u0437\u0438\u043d Xstyle\",\"description\":\"C\u043d\u0430\u0440\u044f\u0436\u0435\u043d\u0438\u0435 \u0434\u043b\u044f \u0442\u0443\u0440\u0438\u0437\u043c\u0430 \u0438 \u044d\u043a\u0441\u0442\u0440\u0435\u043c\u0430\u043b\u044c\u043d\u044b\u0445 \u0432\u0438\u0434\u043e\u0432 \u0441\u043f\u043e\u0440\u0442\u0430 \u0432 \u041c\u043e\u043b\u0434\u043e\u0432\u0435.. \u0426\u0435\u043d\u044b, \u0444\u043e\u0442\u043e, \u0445\u0430\u0440\u0430\u043a\u0442\u0435\u0440\u0438\u0441\u0442\u0438\u043a\u0438 \u0432 \u041c\u043e\u043b\u0434\u043e\u0432\u0435.\",\"publisher\":{\"@id\":\"https:\/\/xstyle.md\/#organization\"},\"alternateName\":\"X-Style\",\"potentialAction\":[{\"@type\":\"SearchAction\",\"target\":{\"@type\":\"EntryPoint\",\"urlTemplate\":\"https:\/\/xstyle.md\/?s={search_term_string}\"},\"query-input\":{\"@type\":\"PropertyValueSpecification\",\"valueRequired\":true,\"valueName\":\"search_term_string\"}}],\"inLanguage\":\"ro-RO\"},{\"@type\":\"Organization\",\"@id\":\"https:\/\/xstyle.md\/#organization\",\"name\":\"\u041c\u0430\u0433\u0430\u0437\u0438\u043d Xstyle\",\"alternateName\":\"x-style\",\"url\":\"https:\/\/xstyle.md\/\",\"logo\":{\"@type\":\"ImageObject\",\"inLanguage\":\"ro-RO\",\"@id\":\"https:\/\/xstyle.md\/#\/schema\/logo\/image\/\",\"url\":\"https:\/\/xstyle.md\/wp-content\/uploads\/2020\/06\/logoicon.svg\",\"contentUrl\":\"https:\/\/xstyle.md\/wp-content\/uploads\/2020\/06\/logoicon.svg\",\"caption\":\"\u041c\u0430\u0433\u0430\u0437\u0438\u043d Xstyle\"},\"image\":{\"@id\":\"https:\/\/xstyle.md\/#\/schema\/logo\/image\/\"},\"sameAs\":[\"https:\/\/www.facebook.com\/xstylemd\",\"https:\/\/www.instagram.com\/xstyle_md\/\",\"https:\/\/t.me\/xstyle_outdoor\"],\"hasMerchantReturnPolicy\":{\"@type\":\"MerchantReturnPolicy\",\"merchantReturnLink\":\"https:\/\/xstyle.md\/ro\/conditions\/\"}}]}<\/script>\n<meta property=\"product:price:amount\" content=\"495.00\" \/>\n<meta property=\"product:price:currency\" content=\"MDL\" \/>\n<meta property=\"og:availability\" content=\"instock\" \/>\n<meta property=\"product:availability\" content=\"instock\" \/>\n<meta property=\"product:retailer_item_id\" content=\"3838878636802\" \/>\n<meta property=\"product:condition\" content=\"new\" \/>\n<!-- \/ Yoast SEO plugin. -->","yoast_head_json":{"title":"\u0420\u0435\u043c\u0435\u043d\u044c Elan Belt - \u041c\u0430\u0433\u0430\u0437\u0438\u043d Xstyle","robots":{"index":"index","follow":"follow","max-snippet":"max-snippet:-1","max-image-preview":"max-image-preview:large","max-video-preview":"max-video-preview:-1"},"canonical":"https:\/\/xstyle.md\/ro\/produs\/remen-elan-belt\/","og_locale":"ro_RO","og_type":"article","og_title":"\u0420\u0435\u043c\u0435\u043d\u044c Elan Belt - \u041c\u0430\u0433\u0430\u0437\u0438\u043d Xstyle","og_description":"\u0411\u0440\u0435\u043d\u0434 Elan \u2014 \u044d\u0442\u043e \u0432\u0441\u0435\u043c\u0438\u0440\u043d\u043e \u0438\u0437\u0432\u0435\u0441\u0442\u043d\u044b\u0439 \u0441\u043b\u043e\u0432\u0435\u043d\u0441\u043a\u0438\u0439 \u043f\u0440\u043e\u0438\u0437\u0432\u043e\u0434\u0438\u0442\u0435\u043b\u044c \u0441\u043f\u043e\u0440\u0442\u0438\u0432\u043d\u043e\u0433\u043e \u043e\u0431\u043e\u0440\u0443\u0434\u043e\u0432\u0430\u043d\u0438\u044f, \u043e\u0441\u043d\u043e\u0432\u0430\u043d\u043d\u044b\u0439 \u0432 1945 \u0433\u043e\u0434\u0443 \u0438 \u0437\u0430\u0432\u043e\u0435\u0432\u0430\u0432\u0448\u0438\u0439 \u0440\u0435\u043f\u0443\u0442\u0430\u0446\u0438\u044e \u0433\u043b\u0430\u0432\u043d\u043e\u0433\u043e \u0438\u043d\u043d\u043e\u0432\u0430\u0442\u043e\u0440\u0430 \u0432 \u0433\u043e\u0440\u043d\u043e\u043b\u044b\u0436\u043d\u043e\u0439 \u0438\u043d\u0434\u0443\u0441\u0442\u0440\u0438\u0438. \u0411\u0440\u0435\u043d\u0434 \u043f\u0440\u043e\u0441\u043b\u0430\u0432\u0438\u043b\u0441\u044f \u0438\u0437\u043e\u0431\u0440\u0435\u0442\u0435\u043d\u0438\u0435\u043c \u043a\u0430\u0440\u0432\u0438\u043d\u0433\u043e\u0432\u044b\u0445 \u043b\u044b\u0436 \u0438 \u0443\u043d\u0438\u043a\u0430\u043b\u044c\u043d\u044b\u0445 \u0442\u0435\u0445\u043d\u043e\u043b\u043e\u0433\u0438\u0439, \u0442\u0430\u043a\u0438\u0445 \u043a\u0430\u043a Amphibio \u0438 GrooveTip, \u043a\u043e\u0442\u043e\u0440\u044b\u0435 \u0434\u0435\u043b\u0430\u044e\u0442 \u043a\u0430\u0442\u0430\u043d\u0438\u0435 \u0431\u043e\u043b\u0435\u0435 \u0438\u043d\u0442\u0443\u0438\u0442\u0438\u0432\u043d\u044b\u043c \u0438 \u043b\u0435\u0433\u043a\u0438\u043c \u0434\u043b\u044f \u043b\u044b\u0436\u043d\u0438\u043a\u043e\u0432 \u043b\u044e\u0431\u043e\u0433\u043e \u0443\u0440\u043e\u0432\u043d\u044f.","og_url":"https:\/\/xstyle.md\/ro\/produs\/remen-elan-belt\/","og_site_name":"\u041c\u0430\u0433\u0430\u0437\u0438\u043d Xstyle","article_publisher":"https:\/\/www.facebook.com\/xstylemd","article_modified_time":"2026-04-01T13:54:34+00:00","og_image":[{"width":1200,"height":1200,"url":"https:\/\/xstyle.md\/wp-content\/uploads\/2024\/11\/elan-belt.webp","type":"image\/webp"}],"twitter_card":"summary_large_image","twitter_misc":{"Pre\u021b":"495&nbsp;MDL","Disponibilitate":"\u00cen stoc"},"schema":{"@context":"https:\/\/schema.org","@graph":[{"@type":"WebPage","@id":"https:\/\/xstyle.md\/product\/remen-elan-belt\/","url":"https:\/\/xstyle.md\/product\/remen-elan-belt\/","name":"\u0420\u0435\u043c\u0435\u043d\u044c Elan Belt - \u041c\u0430\u0433\u0430\u0437\u0438\u043d Xstyle","isPartOf":{"@id":"https:\/\/xstyle.md\/#website"},"primaryImageOfPage":{"@id":"https:\/\/xstyle.md\/product\/remen-elan-belt\/#primaryimage"},"image":{"@id":"https:\/\/xstyle.md\/product\/remen-elan-belt\/#primaryimage"},"thumbnailUrl":"https:\/\/xstyle.md\/wp-content\/uploads\/2024\/11\/elan-belt.webp","datePublished":"2024-11-11T12:32:07+00:00","dateModified":"2026-04-01T13:54:34+00:00","breadcrumb":{"@id":"https:\/\/xstyle.md\/product\/remen-elan-belt\/#breadcrumb"},"inLanguage":"ro-RO","potentialAction":[{"@type":"ReadAction","target":["https:\/\/xstyle.md\/product\/remen-elan-belt\/"]}]},{"@type":"ImageObject","inLanguage":"ro-RO","@id":"https:\/\/xstyle.md\/product\/remen-elan-belt\/#primaryimage","url":"https:\/\/xstyle.md\/wp-content\/uploads\/2024\/11\/elan-belt.webp","contentUrl":"https:\/\/xstyle.md\/wp-content\/uploads\/2024\/11\/elan-belt.webp","width":1200,"height":1200,"caption":"\u0420\u0435\u043c\u0435\u043d\u044c Elan Belt \u0434\u043b\u044f \u0430\u043a\u0442\u0438\u0432\u043d\u043e\u0439 \u0436\u0438\u0437\u043d\u0438, \u0441\u043f\u043e\u0440\u0442\u0438\u0432\u043d\u043e\u0439 \u043e\u0434\u0435\u0436\u0434\u044b, \u043f\u0440\u043e\u0433\u0443\u043b\u043e\u043a, \u043f\u043e\u0445\u043e\u0434\u043e\u0432 \u0438 \u043f\u0443\u0442\u0435\u0448\u0435\u0441\u0442\u0432\u0438\u0439 \u0432 \u043e\u043d\u043b\u0430\u0439\u043d \u043c\u0430\u0433\u0430\u0437\u0438\u043d\u0435 \u0442\u043e\u0432\u0430\u0440\u043e\u0432 \u0434\u043b\u044f \u0430\u043a\u0442\u0438\u0432\u043d\u043e\u0433\u043e \u043e\u0442\u0434\u044b\u0445\u0430"},{"@type":"BreadcrumbList","@id":"https:\/\/xstyle.md\/product\/remen-elan-belt\/#breadcrumb","itemListElement":[{"@type":"ListItem","position":1,"name":"\u0413\u043b\u0430\u0432\u043d\u0430\u044f \u0441\u0442\u0440\u0430\u043d\u0438\u0446\u0430","item":"https:\/\/xstyle.md\/"},{"@type":"ListItem","position":2,"name":"\u041c\u0430\u0433\u0430\u0437\u0438\u043d","item":"https:\/\/xstyle.md\/shop\/"},{"@type":"ListItem","position":3,"name":"\u0420\u0435\u043c\u0435\u043d\u044c Elan Belt"}]},{"@type":"WebSite","@id":"https:\/\/xstyle.md\/#website","url":"https:\/\/xstyle.md\/","name":"Magazinul X-Style","description":"Echipamente pentru turism \u0219i sporturi extreme \u00een Moldova. Pre\u021buri, fotografii, caracteristici \u00een Moldova.","publisher":{"@id":"https:\/\/xstyle.md\/#organization"},"alternateName":"X-Style","potentialAction":[{"@type":"SearchAction","target":{"@type":"EntryPoint","urlTemplate":"https:\/\/xstyle.md\/?s={search_term_string}"},"query-input":{"@type":"PropertyValueSpecification","valueRequired":true,"valueName":"search_term_string"}}],"inLanguage":"ro-RO"},{"@type":"Organization","@id":"https:\/\/xstyle.md\/#organization","name":"Magazinul X-Style","alternateName":"x-style","url":"https:\/\/xstyle.md\/","logo":{"@type":"ImageObject","inLanguage":"ro-RO","@id":"https:\/\/xstyle.md\/#\/schema\/logo\/image\/","url":"https:\/\/xstyle.md\/wp-content\/uploads\/2020\/06\/logoicon.svg","contentUrl":"https:\/\/xstyle.md\/wp-content\/uploads\/2020\/06\/logoicon.svg","caption":"\u041c\u0430\u0433\u0430\u0437\u0438\u043d Xstyle"},"image":{"@id":"https:\/\/xstyle.md\/#\/schema\/logo\/image\/"},"sameAs":["https:\/\/www.facebook.com\/xstylemd","https:\/\/www.instagram.com\/xstyle_md\/","https:\/\/t.me\/xstyle_outdoor"],"hasMerchantReturnPolicy":{"@type":"MerchantReturnPolicy","merchantReturnLink":"https:\/\/xstyle.md\/ro\/conditions\/"}}]},"product_price_amount":"495.00","product_price_currency":"MDL","og_availability":"instock","product_availability":"instock","product_retailer_item_id":"3838878636802","product_condition":"new"},"post_mailing_queue_ids":[],"_links":{"self":[{"href":"https:\/\/xstyle.md\/ro\/wp-json\/wp\/v2\/product\/89458","targetHints":{"allow":["GET"]}}],"collection":[{"href":"https:\/\/xstyle.md\/ro\/wp-json\/wp\/v2\/product"}],"about":[{"href":"https:\/\/xstyle.md\/ro\/wp-json\/wp\/v2\/types\/product"}],"replies":[{"embeddable":true,"href":"https:\/\/xstyle.md\/ro\/wp-json\/wp\/v2\/comments?post=89458"}],"wp:featuredmedia":[{"embeddable":true,"href":"https:\/\/xstyle.md\/ro\/wp-json\/wp\/v2\/media\/104656"}],"wp:attachment":[{"href":"https:\/\/xstyle.md\/ro\/wp-json\/wp\/v2\/media?parent=89458"}],"wp:term":[{"taxonomy":"product_brand","embeddable":true,"href":"https:\/\/xstyle.md\/ro\/wp-json\/wp\/v2\/product_brand?post=89458"},{"taxonomy":"product_cat","embeddable":true,"href":"https:\/\/xstyle.md\/ro\/wp-json\/wp\/v2\/product_cat?post=89458"},{"taxonomy":"product_tag","embeddable":true,"href":"https:\/\/xstyle.md\/ro\/wp-json\/wp\/v2\/product_tag?post=89458"}],"curies":[{"name":"wp","href":"https:\/\/api.w.org\/{rel}","templated":true}]}}