{"id":89445,"date":"2024-11-11T15:32:03","date_gmt":"2024-11-11T12:32:03","guid":{"rendered":"https:\/\/xstyle.md\/?post_type=product&#038;p=89445"},"modified":"2026-02-24T15:55:00","modified_gmt":"2026-02-24T12:55:00","slug":"sumka-deuter-duffel-pro-60","status":"publish","type":"product","link":"https:\/\/xstyle.md\/ro\/produs\/sumka-deuter-duffel-pro-60\/","title":{"rendered":"Geant\u0103 Deuter Duffel Pro 60"},"content":{"rendered":"<\/p>\n<p><strong>Geant\u0103 Deuter Duffel Pro 60<\/strong> &#8212; rezistent\u0103, spa\u021bioas\u0103 \u0219i preg\u0103tit\u0103 pentru orice provocare, este creat\u0103 pentru mi\u0219care. Fabricat\u0103 din material reciclat certificat bluesign\u00ae, aceast\u0103 geant\u0103 versatil\u0103 se transform\u0103 rapid \u00eentr-un rucsac datorit\u0103 curelelor de um\u0103r retractabile. Designul durabil \u0219i deschiderea larg\u0103 o fac ideal\u0103 pentru c\u0103l\u0103torii lungi, expedi\u021bii sportive sau misiuni zilnice solicitante.<\/p>\n<h3>Particularit\u0103\u021bi<\/h3>\n<ul>\n<li>Materialul TPU robust protejeaz\u0103 con\u021binutul de umiditate \u0219i murd\u0103rie<\/li>\n<li>Curelele pot fi deta\u0219ate din partea de jos \u0219i ascunse \u00een buzunarul dedicat<\/li>\n<li>Curelele de um\u0103r pot fi unite pentru a fi folosite ca m\u00e2ner de transport; dispune de alte dou\u0103 m\u00e2nere laterale<\/li>\n<li>Curele de compresie interne pentru haine, buzunar lateral cu fermoar, buzunar interior din plas\u0103 \u0219i clip pentru chei<\/li>\n<li>Geanta poate fi pliat\u0103 \u00een buzunarul exterior, care devine o geant\u0103 mic\u0103 de organizare<\/li>\n<li>Produs f\u0103r\u0103 PFAS, fabricat cu 50% materiale reciclate \u0219i certificat Green Button (Gr\u00fcner Knopf)<\/li>\n<li>Caracteristici<\/li>\n<li>Greutate &#8212; 1300 g<\/li>\n<li>Volum &#8212; 60 litri<\/li>\n<li>Dimensiuni &#8212; 30 \/ 66 \/ 32 cm (\u00ce \/ L \/ A)<\/li>\n<li>Sarcin\u0103 recomandat\u0103 &#8212; 8 \u2013 12 kg<\/li>\n<li>Material &#8212; 600D PES TPU (poliester extrem de rezistent, cu \u00eenveli\u0219 TPU, 100% impermeabil \u0219i rezistent la abraziune)<\/li>\n<\/ul>\n<p><\/p>\n<h3>Marca<\/h3>\n<p>Deuter - este o marc\u0103 german\u0103 care produce pachete \u0219i gen\u021bi de sport pentru drume\u021bii, sporturi de iarn\u0103 \u0219i alte scopuri. Istoria companiei dateaz\u0103 de mai bine de 100 de ani: fondat\u0103 de Hans Deuter \u00een 1898, Deuter furniza deja la \u00eenceputul secolului al XX-lea gen\u021bi de mesager pentru Po\u0219ta Regal\u0103 Bavarez\u0103, iar \u00een anii 1910 furniza rucsacuri, gen\u021bi, curele \u0219i corturi pentru armat\u0103.<\/p>\n<p>Fiind unul dintre cei mai importan\u021bi produc\u0103tori de rucsacuri, Deuter a lucrat \u00eentotdeauna cu alpini\u0219ti experimenta\u021bi, care \u00eemp\u0103rt\u0103\u0219esc din experien\u021ba \u0219i cuno\u0219tin\u021bele lor bogate. Deuter nu se culc\u0103 pe lauri, lucr\u00e2nd \u00een mod constant la calitate \u0219i la \u00eembun\u0103t\u0103\u021birea produselor sale. Exper\u021bii companiei sunt mereu \u00een c\u0103utare de noi solu\u021bii tehnice care s\u0103 v\u0103 asigure confortul \u0219i siguran\u021ba.<\/p>","protected":false},"excerpt":{"rendered":"<p>\u0411\u0440\u0435\u043d\u0434 Deuter \u2014 \u044d\u0442\u043e \u043d\u0435\u043c\u0435\u0446\u043a\u0438\u0439 \u0431\u0440\u0435\u043d\u0434 \u0441\u043f\u043e\u0440\u0442\u0438\u0432\u043d\u044b\u0445 \u043f\u0430\u043a\u0435\u0442\u043e\u0432 \u0438 \u0441\u0443\u043c\u043e\u043a \u0434\u043b\u044f \u043f\u0435\u0448\u0438\u0445 \u043f\u0440\u043e\u0433\u0443\u043b\u043e\u043a, \u0442\u0440\u0435\u043a\u043a\u0438\u043d\u0433\u0430, \u0437\u0438\u043c\u043d\u0438\u0445 \u0432\u0438\u0434\u043e\u0432 \u0441\u043f\u043e\u0440\u0442\u0430 \u0438 \u0434\u0440\u0443\u0433\u0438\u0445 \u0446\u0435\u043b\u0435\u0439. \u0418\u0441\u0442\u043e\u0440\u0438\u044f \u043a\u043e\u043c\u043f\u0430\u043d\u0438\u0438 \u043d\u0430\u0441\u0447\u0438\u0442\u044b\u0432\u0430\u0435\u0442 \u0431\u043e\u043b\u0435\u0435 100 \u043b\u0435\u0442: \u043e\u0441\u043d\u043e\u0432\u0430\u043d\u043d\u0430\u044f \u0413\u0430\u043d\u0441\u043e\u043c \u0414\u043e\u0439\u0442\u0435\u0440\u043e\u043c \u0432 1898 \u0433., \u043d\u0430 \u0440\u0443\u0431\u0435\u0436\u0435 \u0425\u0425 \u0432\u0435\u043a\u0430 Deuter \u0443\u0436\u0435 \u043f\u043e\u0441\u0442\u0430\u0432\u043b\u044f\u043b\u0438 \u043f\u043e\u0447\u0442\u043e\u0432\u044b\u0435 \u0441\u0443\u043c\u043a\u0438 \u0411\u0430\u0432\u0430\u0440\u0441\u043a\u043e\u0439 \u041a\u043e\u0440\u043e\u043b\u0435\u0432\u0441\u043a\u043e\u0439 \u041f\u043e\u0447\u0442\u0435, \u0430 \u0432 1910-\u044b\u0445 \u2014 \u0440\u044e\u043a\u0437\u0430\u043a\u0438, \u0441\u0443\u043c\u043a\u0438, \u043f\u043e\u044f\u0441\u0430 \u0438 \u043f\u0430\u043b\u0430\u0442\u043a\u0438 \u0434\u043b\u044f \u0432\u043e\u0435\u043d\u043d\u044b\u0445. [&hellip;]<\/p>\n","protected":false},"featured_media":102093,"comment_status":"open","ping_status":"closed","template":"","meta":{"_acf_changed":false,"inline_featured_image":false},"product_brand":[1261],"product_cat":[126],"product_tag":[],"class_list":{"0":"post-89445","1":"product","2":"type-product","3":"status-publish","4":"has-post-thumbnail","6":"product_brand-deuter","7":"product_cat-travel-bags","9":"first","10":"instock","11":"shipping-taxable","12":"purchasable","13":"product-type-simple"},"acf":[],"yoast_head":"<!-- This site is optimized with the Yoast SEO plugin v27.2 - https:\/\/yoast.com\/product\/yoast-seo-wordpress\/ -->\n<title>\u0421\u0443\u043c\u043a\u0430 Deuter Duffel Pro 60 - \u041c\u0430\u0433\u0430\u0437\u0438\u043d Xstyle<\/title>\n<meta name=\"robots\" content=\"index, follow, max-snippet:-1, max-image-preview:large, max-video-preview:-1\" \/>\n<link rel=\"canonical\" href=\"https:\/\/xstyle.md\/ro\/produs\/sumka-deuter-duffel-pro-60\/\" \/>\n<meta property=\"og:locale\" content=\"ro_RO\" \/>\n<meta property=\"og:type\" content=\"article\" \/>\n<meta property=\"og:title\" content=\"\u0421\u0443\u043c\u043a\u0430 Deuter Duffel Pro 60 - \u041c\u0430\u0433\u0430\u0437\u0438\u043d Xstyle\" \/>\n<meta property=\"og:description\" content=\"\u0411\u0440\u0435\u043d\u0434 Deuter \u2014 \u044d\u0442\u043e \u043d\u0435\u043c\u0435\u0446\u043a\u0438\u0439 \u0431\u0440\u0435\u043d\u0434 \u0441\u043f\u043e\u0440\u0442\u0438\u0432\u043d\u044b\u0445 \u043f\u0430\u043a\u0435\u0442\u043e\u0432 \u0438 \u0441\u0443\u043c\u043e\u043a \u0434\u043b\u044f \u043f\u0435\u0448\u0438\u0445 \u043f\u0440\u043e\u0433\u0443\u043b\u043e\u043a, \u0442\u0440\u0435\u043a\u043a\u0438\u043d\u0433\u0430, \u0437\u0438\u043c\u043d\u0438\u0445 \u0432\u0438\u0434\u043e\u0432 \u0441\u043f\u043e\u0440\u0442\u0430 \u0438 \u0434\u0440\u0443\u0433\u0438\u0445 \u0446\u0435\u043b\u0435\u0439. \u0418\u0441\u0442\u043e\u0440\u0438\u044f \u043a\u043e\u043c\u043f\u0430\u043d\u0438\u0438 \u043d\u0430\u0441\u0447\u0438\u0442\u044b\u0432\u0430\u0435\u0442 \u0431\u043e\u043b\u0435\u0435 100 \u043b\u0435\u0442: \u043e\u0441\u043d\u043e\u0432\u0430\u043d\u043d\u0430\u044f \u0413\u0430\u043d\u0441\u043e\u043c \u0414\u043e\u0439\u0442\u0435\u0440\u043e\u043c \u0432 1898 \u0433., \u043d\u0430 \u0440\u0443\u0431\u0435\u0436\u0435 \u0425\u0425 \u0432\u0435\u043a\u0430 Deuter \u0443\u0436\u0435 \u043f\u043e\u0441\u0442\u0430\u0432\u043b\u044f\u043b\u0438 \u043f\u043e\u0447\u0442\u043e\u0432\u044b\u0435 \u0441\u0443\u043c\u043a\u0438 \u0411\u0430\u0432\u0430\u0440\u0441\u043a\u043e\u0439 \u041a\u043e\u0440\u043e\u043b\u0435\u0432\u0441\u043a\u043e\u0439 \u041f\u043e\u0447\u0442\u0435, \u0430 \u0432 1910-\u044b\u0445 \u2014 \u0440\u044e\u043a\u0437\u0430\u043a\u0438, \u0441\u0443\u043c\u043a\u0438, \u043f\u043e\u044f\u0441\u0430 \u0438 \u043f\u0430\u043b\u0430\u0442\u043a\u0438 \u0434\u043b\u044f \u0432\u043e\u0435\u043d\u043d\u044b\u0445. [&hellip;]\" \/>\n<meta property=\"og:url\" content=\"https:\/\/xstyle.md\/ro\/produs\/sumka-deuter-duffel-pro-60\/\" \/>\n<meta property=\"og:site_name\" content=\"\u041c\u0430\u0433\u0430\u0437\u0438\u043d Xstyle\" \/>\n<meta property=\"article:publisher\" content=\"https:\/\/www.facebook.com\/xstylemd\" \/>\n<meta property=\"article:modified_time\" content=\"2026-02-24T12:55:00+00:00\" \/>\n<meta property=\"og:image\" content=\"https:\/\/xstyle.md\/wp-content\/uploads\/2024\/11\/deuter-duffel-pro-60-4.webp\" \/>\n\t<meta property=\"og:image:width\" content=\"1200\" \/>\n\t<meta property=\"og:image:height\" content=\"1200\" \/>\n\t<meta property=\"og:image:type\" content=\"image\/webp\" \/>\n<meta name=\"twitter:card\" content=\"summary_large_image\" \/>\n<meta name=\"twitter:label1\" content=\"Pre\u021b\" \/>\n\t<meta name=\"twitter:data1\" content=\"2.890&nbsp;MDL\" \/>\n\t<meta name=\"twitter:label2\" content=\"Disponibilitate\" \/>\n\t<meta name=\"twitter:data2\" content=\"\u00cen stoc\" \/>\n<script type=\"application\/ld+json\" class=\"yoast-schema-graph\">{\"@context\":\"https:\/\/schema.org\",\"@graph\":[{\"@type\":\"WebPage\",\"@id\":\"https:\/\/xstyle.md\/product\/sumka-deuter-duffel-pro-60\/\",\"url\":\"https:\/\/xstyle.md\/product\/sumka-deuter-duffel-pro-60\/\",\"name\":\"\u0421\u0443\u043c\u043a\u0430 Deuter Duffel Pro 60 - \u041c\u0430\u0433\u0430\u0437\u0438\u043d Xstyle\",\"isPartOf\":{\"@id\":\"https:\/\/xstyle.md\/#website\"},\"primaryImageOfPage\":{\"@id\":\"https:\/\/xstyle.md\/product\/sumka-deuter-duffel-pro-60\/#primaryimage\"},\"image\":{\"@id\":\"https:\/\/xstyle.md\/product\/sumka-deuter-duffel-pro-60\/#primaryimage\"},\"thumbnailUrl\":\"https:\/\/xstyle.md\/wp-content\/uploads\/2024\/11\/deuter-duffel-pro-60-4.webp\",\"datePublished\":\"2024-11-11T12:32:03+00:00\",\"dateModified\":\"2026-02-24T12:55:00+00:00\",\"breadcrumb\":{\"@id\":\"https:\/\/xstyle.md\/product\/sumka-deuter-duffel-pro-60\/#breadcrumb\"},\"inLanguage\":\"ro-RO\",\"potentialAction\":[{\"@type\":\"ReadAction\",\"target\":[\"https:\/\/xstyle.md\/product\/sumka-deuter-duffel-pro-60\/\"]}]},{\"@type\":\"ImageObject\",\"inLanguage\":\"ro-RO\",\"@id\":\"https:\/\/xstyle.md\/product\/sumka-deuter-duffel-pro-60\/#primaryimage\",\"url\":\"https:\/\/xstyle.md\/wp-content\/uploads\/2024\/11\/deuter-duffel-pro-60-4.webp\",\"contentUrl\":\"https:\/\/xstyle.md\/wp-content\/uploads\/2024\/11\/deuter-duffel-pro-60-4.webp\",\"width\":1200,\"height\":1200,\"caption\":\"\u0422\u0443\u0440\u0438\u0441\u0442\u0438\u0447\u0435\u0441\u043a\u0430\u044f \u0441\u0443\u043c\u043a\u0430 Deuter Duffel Pro 60 \u0434\u043b\u044f \u0430\u043a\u0442\u0438\u0432\u043d\u043e\u0433\u043e \u043e\u0442\u0434\u044b\u0445\u0430, \u043f\u0443\u0442\u0435\u0448\u0435\u0441\u0442\u0432\u0438\u0439, \u043f\u043e\u0445\u043e\u0434\u043e\u0432, \u0430\u043b\u044c\u043f\u0438\u043d\u0438\u0437\u043c\u0430, \u0441\u043f\u043e\u0440\u0442\u0438\u0432\u043d\u043e\u0439 \u043e\u0434\u0435\u0436\u0434\u044b \u0438 \u043e\u0431\u0443\u0432\u0438 \u0434\u043b\u044f \u0437\u0430\u043d\u044f\u0442\u0438\u0439 \u0430\u043a\u0442\u0438\u0432\u043d\u043e\u0439 \u0436\u0438\u0437\u043d\u044c\u044e\"},{\"@type\":\"BreadcrumbList\",\"@id\":\"https:\/\/xstyle.md\/product\/sumka-deuter-duffel-pro-60\/#breadcrumb\",\"itemListElement\":[{\"@type\":\"ListItem\",\"position\":1,\"name\":\"\u0413\u043b\u0430\u0432\u043d\u0430\u044f \u0441\u0442\u0440\u0430\u043d\u0438\u0446\u0430\",\"item\":\"https:\/\/xstyle.md\/\"},{\"@type\":\"ListItem\",\"position\":2,\"name\":\"\u041c\u0430\u0433\u0430\u0437\u0438\u043d\",\"item\":\"https:\/\/xstyle.md\/shop\/\"},{\"@type\":\"ListItem\",\"position\":3,\"name\":\"\u0421\u0443\u043c\u043a\u0430 Deuter Duffel Pro 60\"}]},{\"@type\":\"WebSite\",\"@id\":\"https:\/\/xstyle.md\/#website\",\"url\":\"https:\/\/xstyle.md\/\",\"name\":\"\u041c\u0430\u0433\u0430\u0437\u0438\u043d Xstyle\",\"description\":\"C\u043d\u0430\u0440\u044f\u0436\u0435\u043d\u0438\u0435 \u0434\u043b\u044f \u0442\u0443\u0440\u0438\u0437\u043c\u0430 \u0438 \u044d\u043a\u0441\u0442\u0440\u0435\u043c\u0430\u043b\u044c\u043d\u044b\u0445 \u0432\u0438\u0434\u043e\u0432 \u0441\u043f\u043e\u0440\u0442\u0430 \u0432 \u041c\u043e\u043b\u0434\u043e\u0432\u0435.. \u0426\u0435\u043d\u044b, \u0444\u043e\u0442\u043e, \u0445\u0430\u0440\u0430\u043a\u0442\u0435\u0440\u0438\u0441\u0442\u0438\u043a\u0438 \u0432 \u041c\u043e\u043b\u0434\u043e\u0432\u0435.\",\"publisher\":{\"@id\":\"https:\/\/xstyle.md\/#organization\"},\"alternateName\":\"X-Style\",\"potentialAction\":[{\"@type\":\"SearchAction\",\"target\":{\"@type\":\"EntryPoint\",\"urlTemplate\":\"https:\/\/xstyle.md\/?s={search_term_string}\"},\"query-input\":{\"@type\":\"PropertyValueSpecification\",\"valueRequired\":true,\"valueName\":\"search_term_string\"}}],\"inLanguage\":\"ro-RO\"},{\"@type\":\"Organization\",\"@id\":\"https:\/\/xstyle.md\/#organization\",\"name\":\"\u041c\u0430\u0433\u0430\u0437\u0438\u043d Xstyle\",\"alternateName\":\"x-style\",\"url\":\"https:\/\/xstyle.md\/\",\"logo\":{\"@type\":\"ImageObject\",\"inLanguage\":\"ro-RO\",\"@id\":\"https:\/\/xstyle.md\/#\/schema\/logo\/image\/\",\"url\":\"https:\/\/xstyle.md\/wp-content\/uploads\/2020\/06\/logoicon.svg\",\"contentUrl\":\"https:\/\/xstyle.md\/wp-content\/uploads\/2020\/06\/logoicon.svg\",\"caption\":\"\u041c\u0430\u0433\u0430\u0437\u0438\u043d Xstyle\"},\"image\":{\"@id\":\"https:\/\/xstyle.md\/#\/schema\/logo\/image\/\"},\"sameAs\":[\"https:\/\/www.facebook.com\/xstylemd\",\"https:\/\/www.instagram.com\/xstyle_md\/\",\"https:\/\/t.me\/xstyle_outdoor\"],\"hasMerchantReturnPolicy\":{\"@type\":\"MerchantReturnPolicy\",\"merchantReturnLink\":\"https:\/\/xstyle.md\/ro\/conditions\/\"}}]}<\/script>\n<meta property=\"product:price:amount\" content=\"2890.00\" \/>\n<meta property=\"product:price:currency\" content=\"MDL\" \/>\n<meta property=\"og:availability\" content=\"instock\" \/>\n<meta property=\"product:availability\" content=\"instock\" \/>\n<meta property=\"product:retailer_item_id\" content=\"4046051167343\" \/>\n<meta property=\"product:condition\" content=\"new\" \/>\n<!-- \/ Yoast SEO plugin. -->","yoast_head_json":{"title":"\u0421\u0443\u043c\u043a\u0430 Deuter Duffel Pro 60 - \u041c\u0430\u0433\u0430\u0437\u0438\u043d Xstyle","robots":{"index":"index","follow":"follow","max-snippet":"max-snippet:-1","max-image-preview":"max-image-preview:large","max-video-preview":"max-video-preview:-1"},"canonical":"https:\/\/xstyle.md\/ro\/produs\/sumka-deuter-duffel-pro-60\/","og_locale":"ro_RO","og_type":"article","og_title":"\u0421\u0443\u043c\u043a\u0430 Deuter Duffel Pro 60 - \u041c\u0430\u0433\u0430\u0437\u0438\u043d Xstyle","og_description":"\u0411\u0440\u0435\u043d\u0434 Deuter \u2014 \u044d\u0442\u043e \u043d\u0435\u043c\u0435\u0446\u043a\u0438\u0439 \u0431\u0440\u0435\u043d\u0434 \u0441\u043f\u043e\u0440\u0442\u0438\u0432\u043d\u044b\u0445 \u043f\u0430\u043a\u0435\u0442\u043e\u0432 \u0438 \u0441\u0443\u043c\u043e\u043a \u0434\u043b\u044f \u043f\u0435\u0448\u0438\u0445 \u043f\u0440\u043e\u0433\u0443\u043b\u043e\u043a, \u0442\u0440\u0435\u043a\u043a\u0438\u043d\u0433\u0430, \u0437\u0438\u043c\u043d\u0438\u0445 \u0432\u0438\u0434\u043e\u0432 \u0441\u043f\u043e\u0440\u0442\u0430 \u0438 \u0434\u0440\u0443\u0433\u0438\u0445 \u0446\u0435\u043b\u0435\u0439. \u0418\u0441\u0442\u043e\u0440\u0438\u044f \u043a\u043e\u043c\u043f\u0430\u043d\u0438\u0438 \u043d\u0430\u0441\u0447\u0438\u0442\u044b\u0432\u0430\u0435\u0442 \u0431\u043e\u043b\u0435\u0435 100 \u043b\u0435\u0442: \u043e\u0441\u043d\u043e\u0432\u0430\u043d\u043d\u0430\u044f \u0413\u0430\u043d\u0441\u043e\u043c \u0414\u043e\u0439\u0442\u0435\u0440\u043e\u043c \u0432 1898 \u0433., \u043d\u0430 \u0440\u0443\u0431\u0435\u0436\u0435 \u0425\u0425 \u0432\u0435\u043a\u0430 Deuter \u0443\u0436\u0435 \u043f\u043e\u0441\u0442\u0430\u0432\u043b\u044f\u043b\u0438 \u043f\u043e\u0447\u0442\u043e\u0432\u044b\u0435 \u0441\u0443\u043c\u043a\u0438 \u0411\u0430\u0432\u0430\u0440\u0441\u043a\u043e\u0439 \u041a\u043e\u0440\u043e\u043b\u0435\u0432\u0441\u043a\u043e\u0439 \u041f\u043e\u0447\u0442\u0435, \u0430 \u0432 1910-\u044b\u0445 \u2014 \u0440\u044e\u043a\u0437\u0430\u043a\u0438, \u0441\u0443\u043c\u043a\u0438, \u043f\u043e\u044f\u0441\u0430 \u0438 \u043f\u0430\u043b\u0430\u0442\u043a\u0438 \u0434\u043b\u044f \u0432\u043e\u0435\u043d\u043d\u044b\u0445. [&hellip;]","og_url":"https:\/\/xstyle.md\/ro\/produs\/sumka-deuter-duffel-pro-60\/","og_site_name":"\u041c\u0430\u0433\u0430\u0437\u0438\u043d Xstyle","article_publisher":"https:\/\/www.facebook.com\/xstylemd","article_modified_time":"2026-02-24T12:55:00+00:00","og_image":[{"width":1200,"height":1200,"url":"https:\/\/xstyle.md\/wp-content\/uploads\/2024\/11\/deuter-duffel-pro-60-4.webp","type":"image\/webp"}],"twitter_card":"summary_large_image","twitter_misc":{"Pre\u021b":"2.890&nbsp;MDL","Disponibilitate":"\u00cen stoc"},"schema":{"@context":"https:\/\/schema.org","@graph":[{"@type":"WebPage","@id":"https:\/\/xstyle.md\/product\/sumka-deuter-duffel-pro-60\/","url":"https:\/\/xstyle.md\/product\/sumka-deuter-duffel-pro-60\/","name":"\u0421\u0443\u043c\u043a\u0430 Deuter Duffel Pro 60 - \u041c\u0430\u0433\u0430\u0437\u0438\u043d Xstyle","isPartOf":{"@id":"https:\/\/xstyle.md\/#website"},"primaryImageOfPage":{"@id":"https:\/\/xstyle.md\/product\/sumka-deuter-duffel-pro-60\/#primaryimage"},"image":{"@id":"https:\/\/xstyle.md\/product\/sumka-deuter-duffel-pro-60\/#primaryimage"},"thumbnailUrl":"https:\/\/xstyle.md\/wp-content\/uploads\/2024\/11\/deuter-duffel-pro-60-4.webp","datePublished":"2024-11-11T12:32:03+00:00","dateModified":"2026-02-24T12:55:00+00:00","breadcrumb":{"@id":"https:\/\/xstyle.md\/product\/sumka-deuter-duffel-pro-60\/#breadcrumb"},"inLanguage":"ro-RO","potentialAction":[{"@type":"ReadAction","target":["https:\/\/xstyle.md\/product\/sumka-deuter-duffel-pro-60\/"]}]},{"@type":"ImageObject","inLanguage":"ro-RO","@id":"https:\/\/xstyle.md\/product\/sumka-deuter-duffel-pro-60\/#primaryimage","url":"https:\/\/xstyle.md\/wp-content\/uploads\/2024\/11\/deuter-duffel-pro-60-4.webp","contentUrl":"https:\/\/xstyle.md\/wp-content\/uploads\/2024\/11\/deuter-duffel-pro-60-4.webp","width":1200,"height":1200,"caption":"\u0422\u0443\u0440\u0438\u0441\u0442\u0438\u0447\u0435\u0441\u043a\u0430\u044f \u0441\u0443\u043c\u043a\u0430 Deuter Duffel Pro 60 \u0434\u043b\u044f \u0430\u043a\u0442\u0438\u0432\u043d\u043e\u0433\u043e \u043e\u0442\u0434\u044b\u0445\u0430, \u043f\u0443\u0442\u0435\u0448\u0435\u0441\u0442\u0432\u0438\u0439, \u043f\u043e\u0445\u043e\u0434\u043e\u0432, \u0430\u043b\u044c\u043f\u0438\u043d\u0438\u0437\u043c\u0430, \u0441\u043f\u043e\u0440\u0442\u0438\u0432\u043d\u043e\u0439 \u043e\u0434\u0435\u0436\u0434\u044b \u0438 \u043e\u0431\u0443\u0432\u0438 \u0434\u043b\u044f \u0437\u0430\u043d\u044f\u0442\u0438\u0439 \u0430\u043a\u0442\u0438\u0432\u043d\u043e\u0439 \u0436\u0438\u0437\u043d\u044c\u044e"},{"@type":"BreadcrumbList","@id":"https:\/\/xstyle.md\/product\/sumka-deuter-duffel-pro-60\/#breadcrumb","itemListElement":[{"@type":"ListItem","position":1,"name":"\u0413\u043b\u0430\u0432\u043d\u0430\u044f \u0441\u0442\u0440\u0430\u043d\u0438\u0446\u0430","item":"https:\/\/xstyle.md\/"},{"@type":"ListItem","position":2,"name":"\u041c\u0430\u0433\u0430\u0437\u0438\u043d","item":"https:\/\/xstyle.md\/shop\/"},{"@type":"ListItem","position":3,"name":"\u0421\u0443\u043c\u043a\u0430 Deuter Duffel Pro 60"}]},{"@type":"WebSite","@id":"https:\/\/xstyle.md\/#website","url":"https:\/\/xstyle.md\/","name":"Magazinul X-Style","description":"Echipamente pentru turism \u0219i sporturi extreme \u00een Moldova. Pre\u021buri, fotografii, caracteristici \u00een Moldova.","publisher":{"@id":"https:\/\/xstyle.md\/#organization"},"alternateName":"X-Style","potentialAction":[{"@type":"SearchAction","target":{"@type":"EntryPoint","urlTemplate":"https:\/\/xstyle.md\/?s={search_term_string}"},"query-input":{"@type":"PropertyValueSpecification","valueRequired":true,"valueName":"search_term_string"}}],"inLanguage":"ro-RO"},{"@type":"Organization","@id":"https:\/\/xstyle.md\/#organization","name":"Magazinul X-Style","alternateName":"x-style","url":"https:\/\/xstyle.md\/","logo":{"@type":"ImageObject","inLanguage":"ro-RO","@id":"https:\/\/xstyle.md\/#\/schema\/logo\/image\/","url":"https:\/\/xstyle.md\/wp-content\/uploads\/2020\/06\/logoicon.svg","contentUrl":"https:\/\/xstyle.md\/wp-content\/uploads\/2020\/06\/logoicon.svg","caption":"\u041c\u0430\u0433\u0430\u0437\u0438\u043d Xstyle"},"image":{"@id":"https:\/\/xstyle.md\/#\/schema\/logo\/image\/"},"sameAs":["https:\/\/www.facebook.com\/xstylemd","https:\/\/www.instagram.com\/xstyle_md\/","https:\/\/t.me\/xstyle_outdoor"],"hasMerchantReturnPolicy":{"@type":"MerchantReturnPolicy","merchantReturnLink":"https:\/\/xstyle.md\/ro\/conditions\/"}}]},"product_price_amount":"2890.00","product_price_currency":"MDL","og_availability":"instock","product_availability":"instock","product_retailer_item_id":"4046051167343","product_condition":"new"},"post_mailing_queue_ids":[],"_links":{"self":[{"href":"https:\/\/xstyle.md\/ro\/wp-json\/wp\/v2\/product\/89445","targetHints":{"allow":["GET"]}}],"collection":[{"href":"https:\/\/xstyle.md\/ro\/wp-json\/wp\/v2\/product"}],"about":[{"href":"https:\/\/xstyle.md\/ro\/wp-json\/wp\/v2\/types\/product"}],"replies":[{"embeddable":true,"href":"https:\/\/xstyle.md\/ro\/wp-json\/wp\/v2\/comments?post=89445"}],"wp:featuredmedia":[{"embeddable":true,"href":"https:\/\/xstyle.md\/ro\/wp-json\/wp\/v2\/media\/102093"}],"wp:attachment":[{"href":"https:\/\/xstyle.md\/ro\/wp-json\/wp\/v2\/media?parent=89445"}],"wp:term":[{"taxonomy":"product_brand","embeddable":true,"href":"https:\/\/xstyle.md\/ro\/wp-json\/wp\/v2\/product_brand?post=89445"},{"taxonomy":"product_cat","embeddable":true,"href":"https:\/\/xstyle.md\/ro\/wp-json\/wp\/v2\/product_cat?post=89445"},{"taxonomy":"product_tag","embeddable":true,"href":"https:\/\/xstyle.md\/ro\/wp-json\/wp\/v2\/product_tag?post=89445"}],"curies":[{"name":"wp","href":"https:\/\/api.w.org\/{rel}","templated":true}]}}