{"id":89432,"date":"2024-11-11T15:31:52","date_gmt":"2024-11-11T12:31:52","guid":{"rendered":"https:\/\/xstyle.md\/?post_type=product&#038;p=89432"},"modified":"2025-10-24T12:22:58","modified_gmt":"2025-10-24T09:22:58","slug":"kurtka-black-diamond-stormline-stretch-rain-wmn-chalk-pink","status":"publish","type":"product","link":"https:\/\/xstyle.md\/ro\/produs\/kurtka-black-diamond-stormline-stretch-rain-wmn-chalk-pink\/","title":{"rendered":"Geac\u0103 Black Diamond Stormline Stretch Rain Wmn Chalk Pink"},"content":{"rendered":"<\/p>\n<p>Geac\u0103 <strong>Black Diamond Stormline Stretch Rain <\/strong>este conceput pentru a proteja \u00eempotriva celor mai puternice ploi toren\u021biale \u0219i este o jachet\u0103 de ploaie cu toate func\u021biile. Combin\u00e2nd propriet\u0103\u021bile impermeabile\/respirabile\/rezistente la v\u00e2nt ale BD.dry\u2122 cu o gam\u0103 complet\u0103 de caracteristici \u0219i o bun\u0103 elasticitate a \u021bes\u0103turii, StormLine ofer\u0103 o protec\u021bie fiabil\u0103 \u00een condi\u021bii meteorologice nefavorabile.<\/p>\n<p>Fie c\u0103 este vorba de furtuni de munte sau de ploi toren\u021biale urbane, StormLine Stretch Rain Shell poate face fa\u021b\u0103 la toate. Cu propriet\u0103\u021bile BD.dry\u2122 impermeabile\/respirabile\/rezistente la v\u00e2nt, proiectate pentru a v\u0103 proteja de toate condi\u021biile meteorologice, StormLine este o jachet\u0103 de ploaie cu toate func\u021biile. Cu fermoare sigilate DWR sub bra\u021be, dou\u0103 buzunare cu fermoar pentru m\u00e2ini \u0219i un fermoar frontal central impermeabil, StormLine este ideal\u0103 pentru cele mai umede condi\u021bii, dar se adapteaz\u0103 rapid \u0219i la vremea moderat\u0103. Inser\u021biile StormLine de sub bra\u021be \u0219i \u021bes\u0103tura ultra-stretch adaug\u0103 mobilitate \u0219i durabilitate, \u00een timp ce gluga compatibil\u0103 cu casca este ideal\u0103 pentru drume\u021bii pe traseu \u00een timpul vremii nefavorabile. StormLine are, de asemenea, posibilitatea de a ajusta tivul \u0219i man\u0219etele pentru o potrivire personalizat\u0103, iar c\u00e2nd soarele este afar\u0103, jacheta se \u00eenghesuie \u00een propriul buzunar din dreapta \u0219i se ata\u0219eaz\u0103 la un ham sau la o geant\u0103 cu o bucl\u0103 pentru carabiniere.<\/p>\n<h3>Particularit\u0103\u021bi<\/h3>\n<ul>\n<li>Performan\u021b\u0103 impermeabil\u0103\/respirabil\u0103\/rezistent\u0103 la v\u00e2nt BD.dry\u2122<\/li>\n<li>Materialul elastic cre\u0219te durabilitatea \u0219i confortul<\/li>\n<li>Fermoare DWR sub bra\u021be pentru ventila\u021bie<\/li>\n<li>Inser\u021bii sub bra\u021be pentru mobilitate suplimentar\u0103<\/li>\n<li>Glug\u0103 reglabil\u0103 compatibil\u0103 cu casca<\/li>\n<li>Fermoar frontal central YKK acoperit cu poliuretan, cu fermoar reversibil<\/li>\n<li>Se pliaz\u0103 \u00een buzunarul din dreapta cu bucla pentru carabin\u0103<\/li>\n<li>Man\u0219ete \u0219i tiv reglabile.<\/li>\n<\/ul>\n<h3>Caracteristici<\/h3>\n<ul>\n<li>Material &#8212; BD.dry\u2122 2.5L cu finisaj DWR: 100% nailon<\/li>\n<li>Scop &#8212; drume\u021bie\/ drume\u021bie\/ alpinism\/ alpinism\/ alpinism<\/li>\n<li>Sezonul &#8212; prim\u0103var\u0103\/var\u0103<\/li>\n<li>Model &#8212; femei.<\/li>\n<\/ul>\n<h3>Tehnologie<\/h3>\n<ul>\n<li><strong>BD.dry<\/strong>\u2122 &#8212; material impermeabil, respirabil, rezistent la v\u00e2nt.<\/li>\n<\/ul>\n<h3>Marca<\/h3>\n<p>Black Diamond este un produc\u0103tor american de echipament sportiv \u0219i turistic de \u00eenalt\u0103 tehnologie, un dezvoltator \u0219i &#171;revolu\u021bionar&#187; legendar, unul dintre cele mai renumite \u0219i reputate branduri existente ast\u0103zi pe pia\u021ba global\u0103 de outdoor. Produsele companiei sunt reprezentate pe scar\u0103 larg\u0103 \u00een domenii precum alpinismul \u0219i schiul. &#171;Fier&#187; \u0219i carabiniere, echipamente pentru ghea\u021b\u0103, sisteme de siguran\u021b\u0103, c\u0103\u0219ti, rucsacuri, corturi, lanterne, be\u021be telescopice, schiuri, bocanci, \u00eembr\u0103c\u0103minte &#8212; toate acestea, timp de multe decenii, au fost produse sub sigla Black Diamond, care reprezint\u0103 o tehnologie avansat\u0103 \u0219i este o garan\u021bie a celei mai \u00eenalte calit\u0103\u021bi, a fiabilit\u0103\u021bii maxime \u0219i a confortului \u00een utilizare.<\/p>\n<p><\/p>","protected":false},"excerpt":{"rendered":"","protected":false},"featured_media":92893,"comment_status":"open","ping_status":"closed","template":"","meta":{"_acf_changed":false,"inline_featured_image":false},"product_brand":[1306],"product_cat":[890],"product_tag":[],"class_list":{"0":"post-89432","1":"product","2":"type-product","3":"status-publish","4":"has-post-thumbnail","6":"product_brand-black-diamond","7":"product_cat-membrane-jackets-femei","9":"first","10":"instock","11":"shipping-taxable","12":"purchasable","13":"product-type-simple"},"acf":[],"yoast_head":"<!-- This site is optimized with the Yoast SEO plugin v27.4 - https:\/\/yoast.com\/product\/yoast-seo-wordpress\/ -->\n<title>\u041a\u0443\u0440\u0442\u043a\u0430 Black Diamond Stormline Stretch Rain Wmn Chalk Pink - \u041c\u0430\u0433\u0430\u0437\u0438\u043d Xstyle<\/title>\n<meta name=\"robots\" content=\"index, follow, max-snippet:-1, max-image-preview:large, max-video-preview:-1\" \/>\n<link rel=\"canonical\" href=\"https:\/\/xstyle.md\/ro\/produs\/kurtka-black-diamond-stormline-stretch-rain-wmn-chalk-pink\/\" \/>\n<meta property=\"og:locale\" content=\"ro_RO\" \/>\n<meta property=\"og:type\" content=\"article\" \/>\n<meta property=\"og:title\" content=\"\u041a\u0443\u0440\u0442\u043a\u0430 Black Diamond Stormline Stretch Rain Wmn Chalk Pink - \u041c\u0430\u0433\u0430\u0437\u0438\u043d Xstyle\" \/>\n<meta property=\"og:url\" content=\"https:\/\/xstyle.md\/ro\/produs\/kurtka-black-diamond-stormline-stretch-rain-wmn-chalk-pink\/\" \/>\n<meta property=\"og:site_name\" content=\"\u041c\u0430\u0433\u0430\u0437\u0438\u043d Xstyle\" \/>\n<meta property=\"article:publisher\" content=\"https:\/\/www.facebook.com\/xstylemd\" \/>\n<meta property=\"article:modified_time\" content=\"2025-10-24T09:22:58+00:00\" \/>\n<meta property=\"og:image\" content=\"https:\/\/xstyle.md\/wp-content\/uploads\/2024\/11\/black-diamond-stormline-stretch-rain-wmn-chalk-pink.webp\" \/>\n\t<meta property=\"og:image:width\" content=\"600\" \/>\n\t<meta property=\"og:image:height\" content=\"600\" \/>\n\t<meta property=\"og:image:type\" content=\"image\/webp\" \/>\n<meta name=\"twitter:card\" content=\"summary_large_image\" \/>\n<meta name=\"twitter:label1\" content=\"Pre\u021b\" \/>\n\t<meta name=\"twitter:data1\" content=\"3.595&nbsp;MDL\" \/>\n\t<meta name=\"twitter:label2\" content=\"Disponibilitate\" \/>\n\t<meta name=\"twitter:data2\" content=\"\u00cen stoc\" \/>\n<script type=\"application\/ld+json\" class=\"yoast-schema-graph\">{\"@context\":\"https:\\\/\\\/schema.org\",\"@graph\":[{\"@type\":\"WebPage\",\"@id\":\"https:\\\/\\\/xstyle.md\\\/product\\\/kurtka-black-diamond-stormline-stretch-rain-wmn-chalk-pink\\\/\",\"url\":\"https:\\\/\\\/xstyle.md\\\/product\\\/kurtka-black-diamond-stormline-stretch-rain-wmn-chalk-pink\\\/\",\"name\":\"\u041a\u0443\u0440\u0442\u043a\u0430 Black Diamond Stormline Stretch Rain Wmn Chalk Pink - \u041c\u0430\u0433\u0430\u0437\u0438\u043d Xstyle\",\"isPartOf\":{\"@id\":\"https:\\\/\\\/xstyle.md\\\/#website\"},\"primaryImageOfPage\":{\"@id\":\"https:\\\/\\\/xstyle.md\\\/product\\\/kurtka-black-diamond-stormline-stretch-rain-wmn-chalk-pink\\\/#primaryimage\"},\"image\":{\"@id\":\"https:\\\/\\\/xstyle.md\\\/product\\\/kurtka-black-diamond-stormline-stretch-rain-wmn-chalk-pink\\\/#primaryimage\"},\"thumbnailUrl\":\"https:\\\/\\\/xstyle.md\\\/wp-content\\\/uploads\\\/2024\\\/11\\\/black-diamond-stormline-stretch-rain-wmn-chalk-pink.webp\",\"datePublished\":\"2024-11-11T12:31:52+00:00\",\"dateModified\":\"2025-10-24T09:22:58+00:00\",\"breadcrumb\":{\"@id\":\"https:\\\/\\\/xstyle.md\\\/product\\\/kurtka-black-diamond-stormline-stretch-rain-wmn-chalk-pink\\\/#breadcrumb\"},\"inLanguage\":\"ro-RO\",\"potentialAction\":[{\"@type\":\"ReadAction\",\"target\":[\"https:\\\/\\\/xstyle.md\\\/product\\\/kurtka-black-diamond-stormline-stretch-rain-wmn-chalk-pink\\\/\"]}]},{\"@type\":\"ImageObject\",\"inLanguage\":\"ro-RO\",\"@id\":\"https:\\\/\\\/xstyle.md\\\/product\\\/kurtka-black-diamond-stormline-stretch-rain-wmn-chalk-pink\\\/#primaryimage\",\"url\":\"https:\\\/\\\/xstyle.md\\\/wp-content\\\/uploads\\\/2024\\\/11\\\/black-diamond-stormline-stretch-rain-wmn-chalk-pink.webp\",\"contentUrl\":\"https:\\\/\\\/xstyle.md\\\/wp-content\\\/uploads\\\/2024\\\/11\\\/black-diamond-stormline-stretch-rain-wmn-chalk-pink.webp\",\"width\":600,\"height\":600,\"caption\":\"\u0422\u0435\u043f\u043b\u0430\u044f \u0432\u043e\u0434\u043e\u043d\u0435\u043f\u0440\u043e\u043d\u0438\u0446\u0430\u0435\u043c\u0430\u044f \u0436\u0435\u043d\u0441\u043a\u0430\u044f \u043a\u0443\u0440\u0442\u043a\u0430 Black Diamond Stormline Stretch Rain \u0434\u043b\u044f \u0430\u043a\u0442\u0438\u0432\u043d\u043e\u0433\u043e \u043e\u0442\u0434\u044b\u0445\u0430, \u043f\u043e\u0445\u043e\u0434\u043e\u0432 \u0438 \u043f\u0443\u0442\u0435\u0448\u0435\u0441\u0442\u0432\u0438\u0439, \u0441\u043f\u043e\u0440\u0442\u0438\u0432\u043d\u0430\u044f \u043e\u0434\u0435\u0436\u0434\u0430 \u0434\u043b\u044f \u0430\u043b\u044c\u043f\u0438\u043d\u0438\u0437\u043c\u0430 \u0438 \u0442\u0443\u0440\u0438\u0437\u043c\u0430\"},{\"@type\":\"BreadcrumbList\",\"@id\":\"https:\\\/\\\/xstyle.md\\\/product\\\/kurtka-black-diamond-stormline-stretch-rain-wmn-chalk-pink\\\/#breadcrumb\",\"itemListElement\":[{\"@type\":\"ListItem\",\"position\":1,\"name\":\"\u0413\u043b\u0430\u0432\u043d\u0430\u044f \u0441\u0442\u0440\u0430\u043d\u0438\u0446\u0430\",\"item\":\"https:\\\/\\\/xstyle.md\\\/\"},{\"@type\":\"ListItem\",\"position\":2,\"name\":\"\u041c\u0430\u0433\u0430\u0437\u0438\u043d\",\"item\":\"https:\\\/\\\/xstyle.md\\\/shop\\\/\"},{\"@type\":\"ListItem\",\"position\":3,\"name\":\"\u041a\u0443\u0440\u0442\u043a\u0430 Black Diamond Stormline Stretch Rain Wmn Chalk Pink\"}]},{\"@type\":\"WebSite\",\"@id\":\"https:\\\/\\\/xstyle.md\\\/#website\",\"url\":\"https:\\\/\\\/xstyle.md\\\/\",\"name\":\"\u041c\u0430\u0433\u0430\u0437\u0438\u043d Xstyle\",\"description\":\"C\u043d\u0430\u0440\u044f\u0436\u0435\u043d\u0438\u0435 \u0434\u043b\u044f \u0442\u0443\u0440\u0438\u0437\u043c\u0430 \u0438 \u044d\u043a\u0441\u0442\u0440\u0435\u043c\u0430\u043b\u044c\u043d\u044b\u0445 \u0432\u0438\u0434\u043e\u0432 \u0441\u043f\u043e\u0440\u0442\u0430 \u0432 \u041c\u043e\u043b\u0434\u043e\u0432\u0435.. \u0426\u0435\u043d\u044b, \u0444\u043e\u0442\u043e, \u0445\u0430\u0440\u0430\u043a\u0442\u0435\u0440\u0438\u0441\u0442\u0438\u043a\u0438 \u0432 \u041c\u043e\u043b\u0434\u043e\u0432\u0435.\",\"publisher\":{\"@id\":\"https:\\\/\\\/xstyle.md\\\/#organization\"},\"alternateName\":\"X-Style\",\"potentialAction\":[{\"@type\":\"SearchAction\",\"target\":{\"@type\":\"EntryPoint\",\"urlTemplate\":\"https:\\\/\\\/xstyle.md\\\/?s={search_term_string}\"},\"query-input\":{\"@type\":\"PropertyValueSpecification\",\"valueRequired\":true,\"valueName\":\"search_term_string\"}}],\"inLanguage\":\"ro-RO\"},{\"@type\":\"Organization\",\"@id\":\"https:\\\/\\\/xstyle.md\\\/#organization\",\"name\":\"\u041c\u0430\u0433\u0430\u0437\u0438\u043d Xstyle\",\"alternateName\":\"x-style\",\"url\":\"https:\\\/\\\/xstyle.md\\\/\",\"logo\":{\"@type\":\"ImageObject\",\"inLanguage\":\"ro-RO\",\"@id\":\"https:\\\/\\\/xstyle.md\\\/#\\\/schema\\\/logo\\\/image\\\/\",\"url\":\"https:\\\/\\\/xstyle.md\\\/wp-content\\\/uploads\\\/2020\\\/06\\\/logoicon.svg\",\"contentUrl\":\"https:\\\/\\\/xstyle.md\\\/wp-content\\\/uploads\\\/2020\\\/06\\\/logoicon.svg\",\"caption\":\"\u041c\u0430\u0433\u0430\u0437\u0438\u043d Xstyle\"},\"image\":{\"@id\":\"https:\\\/\\\/xstyle.md\\\/#\\\/schema\\\/logo\\\/image\\\/\"},\"sameAs\":[\"https:\\\/\\\/www.facebook.com\\\/xstylemd\",\"https:\\\/\\\/www.instagram.com\\\/xstyle_md\\\/\",\"https:\\\/\\\/t.me\\\/xstyle_outdoor\"],\"hasMerchantReturnPolicy\":{\"@type\":\"MerchantReturnPolicy\",\"merchantReturnLink\":\"https:\\\/\\\/xstyle.md\\\/ro\\\/conditions\\\/\"}}]}<\/script>\n<meta property=\"product:price:amount\" content=\"3595.00\" \/>\n<meta property=\"product:price:currency\" content=\"MDL\" \/>\n<meta property=\"og:availability\" content=\"instock\" \/>\n<meta property=\"product:availability\" content=\"instock\" \/>\n<meta property=\"product:retailer_item_id\" content=\"793661572602\" \/>\n<meta property=\"product:condition\" content=\"new\" \/>\n<!-- \/ Yoast SEO plugin. -->","yoast_head_json":{"title":"\u041a\u0443\u0440\u0442\u043a\u0430 Black Diamond Stormline Stretch Rain Wmn Chalk Pink - \u041c\u0430\u0433\u0430\u0437\u0438\u043d Xstyle","robots":{"index":"index","follow":"follow","max-snippet":"max-snippet:-1","max-image-preview":"max-image-preview:large","max-video-preview":"max-video-preview:-1"},"canonical":"https:\/\/xstyle.md\/ro\/produs\/kurtka-black-diamond-stormline-stretch-rain-wmn-chalk-pink\/","og_locale":"ro_RO","og_type":"article","og_title":"\u041a\u0443\u0440\u0442\u043a\u0430 Black Diamond Stormline Stretch Rain Wmn Chalk Pink - \u041c\u0430\u0433\u0430\u0437\u0438\u043d Xstyle","og_url":"https:\/\/xstyle.md\/ro\/produs\/kurtka-black-diamond-stormline-stretch-rain-wmn-chalk-pink\/","og_site_name":"\u041c\u0430\u0433\u0430\u0437\u0438\u043d Xstyle","article_publisher":"https:\/\/www.facebook.com\/xstylemd","article_modified_time":"2025-10-24T09:22:58+00:00","og_image":[{"width":600,"height":600,"url":"https:\/\/xstyle.md\/wp-content\/uploads\/2024\/11\/black-diamond-stormline-stretch-rain-wmn-chalk-pink.webp","type":"image\/webp"}],"twitter_card":"summary_large_image","twitter_misc":{"Pre\u021b":"3.595&nbsp;MDL","Disponibilitate":"\u00cen stoc"},"schema":{"@context":"https:\/\/schema.org","@graph":[{"@type":"WebPage","@id":"https:\/\/xstyle.md\/product\/kurtka-black-diamond-stormline-stretch-rain-wmn-chalk-pink\/","url":"https:\/\/xstyle.md\/product\/kurtka-black-diamond-stormline-stretch-rain-wmn-chalk-pink\/","name":"\u041a\u0443\u0440\u0442\u043a\u0430 Black Diamond Stormline Stretch Rain Wmn Chalk Pink - \u041c\u0430\u0433\u0430\u0437\u0438\u043d Xstyle","isPartOf":{"@id":"https:\/\/xstyle.md\/#website"},"primaryImageOfPage":{"@id":"https:\/\/xstyle.md\/product\/kurtka-black-diamond-stormline-stretch-rain-wmn-chalk-pink\/#primaryimage"},"image":{"@id":"https:\/\/xstyle.md\/product\/kurtka-black-diamond-stormline-stretch-rain-wmn-chalk-pink\/#primaryimage"},"thumbnailUrl":"https:\/\/xstyle.md\/wp-content\/uploads\/2024\/11\/black-diamond-stormline-stretch-rain-wmn-chalk-pink.webp","datePublished":"2024-11-11T12:31:52+00:00","dateModified":"2025-10-24T09:22:58+00:00","breadcrumb":{"@id":"https:\/\/xstyle.md\/product\/kurtka-black-diamond-stormline-stretch-rain-wmn-chalk-pink\/#breadcrumb"},"inLanguage":"ro-RO","potentialAction":[{"@type":"ReadAction","target":["https:\/\/xstyle.md\/product\/kurtka-black-diamond-stormline-stretch-rain-wmn-chalk-pink\/"]}]},{"@type":"ImageObject","inLanguage":"ro-RO","@id":"https:\/\/xstyle.md\/product\/kurtka-black-diamond-stormline-stretch-rain-wmn-chalk-pink\/#primaryimage","url":"https:\/\/xstyle.md\/wp-content\/uploads\/2024\/11\/black-diamond-stormline-stretch-rain-wmn-chalk-pink.webp","contentUrl":"https:\/\/xstyle.md\/wp-content\/uploads\/2024\/11\/black-diamond-stormline-stretch-rain-wmn-chalk-pink.webp","width":600,"height":600,"caption":"\u0422\u0435\u043f\u043b\u0430\u044f \u0432\u043e\u0434\u043e\u043d\u0435\u043f\u0440\u043e\u043d\u0438\u0446\u0430\u0435\u043c\u0430\u044f \u0436\u0435\u043d\u0441\u043a\u0430\u044f \u043a\u0443\u0440\u0442\u043a\u0430 Black Diamond Stormline Stretch Rain \u0434\u043b\u044f \u0430\u043a\u0442\u0438\u0432\u043d\u043e\u0433\u043e \u043e\u0442\u0434\u044b\u0445\u0430, \u043f\u043e\u0445\u043e\u0434\u043e\u0432 \u0438 \u043f\u0443\u0442\u0435\u0448\u0435\u0441\u0442\u0432\u0438\u0439, \u0441\u043f\u043e\u0440\u0442\u0438\u0432\u043d\u0430\u044f \u043e\u0434\u0435\u0436\u0434\u0430 \u0434\u043b\u044f \u0430\u043b\u044c\u043f\u0438\u043d\u0438\u0437\u043c\u0430 \u0438 \u0442\u0443\u0440\u0438\u0437\u043c\u0430"},{"@type":"BreadcrumbList","@id":"https:\/\/xstyle.md\/product\/kurtka-black-diamond-stormline-stretch-rain-wmn-chalk-pink\/#breadcrumb","itemListElement":[{"@type":"ListItem","position":1,"name":"\u0413\u043b\u0430\u0432\u043d\u0430\u044f \u0441\u0442\u0440\u0430\u043d\u0438\u0446\u0430","item":"https:\/\/xstyle.md\/"},{"@type":"ListItem","position":2,"name":"\u041c\u0430\u0433\u0430\u0437\u0438\u043d","item":"https:\/\/xstyle.md\/shop\/"},{"@type":"ListItem","position":3,"name":"\u041a\u0443\u0440\u0442\u043a\u0430 Black Diamond Stormline Stretch Rain Wmn Chalk Pink"}]},{"@type":"WebSite","@id":"https:\/\/xstyle.md\/#website","url":"https:\/\/xstyle.md\/","name":"Magazinul X-Style","description":"Echipamente pentru turism \u0219i sporturi extreme \u00een Moldova. Pre\u021buri, fotografii, caracteristici \u00een Moldova.","publisher":{"@id":"https:\/\/xstyle.md\/#organization"},"alternateName":"X-Style","potentialAction":[{"@type":"SearchAction","target":{"@type":"EntryPoint","urlTemplate":"https:\/\/xstyle.md\/?s={search_term_string}"},"query-input":{"@type":"PropertyValueSpecification","valueRequired":true,"valueName":"search_term_string"}}],"inLanguage":"ro-RO"},{"@type":"Organization","@id":"https:\/\/xstyle.md\/#organization","name":"Magazinul X-Style","alternateName":"x-style","url":"https:\/\/xstyle.md\/","logo":{"@type":"ImageObject","inLanguage":"ro-RO","@id":"https:\/\/xstyle.md\/#\/schema\/logo\/image\/","url":"https:\/\/xstyle.md\/wp-content\/uploads\/2020\/06\/logoicon.svg","contentUrl":"https:\/\/xstyle.md\/wp-content\/uploads\/2020\/06\/logoicon.svg","caption":"\u041c\u0430\u0433\u0430\u0437\u0438\u043d Xstyle"},"image":{"@id":"https:\/\/xstyle.md\/#\/schema\/logo\/image\/"},"sameAs":["https:\/\/www.facebook.com\/xstylemd","https:\/\/www.instagram.com\/xstyle_md\/","https:\/\/t.me\/xstyle_outdoor"],"hasMerchantReturnPolicy":{"@type":"MerchantReturnPolicy","merchantReturnLink":"https:\/\/xstyle.md\/ro\/conditions\/"}}]},"product_price_amount":"3595.00","product_price_currency":"MDL","og_availability":"instock","product_availability":"instock","product_retailer_item_id":"793661572602","product_condition":"new"},"_links":{"self":[{"href":"https:\/\/xstyle.md\/ro\/wp-json\/wp\/v2\/product\/89432","targetHints":{"allow":["GET"]}}],"collection":[{"href":"https:\/\/xstyle.md\/ro\/wp-json\/wp\/v2\/product"}],"about":[{"href":"https:\/\/xstyle.md\/ro\/wp-json\/wp\/v2\/types\/product"}],"replies":[{"embeddable":true,"href":"https:\/\/xstyle.md\/ro\/wp-json\/wp\/v2\/comments?post=89432"}],"wp:featuredmedia":[{"embeddable":true,"href":"https:\/\/xstyle.md\/ro\/wp-json\/wp\/v2\/media\/92893"}],"wp:attachment":[{"href":"https:\/\/xstyle.md\/ro\/wp-json\/wp\/v2\/media?parent=89432"}],"wp:term":[{"taxonomy":"product_brand","embeddable":true,"href":"https:\/\/xstyle.md\/ro\/wp-json\/wp\/v2\/product_brand?post=89432"},{"taxonomy":"product_cat","embeddable":true,"href":"https:\/\/xstyle.md\/ro\/wp-json\/wp\/v2\/product_cat?post=89432"},{"taxonomy":"product_tag","embeddable":true,"href":"https:\/\/xstyle.md\/ro\/wp-json\/wp\/v2\/product_tag?post=89432"}],"curies":[{"name":"wp","href":"https:\/\/api.w.org\/{rel}","templated":true}]}}