{"id":89414,"date":"2024-11-11T15:31:47","date_gmt":"2024-11-11T12:31:47","guid":{"rendered":"https:\/\/xstyle.md\/?post_type=product&#038;p=89414"},"modified":"2025-09-18T14:06:19","modified_gmt":"2025-09-18T11:06:19","slug":"botinki-asolo-active-gv-bottle-green","status":"publish","type":"product","link":"https:\/\/xstyle.md\/ro\/produs\/botinki-asolo-active-gv-bottle-green\/","title":{"rendered":"Bocanci Asolo Active GV bottle green"},"content":{"rendered":"<p><\/p>\n<p><strong>Asolo Active GV<\/strong> este o cizm\u0103 urban\u0103, perfect\u0103 pentru via\u021ba de zi cu zi \u0219i pentru plimb\u0103rile u\u0219oare \u00een aer liber \u00een afara sezonului \u0219i iarna nu prea rece. Partea superioar\u0103 este confec\u021bionat\u0103 din nubuc care absoarbe umezeala \u0219i ofer\u0103 o bun\u0103 sus\u021binere, protec\u021bie \u0219i confort. Membrana Gore-Tex \u00eempiedic\u0103 pantoful s\u0103 se ude, \u00een timp ce c\u0103ptu\u0219eala din piele din zona man\u0219etei ofer\u0103 un confort \u0219i o durabilitate excep\u021bionale.<\/p>\n<h3>Particularit\u0103\u021bi<\/h3>\n<ul>\n<li>Partea superioar\u0103 din piele nubuc cu o grosime de 1,3 p\u00e2n\u0103 la 1,5 mm<\/li>\n<li>Membrana GORE-TEX\u00ae Performance Comfort men\u021bine purt\u0103torul uscat \u0219i aerisit<\/li>\n<li>Talpa intermediar\u0103 Microporouse ofer\u0103 stabilitate, amortizare \u0219i suport anatomic<\/li>\n<li>Talp\u0103 intermediar\u0103 MegaGrip cu longevitate \u0219i trac\u021biune optim\u0103 chiar \u0219i pe cele mai umede suprafe\u021be<\/li>\n<li>Nasul din cauciuc durabil pentru protec\u021bie suplimentar\u0103 \u0219i rezisten\u021b\u0103 la uzur\u0103<\/li>\n<li>Sistem de \u0219iret perforat pentru o potrivire rapid\u0103 \u0219i precis\u0103 a \u0219ireturilor<\/li>\n<\/ul>\n<h3>Caracteristici<\/h3>\n<ul>\n<li>Partea superioar\u0103 din nubuc hidrofugat<\/li>\n<li>C\u0103ptu\u0219it\u0103 cu \u021bes\u0103tur\u0103 GORE-TEX\u00ae Performance Comfort<\/li>\n<li>Carcas\u0103 &#8212; Asoflex 00 MR<\/li>\n<li>Talp\u0103 exterioar\u0103 - Vibram\u00ae Ascent<\/li>\n<li>Talp\u0103 anatomic\u0103 &#8212; Lite 2<\/li>\n<li>Utilizare &#8212; Drume\u021bii \/ Ora\u0219 \/ Alergare pe traseu \/ Ciclism montan<\/li>\n<li>Sezonul &#8212; demi-sezon \/ iarn\u0103<\/li>\n<li>Model &#8212; pentru b\u0103rba\u021bi.<\/li>\n<\/ul>\n<h3>Tehnologie<\/h3>\n<p><strong>GORE-TEX\u00ae Performance Comfort<\/strong> este o membran\u0103 de la GORE-TEX\u00ae care se comport\u0103 bine \u00eentr-o gam\u0103 larg\u0103 de temperaturi, at\u00e2t calde, c\u00e2t \u0219i reci, \u0219i asigur\u0103 microclimatul necesar \u00een pantof, p\u0103str\u00e2nd cantitatea potrivit\u0103 de c\u0103ldur\u0103, precum \u0219i protec\u021bia \u00eempotriva umezelii.<\/p>\n<p><strong>Vibram\u00ae<\/strong> este liderul mondial \u00een produc\u021bia de t\u0103lpi pentru pantofi de alpinism \u0219i trekking. Talpa este fabricat\u0103 dintr-un cauciuc foarte rezistent \u0219i are o trac\u021biune excelent\u0103. Garanteaz\u0103 o sus\u021binere \u0219i o durabilitate maxim\u0103.<\/p>\n<p><strong>Megagrip<\/strong> este o tehnologie \u00een care construc\u021bia urmeaz\u0103 forma anatomic\u0103 a c\u0103lc\u00e2iului. Datorit\u0103 structurii sale \u00een form\u0103 de T, asigur\u0103 un suport \u0219i o fixare excelent\u0103 a c\u0103lc\u00e2iului. Fabricat cu inser\u021bii de poliuretan pentru a preveni abraziunea.<\/p>\n<p><strong>Asoflex 00<\/strong> este un pantof cu mai multe straturi, conceput pentru un confort sporit. Primul element, fabricat dintr-un material rigid, \u00een principal pentru prevenirea pron\u0103rii \u0219i antisupina\u021bie. Al doilea element, realizat dintr-un material mai moale, asigur\u0103 amortizare la mers. Fabricat folosind materiale diferite pentru b\u0103rba\u021bi \u0219i femei, \u00een func\u021bie de specificul anatomic al acestora.<\/p>\n<h3>Marca<\/h3>\n<p>ASOLO este unul dintre cei mai mari produc\u0103tori de \u00eenc\u0103l\u021b\u0103minte de drume\u021bie, \u00eenc\u0103l\u021b\u0103minte de \u00eenalt\u0103 altitudine, \u00eenc\u0103l\u021b\u0103minte de ora\u0219 \u0219i \u00eenc\u0103l\u021b\u0103minte multisport. Compania italian\u0103 ASOLO exist\u0103 din 1975 \u0219i din momentul na\u0219terii sale nu \u00eenceteaz\u0103 s\u0103 uimeasc\u0103 lumea industriei sportive cu dezvolt\u0103rile sale inovatoare.<\/p>\n<p>ASOLO \u00eentruchipeaz\u0103 \u00een \u00eenc\u0103l\u021b\u0103minte cele mai recente realiz\u0103ri ale tehnologiei moderne \u0219i ale materialelor moderne, f\u0103c\u00e2ndu-le din ce \u00een ce mai perfecte \u00een fiecare an. \u00cenc\u0103l\u021b\u0103mintea ASOLO, cald\u0103, u\u0219oar\u0103, confortabil\u0103 \u0219i robust\u0103, folose\u0219te t\u0103lpile VIBRAM. Acestea au o stabilitate teribil\u0103 pe teren \u0219i previn alunecarea pe cele mai abrupte cobor\u00e2ri.<\/p>\n<p>Buna croial\u0103 \u0219i performan\u021ba sunt punctele forte ale ASOLO.<\/p>\n<p><\/p>","protected":false},"excerpt":{"rendered":"","protected":false},"featured_media":89603,"comment_status":"open","ping_status":"closed","template":"","meta":{"_acf_changed":false,"inline_featured_image":false},"product_brand":[1277],"product_cat":[143],"product_tag":[],"class_list":{"0":"post-89414","1":"product","2":"type-product","3":"status-publish","4":"has-post-thumbnail","6":"product_brand-asolo","7":"product_cat-trekking","9":"first","10":"instock","11":"sale","12":"shipping-taxable","13":"purchasable","14":"product-type-simple"},"acf":[],"yoast_head":"<!-- This site is optimized with the Yoast SEO plugin v27.2 - https:\/\/yoast.com\/product\/yoast-seo-wordpress\/ -->\n<title>\u0411\u043e\u0442\u0438\u043d\u043a\u0438 Asolo Active GV bottle green - \u041c\u0430\u0433\u0430\u0437\u0438\u043d Xstyle<\/title>\n<meta name=\"robots\" content=\"index, follow, max-snippet:-1, max-image-preview:large, max-video-preview:-1\" \/>\n<link rel=\"canonical\" href=\"https:\/\/xstyle.md\/ro\/produs\/botinki-asolo-active-gv-bottle-green\/\" \/>\n<meta property=\"og:locale\" content=\"ro_RO\" \/>\n<meta property=\"og:type\" content=\"article\" \/>\n<meta property=\"og:title\" content=\"\u0411\u043e\u0442\u0438\u043d\u043a\u0438 Asolo Active GV bottle green - \u041c\u0430\u0433\u0430\u0437\u0438\u043d Xstyle\" \/>\n<meta property=\"og:url\" content=\"https:\/\/xstyle.md\/ro\/produs\/botinki-asolo-active-gv-bottle-green\/\" \/>\n<meta property=\"og:site_name\" content=\"\u041c\u0430\u0433\u0430\u0437\u0438\u043d Xstyle\" \/>\n<meta property=\"article:publisher\" content=\"https:\/\/www.facebook.com\/xstylemd\" \/>\n<meta property=\"article:modified_time\" content=\"2025-09-18T11:06:19+00:00\" \/>\n<meta property=\"og:image\" content=\"https:\/\/xstyle.md\/wp-content\/uploads\/2024\/11\/asolo-active-gv-bottle-green.jpg\" \/>\n\t<meta property=\"og:image:width\" content=\"1400\" \/>\n\t<meta property=\"og:image:height\" content=\"1400\" \/>\n\t<meta property=\"og:image:type\" content=\"image\/jpeg\" \/>\n<meta name=\"twitter:card\" content=\"summary_large_image\" \/>\n<meta name=\"twitter:label1\" content=\"Pre\u021b\" \/>\n\t<meta name=\"twitter:data1\" content=\"3.512&nbsp;MDL\" \/>\n\t<meta name=\"twitter:label2\" content=\"Disponibilitate\" \/>\n\t<meta name=\"twitter:data2\" content=\"\u00cen stoc\" \/>\n<script type=\"application\/ld+json\" class=\"yoast-schema-graph\">{\"@context\":\"https:\/\/schema.org\",\"@graph\":[{\"@type\":\"WebPage\",\"@id\":\"https:\/\/xstyle.md\/product\/botinki-asolo-active-gv-bottle-green\/\",\"url\":\"https:\/\/xstyle.md\/product\/botinki-asolo-active-gv-bottle-green\/\",\"name\":\"\u0411\u043e\u0442\u0438\u043d\u043a\u0438 Asolo Active GV bottle green - \u041c\u0430\u0433\u0430\u0437\u0438\u043d Xstyle\",\"isPartOf\":{\"@id\":\"https:\/\/xstyle.md\/#website\"},\"primaryImageOfPage\":{\"@id\":\"https:\/\/xstyle.md\/product\/botinki-asolo-active-gv-bottle-green\/#primaryimage\"},\"image\":{\"@id\":\"https:\/\/xstyle.md\/product\/botinki-asolo-active-gv-bottle-green\/#primaryimage\"},\"thumbnailUrl\":\"https:\/\/xstyle.md\/wp-content\/uploads\/2024\/11\/asolo-active-gv-bottle-green.jpg\",\"datePublished\":\"2024-11-11T12:31:47+00:00\",\"dateModified\":\"2025-09-18T11:06:19+00:00\",\"breadcrumb\":{\"@id\":\"https:\/\/xstyle.md\/product\/botinki-asolo-active-gv-bottle-green\/#breadcrumb\"},\"inLanguage\":\"ro-RO\",\"potentialAction\":[{\"@type\":\"ReadAction\",\"target\":[\"https:\/\/xstyle.md\/product\/botinki-asolo-active-gv-bottle-green\/\"]}]},{\"@type\":\"ImageObject\",\"inLanguage\":\"ro-RO\",\"@id\":\"https:\/\/xstyle.md\/product\/botinki-asolo-active-gv-bottle-green\/#primaryimage\",\"url\":\"https:\/\/xstyle.md\/wp-content\/uploads\/2024\/11\/asolo-active-gv-bottle-green.jpg\",\"contentUrl\":\"https:\/\/xstyle.md\/wp-content\/uploads\/2024\/11\/asolo-active-gv-bottle-green.jpg\",\"width\":1400,\"height\":1400,\"caption\":\"\u041a\u0440\u043e\u0441\u0441\u043e\u0432\u043a\u0438 Asolo \u0434\u043b\u044f \u0430\u043a\u0442\u0438\u0432\u043d\u043e\u0433\u043e \u043e\u0442\u0434\u044b\u0445\u0430, \u0438\u0434\u0435\u0430\u043b\u044c\u043d\u044b\u0435 \u0434\u043b\u044f \u043f\u0443\u0442\u0435\u0448\u0435\u0441\u0442\u0432\u0438\u0439, \u043f\u043e\u0445\u043e\u0434\u043e\u0432 \u0438 \u0430\u043b\u044c\u043f\u0438\u043d\u0438\u0437\u043c\u0430, \u0432 \u0441\u0442\u0438\u043b\u044c\u043d\u043e\u043c bottle green \u0446\u0432\u0435\u0442\u0435.\"},{\"@type\":\"BreadcrumbList\",\"@id\":\"https:\/\/xstyle.md\/product\/botinki-asolo-active-gv-bottle-green\/#breadcrumb\",\"itemListElement\":[{\"@type\":\"ListItem\",\"position\":1,\"name\":\"\u0413\u043b\u0430\u0432\u043d\u0430\u044f \u0441\u0442\u0440\u0430\u043d\u0438\u0446\u0430\",\"item\":\"https:\/\/xstyle.md\/\"},{\"@type\":\"ListItem\",\"position\":2,\"name\":\"\u041c\u0430\u0433\u0430\u0437\u0438\u043d\",\"item\":\"https:\/\/xstyle.md\/shop\/\"},{\"@type\":\"ListItem\",\"position\":3,\"name\":\"\u0411\u043e\u0442\u0438\u043d\u043a\u0438 Asolo Active GV bottle green\"}]},{\"@type\":\"WebSite\",\"@id\":\"https:\/\/xstyle.md\/#website\",\"url\":\"https:\/\/xstyle.md\/\",\"name\":\"\u041c\u0430\u0433\u0430\u0437\u0438\u043d Xstyle\",\"description\":\"C\u043d\u0430\u0440\u044f\u0436\u0435\u043d\u0438\u0435 \u0434\u043b\u044f \u0442\u0443\u0440\u0438\u0437\u043c\u0430 \u0438 \u044d\u043a\u0441\u0442\u0440\u0435\u043c\u0430\u043b\u044c\u043d\u044b\u0445 \u0432\u0438\u0434\u043e\u0432 \u0441\u043f\u043e\u0440\u0442\u0430 \u0432 \u041c\u043e\u043b\u0434\u043e\u0432\u0435.. \u0426\u0435\u043d\u044b, \u0444\u043e\u0442\u043e, \u0445\u0430\u0440\u0430\u043a\u0442\u0435\u0440\u0438\u0441\u0442\u0438\u043a\u0438 \u0432 \u041c\u043e\u043b\u0434\u043e\u0432\u0435.\",\"publisher\":{\"@id\":\"https:\/\/xstyle.md\/#organization\"},\"alternateName\":\"X-Style\",\"potentialAction\":[{\"@type\":\"SearchAction\",\"target\":{\"@type\":\"EntryPoint\",\"urlTemplate\":\"https:\/\/xstyle.md\/?s={search_term_string}\"},\"query-input\":{\"@type\":\"PropertyValueSpecification\",\"valueRequired\":true,\"valueName\":\"search_term_string\"}}],\"inLanguage\":\"ro-RO\"},{\"@type\":\"Organization\",\"@id\":\"https:\/\/xstyle.md\/#organization\",\"name\":\"\u041c\u0430\u0433\u0430\u0437\u0438\u043d Xstyle\",\"alternateName\":\"x-style\",\"url\":\"https:\/\/xstyle.md\/\",\"logo\":{\"@type\":\"ImageObject\",\"inLanguage\":\"ro-RO\",\"@id\":\"https:\/\/xstyle.md\/#\/schema\/logo\/image\/\",\"url\":\"https:\/\/xstyle.md\/wp-content\/uploads\/2020\/06\/logoicon.svg\",\"contentUrl\":\"https:\/\/xstyle.md\/wp-content\/uploads\/2020\/06\/logoicon.svg\",\"caption\":\"\u041c\u0430\u0433\u0430\u0437\u0438\u043d Xstyle\"},\"image\":{\"@id\":\"https:\/\/xstyle.md\/#\/schema\/logo\/image\/\"},\"sameAs\":[\"https:\/\/www.facebook.com\/xstylemd\",\"https:\/\/www.instagram.com\/xstyle_md\/\",\"https:\/\/t.me\/xstyle_outdoor\"],\"hasMerchantReturnPolicy\":{\"@type\":\"MerchantReturnPolicy\",\"merchantReturnLink\":\"https:\/\/xstyle.md\/ro\/conditions\/\"}}]}<\/script>\n<meta property=\"product:price:amount\" content=\"3512.00\" \/>\n<meta property=\"product:price:currency\" content=\"MDL\" \/>\n<meta property=\"og:availability\" content=\"instock\" \/>\n<meta property=\"product:availability\" content=\"instock\" \/>\n<meta property=\"product:retailer_item_id\" content=\"8026948007187\" \/>\n<meta property=\"product:condition\" content=\"new\" \/>\n<!-- \/ Yoast SEO plugin. -->","yoast_head_json":{"title":"\u0411\u043e\u0442\u0438\u043d\u043a\u0438 Asolo Active GV bottle green - \u041c\u0430\u0433\u0430\u0437\u0438\u043d Xstyle","robots":{"index":"index","follow":"follow","max-snippet":"max-snippet:-1","max-image-preview":"max-image-preview:large","max-video-preview":"max-video-preview:-1"},"canonical":"https:\/\/xstyle.md\/ro\/produs\/botinki-asolo-active-gv-bottle-green\/","og_locale":"ro_RO","og_type":"article","og_title":"\u0411\u043e\u0442\u0438\u043d\u043a\u0438 Asolo Active GV bottle green - \u041c\u0430\u0433\u0430\u0437\u0438\u043d Xstyle","og_url":"https:\/\/xstyle.md\/ro\/produs\/botinki-asolo-active-gv-bottle-green\/","og_site_name":"\u041c\u0430\u0433\u0430\u0437\u0438\u043d Xstyle","article_publisher":"https:\/\/www.facebook.com\/xstylemd","article_modified_time":"2025-09-18T11:06:19+00:00","og_image":[{"width":1400,"height":1400,"url":"https:\/\/xstyle.md\/wp-content\/uploads\/2024\/11\/asolo-active-gv-bottle-green.jpg","type":"image\/jpeg"}],"twitter_card":"summary_large_image","twitter_misc":{"Pre\u021b":"3.512&nbsp;MDL","Disponibilitate":"\u00cen stoc"},"schema":{"@context":"https:\/\/schema.org","@graph":[{"@type":"WebPage","@id":"https:\/\/xstyle.md\/product\/botinki-asolo-active-gv-bottle-green\/","url":"https:\/\/xstyle.md\/product\/botinki-asolo-active-gv-bottle-green\/","name":"\u0411\u043e\u0442\u0438\u043d\u043a\u0438 Asolo Active GV bottle green - \u041c\u0430\u0433\u0430\u0437\u0438\u043d Xstyle","isPartOf":{"@id":"https:\/\/xstyle.md\/#website"},"primaryImageOfPage":{"@id":"https:\/\/xstyle.md\/product\/botinki-asolo-active-gv-bottle-green\/#primaryimage"},"image":{"@id":"https:\/\/xstyle.md\/product\/botinki-asolo-active-gv-bottle-green\/#primaryimage"},"thumbnailUrl":"https:\/\/xstyle.md\/wp-content\/uploads\/2024\/11\/asolo-active-gv-bottle-green.jpg","datePublished":"2024-11-11T12:31:47+00:00","dateModified":"2025-09-18T11:06:19+00:00","breadcrumb":{"@id":"https:\/\/xstyle.md\/product\/botinki-asolo-active-gv-bottle-green\/#breadcrumb"},"inLanguage":"ro-RO","potentialAction":[{"@type":"ReadAction","target":["https:\/\/xstyle.md\/product\/botinki-asolo-active-gv-bottle-green\/"]}]},{"@type":"ImageObject","inLanguage":"ro-RO","@id":"https:\/\/xstyle.md\/product\/botinki-asolo-active-gv-bottle-green\/#primaryimage","url":"https:\/\/xstyle.md\/wp-content\/uploads\/2024\/11\/asolo-active-gv-bottle-green.jpg","contentUrl":"https:\/\/xstyle.md\/wp-content\/uploads\/2024\/11\/asolo-active-gv-bottle-green.jpg","width":1400,"height":1400,"caption":"\u041a\u0440\u043e\u0441\u0441\u043e\u0432\u043a\u0438 Asolo \u0434\u043b\u044f \u0430\u043a\u0442\u0438\u0432\u043d\u043e\u0433\u043e \u043e\u0442\u0434\u044b\u0445\u0430, \u0438\u0434\u0435\u0430\u043b\u044c\u043d\u044b\u0435 \u0434\u043b\u044f \u043f\u0443\u0442\u0435\u0448\u0435\u0441\u0442\u0432\u0438\u0439, \u043f\u043e\u0445\u043e\u0434\u043e\u0432 \u0438 \u0430\u043b\u044c\u043f\u0438\u043d\u0438\u0437\u043c\u0430, \u0432 \u0441\u0442\u0438\u043b\u044c\u043d\u043e\u043c bottle green \u0446\u0432\u0435\u0442\u0435."},{"@type":"BreadcrumbList","@id":"https:\/\/xstyle.md\/product\/botinki-asolo-active-gv-bottle-green\/#breadcrumb","itemListElement":[{"@type":"ListItem","position":1,"name":"\u0413\u043b\u0430\u0432\u043d\u0430\u044f \u0441\u0442\u0440\u0430\u043d\u0438\u0446\u0430","item":"https:\/\/xstyle.md\/"},{"@type":"ListItem","position":2,"name":"\u041c\u0430\u0433\u0430\u0437\u0438\u043d","item":"https:\/\/xstyle.md\/shop\/"},{"@type":"ListItem","position":3,"name":"\u0411\u043e\u0442\u0438\u043d\u043a\u0438 Asolo Active GV bottle green"}]},{"@type":"WebSite","@id":"https:\/\/xstyle.md\/#website","url":"https:\/\/xstyle.md\/","name":"Magazinul X-Style","description":"Echipamente pentru turism \u0219i sporturi extreme \u00een Moldova. Pre\u021buri, fotografii, caracteristici \u00een Moldova.","publisher":{"@id":"https:\/\/xstyle.md\/#organization"},"alternateName":"X-Style","potentialAction":[{"@type":"SearchAction","target":{"@type":"EntryPoint","urlTemplate":"https:\/\/xstyle.md\/?s={search_term_string}"},"query-input":{"@type":"PropertyValueSpecification","valueRequired":true,"valueName":"search_term_string"}}],"inLanguage":"ro-RO"},{"@type":"Organization","@id":"https:\/\/xstyle.md\/#organization","name":"Magazinul X-Style","alternateName":"x-style","url":"https:\/\/xstyle.md\/","logo":{"@type":"ImageObject","inLanguage":"ro-RO","@id":"https:\/\/xstyle.md\/#\/schema\/logo\/image\/","url":"https:\/\/xstyle.md\/wp-content\/uploads\/2020\/06\/logoicon.svg","contentUrl":"https:\/\/xstyle.md\/wp-content\/uploads\/2020\/06\/logoicon.svg","caption":"\u041c\u0430\u0433\u0430\u0437\u0438\u043d Xstyle"},"image":{"@id":"https:\/\/xstyle.md\/#\/schema\/logo\/image\/"},"sameAs":["https:\/\/www.facebook.com\/xstylemd","https:\/\/www.instagram.com\/xstyle_md\/","https:\/\/t.me\/xstyle_outdoor"],"hasMerchantReturnPolicy":{"@type":"MerchantReturnPolicy","merchantReturnLink":"https:\/\/xstyle.md\/ro\/conditions\/"}}]},"product_price_amount":"3512.00","product_price_currency":"MDL","og_availability":"instock","product_availability":"instock","product_retailer_item_id":"8026948007187","product_condition":"new"},"post_mailing_queue_ids":[],"_links":{"self":[{"href":"https:\/\/xstyle.md\/ro\/wp-json\/wp\/v2\/product\/89414","targetHints":{"allow":["GET"]}}],"collection":[{"href":"https:\/\/xstyle.md\/ro\/wp-json\/wp\/v2\/product"}],"about":[{"href":"https:\/\/xstyle.md\/ro\/wp-json\/wp\/v2\/types\/product"}],"replies":[{"embeddable":true,"href":"https:\/\/xstyle.md\/ro\/wp-json\/wp\/v2\/comments?post=89414"}],"wp:featuredmedia":[{"embeddable":true,"href":"https:\/\/xstyle.md\/ro\/wp-json\/wp\/v2\/media\/89603"}],"wp:attachment":[{"href":"https:\/\/xstyle.md\/ro\/wp-json\/wp\/v2\/media?parent=89414"}],"wp:term":[{"taxonomy":"product_brand","embeddable":true,"href":"https:\/\/xstyle.md\/ro\/wp-json\/wp\/v2\/product_brand?post=89414"},{"taxonomy":"product_cat","embeddable":true,"href":"https:\/\/xstyle.md\/ro\/wp-json\/wp\/v2\/product_cat?post=89414"},{"taxonomy":"product_tag","embeddable":true,"href":"https:\/\/xstyle.md\/ro\/wp-json\/wp\/v2\/product_tag?post=89414"}],"curies":[{"name":"wp","href":"https:\/\/api.w.org\/{rel}","templated":true}]}}