{"id":88495,"date":"2024-09-16T21:05:45","date_gmt":"2024-09-16T18:05:45","guid":{"rendered":"https:\/\/xstyle.md\/product\/noski-lorpen-t3mme-ultrablack\/"},"modified":"2025-03-01T16:06:22","modified_gmt":"2025-03-01T13:06:22","slug":"noski-lorpen-t3mme-ultrablack","status":"publish","type":"product","link":"https:\/\/xstyle.md\/ro\/produs\/noski-lorpen-t3mme-ultrablack\/","title":{"rendered":"\u0218osete Lorpen T3MME ultrablack"},"content":{"rendered":"<\/p>\n<p><strong>Lorpen T3MME<\/strong> &#8212; \u0219osete ideale at\u00e2t pentru drume\u021bii lungi, c\u00e2t \u0219i pentru anotimpurile nu prea c\u0103lduroase, datorit\u0103 echilibrului lor excelent \u00eentre izolare \u0219i respirabilitate. \u0218osetele sunt concepute pentru a v\u0103 men\u021bine picioarele calde \u0219i uscate, precum \u0219i pentru a spori performan\u021ba \u00een condi\u021bii extreme. Modelul ecologic este fabricat folosind fibre reciclate.<\/p>\n<h3>Particularit\u0103\u021bi<\/h3>\n<ul>\n<li>Tehnologia T3 &#8212; o structur\u0103 cu trei straturi, fiecare strat \u00eendeplinind o func\u021bie specific\u0103. Tehnologia exclusiv\u0103 Lorpen maximizeaz\u0103 performan\u021ba fiec\u0103rui tip de fir pentru un beneficiu maxim.<\/li>\n<li>L\u00e2na merinos fin\u0103 \u0219i moale, cu fibre de la 65 la 100 mm lungime, re\u021bine perfect umiditatea (hidrofil\u0103) \u0219i permite trecerea aerului. Diametrul foarte mic al fibrelor creeaz\u0103 o senza\u021bie de moliciune \u0219i confort pe l\u00e2ng\u0103 piele. L\u00e2na merino este termoregulatoare \u00een mod natural: v\u0103 men\u021bine picioarele calde iarna \u0219i r\u0103coroase vara. L\u00e2na Merino v\u0103 \u021bine cald toat\u0103 ziua, \u00eendep\u0103rt\u00e2nd umezeala de pe picioare \u0219i men\u021bin\u00e2ndu-le uscate.<\/li>\n<li>Nailonul reciclat \u00een ro\u0219u cre\u0219te durabilitatea \u0219i asigur\u0103 c\u0103 \u0219osetele nu se vor t\u00e2r\u00ee. Red-Cycled este fabricat din nylon Econyl 100% reciclat, derivat din plase de pescuit reciclate. Fibra continu\u0103 Red-Cycled se caracterizeaz\u0103 prin durabilitate \u0219i capacitate de amortizare. Rezist\u0103 la uzur\u0103 mai bine dec\u00e2t orice alt\u0103 fibr\u0103 de pe pia\u021b\u0103.<\/li>\n<li>Firul Primaloft\u00ae Eco este alc\u0103tuit din fibre de poliester ultrafine, mai fine dec\u00e2t ca\u0219mirul, oferind o moliciune de lux \u0219i o absorb\u021bie a umezelii de neegalat. Firul de poliester proiectat Primaloft\u00ae este liderul mondial \u00een materie de izola\u021bie termic\u0103 sintetic\u0103 \u00een articole de \u00eembr\u0103c\u0103minte tehnologice. Aceast\u0103 fibr\u0103 moale, termoizolant\u0103 \u0219i hidrofob\u0103 elimin\u0103 umezeala, dar nu o absoarbe. Compus din 70% resurse reciclate (sticle de plastic).<\/li>\n<li>\u00cen compozi\u021bie se adaug\u0103 nailon elastic care con\u021bine Lycra\u00ae pentru a ob\u021bine o potrivire confortabil\u0103 \u0219i confortabil\u0103, f\u0103r\u0103 alunec\u0103ri sau bulg\u0103ri \u00een zona degetelor. Nailonul este o fibr\u0103 sintetic\u0103 continu\u0103, durabil\u0103 \u0219i care absoarbe \u0219ocurile. Lycra\u00ae este o fibr\u0103 sintetic\u0103 de elastan care se poate \u00eentinde de p\u00e2n\u0103 la \u0219ase ori lungimea sa \u0219i poate reveni la starea ini\u021bial\u0103.<\/li>\n<li>Zona de plas\u0103 de la nivelul gleznei minimizeaz\u0103 volumul \u00een partea superioar\u0103 \u0219i ajut\u0103 la disiparea c\u0103ldurii \u0219i a umidit\u0103\u021bii.<\/li>\n<li>\u021aes\u0103tura tricotat\u0103 asigur\u0103 amortizare \u00een zona piciorului \u0219i o potrivire perfect\u0103, men\u021bin\u00e2ndu-v\u0103 cald \u0219i prevenind disconfortul cauzat de c\u0103ptu\u0219eala sau de talpa ghetei.<\/li>\n<li>Cus\u0103tura plat\u0103 din zona degetelor nu irit\u0103 \u0219i nu irit\u0103.<\/li>\n<\/ul>\n<h3>Caracteritici<\/h3>\n<ul>\n<li>Material &#8212; 34% l\u00e2n\u0103 Merino, 25% nailon reciclat \u00een ro\u0219u, 21% Primaloft\u00ae Eco, 20% nailon Lycra<\/li>\n<li>Num\u0103rul de straturi - trei straturi (T3)<\/li>\n<li>Scop &#8212; drume\u021bie\/casual<\/li>\n<li>Sezonul &#8212; toamn\u0103\/iarn\u0103\/prim\u0103var\u0103<\/li>\n<li>Grosime &#8212; 3\/4<\/li>\n<li>Model - b\u0103rba\u021bi.<\/li>\n<\/ul>\n<h3>Tehnologie<\/h3>\n<ul>\n<li><strong>Tehnologia T3<\/strong> Este o tehnologie care utilizeaz\u0103 trei \u0219iruri de fibre cu propriet\u0103\u021bi diferite: stratul hidrofob de contact este evacuat \u00eentr-un modus operandi umezeala \u0219 i men\u021bine pielea uscat\u0103; stratul hidrofil mijlociu este evacuat absoarbe umezeala \u0219 i distribuit \u00een partea superioar\u0103 a acoperi\u0219ului pentru a accelera deteriorarea; stratul exterior rezistent la abraziune este realizat \u00een nailon, care protejeaz\u0103 zonele care sunt deosebit de vulnerabile la abraziune.<\/li>\n<li><strong>Primaloft<\/strong>\u00ae <strong>ECO<\/strong> &#8212; este un material sintetic care are propriet\u0103\u021bi ridicate de izolare termic\u0103. Studiile de laborator au ar\u0103tat c\u0103 PrimaLoft are exact aceea\u0219i moliciune ca \u0219i puful de g\u00e2sc\u0103 \u0219i este mult mai moale dec\u00e2t alte materiale izolatoare similare. Datorit\u0103 acestei caracteristici a materialului, toate produsele fabricate din acesta iau forma necesar\u0103: hainele se potrivesc. Eticheta Eco \u00eenseamn\u0103 c\u0103 izola\u021bia este fabricat\u0103 din 50% material reciclat.<\/li>\n<li><strong>L\u00e2n\u0103 Merino<\/strong> &#8212; este l\u00e2n\u0103 Merino australian\u0103, care are caracteristici unice. Este un material natural, foarte moale, al c\u0103rui centru de fibre este higroscopic. Acest material v\u0103 men\u021bine cald chiar \u0219i atunci c\u00e2nd este ud \u0219i izoleaz\u0103 umezeala de piele. Aceast\u0103 tehnologie ajut\u0103 s\u0103 reziste chiar \u0219i la temperaturi foarte sc\u0103zute. Lungimea mare (65-100 mm) \u0219i diametrul mic (mai pu\u021bin de 24 microni) fac ca firul s\u0103 fie foarte sub\u021bire, iar materialul \u00een sine are o termoreglare excelent\u0103 cu evacuarea transpira\u021biei, permi\u021b\u00e2nd pielii s\u0103 respire.<\/li>\n<li><strong>Lycra sau elastan <\/strong>- fibre sintetice de \u00eengrijire se caracterizeaz\u0103 prin elasticitate \u0219 i rezilien\u021b\u0103 excep\u021bional\u0103. Con\u021binutul de Lycra al \u0219osetelor Lorpen este de obicei \u00eentre 5 \u0219i 10%. Acest lucru asigur\u0103 faptul c\u0103 \u0219osetele se potrivesc perfect la picior \u0219i nu alunec\u0103.<\/li>\n<li><strong>Nylon<\/strong> - este un brad de continuitate fibroas\u0103, caracterizat prin rezisten\u021b a uzurii \u0219 i propriet\u0103\u021b ile de amortizare. Nailonul este utilizat \u00een stratul extern al echipamentului Lorpen, care poate fi folosit pentru a determina durata pasajului pulmonar.<\/li>\n<\/ul>\n<h3>Marca<\/h3>\n<p>Lorpen este unul dintre cei mai importan\u021bi produc\u0103tori de articole sportive din Spania, care a imprimat cele mai populare articole sportive din lume. Gama lor include modele de trekking, alergare, expedi\u021bie \u0219i schi, pentru a putea oferi un gust al tuturor.<\/p>\n<p>Obiectivul principal al Lorpen este acela de a crea cel mai important \u0219osete \u00een punctarea tehnologiei lumii. Odat\u0103 ce a\u021bi \u00eencercat \u0219osetele termice Lorpen, care func\u021bioneaz\u0103 toat\u0103 ziua, chiar \u0219i \u00een timpul efortului intens, ajut\u00e2nd la reglarea c\u0103ldurii \u0219i a nivelului de umiditate din picioare, nu ve\u021bi mai putea purta niciodat\u0103 \u0219osete obi\u0219nuite din bumbac.<\/p>\n<p><\/p>\n<\/div>","protected":false},"excerpt":{"rendered":"","protected":false},"featured_media":62225,"comment_status":"open","ping_status":"closed","template":"","meta":{"_acf_changed":false,"inline_featured_image":false},"product_brand":[1293],"product_cat":[228],"product_tag":[],"class_list":{"0":"post-88495","1":"product","2":"type-product","3":"status-publish","4":"has-post-thumbnail","6":"product_brand-lorpen","7":"product_cat-trekking-hiking-liners","9":"first","10":"outofstock","11":"shipping-taxable","12":"product-type-simple"},"acf":[],"yoast_head":"<!-- This site is optimized with the Yoast SEO plugin v27.2 - https:\/\/yoast.com\/product\/yoast-seo-wordpress\/ -->\n<title>\u041d\u043e\u0441\u043a\u0438 Lorpen T3MME ultrablack - \u041c\u0430\u0433\u0430\u0437\u0438\u043d Xstyle<\/title>\n<meta name=\"description\" content=\"\u041d\u043e\u0441\u043a\u0438 Lorpen T3MME ultrablack \u0438\u0434\u0435\u0430\u043b\u044c\u043d\u043e \u043f\u043e\u0434\u0445\u043e\u0434\u044f\u0442 \u0434\u043b\u044f \u0434\u043e\u043b\u0433\u0438\u0445 \u043f\u043e\u0445\u043e\u0434\u043e\u0432, \u043e\u0431\u0435\u0441\u043f\u0435\u0447\u0438\u0432\u0430\u044f \u0442\u0435\u043f\u043b\u043e \u0438 \u0432\u0435\u043d\u0442\u0438\u043b\u044f\u0446\u0438\u044e. \u0423\u043d\u0438\u043a\u0430\u043b\u044c\u043d\u044b\u0435 \u043c\u0430\u0442\u0435\u0440\u0438\u0430\u043b\u044b \u0434\u043b\u044f \u043c\u0430\u043a\u0441\u0438\u043c\u0430\u043b\u044c\u043d\u043e\u0433\u043e \u043a\u043e\u043c\u0444\u043e\u0440\u0442\u0430.\" \/>\n<meta name=\"robots\" content=\"index, follow, max-snippet:-1, max-image-preview:large, max-video-preview:-1\" \/>\n<link rel=\"canonical\" href=\"https:\/\/xstyle.md\/ro\/produs\/noski-lorpen-t3mme-ultrablack\/\" \/>\n<meta property=\"og:locale\" content=\"ro_RO\" \/>\n<meta property=\"og:type\" content=\"article\" \/>\n<meta property=\"og:title\" content=\"\u041d\u043e\u0441\u043a\u0438 Lorpen T3MME ultrablack - \u041c\u0430\u0433\u0430\u0437\u0438\u043d Xstyle\" \/>\n<meta property=\"og:description\" content=\"\u041d\u043e\u0441\u043a\u0438 Lorpen T3MME ultrablack \u0438\u0434\u0435\u0430\u043b\u044c\u043d\u043e \u043f\u043e\u0434\u0445\u043e\u0434\u044f\u0442 \u0434\u043b\u044f \u0434\u043e\u043b\u0433\u0438\u0445 \u043f\u043e\u0445\u043e\u0434\u043e\u0432, \u043e\u0431\u0435\u0441\u043f\u0435\u0447\u0438\u0432\u0430\u044f \u0442\u0435\u043f\u043b\u043e \u0438 \u0432\u0435\u043d\u0442\u0438\u043b\u044f\u0446\u0438\u044e. \u0423\u043d\u0438\u043a\u0430\u043b\u044c\u043d\u044b\u0435 \u043c\u0430\u0442\u0435\u0440\u0438\u0430\u043b\u044b \u0434\u043b\u044f \u043c\u0430\u043a\u0441\u0438\u043c\u0430\u043b\u044c\u043d\u043e\u0433\u043e \u043a\u043e\u043c\u0444\u043e\u0440\u0442\u0430.\" \/>\n<meta property=\"og:url\" content=\"https:\/\/xstyle.md\/ro\/produs\/noski-lorpen-t3mme-ultrablack\/\" \/>\n<meta property=\"og:site_name\" content=\"\u041c\u0430\u0433\u0430\u0437\u0438\u043d Xstyle\" \/>\n<meta property=\"article:publisher\" content=\"https:\/\/www.facebook.com\/xstylemd\" \/>\n<meta property=\"article:modified_time\" content=\"2025-03-01T13:06:22+00:00\" \/>\n<meta property=\"og:image\" content=\"https:\/\/xstyle.md\/wp-content\/uploads\/2022\/12\/lorpen-t3mme.jpg\" \/>\n\t<meta property=\"og:image:width\" content=\"1224\" \/>\n\t<meta property=\"og:image:height\" content=\"1114\" \/>\n\t<meta property=\"og:image:type\" content=\"image\/jpeg\" \/>\n<meta name=\"twitter:card\" content=\"summary_large_image\" \/>\n<meta name=\"twitter:label1\" content=\"Pre\u021b\" \/>\n\t<meta name=\"twitter:data1\" content=\"390&nbsp;MDL\" \/>\n\t<meta name=\"twitter:label2\" content=\"Disponibilitate\" \/>\n\t<meta name=\"twitter:data2\" content=\"Stoc epuizat\" \/>\n<script type=\"application\/ld+json\" class=\"yoast-schema-graph\">{\"@context\":\"https:\/\/schema.org\",\"@graph\":[{\"@type\":\"WebPage\",\"@id\":\"https:\/\/xstyle.md\/product\/noski-lorpen-t3mme-ultrablack\/\",\"url\":\"https:\/\/xstyle.md\/product\/noski-lorpen-t3mme-ultrablack\/\",\"name\":\"\u041d\u043e\u0441\u043a\u0438 Lorpen T3MME ultrablack - \u041c\u0430\u0433\u0430\u0437\u0438\u043d Xstyle\",\"isPartOf\":{\"@id\":\"https:\/\/xstyle.md\/#website\"},\"primaryImageOfPage\":{\"@id\":\"https:\/\/xstyle.md\/product\/noski-lorpen-t3mme-ultrablack\/#primaryimage\"},\"image\":{\"@id\":\"https:\/\/xstyle.md\/product\/noski-lorpen-t3mme-ultrablack\/#primaryimage\"},\"thumbnailUrl\":\"https:\/\/xstyle.md\/wp-content\/uploads\/2022\/12\/lorpen-t3mme.jpg\",\"datePublished\":\"2024-09-16T18:05:45+00:00\",\"dateModified\":\"2025-03-01T13:06:22+00:00\",\"description\":\"\u041d\u043e\u0441\u043a\u0438 Lorpen T3MME ultrablack \u0438\u0434\u0435\u0430\u043b\u044c\u043d\u043e \u043f\u043e\u0434\u0445\u043e\u0434\u044f\u0442 \u0434\u043b\u044f \u0434\u043e\u043b\u0433\u0438\u0445 \u043f\u043e\u0445\u043e\u0434\u043e\u0432, \u043e\u0431\u0435\u0441\u043f\u0435\u0447\u0438\u0432\u0430\u044f \u0442\u0435\u043f\u043b\u043e \u0438 \u0432\u0435\u043d\u0442\u0438\u043b\u044f\u0446\u0438\u044e. \u0423\u043d\u0438\u043a\u0430\u043b\u044c\u043d\u044b\u0435 \u043c\u0430\u0442\u0435\u0440\u0438\u0430\u043b\u044b \u0434\u043b\u044f \u043c\u0430\u043a\u0441\u0438\u043c\u0430\u043b\u044c\u043d\u043e\u0433\u043e \u043a\u043e\u043c\u0444\u043e\u0440\u0442\u0430.\",\"breadcrumb\":{\"@id\":\"https:\/\/xstyle.md\/product\/noski-lorpen-t3mme-ultrablack\/#breadcrumb\"},\"inLanguage\":\"ro-RO\",\"potentialAction\":[{\"@type\":\"ReadAction\",\"target\":[\"https:\/\/xstyle.md\/product\/noski-lorpen-t3mme-ultrablack\/\"]}]},{\"@type\":\"ImageObject\",\"inLanguage\":\"ro-RO\",\"@id\":\"https:\/\/xstyle.md\/product\/noski-lorpen-t3mme-ultrablack\/#primaryimage\",\"url\":\"https:\/\/xstyle.md\/wp-content\/uploads\/2022\/12\/lorpen-t3mme.jpg\",\"contentUrl\":\"https:\/\/xstyle.md\/wp-content\/uploads\/2022\/12\/lorpen-t3mme.jpg\",\"width\":1224,\"height\":1114,\"caption\":\"\u041d\u043e\u0441\u043a\u0438 Lorpen T3MME charcoal \u0434\u043b\u044f \u0430\u043a\u0442\u0438\u0432\u043d\u043e\u0433\u043e \u043e\u0442\u0434\u044b\u0445\u0430, \u043f\u043e\u0445\u043e\u0434\u043e\u0432 \u0438 \u043f\u0443\u0442\u0435\u0448\u0435\u0441\u0442\u0432\u0438\u0439, \u043e\u0434\u0435\u0436\u0434\u0430 \u0438 \u043e\u0431\u0443\u0432\u044c \u0434\u043b\u044f \u0430\u043a\u0442\u0438\u0432\u043d\u043e\u0433\u043e \u0438 \u0442\u0443\u0440\u0438\u0441\u0442\u0438\u0447\u0435\u0441\u043a\u043e\u0433\u043e \u043e\u0431\u0440\u0430\u0437\u0430 \u0436\u0438\u0437\u043d\u0438\"},{\"@type\":\"BreadcrumbList\",\"@id\":\"https:\/\/xstyle.md\/product\/noski-lorpen-t3mme-ultrablack\/#breadcrumb\",\"itemListElement\":[{\"@type\":\"ListItem\",\"position\":1,\"name\":\"\u0413\u043b\u0430\u0432\u043d\u0430\u044f \u0441\u0442\u0440\u0430\u043d\u0438\u0446\u0430\",\"item\":\"https:\/\/xstyle.md\/\"},{\"@type\":\"ListItem\",\"position\":2,\"name\":\"\u041c\u0430\u0433\u0430\u0437\u0438\u043d\",\"item\":\"https:\/\/xstyle.md\/shop\/\"},{\"@type\":\"ListItem\",\"position\":3,\"name\":\"\u041d\u043e\u0441\u043a\u0438 Lorpen T3MME ultrablack\"}]},{\"@type\":\"WebSite\",\"@id\":\"https:\/\/xstyle.md\/#website\",\"url\":\"https:\/\/xstyle.md\/\",\"name\":\"\u041c\u0430\u0433\u0430\u0437\u0438\u043d Xstyle\",\"description\":\"C\u043d\u0430\u0440\u044f\u0436\u0435\u043d\u0438\u0435 \u0434\u043b\u044f \u0442\u0443\u0440\u0438\u0437\u043c\u0430 \u0438 \u044d\u043a\u0441\u0442\u0440\u0435\u043c\u0430\u043b\u044c\u043d\u044b\u0445 \u0432\u0438\u0434\u043e\u0432 \u0441\u043f\u043e\u0440\u0442\u0430 \u0432 \u041c\u043e\u043b\u0434\u043e\u0432\u0435.. \u0426\u0435\u043d\u044b, \u0444\u043e\u0442\u043e, \u0445\u0430\u0440\u0430\u043a\u0442\u0435\u0440\u0438\u0441\u0442\u0438\u043a\u0438 \u0432 \u041c\u043e\u043b\u0434\u043e\u0432\u0435.\",\"publisher\":{\"@id\":\"https:\/\/xstyle.md\/#organization\"},\"alternateName\":\"X-Style\",\"potentialAction\":[{\"@type\":\"SearchAction\",\"target\":{\"@type\":\"EntryPoint\",\"urlTemplate\":\"https:\/\/xstyle.md\/?s={search_term_string}\"},\"query-input\":{\"@type\":\"PropertyValueSpecification\",\"valueRequired\":true,\"valueName\":\"search_term_string\"}}],\"inLanguage\":\"ro-RO\"},{\"@type\":\"Organization\",\"@id\":\"https:\/\/xstyle.md\/#organization\",\"name\":\"\u041c\u0430\u0433\u0430\u0437\u0438\u043d Xstyle\",\"alternateName\":\"x-style\",\"url\":\"https:\/\/xstyle.md\/\",\"logo\":{\"@type\":\"ImageObject\",\"inLanguage\":\"ro-RO\",\"@id\":\"https:\/\/xstyle.md\/#\/schema\/logo\/image\/\",\"url\":\"https:\/\/xstyle.md\/wp-content\/uploads\/2020\/06\/logoicon.svg\",\"contentUrl\":\"https:\/\/xstyle.md\/wp-content\/uploads\/2020\/06\/logoicon.svg\",\"caption\":\"\u041c\u0430\u0433\u0430\u0437\u0438\u043d Xstyle\"},\"image\":{\"@id\":\"https:\/\/xstyle.md\/#\/schema\/logo\/image\/\"},\"sameAs\":[\"https:\/\/www.facebook.com\/xstylemd\",\"https:\/\/www.instagram.com\/xstyle_md\/\",\"https:\/\/t.me\/xstyle_outdoor\"],\"hasMerchantReturnPolicy\":{\"@type\":\"MerchantReturnPolicy\",\"merchantReturnLink\":\"https:\/\/xstyle.md\/ro\/conditions\/\"}}]}<\/script>\n<meta property=\"product:price:amount\" content=\"390.00\" \/>\n<meta property=\"product:price:currency\" content=\"MDL\" \/>\n<meta property=\"og:availability\" content=\"out of stock\" \/>\n<meta property=\"product:availability\" content=\"out of stock\" \/>\n<meta property=\"product:retailer_item_id\" content=\"8445042938331\" \/>\n<meta property=\"product:condition\" content=\"new\" \/>\n<!-- \/ Yoast SEO plugin. -->","yoast_head_json":{"title":"\u0218osete Lorpen T3MME ultrablack - Magazin Xstyle","description":"Sosetele Lorpen T3MME ultrablack sunt ideale pentru turele \u00eendelungate, oferind c\u0103ldur\u0103 \u0219i ventila\u021bie. Materialele unice asigur\u0103 un confort maxim.","robots":{"index":"index","follow":"follow","max-snippet":"max-snippet:-1","max-image-preview":"max-image-preview:large","max-video-preview":"max-video-preview:-1"},"canonical":"https:\/\/xstyle.md\/ro\/produs\/noski-lorpen-t3mme-ultrablack\/","og_locale":"ro_RO","og_type":"article","og_title":"\u041d\u043e\u0441\u043a\u0438 Lorpen T3MME ultrablack - \u041c\u0430\u0433\u0430\u0437\u0438\u043d Xstyle","og_description":"\u041d\u043e\u0441\u043a\u0438 Lorpen T3MME ultrablack \u0438\u0434\u0435\u0430\u043b\u044c\u043d\u043e \u043f\u043e\u0434\u0445\u043e\u0434\u044f\u0442 \u0434\u043b\u044f \u0434\u043e\u043b\u0433\u0438\u0445 \u043f\u043e\u0445\u043e\u0434\u043e\u0432, \u043e\u0431\u0435\u0441\u043f\u0435\u0447\u0438\u0432\u0430\u044f \u0442\u0435\u043f\u043b\u043e \u0438 \u0432\u0435\u043d\u0442\u0438\u043b\u044f\u0446\u0438\u044e. \u0423\u043d\u0438\u043a\u0430\u043b\u044c\u043d\u044b\u0435 \u043c\u0430\u0442\u0435\u0440\u0438\u0430\u043b\u044b \u0434\u043b\u044f \u043c\u0430\u043a\u0441\u0438\u043c\u0430\u043b\u044c\u043d\u043e\u0433\u043e \u043a\u043e\u043c\u0444\u043e\u0440\u0442\u0430.","og_url":"https:\/\/xstyle.md\/ro\/produs\/noski-lorpen-t3mme-ultrablack\/","og_site_name":"\u041c\u0430\u0433\u0430\u0437\u0438\u043d Xstyle","article_publisher":"https:\/\/www.facebook.com\/xstylemd","article_modified_time":"2025-03-01T13:06:22+00:00","og_image":[{"width":1224,"height":1114,"url":"https:\/\/xstyle.md\/wp-content\/uploads\/2022\/12\/lorpen-t3mme.jpg","type":"image\/jpeg"}],"twitter_card":"summary_large_image","twitter_misc":{"Pre\u021b":"390&nbsp;MDL","Disponibilitate":"Stoc epuizat"},"schema":{"@context":"https:\/\/schema.org","@graph":[{"@type":"WebPage","@id":"https:\/\/xstyle.md\/product\/noski-lorpen-t3mme-ultrablack\/","url":"https:\/\/xstyle.md\/product\/noski-lorpen-t3mme-ultrablack\/","name":"\u0218osete Lorpen T3MME ultrablack - Magazin Xstyle","isPartOf":{"@id":"https:\/\/xstyle.md\/#website"},"primaryImageOfPage":{"@id":"https:\/\/xstyle.md\/product\/noski-lorpen-t3mme-ultrablack\/#primaryimage"},"image":{"@id":"https:\/\/xstyle.md\/product\/noski-lorpen-t3mme-ultrablack\/#primaryimage"},"thumbnailUrl":"https:\/\/xstyle.md\/wp-content\/uploads\/2022\/12\/lorpen-t3mme.jpg","datePublished":"2024-09-16T18:05:45+00:00","dateModified":"2025-03-01T13:06:22+00:00","description":"Sosetele Lorpen T3MME ultrablack sunt ideale pentru turele \u00eendelungate, oferind c\u0103ldur\u0103 \u0219i ventila\u021bie. Materialele unice asigur\u0103 un confort maxim.","breadcrumb":{"@id":"https:\/\/xstyle.md\/product\/noski-lorpen-t3mme-ultrablack\/#breadcrumb"},"inLanguage":"ro-RO","potentialAction":[{"@type":"ReadAction","target":["https:\/\/xstyle.md\/product\/noski-lorpen-t3mme-ultrablack\/"]}]},{"@type":"ImageObject","inLanguage":"ro-RO","@id":"https:\/\/xstyle.md\/product\/noski-lorpen-t3mme-ultrablack\/#primaryimage","url":"https:\/\/xstyle.md\/wp-content\/uploads\/2022\/12\/lorpen-t3mme.jpg","contentUrl":"https:\/\/xstyle.md\/wp-content\/uploads\/2022\/12\/lorpen-t3mme.jpg","width":1224,"height":1114,"caption":"\u041d\u043e\u0441\u043a\u0438 Lorpen T3MME charcoal \u0434\u043b\u044f \u0430\u043a\u0442\u0438\u0432\u043d\u043e\u0433\u043e \u043e\u0442\u0434\u044b\u0445\u0430, \u043f\u043e\u0445\u043e\u0434\u043e\u0432 \u0438 \u043f\u0443\u0442\u0435\u0448\u0435\u0441\u0442\u0432\u0438\u0439, \u043e\u0434\u0435\u0436\u0434\u0430 \u0438 \u043e\u0431\u0443\u0432\u044c \u0434\u043b\u044f \u0430\u043a\u0442\u0438\u0432\u043d\u043e\u0433\u043e \u0438 \u0442\u0443\u0440\u0438\u0441\u0442\u0438\u0447\u0435\u0441\u043a\u043e\u0433\u043e \u043e\u0431\u0440\u0430\u0437\u0430 \u0436\u0438\u0437\u043d\u0438"},{"@type":"BreadcrumbList","@id":"https:\/\/xstyle.md\/product\/noski-lorpen-t3mme-ultrablack\/#breadcrumb","itemListElement":[{"@type":"ListItem","position":1,"name":"\u0413\u043b\u0430\u0432\u043d\u0430\u044f \u0441\u0442\u0440\u0430\u043d\u0438\u0446\u0430","item":"https:\/\/xstyle.md\/"},{"@type":"ListItem","position":2,"name":"\u041c\u0430\u0433\u0430\u0437\u0438\u043d","item":"https:\/\/xstyle.md\/shop\/"},{"@type":"ListItem","position":3,"name":"\u041d\u043e\u0441\u043a\u0438 Lorpen T3MME ultrablack"}]},{"@type":"WebSite","@id":"https:\/\/xstyle.md\/#website","url":"https:\/\/xstyle.md\/","name":"Magazinul X-Style","description":"Echipamente pentru turism \u0219i sporturi extreme \u00een Moldova. Pre\u021buri, fotografii, caracteristici \u00een Moldova.","publisher":{"@id":"https:\/\/xstyle.md\/#organization"},"alternateName":"X-Style","potentialAction":[{"@type":"SearchAction","target":{"@type":"EntryPoint","urlTemplate":"https:\/\/xstyle.md\/?s={search_term_string}"},"query-input":{"@type":"PropertyValueSpecification","valueRequired":true,"valueName":"search_term_string"}}],"inLanguage":"ro-RO"},{"@type":"Organization","@id":"https:\/\/xstyle.md\/#organization","name":"Magazinul X-Style","alternateName":"x-style","url":"https:\/\/xstyle.md\/","logo":{"@type":"ImageObject","inLanguage":"ro-RO","@id":"https:\/\/xstyle.md\/#\/schema\/logo\/image\/","url":"https:\/\/xstyle.md\/wp-content\/uploads\/2020\/06\/logoicon.svg","contentUrl":"https:\/\/xstyle.md\/wp-content\/uploads\/2020\/06\/logoicon.svg","caption":"\u041c\u0430\u0433\u0430\u0437\u0438\u043d Xstyle"},"image":{"@id":"https:\/\/xstyle.md\/#\/schema\/logo\/image\/"},"sameAs":["https:\/\/www.facebook.com\/xstylemd","https:\/\/www.instagram.com\/xstyle_md\/","https:\/\/t.me\/xstyle_outdoor"],"hasMerchantReturnPolicy":{"@type":"MerchantReturnPolicy","merchantReturnLink":"https:\/\/xstyle.md\/ro\/conditions\/"}}]},"product_price_amount":"390.00","product_price_currency":"MDL","og_availability":"out of stock","product_availability":"out of stock","product_retailer_item_id":"8445042938331","product_condition":"new"},"post_mailing_queue_ids":[],"_links":{"self":[{"href":"https:\/\/xstyle.md\/ro\/wp-json\/wp\/v2\/product\/88495","targetHints":{"allow":["GET"]}}],"collection":[{"href":"https:\/\/xstyle.md\/ro\/wp-json\/wp\/v2\/product"}],"about":[{"href":"https:\/\/xstyle.md\/ro\/wp-json\/wp\/v2\/types\/product"}],"replies":[{"embeddable":true,"href":"https:\/\/xstyle.md\/ro\/wp-json\/wp\/v2\/comments?post=88495"}],"wp:featuredmedia":[{"embeddable":true,"href":"https:\/\/xstyle.md\/ro\/wp-json\/wp\/v2\/media\/62225"}],"wp:attachment":[{"href":"https:\/\/xstyle.md\/ro\/wp-json\/wp\/v2\/media?parent=88495"}],"wp:term":[{"taxonomy":"product_brand","embeddable":true,"href":"https:\/\/xstyle.md\/ro\/wp-json\/wp\/v2\/product_brand?post=88495"},{"taxonomy":"product_cat","embeddable":true,"href":"https:\/\/xstyle.md\/ro\/wp-json\/wp\/v2\/product_cat?post=88495"},{"taxonomy":"product_tag","embeddable":true,"href":"https:\/\/xstyle.md\/ro\/wp-json\/wp\/v2\/product_tag?post=88495"}],"curies":[{"name":"wp","href":"https:\/\/api.w.org\/{rel}","templated":true}]}}