{"id":87751,"date":"2024-09-15T19:54:15","date_gmt":"2024-09-15T16:54:15","guid":{"rendered":"https:\/\/xstyle.md\/?post_type=product&#038;p=87751"},"modified":"2025-10-24T13:02:28","modified_gmt":"2025-10-24T10:02:28","slug":"trp_language-languageru_ruspalnyj-meshok-odeyalo-pinguin-safari-khaki-trp_languagetrp_language-languagero_rosac-de-dormit-pinguin-safari-khaki-trp_language","status":"publish","type":"product","link":"https:\/\/xstyle.md\/ro\/produs\/trp_language-languageru_ruspalnyj-meshok-odeyalo-pinguin-safari-khaki-trp_languagetrp_language-languagero_rosac-de-dormit-pinguin-safari-khaki-trp_language\/","title":{"rendered":"Sac de dormit Pinguin Safari khaki"},"content":{"rendered":"<\/p>\n<p><strong>Pinguin Safari<\/strong> &#8212; este o alegere excelent\u0103 pentru odihn\u0103 activ\u0103 \u00een perioada prim\u0103verii \u0219i toamnei. Practic, u\u0219or \u0219i compact, este u\u0219or de transportat, chiar \u0219i atunci c\u00e2nd face\u021bi drume\u021bii. Safari poate fi folosit \u0219i ca plapum\u0103, gluga sacului de dormit are o structur\u0103 anatomic\u0103 care spore\u0219te confortul. \u021aes\u0103tura este practic\u0103, durabil\u0103, are un interior durabil \u0219i respirabil, umplutura acestui model p\u0103streaz\u0103 perfect c\u0103ldura, asigur\u00e2nd confort.<\/p>\n<p>Sacul de dormit Pinguin Safari este ideal pentru drume\u021biile pe perioada mai c\u0103lduroas\u0103 a anului. Datorit\u0103 structurii sale dense izoleaz\u0103 bine corpul de temperaturile mai r\u0103coroase. Acesta este rezistent la umiditate, datorit\u0103 matarialului exterior cu propriet\u0103\u021bi hidrofobe. Modelul u\u0219or, pate fi compesat \u00eentr-un sac de dimensiuni mici \u0219i ata\u0219at la rucsac.<\/p>\n<h3>Specifica\u021bii<\/h3>\n<ul>\n<li>aparator+ izolator termic la fermoar<\/li>\n<li>sac compresie (se poate compresa volumul sacului cu 40%)<\/li>\n<li>2 ag\u0103\u021b\u0103toare pe partea de jos a sacului de dormit, pentru depozitare \u00een condi\u021bii optime<\/li>\n<li>banda velcro pentru asigurarea fermoarului<\/li>\n<li>fermoar: dreapta\/st\u00e2nga<\/li>\n<\/ul>\n<h3>Caracteristici<\/h3>\n<ul>\n<li>temperaturi maxim\u0103 + 6 \u00b0 minim\u0103 + 1 \u00b0 extrem\u0103 -6 \u00b0<\/li>\n<li>umplutur\u0103 Hollowfiber-1, 200 g \/ cm, 1 strat<\/li>\n<li>dimensiuni sac de dormit 190&#215;80 cm<\/li>\n<li>dimensiune ambalat\u0103 (non-comprimat\u0103) sac de 38&#215;22 cm<\/li>\n<li>material exterior Nylon DWR Material interior bumbac + poliester<\/li>\n<\/ul>\n<p><\/p>","protected":false},"excerpt":{"rendered":"<p>\u0421\u043f\u0430\u043b\u044c\u043d\u044b\u0439 \u043c\u0435\u0448\u043e\u043a-\u043e\u0434\u0435\u044f\u043b\u043e Pinguin Safari<\/p>","protected":false},"featured_media":87759,"comment_status":"open","ping_status":"closed","template":"","meta":{"_acf_changed":false,"inline_featured_image":false},"product_brand":[1263],"product_cat":[304],"product_tag":[],"class_list":{"0":"post-87751","1":"product","2":"type-product","3":"status-publish","4":"has-post-thumbnail","6":"product_brand-pinguin","7":"product_cat-blankets","9":"first","10":"instock","11":"shipping-taxable","12":"purchasable","13":"product-type-simple"},"acf":[],"yoast_head":"<!-- This site is optimized with the Yoast SEO plugin v27.2 - https:\/\/yoast.com\/product\/yoast-seo-wordpress\/ -->\n<title>\u0421\u043f\u0430\u043b\u044c\u043d\u044b\u0439 \u043c\u0435\u0448\u043e\u043a-\u043e\u0434\u0435\u044f\u043b\u043e Pinguin Safari khaki - \u041c\u0430\u0433\u0430\u0437\u0438\u043d Xstyle<\/title>\n<meta name=\"description\" content=\"\u0421\u043f\u0430\u043b\u044c\u043d\u044b\u0439 \u043c\u0435\u0448\u043e\u043a-\u043e\u0434\u0435\u044f\u043b\u043e Pinguin Safari khaki - \u0438\u0434\u0435\u0430\u043b\u0435\u043d \u0434\u043b\u044f \u0430\u043a\u0442\u0438\u0432\u043d\u043e\u0433\u043e \u043e\u0442\u0434\u044b\u0445\u0430. \u041b\u0435\u0433\u043a\u0438\u0439, \u043a\u043e\u043c\u043f\u0430\u043a\u0442\u043d\u044b\u0439, \u0441 \u0432\u043e\u0434\u043e\u043e\u0442\u0442\u0430\u043b\u043a\u0438\u0432\u0430\u044e\u0449\u0438\u043c\u0438 \u0441\u0432\u043e\u0439\u0441\u0442\u0432\u0430\u043c\u0438. \u041a\u043e\u043c\u0444\u043e\u0440\u0442\u043d\u0430\u044f \u0442\u0435\u043c\u043f\u0435\u0440\u0430\u0442\u0443\u0440\u0430 \u0434\u043e +6\u00b0C!\" \/>\n<meta name=\"robots\" content=\"index, follow, max-snippet:-1, max-image-preview:large, max-video-preview:-1\" \/>\n<link rel=\"canonical\" href=\"https:\/\/xstyle.md\/ro\/produs\/trp_language-languageru_ruspalnyj-meshok-odeyalo-pinguin-safari-khaki-trp_languagetrp_language-languagero_rosac-de-dormit-pinguin-safari-khaki-trp_language\/\" \/>\n<meta property=\"og:locale\" content=\"ro_RO\" \/>\n<meta property=\"og:type\" content=\"article\" \/>\n<meta property=\"og:title\" content=\"\u0421\u043f\u0430\u043b\u044c\u043d\u044b\u0439 \u043c\u0435\u0448\u043e\u043a-\u043e\u0434\u0435\u044f\u043b\u043e Pinguin Safari khaki - \u041c\u0430\u0433\u0430\u0437\u0438\u043d Xstyle\" \/>\n<meta property=\"og:description\" content=\"\u0421\u043f\u0430\u043b\u044c\u043d\u044b\u0439 \u043c\u0435\u0448\u043e\u043a-\u043e\u0434\u0435\u044f\u043b\u043e Pinguin Safari khaki - \u0438\u0434\u0435\u0430\u043b\u0435\u043d \u0434\u043b\u044f \u0430\u043a\u0442\u0438\u0432\u043d\u043e\u0433\u043e \u043e\u0442\u0434\u044b\u0445\u0430. \u041b\u0435\u0433\u043a\u0438\u0439, \u043a\u043e\u043c\u043f\u0430\u043a\u0442\u043d\u044b\u0439, \u0441 \u0432\u043e\u0434\u043e\u043e\u0442\u0442\u0430\u043b\u043a\u0438\u0432\u0430\u044e\u0449\u0438\u043c\u0438 \u0441\u0432\u043e\u0439\u0441\u0442\u0432\u0430\u043c\u0438. \u041a\u043e\u043c\u0444\u043e\u0440\u0442\u043d\u0430\u044f \u0442\u0435\u043c\u043f\u0435\u0440\u0430\u0442\u0443\u0440\u0430 \u0434\u043e +6\u00b0C!\" \/>\n<meta property=\"og:url\" content=\"https:\/\/xstyle.md\/ro\/produs\/trp_language-languageru_ruspalnyj-meshok-odeyalo-pinguin-safari-khaki-trp_languagetrp_language-languagero_rosac-de-dormit-pinguin-safari-khaki-trp_language\/\" \/>\n<meta property=\"og:site_name\" content=\"\u041c\u0430\u0433\u0430\u0437\u0438\u043d Xstyle\" \/>\n<meta property=\"article:publisher\" content=\"https:\/\/www.facebook.com\/xstylemd\" \/>\n<meta property=\"article:modified_time\" content=\"2025-10-24T10:02:28+00:00\" \/>\n<meta property=\"og:image\" content=\"https:\/\/xstyle.md\/wp-content\/uploads\/2024\/09\/pinguin-safari-khaki.jpg\" \/>\n\t<meta property=\"og:image:width\" content=\"517\" \/>\n\t<meta property=\"og:image:height\" content=\"738\" \/>\n\t<meta property=\"og:image:type\" content=\"image\/jpeg\" \/>\n<meta name=\"twitter:card\" content=\"summary_large_image\" \/>\n<meta name=\"twitter:label1\" content=\"Pre\u021b\" \/>\n\t<meta name=\"twitter:data1\" content=\"1.290&nbsp;MDL\" \/>\n\t<meta name=\"twitter:label2\" content=\"Disponibilitate\" \/>\n\t<meta name=\"twitter:data2\" content=\"\u00cen stoc\" \/>\n<script type=\"application\/ld+json\" class=\"yoast-schema-graph\">{\"@context\":\"https:\/\/schema.org\",\"@graph\":[{\"@type\":\"WebPage\",\"@id\":\"https:\/\/xstyle.md\/product\/trp_language-languageru_ruspalnyj-meshok-odeyalo-pinguin-safari-khaki-trp_languagetrp_language-languagero_rosac-de-dormit-pinguin-safari-khaki-trp_language\/\",\"url\":\"https:\/\/xstyle.md\/product\/trp_language-languageru_ruspalnyj-meshok-odeyalo-pinguin-safari-khaki-trp_languagetrp_language-languagero_rosac-de-dormit-pinguin-safari-khaki-trp_language\/\",\"name\":\"\u0421\u043f\u0430\u043b\u044c\u043d\u044b\u0439 \u043c\u0435\u0448\u043e\u043a-\u043e\u0434\u0435\u044f\u043b\u043e Pinguin Safari khaki - \u041c\u0430\u0433\u0430\u0437\u0438\u043d Xstyle\",\"isPartOf\":{\"@id\":\"https:\/\/xstyle.md\/#website\"},\"primaryImageOfPage\":{\"@id\":\"https:\/\/xstyle.md\/product\/trp_language-languageru_ruspalnyj-meshok-odeyalo-pinguin-safari-khaki-trp_languagetrp_language-languagero_rosac-de-dormit-pinguin-safari-khaki-trp_language\/#primaryimage\"},\"image\":{\"@id\":\"https:\/\/xstyle.md\/product\/trp_language-languageru_ruspalnyj-meshok-odeyalo-pinguin-safari-khaki-trp_languagetrp_language-languagero_rosac-de-dormit-pinguin-safari-khaki-trp_language\/#primaryimage\"},\"thumbnailUrl\":\"https:\/\/xstyle.md\/wp-content\/uploads\/2024\/09\/pinguin-safari-khaki.jpg\",\"datePublished\":\"2024-09-15T16:54:15+00:00\",\"dateModified\":\"2025-10-24T10:02:28+00:00\",\"description\":\"\u0421\u043f\u0430\u043b\u044c\u043d\u044b\u0439 \u043c\u0435\u0448\u043e\u043a-\u043e\u0434\u0435\u044f\u043b\u043e Pinguin Safari khaki - \u0438\u0434\u0435\u0430\u043b\u0435\u043d \u0434\u043b\u044f \u0430\u043a\u0442\u0438\u0432\u043d\u043e\u0433\u043e \u043e\u0442\u0434\u044b\u0445\u0430. \u041b\u0435\u0433\u043a\u0438\u0439, \u043a\u043e\u043c\u043f\u0430\u043a\u0442\u043d\u044b\u0439, \u0441 \u0432\u043e\u0434\u043e\u043e\u0442\u0442\u0430\u043b\u043a\u0438\u0432\u0430\u044e\u0449\u0438\u043c\u0438 \u0441\u0432\u043e\u0439\u0441\u0442\u0432\u0430\u043c\u0438. \u041a\u043e\u043c\u0444\u043e\u0440\u0442\u043d\u0430\u044f \u0442\u0435\u043c\u043f\u0435\u0440\u0430\u0442\u0443\u0440\u0430 \u0434\u043e +6\u00b0C!\",\"breadcrumb\":{\"@id\":\"https:\/\/xstyle.md\/product\/trp_language-languageru_ruspalnyj-meshok-odeyalo-pinguin-safari-khaki-trp_languagetrp_language-languagero_rosac-de-dormit-pinguin-safari-khaki-trp_language\/#breadcrumb\"},\"inLanguage\":\"ro-RO\",\"potentialAction\":[{\"@type\":\"ReadAction\",\"target\":[\"https:\/\/xstyle.md\/product\/trp_language-languageru_ruspalnyj-meshok-odeyalo-pinguin-safari-khaki-trp_languagetrp_language-languagero_rosac-de-dormit-pinguin-safari-khaki-trp_language\/\"]}]},{\"@type\":\"ImageObject\",\"inLanguage\":\"ro-RO\",\"@id\":\"https:\/\/xstyle.md\/product\/trp_language-languageru_ruspalnyj-meshok-odeyalo-pinguin-safari-khaki-trp_languagetrp_language-languagero_rosac-de-dormit-pinguin-safari-khaki-trp_language\/#primaryimage\",\"url\":\"https:\/\/xstyle.md\/wp-content\/uploads\/2024\/09\/pinguin-safari-khaki.jpg\",\"contentUrl\":\"https:\/\/xstyle.md\/wp-content\/uploads\/2024\/09\/pinguin-safari-khaki.jpg\",\"width\":517,\"height\":738,\"caption\":\"\u041a\u0443\u0440\u0442\u043a\u0430 \u043f\u0438\u043d\u0433\u0432\u0438\u043d \u0441\u0430\u0444\u0430\u0440\u0438 \u0445\u0430\u043a\u0438 \u0434\u043b\u044f \u0430\u043a\u0442\u0438\u0432\u043d\u043e\u0433\u043e \u043e\u0442\u0434\u044b\u0445\u0430, \u043f\u043e\u0445\u043e\u0434\u043e\u0432, \u0430\u043b\u044c\u043f\u0438\u043d\u0438\u0437\u043c\u0430 \u0438 \u043f\u0443\u0442\u0435\u0448\u0435\u0441\u0442\u0432\u0438\u0439, \u0441\u0442\u0438\u043b\u044c\u043d\u0430\u044f \u0438 \u0444\u0443\u043d\u043a\u0446\u0438\u043e\u043d\u0430\u043b\u044c\u043d\u0430\u044f.\"},{\"@type\":\"BreadcrumbList\",\"@id\":\"https:\/\/xstyle.md\/product\/trp_language-languageru_ruspalnyj-meshok-odeyalo-pinguin-safari-khaki-trp_languagetrp_language-languagero_rosac-de-dormit-pinguin-safari-khaki-trp_language\/#breadcrumb\",\"itemListElement\":[{\"@type\":\"ListItem\",\"position\":1,\"name\":\"\u0413\u043b\u0430\u0432\u043d\u0430\u044f \u0441\u0442\u0440\u0430\u043d\u0438\u0446\u0430\",\"item\":\"https:\/\/xstyle.md\/\"},{\"@type\":\"ListItem\",\"position\":2,\"name\":\"\u041c\u0430\u0433\u0430\u0437\u0438\u043d\",\"item\":\"https:\/\/xstyle.md\/shop\/\"},{\"@type\":\"ListItem\",\"position\":3,\"name\":\"\u0421\u043f\u0430\u043b\u044c\u043d\u044b\u0439 \u043c\u0435\u0448\u043e\u043a-\u043e\u0434\u0435\u044f\u043b\u043e Pinguin Safari khaki\"}]},{\"@type\":\"WebSite\",\"@id\":\"https:\/\/xstyle.md\/#website\",\"url\":\"https:\/\/xstyle.md\/\",\"name\":\"\u041c\u0430\u0433\u0430\u0437\u0438\u043d Xstyle\",\"description\":\"C\u043d\u0430\u0440\u044f\u0436\u0435\u043d\u0438\u0435 \u0434\u043b\u044f \u0442\u0443\u0440\u0438\u0437\u043c\u0430 \u0438 \u044d\u043a\u0441\u0442\u0440\u0435\u043c\u0430\u043b\u044c\u043d\u044b\u0445 \u0432\u0438\u0434\u043e\u0432 \u0441\u043f\u043e\u0440\u0442\u0430 \u0432 \u041c\u043e\u043b\u0434\u043e\u0432\u0435.. \u0426\u0435\u043d\u044b, \u0444\u043e\u0442\u043e, \u0445\u0430\u0440\u0430\u043a\u0442\u0435\u0440\u0438\u0441\u0442\u0438\u043a\u0438 \u0432 \u041c\u043e\u043b\u0434\u043e\u0432\u0435.\",\"publisher\":{\"@id\":\"https:\/\/xstyle.md\/#organization\"},\"alternateName\":\"X-Style\",\"potentialAction\":[{\"@type\":\"SearchAction\",\"target\":{\"@type\":\"EntryPoint\",\"urlTemplate\":\"https:\/\/xstyle.md\/?s={search_term_string}\"},\"query-input\":{\"@type\":\"PropertyValueSpecification\",\"valueRequired\":true,\"valueName\":\"search_term_string\"}}],\"inLanguage\":\"ro-RO\"},{\"@type\":\"Organization\",\"@id\":\"https:\/\/xstyle.md\/#organization\",\"name\":\"\u041c\u0430\u0433\u0430\u0437\u0438\u043d Xstyle\",\"alternateName\":\"x-style\",\"url\":\"https:\/\/xstyle.md\/\",\"logo\":{\"@type\":\"ImageObject\",\"inLanguage\":\"ro-RO\",\"@id\":\"https:\/\/xstyle.md\/#\/schema\/logo\/image\/\",\"url\":\"https:\/\/xstyle.md\/wp-content\/uploads\/2020\/06\/logoicon.svg\",\"contentUrl\":\"https:\/\/xstyle.md\/wp-content\/uploads\/2020\/06\/logoicon.svg\",\"caption\":\"\u041c\u0430\u0433\u0430\u0437\u0438\u043d Xstyle\"},\"image\":{\"@id\":\"https:\/\/xstyle.md\/#\/schema\/logo\/image\/\"},\"sameAs\":[\"https:\/\/www.facebook.com\/xstylemd\",\"https:\/\/www.instagram.com\/xstyle_md\/\",\"https:\/\/t.me\/xstyle_outdoor\"],\"hasMerchantReturnPolicy\":{\"@type\":\"MerchantReturnPolicy\",\"merchantReturnLink\":\"https:\/\/xstyle.md\/ro\/conditions\/\"}}]}<\/script>\n<meta property=\"product:price:amount\" content=\"1290.00\" \/>\n<meta property=\"product:price:currency\" content=\"MDL\" \/>\n<meta property=\"og:availability\" content=\"instock\" \/>\n<meta property=\"product:availability\" content=\"instock\" \/>\n<meta property=\"product:retailer_item_id\" content=\"8592638240344\" \/>\n<meta property=\"product:condition\" content=\"new\" \/>\n<!-- \/ Yoast SEO plugin. -->","yoast_head_json":{"title":"Sac de dormit Pinguin Safari khaki - Magazin Xstyle","description":"Sac de dormit-plaids Pinguin Safari khaki - ideal pentru activit\u0103\u021bi \u00een aer liber. U\u0219or, compact, cu propriet\u0103\u021bi de respingere a apei. Temperatura confortabil\u0103 p\u00e2n\u0103 la +6\u00b0C!","robots":{"index":"index","follow":"follow","max-snippet":"max-snippet:-1","max-image-preview":"max-image-preview:large","max-video-preview":"max-video-preview:-1"},"canonical":"https:\/\/xstyle.md\/ro\/produs\/trp_language-languageru_ruspalnyj-meshok-odeyalo-pinguin-safari-khaki-trp_languagetrp_language-languagero_rosac-de-dormit-pinguin-safari-khaki-trp_language\/","og_locale":"ro_RO","og_type":"article","og_title":"\u0421\u043f\u0430\u043b\u044c\u043d\u044b\u0439 \u043c\u0435\u0448\u043e\u043a-\u043e\u0434\u0435\u044f\u043b\u043e Pinguin Safari khaki - \u041c\u0430\u0433\u0430\u0437\u0438\u043d Xstyle","og_description":"\u0421\u043f\u0430\u043b\u044c\u043d\u044b\u0439 \u043c\u0435\u0448\u043e\u043a-\u043e\u0434\u0435\u044f\u043b\u043e Pinguin Safari khaki - \u0438\u0434\u0435\u0430\u043b\u0435\u043d \u0434\u043b\u044f \u0430\u043a\u0442\u0438\u0432\u043d\u043e\u0433\u043e \u043e\u0442\u0434\u044b\u0445\u0430. \u041b\u0435\u0433\u043a\u0438\u0439, \u043a\u043e\u043c\u043f\u0430\u043a\u0442\u043d\u044b\u0439, \u0441 \u0432\u043e\u0434\u043e\u043e\u0442\u0442\u0430\u043b\u043a\u0438\u0432\u0430\u044e\u0449\u0438\u043c\u0438 \u0441\u0432\u043e\u0439\u0441\u0442\u0432\u0430\u043c\u0438. \u041a\u043e\u043c\u0444\u043e\u0440\u0442\u043d\u0430\u044f \u0442\u0435\u043c\u043f\u0435\u0440\u0430\u0442\u0443\u0440\u0430 \u0434\u043e +6\u00b0C!","og_url":"https:\/\/xstyle.md\/ro\/produs\/trp_language-languageru_ruspalnyj-meshok-odeyalo-pinguin-safari-khaki-trp_languagetrp_language-languagero_rosac-de-dormit-pinguin-safari-khaki-trp_language\/","og_site_name":"\u041c\u0430\u0433\u0430\u0437\u0438\u043d Xstyle","article_publisher":"https:\/\/www.facebook.com\/xstylemd","article_modified_time":"2025-10-24T10:02:28+00:00","og_image":[{"width":517,"height":738,"url":"https:\/\/xstyle.md\/wp-content\/uploads\/2024\/09\/pinguin-safari-khaki.jpg","type":"image\/jpeg"}],"twitter_card":"summary_large_image","twitter_misc":{"Pre\u021b":"1.290&nbsp;MDL","Disponibilitate":"\u00cen stoc"},"schema":{"@context":"https:\/\/schema.org","@graph":[{"@type":"WebPage","@id":"https:\/\/xstyle.md\/product\/trp_language-languageru_ruspalnyj-meshok-odeyalo-pinguin-safari-khaki-trp_languagetrp_language-languagero_rosac-de-dormit-pinguin-safari-khaki-trp_language\/","url":"https:\/\/xstyle.md\/product\/trp_language-languageru_ruspalnyj-meshok-odeyalo-pinguin-safari-khaki-trp_languagetrp_language-languagero_rosac-de-dormit-pinguin-safari-khaki-trp_language\/","name":"Sac de dormit Pinguin Safari khaki - Magazin Xstyle","isPartOf":{"@id":"https:\/\/xstyle.md\/#website"},"primaryImageOfPage":{"@id":"https:\/\/xstyle.md\/product\/trp_language-languageru_ruspalnyj-meshok-odeyalo-pinguin-safari-khaki-trp_languagetrp_language-languagero_rosac-de-dormit-pinguin-safari-khaki-trp_language\/#primaryimage"},"image":{"@id":"https:\/\/xstyle.md\/product\/trp_language-languageru_ruspalnyj-meshok-odeyalo-pinguin-safari-khaki-trp_languagetrp_language-languagero_rosac-de-dormit-pinguin-safari-khaki-trp_language\/#primaryimage"},"thumbnailUrl":"https:\/\/xstyle.md\/wp-content\/uploads\/2024\/09\/pinguin-safari-khaki.jpg","datePublished":"2024-09-15T16:54:15+00:00","dateModified":"2025-10-24T10:02:28+00:00","description":"Sac de dormit-plaids Pinguin Safari khaki - ideal pentru activit\u0103\u021bi \u00een aer liber. U\u0219or, compact, cu propriet\u0103\u021bi de respingere a apei. Temperatura confortabil\u0103 p\u00e2n\u0103 la +6\u00b0C!","breadcrumb":{"@id":"https:\/\/xstyle.md\/product\/trp_language-languageru_ruspalnyj-meshok-odeyalo-pinguin-safari-khaki-trp_languagetrp_language-languagero_rosac-de-dormit-pinguin-safari-khaki-trp_language\/#breadcrumb"},"inLanguage":"ro-RO","potentialAction":[{"@type":"ReadAction","target":["https:\/\/xstyle.md\/product\/trp_language-languageru_ruspalnyj-meshok-odeyalo-pinguin-safari-khaki-trp_languagetrp_language-languagero_rosac-de-dormit-pinguin-safari-khaki-trp_language\/"]}]},{"@type":"ImageObject","inLanguage":"ro-RO","@id":"https:\/\/xstyle.md\/product\/trp_language-languageru_ruspalnyj-meshok-odeyalo-pinguin-safari-khaki-trp_languagetrp_language-languagero_rosac-de-dormit-pinguin-safari-khaki-trp_language\/#primaryimage","url":"https:\/\/xstyle.md\/wp-content\/uploads\/2024\/09\/pinguin-safari-khaki.jpg","contentUrl":"https:\/\/xstyle.md\/wp-content\/uploads\/2024\/09\/pinguin-safari-khaki.jpg","width":517,"height":738,"caption":"\u041a\u0443\u0440\u0442\u043a\u0430 \u043f\u0438\u043d\u0433\u0432\u0438\u043d \u0441\u0430\u0444\u0430\u0440\u0438 \u0445\u0430\u043a\u0438 \u0434\u043b\u044f \u0430\u043a\u0442\u0438\u0432\u043d\u043e\u0433\u043e \u043e\u0442\u0434\u044b\u0445\u0430, \u043f\u043e\u0445\u043e\u0434\u043e\u0432, \u0430\u043b\u044c\u043f\u0438\u043d\u0438\u0437\u043c\u0430 \u0438 \u043f\u0443\u0442\u0435\u0448\u0435\u0441\u0442\u0432\u0438\u0439, \u0441\u0442\u0438\u043b\u044c\u043d\u0430\u044f \u0438 \u0444\u0443\u043d\u043a\u0446\u0438\u043e\u043d\u0430\u043b\u044c\u043d\u0430\u044f."},{"@type":"BreadcrumbList","@id":"https:\/\/xstyle.md\/product\/trp_language-languageru_ruspalnyj-meshok-odeyalo-pinguin-safari-khaki-trp_languagetrp_language-languagero_rosac-de-dormit-pinguin-safari-khaki-trp_language\/#breadcrumb","itemListElement":[{"@type":"ListItem","position":1,"name":"\u0413\u043b\u0430\u0432\u043d\u0430\u044f \u0441\u0442\u0440\u0430\u043d\u0438\u0446\u0430","item":"https:\/\/xstyle.md\/"},{"@type":"ListItem","position":2,"name":"\u041c\u0430\u0433\u0430\u0437\u0438\u043d","item":"https:\/\/xstyle.md\/shop\/"},{"@type":"ListItem","position":3,"name":"\u0421\u043f\u0430\u043b\u044c\u043d\u044b\u0439 \u043c\u0435\u0448\u043e\u043a-\u043e\u0434\u0435\u044f\u043b\u043e Pinguin Safari khaki"}]},{"@type":"WebSite","@id":"https:\/\/xstyle.md\/#website","url":"https:\/\/xstyle.md\/","name":"Magazinul X-Style","description":"Echipamente pentru turism \u0219i sporturi extreme \u00een Moldova. Pre\u021buri, fotografii, caracteristici \u00een Moldova.","publisher":{"@id":"https:\/\/xstyle.md\/#organization"},"alternateName":"X-Style","potentialAction":[{"@type":"SearchAction","target":{"@type":"EntryPoint","urlTemplate":"https:\/\/xstyle.md\/?s={search_term_string}"},"query-input":{"@type":"PropertyValueSpecification","valueRequired":true,"valueName":"search_term_string"}}],"inLanguage":"ro-RO"},{"@type":"Organization","@id":"https:\/\/xstyle.md\/#organization","name":"Magazinul X-Style","alternateName":"x-style","url":"https:\/\/xstyle.md\/","logo":{"@type":"ImageObject","inLanguage":"ro-RO","@id":"https:\/\/xstyle.md\/#\/schema\/logo\/image\/","url":"https:\/\/xstyle.md\/wp-content\/uploads\/2020\/06\/logoicon.svg","contentUrl":"https:\/\/xstyle.md\/wp-content\/uploads\/2020\/06\/logoicon.svg","caption":"\u041c\u0430\u0433\u0430\u0437\u0438\u043d Xstyle"},"image":{"@id":"https:\/\/xstyle.md\/#\/schema\/logo\/image\/"},"sameAs":["https:\/\/www.facebook.com\/xstylemd","https:\/\/www.instagram.com\/xstyle_md\/","https:\/\/t.me\/xstyle_outdoor"],"hasMerchantReturnPolicy":{"@type":"MerchantReturnPolicy","merchantReturnLink":"https:\/\/xstyle.md\/ro\/conditions\/"}}]},"product_price_amount":"1290.00","product_price_currency":"MDL","og_availability":"instock","product_availability":"instock","product_retailer_item_id":"8592638240344","product_condition":"new"},"post_mailing_queue_ids":[],"_links":{"self":[{"href":"https:\/\/xstyle.md\/ro\/wp-json\/wp\/v2\/product\/87751","targetHints":{"allow":["GET"]}}],"collection":[{"href":"https:\/\/xstyle.md\/ro\/wp-json\/wp\/v2\/product"}],"about":[{"href":"https:\/\/xstyle.md\/ro\/wp-json\/wp\/v2\/types\/product"}],"replies":[{"embeddable":true,"href":"https:\/\/xstyle.md\/ro\/wp-json\/wp\/v2\/comments?post=87751"}],"wp:featuredmedia":[{"embeddable":true,"href":"https:\/\/xstyle.md\/ro\/wp-json\/wp\/v2\/media\/87759"}],"wp:attachment":[{"href":"https:\/\/xstyle.md\/ro\/wp-json\/wp\/v2\/media?parent=87751"}],"wp:term":[{"taxonomy":"product_brand","embeddable":true,"href":"https:\/\/xstyle.md\/ro\/wp-json\/wp\/v2\/product_brand?post=87751"},{"taxonomy":"product_cat","embeddable":true,"href":"https:\/\/xstyle.md\/ro\/wp-json\/wp\/v2\/product_cat?post=87751"},{"taxonomy":"product_tag","embeddable":true,"href":"https:\/\/xstyle.md\/ro\/wp-json\/wp\/v2\/product_tag?post=87751"}],"curies":[{"name":"wp","href":"https:\/\/api.w.org\/{rel}","templated":true}]}}