{"id":87702,"date":"2024-09-15T17:57:48","date_gmt":"2024-09-15T14:57:48","guid":{"rendered":"https:\/\/xstyle.md\/?post_type=product&#038;p=87702"},"modified":"2026-04-07T15:06:22","modified_gmt":"2026-04-07T12:06:22","slug":"strahovochnaya-sistema-singing-rock-garnet-mahogany-brown","status":"publish","type":"product","link":"https:\/\/xstyle.md\/ro\/produs\/strahovochnaya-sistema-singing-rock-garnet-mahogany-brown\/","title":{"rendered":"Ham Singing Rock Garnet mahogany brown"},"content":{"rendered":"<\/p>\n<p><strong>Ham Singing Rock Garnet <\/strong>ham universal pentru escalad\u0103 \u0219i alpinism. Cureaua \u0219i buclele pentru picioare sunt realizate din spum\u0103 EVA \u0219i \u021bes\u0103tur\u0103 PES respirabil\u0103 \u0219i rezistent\u0103 la abraziune, pentru un confort maxim. Alegerea ideal\u0103 pentru alpini\u0219tii care doresc s\u0103 foloseasc\u0103 un singur ham pentru toate activit\u0103\u021bile de alpinism.<\/p>\n<h3>Particularit\u0103\u021bi<\/h3>\n<ul>\n<li>Centura \u0219i buclele pentru picioare pot fi ajustate cu ajutorul cataramei fiabile Rock&amp;Lock din o\u021bel inoxidabil rezistent la coroziune.<\/li>\n<li>Datorit\u0103 cataramei deta\u0219abile Rock&amp;Lock de pe buclele de picior, este posibil s\u0103 se pun\u0103 hamul f\u0103r\u0103 a scoate crampoanele sau schiurile.<\/li>\n<li>\u0218nururile \u0219i cataramele Rock&amp;Lock asigur\u0103 o reglare foarte lin\u0103 a centurii \u0219i a buclelor pentru picioare.<\/li>\n<li>Designul ergonomic al hamului combin\u0103 confortul \u0219i greutatea redus\u0103<\/li>\n<li>Centura \u0219i buclele pentru picioare sunt realizate din spum\u0103 EVA \u0219i \u021bes\u0103tur\u0103 PES respirabil\u0103 \u0219i rezistent\u0103 la abraziune.<\/li>\n<li>Un jumper duplicat la punctul de prindere a buclelor de picior va reduce semnificativ tensiunile traumatice cauzate de alunecarea lateral\u0103 \u00een cazul leg\u0103rii necorespunz\u0103toare (rupere) a fr\u00e2nghiei de siguran\u021b\u0103.<\/li>\n<li>Dou\u0103 puncte pentru fixarea carabinierelor auxiliare &#8212; &#171;caritools&#187;.<\/li>\n<li>4 bucle de \u00eenc\u0103rcare proiectate ergonomic pentru a g\u0103zdui tot echipamentul necesar<\/li>\n<li>Semicercul de marf\u0103 din spate pentru ag\u0103\u021barea echipamentului are o capacitate de \u00eenc\u0103rcare de 30 kg.<\/li>\n<li>Sistemul de montare Singing Rock BMI v\u0103 permite s\u0103 regla\u021bi cu precizie circumferin\u021ba hamului pentru a \u021bine cont de eventualele modific\u0103ri ale num\u0103rului de straturi de \u00eembr\u0103c\u0103minte folosite \u0219i de greutatea purt\u0103torului.<\/li>\n<\/ul>\n<h3>Caracteristici<\/h3>\n<ul>\n<li>Material &#8212; poliester, EVA<\/li>\n<li>Greutate &#8212; 380 g (\u00b1 15 g)<\/li>\n<li>Certificare &#8212; CE 1019, EN 12277, UIAA<\/li>\n<\/ul>\n<h3>Marca<\/h3>\n<p>SINGING ROCK este o companie ceh\u0103 angajat\u0103 \u00een produc\u021bia de echipamente de alpinism \u0219i escalad\u0103. A fondat\u0103 \u00een 1992 de doi alpini\u0219ti cehi \u0219i de un om de afaceri belgian. Compania se concentreaz\u0103 pe utilizarea celor mai moderne progrese \u0219i evolu\u021bii \u00een produc\u021bie. SingingRock lucreaz\u0103 \u00een str\u00e2ns\u0103 leg\u0103tur\u0103 cu mul\u021bi alpini\u0219ti renumi\u021bi care testeaz\u0103 noile produse \u0219i ale c\u0103ror opinii suntotdeauna luate \u00een considerare \u00een timpul dezvolt\u0103rii.<\/p>\n<p>SINGING ROCK este una dintre cele mai importante companii din lume \u00een domeniul echipamentelor profesionale, \u00een scopul instruirii \u00een domeniul criminalit\u0103\u021bii, pentru militari \u0219 i pentru serviciile de urgen\u021b\u0103. Societatea furnizeaz\u0103 hamuri, fr\u00e2nghii, scripe\u021bi \u0219i carabiniere, dispozitive de cobor\u00e2re \u00een rapel, dispozitive de siguran\u021b\u0103 pentru lucrul \u00een\u0103l\u021bime, dispozitive de prindere ancorelor, fr\u00e2nghii de siguran\u021b\u0103 \u0219i alte echipamente necesare pentru acest tip de munc\u0103. Toate aceste produse sunt dezvoltate \u0219i fabricate \u00een Republica Ceh\u0103, \u00een Europa. Acestea sunt certificate \u0219i respect\u0103 standardele interna\u021bionale de securitate a muncii.<\/p>\n<p><\/p>","protected":false},"excerpt":{"rendered":"<p>\u0421\u0442\u0440\u0430\u0445\u043e\u0432\u043e\u0447\u043d\u0430\u044f \u0441\u0438\u0441\u0442\u0435\u043c\u0430 Singing Rock Garnet<\/p>","protected":false},"featured_media":87704,"comment_status":"open","ping_status":"closed","template":"","meta":{"_acf_changed":false,"inline_featured_image":false},"product_brand":[1276],"product_cat":[93],"product_tag":[],"class_list":{"0":"post-87702","1":"product","2":"type-product","3":"status-publish","4":"has-post-thumbnail","6":"product_brand-singing-rock","7":"product_cat-binding","9":"first","10":"instock","11":"shipping-taxable","12":"purchasable","13":"product-type-simple"},"acf":[],"yoast_head":"<!-- This site is optimized with the Yoast SEO plugin v27.4 - https:\/\/yoast.com\/product\/yoast-seo-wordpress\/ -->\n<title>\u0421\u0442\u0440\u0430\u0445\u043e\u0432\u043e\u0447\u043d\u0430\u044f \u0441\u0438\u0441\u0442\u0435\u043c\u0430 Singing Rock Garnet mahogany brown - \u041c\u0430\u0433\u0430\u0437\u0438\u043d Xstyle<\/title>\n<meta name=\"description\" content=\"\u0421\u0442\u0440\u0430\u0445\u043e\u0432\u043e\u0447\u043d\u0430\u044f \u0441\u0438\u0441\u0442\u0435\u043c\u0430 Singing Rock Garnet - \u0438\u0434\u0435\u0430\u043b\u044c\u043d\u044b\u0439 \u0432\u044b\u0431\u043e\u0440 \u0434\u043b\u044f \u0430\u043b\u044c\u043f\u0438\u043d\u0438\u0441\u0442\u043e\u0432! \u041a\u043e\u043c\u0444\u043e\u0440\u0442\u043d\u0430\u044f, \u043f\u0440\u043e\u0447\u043d\u0430\u044f \u0438 \u043d\u0430\u0434\u0435\u0436\u043d\u0430\u044f. \u041e\u0442\u043a\u0440\u043e\u0439\u0442\u0435 \u043d\u043e\u0432\u044b\u0435 \u0432\u044b\u0441\u043e\u0442\u044b \u0441 \u0443\u0432\u0435\u0440\u0435\u043d\u043d\u043e\u0441\u0442\u044c!\" \/>\n<meta name=\"robots\" content=\"index, follow, max-snippet:-1, max-image-preview:large, max-video-preview:-1\" \/>\n<link rel=\"canonical\" href=\"https:\/\/xstyle.md\/ro\/produs\/strahovochnaya-sistema-singing-rock-garnet-mahogany-brown\/\" \/>\n<meta property=\"og:locale\" content=\"ro_RO\" \/>\n<meta property=\"og:type\" content=\"article\" \/>\n<meta property=\"og:title\" content=\"\u0421\u0442\u0440\u0430\u0445\u043e\u0432\u043e\u0447\u043d\u0430\u044f \u0441\u0438\u0441\u0442\u0435\u043c\u0430 Singing Rock Garnet mahogany brown - \u041c\u0430\u0433\u0430\u0437\u0438\u043d Xstyle\" \/>\n<meta property=\"og:description\" content=\"\u0421\u0442\u0440\u0430\u0445\u043e\u0432\u043e\u0447\u043d\u0430\u044f \u0441\u0438\u0441\u0442\u0435\u043c\u0430 Singing Rock Garnet - \u0438\u0434\u0435\u0430\u043b\u044c\u043d\u044b\u0439 \u0432\u044b\u0431\u043e\u0440 \u0434\u043b\u044f \u0430\u043b\u044c\u043f\u0438\u043d\u0438\u0441\u0442\u043e\u0432! \u041a\u043e\u043c\u0444\u043e\u0440\u0442\u043d\u0430\u044f, \u043f\u0440\u043e\u0447\u043d\u0430\u044f \u0438 \u043d\u0430\u0434\u0435\u0436\u043d\u0430\u044f. \u041e\u0442\u043a\u0440\u043e\u0439\u0442\u0435 \u043d\u043e\u0432\u044b\u0435 \u0432\u044b\u0441\u043e\u0442\u044b \u0441 \u0443\u0432\u0435\u0440\u0435\u043d\u043d\u043e\u0441\u0442\u044c!\" \/>\n<meta property=\"og:url\" content=\"https:\/\/xstyle.md\/ro\/produs\/strahovochnaya-sistema-singing-rock-garnet-mahogany-brown\/\" \/>\n<meta property=\"og:site_name\" content=\"\u041c\u0430\u0433\u0430\u0437\u0438\u043d Xstyle\" \/>\n<meta property=\"article:publisher\" content=\"https:\/\/www.facebook.com\/xstylemd\" \/>\n<meta property=\"article:modified_time\" content=\"2026-04-07T12:06:22+00:00\" \/>\n<meta property=\"og:image\" content=\"https:\/\/xstyle.md\/wp-content\/uploads\/2024\/09\/singing-rock-garnet-mahogany-brown-2.jpg\" \/>\n\t<meta property=\"og:image:width\" content=\"630\" \/>\n\t<meta property=\"og:image:height\" content=\"560\" \/>\n\t<meta property=\"og:image:type\" content=\"image\/jpeg\" \/>\n<meta name=\"twitter:card\" content=\"summary_large_image\" \/>\n<meta name=\"twitter:label1\" content=\"Pre\u021b\" \/>\n\t<meta name=\"twitter:data1\" content=\"1.390&nbsp;MDL\" \/>\n\t<meta name=\"twitter:label2\" content=\"Disponibilitate\" \/>\n\t<meta name=\"twitter:data2\" content=\"\u00cen stoc\" \/>\n<script type=\"application\/ld+json\" class=\"yoast-schema-graph\">{\"@context\":\"https:\\\/\\\/schema.org\",\"@graph\":[{\"@type\":\"WebPage\",\"@id\":\"https:\\\/\\\/xstyle.md\\\/product\\\/strahovochnaya-sistema-singing-rock-garnet-mahogany-brown\\\/\",\"url\":\"https:\\\/\\\/xstyle.md\\\/product\\\/strahovochnaya-sistema-singing-rock-garnet-mahogany-brown\\\/\",\"name\":\"\u0421\u0442\u0440\u0430\u0445\u043e\u0432\u043e\u0447\u043d\u0430\u044f \u0441\u0438\u0441\u0442\u0435\u043c\u0430 Singing Rock Garnet mahogany brown - \u041c\u0430\u0433\u0430\u0437\u0438\u043d Xstyle\",\"isPartOf\":{\"@id\":\"https:\\\/\\\/xstyle.md\\\/#website\"},\"primaryImageOfPage\":{\"@id\":\"https:\\\/\\\/xstyle.md\\\/product\\\/strahovochnaya-sistema-singing-rock-garnet-mahogany-brown\\\/#primaryimage\"},\"image\":{\"@id\":\"https:\\\/\\\/xstyle.md\\\/product\\\/strahovochnaya-sistema-singing-rock-garnet-mahogany-brown\\\/#primaryimage\"},\"thumbnailUrl\":\"https:\\\/\\\/xstyle.md\\\/wp-content\\\/uploads\\\/2024\\\/09\\\/singing-rock-garnet-mahogany-brown-2.jpg\",\"datePublished\":\"2024-09-15T14:57:48+00:00\",\"dateModified\":\"2026-04-07T12:06:22+00:00\",\"description\":\"\u0421\u0442\u0440\u0430\u0445\u043e\u0432\u043e\u0447\u043d\u0430\u044f \u0441\u0438\u0441\u0442\u0435\u043c\u0430 Singing Rock Garnet - \u0438\u0434\u0435\u0430\u043b\u044c\u043d\u044b\u0439 \u0432\u044b\u0431\u043e\u0440 \u0434\u043b\u044f \u0430\u043b\u044c\u043f\u0438\u043d\u0438\u0441\u0442\u043e\u0432! \u041a\u043e\u043c\u0444\u043e\u0440\u0442\u043d\u0430\u044f, \u043f\u0440\u043e\u0447\u043d\u0430\u044f \u0438 \u043d\u0430\u0434\u0435\u0436\u043d\u0430\u044f. \u041e\u0442\u043a\u0440\u043e\u0439\u0442\u0435 \u043d\u043e\u0432\u044b\u0435 \u0432\u044b\u0441\u043e\u0442\u044b \u0441 \u0443\u0432\u0435\u0440\u0435\u043d\u043d\u043e\u0441\u0442\u044c!\",\"breadcrumb\":{\"@id\":\"https:\\\/\\\/xstyle.md\\\/product\\\/strahovochnaya-sistema-singing-rock-garnet-mahogany-brown\\\/#breadcrumb\"},\"inLanguage\":\"ro-RO\",\"potentialAction\":[{\"@type\":\"ReadAction\",\"target\":[\"https:\\\/\\\/xstyle.md\\\/product\\\/strahovochnaya-sistema-singing-rock-garnet-mahogany-brown\\\/\"]}]},{\"@type\":\"ImageObject\",\"inLanguage\":\"ro-RO\",\"@id\":\"https:\\\/\\\/xstyle.md\\\/product\\\/strahovochnaya-sistema-singing-rock-garnet-mahogany-brown\\\/#primaryimage\",\"url\":\"https:\\\/\\\/xstyle.md\\\/wp-content\\\/uploads\\\/2024\\\/09\\\/singing-rock-garnet-mahogany-brown-2.jpg\",\"contentUrl\":\"https:\\\/\\\/xstyle.md\\\/wp-content\\\/uploads\\\/2024\\\/09\\\/singing-rock-garnet-mahogany-brown-2.jpg\",\"width\":630,\"height\":560,\"caption\":\"\u041c\u0443\u0436\u0441\u043a\u0438\u0435 \u0431\u043e\u0442\u0438\u043d\u043a\u0438 \u0434\u043b\u044f \u0430\u043a\u0442\u0438\u0432\u043d\u043e\u0433\u043e \u043e\u0442\u0434\u044b\u0445\u0430 \u0438 \u0442\u0443\u0440\u0438\u0437\u043c\u0430 \u0432 \u0446\u0432\u0435\u0442\u0435 \u043c\u0430\u0445\u0430\u0433\u043e\u043d, \u0438\u0434\u0435\u0430\u043b\u044c\u043d\u044b\u0435 \u0434\u043b\u044f \u043f\u043e\u0445\u043e\u0434\u043e\u0432 \u0438 \u0430\u043b\u044c\u043f\u0438\u043d\u0438\u0437\u043c\u0430.\"},{\"@type\":\"BreadcrumbList\",\"@id\":\"https:\\\/\\\/xstyle.md\\\/product\\\/strahovochnaya-sistema-singing-rock-garnet-mahogany-brown\\\/#breadcrumb\",\"itemListElement\":[{\"@type\":\"ListItem\",\"position\":1,\"name\":\"\u0413\u043b\u0430\u0432\u043d\u0430\u044f \u0441\u0442\u0440\u0430\u043d\u0438\u0446\u0430\",\"item\":\"https:\\\/\\\/xstyle.md\\\/\"},{\"@type\":\"ListItem\",\"position\":2,\"name\":\"\u041c\u0430\u0433\u0430\u0437\u0438\u043d\",\"item\":\"https:\\\/\\\/xstyle.md\\\/shop\\\/\"},{\"@type\":\"ListItem\",\"position\":3,\"name\":\"\u0421\u0442\u0440\u0430\u0445\u043e\u0432\u043e\u0447\u043d\u0430\u044f \u0441\u0438\u0441\u0442\u0435\u043c\u0430 Singing Rock Garnet mahogany brown\"}]},{\"@type\":\"WebSite\",\"@id\":\"https:\\\/\\\/xstyle.md\\\/#website\",\"url\":\"https:\\\/\\\/xstyle.md\\\/\",\"name\":\"\u041c\u0430\u0433\u0430\u0437\u0438\u043d Xstyle\",\"description\":\"C\u043d\u0430\u0440\u044f\u0436\u0435\u043d\u0438\u0435 \u0434\u043b\u044f \u0442\u0443\u0440\u0438\u0437\u043c\u0430 \u0438 \u044d\u043a\u0441\u0442\u0440\u0435\u043c\u0430\u043b\u044c\u043d\u044b\u0445 \u0432\u0438\u0434\u043e\u0432 \u0441\u043f\u043e\u0440\u0442\u0430 \u0432 \u041c\u043e\u043b\u0434\u043e\u0432\u0435.. \u0426\u0435\u043d\u044b, \u0444\u043e\u0442\u043e, \u0445\u0430\u0440\u0430\u043a\u0442\u0435\u0440\u0438\u0441\u0442\u0438\u043a\u0438 \u0432 \u041c\u043e\u043b\u0434\u043e\u0432\u0435.\",\"publisher\":{\"@id\":\"https:\\\/\\\/xstyle.md\\\/#organization\"},\"alternateName\":\"X-Style\",\"potentialAction\":[{\"@type\":\"SearchAction\",\"target\":{\"@type\":\"EntryPoint\",\"urlTemplate\":\"https:\\\/\\\/xstyle.md\\\/?s={search_term_string}\"},\"query-input\":{\"@type\":\"PropertyValueSpecification\",\"valueRequired\":true,\"valueName\":\"search_term_string\"}}],\"inLanguage\":\"ro-RO\"},{\"@type\":\"Organization\",\"@id\":\"https:\\\/\\\/xstyle.md\\\/#organization\",\"name\":\"\u041c\u0430\u0433\u0430\u0437\u0438\u043d Xstyle\",\"alternateName\":\"x-style\",\"url\":\"https:\\\/\\\/xstyle.md\\\/\",\"logo\":{\"@type\":\"ImageObject\",\"inLanguage\":\"ro-RO\",\"@id\":\"https:\\\/\\\/xstyle.md\\\/#\\\/schema\\\/logo\\\/image\\\/\",\"url\":\"https:\\\/\\\/xstyle.md\\\/wp-content\\\/uploads\\\/2020\\\/06\\\/logoicon.svg\",\"contentUrl\":\"https:\\\/\\\/xstyle.md\\\/wp-content\\\/uploads\\\/2020\\\/06\\\/logoicon.svg\",\"caption\":\"\u041c\u0430\u0433\u0430\u0437\u0438\u043d Xstyle\"},\"image\":{\"@id\":\"https:\\\/\\\/xstyle.md\\\/#\\\/schema\\\/logo\\\/image\\\/\"},\"sameAs\":[\"https:\\\/\\\/www.facebook.com\\\/xstylemd\",\"https:\\\/\\\/www.instagram.com\\\/xstyle_md\\\/\",\"https:\\\/\\\/t.me\\\/xstyle_outdoor\"],\"hasMerchantReturnPolicy\":{\"@type\":\"MerchantReturnPolicy\",\"merchantReturnLink\":\"https:\\\/\\\/xstyle.md\\\/ro\\\/conditions\\\/\"}}]}<\/script>\n<meta property=\"product:price:amount\" content=\"1390.00\" \/>\n<meta property=\"product:price:currency\" content=\"MDL\" \/>\n<meta property=\"og:availability\" content=\"instock\" \/>\n<meta property=\"product:availability\" content=\"instock\" \/>\n<meta property=\"product:retailer_item_id\" content=\"8595033362192\" \/>\n<meta property=\"product:condition\" content=\"new\" \/>\n<!-- \/ Yoast SEO plugin. -->","yoast_head_json":{"title":"Ham Singing Rock Garnet mahogany brown - Magazin Xstyle","description":"Sistemul de asigurare Singing Rock Garnet - alegerea ideal\u0103 pentru alpinisti! Confortabil, durabil \u0219i de \u00eencredere. Descoperi\u021bi noi \u00een\u0103l\u021bimi cu \u00eencredere!","robots":{"index":"index","follow":"follow","max-snippet":"max-snippet:-1","max-image-preview":"max-image-preview:large","max-video-preview":"max-video-preview:-1"},"canonical":"https:\/\/xstyle.md\/ro\/produs\/strahovochnaya-sistema-singing-rock-garnet-mahogany-brown\/","og_locale":"ro_RO","og_type":"article","og_title":"\u0421\u0442\u0440\u0430\u0445\u043e\u0432\u043e\u0447\u043d\u0430\u044f \u0441\u0438\u0441\u0442\u0435\u043c\u0430 Singing Rock Garnet mahogany brown - \u041c\u0430\u0433\u0430\u0437\u0438\u043d Xstyle","og_description":"\u0421\u0442\u0440\u0430\u0445\u043e\u0432\u043e\u0447\u043d\u0430\u044f \u0441\u0438\u0441\u0442\u0435\u043c\u0430 Singing Rock Garnet - \u0438\u0434\u0435\u0430\u043b\u044c\u043d\u044b\u0439 \u0432\u044b\u0431\u043e\u0440 \u0434\u043b\u044f \u0430\u043b\u044c\u043f\u0438\u043d\u0438\u0441\u0442\u043e\u0432! \u041a\u043e\u043c\u0444\u043e\u0440\u0442\u043d\u0430\u044f, \u043f\u0440\u043e\u0447\u043d\u0430\u044f \u0438 \u043d\u0430\u0434\u0435\u0436\u043d\u0430\u044f. \u041e\u0442\u043a\u0440\u043e\u0439\u0442\u0435 \u043d\u043e\u0432\u044b\u0435 \u0432\u044b\u0441\u043e\u0442\u044b \u0441 \u0443\u0432\u0435\u0440\u0435\u043d\u043d\u043e\u0441\u0442\u044c!","og_url":"https:\/\/xstyle.md\/ro\/produs\/strahovochnaya-sistema-singing-rock-garnet-mahogany-brown\/","og_site_name":"\u041c\u0430\u0433\u0430\u0437\u0438\u043d Xstyle","article_publisher":"https:\/\/www.facebook.com\/xstylemd","article_modified_time":"2026-04-07T12:06:22+00:00","og_image":[{"width":630,"height":560,"url":"https:\/\/xstyle.md\/wp-content\/uploads\/2024\/09\/singing-rock-garnet-mahogany-brown-2.jpg","type":"image\/jpeg"}],"twitter_card":"summary_large_image","twitter_misc":{"Pre\u021b":"1.390&nbsp;MDL","Disponibilitate":"\u00cen stoc"},"schema":{"@context":"https:\/\/schema.org","@graph":[{"@type":"WebPage","@id":"https:\/\/xstyle.md\/product\/strahovochnaya-sistema-singing-rock-garnet-mahogany-brown\/","url":"https:\/\/xstyle.md\/product\/strahovochnaya-sistema-singing-rock-garnet-mahogany-brown\/","name":"Ham Singing Rock Garnet mahogany brown - Magazin Xstyle","isPartOf":{"@id":"https:\/\/xstyle.md\/#website"},"primaryImageOfPage":{"@id":"https:\/\/xstyle.md\/product\/strahovochnaya-sistema-singing-rock-garnet-mahogany-brown\/#primaryimage"},"image":{"@id":"https:\/\/xstyle.md\/product\/strahovochnaya-sistema-singing-rock-garnet-mahogany-brown\/#primaryimage"},"thumbnailUrl":"https:\/\/xstyle.md\/wp-content\/uploads\/2024\/09\/singing-rock-garnet-mahogany-brown-2.jpg","datePublished":"2024-09-15T14:57:48+00:00","dateModified":"2026-04-07T12:06:22+00:00","description":"Sistemul de asigurare Singing Rock Garnet - alegerea ideal\u0103 pentru alpinisti! Confortabil, durabil \u0219i de \u00eencredere. Descoperi\u021bi noi \u00een\u0103l\u021bimi cu \u00eencredere!","breadcrumb":{"@id":"https:\/\/xstyle.md\/product\/strahovochnaya-sistema-singing-rock-garnet-mahogany-brown\/#breadcrumb"},"inLanguage":"ro-RO","potentialAction":[{"@type":"ReadAction","target":["https:\/\/xstyle.md\/product\/strahovochnaya-sistema-singing-rock-garnet-mahogany-brown\/"]}]},{"@type":"ImageObject","inLanguage":"ro-RO","@id":"https:\/\/xstyle.md\/product\/strahovochnaya-sistema-singing-rock-garnet-mahogany-brown\/#primaryimage","url":"https:\/\/xstyle.md\/wp-content\/uploads\/2024\/09\/singing-rock-garnet-mahogany-brown-2.jpg","contentUrl":"https:\/\/xstyle.md\/wp-content\/uploads\/2024\/09\/singing-rock-garnet-mahogany-brown-2.jpg","width":630,"height":560,"caption":"\u041c\u0443\u0436\u0441\u043a\u0438\u0435 \u0431\u043e\u0442\u0438\u043d\u043a\u0438 \u0434\u043b\u044f \u0430\u043a\u0442\u0438\u0432\u043d\u043e\u0433\u043e \u043e\u0442\u0434\u044b\u0445\u0430 \u0438 \u0442\u0443\u0440\u0438\u0437\u043c\u0430 \u0432 \u0446\u0432\u0435\u0442\u0435 \u043c\u0430\u0445\u0430\u0433\u043e\u043d, \u0438\u0434\u0435\u0430\u043b\u044c\u043d\u044b\u0435 \u0434\u043b\u044f \u043f\u043e\u0445\u043e\u0434\u043e\u0432 \u0438 \u0430\u043b\u044c\u043f\u0438\u043d\u0438\u0437\u043c\u0430."},{"@type":"BreadcrumbList","@id":"https:\/\/xstyle.md\/product\/strahovochnaya-sistema-singing-rock-garnet-mahogany-brown\/#breadcrumb","itemListElement":[{"@type":"ListItem","position":1,"name":"\u0413\u043b\u0430\u0432\u043d\u0430\u044f \u0441\u0442\u0440\u0430\u043d\u0438\u0446\u0430","item":"https:\/\/xstyle.md\/"},{"@type":"ListItem","position":2,"name":"\u041c\u0430\u0433\u0430\u0437\u0438\u043d","item":"https:\/\/xstyle.md\/shop\/"},{"@type":"ListItem","position":3,"name":"\u0421\u0442\u0440\u0430\u0445\u043e\u0432\u043e\u0447\u043d\u0430\u044f \u0441\u0438\u0441\u0442\u0435\u043c\u0430 Singing Rock Garnet mahogany brown"}]},{"@type":"WebSite","@id":"https:\/\/xstyle.md\/#website","url":"https:\/\/xstyle.md\/","name":"Magazinul X-Style","description":"Echipamente pentru turism \u0219i sporturi extreme \u00een Moldova. Pre\u021buri, fotografii, caracteristici \u00een Moldova.","publisher":{"@id":"https:\/\/xstyle.md\/#organization"},"alternateName":"X-Style","potentialAction":[{"@type":"SearchAction","target":{"@type":"EntryPoint","urlTemplate":"https:\/\/xstyle.md\/?s={search_term_string}"},"query-input":{"@type":"PropertyValueSpecification","valueRequired":true,"valueName":"search_term_string"}}],"inLanguage":"ro-RO"},{"@type":"Organization","@id":"https:\/\/xstyle.md\/#organization","name":"Magazinul X-Style","alternateName":"x-style","url":"https:\/\/xstyle.md\/","logo":{"@type":"ImageObject","inLanguage":"ro-RO","@id":"https:\/\/xstyle.md\/#\/schema\/logo\/image\/","url":"https:\/\/xstyle.md\/wp-content\/uploads\/2020\/06\/logoicon.svg","contentUrl":"https:\/\/xstyle.md\/wp-content\/uploads\/2020\/06\/logoicon.svg","caption":"\u041c\u0430\u0433\u0430\u0437\u0438\u043d Xstyle"},"image":{"@id":"https:\/\/xstyle.md\/#\/schema\/logo\/image\/"},"sameAs":["https:\/\/www.facebook.com\/xstylemd","https:\/\/www.instagram.com\/xstyle_md\/","https:\/\/t.me\/xstyle_outdoor"],"hasMerchantReturnPolicy":{"@type":"MerchantReturnPolicy","merchantReturnLink":"https:\/\/xstyle.md\/ro\/conditions\/"}}]},"product_price_amount":"1390.00","product_price_currency":"MDL","og_availability":"instock","product_availability":"instock","product_retailer_item_id":"8595033362192","product_condition":"new"},"_links":{"self":[{"href":"https:\/\/xstyle.md\/ro\/wp-json\/wp\/v2\/product\/87702","targetHints":{"allow":["GET"]}}],"collection":[{"href":"https:\/\/xstyle.md\/ro\/wp-json\/wp\/v2\/product"}],"about":[{"href":"https:\/\/xstyle.md\/ro\/wp-json\/wp\/v2\/types\/product"}],"replies":[{"embeddable":true,"href":"https:\/\/xstyle.md\/ro\/wp-json\/wp\/v2\/comments?post=87702"}],"wp:featuredmedia":[{"embeddable":true,"href":"https:\/\/xstyle.md\/ro\/wp-json\/wp\/v2\/media\/87704"}],"wp:attachment":[{"href":"https:\/\/xstyle.md\/ro\/wp-json\/wp\/v2\/media?parent=87702"}],"wp:term":[{"taxonomy":"product_brand","embeddable":true,"href":"https:\/\/xstyle.md\/ro\/wp-json\/wp\/v2\/product_brand?post=87702"},{"taxonomy":"product_cat","embeddable":true,"href":"https:\/\/xstyle.md\/ro\/wp-json\/wp\/v2\/product_cat?post=87702"},{"taxonomy":"product_tag","embeddable":true,"href":"https:\/\/xstyle.md\/ro\/wp-json\/wp\/v2\/product_tag?post=87702"}],"curies":[{"name":"wp","href":"https:\/\/api.w.org\/{rel}","templated":true}]}}