{"id":87547,"date":"2024-09-11T17:40:20","date_gmt":"2024-09-11T14:40:20","guid":{"rendered":"https:\/\/xstyle.md\/?post_type=product&#038;p=87547"},"modified":"2026-03-19T16:21:59","modified_gmt":"2026-03-19T13:21:59","slug":"dymohod-s-zadvizhkoj-petromax-flue-with-damper-for-loki-spare-part","status":"publish","type":"product","link":"https:\/\/xstyle.md\/ro\/produs\/dymohod-s-zadvizhkoj-petromax-flue-with-damper-for-loki-spare-part\/","title":{"rendered":"Accesoriu Petromax Flue with damper for Loki (spare part)"},"content":{"rendered":"<p><strong>Petromax Flue with damper for Loki (spare part)<\/strong> &#8212; \u0434\u044b\u043c\u043e\u0445\u043e\u0434 \u0434\u043b\u044f \u043a\u0435\u043c\u043f\u0438\u043d\u0433\u043e\u0432\u043e\u0439 \u043f\u0435\u0447\u0438 \u0438 \u0442\u0435\u043d\u0442\u043e\u0432\u043e\u0439 \u043f\u0435\u0447\u0438 Loki \u0438 Loki2 \u0441 \u0437\u0430\u0434\u0432\u0438\u0436\u043a\u043e\u0439. \u042d\u0442\u043e\u0442 \u0441\u0435\u0433\u043c\u0435\u043d\u0442 \u0434\u044b\u043c\u043e\u0445\u043e\u0434\u0430 \u043a\u0440\u0435\u043f\u0438\u0442\u0441\u044f \u043d\u0435\u043f\u043e\u0441\u0440\u0435\u0434\u0441\u0442\u0432\u0435\u043d\u043d\u043e \u043a \u043a\u043e\u0440\u043f\u0443\u0441\u0443 \u043f\u0435\u0447\u0438 \u0434\u043b\u044f \u043f\u0430\u043b\u0430\u0442\u043e\u043a Loki2, \u043e\u0431\u0435\u0441\u043f\u0435\u0447\u0438\u0432\u0430\u044f \u043b\u0451\u0433\u043a\u043e\u0435 \u0440\u0435\u0433\u0443\u043b\u0438\u0440\u043e\u0432\u0430\u043d\u0438\u0435 \u043f\u043e\u0442\u043e\u043a\u0430 \u0432\u043e\u0437\u0434\u0443\u0445\u0430. \u0421 \u043f\u043e\u043c\u043e\u0449\u044c\u044e \u0437\u0430\u0434\u0432\u0438\u0436\u043a\u0438 \u0432\u044b \u043c\u043e\u0436\u0435\u0442\u0435 \u043d\u0430\u0441\u0442\u0440\u043e\u0438\u0442\u044c \u043f\u043e\u0442\u043e\u043a \u0432\u043e\u0437\u0434\u0443\u0445\u0430, \u0447\u0442\u043e\u0431\u044b \u043e\u0433\u043e\u043d\u044c \u0433\u043e\u0440\u0435\u043b \u0442\u0430\u043a, \u043a\u0430\u043a \u0432\u0430\u043c \u043d\u0443\u0436\u043d\u043e. \u0412 \u0441\u043e\u0447\u0435\u0442\u0430\u043d\u0438\u0438 \u0441 \u043f\u043e\u0441\u0442\u043e\u044f\u043d\u043d\u043e\u0439 \u0440\u0435\u0433\u0443\u043b\u0438\u0440\u043e\u0432\u043a\u043e\u0439 \u0432\u043e\u0437\u0434\u0443\u0445\u0430 \u043d\u0430 \u0434\u0432\u0435\u0440\u0438 \u043f\u0435\u0447\u0438 Loki2, \u044d\u0442\u043e \u043f\u043e\u0437\u0432\u043e\u043b\u044f\u0435\u0442 \u0442\u043e\u0447\u043d\u043e \u043a\u043e\u043d\u0442\u0440\u043e\u043b\u0438\u0440\u043e\u0432\u0430\u0442\u044c \u0442\u0435\u043f\u043b\u043e\u043e\u0442\u0434\u0430\u0447\u0443 \u0438 \u044d\u0444\u0444\u0435\u043a\u0442\u0438\u0432\u043d\u043e\u0441\u0442\u044c \u0432\u0430\u0448\u0435\u0439 \u043f\u0430\u043b\u0430\u0442\u043e\u0447\u043d\u043e\u0439 \u043f\u0435\u0447\u0438.<\/p>\n<p>\u0412\u0430\u0436\u043d\u043e: \u0414\u044b\u043c\u043e\u0445\u043e\u0434 \u0441 \u0437\u0430\u0434\u0432\u0438\u0436\u043a\u043e\u0439 \u0434\u043e\u043b\u0436\u0435\u043d \u0431\u044b\u0442\u044c \u043d\u0430\u043f\u0440\u044f\u043c\u0443\u044e \u043f\u043e\u0434\u043a\u043b\u044e\u0447\u0435\u043d \u043a \u043f\u0435\u0447\u0438 Loki2 \u0438 \u043d\u0435 \u043c\u043e\u0436\u0435\u0442 \u0438\u0441\u043f\u043e\u043b\u044c\u0437\u043e\u0432\u0430\u0442\u044c\u0441\u044f \u043f\u043e\u0432\u0442\u043e\u0440\u043d\u043e \u0432 \u0441\u0442\u0440\u0443\u043a\u0442\u0443\u0440\u0435 \u0434\u044b\u043c\u043e\u0445\u043e\u0434\u043d\u044b\u0445 \u0441\u0435\u0433\u043c\u0435\u043d\u0442\u043e\u0432. \u041f\u043e\u0432\u0442\u043e\u0440\u043d\u043e\u0435 \u0438\u0441\u043f\u043e\u043b\u044c\u0437\u043e\u0432\u0430\u043d\u0438\u0435 \u0441\u0435\u0433\u043c\u0435\u043d\u0442\u0430 \u0438\u043b\u0438 \u043d\u0435\u043f\u0440\u0430\u0432\u0438\u043b\u044c\u043d\u043e\u0435 \u0435\u0433\u043e \u043f\u043e\u0437\u0438\u0446\u0438\u043e\u043d\u0438\u0440\u043e\u0432\u0430\u043d\u0438\u0435 \u043c\u043e\u0433\u0443\u0442 \u0441\u043d\u0438\u0437\u0438\u0442\u044c \u044d\u0444\u0444\u0435\u043a\u0442\u0438\u0432\u043d\u043e\u0441\u0442\u044c \u0434\u044b\u043c\u043e\u0445\u043e\u0434\u0430 \u0438 \u0443\u0445\u0443\u0434\u0448\u0438\u0442\u044c \u043e\u0442\u0432\u043e\u0434 \u0432\u043e\u0437\u0434\u0443\u0445\u0430.<\/p>\n<p>\u0422\u0430\u043a\u0436\u0435 \u043f\u043e\u0434\u0445\u043e\u0434\u0438\u0442 \u0434\u043b\u044f \u043f\u0435\u0447\u0438 Petromax Loki.<\/p>\n<h3>Caracteristici<\/h3>\n<ul>\n<li>\u0420\u0430\u0437\u043c\u0435\u0440\u044b &#8212; 11 x 41 x 6.5 \u0441\u043c<\/li>\n<li>Greutate - 750 g<\/li>\n<\/ul>\n<h3>Marca<\/h3>\n<p>Petromax este un produc\u0103tor german de top de echipamente de g\u0103tit \u0219i de via\u021b\u0103 \u00een aer liber, iar gama sa de produse coordonate combin\u0103 \u00een mod unic tradi\u021bia \u0219i inovarea. Toate produsele Petromax sunt caracterizate de calitate superioar\u0103, durabilitate, detalii atent g\u00e2ndite \u0219i sunt concepute pentru to\u021bi cei care caut\u0103 compensa\u021bii pentru rutina lor \u00een aer liber \u0219i, prin urmare, camping \u00een aer liber. Lumea produselor Petromax se concentreaz\u0103 pe explorarea naturii neatinse folosind echipamente tradi\u021bionale, dar bine concepute.<\/p>","protected":false},"excerpt":{"rendered":"<p>Petromax Flue with damper for Loki (spare part) &#8212; \u0434\u044b\u043c\u043e\u0445\u043e\u0434 \u0434\u043b\u044f \u043a\u0435\u043c\u043f\u0438\u043d\u0433\u043e\u0432\u043e\u0439 \u043f\u0435\u0447\u0438 \u0438 \u0442\u0435\u043d\u0442\u043e\u0432\u043e\u0439 \u043f\u0435\u0447\u0438 Loki \u0438 Loki2 \u0441 \u0437\u0430\u0434\u0432\u0438\u0436\u043a\u043e\u0439. \u042d\u0442\u043e\u0442 \u0441\u0435\u0433\u043c\u0435\u043d\u0442 \u0434\u044b\u043c\u043e\u0445\u043e\u0434\u0430 \u043a\u0440\u0435\u043f\u0438\u0442\u0441\u044f \u043d\u0435\u043f\u043e\u0441\u0440\u0435\u0434\u0441\u0442\u0432\u0435\u043d\u043d\u043e \u043a \u043a\u043e\u0440\u043f\u0443\u0441\u0443 \u043f\u0435\u0447\u0438 \u0434\u043b\u044f \u043f\u0430\u043b\u0430\u0442\u043e\u043a Loki2, \u043e\u0431\u0435\u0441\u043f\u0435\u0447\u0438\u0432\u0430\u044f \u043b\u0451\u0433\u043a\u043e\u0435 \u0440\u0435\u0433\u0443\u043b\u0438\u0440\u043e\u0432\u0430\u043d\u0438\u0435 \u043f\u043e\u0442\u043e\u043a\u0430 \u0432\u043e\u0437\u0434\u0443\u0445\u0430. \u0421 \u043f\u043e\u043c\u043e\u0449\u044c\u044e \u0437\u0430\u0434\u0432\u0438\u0436\u043a\u0438 \u0432\u044b \u043c\u043e\u0436\u0435\u0442\u0435 \u043d\u0430\u0441\u0442\u0440\u043e\u0438\u0442\u044c \u043f\u043e\u0442\u043e\u043a \u0432\u043e\u0437\u0434\u0443\u0445\u0430, \u0447\u0442\u043e\u0431\u044b \u043e\u0433\u043e\u043d\u044c \u0433\u043e\u0440\u0435\u043b \u0442\u0430\u043a, \u043a\u0430\u043a \u0432\u0430\u043c \u043d\u0443\u0436\u043d\u043e. \u0412 \u0441\u043e\u0447\u0435\u0442\u0430\u043d\u0438\u0438 \u0441 [&hellip;]<\/p>\n","protected":false},"featured_media":88574,"comment_status":"open","ping_status":"closed","template":"","meta":{"_acf_changed":false,"inline_featured_image":false},"product_brand":[1420],"product_cat":[1167],"product_tag":[],"class_list":{"0":"post-87547","1":"product","2":"type-product","3":"status-publish","4":"has-post-thumbnail","6":"product_brand-petromax","7":"product_cat-cuptor","9":"first","10":"instock","11":"shipping-taxable","12":"purchasable","13":"product-type-simple"},"acf":[],"yoast_head":"<!-- This site is optimized with the Yoast SEO plugin v27.2 - https:\/\/yoast.com\/product\/yoast-seo-wordpress\/ -->\n<title>\u0414\u044b\u043c\u043e\u0445\u043e\u0434 \u0441 \u0437\u0430\u0434\u0432\u0438\u0436\u043a\u043e\u0439 Petromax Flue with damper for Loki (spare part) - \u041c\u0430\u0433\u0430\u0437\u0438\u043d Xstyle<\/title>\n<meta name=\"description\" content=\"\u041a\u0443\u043f\u0438\u0442\u044c \u0434\u044b\u043c\u043e\u0445\u043e\u0434 \u0441 \u0437\u0430\u0434\u0432\u0438\u0436\u043a\u043e\u0439 Petromax Flue \u0434\u043b\u044f \u043a\u043e\u043d\u0441\u0442\u0440\u0443\u043a\u0446\u0438\u0438 Loki. \u0418\u0434\u0435\u0430\u043b\u044c\u043d\u0430\u044f \u0437\u0430\u043f\u0447\u0430\u0441\u0442\u044c \u0434\u043b\u044f \u043e\u043f\u0442\u0438\u043c\u0438\u0437\u0430\u0446\u0438\u0438 \u0440\u0430\u0431\u043e\u0442\u044b \u0432\u0430\u0448\u0435\u0433\u043e \u0443\u0441\u0442\u0440\u043e\u0439\u0441\u0442\u0432\u0430. \u0420\u0430\u0437\u043c\u0435\u0440\u044b: 11 x 41 x 65 \u0441\u043c.\" \/>\n<meta name=\"robots\" content=\"index, follow, max-snippet:-1, max-image-preview:large, max-video-preview:-1\" \/>\n<link rel=\"canonical\" href=\"https:\/\/xstyle.md\/ro\/produs\/dymohod-s-zadvizhkoj-petromax-flue-with-damper-for-loki-spare-part\/\" \/>\n<meta property=\"og:locale\" content=\"ro_RO\" \/>\n<meta property=\"og:type\" content=\"article\" \/>\n<meta property=\"og:title\" content=\"\u0414\u044b\u043c\u043e\u0445\u043e\u0434 \u0441 \u0437\u0430\u0434\u0432\u0438\u0436\u043a\u043e\u0439 Petromax Flue with damper for Loki (spare part) - \u041c\u0430\u0433\u0430\u0437\u0438\u043d Xstyle\" \/>\n<meta property=\"og:description\" content=\"\u041a\u0443\u043f\u0438\u0442\u044c \u0434\u044b\u043c\u043e\u0445\u043e\u0434 \u0441 \u0437\u0430\u0434\u0432\u0438\u0436\u043a\u043e\u0439 Petromax Flue \u0434\u043b\u044f \u043a\u043e\u043d\u0441\u0442\u0440\u0443\u043a\u0446\u0438\u0438 Loki. \u0418\u0434\u0435\u0430\u043b\u044c\u043d\u0430\u044f \u0437\u0430\u043f\u0447\u0430\u0441\u0442\u044c \u0434\u043b\u044f \u043e\u043f\u0442\u0438\u043c\u0438\u0437\u0430\u0446\u0438\u0438 \u0440\u0430\u0431\u043e\u0442\u044b \u0432\u0430\u0448\u0435\u0433\u043e \u0443\u0441\u0442\u0440\u043e\u0439\u0441\u0442\u0432\u0430. \u0420\u0430\u0437\u043c\u0435\u0440\u044b: 11 x 41 x 65 \u0441\u043c.\" \/>\n<meta property=\"og:url\" content=\"https:\/\/xstyle.md\/ro\/produs\/dymohod-s-zadvizhkoj-petromax-flue-with-damper-for-loki-spare-part\/\" \/>\n<meta property=\"og:site_name\" content=\"\u041c\u0430\u0433\u0430\u0437\u0438\u043d Xstyle\" \/>\n<meta property=\"article:publisher\" content=\"https:\/\/www.facebook.com\/xstylemd\" \/>\n<meta property=\"article:modified_time\" content=\"2026-03-19T13:21:59+00:00\" \/>\n<meta property=\"og:image\" content=\"https:\/\/xstyle.md\/wp-content\/uploads\/2024\/09\/petromax-flue-with-damper-for-loki-spare-part.png\" \/>\n\t<meta property=\"og:image:width\" content=\"1600\" \/>\n\t<meta property=\"og:image:height\" content=\"1600\" \/>\n\t<meta property=\"og:image:type\" content=\"image\/png\" \/>\n<meta name=\"twitter:card\" content=\"summary_large_image\" \/>\n<meta name=\"twitter:label1\" content=\"Pre\u021b\" \/>\n\t<meta name=\"twitter:data1\" content=\"720&nbsp;MDL\" \/>\n\t<meta name=\"twitter:label2\" content=\"Disponibilitate\" \/>\n\t<meta name=\"twitter:data2\" content=\"\u00cen stoc\" \/>\n<script type=\"application\/ld+json\" class=\"yoast-schema-graph\">{\"@context\":\"https:\/\/schema.org\",\"@graph\":[{\"@type\":\"WebPage\",\"@id\":\"https:\/\/xstyle.md\/product\/dymohod-s-zadvizhkoj-petromax-flue-with-damper-for-loki-spare-part\/\",\"url\":\"https:\/\/xstyle.md\/product\/dymohod-s-zadvizhkoj-petromax-flue-with-damper-for-loki-spare-part\/\",\"name\":\"\u0414\u044b\u043c\u043e\u0445\u043e\u0434 \u0441 \u0437\u0430\u0434\u0432\u0438\u0436\u043a\u043e\u0439 Petromax Flue with damper for Loki (spare part) - \u041c\u0430\u0433\u0430\u0437\u0438\u043d Xstyle\",\"isPartOf\":{\"@id\":\"https:\/\/xstyle.md\/#website\"},\"primaryImageOfPage\":{\"@id\":\"https:\/\/xstyle.md\/product\/dymohod-s-zadvizhkoj-petromax-flue-with-damper-for-loki-spare-part\/#primaryimage\"},\"image\":{\"@id\":\"https:\/\/xstyle.md\/product\/dymohod-s-zadvizhkoj-petromax-flue-with-damper-for-loki-spare-part\/#primaryimage\"},\"thumbnailUrl\":\"https:\/\/xstyle.md\/wp-content\/uploads\/2024\/09\/petromax-flue-with-damper-for-loki-spare-part.png\",\"datePublished\":\"2024-09-11T14:40:20+00:00\",\"dateModified\":\"2026-03-19T13:21:59+00:00\",\"description\":\"\u041a\u0443\u043f\u0438\u0442\u044c \u0434\u044b\u043c\u043e\u0445\u043e\u0434 \u0441 \u0437\u0430\u0434\u0432\u0438\u0436\u043a\u043e\u0439 Petromax Flue \u0434\u043b\u044f \u043a\u043e\u043d\u0441\u0442\u0440\u0443\u043a\u0446\u0438\u0438 Loki. \u0418\u0434\u0435\u0430\u043b\u044c\u043d\u0430\u044f \u0437\u0430\u043f\u0447\u0430\u0441\u0442\u044c \u0434\u043b\u044f \u043e\u043f\u0442\u0438\u043c\u0438\u0437\u0430\u0446\u0438\u0438 \u0440\u0430\u0431\u043e\u0442\u044b \u0432\u0430\u0448\u0435\u0433\u043e \u0443\u0441\u0442\u0440\u043e\u0439\u0441\u0442\u0432\u0430. \u0420\u0430\u0437\u043c\u0435\u0440\u044b: 11 x 41 x 65 \u0441\u043c.\",\"breadcrumb\":{\"@id\":\"https:\/\/xstyle.md\/product\/dymohod-s-zadvizhkoj-petromax-flue-with-damper-for-loki-spare-part\/#breadcrumb\"},\"inLanguage\":\"ro-RO\",\"potentialAction\":[{\"@type\":\"ReadAction\",\"target\":[\"https:\/\/xstyle.md\/product\/dymohod-s-zadvizhkoj-petromax-flue-with-damper-for-loki-spare-part\/\"]}]},{\"@type\":\"ImageObject\",\"inLanguage\":\"ro-RO\",\"@id\":\"https:\/\/xstyle.md\/product\/dymohod-s-zadvizhkoj-petromax-flue-with-damper-for-loki-spare-part\/#primaryimage\",\"url\":\"https:\/\/xstyle.md\/wp-content\/uploads\/2024\/09\/petromax-flue-with-damper-for-loki-spare-part.png\",\"contentUrl\":\"https:\/\/xstyle.md\/wp-content\/uploads\/2024\/09\/petromax-flue-with-damper-for-loki-spare-part.png\",\"width\":1600,\"height\":1600,\"caption\":\"\u0417\u0430\u043f\u0447\u0430\u0441\u0442\u044c \u0434\u043b\u044f \u043f\u0435\u0447\u0438 Petromax \u0441 \u0437\u0430\u0434\u0432\u0438\u0436\u043a\u043e\u0439, \u0438\u0434\u0435\u0430\u043b\u044c\u043d\u0430\u044f \u0434\u043b\u044f \u0430\u043a\u0442\u0438\u0432\u043d\u043e\u0433\u043e \u043e\u0442\u0434\u044b\u0445\u0430, \u043f\u0443\u0442\u0435\u0448\u0435\u0441\u0442\u0432\u0438\u0439 \u0438 \u0430\u043b\u044c\u043f\u0438\u043d\u0438\u0437\u043c\u0430.\"},{\"@type\":\"BreadcrumbList\",\"@id\":\"https:\/\/xstyle.md\/product\/dymohod-s-zadvizhkoj-petromax-flue-with-damper-for-loki-spare-part\/#breadcrumb\",\"itemListElement\":[{\"@type\":\"ListItem\",\"position\":1,\"name\":\"\u0413\u043b\u0430\u0432\u043d\u0430\u044f \u0441\u0442\u0440\u0430\u043d\u0438\u0446\u0430\",\"item\":\"https:\/\/xstyle.md\/\"},{\"@type\":\"ListItem\",\"position\":2,\"name\":\"\u041c\u0430\u0433\u0430\u0437\u0438\u043d\",\"item\":\"https:\/\/xstyle.md\/shop\/\"},{\"@type\":\"ListItem\",\"position\":3,\"name\":\"\u0414\u044b\u043c\u043e\u0445\u043e\u0434 \u0441 \u0437\u0430\u0434\u0432\u0438\u0436\u043a\u043e\u0439 Petromax Flue with damper for Loki (spare part)\"}]},{\"@type\":\"WebSite\",\"@id\":\"https:\/\/xstyle.md\/#website\",\"url\":\"https:\/\/xstyle.md\/\",\"name\":\"\u041c\u0430\u0433\u0430\u0437\u0438\u043d Xstyle\",\"description\":\"C\u043d\u0430\u0440\u044f\u0436\u0435\u043d\u0438\u0435 \u0434\u043b\u044f \u0442\u0443\u0440\u0438\u0437\u043c\u0430 \u0438 \u044d\u043a\u0441\u0442\u0440\u0435\u043c\u0430\u043b\u044c\u043d\u044b\u0445 \u0432\u0438\u0434\u043e\u0432 \u0441\u043f\u043e\u0440\u0442\u0430 \u0432 \u041c\u043e\u043b\u0434\u043e\u0432\u0435.. \u0426\u0435\u043d\u044b, \u0444\u043e\u0442\u043e, \u0445\u0430\u0440\u0430\u043a\u0442\u0435\u0440\u0438\u0441\u0442\u0438\u043a\u0438 \u0432 \u041c\u043e\u043b\u0434\u043e\u0432\u0435.\",\"publisher\":{\"@id\":\"https:\/\/xstyle.md\/#organization\"},\"alternateName\":\"X-Style\",\"potentialAction\":[{\"@type\":\"SearchAction\",\"target\":{\"@type\":\"EntryPoint\",\"urlTemplate\":\"https:\/\/xstyle.md\/?s={search_term_string}\"},\"query-input\":{\"@type\":\"PropertyValueSpecification\",\"valueRequired\":true,\"valueName\":\"search_term_string\"}}],\"inLanguage\":\"ro-RO\"},{\"@type\":\"Organization\",\"@id\":\"https:\/\/xstyle.md\/#organization\",\"name\":\"\u041c\u0430\u0433\u0430\u0437\u0438\u043d Xstyle\",\"alternateName\":\"x-style\",\"url\":\"https:\/\/xstyle.md\/\",\"logo\":{\"@type\":\"ImageObject\",\"inLanguage\":\"ro-RO\",\"@id\":\"https:\/\/xstyle.md\/#\/schema\/logo\/image\/\",\"url\":\"https:\/\/xstyle.md\/wp-content\/uploads\/2020\/06\/logoicon.svg\",\"contentUrl\":\"https:\/\/xstyle.md\/wp-content\/uploads\/2020\/06\/logoicon.svg\",\"caption\":\"\u041c\u0430\u0433\u0430\u0437\u0438\u043d Xstyle\"},\"image\":{\"@id\":\"https:\/\/xstyle.md\/#\/schema\/logo\/image\/\"},\"sameAs\":[\"https:\/\/www.facebook.com\/xstylemd\",\"https:\/\/www.instagram.com\/xstyle_md\/\",\"https:\/\/t.me\/xstyle_outdoor\"],\"hasMerchantReturnPolicy\":{\"@type\":\"MerchantReturnPolicy\",\"merchantReturnLink\":\"https:\/\/xstyle.md\/ro\/conditions\/\"}}]}<\/script>\n<meta property=\"product:price:amount\" content=\"720.00\" \/>\n<meta property=\"product:price:currency\" content=\"MDL\" \/>\n<meta property=\"og:availability\" content=\"instock\" \/>\n<meta property=\"product:availability\" content=\"instock\" \/>\n<meta property=\"product:retailer_item_id\" content=\"4250435707111\" \/>\n<meta property=\"product:condition\" content=\"new\" \/>\n<!-- \/ Yoast SEO plugin. -->","yoast_head_json":{"title":"Dymohod cu z\u0103vor Petromax Flue with damper for Loki (spare part) - Magazin Xstyle","description":"Cump\u0103ra\u021bi co\u0219 de fum cu obstruc\u021bie Petromax Flue pentru construc\u021bia Loki. Piesa de schimb ideal\u0103 pentru optimizarea func\u021bion\u0103rii dispozitivului dumneavoastr\u0103. Dimensiuni: 11 x 41 x 65 cm.","robots":{"index":"index","follow":"follow","max-snippet":"max-snippet:-1","max-image-preview":"max-image-preview:large","max-video-preview":"max-video-preview:-1"},"canonical":"https:\/\/xstyle.md\/ro\/produs\/dymohod-s-zadvizhkoj-petromax-flue-with-damper-for-loki-spare-part\/","og_locale":"ro_RO","og_type":"article","og_title":"\u0414\u044b\u043c\u043e\u0445\u043e\u0434 \u0441 \u0437\u0430\u0434\u0432\u0438\u0436\u043a\u043e\u0439 Petromax Flue with damper for Loki (spare part) - \u041c\u0430\u0433\u0430\u0437\u0438\u043d Xstyle","og_description":"\u041a\u0443\u043f\u0438\u0442\u044c \u0434\u044b\u043c\u043e\u0445\u043e\u0434 \u0441 \u0437\u0430\u0434\u0432\u0438\u0436\u043a\u043e\u0439 Petromax Flue \u0434\u043b\u044f \u043a\u043e\u043d\u0441\u0442\u0440\u0443\u043a\u0446\u0438\u0438 Loki. \u0418\u0434\u0435\u0430\u043b\u044c\u043d\u0430\u044f \u0437\u0430\u043f\u0447\u0430\u0441\u0442\u044c \u0434\u043b\u044f \u043e\u043f\u0442\u0438\u043c\u0438\u0437\u0430\u0446\u0438\u0438 \u0440\u0430\u0431\u043e\u0442\u044b \u0432\u0430\u0448\u0435\u0433\u043e \u0443\u0441\u0442\u0440\u043e\u0439\u0441\u0442\u0432\u0430. \u0420\u0430\u0437\u043c\u0435\u0440\u044b: 11 x 41 x 65 \u0441\u043c.","og_url":"https:\/\/xstyle.md\/ro\/produs\/dymohod-s-zadvizhkoj-petromax-flue-with-damper-for-loki-spare-part\/","og_site_name":"\u041c\u0430\u0433\u0430\u0437\u0438\u043d Xstyle","article_publisher":"https:\/\/www.facebook.com\/xstylemd","article_modified_time":"2026-03-19T13:21:59+00:00","og_image":[{"width":1600,"height":1600,"url":"https:\/\/xstyle.md\/wp-content\/uploads\/2024\/09\/petromax-flue-with-damper-for-loki-spare-part.png","type":"image\/png"}],"twitter_card":"summary_large_image","twitter_misc":{"Pre\u021b":"720&nbsp;MDL","Disponibilitate":"\u00cen stoc"},"schema":{"@context":"https:\/\/schema.org","@graph":[{"@type":"WebPage","@id":"https:\/\/xstyle.md\/product\/dymohod-s-zadvizhkoj-petromax-flue-with-damper-for-loki-spare-part\/","url":"https:\/\/xstyle.md\/product\/dymohod-s-zadvizhkoj-petromax-flue-with-damper-for-loki-spare-part\/","name":"Dymohod cu z\u0103vor Petromax Flue with damper for Loki (spare part) - Magazin Xstyle","isPartOf":{"@id":"https:\/\/xstyle.md\/#website"},"primaryImageOfPage":{"@id":"https:\/\/xstyle.md\/product\/dymohod-s-zadvizhkoj-petromax-flue-with-damper-for-loki-spare-part\/#primaryimage"},"image":{"@id":"https:\/\/xstyle.md\/product\/dymohod-s-zadvizhkoj-petromax-flue-with-damper-for-loki-spare-part\/#primaryimage"},"thumbnailUrl":"https:\/\/xstyle.md\/wp-content\/uploads\/2024\/09\/petromax-flue-with-damper-for-loki-spare-part.png","datePublished":"2024-09-11T14:40:20+00:00","dateModified":"2026-03-19T13:21:59+00:00","description":"Cump\u0103ra\u021bi co\u0219 de fum cu obstruc\u021bie Petromax Flue pentru construc\u021bia Loki. Piesa de schimb ideal\u0103 pentru optimizarea func\u021bion\u0103rii dispozitivului dumneavoastr\u0103. Dimensiuni: 11 x 41 x 65 cm.","breadcrumb":{"@id":"https:\/\/xstyle.md\/product\/dymohod-s-zadvizhkoj-petromax-flue-with-damper-for-loki-spare-part\/#breadcrumb"},"inLanguage":"ro-RO","potentialAction":[{"@type":"ReadAction","target":["https:\/\/xstyle.md\/product\/dymohod-s-zadvizhkoj-petromax-flue-with-damper-for-loki-spare-part\/"]}]},{"@type":"ImageObject","inLanguage":"ro-RO","@id":"https:\/\/xstyle.md\/product\/dymohod-s-zadvizhkoj-petromax-flue-with-damper-for-loki-spare-part\/#primaryimage","url":"https:\/\/xstyle.md\/wp-content\/uploads\/2024\/09\/petromax-flue-with-damper-for-loki-spare-part.png","contentUrl":"https:\/\/xstyle.md\/wp-content\/uploads\/2024\/09\/petromax-flue-with-damper-for-loki-spare-part.png","width":1600,"height":1600,"caption":"\u0417\u0430\u043f\u0447\u0430\u0441\u0442\u044c \u0434\u043b\u044f \u043f\u0435\u0447\u0438 Petromax \u0441 \u0437\u0430\u0434\u0432\u0438\u0436\u043a\u043e\u0439, \u0438\u0434\u0435\u0430\u043b\u044c\u043d\u0430\u044f \u0434\u043b\u044f \u0430\u043a\u0442\u0438\u0432\u043d\u043e\u0433\u043e \u043e\u0442\u0434\u044b\u0445\u0430, \u043f\u0443\u0442\u0435\u0448\u0435\u0441\u0442\u0432\u0438\u0439 \u0438 \u0430\u043b\u044c\u043f\u0438\u043d\u0438\u0437\u043c\u0430."},{"@type":"BreadcrumbList","@id":"https:\/\/xstyle.md\/product\/dymohod-s-zadvizhkoj-petromax-flue-with-damper-for-loki-spare-part\/#breadcrumb","itemListElement":[{"@type":"ListItem","position":1,"name":"\u0413\u043b\u0430\u0432\u043d\u0430\u044f \u0441\u0442\u0440\u0430\u043d\u0438\u0446\u0430","item":"https:\/\/xstyle.md\/"},{"@type":"ListItem","position":2,"name":"\u041c\u0430\u0433\u0430\u0437\u0438\u043d","item":"https:\/\/xstyle.md\/shop\/"},{"@type":"ListItem","position":3,"name":"\u0414\u044b\u043c\u043e\u0445\u043e\u0434 \u0441 \u0437\u0430\u0434\u0432\u0438\u0436\u043a\u043e\u0439 Petromax Flue with damper for Loki (spare part)"}]},{"@type":"WebSite","@id":"https:\/\/xstyle.md\/#website","url":"https:\/\/xstyle.md\/","name":"Magazinul X-Style","description":"Echipamente pentru turism \u0219i sporturi extreme \u00een Moldova. Pre\u021buri, fotografii, caracteristici \u00een Moldova.","publisher":{"@id":"https:\/\/xstyle.md\/#organization"},"alternateName":"X-Style","potentialAction":[{"@type":"SearchAction","target":{"@type":"EntryPoint","urlTemplate":"https:\/\/xstyle.md\/?s={search_term_string}"},"query-input":{"@type":"PropertyValueSpecification","valueRequired":true,"valueName":"search_term_string"}}],"inLanguage":"ro-RO"},{"@type":"Organization","@id":"https:\/\/xstyle.md\/#organization","name":"Magazinul X-Style","alternateName":"x-style","url":"https:\/\/xstyle.md\/","logo":{"@type":"ImageObject","inLanguage":"ro-RO","@id":"https:\/\/xstyle.md\/#\/schema\/logo\/image\/","url":"https:\/\/xstyle.md\/wp-content\/uploads\/2020\/06\/logoicon.svg","contentUrl":"https:\/\/xstyle.md\/wp-content\/uploads\/2020\/06\/logoicon.svg","caption":"\u041c\u0430\u0433\u0430\u0437\u0438\u043d Xstyle"},"image":{"@id":"https:\/\/xstyle.md\/#\/schema\/logo\/image\/"},"sameAs":["https:\/\/www.facebook.com\/xstylemd","https:\/\/www.instagram.com\/xstyle_md\/","https:\/\/t.me\/xstyle_outdoor"],"hasMerchantReturnPolicy":{"@type":"MerchantReturnPolicy","merchantReturnLink":"https:\/\/xstyle.md\/ro\/conditions\/"}}]},"product_price_amount":"720.00","product_price_currency":"MDL","og_availability":"instock","product_availability":"instock","product_retailer_item_id":"4250435707111","product_condition":"new"},"post_mailing_queue_ids":[],"_links":{"self":[{"href":"https:\/\/xstyle.md\/ro\/wp-json\/wp\/v2\/product\/87547","targetHints":{"allow":["GET"]}}],"collection":[{"href":"https:\/\/xstyle.md\/ro\/wp-json\/wp\/v2\/product"}],"about":[{"href":"https:\/\/xstyle.md\/ro\/wp-json\/wp\/v2\/types\/product"}],"replies":[{"embeddable":true,"href":"https:\/\/xstyle.md\/ro\/wp-json\/wp\/v2\/comments?post=87547"}],"wp:featuredmedia":[{"embeddable":true,"href":"https:\/\/xstyle.md\/ro\/wp-json\/wp\/v2\/media\/88574"}],"wp:attachment":[{"href":"https:\/\/xstyle.md\/ro\/wp-json\/wp\/v2\/media?parent=87547"}],"wp:term":[{"taxonomy":"product_brand","embeddable":true,"href":"https:\/\/xstyle.md\/ro\/wp-json\/wp\/v2\/product_brand?post=87547"},{"taxonomy":"product_cat","embeddable":true,"href":"https:\/\/xstyle.md\/ro\/wp-json\/wp\/v2\/product_cat?post=87547"},{"taxonomy":"product_tag","embeddable":true,"href":"https:\/\/xstyle.md\/ro\/wp-json\/wp\/v2\/product_tag?post=87547"}],"curies":[{"name":"wp","href":"https:\/\/api.w.org\/{rel}","templated":true}]}}