{"id":87546,"date":"2024-09-11T17:40:20","date_gmt":"2024-09-11T14:40:20","guid":{"rendered":"https:\/\/xstyle.md\/?post_type=product&#038;p=87546"},"modified":"2024-10-21T09:41:15","modified_gmt":"2024-10-21T06:41:15","slug":"setka-kalilnaya-dlya-gazovoj-lampy-petromax-mantle-hk500","status":"publish","type":"product","link":"https:\/\/xstyle.md\/ro\/produs\/setka-kalilnaya-dlya-gazovoj-lampy-petromax-mantle-hk500\/","title":{"rendered":"Accesoriu lantern\u0103 Petromax Mantle HK500"},"content":{"rendered":"<\/p>\n<p><strong>Petromax Mantle HK500<\/strong> &#8212; un set de plase de filament de rezerv\u0103 pentru lampa de parafin\u0103 Petromax HK500. Aceste componente de \u00eenalt\u0103 calitate ale m\u0103rcii germane \u00ee\u0219i p\u0103streaz\u0103 forma rotund\u0103 \u0219i dureaz\u0103 mai mult dec\u00e2t omologii lor, asigur\u00e2nd func\u021bionarea fiabil\u0103 a dispozitivului.<\/p>\n<p>Grila, sau mantaua de gaz, este elementul cheie al l\u0103mpii \u0219i emite lumin\u0103 datorit\u0103 m\u0103t\u0103sii artificiale impregnate cu s\u0103ruri luminoase &#8212; oxid de toriu \u0219i oxid de ceriu. Odat\u0103 ce m\u0103tasea este fixat\u0103 \u0219i ars\u0103, s\u0103rurile formeaz\u0103 un cadru care str\u0103luce\u0219te cu o flac\u0103r\u0103 de parafin\u0103 \u0219i emite lumin\u0103 \u00een spectrul vizibil, produc\u00e2nd aproape deloc radia\u021bii infraro\u0219ii.<\/p>\n<p>Aceast\u0103 plas\u0103 creeaz\u0103 lumina cald\u0103 \u0219i \u201evie\u201d caracteristic\u0103 l\u0103mpilor Petromax, oferind o iluminare puternic\u0103 \u0219i pl\u0103cut\u0103, ideal\u0103 pentru atmosferele confortabile \u0219i relaxante.<\/p>\n<h3>Caracteristici<\/h3>\n<ul>\n<li>Dimensiuni &#8212; 13 x 14 x 0,5 cm<\/li>\n<li>Greutate &#8212; 20 g<\/li>\n<\/ul>\n<h3>Marca<\/h3>\n<p>Petromax este un produc\u0103tor german de top de echipamente de g\u0103tit \u0219i de via\u021b\u0103 \u00een aer liber, iar gama sa de produse coordonate combin\u0103 \u00een mod unic tradi\u021bia \u0219i inovarea. Toate produsele Petromax sunt caracterizate de calitate superioar\u0103, durabilitate, detalii atent g\u00e2ndite \u0219i sunt concepute pentru to\u021bi cei care caut\u0103 compensa\u021bii pentru rutina lor \u00een aer liber \u0219i, prin urmare, camping \u00een aer liber. Lumea produselor Petromax se concentreaz\u0103 pe explorarea naturii neatinse folosind echipamente tradi\u021bionale, dar bine concepute.<\/p>\n<p><\/p>","protected":false},"excerpt":{"rendered":"","protected":false},"featured_media":88572,"comment_status":"open","ping_status":"closed","template":"","meta":{"_acf_changed":false,"inline_featured_image":false},"product_brand":[1420],"product_cat":[86],"product_tag":[],"class_list":{"0":"post-87546","1":"product","2":"type-product","3":"status-publish","4":"has-post-thumbnail","6":"product_brand-petromax","7":"product_cat-gas-accessories","9":"first","10":"instock","11":"shipping-taxable","12":"purchasable","13":"product-type-simple"},"acf":[],"yoast_head":"<!-- This site is optimized with the Yoast SEO plugin v27.2 - https:\/\/yoast.com\/product\/yoast-seo-wordpress\/ -->\n<title>\u0421\u0435\u0442\u043a\u0430 \u043a\u0430\u043b\u0438\u043b\u044c\u043d\u0430\u044f \u0434\u043b\u044f \u0433\u0430\u0437\u043e\u0432\u043e\u0439 \u043b\u0430\u043c\u043f\u044b Petromax Mantle HK500 - \u041c\u0430\u0433\u0430\u0437\u0438\u043d Xstyle<\/title>\n<meta name=\"description\" content=\"\u0412\u044b\u0441\u043e\u043a\u043e\u043a\u0430\u0447\u0435\u0441\u0442\u0432\u0435\u043d\u043d\u0430\u044f \u043a\u0430\u043b\u0438\u043b\u044c\u043d\u0430\u044f \u0441\u0435\u0442\u043a\u0430 Petromax HK500 \u0434\u043b\u044f \u0433\u0430\u0437\u043e\u0432\u044b\u0445 \u043b\u0430\u043c\u043f. \u041e\u0431\u0435\u0441\u043f\u0435\u0447\u0438\u0432\u0430\u0435\u0442 \u043d\u0430\u0434\u0435\u0436\u043d\u043e\u0441\u0442\u044c \u0438 \u0434\u043e\u043b\u0433\u043e\u0432\u0435\u0447\u043d\u043e\u0441\u0442\u044c, \u0441\u043e\u0445\u0440\u0430\u043d\u044f\u044f \u044f\u0440\u043a\u043e\u0441\u0442\u044c \u0441\u0432\u0435\u0442\u0430. \u0418\u0434\u0435\u0430\u043b\u044c\u043d\u044b\u0439 \u0432\u044b\u0431\u043e\u0440!\" \/>\n<meta name=\"robots\" content=\"index, follow, max-snippet:-1, max-image-preview:large, max-video-preview:-1\" \/>\n<link rel=\"canonical\" href=\"https:\/\/xstyle.md\/ro\/produs\/setka-kalilnaya-dlya-gazovoj-lampy-petromax-mantle-hk500\/\" \/>\n<meta property=\"og:locale\" content=\"ro_RO\" \/>\n<meta property=\"og:type\" content=\"article\" \/>\n<meta property=\"og:title\" content=\"\u0421\u0435\u0442\u043a\u0430 \u043a\u0430\u043b\u0438\u043b\u044c\u043d\u0430\u044f \u0434\u043b\u044f \u0433\u0430\u0437\u043e\u0432\u043e\u0439 \u043b\u0430\u043c\u043f\u044b Petromax Mantle HK500 - \u041c\u0430\u0433\u0430\u0437\u0438\u043d Xstyle\" \/>\n<meta property=\"og:description\" content=\"\u0412\u044b\u0441\u043e\u043a\u043e\u043a\u0430\u0447\u0435\u0441\u0442\u0432\u0435\u043d\u043d\u0430\u044f \u043a\u0430\u043b\u0438\u043b\u044c\u043d\u0430\u044f \u0441\u0435\u0442\u043a\u0430 Petromax HK500 \u0434\u043b\u044f \u0433\u0430\u0437\u043e\u0432\u044b\u0445 \u043b\u0430\u043c\u043f. \u041e\u0431\u0435\u0441\u043f\u0435\u0447\u0438\u0432\u0430\u0435\u0442 \u043d\u0430\u0434\u0435\u0436\u043d\u043e\u0441\u0442\u044c \u0438 \u0434\u043e\u043b\u0433\u043e\u0432\u0435\u0447\u043d\u043e\u0441\u0442\u044c, \u0441\u043e\u0445\u0440\u0430\u043d\u044f\u044f \u044f\u0440\u043a\u043e\u0441\u0442\u044c \u0441\u0432\u0435\u0442\u0430. \u0418\u0434\u0435\u0430\u043b\u044c\u043d\u044b\u0439 \u0432\u044b\u0431\u043e\u0440!\" \/>\n<meta property=\"og:url\" content=\"https:\/\/xstyle.md\/ro\/produs\/setka-kalilnaya-dlya-gazovoj-lampy-petromax-mantle-hk500\/\" \/>\n<meta property=\"og:site_name\" content=\"\u041c\u0430\u0433\u0430\u0437\u0438\u043d Xstyle\" \/>\n<meta property=\"article:publisher\" content=\"https:\/\/www.facebook.com\/xstylemd\" \/>\n<meta property=\"article:modified_time\" content=\"2024-10-21T06:41:15+00:00\" \/>\n<meta property=\"og:image\" content=\"https:\/\/xstyle.md\/wp-content\/uploads\/2024\/09\/petromax-mantle-hk500-1.jpg\" \/>\n\t<meta property=\"og:image:width\" content=\"1000\" \/>\n\t<meta property=\"og:image:height\" content=\"1000\" \/>\n\t<meta property=\"og:image:type\" content=\"image\/jpeg\" \/>\n<meta name=\"twitter:card\" content=\"summary_large_image\" \/>\n<meta name=\"twitter:label1\" content=\"Pre\u021b\" \/>\n\t<meta name=\"twitter:data1\" content=\"90&nbsp;MDL\" \/>\n\t<meta name=\"twitter:label2\" content=\"Disponibilitate\" \/>\n\t<meta name=\"twitter:data2\" content=\"\u00cen stoc\" \/>\n<script type=\"application\/ld+json\" class=\"yoast-schema-graph\">{\"@context\":\"https:\/\/schema.org\",\"@graph\":[{\"@type\":\"WebPage\",\"@id\":\"https:\/\/xstyle.md\/product\/setka-kalilnaya-dlya-gazovoj-lampy-petromax-mantle-hk500\/\",\"url\":\"https:\/\/xstyle.md\/product\/setka-kalilnaya-dlya-gazovoj-lampy-petromax-mantle-hk500\/\",\"name\":\"\u0421\u0435\u0442\u043a\u0430 \u043a\u0430\u043b\u0438\u043b\u044c\u043d\u0430\u044f \u0434\u043b\u044f \u0433\u0430\u0437\u043e\u0432\u043e\u0439 \u043b\u0430\u043c\u043f\u044b Petromax Mantle HK500 - \u041c\u0430\u0433\u0430\u0437\u0438\u043d Xstyle\",\"isPartOf\":{\"@id\":\"https:\/\/xstyle.md\/#website\"},\"primaryImageOfPage\":{\"@id\":\"https:\/\/xstyle.md\/product\/setka-kalilnaya-dlya-gazovoj-lampy-petromax-mantle-hk500\/#primaryimage\"},\"image\":{\"@id\":\"https:\/\/xstyle.md\/product\/setka-kalilnaya-dlya-gazovoj-lampy-petromax-mantle-hk500\/#primaryimage\"},\"thumbnailUrl\":\"https:\/\/xstyle.md\/wp-content\/uploads\/2024\/09\/petromax-mantle-hk500-1.jpg\",\"datePublished\":\"2024-09-11T14:40:20+00:00\",\"dateModified\":\"2024-10-21T06:41:15+00:00\",\"description\":\"\u0412\u044b\u0441\u043e\u043a\u043e\u043a\u0430\u0447\u0435\u0441\u0442\u0432\u0435\u043d\u043d\u0430\u044f \u043a\u0430\u043b\u0438\u043b\u044c\u043d\u0430\u044f \u0441\u0435\u0442\u043a\u0430 Petromax HK500 \u0434\u043b\u044f \u0433\u0430\u0437\u043e\u0432\u044b\u0445 \u043b\u0430\u043c\u043f. \u041e\u0431\u0435\u0441\u043f\u0435\u0447\u0438\u0432\u0430\u0435\u0442 \u043d\u0430\u0434\u0435\u0436\u043d\u043e\u0441\u0442\u044c \u0438 \u0434\u043e\u043b\u0433\u043e\u0432\u0435\u0447\u043d\u043e\u0441\u0442\u044c, \u0441\u043e\u0445\u0440\u0430\u043d\u044f\u044f \u044f\u0440\u043a\u043e\u0441\u0442\u044c \u0441\u0432\u0435\u0442\u0430. \u0418\u0434\u0435\u0430\u043b\u044c\u043d\u044b\u0439 \u0432\u044b\u0431\u043e\u0440!\",\"breadcrumb\":{\"@id\":\"https:\/\/xstyle.md\/product\/setka-kalilnaya-dlya-gazovoj-lampy-petromax-mantle-hk500\/#breadcrumb\"},\"inLanguage\":\"ro-RO\",\"potentialAction\":[{\"@type\":\"ReadAction\",\"target\":[\"https:\/\/xstyle.md\/product\/setka-kalilnaya-dlya-gazovoj-lampy-petromax-mantle-hk500\/\"]}]},{\"@type\":\"ImageObject\",\"inLanguage\":\"ro-RO\",\"@id\":\"https:\/\/xstyle.md\/product\/setka-kalilnaya-dlya-gazovoj-lampy-petromax-mantle-hk500\/#primaryimage\",\"url\":\"https:\/\/xstyle.md\/wp-content\/uploads\/2024\/09\/petromax-mantle-hk500-1.jpg\",\"contentUrl\":\"https:\/\/xstyle.md\/wp-content\/uploads\/2024\/09\/petromax-mantle-hk500-1.jpg\",\"width\":1000,\"height\":1000,\"caption\":\"\u041a\u0430\u0440\u0442\u0440\u0438\u0434\u0436 \u0434\u043b\u044f \u0443\u043b\u0438\u0447\u043d\u043e\u0433\u043e \u0444\u043e\u043d\u0430\u0440\u044f Petromax, \u0438\u0434\u0435\u0430\u043b\u044c\u043d\u044b\u0439 \u0434\u043b\u044f \u0430\u043a\u0442\u0438\u0432\u043d\u043e\u0433\u043e \u043e\u0442\u0434\u044b\u0445\u0430, \u043f\u0443\u0442\u0435\u0448\u0435\u0441\u0442\u0432\u0438\u0439, \u043a\u0435\u043c\u043f\u0438\u043d\u0433\u0430 \u0438 \u0432\u043e\u0441\u0445\u043e\u0436\u0434\u0435\u043d\u0438\u0439 \u0432 \u0433\u043e\u0440\u0430\u0445, \u0430 \u0442\u0430\u043a\u0436\u0435 \u0434\u043b\u044f \u0438\u0441\u043f\u043e\u043b\u044c\u0437\u043e\u0432\u0430\u043d\u0438\u044f \u0441 \u043e\u0434\u0435\u0436\u0434\u043e\u0439 \u0438 \u043e\u0431\u0443\u0432\u044c\u044e \u0434\u043b\u044f \u0430\u043a\u0442\u0438\u0432\u043d\u043e\u0433\u043e \u043e\u0431\u0440\u0430\u0437\u0430 \u0436\u0438\u0437\u043d\u0438.\"},{\"@type\":\"BreadcrumbList\",\"@id\":\"https:\/\/xstyle.md\/product\/setka-kalilnaya-dlya-gazovoj-lampy-petromax-mantle-hk500\/#breadcrumb\",\"itemListElement\":[{\"@type\":\"ListItem\",\"position\":1,\"name\":\"\u0413\u043b\u0430\u0432\u043d\u0430\u044f \u0441\u0442\u0440\u0430\u043d\u0438\u0446\u0430\",\"item\":\"https:\/\/xstyle.md\/\"},{\"@type\":\"ListItem\",\"position\":2,\"name\":\"\u041c\u0430\u0433\u0430\u0437\u0438\u043d\",\"item\":\"https:\/\/xstyle.md\/shop\/\"},{\"@type\":\"ListItem\",\"position\":3,\"name\":\"\u0421\u0435\u0442\u043a\u0430 \u043a\u0430\u043b\u0438\u043b\u044c\u043d\u0430\u044f \u0434\u043b\u044f \u0433\u0430\u0437\u043e\u0432\u043e\u0439 \u043b\u0430\u043c\u043f\u044b Petromax Mantle HK500\"}]},{\"@type\":\"WebSite\",\"@id\":\"https:\/\/xstyle.md\/#website\",\"url\":\"https:\/\/xstyle.md\/\",\"name\":\"\u041c\u0430\u0433\u0430\u0437\u0438\u043d Xstyle\",\"description\":\"C\u043d\u0430\u0440\u044f\u0436\u0435\u043d\u0438\u0435 \u0434\u043b\u044f \u0442\u0443\u0440\u0438\u0437\u043c\u0430 \u0438 \u044d\u043a\u0441\u0442\u0440\u0435\u043c\u0430\u043b\u044c\u043d\u044b\u0445 \u0432\u0438\u0434\u043e\u0432 \u0441\u043f\u043e\u0440\u0442\u0430 \u0432 \u041c\u043e\u043b\u0434\u043e\u0432\u0435.. \u0426\u0435\u043d\u044b, \u0444\u043e\u0442\u043e, \u0445\u0430\u0440\u0430\u043a\u0442\u0435\u0440\u0438\u0441\u0442\u0438\u043a\u0438 \u0432 \u041c\u043e\u043b\u0434\u043e\u0432\u0435.\",\"publisher\":{\"@id\":\"https:\/\/xstyle.md\/#organization\"},\"alternateName\":\"X-Style\",\"potentialAction\":[{\"@type\":\"SearchAction\",\"target\":{\"@type\":\"EntryPoint\",\"urlTemplate\":\"https:\/\/xstyle.md\/?s={search_term_string}\"},\"query-input\":{\"@type\":\"PropertyValueSpecification\",\"valueRequired\":true,\"valueName\":\"search_term_string\"}}],\"inLanguage\":\"ro-RO\"},{\"@type\":\"Organization\",\"@id\":\"https:\/\/xstyle.md\/#organization\",\"name\":\"\u041c\u0430\u0433\u0430\u0437\u0438\u043d Xstyle\",\"alternateName\":\"x-style\",\"url\":\"https:\/\/xstyle.md\/\",\"logo\":{\"@type\":\"ImageObject\",\"inLanguage\":\"ro-RO\",\"@id\":\"https:\/\/xstyle.md\/#\/schema\/logo\/image\/\",\"url\":\"https:\/\/xstyle.md\/wp-content\/uploads\/2020\/06\/logoicon.svg\",\"contentUrl\":\"https:\/\/xstyle.md\/wp-content\/uploads\/2020\/06\/logoicon.svg\",\"caption\":\"\u041c\u0430\u0433\u0430\u0437\u0438\u043d Xstyle\"},\"image\":{\"@id\":\"https:\/\/xstyle.md\/#\/schema\/logo\/image\/\"},\"sameAs\":[\"https:\/\/www.facebook.com\/xstylemd\",\"https:\/\/www.instagram.com\/xstyle_md\/\",\"https:\/\/t.me\/xstyle_outdoor\"],\"hasMerchantReturnPolicy\":{\"@type\":\"MerchantReturnPolicy\",\"merchantReturnLink\":\"https:\/\/xstyle.md\/ro\/conditions\/\"}}]}<\/script>\n<meta property=\"product:price:amount\" content=\"90.00\" \/>\n<meta property=\"product:price:currency\" content=\"MDL\" \/>\n<meta property=\"og:availability\" content=\"instock\" \/>\n<meta property=\"product:availability\" content=\"instock\" \/>\n<meta property=\"product:retailer_item_id\" content=\"4250435710401\" \/>\n<meta property=\"product:condition\" content=\"new\" \/>\n<!-- \/ Yoast SEO plugin. -->","yoast_head_json":{"title":"Schetka kalil'naya dlya gazovoy lampy Petromax Mantle HK500 - Magazin Xstyle","description":"Plas\u0103 de calitate superioar\u0103 Petromax HK500 pentru l\u0103mpile cu gaz. Ofer\u0103 fiabilitate \u0219i durabilitate, p\u0103str\u00e2nd intensitatea luminii. Alegerea ideal\u0103!","robots":{"index":"index","follow":"follow","max-snippet":"max-snippet:-1","max-image-preview":"max-image-preview:large","max-video-preview":"max-video-preview:-1"},"canonical":"https:\/\/xstyle.md\/ro\/produs\/setka-kalilnaya-dlya-gazovoj-lampy-petromax-mantle-hk500\/","og_locale":"ro_RO","og_type":"article","og_title":"\u0421\u0435\u0442\u043a\u0430 \u043a\u0430\u043b\u0438\u043b\u044c\u043d\u0430\u044f \u0434\u043b\u044f \u0433\u0430\u0437\u043e\u0432\u043e\u0439 \u043b\u0430\u043c\u043f\u044b Petromax Mantle HK500 - \u041c\u0430\u0433\u0430\u0437\u0438\u043d Xstyle","og_description":"\u0412\u044b\u0441\u043e\u043a\u043e\u043a\u0430\u0447\u0435\u0441\u0442\u0432\u0435\u043d\u043d\u0430\u044f \u043a\u0430\u043b\u0438\u043b\u044c\u043d\u0430\u044f \u0441\u0435\u0442\u043a\u0430 Petromax HK500 \u0434\u043b\u044f \u0433\u0430\u0437\u043e\u0432\u044b\u0445 \u043b\u0430\u043c\u043f. \u041e\u0431\u0435\u0441\u043f\u0435\u0447\u0438\u0432\u0430\u0435\u0442 \u043d\u0430\u0434\u0435\u0436\u043d\u043e\u0441\u0442\u044c \u0438 \u0434\u043e\u043b\u0433\u043e\u0432\u0435\u0447\u043d\u043e\u0441\u0442\u044c, \u0441\u043e\u0445\u0440\u0430\u043d\u044f\u044f \u044f\u0440\u043a\u043e\u0441\u0442\u044c \u0441\u0432\u0435\u0442\u0430. \u0418\u0434\u0435\u0430\u043b\u044c\u043d\u044b\u0439 \u0432\u044b\u0431\u043e\u0440!","og_url":"https:\/\/xstyle.md\/ro\/produs\/setka-kalilnaya-dlya-gazovoj-lampy-petromax-mantle-hk500\/","og_site_name":"\u041c\u0430\u0433\u0430\u0437\u0438\u043d Xstyle","article_publisher":"https:\/\/www.facebook.com\/xstylemd","article_modified_time":"2024-10-21T06:41:15+00:00","og_image":[{"width":1000,"height":1000,"url":"https:\/\/xstyle.md\/wp-content\/uploads\/2024\/09\/petromax-mantle-hk500-1.jpg","type":"image\/jpeg"}],"twitter_card":"summary_large_image","twitter_misc":{"Pre\u021b":"90&nbsp;MDL","Disponibilitate":"\u00cen stoc"},"schema":{"@context":"https:\/\/schema.org","@graph":[{"@type":"WebPage","@id":"https:\/\/xstyle.md\/product\/setka-kalilnaya-dlya-gazovoj-lampy-petromax-mantle-hk500\/","url":"https:\/\/xstyle.md\/product\/setka-kalilnaya-dlya-gazovoj-lampy-petromax-mantle-hk500\/","name":"Schetka kalil'naya dlya gazovoy lampy Petromax Mantle HK500 - Magazin Xstyle","isPartOf":{"@id":"https:\/\/xstyle.md\/#website"},"primaryImageOfPage":{"@id":"https:\/\/xstyle.md\/product\/setka-kalilnaya-dlya-gazovoj-lampy-petromax-mantle-hk500\/#primaryimage"},"image":{"@id":"https:\/\/xstyle.md\/product\/setka-kalilnaya-dlya-gazovoj-lampy-petromax-mantle-hk500\/#primaryimage"},"thumbnailUrl":"https:\/\/xstyle.md\/wp-content\/uploads\/2024\/09\/petromax-mantle-hk500-1.jpg","datePublished":"2024-09-11T14:40:20+00:00","dateModified":"2024-10-21T06:41:15+00:00","description":"Plas\u0103 de calitate superioar\u0103 Petromax HK500 pentru l\u0103mpile cu gaz. Ofer\u0103 fiabilitate \u0219i durabilitate, p\u0103str\u00e2nd intensitatea luminii. Alegerea ideal\u0103!","breadcrumb":{"@id":"https:\/\/xstyle.md\/product\/setka-kalilnaya-dlya-gazovoj-lampy-petromax-mantle-hk500\/#breadcrumb"},"inLanguage":"ro-RO","potentialAction":[{"@type":"ReadAction","target":["https:\/\/xstyle.md\/product\/setka-kalilnaya-dlya-gazovoj-lampy-petromax-mantle-hk500\/"]}]},{"@type":"ImageObject","inLanguage":"ro-RO","@id":"https:\/\/xstyle.md\/product\/setka-kalilnaya-dlya-gazovoj-lampy-petromax-mantle-hk500\/#primaryimage","url":"https:\/\/xstyle.md\/wp-content\/uploads\/2024\/09\/petromax-mantle-hk500-1.jpg","contentUrl":"https:\/\/xstyle.md\/wp-content\/uploads\/2024\/09\/petromax-mantle-hk500-1.jpg","width":1000,"height":1000,"caption":"\u041a\u0430\u0440\u0442\u0440\u0438\u0434\u0436 \u0434\u043b\u044f \u0443\u043b\u0438\u0447\u043d\u043e\u0433\u043e \u0444\u043e\u043d\u0430\u0440\u044f Petromax, \u0438\u0434\u0435\u0430\u043b\u044c\u043d\u044b\u0439 \u0434\u043b\u044f \u0430\u043a\u0442\u0438\u0432\u043d\u043e\u0433\u043e \u043e\u0442\u0434\u044b\u0445\u0430, \u043f\u0443\u0442\u0435\u0448\u0435\u0441\u0442\u0432\u0438\u0439, \u043a\u0435\u043c\u043f\u0438\u043d\u0433\u0430 \u0438 \u0432\u043e\u0441\u0445\u043e\u0436\u0434\u0435\u043d\u0438\u0439 \u0432 \u0433\u043e\u0440\u0430\u0445, \u0430 \u0442\u0430\u043a\u0436\u0435 \u0434\u043b\u044f \u0438\u0441\u043f\u043e\u043b\u044c\u0437\u043e\u0432\u0430\u043d\u0438\u044f \u0441 \u043e\u0434\u0435\u0436\u0434\u043e\u0439 \u0438 \u043e\u0431\u0443\u0432\u044c\u044e \u0434\u043b\u044f \u0430\u043a\u0442\u0438\u0432\u043d\u043e\u0433\u043e \u043e\u0431\u0440\u0430\u0437\u0430 \u0436\u0438\u0437\u043d\u0438."},{"@type":"BreadcrumbList","@id":"https:\/\/xstyle.md\/product\/setka-kalilnaya-dlya-gazovoj-lampy-petromax-mantle-hk500\/#breadcrumb","itemListElement":[{"@type":"ListItem","position":1,"name":"\u0413\u043b\u0430\u0432\u043d\u0430\u044f \u0441\u0442\u0440\u0430\u043d\u0438\u0446\u0430","item":"https:\/\/xstyle.md\/"},{"@type":"ListItem","position":2,"name":"\u041c\u0430\u0433\u0430\u0437\u0438\u043d","item":"https:\/\/xstyle.md\/shop\/"},{"@type":"ListItem","position":3,"name":"\u0421\u0435\u0442\u043a\u0430 \u043a\u0430\u043b\u0438\u043b\u044c\u043d\u0430\u044f \u0434\u043b\u044f \u0433\u0430\u0437\u043e\u0432\u043e\u0439 \u043b\u0430\u043c\u043f\u044b Petromax Mantle HK500"}]},{"@type":"WebSite","@id":"https:\/\/xstyle.md\/#website","url":"https:\/\/xstyle.md\/","name":"Magazinul X-Style","description":"Echipamente pentru turism \u0219i sporturi extreme \u00een Moldova. Pre\u021buri, fotografii, caracteristici \u00een Moldova.","publisher":{"@id":"https:\/\/xstyle.md\/#organization"},"alternateName":"X-Style","potentialAction":[{"@type":"SearchAction","target":{"@type":"EntryPoint","urlTemplate":"https:\/\/xstyle.md\/?s={search_term_string}"},"query-input":{"@type":"PropertyValueSpecification","valueRequired":true,"valueName":"search_term_string"}}],"inLanguage":"ro-RO"},{"@type":"Organization","@id":"https:\/\/xstyle.md\/#organization","name":"Magazinul X-Style","alternateName":"x-style","url":"https:\/\/xstyle.md\/","logo":{"@type":"ImageObject","inLanguage":"ro-RO","@id":"https:\/\/xstyle.md\/#\/schema\/logo\/image\/","url":"https:\/\/xstyle.md\/wp-content\/uploads\/2020\/06\/logoicon.svg","contentUrl":"https:\/\/xstyle.md\/wp-content\/uploads\/2020\/06\/logoicon.svg","caption":"\u041c\u0430\u0433\u0430\u0437\u0438\u043d Xstyle"},"image":{"@id":"https:\/\/xstyle.md\/#\/schema\/logo\/image\/"},"sameAs":["https:\/\/www.facebook.com\/xstylemd","https:\/\/www.instagram.com\/xstyle_md\/","https:\/\/t.me\/xstyle_outdoor"],"hasMerchantReturnPolicy":{"@type":"MerchantReturnPolicy","merchantReturnLink":"https:\/\/xstyle.md\/ro\/conditions\/"}}]},"product_price_amount":"90.00","product_price_currency":"MDL","og_availability":"instock","product_availability":"instock","product_retailer_item_id":"4250435710401","product_condition":"new"},"post_mailing_queue_ids":[],"_links":{"self":[{"href":"https:\/\/xstyle.md\/ro\/wp-json\/wp\/v2\/product\/87546","targetHints":{"allow":["GET"]}}],"collection":[{"href":"https:\/\/xstyle.md\/ro\/wp-json\/wp\/v2\/product"}],"about":[{"href":"https:\/\/xstyle.md\/ro\/wp-json\/wp\/v2\/types\/product"}],"replies":[{"embeddable":true,"href":"https:\/\/xstyle.md\/ro\/wp-json\/wp\/v2\/comments?post=87546"}],"wp:featuredmedia":[{"embeddable":true,"href":"https:\/\/xstyle.md\/ro\/wp-json\/wp\/v2\/media\/88572"}],"wp:attachment":[{"href":"https:\/\/xstyle.md\/ro\/wp-json\/wp\/v2\/media?parent=87546"}],"wp:term":[{"taxonomy":"product_brand","embeddable":true,"href":"https:\/\/xstyle.md\/ro\/wp-json\/wp\/v2\/product_brand?post=87546"},{"taxonomy":"product_cat","embeddable":true,"href":"https:\/\/xstyle.md\/ro\/wp-json\/wp\/v2\/product_cat?post=87546"},{"taxonomy":"product_tag","embeddable":true,"href":"https:\/\/xstyle.md\/ro\/wp-json\/wp\/v2\/product_tag?post=87546"}],"curies":[{"name":"wp","href":"https:\/\/api.w.org\/{rel}","templated":true}]}}