{"id":87531,"date":"2024-09-11T17:40:02","date_gmt":"2024-09-11T14:40:02","guid":{"rendered":"https:\/\/xstyle.md\/?post_type=product&#038;p=87531"},"modified":"2026-03-19T17:21:55","modified_gmt":"2026-03-19T14:21:55","slug":"fonar-lezyne-lite-drive-1200","status":"publish","type":"product","link":"https:\/\/xstyle.md\/ro\/produs\/fonar-lezyne-lite-drive-1200\/","title":{"rendered":"Lantern\u0103 Lezyne Lite Drive 1200+"},"content":{"rendered":"<p><\/p>\n<p><strong>Lezyne Lite Drive 1200+<\/strong>\u00a0 este un far pentru biciclet\u0103 echipat cu 8 LED-uri, oferind o putere de 1200 lumeni \u0219i o autonomie de p\u00e2n\u0103 la 60 de ore. Acesta dispune de o carcas\u0103 din aluminiu prelucrat CNC cu aripioare de r\u0103cire, lentil\u0103 MOR pentru o dispersie optim\u0103 a luminii \u0219i rezisten\u021b\u0103 la ap\u0103 conform standardului IPX7. Dispozitivul suport\u0103 \u00eenc\u0103rcarea prin USB-C (cablul nu este inclus) \u0219i este compatibil cu suporturile GoPro \u0219i acumulatorul extern Infinite Power Pack+. Cele \u0219apte moduri de func\u021bionare includ bli\u021bul de zi (Day Flash) \u0219i modul economic Femto, care ofer\u0103 o durat\u0103 de via\u021b\u0103 a bateriei de 60 de ore.<\/p>\n<h3>Caracteristici<\/h3>\n<ul>\n<li>Material \u2013 plastic rezistent la impact, material compozit<\/li>\n<li>Capacitate acumulator \u2013 3800 mAh<\/li>\n<li>Luminozitate \u2013 1200 lumeni<\/li>\n<li>\u00cenc\u0103rcare \u2013 USB-C<\/li>\n<li>Rezisten\u021b\u0103 la ap\u0103 \u2013 IPX7<\/li>\n<li>Autonomie (Timp de func\u021bionare) \u2013 60 ore<\/li>\n<li>Dimensiuni \u2013 84 x 48 x 41 mm<\/li>\n<li>Greutate \u2013 174 g<\/li>\n<\/ul>\n<p><\/p>\n<h3>Marca<\/h3>\n<p>Lezyne  - este un brand american global specializat \u00een produc\u021bia de accesorii, computere \u0219i sisteme de iluminat pentru biciclete. Compania a fost fondat\u0103 \u00een anul 2007 de c\u0103tre triatlonistul Micki Kozuschek. De atunci, Lezyne a stabilit un nou standard \u00een fabricarea accesoriilor premium de \u00eenalt\u0103 calitate, care \u00eendeplinesc criteriile segmentului de top din industria ciclismului. \u201eEngineered Design\u201d (Design Proiectat) este principalul slogan al brandului.<br \/>\nDin 2011, brandul Lezyne s-a prezentat lumii \u00eentr-o nou\u0103 \u201elumin\u0103\u201d: \u00een doar c\u00e2\u021biva ani, compania a devenit lider mondial \u00een produc\u021bia de optic\u0103 luminoas\u0103 de diverse puteri. \u00cen 2017, compania a lansat optica cu marcaj laser, ceea ce a f\u0103cut deplasarea prin ora\u0219 \u0219i pe str\u0103zile \u00eentunecate mult mai sigur\u0103.<\/p>","protected":false},"excerpt":{"rendered":"<p>\u0411\u0440\u0435\u043d\u0434 Lezyne \u2013 \u0433\u043b\u043e\u0431\u0430\u043b\u044c\u043d\u044b\u0439 \u0430\u043c\u0435\u0440\u0438\u043a\u0430\u043d\u0441\u043a\u0438\u0439 \u0431\u0440\u0435\u043d\u0434 \u043f\u043e \u043f\u0440\u043e\u0438\u0437\u0432\u043e\u0434\u0441\u0442\u0432\u0443 \u0430\u043a\u0441\u0435\u0441\u0441\u0443\u0430\u0440\u043e\u0432, \u043a\u043e\u043c\u043f\u044c\u044e\u0442\u0435\u0440\u043e\u0432 \u0438 \u0441\u0432\u0435\u0442\u043e\u0432\u043e\u0439 \u043e\u043f\u0442\u0438\u043a\u0438 \u0434\u043b\u044f \u0432\u0435\u043b\u043e\u0441\u0438\u043f\u0435\u0434\u0430. \u041a\u043e\u043c\u043f\u0430\u043d\u0438\u044e \u043e\u0441\u043d\u043e\u0432\u0430\u043b \u0442\u0440\u0438\u0430\u0442\u043b\u0435\u0442 \u041c\u0438\u043a\u0438 \u041a\u043e\u0446\u0443\u0448\u0435\u043a \u0432 2007 \u0433\u043e\u0434\u0443. \u0421 \u0442\u0435\u0445 \u043f\u043e\u0440 \u043a\u043e\u043c\u043f\u0430\u043d\u0438\u044f Lezyne \u0443\u0441\u0442\u0430\u043d\u043e\u0432\u0438\u043b\u0430 \u043d\u043e\u0432\u044b\u0439 \u0441\u0442\u0430\u043d\u0434\u0430\u0440\u0442 \u0432 \u043f\u0440\u043e\u0438\u0437\u0432\u043e\u0434\u0441\u0442\u0432\u0435 \u043f\u0440\u0435\u043c\u0438\u0430\u043b\u044c\u043d\u044b\u0445, \u0432\u044b\u0441\u043e\u043a\u043e\u043a\u0430\u0447\u0435\u0441\u0442\u0432\u0435\u043d\u043d\u044b\u0445 \u0430\u043a\u0441\u0435\u0441\u0441\u0443\u0430\u0440\u043e\u0432, \u043e\u0442\u0432\u0435\u0447\u0430\u044e\u0449\u0438\u0445 \u043a\u0440\u0438\u0442\u0435\u0440\u0438\u044f\u043c \u0432\u044b\u0441\u0448\u0435\u0433\u043e \u0441\u0435\u0433\u043c\u0435\u043d\u0442\u0430 \u0432 \u0432\u0435\u043b\u043e\u0441\u0438\u043f\u0435\u0434\u043d\u043e\u0439 \u0438\u043d\u0434\u0443\u0441\u0442\u0440\u0438\u0438. \u201c\u0421\u043f\u0440\u043e\u0435\u043a\u0442\u0438\u0440\u043e\u0432\u0430\u043d\u043d\u044b\u0439 \u0414\u0438\u0437\u0430\u0439\u043d\u201d \u2013 \u0433\u043b\u0430\u0432\u043d\u044b\u0439 \u0441\u043b\u043e\u0433\u0430\u043d \u0431\u0440\u0435\u043d\u0434\u0430. \u0421 2011 \u0433\u043e\u0434\u0430, \u0431\u0440\u0435\u043d\u0434 Lezyne \u043f\u0440\u0435\u0434\u0441\u0442\u0430\u043b [&hellip;]<\/p>\n","protected":false},"featured_media":87605,"comment_status":"open","ping_status":"closed","template":"","meta":{"_acf_changed":false,"inline_featured_image":false},"product_brand":[1364],"product_cat":[502],"product_tag":[],"class_list":{"0":"post-87531","1":"product","2":"type-product","3":"status-publish","4":"has-post-thumbnail","6":"product_brand-lezyne","7":"product_cat-bicycle-lights","9":"first","10":"instock","11":"shipping-taxable","12":"purchasable","13":"product-type-simple"},"acf":[],"yoast_head":"<!-- This site is optimized with the Yoast SEO plugin v27.2 - https:\/\/yoast.com\/product\/yoast-seo-wordpress\/ -->\n<title>\u0424\u043e\u043d\u0430\u0440\u044c Lezyne Lite Drive 1200+ - \u041c\u0430\u0433\u0430\u0437\u0438\u043d Xstyle<\/title>\n<meta name=\"description\" content=\"\u0424\u043e\u043d\u0430\u0440\u044c Lezyne Lite Drive 1200+ \u043e\u0431\u0435\u0441\u043f\u0435\u0447\u0438\u0432\u0430\u0435\u0442 \u044f\u0440\u043a\u043e\u0441\u0442\u044c 1200 \u041b\u044e\u043c\u0435\u043d, \u0432\u043e\u0434\u043e\u043d\u0435\u043f\u0440\u043e\u043d\u0438\u0446\u0430\u0435\u043c\u043e\u0441\u0442\u044c IPX7 \u0438 \u043f\u043e\u0434\u0434\u0435\u0440\u0436\u043a\u0443 USB-C. \u0418\u0434\u0435\u0430\u043b\u0435\u043d \u0434\u043b\u044f \u0430\u043a\u0442\u0438\u0432\u043d\u044b\u0445 \u043f\u043e\u0435\u0437\u0434\u043e\u043a!\" \/>\n<meta name=\"robots\" content=\"index, follow, max-snippet:-1, max-image-preview:large, max-video-preview:-1\" \/>\n<link rel=\"canonical\" href=\"https:\/\/xstyle.md\/ro\/produs\/fonar-lezyne-lite-drive-1200\/\" \/>\n<meta property=\"og:locale\" content=\"ro_RO\" \/>\n<meta property=\"og:type\" content=\"article\" \/>\n<meta property=\"og:title\" content=\"\u0424\u043e\u043d\u0430\u0440\u044c Lezyne Lite Drive 1200+ - \u041c\u0430\u0433\u0430\u0437\u0438\u043d Xstyle\" \/>\n<meta property=\"og:description\" content=\"\u0424\u043e\u043d\u0430\u0440\u044c Lezyne Lite Drive 1200+ \u043e\u0431\u0435\u0441\u043f\u0435\u0447\u0438\u0432\u0430\u0435\u0442 \u044f\u0440\u043a\u043e\u0441\u0442\u044c 1200 \u041b\u044e\u043c\u0435\u043d, \u0432\u043e\u0434\u043e\u043d\u0435\u043f\u0440\u043e\u043d\u0438\u0446\u0430\u0435\u043c\u043e\u0441\u0442\u044c IPX7 \u0438 \u043f\u043e\u0434\u0434\u0435\u0440\u0436\u043a\u0443 USB-C. \u0418\u0434\u0435\u0430\u043b\u0435\u043d \u0434\u043b\u044f \u0430\u043a\u0442\u0438\u0432\u043d\u044b\u0445 \u043f\u043e\u0435\u0437\u0434\u043e\u043a!\" \/>\n<meta property=\"og:url\" content=\"https:\/\/xstyle.md\/ro\/produs\/fonar-lezyne-lite-drive-1200\/\" \/>\n<meta property=\"og:site_name\" content=\"\u041c\u0430\u0433\u0430\u0437\u0438\u043d Xstyle\" \/>\n<meta property=\"article:publisher\" content=\"https:\/\/www.facebook.com\/xstylemd\" \/>\n<meta property=\"article:modified_time\" content=\"2026-03-19T14:21:55+00:00\" \/>\n<meta property=\"og:image\" content=\"https:\/\/xstyle.md\/wp-content\/uploads\/2024\/09\/lezyne-lite-drive-1200.jpg\" \/>\n\t<meta property=\"og:image:width\" content=\"1000\" \/>\n\t<meta property=\"og:image:height\" content=\"1000\" \/>\n\t<meta property=\"og:image:type\" content=\"image\/jpeg\" \/>\n<meta name=\"twitter:card\" content=\"summary_large_image\" \/>\n<meta name=\"twitter:label1\" content=\"Pre\u021b\" \/>\n\t<meta name=\"twitter:data1\" content=\"1.850&nbsp;MDL\" \/>\n\t<meta name=\"twitter:label2\" content=\"Disponibilitate\" \/>\n\t<meta name=\"twitter:data2\" content=\"\u00cen stoc\" \/>\n<script type=\"application\/ld+json\" class=\"yoast-schema-graph\">{\"@context\":\"https:\/\/schema.org\",\"@graph\":[{\"@type\":\"WebPage\",\"@id\":\"https:\/\/xstyle.md\/product\/fonar-lezyne-lite-drive-1200\/\",\"url\":\"https:\/\/xstyle.md\/product\/fonar-lezyne-lite-drive-1200\/\",\"name\":\"\u0424\u043e\u043d\u0430\u0440\u044c Lezyne Lite Drive 1200+ - \u041c\u0430\u0433\u0430\u0437\u0438\u043d Xstyle\",\"isPartOf\":{\"@id\":\"https:\/\/xstyle.md\/#website\"},\"primaryImageOfPage\":{\"@id\":\"https:\/\/xstyle.md\/product\/fonar-lezyne-lite-drive-1200\/#primaryimage\"},\"image\":{\"@id\":\"https:\/\/xstyle.md\/product\/fonar-lezyne-lite-drive-1200\/#primaryimage\"},\"thumbnailUrl\":\"https:\/\/xstyle.md\/wp-content\/uploads\/2024\/09\/lezyne-lite-drive-1200.jpg\",\"datePublished\":\"2024-09-11T14:40:02+00:00\",\"dateModified\":\"2026-03-19T14:21:55+00:00\",\"description\":\"\u0424\u043e\u043d\u0430\u0440\u044c Lezyne Lite Drive 1200+ \u043e\u0431\u0435\u0441\u043f\u0435\u0447\u0438\u0432\u0430\u0435\u0442 \u044f\u0440\u043a\u043e\u0441\u0442\u044c 1200 \u041b\u044e\u043c\u0435\u043d, \u0432\u043e\u0434\u043e\u043d\u0435\u043f\u0440\u043e\u043d\u0438\u0446\u0430\u0435\u043c\u043e\u0441\u0442\u044c IPX7 \u0438 \u043f\u043e\u0434\u0434\u0435\u0440\u0436\u043a\u0443 USB-C. \u0418\u0434\u0435\u0430\u043b\u0435\u043d \u0434\u043b\u044f \u0430\u043a\u0442\u0438\u0432\u043d\u044b\u0445 \u043f\u043e\u0435\u0437\u0434\u043e\u043a!\",\"breadcrumb\":{\"@id\":\"https:\/\/xstyle.md\/product\/fonar-lezyne-lite-drive-1200\/#breadcrumb\"},\"inLanguage\":\"ro-RO\",\"potentialAction\":[{\"@type\":\"ReadAction\",\"target\":[\"https:\/\/xstyle.md\/product\/fonar-lezyne-lite-drive-1200\/\"]}]},{\"@type\":\"ImageObject\",\"inLanguage\":\"ro-RO\",\"@id\":\"https:\/\/xstyle.md\/product\/fonar-lezyne-lite-drive-1200\/#primaryimage\",\"url\":\"https:\/\/xstyle.md\/wp-content\/uploads\/2024\/09\/lezyne-lite-drive-1200.jpg\",\"contentUrl\":\"https:\/\/xstyle.md\/wp-content\/uploads\/2024\/09\/lezyne-lite-drive-1200.jpg\",\"width\":1000,\"height\":1000,\"caption\":\"\u0424\u0430\u0440\u0430 Lezyne Lite Drive 1200 \u0434\u043b\u044f \u0430\u043a\u0442\u0438\u0432\u043d\u043e\u0433\u043e \u043e\u0442\u0434\u044b\u0445\u0430, \u043f\u043e\u0434\u0445\u043e\u0434\u044f\u0449\u0430\u044f \u0434\u043b\u044f \u043f\u043e\u0445\u043e\u0434\u043e\u0432, \u0430\u043b\u044c\u043f\u0438\u043d\u0438\u0437\u043c\u0430 \u0438 \u043f\u0443\u0442\u0435\u0448\u0435\u0441\u0442\u0432\u0438\u0439, \u0438\u0434\u0435\u0430\u043b\u044c\u043d\u043e \u043e\u0441\u0432\u0435\u0449\u0430\u044e\u0449\u0430\u044f \u0432\u0430\u0448\u0438 \u043f\u0440\u0438\u043a\u043b\u044e\u0447\u0435\u043d\u0438\u044f.\"},{\"@type\":\"BreadcrumbList\",\"@id\":\"https:\/\/xstyle.md\/product\/fonar-lezyne-lite-drive-1200\/#breadcrumb\",\"itemListElement\":[{\"@type\":\"ListItem\",\"position\":1,\"name\":\"\u0413\u043b\u0430\u0432\u043d\u0430\u044f \u0441\u0442\u0440\u0430\u043d\u0438\u0446\u0430\",\"item\":\"https:\/\/xstyle.md\/\"},{\"@type\":\"ListItem\",\"position\":2,\"name\":\"\u041c\u0430\u0433\u0430\u0437\u0438\u043d\",\"item\":\"https:\/\/xstyle.md\/shop\/\"},{\"@type\":\"ListItem\",\"position\":3,\"name\":\"\u0424\u043e\u043d\u0430\u0440\u044c Lezyne Lite Drive 1200+\"}]},{\"@type\":\"WebSite\",\"@id\":\"https:\/\/xstyle.md\/#website\",\"url\":\"https:\/\/xstyle.md\/\",\"name\":\"\u041c\u0430\u0433\u0430\u0437\u0438\u043d Xstyle\",\"description\":\"C\u043d\u0430\u0440\u044f\u0436\u0435\u043d\u0438\u0435 \u0434\u043b\u044f \u0442\u0443\u0440\u0438\u0437\u043c\u0430 \u0438 \u044d\u043a\u0441\u0442\u0440\u0435\u043c\u0430\u043b\u044c\u043d\u044b\u0445 \u0432\u0438\u0434\u043e\u0432 \u0441\u043f\u043e\u0440\u0442\u0430 \u0432 \u041c\u043e\u043b\u0434\u043e\u0432\u0435.. \u0426\u0435\u043d\u044b, \u0444\u043e\u0442\u043e, \u0445\u0430\u0440\u0430\u043a\u0442\u0435\u0440\u0438\u0441\u0442\u0438\u043a\u0438 \u0432 \u041c\u043e\u043b\u0434\u043e\u0432\u0435.\",\"publisher\":{\"@id\":\"https:\/\/xstyle.md\/#organization\"},\"alternateName\":\"X-Style\",\"potentialAction\":[{\"@type\":\"SearchAction\",\"target\":{\"@type\":\"EntryPoint\",\"urlTemplate\":\"https:\/\/xstyle.md\/?s={search_term_string}\"},\"query-input\":{\"@type\":\"PropertyValueSpecification\",\"valueRequired\":true,\"valueName\":\"search_term_string\"}}],\"inLanguage\":\"ro-RO\"},{\"@type\":\"Organization\",\"@id\":\"https:\/\/xstyle.md\/#organization\",\"name\":\"\u041c\u0430\u0433\u0430\u0437\u0438\u043d Xstyle\",\"alternateName\":\"x-style\",\"url\":\"https:\/\/xstyle.md\/\",\"logo\":{\"@type\":\"ImageObject\",\"inLanguage\":\"ro-RO\",\"@id\":\"https:\/\/xstyle.md\/#\/schema\/logo\/image\/\",\"url\":\"https:\/\/xstyle.md\/wp-content\/uploads\/2020\/06\/logoicon.svg\",\"contentUrl\":\"https:\/\/xstyle.md\/wp-content\/uploads\/2020\/06\/logoicon.svg\",\"caption\":\"\u041c\u0430\u0433\u0430\u0437\u0438\u043d Xstyle\"},\"image\":{\"@id\":\"https:\/\/xstyle.md\/#\/schema\/logo\/image\/\"},\"sameAs\":[\"https:\/\/www.facebook.com\/xstylemd\",\"https:\/\/www.instagram.com\/xstyle_md\/\",\"https:\/\/t.me\/xstyle_outdoor\"],\"hasMerchantReturnPolicy\":{\"@type\":\"MerchantReturnPolicy\",\"merchantReturnLink\":\"https:\/\/xstyle.md\/ro\/conditions\/\"}}]}<\/script>\n<meta property=\"product:price:amount\" content=\"1850.00\" \/>\n<meta property=\"product:price:currency\" content=\"MDL\" \/>\n<meta property=\"og:availability\" content=\"instock\" \/>\n<meta property=\"product:availability\" content=\"instock\" \/>\n<meta property=\"product:retailer_item_id\" content=\"4710582551598\" \/>\n<meta property=\"product:condition\" content=\"new\" \/>\n<!-- \/ Yoast SEO plugin. -->","yoast_head_json":{"title":"Lanterna Lezyne Lite Drive 1200+ - Magazin Xstyle","description":"Lanterna Lezyne Lite Drive 1200+ ofer\u0103 o luminozitate de 1200 lumeni, impermeabilitate IPX7 \u0219i suport USB-C. Este ideal\u0103 pentru excursii active!","robots":{"index":"index","follow":"follow","max-snippet":"max-snippet:-1","max-image-preview":"max-image-preview:large","max-video-preview":"max-video-preview:-1"},"canonical":"https:\/\/xstyle.md\/ro\/produs\/fonar-lezyne-lite-drive-1200\/","og_locale":"ro_RO","og_type":"article","og_title":"\u0424\u043e\u043d\u0430\u0440\u044c Lezyne Lite Drive 1200+ - \u041c\u0430\u0433\u0430\u0437\u0438\u043d Xstyle","og_description":"\u0424\u043e\u043d\u0430\u0440\u044c Lezyne Lite Drive 1200+ \u043e\u0431\u0435\u0441\u043f\u0435\u0447\u0438\u0432\u0430\u0435\u0442 \u044f\u0440\u043a\u043e\u0441\u0442\u044c 1200 \u041b\u044e\u043c\u0435\u043d, \u0432\u043e\u0434\u043e\u043d\u0435\u043f\u0440\u043e\u043d\u0438\u0446\u0430\u0435\u043c\u043e\u0441\u0442\u044c IPX7 \u0438 \u043f\u043e\u0434\u0434\u0435\u0440\u0436\u043a\u0443 USB-C. \u0418\u0434\u0435\u0430\u043b\u0435\u043d \u0434\u043b\u044f \u0430\u043a\u0442\u0438\u0432\u043d\u044b\u0445 \u043f\u043e\u0435\u0437\u0434\u043e\u043a!","og_url":"https:\/\/xstyle.md\/ro\/produs\/fonar-lezyne-lite-drive-1200\/","og_site_name":"\u041c\u0430\u0433\u0430\u0437\u0438\u043d Xstyle","article_publisher":"https:\/\/www.facebook.com\/xstylemd","article_modified_time":"2026-03-19T14:21:55+00:00","og_image":[{"width":1000,"height":1000,"url":"https:\/\/xstyle.md\/wp-content\/uploads\/2024\/09\/lezyne-lite-drive-1200.jpg","type":"image\/jpeg"}],"twitter_card":"summary_large_image","twitter_misc":{"Pre\u021b":"1.850&nbsp;MDL","Disponibilitate":"\u00cen stoc"},"schema":{"@context":"https:\/\/schema.org","@graph":[{"@type":"WebPage","@id":"https:\/\/xstyle.md\/product\/fonar-lezyne-lite-drive-1200\/","url":"https:\/\/xstyle.md\/product\/fonar-lezyne-lite-drive-1200\/","name":"Lanterna Lezyne Lite Drive 1200+ - Magazin Xstyle","isPartOf":{"@id":"https:\/\/xstyle.md\/#website"},"primaryImageOfPage":{"@id":"https:\/\/xstyle.md\/product\/fonar-lezyne-lite-drive-1200\/#primaryimage"},"image":{"@id":"https:\/\/xstyle.md\/product\/fonar-lezyne-lite-drive-1200\/#primaryimage"},"thumbnailUrl":"https:\/\/xstyle.md\/wp-content\/uploads\/2024\/09\/lezyne-lite-drive-1200.jpg","datePublished":"2024-09-11T14:40:02+00:00","dateModified":"2026-03-19T14:21:55+00:00","description":"Lanterna Lezyne Lite Drive 1200+ ofer\u0103 o luminozitate de 1200 lumeni, impermeabilitate IPX7 \u0219i suport USB-C. Este ideal\u0103 pentru excursii active!","breadcrumb":{"@id":"https:\/\/xstyle.md\/product\/fonar-lezyne-lite-drive-1200\/#breadcrumb"},"inLanguage":"ro-RO","potentialAction":[{"@type":"ReadAction","target":["https:\/\/xstyle.md\/product\/fonar-lezyne-lite-drive-1200\/"]}]},{"@type":"ImageObject","inLanguage":"ro-RO","@id":"https:\/\/xstyle.md\/product\/fonar-lezyne-lite-drive-1200\/#primaryimage","url":"https:\/\/xstyle.md\/wp-content\/uploads\/2024\/09\/lezyne-lite-drive-1200.jpg","contentUrl":"https:\/\/xstyle.md\/wp-content\/uploads\/2024\/09\/lezyne-lite-drive-1200.jpg","width":1000,"height":1000,"caption":"\u0424\u0430\u0440\u0430 Lezyne Lite Drive 1200 \u0434\u043b\u044f \u0430\u043a\u0442\u0438\u0432\u043d\u043e\u0433\u043e \u043e\u0442\u0434\u044b\u0445\u0430, \u043f\u043e\u0434\u0445\u043e\u0434\u044f\u0449\u0430\u044f \u0434\u043b\u044f \u043f\u043e\u0445\u043e\u0434\u043e\u0432, \u0430\u043b\u044c\u043f\u0438\u043d\u0438\u0437\u043c\u0430 \u0438 \u043f\u0443\u0442\u0435\u0448\u0435\u0441\u0442\u0432\u0438\u0439, \u0438\u0434\u0435\u0430\u043b\u044c\u043d\u043e \u043e\u0441\u0432\u0435\u0449\u0430\u044e\u0449\u0430\u044f \u0432\u0430\u0448\u0438 \u043f\u0440\u0438\u043a\u043b\u044e\u0447\u0435\u043d\u0438\u044f."},{"@type":"BreadcrumbList","@id":"https:\/\/xstyle.md\/product\/fonar-lezyne-lite-drive-1200\/#breadcrumb","itemListElement":[{"@type":"ListItem","position":1,"name":"\u0413\u043b\u0430\u0432\u043d\u0430\u044f \u0441\u0442\u0440\u0430\u043d\u0438\u0446\u0430","item":"https:\/\/xstyle.md\/"},{"@type":"ListItem","position":2,"name":"\u041c\u0430\u0433\u0430\u0437\u0438\u043d","item":"https:\/\/xstyle.md\/shop\/"},{"@type":"ListItem","position":3,"name":"\u0424\u043e\u043d\u0430\u0440\u044c Lezyne Lite Drive 1200+"}]},{"@type":"WebSite","@id":"https:\/\/xstyle.md\/#website","url":"https:\/\/xstyle.md\/","name":"Magazinul X-Style","description":"Echipamente pentru turism \u0219i sporturi extreme \u00een Moldova. Pre\u021buri, fotografii, caracteristici \u00een Moldova.","publisher":{"@id":"https:\/\/xstyle.md\/#organization"},"alternateName":"X-Style","potentialAction":[{"@type":"SearchAction","target":{"@type":"EntryPoint","urlTemplate":"https:\/\/xstyle.md\/?s={search_term_string}"},"query-input":{"@type":"PropertyValueSpecification","valueRequired":true,"valueName":"search_term_string"}}],"inLanguage":"ro-RO"},{"@type":"Organization","@id":"https:\/\/xstyle.md\/#organization","name":"Magazinul X-Style","alternateName":"x-style","url":"https:\/\/xstyle.md\/","logo":{"@type":"ImageObject","inLanguage":"ro-RO","@id":"https:\/\/xstyle.md\/#\/schema\/logo\/image\/","url":"https:\/\/xstyle.md\/wp-content\/uploads\/2020\/06\/logoicon.svg","contentUrl":"https:\/\/xstyle.md\/wp-content\/uploads\/2020\/06\/logoicon.svg","caption":"\u041c\u0430\u0433\u0430\u0437\u0438\u043d Xstyle"},"image":{"@id":"https:\/\/xstyle.md\/#\/schema\/logo\/image\/"},"sameAs":["https:\/\/www.facebook.com\/xstylemd","https:\/\/www.instagram.com\/xstyle_md\/","https:\/\/t.me\/xstyle_outdoor"],"hasMerchantReturnPolicy":{"@type":"MerchantReturnPolicy","merchantReturnLink":"https:\/\/xstyle.md\/ro\/conditions\/"}}]},"product_price_amount":"1850.00","product_price_currency":"MDL","og_availability":"instock","product_availability":"instock","product_retailer_item_id":"4710582551598","product_condition":"new"},"post_mailing_queue_ids":[],"_links":{"self":[{"href":"https:\/\/xstyle.md\/ro\/wp-json\/wp\/v2\/product\/87531","targetHints":{"allow":["GET"]}}],"collection":[{"href":"https:\/\/xstyle.md\/ro\/wp-json\/wp\/v2\/product"}],"about":[{"href":"https:\/\/xstyle.md\/ro\/wp-json\/wp\/v2\/types\/product"}],"replies":[{"embeddable":true,"href":"https:\/\/xstyle.md\/ro\/wp-json\/wp\/v2\/comments?post=87531"}],"wp:featuredmedia":[{"embeddable":true,"href":"https:\/\/xstyle.md\/ro\/wp-json\/wp\/v2\/media\/87605"}],"wp:attachment":[{"href":"https:\/\/xstyle.md\/ro\/wp-json\/wp\/v2\/media?parent=87531"}],"wp:term":[{"taxonomy":"product_brand","embeddable":true,"href":"https:\/\/xstyle.md\/ro\/wp-json\/wp\/v2\/product_brand?post=87531"},{"taxonomy":"product_cat","embeddable":true,"href":"https:\/\/xstyle.md\/ro\/wp-json\/wp\/v2\/product_cat?post=87531"},{"taxonomy":"product_tag","embeddable":true,"href":"https:\/\/xstyle.md\/ro\/wp-json\/wp\/v2\/product_tag?post=87531"}],"curies":[{"name":"wp","href":"https:\/\/api.w.org\/{rel}","templated":true}]}}