{"id":87530,"date":"2024-09-11T17:40:01","date_gmt":"2024-09-11T14:40:01","guid":{"rendered":"https:\/\/xstyle.md\/?post_type=product&#038;p=87530"},"modified":"2026-03-19T17:21:54","modified_gmt":"2026-03-19T14:21:54","slug":"fonar-lezyne-fusion-drive-600","status":"publish","type":"product","link":"https:\/\/xstyle.md\/ro\/produs\/fonar-lezyne-fusion-drive-600\/","title":{"rendered":"Lantern\u0103 Lezyne Fusion Drive 600+"},"content":{"rendered":"<p><\/p>\n<p><strong>Lezyne Fusion Drive 600+\u00a0\u00a0<\/strong> &#8212;\u00a0 este o lantern\u0103 de biciclet\u0103 accesibil\u0103 \u0219i multifunc\u021bional\u0103, cu o putere de 600 lumeni \u0219i o autonomie de p\u00e2n\u0103 la 36 de ore. Dispune de \u0219ase moduri de iluminare, inclusiv cel pentru zi (Day Flash), \u0219i un indicator de baterie. Carcasa din aluminiu prelucrat CNC, prev\u0103zut\u0103 cu aripioare de r\u0103cire, asigur\u0103 durabilitate \u0219i o disipare eficient\u0103 a c\u0103ldurii. Lanterna este dotat\u0103 cu un port de \u00eenc\u0103rcare USB-C impermeabil (cablul nu este inclus) \u0219i este compatibil\u0103 cu suporturile GoPro. De asemenea, suport\u0103 acumulatorul extern Infinite Light Power Pack+ \u0219i are o protec\u021bie standard IPX7.<\/p>\n<h3>Caracteristici<\/h3>\n<ul>\n<li>Material \u2013 plastic rezistent la impact, material compozit<\/li>\n<li>Capacitate acumulator \u2013 1900 mAh<\/li>\n<li>Luminozitate \u2013 600 lumeni<\/li>\n<li>\u00cenc\u0103rcare \u2013 USB-C<\/li>\n<li>Rezisten\u021b\u0103 la ap\u0103 \u2013 IPX7<\/li>\n<li>Autonomie (Timp de func\u021bionare) \u2013 36 ore<\/li>\n<li>Dimensiuni \u2013 82 x 45 x 41 mm<\/li>\n<li>Greutate \u2013 129 g<\/li>\n<\/ul>\n<p><\/p>\n<h3>Marca<\/h3>\n<p>Lezyne  - este un brand american global specializat \u00een produc\u021bia de accesorii, computere \u0219i sisteme de iluminat pentru biciclete. Compania a fost fondat\u0103 \u00een anul 2007 de c\u0103tre triatlonistul Micki Kozuschek. De atunci, Lezyne a stabilit un nou standard \u00een fabricarea accesoriilor premium de \u00eenalt\u0103 calitate, care \u00eendeplinesc criteriile segmentului de top din industria ciclismului. \u201eEngineered Design\u201d (Design Proiectat) este principalul slogan al brandului.<br \/>\nDin 2011, brandul Lezyne s-a prezentat lumii \u00eentr-o nou\u0103 \u201elumin\u0103\u201d: \u00een doar c\u00e2\u021biva ani, compania a devenit lider mondial \u00een produc\u021bia de optic\u0103 luminoas\u0103 de diverse puteri. \u00cen 2017, compania a lansat optica cu marcaj laser, ceea ce a f\u0103cut deplasarea prin ora\u0219 \u0219i pe str\u0103zile \u00eentunecate mult mai sigur\u0103.<\/p>","protected":false},"excerpt":{"rendered":"<p>\u0411\u0440\u0435\u043d\u0434 Lezyne \u2013 \u0433\u043b\u043e\u0431\u0430\u043b\u044c\u043d\u044b\u0439 \u0430\u043c\u0435\u0440\u0438\u043a\u0430\u043d\u0441\u043a\u0438\u0439 \u0431\u0440\u0435\u043d\u0434 \u043f\u043e \u043f\u0440\u043e\u0438\u0437\u0432\u043e\u0434\u0441\u0442\u0432\u0443 \u0430\u043a\u0441\u0435\u0441\u0441\u0443\u0430\u0440\u043e\u0432, \u043a\u043e\u043c\u043f\u044c\u044e\u0442\u0435\u0440\u043e\u0432 \u0438 \u0441\u0432\u0435\u0442\u043e\u0432\u043e\u0439 \u043e\u043f\u0442\u0438\u043a\u0438 \u0434\u043b\u044f \u0432\u0435\u043b\u043e\u0441\u0438\u043f\u0435\u0434\u0430. \u041a\u043e\u043c\u043f\u0430\u043d\u0438\u044e \u043e\u0441\u043d\u043e\u0432\u0430\u043b \u0442\u0440\u0438\u0430\u0442\u043b\u0435\u0442 \u041c\u0438\u043a\u0438 \u041a\u043e\u0446\u0443\u0448\u0435\u043a \u0432 2007 \u0433\u043e\u0434\u0443. \u0421 \u0442\u0435\u0445 \u043f\u043e\u0440 \u043a\u043e\u043c\u043f\u0430\u043d\u0438\u044f Lezyne \u0443\u0441\u0442\u0430\u043d\u043e\u0432\u0438\u043b\u0430 \u043d\u043e\u0432\u044b\u0439 \u0441\u0442\u0430\u043d\u0434\u0430\u0440\u0442 \u0432 \u043f\u0440\u043e\u0438\u0437\u0432\u043e\u0434\u0441\u0442\u0432\u0435 \u043f\u0440\u0435\u043c\u0438\u0430\u043b\u044c\u043d\u044b\u0445, \u0432\u044b\u0441\u043e\u043a\u043e\u043a\u0430\u0447\u0435\u0441\u0442\u0432\u0435\u043d\u043d\u044b\u0445 \u0430\u043a\u0441\u0435\u0441\u0441\u0443\u0430\u0440\u043e\u0432, \u043e\u0442\u0432\u0435\u0447\u0430\u044e\u0449\u0438\u0445 \u043a\u0440\u0438\u0442\u0435\u0440\u0438\u044f\u043c \u0432\u044b\u0441\u0448\u0435\u0433\u043e \u0441\u0435\u0433\u043c\u0435\u043d\u0442\u0430 \u0432 \u0432\u0435\u043b\u043e\u0441\u0438\u043f\u0435\u0434\u043d\u043e\u0439 \u0438\u043d\u0434\u0443\u0441\u0442\u0440\u0438\u0438. \u201c\u0421\u043f\u0440\u043e\u0435\u043a\u0442\u0438\u0440\u043e\u0432\u0430\u043d\u043d\u044b\u0439 \u0414\u0438\u0437\u0430\u0439\u043d\u201d \u2013 \u0433\u043b\u0430\u0432\u043d\u044b\u0439 \u0441\u043b\u043e\u0433\u0430\u043d \u0431\u0440\u0435\u043d\u0434\u0430. \u0421 2011 \u0433\u043e\u0434\u0430, \u0431\u0440\u0435\u043d\u0434 Lezyne \u043f\u0440\u0435\u0434\u0441\u0442\u0430\u043b [&hellip;]<\/p>\n","protected":false},"featured_media":87589,"comment_status":"open","ping_status":"closed","template":"","meta":{"_acf_changed":false,"inline_featured_image":false},"product_brand":[1364],"product_cat":[502],"product_tag":[],"class_list":{"0":"post-87530","1":"product","2":"type-product","3":"status-publish","4":"has-post-thumbnail","6":"product_brand-lezyne","7":"product_cat-bicycle-lights","9":"first","10":"instock","11":"shipping-taxable","12":"purchasable","13":"product-type-simple"},"acf":[],"yoast_head":"<!-- This site is optimized with the Yoast SEO plugin v27.2 - https:\/\/yoast.com\/product\/yoast-seo-wordpress\/ -->\n<title>\u0424\u043e\u043d\u0430\u0440\u044c Lezyne Fusion Drive 600+ - \u041c\u0430\u0433\u0430\u0437\u0438\u043d Xstyle<\/title>\n<meta name=\"description\" content=\"\u0424\u043e\u043d\u0430\u0440\u044c Lezyne Fusion Drive 600+ \u0441 \u043c\u043e\u0449\u043d\u043e\u0441\u0442\u044c\u044e 600 \u043b\u043c, USB-C \u0438 \u0437\u0430\u0449\u0438\u0442\u043e\u0439 IPX7. \u0418\u0434\u0435\u0430\u043b\u0435\u043d \u0434\u043b\u044f \u0432\u0435\u043b\u043e\u0441\u0438\u043f\u0435\u0434\u0438\u0441\u0442\u043e\u0432, \u043e\u0431\u0435\u0441\u043f\u0435\u0447\u0438\u0432\u0430\u044f \u043d\u0430\u0434\u0435\u0436\u043d\u043e\u0435 \u043e\u0441\u0432\u0435\u0449\u0435\u043d\u0438\u0435 \u0432 \u043b\u044e\u0431\u044b\u0445 \u0443\u0441\u043b\u043e\u0432\u0438\u044f\u0445.\" \/>\n<meta name=\"robots\" content=\"index, follow, max-snippet:-1, max-image-preview:large, max-video-preview:-1\" \/>\n<link rel=\"canonical\" href=\"https:\/\/xstyle.md\/ro\/produs\/fonar-lezyne-fusion-drive-600\/\" \/>\n<meta property=\"og:locale\" content=\"ro_RO\" \/>\n<meta property=\"og:type\" content=\"article\" \/>\n<meta property=\"og:title\" content=\"\u0424\u043e\u043d\u0430\u0440\u044c Lezyne Fusion Drive 600+ - \u041c\u0430\u0433\u0430\u0437\u0438\u043d Xstyle\" \/>\n<meta property=\"og:description\" content=\"\u0424\u043e\u043d\u0430\u0440\u044c Lezyne Fusion Drive 600+ \u0441 \u043c\u043e\u0449\u043d\u043e\u0441\u0442\u044c\u044e 600 \u043b\u043c, USB-C \u0438 \u0437\u0430\u0449\u0438\u0442\u043e\u0439 IPX7. \u0418\u0434\u0435\u0430\u043b\u0435\u043d \u0434\u043b\u044f \u0432\u0435\u043b\u043e\u0441\u0438\u043f\u0435\u0434\u0438\u0441\u0442\u043e\u0432, \u043e\u0431\u0435\u0441\u043f\u0435\u0447\u0438\u0432\u0430\u044f \u043d\u0430\u0434\u0435\u0436\u043d\u043e\u0435 \u043e\u0441\u0432\u0435\u0449\u0435\u043d\u0438\u0435 \u0432 \u043b\u044e\u0431\u044b\u0445 \u0443\u0441\u043b\u043e\u0432\u0438\u044f\u0445.\" \/>\n<meta property=\"og:url\" content=\"https:\/\/xstyle.md\/ro\/produs\/fonar-lezyne-fusion-drive-600\/\" \/>\n<meta property=\"og:site_name\" content=\"\u041c\u0430\u0433\u0430\u0437\u0438\u043d Xstyle\" \/>\n<meta property=\"article:publisher\" content=\"https:\/\/www.facebook.com\/xstylemd\" \/>\n<meta property=\"article:modified_time\" content=\"2026-03-19T14:21:54+00:00\" \/>\n<meta property=\"og:image\" content=\"https:\/\/xstyle.md\/wp-content\/uploads\/2024\/09\/lezyne-fusion-drive-600.jpg\" \/>\n\t<meta property=\"og:image:width\" content=\"1000\" \/>\n\t<meta property=\"og:image:height\" content=\"1000\" \/>\n\t<meta property=\"og:image:type\" content=\"image\/jpeg\" \/>\n<meta name=\"twitter:card\" content=\"summary_large_image\" \/>\n<meta name=\"twitter:label1\" content=\"Pre\u021b\" \/>\n\t<meta name=\"twitter:data1\" content=\"1.100&nbsp;MDL\" \/>\n\t<meta name=\"twitter:label2\" content=\"Disponibilitate\" \/>\n\t<meta name=\"twitter:data2\" content=\"\u00cen stoc\" \/>\n<script type=\"application\/ld+json\" class=\"yoast-schema-graph\">{\"@context\":\"https:\/\/schema.org\",\"@graph\":[{\"@type\":\"WebPage\",\"@id\":\"https:\/\/xstyle.md\/product\/fonar-lezyne-fusion-drive-600\/\",\"url\":\"https:\/\/xstyle.md\/product\/fonar-lezyne-fusion-drive-600\/\",\"name\":\"\u0424\u043e\u043d\u0430\u0440\u044c Lezyne Fusion Drive 600+ - \u041c\u0430\u0433\u0430\u0437\u0438\u043d Xstyle\",\"isPartOf\":{\"@id\":\"https:\/\/xstyle.md\/#website\"},\"primaryImageOfPage\":{\"@id\":\"https:\/\/xstyle.md\/product\/fonar-lezyne-fusion-drive-600\/#primaryimage\"},\"image\":{\"@id\":\"https:\/\/xstyle.md\/product\/fonar-lezyne-fusion-drive-600\/#primaryimage\"},\"thumbnailUrl\":\"https:\/\/xstyle.md\/wp-content\/uploads\/2024\/09\/lezyne-fusion-drive-600.jpg\",\"datePublished\":\"2024-09-11T14:40:01+00:00\",\"dateModified\":\"2026-03-19T14:21:54+00:00\",\"description\":\"\u0424\u043e\u043d\u0430\u0440\u044c Lezyne Fusion Drive 600+ \u0441 \u043c\u043e\u0449\u043d\u043e\u0441\u0442\u044c\u044e 600 \u043b\u043c, USB-C \u0438 \u0437\u0430\u0449\u0438\u0442\u043e\u0439 IPX7. \u0418\u0434\u0435\u0430\u043b\u0435\u043d \u0434\u043b\u044f \u0432\u0435\u043b\u043e\u0441\u0438\u043f\u0435\u0434\u0438\u0441\u0442\u043e\u0432, \u043e\u0431\u0435\u0441\u043f\u0435\u0447\u0438\u0432\u0430\u044f \u043d\u0430\u0434\u0435\u0436\u043d\u043e\u0435 \u043e\u0441\u0432\u0435\u0449\u0435\u043d\u0438\u0435 \u0432 \u043b\u044e\u0431\u044b\u0445 \u0443\u0441\u043b\u043e\u0432\u0438\u044f\u0445.\",\"breadcrumb\":{\"@id\":\"https:\/\/xstyle.md\/product\/fonar-lezyne-fusion-drive-600\/#breadcrumb\"},\"inLanguage\":\"ro-RO\",\"potentialAction\":[{\"@type\":\"ReadAction\",\"target\":[\"https:\/\/xstyle.md\/product\/fonar-lezyne-fusion-drive-600\/\"]}]},{\"@type\":\"ImageObject\",\"inLanguage\":\"ro-RO\",\"@id\":\"https:\/\/xstyle.md\/product\/fonar-lezyne-fusion-drive-600\/#primaryimage\",\"url\":\"https:\/\/xstyle.md\/wp-content\/uploads\/2024\/09\/lezyne-fusion-drive-600.jpg\",\"contentUrl\":\"https:\/\/xstyle.md\/wp-content\/uploads\/2024\/09\/lezyne-fusion-drive-600.jpg\",\"width\":1000,\"height\":1000,\"caption\":\"\u041d\u0430\u0441\u043e\u0441 Lezyne Fusion Drive 600 \u0434\u043b\u044f \u0432\u0435\u043b\u043e\u0441\u0438\u043f\u0435\u0434\u043e\u0432, \u0438\u0434\u0435\u0430\u043b\u044c\u043d\u044b\u0439 \u0434\u043b\u044f \u0430\u043a\u0442\u0438\u0432\u043d\u043e\u0439 \u0436\u0438\u0437\u043d\u0438, \u043f\u0443\u0442\u0435\u0448\u0435\u0441\u0442\u0432\u0438\u0439 \u0438 \u0437\u0430\u043d\u044f\u0442\u0438\u0439 \u0430\u043b\u044c\u043f\u0438\u043d\u0438\u0437\u043c\u043e\u043c, \u0441 \u0432\u044b\u0441\u043e\u043a\u043e\u0439 \u043f\u0440\u043e\u0438\u0437\u0432\u043e\u0434\u0438\u0442\u0435\u043b\u044c\u043d\u043e\u0441\u0442\u044c\u044e \u0438 \u043a\u043e\u043c\u043f\u0430\u043a\u0442\u043d\u044b\u043c \u0434\u0438\u0437\u0430\u0439\u043d\u043e\u043c.\"},{\"@type\":\"BreadcrumbList\",\"@id\":\"https:\/\/xstyle.md\/product\/fonar-lezyne-fusion-drive-600\/#breadcrumb\",\"itemListElement\":[{\"@type\":\"ListItem\",\"position\":1,\"name\":\"\u0413\u043b\u0430\u0432\u043d\u0430\u044f \u0441\u0442\u0440\u0430\u043d\u0438\u0446\u0430\",\"item\":\"https:\/\/xstyle.md\/\"},{\"@type\":\"ListItem\",\"position\":2,\"name\":\"\u041c\u0430\u0433\u0430\u0437\u0438\u043d\",\"item\":\"https:\/\/xstyle.md\/shop\/\"},{\"@type\":\"ListItem\",\"position\":3,\"name\":\"\u0424\u043e\u043d\u0430\u0440\u044c Lezyne Fusion Drive 600+\"}]},{\"@type\":\"WebSite\",\"@id\":\"https:\/\/xstyle.md\/#website\",\"url\":\"https:\/\/xstyle.md\/\",\"name\":\"\u041c\u0430\u0433\u0430\u0437\u0438\u043d Xstyle\",\"description\":\"C\u043d\u0430\u0440\u044f\u0436\u0435\u043d\u0438\u0435 \u0434\u043b\u044f \u0442\u0443\u0440\u0438\u0437\u043c\u0430 \u0438 \u044d\u043a\u0441\u0442\u0440\u0435\u043c\u0430\u043b\u044c\u043d\u044b\u0445 \u0432\u0438\u0434\u043e\u0432 \u0441\u043f\u043e\u0440\u0442\u0430 \u0432 \u041c\u043e\u043b\u0434\u043e\u0432\u0435.. \u0426\u0435\u043d\u044b, \u0444\u043e\u0442\u043e, \u0445\u0430\u0440\u0430\u043a\u0442\u0435\u0440\u0438\u0441\u0442\u0438\u043a\u0438 \u0432 \u041c\u043e\u043b\u0434\u043e\u0432\u0435.\",\"publisher\":{\"@id\":\"https:\/\/xstyle.md\/#organization\"},\"alternateName\":\"X-Style\",\"potentialAction\":[{\"@type\":\"SearchAction\",\"target\":{\"@type\":\"EntryPoint\",\"urlTemplate\":\"https:\/\/xstyle.md\/?s={search_term_string}\"},\"query-input\":{\"@type\":\"PropertyValueSpecification\",\"valueRequired\":true,\"valueName\":\"search_term_string\"}}],\"inLanguage\":\"ro-RO\"},{\"@type\":\"Organization\",\"@id\":\"https:\/\/xstyle.md\/#organization\",\"name\":\"\u041c\u0430\u0433\u0430\u0437\u0438\u043d Xstyle\",\"alternateName\":\"x-style\",\"url\":\"https:\/\/xstyle.md\/\",\"logo\":{\"@type\":\"ImageObject\",\"inLanguage\":\"ro-RO\",\"@id\":\"https:\/\/xstyle.md\/#\/schema\/logo\/image\/\",\"url\":\"https:\/\/xstyle.md\/wp-content\/uploads\/2020\/06\/logoicon.svg\",\"contentUrl\":\"https:\/\/xstyle.md\/wp-content\/uploads\/2020\/06\/logoicon.svg\",\"caption\":\"\u041c\u0430\u0433\u0430\u0437\u0438\u043d Xstyle\"},\"image\":{\"@id\":\"https:\/\/xstyle.md\/#\/schema\/logo\/image\/\"},\"sameAs\":[\"https:\/\/www.facebook.com\/xstylemd\",\"https:\/\/www.instagram.com\/xstyle_md\/\",\"https:\/\/t.me\/xstyle_outdoor\"],\"hasMerchantReturnPolicy\":{\"@type\":\"MerchantReturnPolicy\",\"merchantReturnLink\":\"https:\/\/xstyle.md\/ro\/conditions\/\"}}]}<\/script>\n<meta property=\"product:price:amount\" content=\"1100.00\" \/>\n<meta property=\"product:price:currency\" content=\"MDL\" \/>\n<meta property=\"og:availability\" content=\"instock\" \/>\n<meta property=\"product:availability\" content=\"instock\" \/>\n<meta property=\"product:retailer_item_id\" content=\"4710582551567\" \/>\n<meta property=\"product:condition\" content=\"new\" \/>\n<!-- \/ Yoast SEO plugin. -->","yoast_head_json":{"title":"Lanterna Lezyne Fusion Drive 600+ - Magazin Xstyle","description":"Lanterna Lezyne Fusion Drive 600+ cu o putere de 600 lm, USB-C \u0219i protec\u021bie IPX7. Ideal\u0103 pentru bicicli\u0219ti, oferind iluminare fiabil\u0103 \u00een orice condi\u021bii.","robots":{"index":"index","follow":"follow","max-snippet":"max-snippet:-1","max-image-preview":"max-image-preview:large","max-video-preview":"max-video-preview:-1"},"canonical":"https:\/\/xstyle.md\/ro\/produs\/fonar-lezyne-fusion-drive-600\/","og_locale":"ro_RO","og_type":"article","og_title":"\u0424\u043e\u043d\u0430\u0440\u044c Lezyne Fusion Drive 600+ - \u041c\u0430\u0433\u0430\u0437\u0438\u043d Xstyle","og_description":"\u0424\u043e\u043d\u0430\u0440\u044c Lezyne Fusion Drive 600+ \u0441 \u043c\u043e\u0449\u043d\u043e\u0441\u0442\u044c\u044e 600 \u043b\u043c, USB-C \u0438 \u0437\u0430\u0449\u0438\u0442\u043e\u0439 IPX7. \u0418\u0434\u0435\u0430\u043b\u0435\u043d \u0434\u043b\u044f \u0432\u0435\u043b\u043e\u0441\u0438\u043f\u0435\u0434\u0438\u0441\u0442\u043e\u0432, \u043e\u0431\u0435\u0441\u043f\u0435\u0447\u0438\u0432\u0430\u044f \u043d\u0430\u0434\u0435\u0436\u043d\u043e\u0435 \u043e\u0441\u0432\u0435\u0449\u0435\u043d\u0438\u0435 \u0432 \u043b\u044e\u0431\u044b\u0445 \u0443\u0441\u043b\u043e\u0432\u0438\u044f\u0445.","og_url":"https:\/\/xstyle.md\/ro\/produs\/fonar-lezyne-fusion-drive-600\/","og_site_name":"\u041c\u0430\u0433\u0430\u0437\u0438\u043d Xstyle","article_publisher":"https:\/\/www.facebook.com\/xstylemd","article_modified_time":"2026-03-19T14:21:54+00:00","og_image":[{"width":1000,"height":1000,"url":"https:\/\/xstyle.md\/wp-content\/uploads\/2024\/09\/lezyne-fusion-drive-600.jpg","type":"image\/jpeg"}],"twitter_card":"summary_large_image","twitter_misc":{"Pre\u021b":"1.100&nbsp;MDL","Disponibilitate":"\u00cen stoc"},"schema":{"@context":"https:\/\/schema.org","@graph":[{"@type":"WebPage","@id":"https:\/\/xstyle.md\/product\/fonar-lezyne-fusion-drive-600\/","url":"https:\/\/xstyle.md\/product\/fonar-lezyne-fusion-drive-600\/","name":"Lanterna Lezyne Fusion Drive 600+ - Magazin Xstyle","isPartOf":{"@id":"https:\/\/xstyle.md\/#website"},"primaryImageOfPage":{"@id":"https:\/\/xstyle.md\/product\/fonar-lezyne-fusion-drive-600\/#primaryimage"},"image":{"@id":"https:\/\/xstyle.md\/product\/fonar-lezyne-fusion-drive-600\/#primaryimage"},"thumbnailUrl":"https:\/\/xstyle.md\/wp-content\/uploads\/2024\/09\/lezyne-fusion-drive-600.jpg","datePublished":"2024-09-11T14:40:01+00:00","dateModified":"2026-03-19T14:21:54+00:00","description":"Lanterna Lezyne Fusion Drive 600+ cu o putere de 600 lm, USB-C \u0219i protec\u021bie IPX7. Ideal\u0103 pentru bicicli\u0219ti, oferind iluminare fiabil\u0103 \u00een orice condi\u021bii.","breadcrumb":{"@id":"https:\/\/xstyle.md\/product\/fonar-lezyne-fusion-drive-600\/#breadcrumb"},"inLanguage":"ro-RO","potentialAction":[{"@type":"ReadAction","target":["https:\/\/xstyle.md\/product\/fonar-lezyne-fusion-drive-600\/"]}]},{"@type":"ImageObject","inLanguage":"ro-RO","@id":"https:\/\/xstyle.md\/product\/fonar-lezyne-fusion-drive-600\/#primaryimage","url":"https:\/\/xstyle.md\/wp-content\/uploads\/2024\/09\/lezyne-fusion-drive-600.jpg","contentUrl":"https:\/\/xstyle.md\/wp-content\/uploads\/2024\/09\/lezyne-fusion-drive-600.jpg","width":1000,"height":1000,"caption":"\u041d\u0430\u0441\u043e\u0441 Lezyne Fusion Drive 600 \u0434\u043b\u044f \u0432\u0435\u043b\u043e\u0441\u0438\u043f\u0435\u0434\u043e\u0432, \u0438\u0434\u0435\u0430\u043b\u044c\u043d\u044b\u0439 \u0434\u043b\u044f \u0430\u043a\u0442\u0438\u0432\u043d\u043e\u0439 \u0436\u0438\u0437\u043d\u0438, \u043f\u0443\u0442\u0435\u0448\u0435\u0441\u0442\u0432\u0438\u0439 \u0438 \u0437\u0430\u043d\u044f\u0442\u0438\u0439 \u0430\u043b\u044c\u043f\u0438\u043d\u0438\u0437\u043c\u043e\u043c, \u0441 \u0432\u044b\u0441\u043e\u043a\u043e\u0439 \u043f\u0440\u043e\u0438\u0437\u0432\u043e\u0434\u0438\u0442\u0435\u043b\u044c\u043d\u043e\u0441\u0442\u044c\u044e \u0438 \u043a\u043e\u043c\u043f\u0430\u043a\u0442\u043d\u044b\u043c \u0434\u0438\u0437\u0430\u0439\u043d\u043e\u043c."},{"@type":"BreadcrumbList","@id":"https:\/\/xstyle.md\/product\/fonar-lezyne-fusion-drive-600\/#breadcrumb","itemListElement":[{"@type":"ListItem","position":1,"name":"\u0413\u043b\u0430\u0432\u043d\u0430\u044f \u0441\u0442\u0440\u0430\u043d\u0438\u0446\u0430","item":"https:\/\/xstyle.md\/"},{"@type":"ListItem","position":2,"name":"\u041c\u0430\u0433\u0430\u0437\u0438\u043d","item":"https:\/\/xstyle.md\/shop\/"},{"@type":"ListItem","position":3,"name":"\u0424\u043e\u043d\u0430\u0440\u044c Lezyne Fusion Drive 600+"}]},{"@type":"WebSite","@id":"https:\/\/xstyle.md\/#website","url":"https:\/\/xstyle.md\/","name":"Magazinul X-Style","description":"Echipamente pentru turism \u0219i sporturi extreme \u00een Moldova. Pre\u021buri, fotografii, caracteristici \u00een Moldova.","publisher":{"@id":"https:\/\/xstyle.md\/#organization"},"alternateName":"X-Style","potentialAction":[{"@type":"SearchAction","target":{"@type":"EntryPoint","urlTemplate":"https:\/\/xstyle.md\/?s={search_term_string}"},"query-input":{"@type":"PropertyValueSpecification","valueRequired":true,"valueName":"search_term_string"}}],"inLanguage":"ro-RO"},{"@type":"Organization","@id":"https:\/\/xstyle.md\/#organization","name":"Magazinul X-Style","alternateName":"x-style","url":"https:\/\/xstyle.md\/","logo":{"@type":"ImageObject","inLanguage":"ro-RO","@id":"https:\/\/xstyle.md\/#\/schema\/logo\/image\/","url":"https:\/\/xstyle.md\/wp-content\/uploads\/2020\/06\/logoicon.svg","contentUrl":"https:\/\/xstyle.md\/wp-content\/uploads\/2020\/06\/logoicon.svg","caption":"\u041c\u0430\u0433\u0430\u0437\u0438\u043d Xstyle"},"image":{"@id":"https:\/\/xstyle.md\/#\/schema\/logo\/image\/"},"sameAs":["https:\/\/www.facebook.com\/xstylemd","https:\/\/www.instagram.com\/xstyle_md\/","https:\/\/t.me\/xstyle_outdoor"],"hasMerchantReturnPolicy":{"@type":"MerchantReturnPolicy","merchantReturnLink":"https:\/\/xstyle.md\/ro\/conditions\/"}}]},"product_price_amount":"1100.00","product_price_currency":"MDL","og_availability":"instock","product_availability":"instock","product_retailer_item_id":"4710582551567","product_condition":"new"},"post_mailing_queue_ids":[],"_links":{"self":[{"href":"https:\/\/xstyle.md\/ro\/wp-json\/wp\/v2\/product\/87530","targetHints":{"allow":["GET"]}}],"collection":[{"href":"https:\/\/xstyle.md\/ro\/wp-json\/wp\/v2\/product"}],"about":[{"href":"https:\/\/xstyle.md\/ro\/wp-json\/wp\/v2\/types\/product"}],"replies":[{"embeddable":true,"href":"https:\/\/xstyle.md\/ro\/wp-json\/wp\/v2\/comments?post=87530"}],"wp:featuredmedia":[{"embeddable":true,"href":"https:\/\/xstyle.md\/ro\/wp-json\/wp\/v2\/media\/87589"}],"wp:attachment":[{"href":"https:\/\/xstyle.md\/ro\/wp-json\/wp\/v2\/media?parent=87530"}],"wp:term":[{"taxonomy":"product_brand","embeddable":true,"href":"https:\/\/xstyle.md\/ro\/wp-json\/wp\/v2\/product_brand?post=87530"},{"taxonomy":"product_cat","embeddable":true,"href":"https:\/\/xstyle.md\/ro\/wp-json\/wp\/v2\/product_cat?post=87530"},{"taxonomy":"product_tag","embeddable":true,"href":"https:\/\/xstyle.md\/ro\/wp-json\/wp\/v2\/product_tag?post=87530"}],"curies":[{"name":"wp","href":"https:\/\/api.w.org\/{rel}","templated":true}]}}