{"id":872,"date":"2020-07-16T15:55:50","date_gmt":"2020-07-16T12:55:50","guid":{"rendered":"https:\/\/xstyle.md\/product\/rjukzak-deuter-fox-40"},"modified":"2024-10-19T23:37:52","modified_gmt":"2024-10-19T20:37:52","slug":"rjukzak-deuter-fox-40","status":"publish","type":"product","link":"https:\/\/xstyle.md\/ro\/produs\/rjukzak-deuter-fox-40\/","title":{"rendered":"Rucsac Deuter Fox 40"},"content":{"rendered":"<\/p>\n<p>Rucsac <strong>Deuter Fox 40 <\/strong>dispune de detaliile grijulii care se reg\u0103sesc \u00een orice rucsac pentru drume\u021bii serioase. Fox este preg\u0103tit s\u0103 \u00eei \u00eenso\u021beasc\u0103 pe adolescen\u021bi \u00een orice aventur\u0103. \u00cen plus, sistemul de suspensie cre\u0219te odat\u0103 cu t\u00e2n\u0103rul proprietar: sistemul Vari-Quick este reglabil pe \u00een\u0103l\u021bime.<\/p>\n<h3>Particularit\u0103\u021bi<\/h3>\n<ul>\n<li>Sistem de suspensie Alpine Back<\/li>\n<li>Sistem de reglare a sp\u0103tarului VariQuick<\/li>\n<li>Bucle de fixare a pioletului \/ be\u021belor telescopice<\/li>\n<li>Buzunare laterale \u00een partea de jos<\/li>\n<li>Curele de compresie laterale<\/li>\n<li>Bucle cu lan\u021b de margaret\u0103 pentru ag\u0103\u021barea echipamentului<\/li>\n<li>Buzunar cu fermoar \u00een clapeta superioar\u0103<\/li>\n<li>Buzunar pentru obiecte mici sub clapeta superioar\u0103<\/li>\n<li>Bucle pe clapeta superioar\u0103<\/li>\n<li>Acces suplimentar la compartimentul principal \u00een partea de jos<\/li>\n<li>Sistem de str\u00e2ngere a centurii de \u0219old Pull-Forward<\/li>\n<li>Aripioare de centur\u0103 cu bucle pentru ag\u0103\u021barea echipamentului<\/li>\n<li>Fluier pe cureaua de piept<\/li>\n<li>Curele de um\u0103r cu margini c\u0103ptu\u0219ite<\/li>\n<li>Compatibilitate cu sistemul de b\u0103utur\u0103<\/li>\n<\/ul>\n<h3>Caracteristici<\/h3>\n<ul>\n<li>Greutate &#8212; 1260 g<\/li>\n<li>Volum &#8212; 40+4 litri<\/li>\n<li>Dimensiuni &#8212; 65 x 28 x 26 (H x L x P) cm<\/li>\n<li>Material &#8212; 600D PES\/210D PA RECICLAT 600D PES\/210D PA RECYCLED<\/li>\n<li>Nu este potrivit pentru bagajele de m\u00e2n\u0103<\/li>\n<li>Hus\u0103 de ploaie &#8212; da<\/li>\n<li>Ventila\u021bie &#8212; da<\/li>\n<li>Destina\u021bie &#8212; trekking, drume\u021bii<\/li>\n<li>Model &#8212; pentru copii<\/li>\n<\/ul>\n<h3>Marca<\/h3>\n<p>Deuter este o marc\u0103 german\u0103 de gen\u021bi de sport \u0219i gen\u021bi pentru drume\u021bii, trekking, sporturi de iarn\u0103 \u0219i alte scopuri. Istoria companiei dateaz\u0103 de mai bine de 100 de ani: fondat\u0103 de Hans Deuter \u00een 1898, la \u00eenceputul secolului XX Deuter furniza deja saci po\u0219tali pentru Po\u0219ta Regal\u0103 Bavarez\u0103, iar \u00een anii 1910 &#8212; rucsacuri, gen\u021bi, curele \u0219i corturi pentru armat\u0103.<\/p>\n<p>Fiind unul dintre cei mai importan\u021bi produc\u0103tori de rucsacuri, Deuter a cooperat \u00eentotdeauna cu alpini\u0219ti experimenta\u021bi, care \u00eemp\u0103rt\u0103\u0219esc din experien\u021ba \u0219i cuno\u0219tin\u021bele lor bogate. Deuter nu se opre\u0219te la rezultatele ob\u021binute, lucr\u00e2nd \u00een mod constant la calitate \u0219i la \u00eembun\u0103t\u0103\u021birea produselor sale. Speciali\u0219tii companiei sunt mereu \u00een c\u0103utare de noi solu\u021bii tehnice care s\u0103 v\u0103 asigure confortul \u0219i siguran\u021ba.<\/p>\n<p><\/p>","protected":false},"excerpt":{"rendered":"<p>Rucsac Deuter Fox 40<\/p>","protected":false},"featured_media":81425,"comment_status":"open","ping_status":"closed","template":"","meta":{"_acf_changed":false,"inline_featured_image":false},"product_brand":[1261],"product_cat":[844],"product_tag":[],"class_list":{"0":"post-872","1":"product","2":"type-product","3":"status-publish","4":"has-post-thumbnail","6":"product_brand-deuter","7":"product_cat-children-bag","9":"first","10":"instock","11":"sale","12":"shipping-taxable","13":"purchasable","14":"product-type-simple"},"acf":[],"yoast_head":"<!-- This site is optimized with the Yoast SEO plugin v27.2 - https:\/\/yoast.com\/product\/yoast-seo-wordpress\/ -->\n<title>\u0420\u044e\u043a\u0437\u0430\u043a Deuter Fox 40 - \u041c\u0430\u0433\u0430\u0437\u0438\u043d Xstyle<\/title>\n<meta name=\"description\" content=\"\u0420\u044e\u043a\u0437\u0430\u043a Deuter Fox 40 \u0433\u043e\u0442\u043e\u0432 \u043a \u043f\u0440\u0438\u043a\u043b\u044e\u0447\u0435\u043d\u0438\u044f\u043c! \u0418\u0434\u0435\u0430\u043b\u0435\u043d \u0434\u043b\u044f \u043f\u043e\u0434\u0440\u043e\u0441\u0442\u043a\u043e\u0432, \u0441\u043e\u0447\u0435\u0442\u0430\u0435\u0442 \u043a\u043e\u043c\u0444\u043e\u0440\u0442 \u0438 \u0444\u0443\u043d\u043a\u0446\u0438\u043e\u043d\u0430\u043b\u044c\u043d\u043e\u0441\u0442\u044c. \u041e\u0442\u043b\u0438\u0447\u043d\u0430\u044f \u043f\u043e\u0434\u0434\u0435\u0440\u0436\u043a\u0430 \u0438 \u043f\u0440\u043e\u0447\u043d\u044b\u0435 \u043c\u0430\u0442\u0435\u0440\u0438\u0430\u043b\u044b \u0434\u043b\u044f \u0434\u043b\u0438\u0442\u0435\u043b\u044c\u043d\u044b\u0445 \u043f\u043e\u0445\u043e\u0434\u043e\u0432.\" \/>\n<meta name=\"robots\" content=\"index, follow, max-snippet:-1, max-image-preview:large, max-video-preview:-1\" \/>\n<link rel=\"canonical\" href=\"https:\/\/xstyle.md\/ro\/produs\/rjukzak-deuter-fox-40\/\" \/>\n<meta property=\"og:locale\" content=\"ro_RO\" \/>\n<meta property=\"og:type\" content=\"article\" \/>\n<meta property=\"og:title\" content=\"\u0420\u044e\u043a\u0437\u0430\u043a Deuter Fox 40 - \u041c\u0430\u0433\u0430\u0437\u0438\u043d Xstyle\" \/>\n<meta property=\"og:description\" content=\"\u0420\u044e\u043a\u0437\u0430\u043a Deuter Fox 40 \u0433\u043e\u0442\u043e\u0432 \u043a \u043f\u0440\u0438\u043a\u043b\u044e\u0447\u0435\u043d\u0438\u044f\u043c! \u0418\u0434\u0435\u0430\u043b\u0435\u043d \u0434\u043b\u044f \u043f\u043e\u0434\u0440\u043e\u0441\u0442\u043a\u043e\u0432, \u0441\u043e\u0447\u0435\u0442\u0430\u0435\u0442 \u043a\u043e\u043c\u0444\u043e\u0440\u0442 \u0438 \u0444\u0443\u043d\u043a\u0446\u0438\u043e\u043d\u0430\u043b\u044c\u043d\u043e\u0441\u0442\u044c. \u041e\u0442\u043b\u0438\u0447\u043d\u0430\u044f \u043f\u043e\u0434\u0434\u0435\u0440\u0436\u043a\u0430 \u0438 \u043f\u0440\u043e\u0447\u043d\u044b\u0435 \u043c\u0430\u0442\u0435\u0440\u0438\u0430\u043b\u044b \u0434\u043b\u044f \u0434\u043b\u0438\u0442\u0435\u043b\u044c\u043d\u044b\u0445 \u043f\u043e\u0445\u043e\u0434\u043e\u0432.\" \/>\n<meta property=\"og:url\" content=\"https:\/\/xstyle.md\/ro\/produs\/rjukzak-deuter-fox-40\/\" \/>\n<meta property=\"og:site_name\" content=\"\u041c\u0430\u0433\u0430\u0437\u0438\u043d Xstyle\" \/>\n<meta property=\"article:publisher\" content=\"https:\/\/www.facebook.com\/xstylemd\" \/>\n<meta property=\"article:modified_time\" content=\"2024-10-19T20:37:52+00:00\" \/>\n<meta property=\"og:image\" content=\"https:\/\/xstyle.md\/wp-content\/uploads\/2020\/07\/deuter-fox-40-alpinegreen-forest.jpg\" \/>\n\t<meta property=\"og:image:width\" content=\"1380\" \/>\n\t<meta property=\"og:image:height\" content=\"1320\" \/>\n\t<meta property=\"og:image:type\" content=\"image\/jpeg\" \/>\n<meta name=\"twitter:card\" content=\"summary_large_image\" \/>\n<meta name=\"twitter:label1\" content=\"Pre\u021b\" \/>\n\t<meta name=\"twitter:data1\" content=\"2.392&nbsp;MDL\" \/>\n\t<meta name=\"twitter:label2\" content=\"Disponibilitate\" \/>\n\t<meta name=\"twitter:data2\" content=\"\u00cen stoc\" \/>\n<script type=\"application\/ld+json\" class=\"yoast-schema-graph\">{\"@context\":\"https:\/\/schema.org\",\"@graph\":[{\"@type\":\"WebPage\",\"@id\":\"https:\/\/xstyle.md\/product\/rjukzak-deuter-fox-40\/\",\"url\":\"https:\/\/xstyle.md\/product\/rjukzak-deuter-fox-40\/\",\"name\":\"\u0420\u044e\u043a\u0437\u0430\u043a Deuter Fox 40 - \u041c\u0430\u0433\u0430\u0437\u0438\u043d Xstyle\",\"isPartOf\":{\"@id\":\"https:\/\/xstyle.md\/#website\"},\"primaryImageOfPage\":{\"@id\":\"https:\/\/xstyle.md\/product\/rjukzak-deuter-fox-40\/#primaryimage\"},\"image\":{\"@id\":\"https:\/\/xstyle.md\/product\/rjukzak-deuter-fox-40\/#primaryimage\"},\"thumbnailUrl\":\"https:\/\/xstyle.md\/wp-content\/uploads\/2020\/07\/deuter-fox-40-alpinegreen-forest.jpg\",\"datePublished\":\"2020-07-16T12:55:50+00:00\",\"dateModified\":\"2024-10-19T20:37:52+00:00\",\"description\":\"\u0420\u044e\u043a\u0437\u0430\u043a Deuter Fox 40 \u0433\u043e\u0442\u043e\u0432 \u043a \u043f\u0440\u0438\u043a\u043b\u044e\u0447\u0435\u043d\u0438\u044f\u043c! \u0418\u0434\u0435\u0430\u043b\u0435\u043d \u0434\u043b\u044f \u043f\u043e\u0434\u0440\u043e\u0441\u0442\u043a\u043e\u0432, \u0441\u043e\u0447\u0435\u0442\u0430\u0435\u0442 \u043a\u043e\u043c\u0444\u043e\u0440\u0442 \u0438 \u0444\u0443\u043d\u043a\u0446\u0438\u043e\u043d\u0430\u043b\u044c\u043d\u043e\u0441\u0442\u044c. \u041e\u0442\u043b\u0438\u0447\u043d\u0430\u044f \u043f\u043e\u0434\u0434\u0435\u0440\u0436\u043a\u0430 \u0438 \u043f\u0440\u043e\u0447\u043d\u044b\u0435 \u043c\u0430\u0442\u0435\u0440\u0438\u0430\u043b\u044b \u0434\u043b\u044f \u0434\u043b\u0438\u0442\u0435\u043b\u044c\u043d\u044b\u0445 \u043f\u043e\u0445\u043e\u0434\u043e\u0432.\",\"breadcrumb\":{\"@id\":\"https:\/\/xstyle.md\/product\/rjukzak-deuter-fox-40\/#breadcrumb\"},\"inLanguage\":\"ro-RO\",\"potentialAction\":[{\"@type\":\"ReadAction\",\"target\":[\"https:\/\/xstyle.md\/product\/rjukzak-deuter-fox-40\/\"]}]},{\"@type\":\"ImageObject\",\"inLanguage\":\"ro-RO\",\"@id\":\"https:\/\/xstyle.md\/product\/rjukzak-deuter-fox-40\/#primaryimage\",\"url\":\"https:\/\/xstyle.md\/wp-content\/uploads\/2020\/07\/deuter-fox-40-alpinegreen-forest.jpg\",\"contentUrl\":\"https:\/\/xstyle.md\/wp-content\/uploads\/2020\/07\/deuter-fox-40-alpinegreen-forest.jpg\",\"width\":1380,\"height\":1320,\"caption\":\"\u0420\u044e\u043a\u0437\u0430\u043a Deuter Fox 40 \u0434\u043b\u044f \u0430\u043a\u0442\u0438\u0432\u043d\u043e\u0433\u043e \u043e\u0442\u0434\u044b\u0445\u0430, \u043f\u043e\u0445\u043e\u0434\u043e\u0432 \u0438 \u043f\u0443\u0442\u0435\u0448\u0435\u0441\u0442\u0432\u0438\u0439 \u2014 \u043e\u0434\u0435\u0436\u0434\u0430 \u0438 \u043e\u0431\u0443\u0432\u044c \u0434\u043b\u044f \u0442\u0443\u0440\u0438\u0437\u043c\u0430, \u0430\u043b\u044c\u043f\u0456\u043d\u0456\u0437\u043c\u0443, \u043c\u2600\ufe0f\u043d\u0442\u0456\u043d\u0456\u0440\u0456\u043d\u0433\u0443 \u0438 \u043f\u043e\u0445\u043e\u0434\u043e\u0432\"},{\"@type\":\"BreadcrumbList\",\"@id\":\"https:\/\/xstyle.md\/product\/rjukzak-deuter-fox-40\/#breadcrumb\",\"itemListElement\":[{\"@type\":\"ListItem\",\"position\":1,\"name\":\"\u0413\u043b\u0430\u0432\u043d\u0430\u044f \u0441\u0442\u0440\u0430\u043d\u0438\u0446\u0430\",\"item\":\"https:\/\/xstyle.md\/\"},{\"@type\":\"ListItem\",\"position\":2,\"name\":\"\u041c\u0430\u0433\u0430\u0437\u0438\u043d\",\"item\":\"https:\/\/xstyle.md\/shop\/\"},{\"@type\":\"ListItem\",\"position\":3,\"name\":\"\u0420\u044e\u043a\u0437\u0430\u043a Deuter Fox 40\"}]},{\"@type\":\"WebSite\",\"@id\":\"https:\/\/xstyle.md\/#website\",\"url\":\"https:\/\/xstyle.md\/\",\"name\":\"\u041c\u0430\u0433\u0430\u0437\u0438\u043d Xstyle\",\"description\":\"C\u043d\u0430\u0440\u044f\u0436\u0435\u043d\u0438\u0435 \u0434\u043b\u044f \u0442\u0443\u0440\u0438\u0437\u043c\u0430 \u0438 \u044d\u043a\u0441\u0442\u0440\u0435\u043c\u0430\u043b\u044c\u043d\u044b\u0445 \u0432\u0438\u0434\u043e\u0432 \u0441\u043f\u043e\u0440\u0442\u0430 \u0432 \u041c\u043e\u043b\u0434\u043e\u0432\u0435.. \u0426\u0435\u043d\u044b, \u0444\u043e\u0442\u043e, \u0445\u0430\u0440\u0430\u043a\u0442\u0435\u0440\u0438\u0441\u0442\u0438\u043a\u0438 \u0432 \u041c\u043e\u043b\u0434\u043e\u0432\u0435.\",\"publisher\":{\"@id\":\"https:\/\/xstyle.md\/#organization\"},\"alternateName\":\"X-Style\",\"potentialAction\":[{\"@type\":\"SearchAction\",\"target\":{\"@type\":\"EntryPoint\",\"urlTemplate\":\"https:\/\/xstyle.md\/?s={search_term_string}\"},\"query-input\":{\"@type\":\"PropertyValueSpecification\",\"valueRequired\":true,\"valueName\":\"search_term_string\"}}],\"inLanguage\":\"ro-RO\"},{\"@type\":\"Organization\",\"@id\":\"https:\/\/xstyle.md\/#organization\",\"name\":\"\u041c\u0430\u0433\u0430\u0437\u0438\u043d Xstyle\",\"alternateName\":\"x-style\",\"url\":\"https:\/\/xstyle.md\/\",\"logo\":{\"@type\":\"ImageObject\",\"inLanguage\":\"ro-RO\",\"@id\":\"https:\/\/xstyle.md\/#\/schema\/logo\/image\/\",\"url\":\"https:\/\/xstyle.md\/wp-content\/uploads\/2020\/06\/logoicon.svg\",\"contentUrl\":\"https:\/\/xstyle.md\/wp-content\/uploads\/2020\/06\/logoicon.svg\",\"caption\":\"\u041c\u0430\u0433\u0430\u0437\u0438\u043d Xstyle\"},\"image\":{\"@id\":\"https:\/\/xstyle.md\/#\/schema\/logo\/image\/\"},\"sameAs\":[\"https:\/\/www.facebook.com\/xstylemd\",\"https:\/\/www.instagram.com\/xstyle_md\/\",\"https:\/\/t.me\/xstyle_outdoor\"],\"hasMerchantReturnPolicy\":{\"@type\":\"MerchantReturnPolicy\",\"merchantReturnLink\":\"https:\/\/xstyle.md\/ro\/conditions\/\"}}]}<\/script>\n<meta property=\"product:price:amount\" content=\"2392.00\" \/>\n<meta property=\"product:price:currency\" content=\"MDL\" \/>\n<meta property=\"og:availability\" content=\"instock\" \/>\n<meta property=\"product:availability\" content=\"instock\" \/>\n<meta property=\"product:retailer_item_id\" content=\"4046051040462\" \/>\n<meta property=\"product:condition\" content=\"new\" \/>\n<!-- \/ Yoast SEO plugin. -->","yoast_head_json":{"title":"Rucsac Deuter Fox 40 - Magazin Xstyle","description":"\u0420\u044e\u043a\u0437\u0430\u043a Deuter Fox 40 \u0433\u043e\u0442\u043e\u0432 \u043a \u043f\u0440\u0438\u043a\u043b\u044e\u0447\u0435\u043d\u0438\u044f\u043c! \u0418\u0434\u0435\u0430\u043b\u0435\u043d \u0434\u043b\u044f \u043f\u043e\u0434\u0440\u043e\u0441\u0442\u043a\u043e\u0432, \u0441\u043e\u0447\u0435\u0442\u0430\u0435\u0442 \u043a\u043e\u043c\u0444\u043e\u0440\u0442 \u0438 \u0444\u0443\u043d\u043a\u0446\u0438\u043e\u043d\u0430\u043b\u044c\u043d\u043e\u0441\u0442\u044c. \u041e\u0442\u043b\u0438\u0447\u043d\u0430\u044f \u043f\u043e\u0434\u0434\u0435\u0440\u0436\u043a\u0430 \u0438 \u043f\u0440\u043e\u0447\u043d\u044b\u0435 \u043c\u0430\u0442\u0435\u0440\u0438\u0430\u043b\u044b \u0434\u043b\u044f \u0434\u043b\u0438\u0442\u0435\u043b\u044c\u043d\u044b\u0445 \u043f\u043e\u0445\u043e\u0434\u043e\u0432.","robots":{"index":"index","follow":"follow","max-snippet":"max-snippet:-1","max-image-preview":"max-image-preview:large","max-video-preview":"max-video-preview:-1"},"canonical":"https:\/\/xstyle.md\/ro\/produs\/rjukzak-deuter-fox-40\/","og_locale":"ro_RO","og_type":"article","og_title":"\u0420\u044e\u043a\u0437\u0430\u043a Deuter Fox 40 - \u041c\u0430\u0433\u0430\u0437\u0438\u043d Xstyle","og_description":"\u0420\u044e\u043a\u0437\u0430\u043a Deuter Fox 40 \u0433\u043e\u0442\u043e\u0432 \u043a \u043f\u0440\u0438\u043a\u043b\u044e\u0447\u0435\u043d\u0438\u044f\u043c! \u0418\u0434\u0435\u0430\u043b\u0435\u043d \u0434\u043b\u044f \u043f\u043e\u0434\u0440\u043e\u0441\u0442\u043a\u043e\u0432, \u0441\u043e\u0447\u0435\u0442\u0430\u0435\u0442 \u043a\u043e\u043c\u0444\u043e\u0440\u0442 \u0438 \u0444\u0443\u043d\u043a\u0446\u0438\u043e\u043d\u0430\u043b\u044c\u043d\u043e\u0441\u0442\u044c. \u041e\u0442\u043b\u0438\u0447\u043d\u0430\u044f \u043f\u043e\u0434\u0434\u0435\u0440\u0436\u043a\u0430 \u0438 \u043f\u0440\u043e\u0447\u043d\u044b\u0435 \u043c\u0430\u0442\u0435\u0440\u0438\u0430\u043b\u044b \u0434\u043b\u044f \u0434\u043b\u0438\u0442\u0435\u043b\u044c\u043d\u044b\u0445 \u043f\u043e\u0445\u043e\u0434\u043e\u0432.","og_url":"https:\/\/xstyle.md\/ro\/produs\/rjukzak-deuter-fox-40\/","og_site_name":"\u041c\u0430\u0433\u0430\u0437\u0438\u043d Xstyle","article_publisher":"https:\/\/www.facebook.com\/xstylemd","article_modified_time":"2024-10-19T20:37:52+00:00","og_image":[{"width":1380,"height":1320,"url":"https:\/\/xstyle.md\/wp-content\/uploads\/2020\/07\/deuter-fox-40-alpinegreen-forest.jpg","type":"image\/jpeg"}],"twitter_card":"summary_large_image","twitter_misc":{"Pre\u021b":"2.392&nbsp;MDL","Disponibilitate":"\u00cen stoc"},"schema":{"@context":"https:\/\/schema.org","@graph":[{"@type":"WebPage","@id":"https:\/\/xstyle.md\/product\/rjukzak-deuter-fox-40\/","url":"https:\/\/xstyle.md\/product\/rjukzak-deuter-fox-40\/","name":"Rucsac Deuter Fox 40 - Magazin Xstyle","isPartOf":{"@id":"https:\/\/xstyle.md\/#website"},"primaryImageOfPage":{"@id":"https:\/\/xstyle.md\/product\/rjukzak-deuter-fox-40\/#primaryimage"},"image":{"@id":"https:\/\/xstyle.md\/product\/rjukzak-deuter-fox-40\/#primaryimage"},"thumbnailUrl":"https:\/\/xstyle.md\/wp-content\/uploads\/2020\/07\/deuter-fox-40-alpinegreen-forest.jpg","datePublished":"2020-07-16T12:55:50+00:00","dateModified":"2024-10-19T20:37:52+00:00","description":"\u0420\u044e\u043a\u0437\u0430\u043a Deuter Fox 40 \u0433\u043e\u0442\u043e\u0432 \u043a \u043f\u0440\u0438\u043a\u043b\u044e\u0447\u0435\u043d\u0438\u044f\u043c! \u0418\u0434\u0435\u0430\u043b\u0435\u043d \u0434\u043b\u044f \u043f\u043e\u0434\u0440\u043e\u0441\u0442\u043a\u043e\u0432, \u0441\u043e\u0447\u0435\u0442\u0430\u0435\u0442 \u043a\u043e\u043c\u0444\u043e\u0440\u0442 \u0438 \u0444\u0443\u043d\u043a\u0446\u0438\u043e\u043d\u0430\u043b\u044c\u043d\u043e\u0441\u0442\u044c. \u041e\u0442\u043b\u0438\u0447\u043d\u0430\u044f \u043f\u043e\u0434\u0434\u0435\u0440\u0436\u043a\u0430 \u0438 \u043f\u0440\u043e\u0447\u043d\u044b\u0435 \u043c\u0430\u0442\u0435\u0440\u0438\u0430\u043b\u044b \u0434\u043b\u044f \u0434\u043b\u0438\u0442\u0435\u043b\u044c\u043d\u044b\u0445 \u043f\u043e\u0445\u043e\u0434\u043e\u0432.","breadcrumb":{"@id":"https:\/\/xstyle.md\/product\/rjukzak-deuter-fox-40\/#breadcrumb"},"inLanguage":"ro-RO","potentialAction":[{"@type":"ReadAction","target":["https:\/\/xstyle.md\/product\/rjukzak-deuter-fox-40\/"]}]},{"@type":"ImageObject","inLanguage":"ro-RO","@id":"https:\/\/xstyle.md\/product\/rjukzak-deuter-fox-40\/#primaryimage","url":"https:\/\/xstyle.md\/wp-content\/uploads\/2020\/07\/deuter-fox-40-alpinegreen-forest.jpg","contentUrl":"https:\/\/xstyle.md\/wp-content\/uploads\/2020\/07\/deuter-fox-40-alpinegreen-forest.jpg","width":1380,"height":1320,"caption":"\u0420\u044e\u043a\u0437\u0430\u043a Deuter Fox 40 \u0434\u043b\u044f \u0430\u043a\u0442\u0438\u0432\u043d\u043e\u0433\u043e \u043e\u0442\u0434\u044b\u0445\u0430, \u043f\u043e\u0445\u043e\u0434\u043e\u0432 \u0438 \u043f\u0443\u0442\u0435\u0448\u0435\u0441\u0442\u0432\u0438\u0439 \u2014 \u043e\u0434\u0435\u0436\u0434\u0430 \u0438 \u043e\u0431\u0443\u0432\u044c \u0434\u043b\u044f \u0442\u0443\u0440\u0438\u0437\u043c\u0430, \u0430\u043b\u044c\u043f\u0456\u043d\u0456\u0437\u043c\u0443, \u043c\u2600\ufe0f\u043d\u0442\u0456\u043d\u0456\u0440\u0456\u043d\u0433\u0443 \u0438 \u043f\u043e\u0445\u043e\u0434\u043e\u0432"},{"@type":"BreadcrumbList","@id":"https:\/\/xstyle.md\/product\/rjukzak-deuter-fox-40\/#breadcrumb","itemListElement":[{"@type":"ListItem","position":1,"name":"\u0413\u043b\u0430\u0432\u043d\u0430\u044f \u0441\u0442\u0440\u0430\u043d\u0438\u0446\u0430","item":"https:\/\/xstyle.md\/"},{"@type":"ListItem","position":2,"name":"\u041c\u0430\u0433\u0430\u0437\u0438\u043d","item":"https:\/\/xstyle.md\/shop\/"},{"@type":"ListItem","position":3,"name":"\u0420\u044e\u043a\u0437\u0430\u043a Deuter Fox 40"}]},{"@type":"WebSite","@id":"https:\/\/xstyle.md\/#website","url":"https:\/\/xstyle.md\/","name":"Magazinul X-Style","description":"Echipamente pentru turism \u0219i sporturi extreme \u00een Moldova. Pre\u021buri, fotografii, caracteristici \u00een Moldova.","publisher":{"@id":"https:\/\/xstyle.md\/#organization"},"alternateName":"X-Style","potentialAction":[{"@type":"SearchAction","target":{"@type":"EntryPoint","urlTemplate":"https:\/\/xstyle.md\/?s={search_term_string}"},"query-input":{"@type":"PropertyValueSpecification","valueRequired":true,"valueName":"search_term_string"}}],"inLanguage":"ro-RO"},{"@type":"Organization","@id":"https:\/\/xstyle.md\/#organization","name":"Magazinul X-Style","alternateName":"x-style","url":"https:\/\/xstyle.md\/","logo":{"@type":"ImageObject","inLanguage":"ro-RO","@id":"https:\/\/xstyle.md\/#\/schema\/logo\/image\/","url":"https:\/\/xstyle.md\/wp-content\/uploads\/2020\/06\/logoicon.svg","contentUrl":"https:\/\/xstyle.md\/wp-content\/uploads\/2020\/06\/logoicon.svg","caption":"\u041c\u0430\u0433\u0430\u0437\u0438\u043d Xstyle"},"image":{"@id":"https:\/\/xstyle.md\/#\/schema\/logo\/image\/"},"sameAs":["https:\/\/www.facebook.com\/xstylemd","https:\/\/www.instagram.com\/xstyle_md\/","https:\/\/t.me\/xstyle_outdoor"],"hasMerchantReturnPolicy":{"@type":"MerchantReturnPolicy","merchantReturnLink":"https:\/\/xstyle.md\/ro\/conditions\/"}}]},"product_price_amount":"2392.00","product_price_currency":"MDL","og_availability":"instock","product_availability":"instock","product_retailer_item_id":"4046051040462","product_condition":"new"},"post_mailing_queue_ids":[],"_links":{"self":[{"href":"https:\/\/xstyle.md\/ro\/wp-json\/wp\/v2\/product\/872","targetHints":{"allow":["GET"]}}],"collection":[{"href":"https:\/\/xstyle.md\/ro\/wp-json\/wp\/v2\/product"}],"about":[{"href":"https:\/\/xstyle.md\/ro\/wp-json\/wp\/v2\/types\/product"}],"replies":[{"embeddable":true,"href":"https:\/\/xstyle.md\/ro\/wp-json\/wp\/v2\/comments?post=872"}],"wp:featuredmedia":[{"embeddable":true,"href":"https:\/\/xstyle.md\/ro\/wp-json\/wp\/v2\/media\/81425"}],"wp:attachment":[{"href":"https:\/\/xstyle.md\/ro\/wp-json\/wp\/v2\/media?parent=872"}],"wp:term":[{"taxonomy":"product_brand","embeddable":true,"href":"https:\/\/xstyle.md\/ro\/wp-json\/wp\/v2\/product_brand?post=872"},{"taxonomy":"product_cat","embeddable":true,"href":"https:\/\/xstyle.md\/ro\/wp-json\/wp\/v2\/product_cat?post=872"},{"taxonomy":"product_tag","embeddable":true,"href":"https:\/\/xstyle.md\/ro\/wp-json\/wp\/v2\/product_tag?post=872"}],"curies":[{"name":"wp","href":"https:\/\/api.w.org\/{rel}","templated":true}]}}