{"id":8711,"date":"2020-07-17T00:01:21","date_gmt":"2020-07-16T21:01:21","guid":{"rendered":"https:\/\/xstyle.md\/product\/krossovki-detskie-keen-oakridge-low-wp-k"},"modified":"2025-05-07T18:28:22","modified_gmt":"2025-05-07T15:28:22","slug":"krossovki-detskie-keen-oakridge-low-wp-k","status":"publish","type":"product","link":"https:\/\/xstyle.md\/ro\/produs\/krossovki-detskie-keen-oakridge-low-wp-k\/","title":{"rendered":"Adida\u0219i Keen Oakridge Low Wp Magnet"},"content":{"rendered":"<\/p>\n<p><strong>Keen Oakridge Low Wp Magnet<\/strong> &#8212; adida\u0219i clasici inspira\u021bi de turi\u0219ti. Curea reglabil\u0103 \u0219i \u0219ireturi elastice &#8212; practice in utilizarea. Pielea rezistent\u0103 la ap\u0103 le face potrivite pentru vremea umed\u0103. C\u0103ptu\u0219eal\u0103 moale este creat\u0103 pentru un confort suplimentar pentru picioarele copiilor mici. Pantofii r\u0103spund nevoilor unui picior \u00een cre\u0219tere, oferind libertate de mi\u0219care, dar \u0219i stabilizarea piciorului.<\/p>\n<h3>Particularit\u0103\u021bi<\/h3>\n<ul>\n<li>Piele autentic\u0103 natural\u0103<\/li>\n<li>Talp\u0103 modelat\u0103 deta\u0219abil\u0103<\/li>\n<li>Virful protejat<\/li>\n<li>Trac\u021biune maxim\u0103<\/li>\n<li>Sistem de prindere fiabil<\/li>\n<li>Prezen\u021ba unei membrane protejeaz\u0103 \u00eempotriva umezelii f\u0103r\u0103 a \u00eempiedica ventila\u021bia.<\/li>\n<\/ul>\n<h3>Caracteristici<\/h3>\n<ul>\n<li>Stratul exterior: plas\u0103 respirabil\u0103<\/li>\n<li>Talp\u0103 anatomic\u0103<\/li>\n<li>Numire: drume\u021bie<\/li>\n<li>\u042bezon &#8212; demi-sezon<\/li>\n<li>Greutate: 280 gr.<\/li>\n<\/ul>\n<h3>Tehnologie<\/h3>\n<ul>\n<li><strong>Keen.Protect<\/strong> \u2013 protec\u021bia \u00een zona degetelor de la picioare \u0219i \u00een alt\u0103 parte va oferi confort \u00eempotriva denivel\u0103rilor nea\u0219teptate. Tehnologie brevetat\u0103.<\/li>\n<li><strong>Cleansport nxt<\/strong> &#8212; este procesul de utilizare a tehnologiei probiotice pentru a reduce mirosurile \u00een \u00eembr\u0103c\u0103mintea \u0219i \u00eenc\u0103l\u021b\u0103mintea sport. Microbii utili care se g\u0103sesc \u00een jurul nostru \u00een natur\u0103 sunt selecta\u021bi \u0219i combina\u021bi cu suprafa\u021ba \u021besutului. Acest proces inovator ecologic de aplicare a microorganismelor vii pe fibre are un efect pozitiv pentru proprietarul incaltamintei \u0219i nu d\u0103uneaz\u0103 mediului, spre deosebire de tehnologiile chimice.<\/li>\n<\/ul>\n<p>\n<div>\n\n<\/p>\n<h3>Marca<\/h3>\n<p>KEEN este compania de outdoor cu cea mai rapid\u0103 cre\u0219tere din lume. Keen s-a n\u0103scut relativ recent, \u00een martie 2003. Fondatorii s\u0103i, Martin Keen \u0219i Rory Foust, \u0219i-au propus s\u0103 creeze sandale care s\u0103 ofere protec\u021bie pentru degetele de la picioare.<\/p>\n<p>Modelele primile de incaltaminte KEEN sunt concepute pentru activit\u0103\u021bi sportive. Modelele dispuns un v\u00e2rf \u00eent\u0103rit care protejeaz\u0103 degetele de la picioare \u0219i \u00eenc\u0103l\u021b\u0103mintea \u00een sine de uzur\u0103 \u0219i deteriorare.<\/p>\n<p>\u00cen prezent, KEEN ofer\u0103 at\u00e2t \u00eenc\u0103l\u021b\u0103minte pentru odihna activ\u0103 \u0219i sport, c\u00e2t \u0219i \u00eenc\u0103l\u021b\u0103minte de mod\u0103 pentru ora\u0219e. Compania cre\u0219te \u0219i se dezvolt\u0103 rapid \u0219i, odat\u0103 cu cre\u0219terea, se schimb\u0103 constant: extinde gama de modele, adaug\u0103 noi stiluri \u0219i culori.<\/p>\n<p>","protected":false},"excerpt":{"rendered":"<p>Adida\u0219i Keen Oakridge Low Wp Magnet<\/p>","protected":false},"featured_media":8703,"comment_status":"open","ping_status":"closed","template":"","meta":{"_acf_changed":false,"inline_featured_image":false},"product_brand":[1335],"product_cat":[905],"product_tag":[],"class_list":{"0":"post-8711","1":"product","2":"type-product","3":"status-publish","4":"has-post-thumbnail","6":"product_brand-keen","7":"product_cat-kids-sport-shoes","8":"pa_naznachenie-obuvi-trekking","9":"pa_razmer-shoes-1035","10":"pa_sex-jr","11":"pa_sezon-demisezon","13":"first","14":"instock","15":"sale","16":"shipping-taxable","17":"purchasable","18":"product-type-variable"},"acf":[],"yoast_head":"<!-- This site is optimized with the Yoast SEO plugin v27.2 - https:\/\/yoast.com\/product\/yoast-seo-wordpress\/ -->\n<title>\u041a\u0440\u043e\u0441\u0441\u043e\u0432\u043a\u0438 \u0434\u0435\u0442\u0441\u043a\u0438\u0435 Keen Oakridge Low Wp Magnet - \u041c\u0430\u0433\u0430\u0437\u0438\u043d Xstyle<\/title>\n<meta name=\"description\" content=\"\u041a\u0440\u043e\u0441\u0441\u043e\u0432\u043a\u0438 \u0434\u0435\u0442\u0441\u043a\u0438\u0435 Keen Oakridge Low Wp Magnet - \u0438\u0434\u0435\u0430\u043b\u044c\u043d\u044b\u0435 \u0434\u043b\u044f \u0434\u043e\u0436\u0434\u043b\u0438\u0432\u043e\u0439 \u043f\u043e\u0433\u043e\u0434\u044b. \u0423\u0434\u043e\u0431\u043d\u044b\u0435, \u043f\u0440\u043e\u0447\u043d\u044b\u0435, \u0441 \u0434\u044b\u0448\u0430\u0449\u0435\u0439 \u043a\u043e\u0436\u0435\u0439 \u0438 \u043c\u044f\u0433\u043a\u043e\u0439 \u043f\u043e\u0434\u043a\u043b\u0430\u0434\u043a\u043e\u0439 \u0434\u043b\u044f \u043a\u043e\u043c\u0444\u043e\u0440\u0442\u0430.\" \/>\n<meta name=\"robots\" content=\"index, follow, max-snippet:-1, max-image-preview:large, max-video-preview:-1\" \/>\n<link rel=\"canonical\" href=\"https:\/\/xstyle.md\/ro\/produs\/krossovki-detskie-keen-oakridge-low-wp-k\/\" \/>\n<meta property=\"og:locale\" content=\"ro_RO\" \/>\n<meta property=\"og:type\" content=\"article\" \/>\n<meta property=\"og:title\" content=\"\u041a\u0440\u043e\u0441\u0441\u043e\u0432\u043a\u0438 \u0434\u0435\u0442\u0441\u043a\u0438\u0435 Keen Oakridge Low Wp Magnet - \u041c\u0430\u0433\u0430\u0437\u0438\u043d Xstyle\" \/>\n<meta property=\"og:description\" content=\"\u041a\u0440\u043e\u0441\u0441\u043e\u0432\u043a\u0438 \u0434\u0435\u0442\u0441\u043a\u0438\u0435 Keen Oakridge Low Wp Magnet - \u0438\u0434\u0435\u0430\u043b\u044c\u043d\u044b\u0435 \u0434\u043b\u044f \u0434\u043e\u0436\u0434\u043b\u0438\u0432\u043e\u0439 \u043f\u043e\u0433\u043e\u0434\u044b. \u0423\u0434\u043e\u0431\u043d\u044b\u0435, \u043f\u0440\u043e\u0447\u043d\u044b\u0435, \u0441 \u0434\u044b\u0448\u0430\u0449\u0435\u0439 \u043a\u043e\u0436\u0435\u0439 \u0438 \u043c\u044f\u0433\u043a\u043e\u0439 \u043f\u043e\u0434\u043a\u043b\u0430\u0434\u043a\u043e\u0439 \u0434\u043b\u044f \u043a\u043e\u043c\u0444\u043e\u0440\u0442\u0430.\" \/>\n<meta property=\"og:url\" content=\"https:\/\/xstyle.md\/ro\/produs\/krossovki-detskie-keen-oakridge-low-wp-k\/\" \/>\n<meta property=\"og:site_name\" content=\"\u041c\u0430\u0433\u0430\u0437\u0438\u043d Xstyle\" \/>\n<meta property=\"article:publisher\" content=\"https:\/\/www.facebook.com\/xstylemd\" \/>\n<meta property=\"article:modified_time\" content=\"2025-05-07T15:28:22+00:00\" \/>\n<meta property=\"og:image\" content=\"https:\/\/xstyle.md\/wp-content\/uploads\/2020\/07\/keen_oakridge-1.jpg\" \/>\n\t<meta property=\"og:image:width\" content=\"650\" \/>\n\t<meta property=\"og:image:height\" content=\"650\" \/>\n\t<meta property=\"og:image:type\" content=\"image\/jpeg\" \/>\n<meta name=\"twitter:card\" content=\"summary_large_image\" \/>\n<meta name=\"twitter:label1\" content=\"Disponibilitate\" \/>\n\t<meta name=\"twitter:data1\" content=\"\u00cen stoc\" \/>\n<script type=\"application\/ld+json\" class=\"yoast-schema-graph\">{\"@context\":\"https:\/\/schema.org\",\"@graph\":[{\"@type\":\"WebPage\",\"@id\":\"https:\/\/xstyle.md\/product\/krossovki-detskie-keen-oakridge-low-wp-k\/\",\"url\":\"https:\/\/xstyle.md\/product\/krossovki-detskie-keen-oakridge-low-wp-k\/\",\"name\":\"\u041a\u0440\u043e\u0441\u0441\u043e\u0432\u043a\u0438 \u0434\u0435\u0442\u0441\u043a\u0438\u0435 Keen Oakridge Low Wp Magnet - \u041c\u0430\u0433\u0430\u0437\u0438\u043d Xstyle\",\"isPartOf\":{\"@id\":\"https:\/\/xstyle.md\/#website\"},\"primaryImageOfPage\":{\"@id\":\"https:\/\/xstyle.md\/product\/krossovki-detskie-keen-oakridge-low-wp-k\/#primaryimage\"},\"image\":{\"@id\":\"https:\/\/xstyle.md\/product\/krossovki-detskie-keen-oakridge-low-wp-k\/#primaryimage\"},\"thumbnailUrl\":\"https:\/\/xstyle.md\/wp-content\/uploads\/2020\/07\/keen_oakridge-1.jpg\",\"datePublished\":\"2020-07-16T21:01:21+00:00\",\"dateModified\":\"2025-05-07T15:28:22+00:00\",\"description\":\"\u041a\u0440\u043e\u0441\u0441\u043e\u0432\u043a\u0438 \u0434\u0435\u0442\u0441\u043a\u0438\u0435 Keen Oakridge Low Wp Magnet - \u0438\u0434\u0435\u0430\u043b\u044c\u043d\u044b\u0435 \u0434\u043b\u044f \u0434\u043e\u0436\u0434\u043b\u0438\u0432\u043e\u0439 \u043f\u043e\u0433\u043e\u0434\u044b. \u0423\u0434\u043e\u0431\u043d\u044b\u0435, \u043f\u0440\u043e\u0447\u043d\u044b\u0435, \u0441 \u0434\u044b\u0448\u0430\u0449\u0435\u0439 \u043a\u043e\u0436\u0435\u0439 \u0438 \u043c\u044f\u0433\u043a\u043e\u0439 \u043f\u043e\u0434\u043a\u043b\u0430\u0434\u043a\u043e\u0439 \u0434\u043b\u044f \u043a\u043e\u043c\u0444\u043e\u0440\u0442\u0430.\",\"breadcrumb\":{\"@id\":\"https:\/\/xstyle.md\/product\/krossovki-detskie-keen-oakridge-low-wp-k\/#breadcrumb\"},\"inLanguage\":\"ro-RO\",\"potentialAction\":[{\"@type\":\"ReadAction\",\"target\":[\"https:\/\/xstyle.md\/product\/krossovki-detskie-keen-oakridge-low-wp-k\/\"]}]},{\"@type\":\"ImageObject\",\"inLanguage\":\"ro-RO\",\"@id\":\"https:\/\/xstyle.md\/product\/krossovki-detskie-keen-oakridge-low-wp-k\/#primaryimage\",\"url\":\"https:\/\/xstyle.md\/wp-content\/uploads\/2020\/07\/keen_oakridge-1.jpg\",\"contentUrl\":\"https:\/\/xstyle.md\/wp-content\/uploads\/2020\/07\/keen_oakridge-1.jpg\",\"width\":650,\"height\":650},{\"@type\":\"BreadcrumbList\",\"@id\":\"https:\/\/xstyle.md\/product\/krossovki-detskie-keen-oakridge-low-wp-k\/#breadcrumb\",\"itemListElement\":[{\"@type\":\"ListItem\",\"position\":1,\"name\":\"\u0413\u043b\u0430\u0432\u043d\u0430\u044f \u0441\u0442\u0440\u0430\u043d\u0438\u0446\u0430\",\"item\":\"https:\/\/xstyle.md\/\"},{\"@type\":\"ListItem\",\"position\":2,\"name\":\"\u041c\u0430\u0433\u0430\u0437\u0438\u043d\",\"item\":\"https:\/\/xstyle.md\/shop\/\"},{\"@type\":\"ListItem\",\"position\":3,\"name\":\"\u041a\u0440\u043e\u0441\u0441\u043e\u0432\u043a\u0438 \u0434\u0435\u0442\u0441\u043a\u0438\u0435 Keen Oakridge Low Wp Magnet\"}]},{\"@type\":\"WebSite\",\"@id\":\"https:\/\/xstyle.md\/#website\",\"url\":\"https:\/\/xstyle.md\/\",\"name\":\"\u041c\u0430\u0433\u0430\u0437\u0438\u043d Xstyle\",\"description\":\"C\u043d\u0430\u0440\u044f\u0436\u0435\u043d\u0438\u0435 \u0434\u043b\u044f \u0442\u0443\u0440\u0438\u0437\u043c\u0430 \u0438 \u044d\u043a\u0441\u0442\u0440\u0435\u043c\u0430\u043b\u044c\u043d\u044b\u0445 \u0432\u0438\u0434\u043e\u0432 \u0441\u043f\u043e\u0440\u0442\u0430 \u0432 \u041c\u043e\u043b\u0434\u043e\u0432\u0435.. \u0426\u0435\u043d\u044b, \u0444\u043e\u0442\u043e, \u0445\u0430\u0440\u0430\u043a\u0442\u0435\u0440\u0438\u0441\u0442\u0438\u043a\u0438 \u0432 \u041c\u043e\u043b\u0434\u043e\u0432\u0435.\",\"publisher\":{\"@id\":\"https:\/\/xstyle.md\/#organization\"},\"alternateName\":\"X-Style\",\"potentialAction\":[{\"@type\":\"SearchAction\",\"target\":{\"@type\":\"EntryPoint\",\"urlTemplate\":\"https:\/\/xstyle.md\/?s={search_term_string}\"},\"query-input\":{\"@type\":\"PropertyValueSpecification\",\"valueRequired\":true,\"valueName\":\"search_term_string\"}}],\"inLanguage\":\"ro-RO\"},{\"@type\":\"Organization\",\"@id\":\"https:\/\/xstyle.md\/#organization\",\"name\":\"\u041c\u0430\u0433\u0430\u0437\u0438\u043d Xstyle\",\"alternateName\":\"x-style\",\"url\":\"https:\/\/xstyle.md\/\",\"logo\":{\"@type\":\"ImageObject\",\"inLanguage\":\"ro-RO\",\"@id\":\"https:\/\/xstyle.md\/#\/schema\/logo\/image\/\",\"url\":\"https:\/\/xstyle.md\/wp-content\/uploads\/2020\/06\/logoicon.svg\",\"contentUrl\":\"https:\/\/xstyle.md\/wp-content\/uploads\/2020\/06\/logoicon.svg\",\"caption\":\"\u041c\u0430\u0433\u0430\u0437\u0438\u043d Xstyle\"},\"image\":{\"@id\":\"https:\/\/xstyle.md\/#\/schema\/logo\/image\/\"},\"sameAs\":[\"https:\/\/www.facebook.com\/xstylemd\",\"https:\/\/www.instagram.com\/xstyle_md\/\",\"https:\/\/t.me\/xstyle_outdoor\"],\"hasMerchantReturnPolicy\":{\"@type\":\"MerchantReturnPolicy\",\"merchantReturnLink\":\"https:\/\/xstyle.md\/ro\/conditions\/\"}}]}<\/script>\n<meta property=\"og:availability\" content=\"instock\" \/>\n<meta property=\"product:availability\" content=\"instock\" \/>\n<meta property=\"product:retailer_item_id\" content=\"X22012\" \/>\n<meta property=\"product:condition\" content=\"new\" \/>\n<!-- \/ Yoast SEO plugin. -->","yoast_head_json":{"title":"Adidasi pentru copii Keen Oakridge Low Wp Magnet - Magazin Xstyle","description":"\u00cenc\u0103l\u021b\u0103minte sport pentru copii Keen Oakridge Low Wp Magnet - ideale pentru vreme ploioas\u0103. Confortabile, durabile, cu piele respirabil\u0103 \u0219i c\u0103ptu\u0219eal\u0103 moale pentru confort.","robots":{"index":"index","follow":"follow","max-snippet":"max-snippet:-1","max-image-preview":"max-image-preview:large","max-video-preview":"max-video-preview:-1"},"canonical":"https:\/\/xstyle.md\/ro\/produs\/krossovki-detskie-keen-oakridge-low-wp-k\/","og_locale":"ro_RO","og_type":"article","og_title":"\u041a\u0440\u043e\u0441\u0441\u043e\u0432\u043a\u0438 \u0434\u0435\u0442\u0441\u043a\u0438\u0435 Keen Oakridge Low Wp Magnet - \u041c\u0430\u0433\u0430\u0437\u0438\u043d Xstyle","og_description":"\u041a\u0440\u043e\u0441\u0441\u043e\u0432\u043a\u0438 \u0434\u0435\u0442\u0441\u043a\u0438\u0435 Keen Oakridge Low Wp Magnet - \u0438\u0434\u0435\u0430\u043b\u044c\u043d\u044b\u0435 \u0434\u043b\u044f \u0434\u043e\u0436\u0434\u043b\u0438\u0432\u043e\u0439 \u043f\u043e\u0433\u043e\u0434\u044b. \u0423\u0434\u043e\u0431\u043d\u044b\u0435, \u043f\u0440\u043e\u0447\u043d\u044b\u0435, \u0441 \u0434\u044b\u0448\u0430\u0449\u0435\u0439 \u043a\u043e\u0436\u0435\u0439 \u0438 \u043c\u044f\u0433\u043a\u043e\u0439 \u043f\u043e\u0434\u043a\u043b\u0430\u0434\u043a\u043e\u0439 \u0434\u043b\u044f \u043a\u043e\u043c\u0444\u043e\u0440\u0442\u0430.","og_url":"https:\/\/xstyle.md\/ro\/produs\/krossovki-detskie-keen-oakridge-low-wp-k\/","og_site_name":"\u041c\u0430\u0433\u0430\u0437\u0438\u043d Xstyle","article_publisher":"https:\/\/www.facebook.com\/xstylemd","article_modified_time":"2025-05-07T15:28:22+00:00","og_image":[{"width":650,"height":650,"url":"https:\/\/xstyle.md\/wp-content\/uploads\/2020\/07\/keen_oakridge-1.jpg","type":"image\/jpeg"}],"twitter_card":"summary_large_image","twitter_misc":{"Disponibilitate":"\u00cen stoc"},"schema":{"@context":"https:\/\/schema.org","@graph":[{"@type":"WebPage","@id":"https:\/\/xstyle.md\/product\/krossovki-detskie-keen-oakridge-low-wp-k\/","url":"https:\/\/xstyle.md\/product\/krossovki-detskie-keen-oakridge-low-wp-k\/","name":"Adidasi pentru copii Keen Oakridge Low Wp Magnet - Magazin Xstyle","isPartOf":{"@id":"https:\/\/xstyle.md\/#website"},"primaryImageOfPage":{"@id":"https:\/\/xstyle.md\/product\/krossovki-detskie-keen-oakridge-low-wp-k\/#primaryimage"},"image":{"@id":"https:\/\/xstyle.md\/product\/krossovki-detskie-keen-oakridge-low-wp-k\/#primaryimage"},"thumbnailUrl":"https:\/\/xstyle.md\/wp-content\/uploads\/2020\/07\/keen_oakridge-1.jpg","datePublished":"2020-07-16T21:01:21+00:00","dateModified":"2025-05-07T15:28:22+00:00","description":"\u00cenc\u0103l\u021b\u0103minte sport pentru copii Keen Oakridge Low Wp Magnet - ideale pentru vreme ploioas\u0103. Confortabile, durabile, cu piele respirabil\u0103 \u0219i c\u0103ptu\u0219eal\u0103 moale pentru confort.","breadcrumb":{"@id":"https:\/\/xstyle.md\/product\/krossovki-detskie-keen-oakridge-low-wp-k\/#breadcrumb"},"inLanguage":"ro-RO","potentialAction":[{"@type":"ReadAction","target":["https:\/\/xstyle.md\/product\/krossovki-detskie-keen-oakridge-low-wp-k\/"]}]},{"@type":"ImageObject","inLanguage":"ro-RO","@id":"https:\/\/xstyle.md\/product\/krossovki-detskie-keen-oakridge-low-wp-k\/#primaryimage","url":"https:\/\/xstyle.md\/wp-content\/uploads\/2020\/07\/keen_oakridge-1.jpg","contentUrl":"https:\/\/xstyle.md\/wp-content\/uploads\/2020\/07\/keen_oakridge-1.jpg","width":650,"height":650},{"@type":"BreadcrumbList","@id":"https:\/\/xstyle.md\/product\/krossovki-detskie-keen-oakridge-low-wp-k\/#breadcrumb","itemListElement":[{"@type":"ListItem","position":1,"name":"\u0413\u043b\u0430\u0432\u043d\u0430\u044f \u0441\u0442\u0440\u0430\u043d\u0438\u0446\u0430","item":"https:\/\/xstyle.md\/"},{"@type":"ListItem","position":2,"name":"\u041c\u0430\u0433\u0430\u0437\u0438\u043d","item":"https:\/\/xstyle.md\/shop\/"},{"@type":"ListItem","position":3,"name":"\u041a\u0440\u043e\u0441\u0441\u043e\u0432\u043a\u0438 \u0434\u0435\u0442\u0441\u043a\u0438\u0435 Keen Oakridge Low Wp Magnet"}]},{"@type":"WebSite","@id":"https:\/\/xstyle.md\/#website","url":"https:\/\/xstyle.md\/","name":"Magazinul X-Style","description":"Echipamente pentru turism \u0219i sporturi extreme \u00een Moldova. Pre\u021buri, fotografii, caracteristici \u00een Moldova.","publisher":{"@id":"https:\/\/xstyle.md\/#organization"},"alternateName":"X-Style","potentialAction":[{"@type":"SearchAction","target":{"@type":"EntryPoint","urlTemplate":"https:\/\/xstyle.md\/?s={search_term_string}"},"query-input":{"@type":"PropertyValueSpecification","valueRequired":true,"valueName":"search_term_string"}}],"inLanguage":"ro-RO"},{"@type":"Organization","@id":"https:\/\/xstyle.md\/#organization","name":"Magazinul X-Style","alternateName":"x-style","url":"https:\/\/xstyle.md\/","logo":{"@type":"ImageObject","inLanguage":"ro-RO","@id":"https:\/\/xstyle.md\/#\/schema\/logo\/image\/","url":"https:\/\/xstyle.md\/wp-content\/uploads\/2020\/06\/logoicon.svg","contentUrl":"https:\/\/xstyle.md\/wp-content\/uploads\/2020\/06\/logoicon.svg","caption":"\u041c\u0430\u0433\u0430\u0437\u0438\u043d Xstyle"},"image":{"@id":"https:\/\/xstyle.md\/#\/schema\/logo\/image\/"},"sameAs":["https:\/\/www.facebook.com\/xstylemd","https:\/\/www.instagram.com\/xstyle_md\/","https:\/\/t.me\/xstyle_outdoor"],"hasMerchantReturnPolicy":{"@type":"MerchantReturnPolicy","merchantReturnLink":"https:\/\/xstyle.md\/ro\/conditions\/"}}]},"og_availability":"instock","product_availability":"instock","product_retailer_item_id":"X22012","product_condition":"new"},"post_mailing_queue_ids":[],"_links":{"self":[{"href":"https:\/\/xstyle.md\/ro\/wp-json\/wp\/v2\/product\/8711","targetHints":{"allow":["GET"]}}],"collection":[{"href":"https:\/\/xstyle.md\/ro\/wp-json\/wp\/v2\/product"}],"about":[{"href":"https:\/\/xstyle.md\/ro\/wp-json\/wp\/v2\/types\/product"}],"replies":[{"embeddable":true,"href":"https:\/\/xstyle.md\/ro\/wp-json\/wp\/v2\/comments?post=8711"}],"wp:featuredmedia":[{"embeddable":true,"href":"https:\/\/xstyle.md\/ro\/wp-json\/wp\/v2\/media\/8703"}],"wp:attachment":[{"href":"https:\/\/xstyle.md\/ro\/wp-json\/wp\/v2\/media?parent=8711"}],"wp:term":[{"taxonomy":"product_brand","embeddable":true,"href":"https:\/\/xstyle.md\/ro\/wp-json\/wp\/v2\/product_brand?post=8711"},{"taxonomy":"product_cat","embeddable":true,"href":"https:\/\/xstyle.md\/ro\/wp-json\/wp\/v2\/product_cat?post=8711"},{"taxonomy":"product_tag","embeddable":true,"href":"https:\/\/xstyle.md\/ro\/wp-json\/wp\/v2\/product_tag?post=8711"}],"curies":[{"name":"wp","href":"https:\/\/api.w.org\/{rel}","templated":true}]}}