{"id":86718,"date":"2024-08-07T18:11:13","date_gmt":"2024-08-07T15:11:13","guid":{"rendered":"https:\/\/xstyle.md\/?post_type=product&#038;p=86718"},"modified":"2026-03-19T17:21:51","modified_gmt":"2026-03-19T14:21:51","slug":"shorty-turbat-bali-mns-steeple-gray-butternut-khaki","status":"publish","type":"product","link":"https:\/\/xstyle.md\/ro\/produs\/shorty-turbat-bali-mns-steeple-gray-butternut-khaki\/","title":{"rendered":"Pantaloni scur\u021bi Turbat Bali Mns steeple gray\/butternut khaki"},"content":{"rendered":"<\/p>\n<p><strong>Turbat Bali<\/strong> &#8212; pantaloni scur\u021bi tehnici pentru b\u0103rba\u021bi pentru drume\u021bii \u0219i activit\u0103\u021bi \u00een aer liber pe timp de canicul\u0103. Confec\u021biona\u021bi din material u\u0219or, elastic, care se usuc\u0103 foarte repede. Ideali pentru drume\u021bii de var\u0103 \u00een mun\u021bi, c\u0103l\u0103torii combinate, excursii active de aventur\u0103, explorarea locurilor exotice. Exist\u0103 dou\u0103 buzunare deschise, largi, \u00een care este u\u0219or s\u0103-\u021bi strecori m\u00e2inile. Exist\u0103 un buzunar cu fermoar pe lateral pentru o hart\u0103, pa\u0219aport sau telefon.<\/p>\n<h3>Particularit\u0103\u021bi<\/h3>\n<ul>\n<li>Pantaloni scur\u021bi elastici, tehnici<\/li>\n<li>U\u0219or \u0219i cu uscare rapid\u0103<\/li>\n<li>Croial\u0103 sportiv\u0103<\/li>\n<li>Dou\u0103 buzunare deschise, largi, \u00een care \u00ee\u021bi po\u021bi strecura cu u\u0219urin\u021b\u0103 m\u00e2inile<\/li>\n<li>Buzunar lateral mare cu fermoar<\/li>\n<li>Bucle pentru centur\u0103<\/li>\n<li>Pliabil compact.<\/li>\n<\/ul>\n<h3>Caracteristici<\/h3>\n<ul>\n<li>Material &#8212; 86% nailon, 14% elastan<\/li>\n<li>Sezonul &#8212; prim\u0103var\u0103\/var\u0103<\/li>\n<li>Aplicare &#8212; casual\/c\u0103l\u0103torii\/recreere activ\u0103<\/li>\n<li>Model - b\u0103rba\u021bi.<\/li>\n<\/ul>\n<h3>Marca<\/h3>\n<p>Turbat este un brand ucrainean care sparge toate stereotipurile \u0219i miturile despre produsele ucrainene \u0219i prejudec\u0103\u021bile fa\u021b\u0103 de acestea. Acesta a dovedit c\u0103 produc\u0103torul na\u021bional nu este inferior \u00een ceea ce prive\u0219te calitatea \u0219i durabilitatea fa\u021b\u0103 de produsele importate. Produsele Turbat sunt adaptate la realit\u0103\u021bile latitudinilor ucrainene, la vegeta\u021bia s\u0103lbatic\u0103 din Carpa\u021bi, cu copaci c\u0103zu\u021bi \u0219i poteci \u00eentinse, care pot fi dep\u0103\u0219ite doar \u00een haine \u0219i echipamente de o rezisten\u021b\u0103 deosebit\u0103. Nu degeaba dezvoltatorii au \u00eemprumutat numele companiei de la r\u00e2ul Turbat &#8212; incredibil de frumos \u0219i curat, dar \u00een acela\u0219i timp foarte periculos \u0219i greu accesibil.<\/p>\n<p>Turbat pune la dispozi\u021bia clien\u021bilor s\u0103i \u00eembr\u0103c\u0103minte \u0219i echipament at\u00e2t pentru vacan\u021ba de var\u0103, c\u00e2t \u0219i pentru cea de iarn\u0103. \u00cembr\u0103c\u0103minte de \u00eenalt\u0103 calitate \u0219i la pre\u021buri accesibile, \u00eenc\u0103l\u021b\u0103minte, corturi, saci de dormit, rucsacuri cu design \u0219i culori unice &#8212; aceasta nu este \u00eentreaga list\u0103 de produse ale companiei. \u00cen plus, produc\u0103torul ia \u00een considerare interesele diferitelor categorii de consumatori, oferind separat produse pentru copii, b\u0103rba\u021bi \u0219i femei.<\/p>\n<p>Turbat se preocup\u0103 de confortul, siguran\u021ba clien\u021bilor s\u0103i \u0219i \u00eei inspir\u0103 pentru sporturi active, recreere, c\u0103l\u0103torii romantice \u0219i aventuri.<\/p>\n<p><\/p>","protected":false},"excerpt":{"rendered":"","protected":false},"featured_media":86874,"comment_status":"open","ping_status":"closed","template":"","meta":{"_acf_changed":false,"inline_featured_image":false},"product_brand":[1469],"product_cat":[443],"product_tag":[],"class_list":{"0":"post-86718","1":"product","2":"type-product","3":"status-publish","4":"has-post-thumbnail","6":"product_brand-turbat","7":"product_cat-pantaloni-scurti-barbati","9":"first","10":"instock","11":"shipping-taxable","12":"purchasable","13":"product-type-simple"},"acf":[],"yoast_head":"<!-- This site is optimized with the Yoast SEO plugin v27.4 - https:\/\/yoast.com\/product\/yoast-seo-wordpress\/ -->\n<title>\u0428\u043e\u0440\u0442\u044b Turbat Bali Mns steeple gray\/butternut khaki - \u041c\u0430\u0433\u0430\u0437\u0438\u043d Xstyle<\/title>\n<meta name=\"description\" content=\"\u0428\u043e\u0440\u0442\u044b Turbat Bali Mns \u0432 \u0446\u0432\u0435\u0442\u0430\u0445 steeple gray\/butternut khaki \u0438\u0434\u0435\u0430\u043b\u044c\u043d\u043e \u043f\u043e\u0434\u0445\u043e\u0434\u044f\u0442 \u0434\u043b\u044f \u043b\u0435\u0442\u043d\u0438\u0445 \u043f\u043e\u0445\u043e\u0434\u043e\u0432. \u041b\u0435\u0433\u043a\u0438\u0439 \u043c\u0430\u0442\u0435\u0440\u0438\u0430\u043b \u0431\u044b\u0441\u0442\u0440\u043e \u0441\u043e\u0445\u043d\u0435\u0442 \u0438 \u0443\u0434\u043e\u0431\u0435\u043d \u0432 \u043d\u043e\u0441\u043a\u0435!\" \/>\n<meta name=\"robots\" content=\"index, follow, max-snippet:-1, max-image-preview:large, max-video-preview:-1\" \/>\n<link rel=\"canonical\" href=\"https:\/\/xstyle.md\/ro\/produs\/shorty-turbat-bali-mns-steeple-gray-butternut-khaki\/\" \/>\n<meta property=\"og:locale\" content=\"ro_RO\" \/>\n<meta property=\"og:type\" content=\"article\" \/>\n<meta property=\"og:title\" content=\"\u0428\u043e\u0440\u0442\u044b Turbat Bali Mns steeple gray\/butternut khaki - \u041c\u0430\u0433\u0430\u0437\u0438\u043d Xstyle\" \/>\n<meta property=\"og:description\" content=\"\u0428\u043e\u0440\u0442\u044b Turbat Bali Mns \u0432 \u0446\u0432\u0435\u0442\u0430\u0445 steeple gray\/butternut khaki \u0438\u0434\u0435\u0430\u043b\u044c\u043d\u043e \u043f\u043e\u0434\u0445\u043e\u0434\u044f\u0442 \u0434\u043b\u044f \u043b\u0435\u0442\u043d\u0438\u0445 \u043f\u043e\u0445\u043e\u0434\u043e\u0432. \u041b\u0435\u0433\u043a\u0438\u0439 \u043c\u0430\u0442\u0435\u0440\u0438\u0430\u043b \u0431\u044b\u0441\u0442\u0440\u043e \u0441\u043e\u0445\u043d\u0435\u0442 \u0438 \u0443\u0434\u043e\u0431\u0435\u043d \u0432 \u043d\u043e\u0441\u043a\u0435!\" \/>\n<meta property=\"og:url\" content=\"https:\/\/xstyle.md\/ro\/produs\/shorty-turbat-bali-mns-steeple-gray-butternut-khaki\/\" \/>\n<meta property=\"og:site_name\" content=\"\u041c\u0430\u0433\u0430\u0437\u0438\u043d Xstyle\" \/>\n<meta property=\"article:publisher\" content=\"https:\/\/www.facebook.com\/xstylemd\" \/>\n<meta property=\"article:modified_time\" content=\"2026-03-19T14:21:51+00:00\" \/>\n<meta property=\"og:image\" content=\"https:\/\/xstyle.md\/wp-content\/uploads\/2024\/08\/turbat-bali-mns-steeple-gray-butternut-khaki.png\" \/>\n\t<meta property=\"og:image:width\" content=\"719\" \/>\n\t<meta property=\"og:image:height\" content=\"719\" \/>\n\t<meta property=\"og:image:type\" content=\"image\/png\" \/>\n<meta name=\"twitter:card\" content=\"summary_large_image\" \/>\n<meta name=\"twitter:label1\" content=\"Pre\u021b\" \/>\n\t<meta name=\"twitter:data1\" content=\"1.190&nbsp;MDL\" \/>\n\t<meta name=\"twitter:label2\" content=\"Disponibilitate\" \/>\n\t<meta name=\"twitter:data2\" content=\"\u00cen stoc\" \/>\n<script type=\"application\/ld+json\" class=\"yoast-schema-graph\">{\"@context\":\"https:\\\/\\\/schema.org\",\"@graph\":[{\"@type\":\"WebPage\",\"@id\":\"https:\\\/\\\/xstyle.md\\\/product\\\/shorty-turbat-bali-mns-steeple-gray-butternut-khaki\\\/\",\"url\":\"https:\\\/\\\/xstyle.md\\\/product\\\/shorty-turbat-bali-mns-steeple-gray-butternut-khaki\\\/\",\"name\":\"\u0428\u043e\u0440\u0442\u044b Turbat Bali Mns steeple gray\\\/butternut khaki - \u041c\u0430\u0433\u0430\u0437\u0438\u043d Xstyle\",\"isPartOf\":{\"@id\":\"https:\\\/\\\/xstyle.md\\\/#website\"},\"primaryImageOfPage\":{\"@id\":\"https:\\\/\\\/xstyle.md\\\/product\\\/shorty-turbat-bali-mns-steeple-gray-butternut-khaki\\\/#primaryimage\"},\"image\":{\"@id\":\"https:\\\/\\\/xstyle.md\\\/product\\\/shorty-turbat-bali-mns-steeple-gray-butternut-khaki\\\/#primaryimage\"},\"thumbnailUrl\":\"https:\\\/\\\/xstyle.md\\\/wp-content\\\/uploads\\\/2024\\\/08\\\/turbat-bali-mns-steeple-gray-butternut-khaki.png\",\"datePublished\":\"2024-08-07T15:11:13+00:00\",\"dateModified\":\"2026-03-19T14:21:51+00:00\",\"description\":\"\u0428\u043e\u0440\u0442\u044b Turbat Bali Mns \u0432 \u0446\u0432\u0435\u0442\u0430\u0445 steeple gray\\\/butternut khaki \u0438\u0434\u0435\u0430\u043b\u044c\u043d\u043e \u043f\u043e\u0434\u0445\u043e\u0434\u044f\u0442 \u0434\u043b\u044f \u043b\u0435\u0442\u043d\u0438\u0445 \u043f\u043e\u0445\u043e\u0434\u043e\u0432. \u041b\u0435\u0433\u043a\u0438\u0439 \u043c\u0430\u0442\u0435\u0440\u0438\u0430\u043b \u0431\u044b\u0441\u0442\u0440\u043e \u0441\u043e\u0445\u043d\u0435\u0442 \u0438 \u0443\u0434\u043e\u0431\u0435\u043d \u0432 \u043d\u043e\u0441\u043a\u0435!\",\"breadcrumb\":{\"@id\":\"https:\\\/\\\/xstyle.md\\\/product\\\/shorty-turbat-bali-mns-steeple-gray-butternut-khaki\\\/#breadcrumb\"},\"inLanguage\":\"ro-RO\",\"potentialAction\":[{\"@type\":\"ReadAction\",\"target\":[\"https:\\\/\\\/xstyle.md\\\/product\\\/shorty-turbat-bali-mns-steeple-gray-butternut-khaki\\\/\"]}]},{\"@type\":\"ImageObject\",\"inLanguage\":\"ro-RO\",\"@id\":\"https:\\\/\\\/xstyle.md\\\/product\\\/shorty-turbat-bali-mns-steeple-gray-butternut-khaki\\\/#primaryimage\",\"url\":\"https:\\\/\\\/xstyle.md\\\/wp-content\\\/uploads\\\/2024\\\/08\\\/turbat-bali-mns-steeple-gray-butternut-khaki.png\",\"contentUrl\":\"https:\\\/\\\/xstyle.md\\\/wp-content\\\/uploads\\\/2024\\\/08\\\/turbat-bali-mns-steeple-gray-butternut-khaki.png\",\"width\":719,\"height\":719,\"caption\":\"\u0428\u043e\u0440\u0442\u044b Turbat Bali Mns \u0432 \u0441\u0435\u0440\u043e-\u0433\u043e\u0440\u0447\u0438\u0447\u043d\u044b\u0445 \u0446\u0432\u0435\u0442\u0430\u0445 \u0434\u043b\u044f \u0430\u043a\u0442\u0438\u0432\u043d\u043e\u0433\u043e \u043e\u0442\u0434\u044b\u0445\u0430 \u0438 \u043f\u043e\u0445\u043e\u0434\u043e\u0432 \u043d\u0430 \u043f\u0440\u0438\u0440\u043e\u0434\u0435, \u043e\u0434\u0435\u0436\u0434\u0430 \u0438 \u043e\u0431\u0443\u0432\u044c \u0434\u043b\u044f \u0442\u0443\u0440\u0438\u0437\u043c\u0430 \u0438 \u043f\u0443\u0442\u0435\u0448\u0435\u0441\u0442\u0432\u0438\u0439 \u0432 \u0438\u043d\u0442\u0435\u0440\u043d\u0435\u0442-\u043c\u0430\u0433\u0430\u0437\u0438\u043d\u0435 \u0430\u043a\u0442\u0438\u0432\u043d\u043e\u0439 \u0436\u0438\u0437\u043d\u0438\"},{\"@type\":\"BreadcrumbList\",\"@id\":\"https:\\\/\\\/xstyle.md\\\/product\\\/shorty-turbat-bali-mns-steeple-gray-butternut-khaki\\\/#breadcrumb\",\"itemListElement\":[{\"@type\":\"ListItem\",\"position\":1,\"name\":\"\u0413\u043b\u0430\u0432\u043d\u0430\u044f \u0441\u0442\u0440\u0430\u043d\u0438\u0446\u0430\",\"item\":\"https:\\\/\\\/xstyle.md\\\/\"},{\"@type\":\"ListItem\",\"position\":2,\"name\":\"\u041c\u0430\u0433\u0430\u0437\u0438\u043d\",\"item\":\"https:\\\/\\\/xstyle.md\\\/shop\\\/\"},{\"@type\":\"ListItem\",\"position\":3,\"name\":\"\u0428\u043e\u0440\u0442\u044b Turbat Bali Mns steeple gray\\\/butternut khaki\"}]},{\"@type\":\"WebSite\",\"@id\":\"https:\\\/\\\/xstyle.md\\\/#website\",\"url\":\"https:\\\/\\\/xstyle.md\\\/\",\"name\":\"\u041c\u0430\u0433\u0430\u0437\u0438\u043d Xstyle\",\"description\":\"C\u043d\u0430\u0440\u044f\u0436\u0435\u043d\u0438\u0435 \u0434\u043b\u044f \u0442\u0443\u0440\u0438\u0437\u043c\u0430 \u0438 \u044d\u043a\u0441\u0442\u0440\u0435\u043c\u0430\u043b\u044c\u043d\u044b\u0445 \u0432\u0438\u0434\u043e\u0432 \u0441\u043f\u043e\u0440\u0442\u0430 \u0432 \u041c\u043e\u043b\u0434\u043e\u0432\u0435.. \u0426\u0435\u043d\u044b, \u0444\u043e\u0442\u043e, \u0445\u0430\u0440\u0430\u043a\u0442\u0435\u0440\u0438\u0441\u0442\u0438\u043a\u0438 \u0432 \u041c\u043e\u043b\u0434\u043e\u0432\u0435.\",\"publisher\":{\"@id\":\"https:\\\/\\\/xstyle.md\\\/#organization\"},\"alternateName\":\"X-Style\",\"potentialAction\":[{\"@type\":\"SearchAction\",\"target\":{\"@type\":\"EntryPoint\",\"urlTemplate\":\"https:\\\/\\\/xstyle.md\\\/?s={search_term_string}\"},\"query-input\":{\"@type\":\"PropertyValueSpecification\",\"valueRequired\":true,\"valueName\":\"search_term_string\"}}],\"inLanguage\":\"ro-RO\"},{\"@type\":\"Organization\",\"@id\":\"https:\\\/\\\/xstyle.md\\\/#organization\",\"name\":\"\u041c\u0430\u0433\u0430\u0437\u0438\u043d Xstyle\",\"alternateName\":\"x-style\",\"url\":\"https:\\\/\\\/xstyle.md\\\/\",\"logo\":{\"@type\":\"ImageObject\",\"inLanguage\":\"ro-RO\",\"@id\":\"https:\\\/\\\/xstyle.md\\\/#\\\/schema\\\/logo\\\/image\\\/\",\"url\":\"https:\\\/\\\/xstyle.md\\\/wp-content\\\/uploads\\\/2020\\\/06\\\/logoicon.svg\",\"contentUrl\":\"https:\\\/\\\/xstyle.md\\\/wp-content\\\/uploads\\\/2020\\\/06\\\/logoicon.svg\",\"caption\":\"\u041c\u0430\u0433\u0430\u0437\u0438\u043d Xstyle\"},\"image\":{\"@id\":\"https:\\\/\\\/xstyle.md\\\/#\\\/schema\\\/logo\\\/image\\\/\"},\"sameAs\":[\"https:\\\/\\\/www.facebook.com\\\/xstylemd\",\"https:\\\/\\\/www.instagram.com\\\/xstyle_md\\\/\",\"https:\\\/\\\/t.me\\\/xstyle_outdoor\"],\"hasMerchantReturnPolicy\":{\"@type\":\"MerchantReturnPolicy\",\"merchantReturnLink\":\"https:\\\/\\\/xstyle.md\\\/ro\\\/conditions\\\/\"}}]}<\/script>\n<meta property=\"product:price:amount\" content=\"1190.00\" \/>\n<meta property=\"product:price:currency\" content=\"MDL\" \/>\n<meta property=\"og:availability\" content=\"instock\" \/>\n<meta property=\"product:availability\" content=\"instock\" \/>\n<meta property=\"product:retailer_item_id\" content=\"4823100534222\" \/>\n<meta property=\"product:condition\" content=\"new\" \/>\n<!-- \/ Yoast SEO plugin. -->","yoast_head_json":{"title":"Pantaloni scur\u021bi Turbat Bali Mns steeple gray\/butternut khaki - Magazin Xstyle","description":"Pantalonii scur\u021bi Turbat Bali Mns \u00een culorile steeple gray\/butternut khaki sunt perfecti pentru drume\u021biile de var\u0103. Materialul u\u0219or se usuc\u0103 rapid \u0219i este confortabil de purtat!","robots":{"index":"index","follow":"follow","max-snippet":"max-snippet:-1","max-image-preview":"max-image-preview:large","max-video-preview":"max-video-preview:-1"},"canonical":"https:\/\/xstyle.md\/ro\/produs\/shorty-turbat-bali-mns-steeple-gray-butternut-khaki\/","og_locale":"ro_RO","og_type":"article","og_title":"\u0428\u043e\u0440\u0442\u044b Turbat Bali Mns steeple gray\/butternut khaki - \u041c\u0430\u0433\u0430\u0437\u0438\u043d Xstyle","og_description":"\u0428\u043e\u0440\u0442\u044b Turbat Bali Mns \u0432 \u0446\u0432\u0435\u0442\u0430\u0445 steeple gray\/butternut khaki \u0438\u0434\u0435\u0430\u043b\u044c\u043d\u043e \u043f\u043e\u0434\u0445\u043e\u0434\u044f\u0442 \u0434\u043b\u044f \u043b\u0435\u0442\u043d\u0438\u0445 \u043f\u043e\u0445\u043e\u0434\u043e\u0432. \u041b\u0435\u0433\u043a\u0438\u0439 \u043c\u0430\u0442\u0435\u0440\u0438\u0430\u043b \u0431\u044b\u0441\u0442\u0440\u043e \u0441\u043e\u0445\u043d\u0435\u0442 \u0438 \u0443\u0434\u043e\u0431\u0435\u043d \u0432 \u043d\u043e\u0441\u043a\u0435!","og_url":"https:\/\/xstyle.md\/ro\/produs\/shorty-turbat-bali-mns-steeple-gray-butternut-khaki\/","og_site_name":"\u041c\u0430\u0433\u0430\u0437\u0438\u043d Xstyle","article_publisher":"https:\/\/www.facebook.com\/xstylemd","article_modified_time":"2026-03-19T14:21:51+00:00","og_image":[{"width":719,"height":719,"url":"https:\/\/xstyle.md\/wp-content\/uploads\/2024\/08\/turbat-bali-mns-steeple-gray-butternut-khaki.png","type":"image\/png"}],"twitter_card":"summary_large_image","twitter_misc":{"Pre\u021b":"1.190&nbsp;MDL","Disponibilitate":"\u00cen stoc"},"schema":{"@context":"https:\/\/schema.org","@graph":[{"@type":"WebPage","@id":"https:\/\/xstyle.md\/product\/shorty-turbat-bali-mns-steeple-gray-butternut-khaki\/","url":"https:\/\/xstyle.md\/product\/shorty-turbat-bali-mns-steeple-gray-butternut-khaki\/","name":"Pantaloni scur\u021bi Turbat Bali Mns steeple gray\/butternut khaki - Magazin Xstyle","isPartOf":{"@id":"https:\/\/xstyle.md\/#website"},"primaryImageOfPage":{"@id":"https:\/\/xstyle.md\/product\/shorty-turbat-bali-mns-steeple-gray-butternut-khaki\/#primaryimage"},"image":{"@id":"https:\/\/xstyle.md\/product\/shorty-turbat-bali-mns-steeple-gray-butternut-khaki\/#primaryimage"},"thumbnailUrl":"https:\/\/xstyle.md\/wp-content\/uploads\/2024\/08\/turbat-bali-mns-steeple-gray-butternut-khaki.png","datePublished":"2024-08-07T15:11:13+00:00","dateModified":"2026-03-19T14:21:51+00:00","description":"Pantalonii scur\u021bi Turbat Bali Mns \u00een culorile steeple gray\/butternut khaki sunt perfecti pentru drume\u021biile de var\u0103. Materialul u\u0219or se usuc\u0103 rapid \u0219i este confortabil de purtat!","breadcrumb":{"@id":"https:\/\/xstyle.md\/product\/shorty-turbat-bali-mns-steeple-gray-butternut-khaki\/#breadcrumb"},"inLanguage":"ro-RO","potentialAction":[{"@type":"ReadAction","target":["https:\/\/xstyle.md\/product\/shorty-turbat-bali-mns-steeple-gray-butternut-khaki\/"]}]},{"@type":"ImageObject","inLanguage":"ro-RO","@id":"https:\/\/xstyle.md\/product\/shorty-turbat-bali-mns-steeple-gray-butternut-khaki\/#primaryimage","url":"https:\/\/xstyle.md\/wp-content\/uploads\/2024\/08\/turbat-bali-mns-steeple-gray-butternut-khaki.png","contentUrl":"https:\/\/xstyle.md\/wp-content\/uploads\/2024\/08\/turbat-bali-mns-steeple-gray-butternut-khaki.png","width":719,"height":719,"caption":"\u0428\u043e\u0440\u0442\u044b Turbat Bali Mns \u0432 \u0441\u0435\u0440\u043e-\u0433\u043e\u0440\u0447\u0438\u0447\u043d\u044b\u0445 \u0446\u0432\u0435\u0442\u0430\u0445 \u0434\u043b\u044f \u0430\u043a\u0442\u0438\u0432\u043d\u043e\u0433\u043e \u043e\u0442\u0434\u044b\u0445\u0430 \u0438 \u043f\u043e\u0445\u043e\u0434\u043e\u0432 \u043d\u0430 \u043f\u0440\u0438\u0440\u043e\u0434\u0435, \u043e\u0434\u0435\u0436\u0434\u0430 \u0438 \u043e\u0431\u0443\u0432\u044c \u0434\u043b\u044f \u0442\u0443\u0440\u0438\u0437\u043c\u0430 \u0438 \u043f\u0443\u0442\u0435\u0448\u0435\u0441\u0442\u0432\u0438\u0439 \u0432 \u0438\u043d\u0442\u0435\u0440\u043d\u0435\u0442-\u043c\u0430\u0433\u0430\u0437\u0438\u043d\u0435 \u0430\u043a\u0442\u0438\u0432\u043d\u043e\u0439 \u0436\u0438\u0437\u043d\u0438"},{"@type":"BreadcrumbList","@id":"https:\/\/xstyle.md\/product\/shorty-turbat-bali-mns-steeple-gray-butternut-khaki\/#breadcrumb","itemListElement":[{"@type":"ListItem","position":1,"name":"\u0413\u043b\u0430\u0432\u043d\u0430\u044f \u0441\u0442\u0440\u0430\u043d\u0438\u0446\u0430","item":"https:\/\/xstyle.md\/"},{"@type":"ListItem","position":2,"name":"\u041c\u0430\u0433\u0430\u0437\u0438\u043d","item":"https:\/\/xstyle.md\/shop\/"},{"@type":"ListItem","position":3,"name":"\u0428\u043e\u0440\u0442\u044b Turbat Bali Mns steeple gray\/butternut khaki"}]},{"@type":"WebSite","@id":"https:\/\/xstyle.md\/#website","url":"https:\/\/xstyle.md\/","name":"Magazinul X-Style","description":"Echipamente pentru turism \u0219i sporturi extreme \u00een Moldova. Pre\u021buri, fotografii, caracteristici \u00een Moldova.","publisher":{"@id":"https:\/\/xstyle.md\/#organization"},"alternateName":"X-Style","potentialAction":[{"@type":"SearchAction","target":{"@type":"EntryPoint","urlTemplate":"https:\/\/xstyle.md\/?s={search_term_string}"},"query-input":{"@type":"PropertyValueSpecification","valueRequired":true,"valueName":"search_term_string"}}],"inLanguage":"ro-RO"},{"@type":"Organization","@id":"https:\/\/xstyle.md\/#organization","name":"Magazinul X-Style","alternateName":"x-style","url":"https:\/\/xstyle.md\/","logo":{"@type":"ImageObject","inLanguage":"ro-RO","@id":"https:\/\/xstyle.md\/#\/schema\/logo\/image\/","url":"https:\/\/xstyle.md\/wp-content\/uploads\/2020\/06\/logoicon.svg","contentUrl":"https:\/\/xstyle.md\/wp-content\/uploads\/2020\/06\/logoicon.svg","caption":"\u041c\u0430\u0433\u0430\u0437\u0438\u043d Xstyle"},"image":{"@id":"https:\/\/xstyle.md\/#\/schema\/logo\/image\/"},"sameAs":["https:\/\/www.facebook.com\/xstylemd","https:\/\/www.instagram.com\/xstyle_md\/","https:\/\/t.me\/xstyle_outdoor"],"hasMerchantReturnPolicy":{"@type":"MerchantReturnPolicy","merchantReturnLink":"https:\/\/xstyle.md\/ro\/conditions\/"}}]},"product_price_amount":"1190.00","product_price_currency":"MDL","og_availability":"instock","product_availability":"instock","product_retailer_item_id":"4823100534222","product_condition":"new"},"_links":{"self":[{"href":"https:\/\/xstyle.md\/ro\/wp-json\/wp\/v2\/product\/86718","targetHints":{"allow":["GET"]}}],"collection":[{"href":"https:\/\/xstyle.md\/ro\/wp-json\/wp\/v2\/product"}],"about":[{"href":"https:\/\/xstyle.md\/ro\/wp-json\/wp\/v2\/types\/product"}],"replies":[{"embeddable":true,"href":"https:\/\/xstyle.md\/ro\/wp-json\/wp\/v2\/comments?post=86718"}],"wp:featuredmedia":[{"embeddable":true,"href":"https:\/\/xstyle.md\/ro\/wp-json\/wp\/v2\/media\/86874"}],"wp:attachment":[{"href":"https:\/\/xstyle.md\/ro\/wp-json\/wp\/v2\/media?parent=86718"}],"wp:term":[{"taxonomy":"product_brand","embeddable":true,"href":"https:\/\/xstyle.md\/ro\/wp-json\/wp\/v2\/product_brand?post=86718"},{"taxonomy":"product_cat","embeddable":true,"href":"https:\/\/xstyle.md\/ro\/wp-json\/wp\/v2\/product_cat?post=86718"},{"taxonomy":"product_tag","embeddable":true,"href":"https:\/\/xstyle.md\/ro\/wp-json\/wp\/v2\/product_tag?post=86718"}],"curies":[{"name":"wp","href":"https:\/\/api.w.org\/{rel}","templated":true}]}}