{"id":86717,"date":"2024-08-07T18:11:12","date_gmt":"2024-08-07T15:11:12","guid":{"rendered":"https:\/\/xstyle.md\/?post_type=product&#038;p=86717"},"modified":"2026-03-04T12:36:44","modified_gmt":"2026-03-04T09:36:44","slug":"boks-thule-motion-3-xxl-low-black-glossy","status":"publish","type":"product","link":"https:\/\/xstyle.md\/ro\/produs\/boks-thule-motion-3-xxl-low-black-glossy\/","title":{"rendered":"Box Thule Motion 3 XXL Low black glossy"},"content":{"rendered":"<\/p>\n<p><strong>Thule Motion 3 XXL Low black glossy<\/strong> &#8212; alegerea perfect\u0103 pentru c\u0103l\u0103torul modern, combin\u00e2nd designul aerodinamic elegant cu func\u021bionalitatea fiabil\u0103.<\/p>\n<p>Potrivit pentru o varietate de scopuri, fie c\u0103 este vorba de o vacan\u021b\u0103 \u00een familie, o c\u0103l\u0103torie cu animalul de companie sau o aventur\u0103 la schi, Thule Motion 3 ofer\u0103 combina\u021bia perfect\u0103 de capacitate, eficien\u021b\u0103 \u0219i stil. Aerodinamica \u00eembun\u0103t\u0103\u021bit\u0103 \u0219i noile modele cu profil redus ofer\u0103 o utilizare mai eficient\u0103 a combustibilului, f\u0103r\u0103 a sacrifica capacitatea de depozitare. Instalarea u\u0219oar\u0103 \u0219i u\u0219urin\u021ba de utilizare, \u00eempreun\u0103 cu accesoriile inovatoare, simplific\u0103 explorarea unor noi orizonturi.<\/p>\n<p><em>Design modern \u0219i func\u021bionalitate<\/em><\/p>\n<p>Thule Motion 3 se remarc\u0103 prin designul modern \u0219i func\u021bionalitatea sa. Aceast\u0103 cutie de marf\u0103 avansat\u0103 nu numai c\u0103 v\u0103 protejeaz\u0103 echipamentul, dar ofer\u0103 \u0219i un aspect elegant vehiculului dumneavoastr\u0103. Mecanismul de \u00eenchidere intuitiv \u0219i deschiderea cu o singur\u0103 m\u00e2n\u0103 \u00een dou\u0103 direc\u021bii o fac u\u0219or \u0219i sigur de utilizat.<\/p>\n<p><em>Aerodinamic\u0103 avansat\u0103<\/em><\/p>\n<p>Thule Motion 3 nu numai c\u0103 arat\u0103 bine, dar are \u0219i caracteristici tehnice sofisticate. Designul s\u0103u reduce rezisten\u021ba aerului, ceea ce v\u0103 ajut\u0103 s\u0103 economisi\u021bi combustibil \u00een timpul c\u0103l\u0103toriei.<\/p>\n<p><em>Accesorii pentru c\u0103l\u0103torii confortabile<\/em><\/p>\n<p>Bucura\u021bi-v\u0103 \u0219i mai mult de c\u0103l\u0103torii cu accesoriile premium pentru Thule Motion 3, cum ar fi gen\u021bi, c\u0103ptu\u0219eli \u0219i solu\u021bii de iluminare.<\/p>\n<h3>Particularit\u0103\u021bi<\/h3>\n<ul>\n<li>Profilul \u00een form\u0103 de arip\u0103 cu nasul aerodinamic, \u00eenclinat \u00een fa\u021b\u0103 al cutiei reduce rezisten\u021ba aerului \u0219i consumul de combustibil<\/li>\n<li>Designul robust al capacului \u0219i m\u00e2nerul lat faciliteaz\u0103 deschiderea \u0219i \u00eenchiderea cutiei cu o singur\u0103 m\u00e2n\u0103<\/li>\n<li>Accesoriile disponibile includ o lumin\u0103 pentru cutie, o balama pentru acces u\u0219or la capac \u0219i o c\u0103ptu\u0219eal\u0103 de protec\u021bie pentru cutie<\/li>\n<li>Instalare u\u0219oar\u0103 cu sistemul de instalare rapid\u0103 PowerClick. Indicatorul de cuplu integrat face clic atunci c\u00e2nd sunt atinse valorile corecte, asigur\u00e2nd o fixare rapid\u0103 \u0219i ferm\u0103.<\/li>\n<li>Sistemul SlideLock cu func\u021bii separate de \u00eenchidere \u0219i blocare blocheaz\u0103 automat capacul \u00een pozi\u021bie, iar un indicator luminos \u00eencorporat indic\u0103 faptul c\u0103 cutia este bine \u00eenchis\u0103<\/li>\n<li>Disponibil \u00eentr-o gam\u0103 de dimensiuni, inclusiv noua dimensiune XL cu profil redus, pentru a se potrivi diferitelor vehicule \u0219i aplica\u021bii<\/li>\n<li>Acces liber la portbagaj cu risc minim de contact cu cutia datorit\u0103 pozi\u021bion\u0103rii frontale pe acoperi\u0219ul vehiculului<\/li>\n<\/ul>\n<h3>Caracteristici<\/h3>\n<ul>\n<li>Volum &#8212; 450 L<\/li>\n<li>Dimensiuni externe &#8212; 232 x 92 x 37 cm<\/li>\n<li>Dimensiuni interne &#8212; 220 x 77 x 33 cm<\/li>\n<li>\u00cen\u0103l\u021bime deasupra arcului transversal &#8212; 32 cm<\/li>\n<li>Capacitate de \u00eenc\u0103rcare &#8212; 75 kg<\/li>\n<li>Sistem de montare &#8212; PowerClick<\/li>\n<li>Greutate &#8212; 25 kg<\/li>\n<li>Sistem de \u00eenchidere &#8212; SlideLock<\/li>\n<li>\u00cencuietoare incluse &#8212; da<\/li>\n<li>Compatibil cu sistemul One Key<\/li>\n<li>Capacitate de \u00eenc\u0103rcare (perechi de schiuri) &#8212; 5-7<\/li>\n<li>Capacitate de \u00eenc\u0103rcare (pl\u0103ci de snowboard) &#8212; 3-5<\/li>\n<li>Lungimea maxim\u0103 a schiurilor &#8212; 215 cm<\/li>\n<li>Suport pentru schiuri &#8212; Adaptor necesar: Thule Box Ski Carrier Adapter 694-9<\/li>\n<li>Potrivit pentru Thule WingBar Evo &#8212; da<\/li>\n<li>Se potrive\u0219te pentru Thule WingBar Edge &#8212; da<\/li>\n<li>Se potrive\u0219te pentru Thule WingBar &#8212; da<\/li>\n<li>Se potrive\u0219te cu Thule SquareBar Evo &#8212; da<\/li>\n<li>Se potrive\u0219te cu Thule SlideBar &#8212; Adaptor necesar: Thule T-track Adapter 697-6<\/li>\n<li>Se potrive\u0219te Thule ProBar Evo &#8212; Necesit\u0103 adaptor Thule T-track 697-6<\/li>\n<\/ul>\n<h3>Marca<\/h3>\n<p>THULE este o companie interna\u021bional\u0103 de top, recunoscut\u0103 la nivel mondial ca produc\u0103tor de top de sisteme de bagaje \u0219i cutii auto. THULE produce produse premium care sunt renumite pentru calitatea lor de neegalat, siguran\u021b\u0103, u\u0219urin\u021b\u0103 \u00een utilizare \u0219i design elegant. Produsele THULE sunt potrivite pentru persoanele care prefer\u0103 activit\u0103\u021bile \u00een aer liber, sunt pasionate de sport, c\u0103l\u0103toresc mult \u0219i apreciaz\u0103 solu\u021biile bine g\u00e2ndite.<\/p>\n<p><\/p>","protected":false},"excerpt":{"rendered":"","protected":false},"featured_media":86788,"comment_status":"open","ping_status":"closed","template":"","meta":{"_acf_changed":false,"inline_featured_image":false},"product_brand":[1269],"product_cat":[614],"product_tag":[],"class_list":{"0":"post-86717","1":"product","2":"type-product","3":"status-publish","4":"has-post-thumbnail","6":"product_brand-thule","7":"product_cat-motion","9":"first","10":"instock","11":"shipping-taxable","12":"purchasable","13":"product-type-simple"},"acf":[],"yoast_head":"<!-- This site is optimized with the Yoast SEO plugin v27.4 - https:\/\/yoast.com\/product\/yoast-seo-wordpress\/ -->\n<title>\u0411\u0430\u0433\u0430\u0436\u043d\u0438\u043a \u043d\u0430 \u043a\u0440\u044b\u0448\u0443 Thule Motion 3 XXL Low black glossy - \u041c\u0430\u0433\u0430\u0437\u0438\u043d Xstyle<\/title>\n<meta name=\"description\" content=\"\u0411\u043e\u043a\u0441 Thule Motion 3 XXL Low \u0447\u0435\u0440\u043d\u044b\u0439 \u0433\u043b\u044f\u043d\u0446\u0435\u0432\u044b\u0439 \u043f\u0440\u0435\u0434\u043b\u0430\u0433\u0430\u0435\u0442 \u0438\u0434\u0435\u0430\u043b\u044c\u043d\u043e\u0435 \u0440\u0435\u0448\u0435\u043d\u0438\u0435 \u0434\u043b\u044f \u043f\u0435\u0440\u0435\u0432\u043e\u0437\u043a\u0438 \u0432\u0430\u0448\u0435\u0433\u043e \u0431\u0430\u0433\u0430\u0436\u0430. \u0423\u0434\u043e\u0431\u0441\u0442\u0432\u043e, \u0441\u0442\u0438\u043b\u044c \u0438 \u043d\u0430\u0434\u0435\u0436\u043d\u043e\u0441\u0442\u044c \u0432 \u043e\u0434\u043d\u043e\u043c!\" \/>\n<meta name=\"robots\" content=\"index, follow, max-snippet:-1, max-image-preview:large, max-video-preview:-1\" \/>\n<link rel=\"canonical\" href=\"https:\/\/xstyle.md\/ro\/produs\/boks-thule-motion-3-xxl-low-black-glossy\/\" \/>\n<meta property=\"og:locale\" content=\"ro_RO\" \/>\n<meta property=\"og:type\" content=\"article\" \/>\n<meta property=\"og:title\" content=\"\u0411\u0430\u0433\u0430\u0436\u043d\u0438\u043a \u043d\u0430 \u043a\u0440\u044b\u0448\u0443 Thule Motion 3 XXL Low black glossy - \u041c\u0430\u0433\u0430\u0437\u0438\u043d Xstyle\" \/>\n<meta property=\"og:description\" content=\"\u0411\u043e\u043a\u0441 Thule Motion 3 XXL Low \u0447\u0435\u0440\u043d\u044b\u0439 \u0433\u043b\u044f\u043d\u0446\u0435\u0432\u044b\u0439 \u043f\u0440\u0435\u0434\u043b\u0430\u0433\u0430\u0435\u0442 \u0438\u0434\u0435\u0430\u043b\u044c\u043d\u043e\u0435 \u0440\u0435\u0448\u0435\u043d\u0438\u0435 \u0434\u043b\u044f \u043f\u0435\u0440\u0435\u0432\u043e\u0437\u043a\u0438 \u0432\u0430\u0448\u0435\u0433\u043e \u0431\u0430\u0433\u0430\u0436\u0430. \u0423\u0434\u043e\u0431\u0441\u0442\u0432\u043e, \u0441\u0442\u0438\u043b\u044c \u0438 \u043d\u0430\u0434\u0435\u0436\u043d\u043e\u0441\u0442\u044c \u0432 \u043e\u0434\u043d\u043e\u043c!\" \/>\n<meta property=\"og:url\" content=\"https:\/\/xstyle.md\/ro\/produs\/boks-thule-motion-3-xxl-low-black-glossy\/\" \/>\n<meta property=\"og:site_name\" content=\"\u041c\u0430\u0433\u0430\u0437\u0438\u043d Xstyle\" \/>\n<meta property=\"article:publisher\" content=\"https:\/\/www.facebook.com\/xstylemd\" \/>\n<meta property=\"article:modified_time\" content=\"2026-03-04T09:36:44+00:00\" \/>\n<meta property=\"og:image\" content=\"https:\/\/xstyle.md\/wp-content\/uploads\/2024\/08\/thule-motion-3-xxl-low-black-glossy.jpg\" \/>\n\t<meta property=\"og:image:width\" content=\"500\" \/>\n\t<meta property=\"og:image:height\" content=\"500\" \/>\n\t<meta property=\"og:image:type\" content=\"image\/jpeg\" \/>\n<meta name=\"twitter:card\" content=\"summary_large_image\" \/>\n<meta name=\"twitter:label1\" content=\"Pre\u021b\" \/>\n\t<meta name=\"twitter:data1\" content=\"21.000&nbsp;MDL\" \/>\n\t<meta name=\"twitter:label2\" content=\"Disponibilitate\" \/>\n\t<meta name=\"twitter:data2\" content=\"\u00cen stoc\" \/>\n<script type=\"application\/ld+json\" class=\"yoast-schema-graph\">{\"@context\":\"https:\\\/\\\/schema.org\",\"@graph\":[{\"@type\":\"WebPage\",\"@id\":\"https:\\\/\\\/xstyle.md\\\/product\\\/boks-thule-motion-3-xxl-low-black-glossy\\\/\",\"url\":\"https:\\\/\\\/xstyle.md\\\/product\\\/boks-thule-motion-3-xxl-low-black-glossy\\\/\",\"name\":\"\u0411\u0430\u0433\u0430\u0436\u043d\u0438\u043a \u043d\u0430 \u043a\u0440\u044b\u0448\u0443 Thule Motion 3 XXL Low black glossy - \u041c\u0430\u0433\u0430\u0437\u0438\u043d Xstyle\",\"isPartOf\":{\"@id\":\"https:\\\/\\\/xstyle.md\\\/#website\"},\"primaryImageOfPage\":{\"@id\":\"https:\\\/\\\/xstyle.md\\\/product\\\/boks-thule-motion-3-xxl-low-black-glossy\\\/#primaryimage\"},\"image\":{\"@id\":\"https:\\\/\\\/xstyle.md\\\/product\\\/boks-thule-motion-3-xxl-low-black-glossy\\\/#primaryimage\"},\"thumbnailUrl\":\"https:\\\/\\\/xstyle.md\\\/wp-content\\\/uploads\\\/2024\\\/08\\\/thule-motion-3-xxl-low-black-glossy.jpg\",\"datePublished\":\"2024-08-07T15:11:12+00:00\",\"dateModified\":\"2026-03-04T09:36:44+00:00\",\"description\":\"\u0411\u043e\u043a\u0441 Thule Motion 3 XXL Low \u0447\u0435\u0440\u043d\u044b\u0439 \u0433\u043b\u044f\u043d\u0446\u0435\u0432\u044b\u0439 \u043f\u0440\u0435\u0434\u043b\u0430\u0433\u0430\u0435\u0442 \u0438\u0434\u0435\u0430\u043b\u044c\u043d\u043e\u0435 \u0440\u0435\u0448\u0435\u043d\u0438\u0435 \u0434\u043b\u044f \u043f\u0435\u0440\u0435\u0432\u043e\u0437\u043a\u0438 \u0432\u0430\u0448\u0435\u0433\u043e \u0431\u0430\u0433\u0430\u0436\u0430. \u0423\u0434\u043e\u0431\u0441\u0442\u0432\u043e, \u0441\u0442\u0438\u043b\u044c \u0438 \u043d\u0430\u0434\u0435\u0436\u043d\u043e\u0441\u0442\u044c \u0432 \u043e\u0434\u043d\u043e\u043c!\",\"breadcrumb\":{\"@id\":\"https:\\\/\\\/xstyle.md\\\/product\\\/boks-thule-motion-3-xxl-low-black-glossy\\\/#breadcrumb\"},\"inLanguage\":\"ro-RO\",\"potentialAction\":[{\"@type\":\"ReadAction\",\"target\":[\"https:\\\/\\\/xstyle.md\\\/product\\\/boks-thule-motion-3-xxl-low-black-glossy\\\/\"]}]},{\"@type\":\"ImageObject\",\"inLanguage\":\"ro-RO\",\"@id\":\"https:\\\/\\\/xstyle.md\\\/product\\\/boks-thule-motion-3-xxl-low-black-glossy\\\/#primaryimage\",\"url\":\"https:\\\/\\\/xstyle.md\\\/wp-content\\\/uploads\\\/2024\\\/08\\\/thule-motion-3-xxl-low-black-glossy.jpg\",\"contentUrl\":\"https:\\\/\\\/xstyle.md\\\/wp-content\\\/uploads\\\/2024\\\/08\\\/thule-motion-3-xxl-low-black-glossy.jpg\",\"width\":500,\"height\":500,\"caption\":\"\u0412\u0435\u0440\u0445\u043d\u044f\u044f \u0447\u0430\u0441\u0442\u044c \u0431\u0430\u0433\u0430\u0436\u043d\u0438\u043a\u0430 \u043d\u0430 \u043a\u0440\u044b\u0448\u0443 Thule Motion 3 XXL Low \u0447\u0435\u0440\u043d\u044b\u0439 \u0433\u043b\u044f\u043d\u0446\u0435\u0432\u044b\u0439 \u0434\u043b\u044f \u0430\u043a\u0442\u0438\u0432\u043d\u043e\u0439 \u0436\u0438\u0437\u043d\u0438, \u043f\u0443\u0442\u0435\u0448\u0435\u0441\u0442\u0432\u0438\u0439, \u0445\u0430\u0439\u043a\u0438\u043d\u0433\u0430 \u0438 \u0430\u043b\u044c\u043f\u0438\u043d\u0438\u0437\u043c\u0430, \u043e\u0431\u0443\u0432\u044c \u0438 \u043e\u0434\u0435\u0436\u0434\u0430 \u0434\u043b\u044f \u0442\u0443\u0440\u0438\u0437\u043c\u0430 \u0432 \u043e\u043d\u043b\u0430\u0439\u043d-\u043c\u0430\u0433\u0430\u0437\u0438\u043d\u0435\"},{\"@type\":\"BreadcrumbList\",\"@id\":\"https:\\\/\\\/xstyle.md\\\/product\\\/boks-thule-motion-3-xxl-low-black-glossy\\\/#breadcrumb\",\"itemListElement\":[{\"@type\":\"ListItem\",\"position\":1,\"name\":\"\u0413\u043b\u0430\u0432\u043d\u0430\u044f \u0441\u0442\u0440\u0430\u043d\u0438\u0446\u0430\",\"item\":\"https:\\\/\\\/xstyle.md\\\/\"},{\"@type\":\"ListItem\",\"position\":2,\"name\":\"\u041c\u0430\u0433\u0430\u0437\u0438\u043d\",\"item\":\"https:\\\/\\\/xstyle.md\\\/shop\\\/\"},{\"@type\":\"ListItem\",\"position\":3,\"name\":\"\u0411\u0430\u0433\u0430\u0436\u043d\u0438\u043a \u043d\u0430 \u043a\u0440\u044b\u0448\u0443 Thule Motion 3 XXL Low black glossy\"}]},{\"@type\":\"WebSite\",\"@id\":\"https:\\\/\\\/xstyle.md\\\/#website\",\"url\":\"https:\\\/\\\/xstyle.md\\\/\",\"name\":\"\u041c\u0430\u0433\u0430\u0437\u0438\u043d Xstyle\",\"description\":\"C\u043d\u0430\u0440\u044f\u0436\u0435\u043d\u0438\u0435 \u0434\u043b\u044f \u0442\u0443\u0440\u0438\u0437\u043c\u0430 \u0438 \u044d\u043a\u0441\u0442\u0440\u0435\u043c\u0430\u043b\u044c\u043d\u044b\u0445 \u0432\u0438\u0434\u043e\u0432 \u0441\u043f\u043e\u0440\u0442\u0430 \u0432 \u041c\u043e\u043b\u0434\u043e\u0432\u0435.. \u0426\u0435\u043d\u044b, \u0444\u043e\u0442\u043e, \u0445\u0430\u0440\u0430\u043a\u0442\u0435\u0440\u0438\u0441\u0442\u0438\u043a\u0438 \u0432 \u041c\u043e\u043b\u0434\u043e\u0432\u0435.\",\"publisher\":{\"@id\":\"https:\\\/\\\/xstyle.md\\\/#organization\"},\"alternateName\":\"X-Style\",\"potentialAction\":[{\"@type\":\"SearchAction\",\"target\":{\"@type\":\"EntryPoint\",\"urlTemplate\":\"https:\\\/\\\/xstyle.md\\\/?s={search_term_string}\"},\"query-input\":{\"@type\":\"PropertyValueSpecification\",\"valueRequired\":true,\"valueName\":\"search_term_string\"}}],\"inLanguage\":\"ro-RO\"},{\"@type\":\"Organization\",\"@id\":\"https:\\\/\\\/xstyle.md\\\/#organization\",\"name\":\"\u041c\u0430\u0433\u0430\u0437\u0438\u043d Xstyle\",\"alternateName\":\"x-style\",\"url\":\"https:\\\/\\\/xstyle.md\\\/\",\"logo\":{\"@type\":\"ImageObject\",\"inLanguage\":\"ro-RO\",\"@id\":\"https:\\\/\\\/xstyle.md\\\/#\\\/schema\\\/logo\\\/image\\\/\",\"url\":\"https:\\\/\\\/xstyle.md\\\/wp-content\\\/uploads\\\/2020\\\/06\\\/logoicon.svg\",\"contentUrl\":\"https:\\\/\\\/xstyle.md\\\/wp-content\\\/uploads\\\/2020\\\/06\\\/logoicon.svg\",\"caption\":\"\u041c\u0430\u0433\u0430\u0437\u0438\u043d Xstyle\"},\"image\":{\"@id\":\"https:\\\/\\\/xstyle.md\\\/#\\\/schema\\\/logo\\\/image\\\/\"},\"sameAs\":[\"https:\\\/\\\/www.facebook.com\\\/xstylemd\",\"https:\\\/\\\/www.instagram.com\\\/xstyle_md\\\/\",\"https:\\\/\\\/t.me\\\/xstyle_outdoor\"],\"hasMerchantReturnPolicy\":{\"@type\":\"MerchantReturnPolicy\",\"merchantReturnLink\":\"https:\\\/\\\/xstyle.md\\\/ro\\\/conditions\\\/\"}}]}<\/script>\n<meta property=\"product:price:amount\" content=\"21000.00\" \/>\n<meta property=\"product:price:currency\" content=\"MDL\" \/>\n<meta property=\"og:availability\" content=\"instock\" \/>\n<meta property=\"product:availability\" content=\"instock\" \/>\n<meta property=\"product:retailer_item_id\" content=\"639500\" \/>\n<meta property=\"product:condition\" content=\"new\" \/>\n<!-- \/ Yoast SEO plugin. -->","yoast_head_json":{"title":"\u0411\u0430\u0433\u0430\u0436\u043d\u0438\u043a \u043d\u0430 \u043a\u0440\u044b\u0448\u0443 Thule Motion 3 XXL Low black glossy - \u041c\u0430\u0433\u0430\u0437\u0438\u043d Xstyle","description":"Cutia Thule Motion 3 XXL Low negru lucios ofer\u0103 solu\u021bia perfect\u0103 pentru transportul bagajului dumneavoastr\u0103. Confort, stil \u0219i fiabilitate \u00eentr-un singur produs!","robots":{"index":"index","follow":"follow","max-snippet":"max-snippet:-1","max-image-preview":"max-image-preview:large","max-video-preview":"max-video-preview:-1"},"canonical":"https:\/\/xstyle.md\/ro\/produs\/boks-thule-motion-3-xxl-low-black-glossy\/","og_locale":"ro_RO","og_type":"article","og_title":"\u0411\u0430\u0433\u0430\u0436\u043d\u0438\u043a \u043d\u0430 \u043a\u0440\u044b\u0448\u0443 Thule Motion 3 XXL Low black glossy - \u041c\u0430\u0433\u0430\u0437\u0438\u043d Xstyle","og_description":"\u0411\u043e\u043a\u0441 Thule Motion 3 XXL Low \u0447\u0435\u0440\u043d\u044b\u0439 \u0433\u043b\u044f\u043d\u0446\u0435\u0432\u044b\u0439 \u043f\u0440\u0435\u0434\u043b\u0430\u0433\u0430\u0435\u0442 \u0438\u0434\u0435\u0430\u043b\u044c\u043d\u043e\u0435 \u0440\u0435\u0448\u0435\u043d\u0438\u0435 \u0434\u043b\u044f \u043f\u0435\u0440\u0435\u0432\u043e\u0437\u043a\u0438 \u0432\u0430\u0448\u0435\u0433\u043e \u0431\u0430\u0433\u0430\u0436\u0430. \u0423\u0434\u043e\u0431\u0441\u0442\u0432\u043e, \u0441\u0442\u0438\u043b\u044c \u0438 \u043d\u0430\u0434\u0435\u0436\u043d\u043e\u0441\u0442\u044c \u0432 \u043e\u0434\u043d\u043e\u043c!","og_url":"https:\/\/xstyle.md\/ro\/produs\/boks-thule-motion-3-xxl-low-black-glossy\/","og_site_name":"\u041c\u0430\u0433\u0430\u0437\u0438\u043d Xstyle","article_publisher":"https:\/\/www.facebook.com\/xstylemd","article_modified_time":"2026-03-04T09:36:44+00:00","og_image":[{"width":500,"height":500,"url":"https:\/\/xstyle.md\/wp-content\/uploads\/2024\/08\/thule-motion-3-xxl-low-black-glossy.jpg","type":"image\/jpeg"}],"twitter_card":"summary_large_image","twitter_misc":{"Pre\u021b":"21.000&nbsp;MDL","Disponibilitate":"\u00cen stoc"},"schema":{"@context":"https:\/\/schema.org","@graph":[{"@type":"WebPage","@id":"https:\/\/xstyle.md\/product\/boks-thule-motion-3-xxl-low-black-glossy\/","url":"https:\/\/xstyle.md\/product\/boks-thule-motion-3-xxl-low-black-glossy\/","name":"\u0411\u0430\u0433\u0430\u0436\u043d\u0438\u043a \u043d\u0430 \u043a\u0440\u044b\u0448\u0443 Thule Motion 3 XXL Low black glossy - \u041c\u0430\u0433\u0430\u0437\u0438\u043d Xstyle","isPartOf":{"@id":"https:\/\/xstyle.md\/#website"},"primaryImageOfPage":{"@id":"https:\/\/xstyle.md\/product\/boks-thule-motion-3-xxl-low-black-glossy\/#primaryimage"},"image":{"@id":"https:\/\/xstyle.md\/product\/boks-thule-motion-3-xxl-low-black-glossy\/#primaryimage"},"thumbnailUrl":"https:\/\/xstyle.md\/wp-content\/uploads\/2024\/08\/thule-motion-3-xxl-low-black-glossy.jpg","datePublished":"2024-08-07T15:11:12+00:00","dateModified":"2026-03-04T09:36:44+00:00","description":"Cutia Thule Motion 3 XXL Low negru lucios ofer\u0103 solu\u021bia perfect\u0103 pentru transportul bagajului dumneavoastr\u0103. Confort, stil \u0219i fiabilitate \u00eentr-un singur produs!","breadcrumb":{"@id":"https:\/\/xstyle.md\/product\/boks-thule-motion-3-xxl-low-black-glossy\/#breadcrumb"},"inLanguage":"ro-RO","potentialAction":[{"@type":"ReadAction","target":["https:\/\/xstyle.md\/product\/boks-thule-motion-3-xxl-low-black-glossy\/"]}]},{"@type":"ImageObject","inLanguage":"ro-RO","@id":"https:\/\/xstyle.md\/product\/boks-thule-motion-3-xxl-low-black-glossy\/#primaryimage","url":"https:\/\/xstyle.md\/wp-content\/uploads\/2024\/08\/thule-motion-3-xxl-low-black-glossy.jpg","contentUrl":"https:\/\/xstyle.md\/wp-content\/uploads\/2024\/08\/thule-motion-3-xxl-low-black-glossy.jpg","width":500,"height":500,"caption":"\u0412\u0435\u0440\u0445\u043d\u044f\u044f \u0447\u0430\u0441\u0442\u044c \u0431\u0430\u0433\u0430\u0436\u043d\u0438\u043a\u0430 \u043d\u0430 \u043a\u0440\u044b\u0448\u0443 Thule Motion 3 XXL Low \u0447\u0435\u0440\u043d\u044b\u0439 \u0433\u043b\u044f\u043d\u0446\u0435\u0432\u044b\u0439 \u0434\u043b\u044f \u0430\u043a\u0442\u0438\u0432\u043d\u043e\u0439 \u0436\u0438\u0437\u043d\u0438, \u043f\u0443\u0442\u0435\u0448\u0435\u0441\u0442\u0432\u0438\u0439, \u0445\u0430\u0439\u043a\u0438\u043d\u0433\u0430 \u0438 \u0430\u043b\u044c\u043f\u0438\u043d\u0438\u0437\u043c\u0430, \u043e\u0431\u0443\u0432\u044c \u0438 \u043e\u0434\u0435\u0436\u0434\u0430 \u0434\u043b\u044f \u0442\u0443\u0440\u0438\u0437\u043c\u0430 \u0432 \u043e\u043d\u043b\u0430\u0439\u043d-\u043c\u0430\u0433\u0430\u0437\u0438\u043d\u0435"},{"@type":"BreadcrumbList","@id":"https:\/\/xstyle.md\/product\/boks-thule-motion-3-xxl-low-black-glossy\/#breadcrumb","itemListElement":[{"@type":"ListItem","position":1,"name":"\u0413\u043b\u0430\u0432\u043d\u0430\u044f \u0441\u0442\u0440\u0430\u043d\u0438\u0446\u0430","item":"https:\/\/xstyle.md\/"},{"@type":"ListItem","position":2,"name":"\u041c\u0430\u0433\u0430\u0437\u0438\u043d","item":"https:\/\/xstyle.md\/shop\/"},{"@type":"ListItem","position":3,"name":"\u0411\u0430\u0433\u0430\u0436\u043d\u0438\u043a \u043d\u0430 \u043a\u0440\u044b\u0448\u0443 Thule Motion 3 XXL Low black glossy"}]},{"@type":"WebSite","@id":"https:\/\/xstyle.md\/#website","url":"https:\/\/xstyle.md\/","name":"Magazinul X-Style","description":"Echipamente pentru turism \u0219i sporturi extreme \u00een Moldova. Pre\u021buri, fotografii, caracteristici \u00een Moldova.","publisher":{"@id":"https:\/\/xstyle.md\/#organization"},"alternateName":"X-Style","potentialAction":[{"@type":"SearchAction","target":{"@type":"EntryPoint","urlTemplate":"https:\/\/xstyle.md\/?s={search_term_string}"},"query-input":{"@type":"PropertyValueSpecification","valueRequired":true,"valueName":"search_term_string"}}],"inLanguage":"ro-RO"},{"@type":"Organization","@id":"https:\/\/xstyle.md\/#organization","name":"Magazinul X-Style","alternateName":"x-style","url":"https:\/\/xstyle.md\/","logo":{"@type":"ImageObject","inLanguage":"ro-RO","@id":"https:\/\/xstyle.md\/#\/schema\/logo\/image\/","url":"https:\/\/xstyle.md\/wp-content\/uploads\/2020\/06\/logoicon.svg","contentUrl":"https:\/\/xstyle.md\/wp-content\/uploads\/2020\/06\/logoicon.svg","caption":"\u041c\u0430\u0433\u0430\u0437\u0438\u043d Xstyle"},"image":{"@id":"https:\/\/xstyle.md\/#\/schema\/logo\/image\/"},"sameAs":["https:\/\/www.facebook.com\/xstylemd","https:\/\/www.instagram.com\/xstyle_md\/","https:\/\/t.me\/xstyle_outdoor"],"hasMerchantReturnPolicy":{"@type":"MerchantReturnPolicy","merchantReturnLink":"https:\/\/xstyle.md\/ro\/conditions\/"}}]},"product_price_amount":"21000.00","product_price_currency":"MDL","og_availability":"instock","product_availability":"instock","product_retailer_item_id":"639500","product_condition":"new"},"_links":{"self":[{"href":"https:\/\/xstyle.md\/ro\/wp-json\/wp\/v2\/product\/86717","targetHints":{"allow":["GET"]}}],"collection":[{"href":"https:\/\/xstyle.md\/ro\/wp-json\/wp\/v2\/product"}],"about":[{"href":"https:\/\/xstyle.md\/ro\/wp-json\/wp\/v2\/types\/product"}],"replies":[{"embeddable":true,"href":"https:\/\/xstyle.md\/ro\/wp-json\/wp\/v2\/comments?post=86717"}],"wp:featuredmedia":[{"embeddable":true,"href":"https:\/\/xstyle.md\/ro\/wp-json\/wp\/v2\/media\/86788"}],"wp:attachment":[{"href":"https:\/\/xstyle.md\/ro\/wp-json\/wp\/v2\/media?parent=86717"}],"wp:term":[{"taxonomy":"product_brand","embeddable":true,"href":"https:\/\/xstyle.md\/ro\/wp-json\/wp\/v2\/product_brand?post=86717"},{"taxonomy":"product_cat","embeddable":true,"href":"https:\/\/xstyle.md\/ro\/wp-json\/wp\/v2\/product_cat?post=86717"},{"taxonomy":"product_tag","embeddable":true,"href":"https:\/\/xstyle.md\/ro\/wp-json\/wp\/v2\/product_tag?post=86717"}],"curies":[{"name":"wp","href":"https:\/\/api.w.org\/{rel}","templated":true}]}}