{"id":86692,"date":"2024-08-07T18:11:06","date_gmt":"2024-08-07T15:11:06","guid":{"rendered":"https:\/\/xstyle.md\/?post_type=product&#038;p=86692"},"modified":"2026-03-31T14:35:09","modified_gmt":"2026-03-31T11:35:09","slug":"nabor-toporov-bison-universal-axe-1879-1250-g-700-mm-hicory-centura-wandhalter-2er-set","status":"publish","type":"product","link":"https:\/\/xstyle.md\/ro\/produs\/nabor-toporov-bison-universal-axe-1879-1250-g-700-mm-hicory-centura-wandhalter-2er-set\/","title":{"rendered":"Topor Bison Universal Axe 1879 1250 g \/ 700 mm Hicory + Centura Wandhalter 2er-Set"},"content":{"rendered":"<\/p>\n<p><strong>Bison Universal Axe 1879 1250 g \/ 700 mm Hicory + Centura Wandhalter 2er-Set<\/strong> &#8212; este un instrument clasic, forjat manual, care \u00eembin\u0103 tradi\u021bia calit\u0103\u021bii germane cu ergonomia modern\u0103. Acest model, cu o greutate a capului de 1250 g \u0219i o lungime de 700 mm, este perfect echilibrat pentru diverse sarcini: de la dobor\u00e2rea arborilor mici \u0219i cur\u0103\u021barea crengilor, p\u00e2n\u0103 la despicarea lemnelor de foc. Toporul este dotat cu un m\u00e2ner de \u00eenalt\u0103 calitate din hickory american \u0219i include un set de suporturi de perete Wandhalter pentru o depozitare practic\u0103<\/p>\n<h3>Particularit\u0103\u021bi<\/h3>\n<ul>\n<li>Lam\u0103 polizat\u0103 cu strat anticoroziv \u0219i form\u0103 clasic\u0103 a capului de t\u0103iere<\/li>\n<li>Capul toporului este fixat pe m\u00e2ner cu o pan\u0103 de lemn \u0219i un inel de o\u021bel pentru siguran\u021b\u0103 maxim\u0103 \u00een utilizare<\/li>\n<li>Include un set de dou\u0103 suporturi de perete pentru o depozitare estetic\u0103 \u0219i sigur\u0103 \u00een atelier sau garaj<\/li>\n<li>Vine echipat cu o protec\u021bie pentru lam\u0103 fabricat\u0103 din piele natural\u0103<\/li>\n<\/ul>\n<h3>Caracteristici<\/h3>\n<ul>\n<li>Greutate cap &#8212; 1250 g<\/li>\n<li>Greutate total\u0103 &#8212; 1900 g<\/li>\n<li>Lungime m\u00e2ner &#8212; 700 mm<\/li>\n<li>Material m\u00e2ner &#8212; Hickory american<\/li>\n<li>Con\u021binut pachet &#8212; topor, protec\u021bie din piele, set suporturi de perete (2 buc)<\/li>\n<\/ul>\n<h3>Tehnologii<\/h3>\n<ul>\n<li><strong>Hand-Forged Quality<\/strong> &#8212; lama este forjat\u0103 manual \u00een Germania din o\u021bel de scule de \u00eenalt\u0103 calitate, clasa A (DIN 7287).<\/li>\n<li><strong>Hardened Edge<\/strong> &#8212; c\u0103lirea special\u0103 a t\u0103i\u0219ului asigur\u0103 o men\u021binere \u00eendelungat\u0103 a ascu\u021bimii \u0219i rezisten\u021b\u0103 la ciobire.<\/li>\n<li><strong>Hickory Handle<\/strong> &#8212; m\u00e2nerul din lemn de hickory ofer\u0103 o rezisten\u021b\u0103 unic\u0103 \u0219i capacitatea de a absorbi \u0219ocurile, reduc\u00e2nd oboseala \u00eencheieturilor.<\/li>\n<\/ul>\n<p><\/p>\n<h3>Marca<\/h3>\n<p>Black Diamond \u2014 este un produc\u0103tor american de echipamente sportive \u0219i outdoor de \u00eenalt\u0103 tehnologie, un dezvoltator legendar \u0219i \u201erevolu\u021bionar\u201d, unul dintre cele mai cunoscute m\u0103rci care exist\u0103 ast\u0103zi pe pia\u021ba global\u0103 de outdoor. Produsele companiei sunt larg reprezentate \u00een domenii precum alpinism \u0219i schi. \u00abFier\u00bb \u0219i carabine, echipamente pentru ghea\u021b\u0103, sisteme de siguran\u021b\u0103, c\u0103\u0219ti, rucsacuri, corturi, felinare, st\u00e2lpi telescopici, schiuri, bocanci, \u00eembr\u0103c\u0103minte \u2014 toate acestea au fost produse pentru multe decenii sub sigla Black Diamond, care \u00eentruchipeaz\u0103 tehnologia avansat\u0103 \u0219i este un garant de cea mai \u00eenalt\u0103 calitate, fiabilitate maxim\u0103 \u0219i confort \u00een utilizare.<\/p>","protected":false},"excerpt":{"rendered":"<p>\u0411\u0440\u0435\u043d\u0434 Black Diamond \u2013 \u0430\u043c\u0435\u0440\u0438\u043a\u0430\u043d\u0441\u043a\u0438\u0439 \u043f\u0440\u043e\u0438\u0437\u0432\u043e\u0434\u0438\u0442\u0435\u043b\u044c \u0432\u044b\u0441\u043e\u043a\u043e\u0442\u0435\u0445\u043d\u043e\u043b\u043e\u0433\u0438\u0447\u043d\u043e\u0433\u043e \u0441\u043f\u043e\u0440\u0442\u0438\u0432\u043d\u043e-\u0442\u0443\u0440\u0438\u0441\u0442\u0438\u0447\u0435\u0441\u043a\u043e\u0433\u043e \u0441\u043d\u0430\u0440\u044f\u0436\u0435\u043d\u0438\u044f, \u043b\u0435\u0433\u0435\u043d\u0434\u0430\u0440\u043d\u044b\u0439 \u0440\u0430\u0437\u0440\u0430\u0431\u043e\u0442\u0447\u0438\u043a \u0438 \u00ab\u0440\u0435\u0432\u043e\u043b\u044e\u0446\u0438\u043e\u043d\u0435\u0440\u00bb, \u043e\u0434\u0438\u043d \u0438\u0437 \u0441\u0430\u043c\u044b\u0445 \u0438\u0437\u0432\u0435\u0441\u0442\u043d\u044b\u0445 \u0438 \u0430\u0432\u0442\u043e\u0440\u0438\u0442\u0435\u0442\u043d\u044b\u0445 \u0431\u0440\u0435\u043d\u0434\u043e\u0432, \u0441\u0443\u0449\u0435\u0441\u0442\u0432\u0443\u044e\u0449\u0438\u0445 \u0441\u0435\u0433\u043e\u0434\u043d\u044f \u043d\u0430 \u043c\u0438\u0440\u043e\u0432\u043e\u043c outdoor-\u0440\u044b\u043d\u043a\u0435. \u041f\u0440\u043e\u0434\u0443\u043a\u0446\u0438\u0435\u0439 \u043a\u043e\u043c\u043f\u0430\u043d\u0438\u0438 \u0448\u0438\u0440\u043e\u043a\u043e \u043f\u0440\u0435\u0434\u0441\u0442\u0430\u0432\u043b\u0435\u043d\u044b \u0442\u0430\u043a\u0438\u0435 \u043d\u0430\u043f\u0440\u0430\u0432\u043b\u0435\u043d\u0438\u044f, \u043a\u0430\u043a \u0430\u043b\u044c\u043f\u0438\u043d\u0438\u0437\u043c, \u0441\u043a\u0430\u043b\u043e\u043b\u0430\u0437\u0430\u043d\u0438\u0435 \u0438 \u0433\u043e\u0440\u043d\u043e\u043b\u044b\u0436\u043d\u044b\u0439 \u0441\u043f\u043e\u0440\u0442.\u00ab\u0416\u0435\u043b\u0435\u0437\u043e\u00bb \u0438 \u043a\u0430\u0440\u0430\u0431\u0438\u043d\u044b, \u043b\u0435\u0434\u043e\u0432\u043e\u0435 \u0441\u043d\u0430\u0440\u044f\u0436\u0435\u043d\u0438\u0435, \u0441\u0442\u0440\u0430\u0445\u043e\u0432\u043e\u0447\u043d\u044b\u0435 \u0441\u0438\u0441\u0442\u0435\u043c\u044b, \u043a\u0430\u0441\u043a\u0438, \u0440\u044e\u043a\u0437\u0430\u043a\u0438, \u043f\u0430\u043b\u0430\u0442\u043a\u0438, \u0444\u043e\u043d\u0430\u0440\u0438, \u0442\u0435\u043b\u0435\u0441\u043a\u043e\u043f\u0438\u0447\u0435\u0441\u043a\u0438\u0435 \u043f\u0430\u043b\u043a\u0438, \u043b\u044b\u0436\u0438, \u0431\u043e\u0442\u0438\u043d\u043a\u0438, \u043e\u0434\u0435\u0436\u0434\u0430 \u2013 \u0432\u0441\u0435 \u044d\u0442\u043e [&hellip;]<\/p>\n","protected":false},"featured_media":104509,"comment_status":"open","ping_status":"closed","template":"","meta":{"_acf_changed":false,"inline_featured_image":false},"product_brand":[1428],"product_cat":[357],"product_tag":[],"class_list":{"0":"post-86692","1":"product","2":"type-product","3":"status-publish","4":"has-post-thumbnail","6":"product_brand-bison","7":"product_cat-instrumenti","9":"first","10":"instock","11":"shipping-taxable","12":"purchasable","13":"product-type-simple"},"acf":[],"yoast_head":"<!-- This site is optimized with the Yoast SEO plugin v27.2 - https:\/\/yoast.com\/product\/yoast-seo-wordpress\/ -->\n<title>\u041d\u0430\u0431\u043e\u0440 \u0442\u043e\u043f\u043e\u0440\u043e\u0432 Bison Universal Axe 1879 1250 g \/ 700 mm Hicory + Centura Wandhalter 2er-Set - \u041c\u0430\u0433\u0430\u0437\u0438\u043d Xstyle<\/title>\n<meta name=\"description\" content=\"\u041a\u0443\u043f\u0438\u0442\u044c \u043d\u0430\u0431\u043e\u0440 \u0442\u043e\u043f\u043e\u0440\u043e\u0432 Bison Universal Axe 1879 (1250 \u0433, 700 \u043c\u043c, \u0425\u0438\u043a\u043e\u0440\u0438) \u0441 \u0434\u0435\u0440\u0436\u0430\u0442\u0435\u043b\u0435\u043c Centura. \u0418\u0434\u0435\u0430\u043b\u044c\u043d\u043e \u0434\u043b\u044f \u043a\u0435\u043c\u043f\u0438\u043d\u0433\u0430 \u0438 \u0430\u043a\u0442\u0438\u0432\u043d\u043e\u0433\u043e \u043e\u0442\u0434\u044b\u0445\u0430.\" \/>\n<meta name=\"robots\" content=\"index, follow, max-snippet:-1, max-image-preview:large, max-video-preview:-1\" \/>\n<link rel=\"canonical\" href=\"https:\/\/xstyle.md\/ro\/produs\/nabor-toporov-bison-universal-axe-1879-1250-g-700-mm-hicory-centura-wandhalter-2er-set\/\" \/>\n<meta property=\"og:locale\" content=\"ro_RO\" \/>\n<meta property=\"og:type\" content=\"article\" \/>\n<meta property=\"og:title\" content=\"\u041d\u0430\u0431\u043e\u0440 \u0442\u043e\u043f\u043e\u0440\u043e\u0432 Bison Universal Axe 1879 1250 g \/ 700 mm Hicory + Centura Wandhalter 2er-Set - \u041c\u0430\u0433\u0430\u0437\u0438\u043d Xstyle\" \/>\n<meta property=\"og:description\" content=\"\u041a\u0443\u043f\u0438\u0442\u044c \u043d\u0430\u0431\u043e\u0440 \u0442\u043e\u043f\u043e\u0440\u043e\u0432 Bison Universal Axe 1879 (1250 \u0433, 700 \u043c\u043c, \u0425\u0438\u043a\u043e\u0440\u0438) \u0441 \u0434\u0435\u0440\u0436\u0430\u0442\u0435\u043b\u0435\u043c Centura. \u0418\u0434\u0435\u0430\u043b\u044c\u043d\u043e \u0434\u043b\u044f \u043a\u0435\u043c\u043f\u0438\u043d\u0433\u0430 \u0438 \u0430\u043a\u0442\u0438\u0432\u043d\u043e\u0433\u043e \u043e\u0442\u0434\u044b\u0445\u0430.\" \/>\n<meta property=\"og:url\" content=\"https:\/\/xstyle.md\/ro\/produs\/nabor-toporov-bison-universal-axe-1879-1250-g-700-mm-hicory-centura-wandhalter-2er-set\/\" \/>\n<meta property=\"og:site_name\" content=\"\u041c\u0430\u0433\u0430\u0437\u0438\u043d Xstyle\" \/>\n<meta property=\"article:publisher\" content=\"https:\/\/www.facebook.com\/xstylemd\" \/>\n<meta property=\"article:modified_time\" content=\"2026-03-31T11:35:09+00:00\" \/>\n<meta property=\"og:image\" content=\"https:\/\/xstyle.md\/wp-content\/uploads\/2024\/08\/bison-universal-axe-1879-1250-g-700-mm-hicory-centura-wandhalter-2er-set-2.webp\" \/>\n\t<meta property=\"og:image:width\" content=\"1200\" \/>\n\t<meta property=\"og:image:height\" content=\"1200\" \/>\n\t<meta property=\"og:image:type\" content=\"image\/webp\" \/>\n<meta name=\"twitter:card\" content=\"summary_large_image\" \/>\n<meta name=\"twitter:label1\" content=\"Pre\u021b\" \/>\n\t<meta name=\"twitter:data1\" content=\"2.585&nbsp;MDL\" \/>\n\t<meta name=\"twitter:label2\" content=\"Disponibilitate\" \/>\n\t<meta name=\"twitter:data2\" content=\"\u00cen stoc\" \/>\n<script type=\"application\/ld+json\" class=\"yoast-schema-graph\">{\"@context\":\"https:\/\/schema.org\",\"@graph\":[{\"@type\":\"WebPage\",\"@id\":\"https:\/\/xstyle.md\/product\/nabor-toporov-bison-universal-axe-1879-1250-g-700-mm-hicory-centura-wandhalter-2er-set\/\",\"url\":\"https:\/\/xstyle.md\/product\/nabor-toporov-bison-universal-axe-1879-1250-g-700-mm-hicory-centura-wandhalter-2er-set\/\",\"name\":\"\u041d\u0430\u0431\u043e\u0440 \u0442\u043e\u043f\u043e\u0440\u043e\u0432 Bison Universal Axe 1879 1250 g \/ 700 mm Hicory + Centura Wandhalter 2er-Set - \u041c\u0430\u0433\u0430\u0437\u0438\u043d Xstyle\",\"isPartOf\":{\"@id\":\"https:\/\/xstyle.md\/#website\"},\"primaryImageOfPage\":{\"@id\":\"https:\/\/xstyle.md\/product\/nabor-toporov-bison-universal-axe-1879-1250-g-700-mm-hicory-centura-wandhalter-2er-set\/#primaryimage\"},\"image\":{\"@id\":\"https:\/\/xstyle.md\/product\/nabor-toporov-bison-universal-axe-1879-1250-g-700-mm-hicory-centura-wandhalter-2er-set\/#primaryimage\"},\"thumbnailUrl\":\"https:\/\/xstyle.md\/wp-content\/uploads\/2024\/08\/bison-universal-axe-1879-1250-g-700-mm-hicory-centura-wandhalter-2er-set-2.webp\",\"datePublished\":\"2024-08-07T15:11:06+00:00\",\"dateModified\":\"2026-03-31T11:35:09+00:00\",\"description\":\"\u041a\u0443\u043f\u0438\u0442\u044c \u043d\u0430\u0431\u043e\u0440 \u0442\u043e\u043f\u043e\u0440\u043e\u0432 Bison Universal Axe 1879 (1250 \u0433, 700 \u043c\u043c, \u0425\u0438\u043a\u043e\u0440\u0438) \u0441 \u0434\u0435\u0440\u0436\u0430\u0442\u0435\u043b\u0435\u043c Centura. \u0418\u0434\u0435\u0430\u043b\u044c\u043d\u043e \u0434\u043b\u044f \u043a\u0435\u043c\u043f\u0438\u043d\u0433\u0430 \u0438 \u0430\u043a\u0442\u0438\u0432\u043d\u043e\u0433\u043e \u043e\u0442\u0434\u044b\u0445\u0430.\",\"breadcrumb\":{\"@id\":\"https:\/\/xstyle.md\/product\/nabor-toporov-bison-universal-axe-1879-1250-g-700-mm-hicory-centura-wandhalter-2er-set\/#breadcrumb\"},\"inLanguage\":\"ro-RO\",\"potentialAction\":[{\"@type\":\"ReadAction\",\"target\":[\"https:\/\/xstyle.md\/product\/nabor-toporov-bison-universal-axe-1879-1250-g-700-mm-hicory-centura-wandhalter-2er-set\/\"]}]},{\"@type\":\"ImageObject\",\"inLanguage\":\"ro-RO\",\"@id\":\"https:\/\/xstyle.md\/product\/nabor-toporov-bison-universal-axe-1879-1250-g-700-mm-hicory-centura-wandhalter-2er-set\/#primaryimage\",\"url\":\"https:\/\/xstyle.md\/wp-content\/uploads\/2024\/08\/bison-universal-axe-1879-1250-g-700-mm-hicory-centura-wandhalter-2er-set-2.webp\",\"contentUrl\":\"https:\/\/xstyle.md\/wp-content\/uploads\/2024\/08\/bison-universal-axe-1879-1250-g-700-mm-hicory-centura-wandhalter-2er-set-2.webp\",\"width\":1200,\"height\":1200,\"caption\":\"\u041d\u0430\u0431\u043e\u0440 \u0442\u043e\u043f\u043e\u0440\u043e\u0432 Bison Universal Axe 1879 1250 \u0433 \u0438 \u0434\u0435\u0440\u0436\u0430\u0442\u0435\u043b\u044c \u0434\u043b\u044f \u043d\u043e\u0436\u043e\u0432\u043a\u0438, \u0438\u0434\u0435\u0430\u043b\u044c\u043d\u043e \u0434\u043b\u044f \u0430\u043a\u0442\u0438\u0432\u043d\u043e\u0433\u043e \u043e\u0442\u0434\u044b\u0445\u0430, \u043f\u043e\u0445\u043e\u0434\u043e\u0432 \u0438 \u043f\u0443\u0442\u0435\u0448\u0435\u0441\u0442\u0432\u0438\u0439, \u044d\u043a\u0438\u043f\u0438\u0440\u043e\u0432\u043a\u0430 \u0434\u043b\u044f \u0430\u043b\u044c\u043f\u0438\u043d\u0438\u0437\u043c\u0430 \u0438 \u0442\u0443\u0440\u0438\u0437\u043c\u0430 \u0432 \u0438\u043d\u0442\u0435\u0440\u043d\u0435\u0442-\u043c\u0430\u0433\u0430\u0437\u0438\u043d\u0435 \u0442\u043e\u0432\u0430\u0440\u043e\u0432 \u0434\u043b\u044f \u0430\u043a\u0442\u0438\u0432\u043d\u043e\u0439 \u0436\u0438\u0437\u043d\u0438\"},{\"@type\":\"BreadcrumbList\",\"@id\":\"https:\/\/xstyle.md\/product\/nabor-toporov-bison-universal-axe-1879-1250-g-700-mm-hicory-centura-wandhalter-2er-set\/#breadcrumb\",\"itemListElement\":[{\"@type\":\"ListItem\",\"position\":1,\"name\":\"\u0413\u043b\u0430\u0432\u043d\u0430\u044f \u0441\u0442\u0440\u0430\u043d\u0438\u0446\u0430\",\"item\":\"https:\/\/xstyle.md\/\"},{\"@type\":\"ListItem\",\"position\":2,\"name\":\"\u041c\u0430\u0433\u0430\u0437\u0438\u043d\",\"item\":\"https:\/\/xstyle.md\/shop\/\"},{\"@type\":\"ListItem\",\"position\":3,\"name\":\"\u041d\u0430\u0431\u043e\u0440 \u0442\u043e\u043f\u043e\u0440\u043e\u0432 Bison Universal Axe 1879 1250 g \/ 700 mm Hicory + Centura Wandhalter 2er-Set\"}]},{\"@type\":\"WebSite\",\"@id\":\"https:\/\/xstyle.md\/#website\",\"url\":\"https:\/\/xstyle.md\/\",\"name\":\"\u041c\u0430\u0433\u0430\u0437\u0438\u043d Xstyle\",\"description\":\"C\u043d\u0430\u0440\u044f\u0436\u0435\u043d\u0438\u0435 \u0434\u043b\u044f \u0442\u0443\u0440\u0438\u0437\u043c\u0430 \u0438 \u044d\u043a\u0441\u0442\u0440\u0435\u043c\u0430\u043b\u044c\u043d\u044b\u0445 \u0432\u0438\u0434\u043e\u0432 \u0441\u043f\u043e\u0440\u0442\u0430 \u0432 \u041c\u043e\u043b\u0434\u043e\u0432\u0435.. \u0426\u0435\u043d\u044b, \u0444\u043e\u0442\u043e, \u0445\u0430\u0440\u0430\u043a\u0442\u0435\u0440\u0438\u0441\u0442\u0438\u043a\u0438 \u0432 \u041c\u043e\u043b\u0434\u043e\u0432\u0435.\",\"publisher\":{\"@id\":\"https:\/\/xstyle.md\/#organization\"},\"alternateName\":\"X-Style\",\"potentialAction\":[{\"@type\":\"SearchAction\",\"target\":{\"@type\":\"EntryPoint\",\"urlTemplate\":\"https:\/\/xstyle.md\/?s={search_term_string}\"},\"query-input\":{\"@type\":\"PropertyValueSpecification\",\"valueRequired\":true,\"valueName\":\"search_term_string\"}}],\"inLanguage\":\"ro-RO\"},{\"@type\":\"Organization\",\"@id\":\"https:\/\/xstyle.md\/#organization\",\"name\":\"\u041c\u0430\u0433\u0430\u0437\u0438\u043d Xstyle\",\"alternateName\":\"x-style\",\"url\":\"https:\/\/xstyle.md\/\",\"logo\":{\"@type\":\"ImageObject\",\"inLanguage\":\"ro-RO\",\"@id\":\"https:\/\/xstyle.md\/#\/schema\/logo\/image\/\",\"url\":\"https:\/\/xstyle.md\/wp-content\/uploads\/2020\/06\/logoicon.svg\",\"contentUrl\":\"https:\/\/xstyle.md\/wp-content\/uploads\/2020\/06\/logoicon.svg\",\"caption\":\"\u041c\u0430\u0433\u0430\u0437\u0438\u043d Xstyle\"},\"image\":{\"@id\":\"https:\/\/xstyle.md\/#\/schema\/logo\/image\/\"},\"sameAs\":[\"https:\/\/www.facebook.com\/xstylemd\",\"https:\/\/www.instagram.com\/xstyle_md\/\",\"https:\/\/t.me\/xstyle_outdoor\"],\"hasMerchantReturnPolicy\":{\"@type\":\"MerchantReturnPolicy\",\"merchantReturnLink\":\"https:\/\/xstyle.md\/ro\/conditions\/\"}}]}<\/script>\n<meta property=\"product:price:amount\" content=\"2585.00\" \/>\n<meta property=\"product:price:currency\" content=\"MDL\" \/>\n<meta property=\"og:availability\" content=\"instock\" \/>\n<meta property=\"product:availability\" content=\"instock\" \/>\n<meta property=\"product:retailer_item_id\" content=\"2000999770456\" \/>\n<meta property=\"product:condition\" content=\"new\" \/>\n<!-- \/ Yoast SEO plugin. -->","yoast_head_json":{"title":"\u041d\u0430\u0431\u043e\u0440 \u0442\u043e\u043f\u043e\u0440\u043e\u0432 Bison Universal Axe 1879 1250 g \/ 700 mm Hicory + Centura Wandhalter 2er-Set - \u041c\u0430\u0433\u0430\u0437\u0438\u043d Xstyle","description":"\u041a\u0443\u043f\u0438\u0442\u044c \u043d\u0430\u0431\u043e\u0440 \u0442\u043e\u043f\u043e\u0440\u043e\u0432 Bison Universal Axe 1879 (1250 \u0433, 700 \u043c\u043c, \u0425\u0438\u043a\u043e\u0440\u0438) \u0441 \u0434\u0435\u0440\u0436\u0430\u0442\u0435\u043b\u0435\u043c Centura. \u0418\u0434\u0435\u0430\u043b\u044c\u043d\u043e \u0434\u043b\u044f \u043a\u0435\u043c\u043f\u0438\u043d\u0433\u0430 \u0438 \u0430\u043a\u0442\u0438\u0432\u043d\u043e\u0433\u043e \u043e\u0442\u0434\u044b\u0445\u0430.","robots":{"index":"index","follow":"follow","max-snippet":"max-snippet:-1","max-image-preview":"max-image-preview:large","max-video-preview":"max-video-preview:-1"},"canonical":"https:\/\/xstyle.md\/ro\/produs\/nabor-toporov-bison-universal-axe-1879-1250-g-700-mm-hicory-centura-wandhalter-2er-set\/","og_locale":"ro_RO","og_type":"article","og_title":"\u041d\u0430\u0431\u043e\u0440 \u0442\u043e\u043f\u043e\u0440\u043e\u0432 Bison Universal Axe 1879 1250 g \/ 700 mm Hicory + Centura Wandhalter 2er-Set - \u041c\u0430\u0433\u0430\u0437\u0438\u043d Xstyle","og_description":"\u041a\u0443\u043f\u0438\u0442\u044c \u043d\u0430\u0431\u043e\u0440 \u0442\u043e\u043f\u043e\u0440\u043e\u0432 Bison Universal Axe 1879 (1250 \u0433, 700 \u043c\u043c, \u0425\u0438\u043a\u043e\u0440\u0438) \u0441 \u0434\u0435\u0440\u0436\u0430\u0442\u0435\u043b\u0435\u043c Centura. \u0418\u0434\u0435\u0430\u043b\u044c\u043d\u043e \u0434\u043b\u044f \u043a\u0435\u043c\u043f\u0438\u043d\u0433\u0430 \u0438 \u0430\u043a\u0442\u0438\u0432\u043d\u043e\u0433\u043e \u043e\u0442\u0434\u044b\u0445\u0430.","og_url":"https:\/\/xstyle.md\/ro\/produs\/nabor-toporov-bison-universal-axe-1879-1250-g-700-mm-hicory-centura-wandhalter-2er-set\/","og_site_name":"\u041c\u0430\u0433\u0430\u0437\u0438\u043d Xstyle","article_publisher":"https:\/\/www.facebook.com\/xstylemd","article_modified_time":"2026-03-31T11:35:09+00:00","og_image":[{"width":1200,"height":1200,"url":"https:\/\/xstyle.md\/wp-content\/uploads\/2024\/08\/bison-universal-axe-1879-1250-g-700-mm-hicory-centura-wandhalter-2er-set-2.webp","type":"image\/webp"}],"twitter_card":"summary_large_image","twitter_misc":{"Pre\u021b":"2.585&nbsp;MDL","Disponibilitate":"\u00cen stoc"},"schema":{"@context":"https:\/\/schema.org","@graph":[{"@type":"WebPage","@id":"https:\/\/xstyle.md\/product\/nabor-toporov-bison-universal-axe-1879-1250-g-700-mm-hicory-centura-wandhalter-2er-set\/","url":"https:\/\/xstyle.md\/product\/nabor-toporov-bison-universal-axe-1879-1250-g-700-mm-hicory-centura-wandhalter-2er-set\/","name":"\u041d\u0430\u0431\u043e\u0440 \u0442\u043e\u043f\u043e\u0440\u043e\u0432 Bison Universal Axe 1879 1250 g \/ 700 mm Hicory + Centura Wandhalter 2er-Set - \u041c\u0430\u0433\u0430\u0437\u0438\u043d Xstyle","isPartOf":{"@id":"https:\/\/xstyle.md\/#website"},"primaryImageOfPage":{"@id":"https:\/\/xstyle.md\/product\/nabor-toporov-bison-universal-axe-1879-1250-g-700-mm-hicory-centura-wandhalter-2er-set\/#primaryimage"},"image":{"@id":"https:\/\/xstyle.md\/product\/nabor-toporov-bison-universal-axe-1879-1250-g-700-mm-hicory-centura-wandhalter-2er-set\/#primaryimage"},"thumbnailUrl":"https:\/\/xstyle.md\/wp-content\/uploads\/2024\/08\/bison-universal-axe-1879-1250-g-700-mm-hicory-centura-wandhalter-2er-set-2.webp","datePublished":"2024-08-07T15:11:06+00:00","dateModified":"2026-03-31T11:35:09+00:00","description":"\u041a\u0443\u043f\u0438\u0442\u044c \u043d\u0430\u0431\u043e\u0440 \u0442\u043e\u043f\u043e\u0440\u043e\u0432 Bison Universal Axe 1879 (1250 \u0433, 700 \u043c\u043c, \u0425\u0438\u043a\u043e\u0440\u0438) \u0441 \u0434\u0435\u0440\u0436\u0430\u0442\u0435\u043b\u0435\u043c Centura. \u0418\u0434\u0435\u0430\u043b\u044c\u043d\u043e \u0434\u043b\u044f \u043a\u0435\u043c\u043f\u0438\u043d\u0433\u0430 \u0438 \u0430\u043a\u0442\u0438\u0432\u043d\u043e\u0433\u043e \u043e\u0442\u0434\u044b\u0445\u0430.","breadcrumb":{"@id":"https:\/\/xstyle.md\/product\/nabor-toporov-bison-universal-axe-1879-1250-g-700-mm-hicory-centura-wandhalter-2er-set\/#breadcrumb"},"inLanguage":"ro-RO","potentialAction":[{"@type":"ReadAction","target":["https:\/\/xstyle.md\/product\/nabor-toporov-bison-universal-axe-1879-1250-g-700-mm-hicory-centura-wandhalter-2er-set\/"]}]},{"@type":"ImageObject","inLanguage":"ro-RO","@id":"https:\/\/xstyle.md\/product\/nabor-toporov-bison-universal-axe-1879-1250-g-700-mm-hicory-centura-wandhalter-2er-set\/#primaryimage","url":"https:\/\/xstyle.md\/wp-content\/uploads\/2024\/08\/bison-universal-axe-1879-1250-g-700-mm-hicory-centura-wandhalter-2er-set-2.webp","contentUrl":"https:\/\/xstyle.md\/wp-content\/uploads\/2024\/08\/bison-universal-axe-1879-1250-g-700-mm-hicory-centura-wandhalter-2er-set-2.webp","width":1200,"height":1200,"caption":"\u041d\u0430\u0431\u043e\u0440 \u0442\u043e\u043f\u043e\u0440\u043e\u0432 Bison Universal Axe 1879 1250 \u0433 \u0438 \u0434\u0435\u0440\u0436\u0430\u0442\u0435\u043b\u044c \u0434\u043b\u044f \u043d\u043e\u0436\u043e\u0432\u043a\u0438, \u0438\u0434\u0435\u0430\u043b\u044c\u043d\u043e \u0434\u043b\u044f \u0430\u043a\u0442\u0438\u0432\u043d\u043e\u0433\u043e \u043e\u0442\u0434\u044b\u0445\u0430, \u043f\u043e\u0445\u043e\u0434\u043e\u0432 \u0438 \u043f\u0443\u0442\u0435\u0448\u0435\u0441\u0442\u0432\u0438\u0439, \u044d\u043a\u0438\u043f\u0438\u0440\u043e\u0432\u043a\u0430 \u0434\u043b\u044f \u0430\u043b\u044c\u043f\u0438\u043d\u0438\u0437\u043c\u0430 \u0438 \u0442\u0443\u0440\u0438\u0437\u043c\u0430 \u0432 \u0438\u043d\u0442\u0435\u0440\u043d\u0435\u0442-\u043c\u0430\u0433\u0430\u0437\u0438\u043d\u0435 \u0442\u043e\u0432\u0430\u0440\u043e\u0432 \u0434\u043b\u044f \u0430\u043a\u0442\u0438\u0432\u043d\u043e\u0439 \u0436\u0438\u0437\u043d\u0438"},{"@type":"BreadcrumbList","@id":"https:\/\/xstyle.md\/product\/nabor-toporov-bison-universal-axe-1879-1250-g-700-mm-hicory-centura-wandhalter-2er-set\/#breadcrumb","itemListElement":[{"@type":"ListItem","position":1,"name":"\u0413\u043b\u0430\u0432\u043d\u0430\u044f \u0441\u0442\u0440\u0430\u043d\u0438\u0446\u0430","item":"https:\/\/xstyle.md\/"},{"@type":"ListItem","position":2,"name":"\u041c\u0430\u0433\u0430\u0437\u0438\u043d","item":"https:\/\/xstyle.md\/shop\/"},{"@type":"ListItem","position":3,"name":"\u041d\u0430\u0431\u043e\u0440 \u0442\u043e\u043f\u043e\u0440\u043e\u0432 Bison Universal Axe 1879 1250 g \/ 700 mm Hicory + Centura Wandhalter 2er-Set"}]},{"@type":"WebSite","@id":"https:\/\/xstyle.md\/#website","url":"https:\/\/xstyle.md\/","name":"Magazinul X-Style","description":"Echipamente pentru turism \u0219i sporturi extreme \u00een Moldova. Pre\u021buri, fotografii, caracteristici \u00een Moldova.","publisher":{"@id":"https:\/\/xstyle.md\/#organization"},"alternateName":"X-Style","potentialAction":[{"@type":"SearchAction","target":{"@type":"EntryPoint","urlTemplate":"https:\/\/xstyle.md\/?s={search_term_string}"},"query-input":{"@type":"PropertyValueSpecification","valueRequired":true,"valueName":"search_term_string"}}],"inLanguage":"ro-RO"},{"@type":"Organization","@id":"https:\/\/xstyle.md\/#organization","name":"Magazinul X-Style","alternateName":"x-style","url":"https:\/\/xstyle.md\/","logo":{"@type":"ImageObject","inLanguage":"ro-RO","@id":"https:\/\/xstyle.md\/#\/schema\/logo\/image\/","url":"https:\/\/xstyle.md\/wp-content\/uploads\/2020\/06\/logoicon.svg","contentUrl":"https:\/\/xstyle.md\/wp-content\/uploads\/2020\/06\/logoicon.svg","caption":"\u041c\u0430\u0433\u0430\u0437\u0438\u043d Xstyle"},"image":{"@id":"https:\/\/xstyle.md\/#\/schema\/logo\/image\/"},"sameAs":["https:\/\/www.facebook.com\/xstylemd","https:\/\/www.instagram.com\/xstyle_md\/","https:\/\/t.me\/xstyle_outdoor"],"hasMerchantReturnPolicy":{"@type":"MerchantReturnPolicy","merchantReturnLink":"https:\/\/xstyle.md\/ro\/conditions\/"}}]},"product_price_amount":"2585.00","product_price_currency":"MDL","og_availability":"instock","product_availability":"instock","product_retailer_item_id":"2000999770456","product_condition":"new"},"post_mailing_queue_ids":[],"_links":{"self":[{"href":"https:\/\/xstyle.md\/ro\/wp-json\/wp\/v2\/product\/86692","targetHints":{"allow":["GET"]}}],"collection":[{"href":"https:\/\/xstyle.md\/ro\/wp-json\/wp\/v2\/product"}],"about":[{"href":"https:\/\/xstyle.md\/ro\/wp-json\/wp\/v2\/types\/product"}],"replies":[{"embeddable":true,"href":"https:\/\/xstyle.md\/ro\/wp-json\/wp\/v2\/comments?post=86692"}],"wp:featuredmedia":[{"embeddable":true,"href":"https:\/\/xstyle.md\/ro\/wp-json\/wp\/v2\/media\/104509"}],"wp:attachment":[{"href":"https:\/\/xstyle.md\/ro\/wp-json\/wp\/v2\/media?parent=86692"}],"wp:term":[{"taxonomy":"product_brand","embeddable":true,"href":"https:\/\/xstyle.md\/ro\/wp-json\/wp\/v2\/product_brand?post=86692"},{"taxonomy":"product_cat","embeddable":true,"href":"https:\/\/xstyle.md\/ro\/wp-json\/wp\/v2\/product_cat?post=86692"},{"taxonomy":"product_tag","embeddable":true,"href":"https:\/\/xstyle.md\/ro\/wp-json\/wp\/v2\/product_tag?post=86692"}],"curies":[{"name":"wp","href":"https:\/\/api.w.org\/{rel}","templated":true}]}}