{"id":8611,"date":"2020-07-16T23:53:46","date_gmt":"2020-07-16T20:53:46","guid":{"rendered":"https:\/\/xstyle.md\/product\/kurtka-detskaja-dare2b-renege"},"modified":"2024-10-19T23:48:15","modified_gmt":"2024-10-19T20:48:15","slug":"dare2b-renege-jr-oxxford-m-wmth","status":"publish","type":"product","link":"https:\/\/xstyle.md\/ro\/produs\/dare2b-renege-jr-oxxford-m-wmth\/","title":{"rendered":"Geac\u0103 Dare2B Renege JR oxford m\/wmth"},"content":{"rendered":"<\/p>\n<p data-reader-unique-id=\"2\"><strong data-reader-unique-id=\"3\">Dare2B Renege JR \u2014<\/strong> geaca pentru copii este excelent\u0103 pentru a fi purtat\u0103 pe p\u00e2rtii sau pe str\u0103zile ora\u0219ului. Prev\u0103zut\u0103 cu un strat superior u\u0219or izolat folosind materialul Ilus Microwarmth, care nu \u00ee\u0219i pierde propriet\u0103\u021bile de izolare chiar \u0219i atunci c\u00e2nd este umed\u0103.<\/p>\n<h3 data-reader-unique-id=\"2\">Particularit\u0103\u021bi<\/h3>\n<ul data-reader-unique-id=\"4\">\n<li data-reader-unique-id=\"5\">Material din poliester Ilus Microwarmth;<\/li>\n<li data-reader-unique-id=\"5\">Finisaj rezistent la ap\u0103;<\/li>\n<li data-reader-unique-id=\"5\">Glug\u0103 reglabil\u0103;<\/li>\n<li data-reader-unique-id=\"5\">2 buzunare laterale cu fermoar;<\/li>\n<li data-reader-unique-id=\"5\">1 buzunar cu fermoar la m\u00e2nec\u0103;<\/li>\n<li data-reader-unique-id=\"5\">Fust\u0103 de z\u0103pad\u0103 \u00een talie;<\/li>\n<li data-reader-unique-id=\"5\">Izola\u021bie poliuretanic\u0103 foarte elastic\u0103;<\/li>\n<li data-reader-unique-id=\"5\">C\u0103ptu\u0219eal\u0103 din poliester;<\/li>\n<li data-reader-unique-id=\"5\">Detalii reflectorizante pentru o vizibilitate mai bun\u0103.<\/li>\n<\/ul>\n<h3 class=\"clear\" data-reader-unique-id=\"12\">Caracteristici<\/h3>\n<ul data-reader-unique-id=\"13\">\n<li data-reader-unique-id=\"14\">Material &#8212; Poliester;<\/li>\n<li data-reader-unique-id=\"14\">Izola\u021bie &#8212; High Loft Polyester, Ilus Microwarmth;<\/li>\n<li data-reader-unique-id=\"14\">Model &#8212; pentru copii.<\/li>\n<\/ul>\n<h3 class=\"clear\" data-reader-unique-id=\"19\">Tehnologie<\/h3>\n<ul data-reader-unique-id=\"20\">\n<li data-reader-unique-id=\"26\"><strong data-reader-unique-id=\"27\">High Loft Polyester<\/strong>\u00a0 \u2014 izola\u021bie eficient\u0103 din poliester de \u00eenalt\u0103 calitate, care protejeaz\u0103 \u00eempotriva v\u00e2ntului chiar \u0219i atunci c\u00e2nd este umed \u0219i asigur\u0103 o bun\u0103 respirabilitate \u0219i reglare a c\u0103ldurii. Materialul se usuc\u0103 rapid \u0219i este u\u0219or de cur\u0103\u021bat.<\/li>\n<\/ul>\n<h3 class=\"clear\" data-reader-unique-id=\"23\">Marca<\/h3>\n<p data-reader-unique-id=\"24\">Marca englez\u0103 Dare2b este popular\u0103 \u00een \u00eentreaga lume \u0219i este specializat\u0103 \u00een produc\u021bia de \u00eembr\u0103c\u0103minte pentru snowboarderi profesioni\u0219ti, schiori, alpini\u0219ti.<\/p>\n<p data-reader-unique-id=\"25\">Produsele marca Dare2b se disting prin culori str\u0103lucitoare, bogate \u0219i design original, precum \u0219i prin caracterul practic, confortul \u0219i calitatea \u00eenalt\u0103 a produsului, astfel \u00eenc\u00e2t fiecare s\u0103 g\u0103seasc\u0103 ceva potrivit pentru sine. \u00centruc\u00e2t aceast\u0103 \u00eembr\u0103c\u0103minte este sportiv\u0103, speciali\u0219tii lucreaz\u0103 la ea de mult timp, g\u00e2ndindu-se din timp la tot felul de detalii, elemente. Designerii \u00eencearc\u0103 s\u0103 combine un stil unic, tendin\u021bele m\u0103rcii, cea mai recent\u0103 tehnologie, care desigur afecteaz\u0103 pre\u021bul \u0219i \u00eembun\u0103t\u0103\u021be\u0219te calitatea produsului. De exemplu, pentru c\u0103ptu\u0219eli sau izola\u021bie, se folose\u0219te un material special care v\u0103 permite s\u0103 nu \u00eenghe\u021ba\u021bi la temperaturi sc\u0103zute.<\/p>\n<p data-reader-unique-id=\"26\">Compania Dare2b \u2014 este un gigant de \u00eembr\u0103c\u0103minte pentru sporturi de iarn\u0103, cu un num\u0103r din ce \u00een ce mai mare de clien\u021bi. Acest lucru este posibil datorit\u0103 serviciilor rapide \u0219i de \u00eenalt\u0103 calitate, rezisten\u021bei lucrurilor, abord\u0103rii non-standard \u0219i unei game largi de echipamente sportive care pot satisface chiar \u0219i cel mai capricios client.<\/p>\n<p><\/p>","protected":false},"excerpt":{"rendered":"<p>Geac\u0103 Dare2B Renege JR oxford m\/wmth<\/p>","protected":false},"featured_media":8608,"comment_status":"open","ping_status":"closed","template":"","meta":{"_acf_changed":false,"inline_featured_image":false},"product_brand":[1318],"product_cat":[308],"product_tag":[],"class_list":{"0":"post-8611","1":"product","2":"type-product","3":"status-publish","4":"has-post-thumbnail","6":"product_brand-dare2b","7":"product_cat-kid-jackets","9":"first","10":"instock","11":"sale","12":"shipping-taxable","13":"purchasable","14":"product-type-simple"},"acf":[],"yoast_head":"<!-- This site is optimized with the Yoast SEO plugin v27.4 - https:\/\/yoast.com\/product\/yoast-seo-wordpress\/ -->\n<title>\u041a\u0443\u0440\u0442\u043a\u0430 Dare2B Renege JR oxford m\/wmth - \u041c\u0430\u0433\u0430\u0437\u0438\u043d Xstyle<\/title>\n<meta name=\"description\" content=\"\u041a\u0443\u0440\u0442\u043a\u0430 Dare2B Renege JR - \u0438\u0434\u0435\u0430\u043b\u044c\u043d\u044b\u0439 \u0432\u044b\u0431\u043e\u0440 \u0434\u043b\u044f \u0434\u0435\u0442\u0435\u0439! \u041b\u0435\u0433\u043a\u0430\u044f, \u0442\u0435\u043f\u043b\u0430\u044f \u0438 \u0432\u043e\u0434\u043e\u043e\u0442\u0442\u0430\u043b\u043a\u0438\u0432\u0430\u044e\u0449\u0430\u044f, \u043e\u043d\u0430 \u043f\u043e\u0434\u0445\u043e\u0434\u0438\u0442 \u0434\u043b\u044f \u043a\u0430\u0442\u0430\u043d\u0438\u044f \u043d\u0430 \u043b\u044b\u0436\u0430\u0445 \u0438 \u043f\u0440\u043e\u0433\u0443\u043b\u043e\u043a \u043f\u043e \u0433\u043e\u0440\u043e\u0434\u0443.\" \/>\n<meta name=\"robots\" content=\"index, follow, max-snippet:-1, max-image-preview:large, max-video-preview:-1\" \/>\n<link rel=\"canonical\" href=\"https:\/\/xstyle.md\/ro\/produs\/dare2b-renege-jr-oxxford-m-wmth\/\" \/>\n<meta property=\"og:locale\" content=\"ro_RO\" \/>\n<meta property=\"og:type\" content=\"article\" \/>\n<meta property=\"og:title\" content=\"\u041a\u0443\u0440\u0442\u043a\u0430 Dare2B Renege JR oxford m\/wmth - \u041c\u0430\u0433\u0430\u0437\u0438\u043d Xstyle\" \/>\n<meta property=\"og:description\" content=\"\u041a\u0443\u0440\u0442\u043a\u0430 Dare2B Renege JR - \u0438\u0434\u0435\u0430\u043b\u044c\u043d\u044b\u0439 \u0432\u044b\u0431\u043e\u0440 \u0434\u043b\u044f \u0434\u0435\u0442\u0435\u0439! \u041b\u0435\u0433\u043a\u0430\u044f, \u0442\u0435\u043f\u043b\u0430\u044f \u0438 \u0432\u043e\u0434\u043e\u043e\u0442\u0442\u0430\u043b\u043a\u0438\u0432\u0430\u044e\u0449\u0430\u044f, \u043e\u043d\u0430 \u043f\u043e\u0434\u0445\u043e\u0434\u0438\u0442 \u0434\u043b\u044f \u043a\u0430\u0442\u0430\u043d\u0438\u044f \u043d\u0430 \u043b\u044b\u0436\u0430\u0445 \u0438 \u043f\u0440\u043e\u0433\u0443\u043b\u043e\u043a \u043f\u043e \u0433\u043e\u0440\u043e\u0434\u0443.\" \/>\n<meta property=\"og:url\" content=\"https:\/\/xstyle.md\/ro\/produs\/dare2b-renege-jr-oxxford-m-wmth\/\" \/>\n<meta property=\"og:site_name\" content=\"\u041c\u0430\u0433\u0430\u0437\u0438\u043d Xstyle\" \/>\n<meta property=\"article:publisher\" content=\"https:\/\/www.facebook.com\/xstylemd\" \/>\n<meta property=\"article:modified_time\" content=\"2024-10-19T20:48:15+00:00\" \/>\n<meta property=\"og:image\" content=\"https:\/\/xstyle.md\/wp-content\/uploads\/2020\/07\/renege-3.jpg\" \/>\n\t<meta property=\"og:image:width\" content=\"640\" \/>\n\t<meta property=\"og:image:height\" content=\"640\" \/>\n\t<meta property=\"og:image:type\" content=\"image\/jpeg\" \/>\n<meta name=\"twitter:card\" content=\"summary_large_image\" \/>\n<meta name=\"twitter:label1\" content=\"Pre\u021b\" \/>\n\t<meta name=\"twitter:data1\" content=\"648&nbsp;MDL\" \/>\n\t<meta name=\"twitter:label2\" content=\"Disponibilitate\" \/>\n\t<meta name=\"twitter:data2\" content=\"\u00cen stoc\" \/>\n<script type=\"application\/ld+json\" class=\"yoast-schema-graph\">{\"@context\":\"https:\\\/\\\/schema.org\",\"@graph\":[{\"@type\":\"WebPage\",\"@id\":\"https:\\\/\\\/xstyle.md\\\/product\\\/dare2b-renege-jr-oxxford-m-wmth\\\/\",\"url\":\"https:\\\/\\\/xstyle.md\\\/product\\\/dare2b-renege-jr-oxxford-m-wmth\\\/\",\"name\":\"\u041a\u0443\u0440\u0442\u043a\u0430 Dare2B Renege JR oxford m\\\/wmth - \u041c\u0430\u0433\u0430\u0437\u0438\u043d Xstyle\",\"isPartOf\":{\"@id\":\"https:\\\/\\\/xstyle.md\\\/#website\"},\"primaryImageOfPage\":{\"@id\":\"https:\\\/\\\/xstyle.md\\\/product\\\/dare2b-renege-jr-oxxford-m-wmth\\\/#primaryimage\"},\"image\":{\"@id\":\"https:\\\/\\\/xstyle.md\\\/product\\\/dare2b-renege-jr-oxxford-m-wmth\\\/#primaryimage\"},\"thumbnailUrl\":\"https:\\\/\\\/xstyle.md\\\/wp-content\\\/uploads\\\/2020\\\/07\\\/renege-3.jpg\",\"datePublished\":\"2020-07-16T20:53:46+00:00\",\"dateModified\":\"2024-10-19T20:48:15+00:00\",\"description\":\"\u041a\u0443\u0440\u0442\u043a\u0430 Dare2B Renege JR - \u0438\u0434\u0435\u0430\u043b\u044c\u043d\u044b\u0439 \u0432\u044b\u0431\u043e\u0440 \u0434\u043b\u044f \u0434\u0435\u0442\u0435\u0439! \u041b\u0435\u0433\u043a\u0430\u044f, \u0442\u0435\u043f\u043b\u0430\u044f \u0438 \u0432\u043e\u0434\u043e\u043e\u0442\u0442\u0430\u043b\u043a\u0438\u0432\u0430\u044e\u0449\u0430\u044f, \u043e\u043d\u0430 \u043f\u043e\u0434\u0445\u043e\u0434\u0438\u0442 \u0434\u043b\u044f \u043a\u0430\u0442\u0430\u043d\u0438\u044f \u043d\u0430 \u043b\u044b\u0436\u0430\u0445 \u0438 \u043f\u0440\u043e\u0433\u0443\u043b\u043e\u043a \u043f\u043e \u0433\u043e\u0440\u043e\u0434\u0443.\",\"breadcrumb\":{\"@id\":\"https:\\\/\\\/xstyle.md\\\/product\\\/dare2b-renege-jr-oxxford-m-wmth\\\/#breadcrumb\"},\"inLanguage\":\"ro-RO\",\"potentialAction\":[{\"@type\":\"ReadAction\",\"target\":[\"https:\\\/\\\/xstyle.md\\\/product\\\/dare2b-renege-jr-oxxford-m-wmth\\\/\"]}]},{\"@type\":\"ImageObject\",\"inLanguage\":\"ro-RO\",\"@id\":\"https:\\\/\\\/xstyle.md\\\/product\\\/dare2b-renege-jr-oxxford-m-wmth\\\/#primaryimage\",\"url\":\"https:\\\/\\\/xstyle.md\\\/wp-content\\\/uploads\\\/2020\\\/07\\\/renege-3.jpg\",\"contentUrl\":\"https:\\\/\\\/xstyle.md\\\/wp-content\\\/uploads\\\/2020\\\/07\\\/renege-3.jpg\",\"width\":640,\"height\":640},{\"@type\":\"BreadcrumbList\",\"@id\":\"https:\\\/\\\/xstyle.md\\\/product\\\/dare2b-renege-jr-oxxford-m-wmth\\\/#breadcrumb\",\"itemListElement\":[{\"@type\":\"ListItem\",\"position\":1,\"name\":\"\u0413\u043b\u0430\u0432\u043d\u0430\u044f \u0441\u0442\u0440\u0430\u043d\u0438\u0446\u0430\",\"item\":\"https:\\\/\\\/xstyle.md\\\/\"},{\"@type\":\"ListItem\",\"position\":2,\"name\":\"\u041c\u0430\u0433\u0430\u0437\u0438\u043d\",\"item\":\"https:\\\/\\\/xstyle.md\\\/shop\\\/\"},{\"@type\":\"ListItem\",\"position\":3,\"name\":\"\u041a\u0443\u0440\u0442\u043a\u0430 Dare2B Renege JR oxford m\\\/wmth\"}]},{\"@type\":\"WebSite\",\"@id\":\"https:\\\/\\\/xstyle.md\\\/#website\",\"url\":\"https:\\\/\\\/xstyle.md\\\/\",\"name\":\"\u041c\u0430\u0433\u0430\u0437\u0438\u043d Xstyle\",\"description\":\"C\u043d\u0430\u0440\u044f\u0436\u0435\u043d\u0438\u0435 \u0434\u043b\u044f \u0442\u0443\u0440\u0438\u0437\u043c\u0430 \u0438 \u044d\u043a\u0441\u0442\u0440\u0435\u043c\u0430\u043b\u044c\u043d\u044b\u0445 \u0432\u0438\u0434\u043e\u0432 \u0441\u043f\u043e\u0440\u0442\u0430 \u0432 \u041c\u043e\u043b\u0434\u043e\u0432\u0435.. \u0426\u0435\u043d\u044b, \u0444\u043e\u0442\u043e, \u0445\u0430\u0440\u0430\u043a\u0442\u0435\u0440\u0438\u0441\u0442\u0438\u043a\u0438 \u0432 \u041c\u043e\u043b\u0434\u043e\u0432\u0435.\",\"publisher\":{\"@id\":\"https:\\\/\\\/xstyle.md\\\/#organization\"},\"alternateName\":\"X-Style\",\"potentialAction\":[{\"@type\":\"SearchAction\",\"target\":{\"@type\":\"EntryPoint\",\"urlTemplate\":\"https:\\\/\\\/xstyle.md\\\/?s={search_term_string}\"},\"query-input\":{\"@type\":\"PropertyValueSpecification\",\"valueRequired\":true,\"valueName\":\"search_term_string\"}}],\"inLanguage\":\"ro-RO\"},{\"@type\":\"Organization\",\"@id\":\"https:\\\/\\\/xstyle.md\\\/#organization\",\"name\":\"\u041c\u0430\u0433\u0430\u0437\u0438\u043d Xstyle\",\"alternateName\":\"x-style\",\"url\":\"https:\\\/\\\/xstyle.md\\\/\",\"logo\":{\"@type\":\"ImageObject\",\"inLanguage\":\"ro-RO\",\"@id\":\"https:\\\/\\\/xstyle.md\\\/#\\\/schema\\\/logo\\\/image\\\/\",\"url\":\"https:\\\/\\\/xstyle.md\\\/wp-content\\\/uploads\\\/2020\\\/06\\\/logoicon.svg\",\"contentUrl\":\"https:\\\/\\\/xstyle.md\\\/wp-content\\\/uploads\\\/2020\\\/06\\\/logoicon.svg\",\"caption\":\"\u041c\u0430\u0433\u0430\u0437\u0438\u043d Xstyle\"},\"image\":{\"@id\":\"https:\\\/\\\/xstyle.md\\\/#\\\/schema\\\/logo\\\/image\\\/\"},\"sameAs\":[\"https:\\\/\\\/www.facebook.com\\\/xstylemd\",\"https:\\\/\\\/www.instagram.com\\\/xstyle_md\\\/\",\"https:\\\/\\\/t.me\\\/xstyle_outdoor\"],\"hasMerchantReturnPolicy\":{\"@type\":\"MerchantReturnPolicy\",\"merchantReturnLink\":\"https:\\\/\\\/xstyle.md\\\/ro\\\/conditions\\\/\"}}]}<\/script>\n<meta property=\"product:price:amount\" content=\"648.00\" \/>\n<meta property=\"product:price:currency\" content=\"MDL\" \/>\n<meta property=\"og:availability\" content=\"instock\" \/>\n<meta property=\"product:availability\" content=\"instock\" \/>\n<meta property=\"product:retailer_item_id\" content=\"5051522548223\" \/>\n<meta property=\"product:condition\" content=\"new\" \/>\n<!-- \/ Yoast SEO plugin. -->","yoast_head_json":{"title":"Geac\u0103 Dare2B Renege JR oxford m\/wmth - Magazin Xstyle","description":"Jacheta Dare2B Renege JR - alegerea perfect\u0103 pentru copii! U\u0219oar\u0103, c\u0103lduroas\u0103 \u0219i rezistent\u0103 la ap\u0103, este potrivit\u0103 pentru schi \u0219i plimb\u0103ri prin ora\u0219.","robots":{"index":"index","follow":"follow","max-snippet":"max-snippet:-1","max-image-preview":"max-image-preview:large","max-video-preview":"max-video-preview:-1"},"canonical":"https:\/\/xstyle.md\/ro\/produs\/dare2b-renege-jr-oxxford-m-wmth\/","og_locale":"ro_RO","og_type":"article","og_title":"\u041a\u0443\u0440\u0442\u043a\u0430 Dare2B Renege JR oxford m\/wmth - \u041c\u0430\u0433\u0430\u0437\u0438\u043d Xstyle","og_description":"\u041a\u0443\u0440\u0442\u043a\u0430 Dare2B Renege JR - \u0438\u0434\u0435\u0430\u043b\u044c\u043d\u044b\u0439 \u0432\u044b\u0431\u043e\u0440 \u0434\u043b\u044f \u0434\u0435\u0442\u0435\u0439! \u041b\u0435\u0433\u043a\u0430\u044f, \u0442\u0435\u043f\u043b\u0430\u044f \u0438 \u0432\u043e\u0434\u043e\u043e\u0442\u0442\u0430\u043b\u043a\u0438\u0432\u0430\u044e\u0449\u0430\u044f, \u043e\u043d\u0430 \u043f\u043e\u0434\u0445\u043e\u0434\u0438\u0442 \u0434\u043b\u044f \u043a\u0430\u0442\u0430\u043d\u0438\u044f \u043d\u0430 \u043b\u044b\u0436\u0430\u0445 \u0438 \u043f\u0440\u043e\u0433\u0443\u043b\u043e\u043a \u043f\u043e \u0433\u043e\u0440\u043e\u0434\u0443.","og_url":"https:\/\/xstyle.md\/ro\/produs\/dare2b-renege-jr-oxxford-m-wmth\/","og_site_name":"\u041c\u0430\u0433\u0430\u0437\u0438\u043d Xstyle","article_publisher":"https:\/\/www.facebook.com\/xstylemd","article_modified_time":"2024-10-19T20:48:15+00:00","og_image":[{"width":640,"height":640,"url":"https:\/\/xstyle.md\/wp-content\/uploads\/2020\/07\/renege-3.jpg","type":"image\/jpeg"}],"twitter_card":"summary_large_image","twitter_misc":{"Pre\u021b":"648&nbsp;MDL","Disponibilitate":"\u00cen stoc"},"schema":{"@context":"https:\/\/schema.org","@graph":[{"@type":"WebPage","@id":"https:\/\/xstyle.md\/product\/dare2b-renege-jr-oxxford-m-wmth\/","url":"https:\/\/xstyle.md\/product\/dare2b-renege-jr-oxxford-m-wmth\/","name":"Geac\u0103 Dare2B Renege JR oxford m\/wmth - Magazin Xstyle","isPartOf":{"@id":"https:\/\/xstyle.md\/#website"},"primaryImageOfPage":{"@id":"https:\/\/xstyle.md\/product\/dare2b-renege-jr-oxxford-m-wmth\/#primaryimage"},"image":{"@id":"https:\/\/xstyle.md\/product\/dare2b-renege-jr-oxxford-m-wmth\/#primaryimage"},"thumbnailUrl":"https:\/\/xstyle.md\/wp-content\/uploads\/2020\/07\/renege-3.jpg","datePublished":"2020-07-16T20:53:46+00:00","dateModified":"2024-10-19T20:48:15+00:00","description":"Jacheta Dare2B Renege JR - alegerea perfect\u0103 pentru copii! U\u0219oar\u0103, c\u0103lduroas\u0103 \u0219i rezistent\u0103 la ap\u0103, este potrivit\u0103 pentru schi \u0219i plimb\u0103ri prin ora\u0219.","breadcrumb":{"@id":"https:\/\/xstyle.md\/product\/dare2b-renege-jr-oxxford-m-wmth\/#breadcrumb"},"inLanguage":"ro-RO","potentialAction":[{"@type":"ReadAction","target":["https:\/\/xstyle.md\/product\/dare2b-renege-jr-oxxford-m-wmth\/"]}]},{"@type":"ImageObject","inLanguage":"ro-RO","@id":"https:\/\/xstyle.md\/product\/dare2b-renege-jr-oxxford-m-wmth\/#primaryimage","url":"https:\/\/xstyle.md\/wp-content\/uploads\/2020\/07\/renege-3.jpg","contentUrl":"https:\/\/xstyle.md\/wp-content\/uploads\/2020\/07\/renege-3.jpg","width":640,"height":640},{"@type":"BreadcrumbList","@id":"https:\/\/xstyle.md\/product\/dare2b-renege-jr-oxxford-m-wmth\/#breadcrumb","itemListElement":[{"@type":"ListItem","position":1,"name":"\u0413\u043b\u0430\u0432\u043d\u0430\u044f \u0441\u0442\u0440\u0430\u043d\u0438\u0446\u0430","item":"https:\/\/xstyle.md\/"},{"@type":"ListItem","position":2,"name":"\u041c\u0430\u0433\u0430\u0437\u0438\u043d","item":"https:\/\/xstyle.md\/shop\/"},{"@type":"ListItem","position":3,"name":"\u041a\u0443\u0440\u0442\u043a\u0430 Dare2B Renege JR oxford m\/wmth"}]},{"@type":"WebSite","@id":"https:\/\/xstyle.md\/#website","url":"https:\/\/xstyle.md\/","name":"Magazinul X-Style","description":"Echipamente pentru turism \u0219i sporturi extreme \u00een Moldova. Pre\u021buri, fotografii, caracteristici \u00een Moldova.","publisher":{"@id":"https:\/\/xstyle.md\/#organization"},"alternateName":"X-Style","potentialAction":[{"@type":"SearchAction","target":{"@type":"EntryPoint","urlTemplate":"https:\/\/xstyle.md\/?s={search_term_string}"},"query-input":{"@type":"PropertyValueSpecification","valueRequired":true,"valueName":"search_term_string"}}],"inLanguage":"ro-RO"},{"@type":"Organization","@id":"https:\/\/xstyle.md\/#organization","name":"Magazinul X-Style","alternateName":"x-style","url":"https:\/\/xstyle.md\/","logo":{"@type":"ImageObject","inLanguage":"ro-RO","@id":"https:\/\/xstyle.md\/#\/schema\/logo\/image\/","url":"https:\/\/xstyle.md\/wp-content\/uploads\/2020\/06\/logoicon.svg","contentUrl":"https:\/\/xstyle.md\/wp-content\/uploads\/2020\/06\/logoicon.svg","caption":"\u041c\u0430\u0433\u0430\u0437\u0438\u043d Xstyle"},"image":{"@id":"https:\/\/xstyle.md\/#\/schema\/logo\/image\/"},"sameAs":["https:\/\/www.facebook.com\/xstylemd","https:\/\/www.instagram.com\/xstyle_md\/","https:\/\/t.me\/xstyle_outdoor"],"hasMerchantReturnPolicy":{"@type":"MerchantReturnPolicy","merchantReturnLink":"https:\/\/xstyle.md\/ro\/conditions\/"}}]},"product_price_amount":"648.00","product_price_currency":"MDL","og_availability":"instock","product_availability":"instock","product_retailer_item_id":"5051522548223","product_condition":"new"},"_links":{"self":[{"href":"https:\/\/xstyle.md\/ro\/wp-json\/wp\/v2\/product\/8611","targetHints":{"allow":["GET"]}}],"collection":[{"href":"https:\/\/xstyle.md\/ro\/wp-json\/wp\/v2\/product"}],"about":[{"href":"https:\/\/xstyle.md\/ro\/wp-json\/wp\/v2\/types\/product"}],"replies":[{"embeddable":true,"href":"https:\/\/xstyle.md\/ro\/wp-json\/wp\/v2\/comments?post=8611"}],"wp:featuredmedia":[{"embeddable":true,"href":"https:\/\/xstyle.md\/ro\/wp-json\/wp\/v2\/media\/8608"}],"wp:attachment":[{"href":"https:\/\/xstyle.md\/ro\/wp-json\/wp\/v2\/media?parent=8611"}],"wp:term":[{"taxonomy":"product_brand","embeddable":true,"href":"https:\/\/xstyle.md\/ro\/wp-json\/wp\/v2\/product_brand?post=8611"},{"taxonomy":"product_cat","embeddable":true,"href":"https:\/\/xstyle.md\/ro\/wp-json\/wp\/v2\/product_cat?post=8611"},{"taxonomy":"product_tag","embeddable":true,"href":"https:\/\/xstyle.md\/ro\/wp-json\/wp\/v2\/product_tag?post=8611"}],"curies":[{"name":"wp","href":"https:\/\/api.w.org\/{rel}","templated":true}]}}