{"id":85799,"date":"2024-07-18T14:38:59","date_gmt":"2024-07-18T11:38:59","guid":{"rendered":"https:\/\/xstyle.md\/?post_type=product&#038;p=85799"},"modified":"2024-10-21T10:07:13","modified_gmt":"2024-10-21T07:07:13","slug":"karemat-wardmason-honeycomb-mat-with-aluminum-with-logo","status":"publish","type":"product","link":"https:\/\/xstyle.md\/ro\/produs\/karemat-wardmason-honeycomb-mat-with-aluminum-with-logo\/","title":{"rendered":"Covora\u0219 turistic Wardmason Honeycomb Mat With Aluminum With LOGO"},"content":{"rendered":"<\/p>\n<p><strong>Wardmason Honeycomb Mat With Aluminum With LOGO<\/strong> &#8212; karemat de c\u0103l\u0103torie pliabil fabricat din spum\u0103 poliuretanic\u0103 cu logo-ul magazinului nostru X-Style. Datorit\u0103 suprafe\u021bei ondulate \u00een form\u0103 de fagure de miere, se ob\u021bine un confort sporit cu o greutate mai mic\u0103 a covorului \u00een sine \u0219i o dimensiune destul de compact\u0103 datorit\u0103 faptului c\u0103 structura \u00een form\u0103 de fagure de miere a karemat coincide atunci c\u00e2nd este pliat. Datorit\u0103 greut\u0103\u021bii reduse \u0219i rezisten\u021bei la umiditate, nu este o problem\u0103 s\u0103 \u00eel ata\u0219a\u021bi undeva \u00een afara rucsacului, astfel \u00eenc\u00e2t volumul s\u0103u nu v\u0103 va limita.<\/p>\n<p>Spuma poliuretanic\u0103 ixpe este fabricat\u0103 folosind tehnologia de reticulare a polietilenei de \u00eenalt\u0103 energie. Rezultatul este un material din spum\u0103 rigid, durabil, cu o durat\u0103 lung\u0103 de via\u021b\u0103, rezisten\u021b\u0103 la temperaturi ridicate \u0219i o suprafa\u021b\u0103 neted\u0103, neabsorbant\u0103. Valoarea rezisten\u021bei la c\u0103ldur\u0103 este sporit\u0103 \u00een continuare de un strat termo-reflectorizant care reflect\u0103 c\u0103ldura radiat\u0103 de utilizator.<\/p>\n<h3>Particularit\u0103\u021bi<\/h3>\n<ul>\n<li>Durabil: \u00een\u021bep\u0103turile, t\u0103ieturile \u0219i arsurile nu v\u0103 vor afecta somnul<\/li>\n<li>Compact: u\u0219or de pliat, u\u0219or \u0219i nu se ud\u0103<\/li>\n<li>U\u0219or de transportat: poate fi u\u0219or fixat \u00een afara rucsacului dvs.<\/li>\n<li>Versatil: poate fi folosit ca karemat, saltea de \u0219ezut, saltea scurtat\u0103 cu pern\u0103.<\/li>\n<\/ul>\n<h3>Caracteristici<\/h3>\n<ul>\n<li>Material &#8212; spum\u0103 poliuretanic\u0103<\/li>\n<li>Dimensiuni &#8212; 185 x 56 x 2 cm<\/li>\n<li>Dimensiuni pliat &#8212; 55 x 14 x 15 cm<\/li>\n<li>Greutate &#8212; 310 g<\/li>\n<\/ul>\n<p><\/p>","protected":false},"excerpt":{"rendered":"","protected":false},"featured_media":85825,"comment_status":"open","ping_status":"closed","template":"","meta":{"_acf_changed":false,"inline_featured_image":false},"product_brand":[1487],"product_cat":[200],"product_tag":[],"class_list":{"0":"post-85799","1":"product","2":"type-product","3":"status-publish","4":"has-post-thumbnail","6":"product_brand-wardmason","7":"product_cat-travel-mats","9":"first","10":"instock","11":"shipping-taxable","12":"purchasable","13":"product-type-simple"},"acf":[],"yoast_head":"<!-- This site is optimized with the Yoast SEO plugin v27.2 - https:\/\/yoast.com\/product\/yoast-seo-wordpress\/ -->\n<title>\u041a\u0430\u0440\u0435\u043c\u0430\u0442 Wardmason Honeycomb Mat With Aluminum With LOGO - \u041c\u0430\u0433\u0430\u0437\u0438\u043d Xstyle<\/title>\n<meta name=\"description\" content=\"\u041a\u0430\u0440\u0435\u043c\u0430\u0442 Wardmason Honeycomb \u0441 \u043b\u043e\u0433\u043e\u0442\u0438\u043f\u043e\u043c XStyle \u2014 \u043b\u0435\u0433\u043a\u0438\u0439, \u043a\u043e\u043c\u043f\u0430\u043a\u0442\u043d\u044b\u0439 \u0438 \u043a\u043e\u043c\u0444\u043e\u0440\u0442\u0430\u0431\u0435\u043b\u044c\u043d\u044b\u0439. \u0418\u0434\u0435\u0430\u043b\u0435\u043d \u0434\u043b\u044f \u043f\u0443\u0442\u0435\u0448\u0435\u0441\u0442\u0432\u0438\u0439 \u0438 \u0430\u043a\u0442\u0438\u0432\u043d\u043e\u0433\u043e \u043e\u0442\u0434\u044b\u0445\u0430. \u0421\u0434\u0435\u043b\u0430\u0439\u0442\u0435 \u0432\u044b\u0431\u043e\u0440 \u0432 \u043f\u043e\u043b\u044c\u0437\u0443 \u0443\u0434\u043e\u0431\u0441\u0442\u0432\u0430!\" \/>\n<meta name=\"robots\" content=\"index, follow, max-snippet:-1, max-image-preview:large, max-video-preview:-1\" \/>\n<link rel=\"canonical\" href=\"https:\/\/xstyle.md\/ro\/produs\/karemat-wardmason-honeycomb-mat-with-aluminum-with-logo\/\" \/>\n<meta property=\"og:locale\" content=\"ro_RO\" \/>\n<meta property=\"og:type\" content=\"article\" \/>\n<meta property=\"og:title\" content=\"\u041a\u0430\u0440\u0435\u043c\u0430\u0442 Wardmason Honeycomb Mat With Aluminum With LOGO - \u041c\u0430\u0433\u0430\u0437\u0438\u043d Xstyle\" \/>\n<meta property=\"og:description\" content=\"\u041a\u0430\u0440\u0435\u043c\u0430\u0442 Wardmason Honeycomb \u0441 \u043b\u043e\u0433\u043e\u0442\u0438\u043f\u043e\u043c XStyle \u2014 \u043b\u0435\u0433\u043a\u0438\u0439, \u043a\u043e\u043c\u043f\u0430\u043a\u0442\u043d\u044b\u0439 \u0438 \u043a\u043e\u043c\u0444\u043e\u0440\u0442\u0430\u0431\u0435\u043b\u044c\u043d\u044b\u0439. \u0418\u0434\u0435\u0430\u043b\u0435\u043d \u0434\u043b\u044f \u043f\u0443\u0442\u0435\u0448\u0435\u0441\u0442\u0432\u0438\u0439 \u0438 \u0430\u043a\u0442\u0438\u0432\u043d\u043e\u0433\u043e \u043e\u0442\u0434\u044b\u0445\u0430. \u0421\u0434\u0435\u043b\u0430\u0439\u0442\u0435 \u0432\u044b\u0431\u043e\u0440 \u0432 \u043f\u043e\u043b\u044c\u0437\u0443 \u0443\u0434\u043e\u0431\u0441\u0442\u0432\u0430!\" \/>\n<meta property=\"og:url\" content=\"https:\/\/xstyle.md\/ro\/produs\/karemat-wardmason-honeycomb-mat-with-aluminum-with-logo\/\" \/>\n<meta property=\"og:site_name\" content=\"\u041c\u0430\u0433\u0430\u0437\u0438\u043d Xstyle\" \/>\n<meta property=\"article:publisher\" content=\"https:\/\/www.facebook.com\/xstylemd\" \/>\n<meta property=\"article:modified_time\" content=\"2024-10-21T07:07:13+00:00\" \/>\n<meta property=\"og:image\" content=\"https:\/\/xstyle.md\/wp-content\/uploads\/2024\/07\/wardmason-honeycomb-mat-with-aluminum-with-logo.jpg\" \/>\n\t<meta property=\"og:image:width\" content=\"844\" \/>\n\t<meta property=\"og:image:height\" content=\"727\" \/>\n\t<meta property=\"og:image:type\" content=\"image\/jpeg\" \/>\n<meta name=\"twitter:card\" content=\"summary_large_image\" \/>\n<meta name=\"twitter:label1\" content=\"Pre\u021b\" \/>\n\t<meta name=\"twitter:data1\" content=\"390&nbsp;MDL\" \/>\n\t<meta name=\"twitter:label2\" content=\"Disponibilitate\" \/>\n\t<meta name=\"twitter:data2\" content=\"\u00cen stoc\" \/>\n<script type=\"application\/ld+json\" class=\"yoast-schema-graph\">{\"@context\":\"https:\/\/schema.org\",\"@graph\":[{\"@type\":\"WebPage\",\"@id\":\"https:\/\/xstyle.md\/product\/karemat-wardmason-honeycomb-mat-with-aluminum-with-logo\/\",\"url\":\"https:\/\/xstyle.md\/product\/karemat-wardmason-honeycomb-mat-with-aluminum-with-logo\/\",\"name\":\"\u041a\u0430\u0440\u0435\u043c\u0430\u0442 Wardmason Honeycomb Mat With Aluminum With LOGO - \u041c\u0430\u0433\u0430\u0437\u0438\u043d Xstyle\",\"isPartOf\":{\"@id\":\"https:\/\/xstyle.md\/#website\"},\"primaryImageOfPage\":{\"@id\":\"https:\/\/xstyle.md\/product\/karemat-wardmason-honeycomb-mat-with-aluminum-with-logo\/#primaryimage\"},\"image\":{\"@id\":\"https:\/\/xstyle.md\/product\/karemat-wardmason-honeycomb-mat-with-aluminum-with-logo\/#primaryimage\"},\"thumbnailUrl\":\"https:\/\/xstyle.md\/wp-content\/uploads\/2024\/07\/wardmason-honeycomb-mat-with-aluminum-with-logo.jpg\",\"datePublished\":\"2024-07-18T11:38:59+00:00\",\"dateModified\":\"2024-10-21T07:07:13+00:00\",\"description\":\"\u041a\u0430\u0440\u0435\u043c\u0430\u0442 Wardmason Honeycomb \u0441 \u043b\u043e\u0433\u043e\u0442\u0438\u043f\u043e\u043c XStyle \u2014 \u043b\u0435\u0433\u043a\u0438\u0439, \u043a\u043e\u043c\u043f\u0430\u043a\u0442\u043d\u044b\u0439 \u0438 \u043a\u043e\u043c\u0444\u043e\u0440\u0442\u0430\u0431\u0435\u043b\u044c\u043d\u044b\u0439. \u0418\u0434\u0435\u0430\u043b\u0435\u043d \u0434\u043b\u044f \u043f\u0443\u0442\u0435\u0448\u0435\u0441\u0442\u0432\u0438\u0439 \u0438 \u0430\u043a\u0442\u0438\u0432\u043d\u043e\u0433\u043e \u043e\u0442\u0434\u044b\u0445\u0430. \u0421\u0434\u0435\u043b\u0430\u0439\u0442\u0435 \u0432\u044b\u0431\u043e\u0440 \u0432 \u043f\u043e\u043b\u044c\u0437\u0443 \u0443\u0434\u043e\u0431\u0441\u0442\u0432\u0430!\",\"breadcrumb\":{\"@id\":\"https:\/\/xstyle.md\/product\/karemat-wardmason-honeycomb-mat-with-aluminum-with-logo\/#breadcrumb\"},\"inLanguage\":\"ro-RO\",\"potentialAction\":[{\"@type\":\"ReadAction\",\"target\":[\"https:\/\/xstyle.md\/product\/karemat-wardmason-honeycomb-mat-with-aluminum-with-logo\/\"]}]},{\"@type\":\"ImageObject\",\"inLanguage\":\"ro-RO\",\"@id\":\"https:\/\/xstyle.md\/product\/karemat-wardmason-honeycomb-mat-with-aluminum-with-logo\/#primaryimage\",\"url\":\"https:\/\/xstyle.md\/wp-content\/uploads\/2024\/07\/wardmason-honeycomb-mat-with-aluminum-with-logo.jpg\",\"contentUrl\":\"https:\/\/xstyle.md\/wp-content\/uploads\/2024\/07\/wardmason-honeycomb-mat-with-aluminum-with-logo.jpg\",\"width\":844,\"height\":727,\"caption\":\"\u041a\u0430\u043c\u0435\u0440\u0430\u0442 Wardmason \u0441 \u0443\u043b\u044c\u0435\u0432\u044b\u043c \u0440\u0438\u0441\u0443\u043d\u043a\u043e\u043c, \u0430\u043b\u044e\u043c\u0438\u043d\u0438\u0435\u0432\u043e\u0439 \u043f\u043e\u0432\u0435\u0440\u0445\u043d\u043e\u0441\u0442\u044c\u044e \u0438 \u043b\u043e\u0433\u043e\u0442\u0438\u043f\u043e\u043c \u0434\u043b\u044f \u0430\u043a\u0442\u0438\u0432\u043d\u043e\u0433\u043e \u043e\u0442\u0434\u044b\u0445\u0430, \u0442\u0443\u0440\u0438\u0437\u043c\u0430 \u0438 \u043f\u0443\u0442\u0435\u0448\u0435\u0441\u0442\u0432\u0438\u0439, \u0441\u043f\u043e\u0440\u0442\u0438\u0432\u043d\u043e\u0439 \u043e\u0434\u0435\u0436\u0434\u044b \u0438 \u043e\u0431\u0443\u0432\u0438, \u043f\u043e\u0445\u043e\u0434\u043e\u0432 \u0438 \u0430\u043b\u044c\u043f\u0438\u043d\u0438\u0437\u043c\u0430\"},{\"@type\":\"BreadcrumbList\",\"@id\":\"https:\/\/xstyle.md\/product\/karemat-wardmason-honeycomb-mat-with-aluminum-with-logo\/#breadcrumb\",\"itemListElement\":[{\"@type\":\"ListItem\",\"position\":1,\"name\":\"\u0413\u043b\u0430\u0432\u043d\u0430\u044f \u0441\u0442\u0440\u0430\u043d\u0438\u0446\u0430\",\"item\":\"https:\/\/xstyle.md\/\"},{\"@type\":\"ListItem\",\"position\":2,\"name\":\"\u041c\u0430\u0433\u0430\u0437\u0438\u043d\",\"item\":\"https:\/\/xstyle.md\/shop\/\"},{\"@type\":\"ListItem\",\"position\":3,\"name\":\"\u041a\u0430\u0440\u0435\u043c\u0430\u0442 Wardmason Honeycomb Mat With Aluminum With LOGO\"}]},{\"@type\":\"WebSite\",\"@id\":\"https:\/\/xstyle.md\/#website\",\"url\":\"https:\/\/xstyle.md\/\",\"name\":\"\u041c\u0430\u0433\u0430\u0437\u0438\u043d Xstyle\",\"description\":\"C\u043d\u0430\u0440\u044f\u0436\u0435\u043d\u0438\u0435 \u0434\u043b\u044f \u0442\u0443\u0440\u0438\u0437\u043c\u0430 \u0438 \u044d\u043a\u0441\u0442\u0440\u0435\u043c\u0430\u043b\u044c\u043d\u044b\u0445 \u0432\u0438\u0434\u043e\u0432 \u0441\u043f\u043e\u0440\u0442\u0430 \u0432 \u041c\u043e\u043b\u0434\u043e\u0432\u0435.. \u0426\u0435\u043d\u044b, \u0444\u043e\u0442\u043e, \u0445\u0430\u0440\u0430\u043a\u0442\u0435\u0440\u0438\u0441\u0442\u0438\u043a\u0438 \u0432 \u041c\u043e\u043b\u0434\u043e\u0432\u0435.\",\"publisher\":{\"@id\":\"https:\/\/xstyle.md\/#organization\"},\"alternateName\":\"X-Style\",\"potentialAction\":[{\"@type\":\"SearchAction\",\"target\":{\"@type\":\"EntryPoint\",\"urlTemplate\":\"https:\/\/xstyle.md\/?s={search_term_string}\"},\"query-input\":{\"@type\":\"PropertyValueSpecification\",\"valueRequired\":true,\"valueName\":\"search_term_string\"}}],\"inLanguage\":\"ro-RO\"},{\"@type\":\"Organization\",\"@id\":\"https:\/\/xstyle.md\/#organization\",\"name\":\"\u041c\u0430\u0433\u0430\u0437\u0438\u043d Xstyle\",\"alternateName\":\"x-style\",\"url\":\"https:\/\/xstyle.md\/\",\"logo\":{\"@type\":\"ImageObject\",\"inLanguage\":\"ro-RO\",\"@id\":\"https:\/\/xstyle.md\/#\/schema\/logo\/image\/\",\"url\":\"https:\/\/xstyle.md\/wp-content\/uploads\/2020\/06\/logoicon.svg\",\"contentUrl\":\"https:\/\/xstyle.md\/wp-content\/uploads\/2020\/06\/logoicon.svg\",\"caption\":\"\u041c\u0430\u0433\u0430\u0437\u0438\u043d Xstyle\"},\"image\":{\"@id\":\"https:\/\/xstyle.md\/#\/schema\/logo\/image\/\"},\"sameAs\":[\"https:\/\/www.facebook.com\/xstylemd\",\"https:\/\/www.instagram.com\/xstyle_md\/\",\"https:\/\/t.me\/xstyle_outdoor\"],\"hasMerchantReturnPolicy\":{\"@type\":\"MerchantReturnPolicy\",\"merchantReturnLink\":\"https:\/\/xstyle.md\/ro\/conditions\/\"}}]}<\/script>\n<meta property=\"product:price:amount\" content=\"390.00\" \/>\n<meta property=\"product:price:currency\" content=\"MDL\" \/>\n<meta property=\"og:availability\" content=\"instock\" \/>\n<meta property=\"product:availability\" content=\"instock\" \/>\n<meta property=\"product:retailer_item_id\" content=\"2000999769863\" \/>\n<meta property=\"product:condition\" content=\"new\" \/>\n<!-- \/ Yoast SEO plugin. -->","yoast_head_json":{"title":"Covora\u0219 turistic Wardmason Honeycomb Mat With Aluminum With LOGO - Magazin Xstyle","description":"\u041aarpemat Wardmason Honeycomb cu logo-ul XStyle \u2013 u\u0219or, compact \u0219i confortabil. Ideal pentru c\u0103l\u0103torii \u0219i activit\u0103\u021bi \u00een aer liber. Alege\u021bi confortul!","robots":{"index":"index","follow":"follow","max-snippet":"max-snippet:-1","max-image-preview":"max-image-preview:large","max-video-preview":"max-video-preview:-1"},"canonical":"https:\/\/xstyle.md\/ro\/produs\/karemat-wardmason-honeycomb-mat-with-aluminum-with-logo\/","og_locale":"ro_RO","og_type":"article","og_title":"\u041a\u0430\u0440\u0435\u043c\u0430\u0442 Wardmason Honeycomb Mat With Aluminum With LOGO - \u041c\u0430\u0433\u0430\u0437\u0438\u043d Xstyle","og_description":"\u041a\u0430\u0440\u0435\u043c\u0430\u0442 Wardmason Honeycomb \u0441 \u043b\u043e\u0433\u043e\u0442\u0438\u043f\u043e\u043c XStyle \u2014 \u043b\u0435\u0433\u043a\u0438\u0439, \u043a\u043e\u043c\u043f\u0430\u043a\u0442\u043d\u044b\u0439 \u0438 \u043a\u043e\u043c\u0444\u043e\u0440\u0442\u0430\u0431\u0435\u043b\u044c\u043d\u044b\u0439. \u0418\u0434\u0435\u0430\u043b\u0435\u043d \u0434\u043b\u044f \u043f\u0443\u0442\u0435\u0448\u0435\u0441\u0442\u0432\u0438\u0439 \u0438 \u0430\u043a\u0442\u0438\u0432\u043d\u043e\u0433\u043e \u043e\u0442\u0434\u044b\u0445\u0430. \u0421\u0434\u0435\u043b\u0430\u0439\u0442\u0435 \u0432\u044b\u0431\u043e\u0440 \u0432 \u043f\u043e\u043b\u044c\u0437\u0443 \u0443\u0434\u043e\u0431\u0441\u0442\u0432\u0430!","og_url":"https:\/\/xstyle.md\/ro\/produs\/karemat-wardmason-honeycomb-mat-with-aluminum-with-logo\/","og_site_name":"\u041c\u0430\u0433\u0430\u0437\u0438\u043d Xstyle","article_publisher":"https:\/\/www.facebook.com\/xstylemd","article_modified_time":"2024-10-21T07:07:13+00:00","og_image":[{"width":844,"height":727,"url":"https:\/\/xstyle.md\/wp-content\/uploads\/2024\/07\/wardmason-honeycomb-mat-with-aluminum-with-logo.jpg","type":"image\/jpeg"}],"twitter_card":"summary_large_image","twitter_misc":{"Pre\u021b":"390&nbsp;MDL","Disponibilitate":"\u00cen stoc"},"schema":{"@context":"https:\/\/schema.org","@graph":[{"@type":"WebPage","@id":"https:\/\/xstyle.md\/product\/karemat-wardmason-honeycomb-mat-with-aluminum-with-logo\/","url":"https:\/\/xstyle.md\/product\/karemat-wardmason-honeycomb-mat-with-aluminum-with-logo\/","name":"Covora\u0219 turistic Wardmason Honeycomb Mat With Aluminum With LOGO - Magazin Xstyle","isPartOf":{"@id":"https:\/\/xstyle.md\/#website"},"primaryImageOfPage":{"@id":"https:\/\/xstyle.md\/product\/karemat-wardmason-honeycomb-mat-with-aluminum-with-logo\/#primaryimage"},"image":{"@id":"https:\/\/xstyle.md\/product\/karemat-wardmason-honeycomb-mat-with-aluminum-with-logo\/#primaryimage"},"thumbnailUrl":"https:\/\/xstyle.md\/wp-content\/uploads\/2024\/07\/wardmason-honeycomb-mat-with-aluminum-with-logo.jpg","datePublished":"2024-07-18T11:38:59+00:00","dateModified":"2024-10-21T07:07:13+00:00","description":"\u041aarpemat Wardmason Honeycomb cu logo-ul XStyle \u2013 u\u0219or, compact \u0219i confortabil. Ideal pentru c\u0103l\u0103torii \u0219i activit\u0103\u021bi \u00een aer liber. Alege\u021bi confortul!","breadcrumb":{"@id":"https:\/\/xstyle.md\/product\/karemat-wardmason-honeycomb-mat-with-aluminum-with-logo\/#breadcrumb"},"inLanguage":"ro-RO","potentialAction":[{"@type":"ReadAction","target":["https:\/\/xstyle.md\/product\/karemat-wardmason-honeycomb-mat-with-aluminum-with-logo\/"]}]},{"@type":"ImageObject","inLanguage":"ro-RO","@id":"https:\/\/xstyle.md\/product\/karemat-wardmason-honeycomb-mat-with-aluminum-with-logo\/#primaryimage","url":"https:\/\/xstyle.md\/wp-content\/uploads\/2024\/07\/wardmason-honeycomb-mat-with-aluminum-with-logo.jpg","contentUrl":"https:\/\/xstyle.md\/wp-content\/uploads\/2024\/07\/wardmason-honeycomb-mat-with-aluminum-with-logo.jpg","width":844,"height":727,"caption":"\u041a\u0430\u043c\u0435\u0440\u0430\u0442 Wardmason \u0441 \u0443\u043b\u044c\u0435\u0432\u044b\u043c \u0440\u0438\u0441\u0443\u043d\u043a\u043e\u043c, \u0430\u043b\u044e\u043c\u0438\u043d\u0438\u0435\u0432\u043e\u0439 \u043f\u043e\u0432\u0435\u0440\u0445\u043d\u043e\u0441\u0442\u044c\u044e \u0438 \u043b\u043e\u0433\u043e\u0442\u0438\u043f\u043e\u043c \u0434\u043b\u044f \u0430\u043a\u0442\u0438\u0432\u043d\u043e\u0433\u043e \u043e\u0442\u0434\u044b\u0445\u0430, \u0442\u0443\u0440\u0438\u0437\u043c\u0430 \u0438 \u043f\u0443\u0442\u0435\u0448\u0435\u0441\u0442\u0432\u0438\u0439, \u0441\u043f\u043e\u0440\u0442\u0438\u0432\u043d\u043e\u0439 \u043e\u0434\u0435\u0436\u0434\u044b \u0438 \u043e\u0431\u0443\u0432\u0438, \u043f\u043e\u0445\u043e\u0434\u043e\u0432 \u0438 \u0430\u043b\u044c\u043f\u0438\u043d\u0438\u0437\u043c\u0430"},{"@type":"BreadcrumbList","@id":"https:\/\/xstyle.md\/product\/karemat-wardmason-honeycomb-mat-with-aluminum-with-logo\/#breadcrumb","itemListElement":[{"@type":"ListItem","position":1,"name":"\u0413\u043b\u0430\u0432\u043d\u0430\u044f \u0441\u0442\u0440\u0430\u043d\u0438\u0446\u0430","item":"https:\/\/xstyle.md\/"},{"@type":"ListItem","position":2,"name":"\u041c\u0430\u0433\u0430\u0437\u0438\u043d","item":"https:\/\/xstyle.md\/shop\/"},{"@type":"ListItem","position":3,"name":"\u041a\u0430\u0440\u0435\u043c\u0430\u0442 Wardmason Honeycomb Mat With Aluminum With LOGO"}]},{"@type":"WebSite","@id":"https:\/\/xstyle.md\/#website","url":"https:\/\/xstyle.md\/","name":"Magazinul X-Style","description":"Echipamente pentru turism \u0219i sporturi extreme \u00een Moldova. Pre\u021buri, fotografii, caracteristici \u00een Moldova.","publisher":{"@id":"https:\/\/xstyle.md\/#organization"},"alternateName":"X-Style","potentialAction":[{"@type":"SearchAction","target":{"@type":"EntryPoint","urlTemplate":"https:\/\/xstyle.md\/?s={search_term_string}"},"query-input":{"@type":"PropertyValueSpecification","valueRequired":true,"valueName":"search_term_string"}}],"inLanguage":"ro-RO"},{"@type":"Organization","@id":"https:\/\/xstyle.md\/#organization","name":"Magazinul X-Style","alternateName":"x-style","url":"https:\/\/xstyle.md\/","logo":{"@type":"ImageObject","inLanguage":"ro-RO","@id":"https:\/\/xstyle.md\/#\/schema\/logo\/image\/","url":"https:\/\/xstyle.md\/wp-content\/uploads\/2020\/06\/logoicon.svg","contentUrl":"https:\/\/xstyle.md\/wp-content\/uploads\/2020\/06\/logoicon.svg","caption":"\u041c\u0430\u0433\u0430\u0437\u0438\u043d Xstyle"},"image":{"@id":"https:\/\/xstyle.md\/#\/schema\/logo\/image\/"},"sameAs":["https:\/\/www.facebook.com\/xstylemd","https:\/\/www.instagram.com\/xstyle_md\/","https:\/\/t.me\/xstyle_outdoor"],"hasMerchantReturnPolicy":{"@type":"MerchantReturnPolicy","merchantReturnLink":"https:\/\/xstyle.md\/ro\/conditions\/"}}]},"product_price_amount":"390.00","product_price_currency":"MDL","og_availability":"instock","product_availability":"instock","product_retailer_item_id":"2000999769863","product_condition":"new"},"post_mailing_queue_ids":[],"_links":{"self":[{"href":"https:\/\/xstyle.md\/ro\/wp-json\/wp\/v2\/product\/85799","targetHints":{"allow":["GET"]}}],"collection":[{"href":"https:\/\/xstyle.md\/ro\/wp-json\/wp\/v2\/product"}],"about":[{"href":"https:\/\/xstyle.md\/ro\/wp-json\/wp\/v2\/types\/product"}],"replies":[{"embeddable":true,"href":"https:\/\/xstyle.md\/ro\/wp-json\/wp\/v2\/comments?post=85799"}],"wp:featuredmedia":[{"embeddable":true,"href":"https:\/\/xstyle.md\/ro\/wp-json\/wp\/v2\/media\/85825"}],"wp:attachment":[{"href":"https:\/\/xstyle.md\/ro\/wp-json\/wp\/v2\/media?parent=85799"}],"wp:term":[{"taxonomy":"product_brand","embeddable":true,"href":"https:\/\/xstyle.md\/ro\/wp-json\/wp\/v2\/product_brand?post=85799"},{"taxonomy":"product_cat","embeddable":true,"href":"https:\/\/xstyle.md\/ro\/wp-json\/wp\/v2\/product_cat?post=85799"},{"taxonomy":"product_tag","embeddable":true,"href":"https:\/\/xstyle.md\/ro\/wp-json\/wp\/v2\/product_tag?post=85799"}],"curies":[{"name":"wp","href":"https:\/\/api.w.org\/{rel}","templated":true}]}}