{"id":85798,"date":"2024-07-18T14:38:59","date_gmt":"2024-07-18T11:38:59","guid":{"rendered":"https:\/\/xstyle.md\/?post_type=product&#038;p=85798"},"modified":"2026-03-18T19:19:39","modified_gmt":"2026-03-18T16:19:39","slug":"sidushka-wardmason-honeycomb-mat","status":"publish","type":"product","link":"https:\/\/xstyle.md\/ro\/produs\/sidushka-wardmason-honeycomb-mat\/","title":{"rendered":"Covora\u0219 Wardmason Honeycomb mat"},"content":{"rendered":"<p><\/p>\n<p><strong>Wardmason Honeycomb mat<\/strong> &#8212; este o perni\u021b\u0103 de \u0219ezut u\u0219oar\u0103 \u0219i pliabil\u0103, fabricat\u0103 din polietilen\u0103 cu suprafa\u021b\u0103 profilat\u0103 (fagure). Aceasta protejeaz\u0103 eficient \u00eempotriva frigului \u0219i asigur\u0103 impermeabilitate. Nu ocup\u0103 mult spa\u021biu datorit\u0103 profilelor care se pliaz\u0103 perfect unele \u00een altele, fiind simplu de utilizat \u0219i extrem de convenabil\u0103 pentru transport.<\/p>\n<h3>Caracteristici<\/h3>\n<ul>\n<li>Material &#8212; Polietilen\u0103<\/li>\n<li>Dimensiuni &#8212; 40 x 30 x 1 cm<\/li>\n<\/ul>\n<p><\/p>","protected":false},"excerpt":{"rendered":"","protected":false},"featured_media":85847,"comment_status":"open","ping_status":"closed","template":"","meta":{"_acf_changed":false,"inline_featured_image":false},"product_brand":[1487],"product_cat":[203],"product_tag":[],"class_list":{"0":"post-85798","1":"product","2":"type-product","3":"status-publish","4":"has-post-thumbnail","6":"product_brand-wardmason","7":"product_cat-seat","9":"first","10":"instock","11":"shipping-taxable","12":"purchasable","13":"product-type-simple"},"acf":[],"yoast_head":"<!-- This site is optimized with the Yoast SEO plugin v27.2 - https:\/\/yoast.com\/product\/yoast-seo-wordpress\/ -->\n<title>\u0421\u0438\u0434\u0443\u0448\u043a\u0430 Wardmason Honeycomb mat - \u041c\u0430\u0433\u0430\u0437\u0438\u043d Xstyle<\/title>\n<meta name=\"description\" content=\"&quot;\u0421\u0438\u0434\u0443\u0448\u043a\u0430 Wardmason Honeycomb \u043c\u0430\u0442 40\u044530\u04451 \u0441\u043c: \u0443\u0434\u043e\u0431\u043d\u0430\u044f \u0438 \u0441\u0442\u0438\u043b\u044c\u043d\u0430\u044f \u043f\u043e\u0434\u0443\u0448\u043a\u0430 \u0434\u043b\u044f \u0432\u0430\u0448\u0435\u0433\u043e \u0434\u043e\u043c\u0430. \u0418\u0434\u0435\u0430\u043b\u044c\u043d\u043e \u043f\u043e\u0434\u0445\u043e\u0434\u0438\u0442 \u0434\u043b\u044f \u043a\u043e\u043c\u0444\u043e\u0440\u0442\u0430 \u0438 \u0441\u0442\u0438\u043b\u044f \u0432 \u0438\u043d\u0442\u0435\u0440\u044c\u0435\u0440\u0435!&quot;\" \/>\n<meta name=\"robots\" content=\"index, follow, max-snippet:-1, max-image-preview:large, max-video-preview:-1\" \/>\n<link rel=\"canonical\" href=\"https:\/\/xstyle.md\/ro\/produs\/sidushka-wardmason-honeycomb-mat\/\" \/>\n<meta property=\"og:locale\" content=\"ro_RO\" \/>\n<meta property=\"og:type\" content=\"article\" \/>\n<meta property=\"og:title\" content=\"\u0421\u0438\u0434\u0443\u0448\u043a\u0430 Wardmason Honeycomb mat - \u041c\u0430\u0433\u0430\u0437\u0438\u043d Xstyle\" \/>\n<meta property=\"og:description\" content=\"&quot;\u0421\u0438\u0434\u0443\u0448\u043a\u0430 Wardmason Honeycomb \u043c\u0430\u0442 40\u044530\u04451 \u0441\u043c: \u0443\u0434\u043e\u0431\u043d\u0430\u044f \u0438 \u0441\u0442\u0438\u043b\u044c\u043d\u0430\u044f \u043f\u043e\u0434\u0443\u0448\u043a\u0430 \u0434\u043b\u044f \u0432\u0430\u0448\u0435\u0433\u043e \u0434\u043e\u043c\u0430. \u0418\u0434\u0435\u0430\u043b\u044c\u043d\u043e \u043f\u043e\u0434\u0445\u043e\u0434\u0438\u0442 \u0434\u043b\u044f \u043a\u043e\u043c\u0444\u043e\u0440\u0442\u0430 \u0438 \u0441\u0442\u0438\u043b\u044f \u0432 \u0438\u043d\u0442\u0435\u0440\u044c\u0435\u0440\u0435!&quot;\" \/>\n<meta property=\"og:url\" content=\"https:\/\/xstyle.md\/ro\/produs\/sidushka-wardmason-honeycomb-mat\/\" \/>\n<meta property=\"og:site_name\" content=\"\u041c\u0430\u0433\u0430\u0437\u0438\u043d Xstyle\" \/>\n<meta property=\"article:publisher\" content=\"https:\/\/www.facebook.com\/xstylemd\" \/>\n<meta property=\"article:modified_time\" content=\"2026-03-18T16:19:39+00:00\" \/>\n<meta property=\"og:image\" content=\"https:\/\/xstyle.md\/wp-content\/uploads\/2024\/07\/wardmason-honeycomb-ma0.jpg\" \/>\n\t<meta property=\"og:image:width\" content=\"577\" \/>\n\t<meta property=\"og:image:height\" content=\"556\" \/>\n\t<meta property=\"og:image:type\" content=\"image\/jpeg\" \/>\n<meta name=\"twitter:card\" content=\"summary_large_image\" \/>\n<meta name=\"twitter:label1\" content=\"Pre\u021b\" \/>\n\t<meta name=\"twitter:data1\" content=\"75&nbsp;MDL\" \/>\n\t<meta name=\"twitter:label2\" content=\"Disponibilitate\" \/>\n\t<meta name=\"twitter:data2\" content=\"\u00cen stoc\" \/>\n<script type=\"application\/ld+json\" class=\"yoast-schema-graph\">{\"@context\":\"https:\/\/schema.org\",\"@graph\":[{\"@type\":\"WebPage\",\"@id\":\"https:\/\/xstyle.md\/product\/sidushka-wardmason-honeycomb-mat\/\",\"url\":\"https:\/\/xstyle.md\/product\/sidushka-wardmason-honeycomb-mat\/\",\"name\":\"\u0421\u0438\u0434\u0443\u0448\u043a\u0430 Wardmason Honeycomb mat - \u041c\u0430\u0433\u0430\u0437\u0438\u043d Xstyle\",\"isPartOf\":{\"@id\":\"https:\/\/xstyle.md\/#website\"},\"primaryImageOfPage\":{\"@id\":\"https:\/\/xstyle.md\/product\/sidushka-wardmason-honeycomb-mat\/#primaryimage\"},\"image\":{\"@id\":\"https:\/\/xstyle.md\/product\/sidushka-wardmason-honeycomb-mat\/#primaryimage\"},\"thumbnailUrl\":\"https:\/\/xstyle.md\/wp-content\/uploads\/2024\/07\/wardmason-honeycomb-ma0.jpg\",\"datePublished\":\"2024-07-18T11:38:59+00:00\",\"dateModified\":\"2026-03-18T16:19:39+00:00\",\"description\":\"\\\"\u0421\u0438\u0434\u0443\u0448\u043a\u0430 Wardmason Honeycomb \u043c\u0430\u0442 40\u044530\u04451 \u0441\u043c: \u0443\u0434\u043e\u0431\u043d\u0430\u044f \u0438 \u0441\u0442\u0438\u043b\u044c\u043d\u0430\u044f \u043f\u043e\u0434\u0443\u0448\u043a\u0430 \u0434\u043b\u044f \u0432\u0430\u0448\u0435\u0433\u043e \u0434\u043e\u043c\u0430. \u0418\u0434\u0435\u0430\u043b\u044c\u043d\u043e \u043f\u043e\u0434\u0445\u043e\u0434\u0438\u0442 \u0434\u043b\u044f \u043a\u043e\u043c\u0444\u043e\u0440\u0442\u0430 \u0438 \u0441\u0442\u0438\u043b\u044f \u0432 \u0438\u043d\u0442\u0435\u0440\u044c\u0435\u0440\u0435!\\\"\",\"breadcrumb\":{\"@id\":\"https:\/\/xstyle.md\/product\/sidushka-wardmason-honeycomb-mat\/#breadcrumb\"},\"inLanguage\":\"ro-RO\",\"potentialAction\":[{\"@type\":\"ReadAction\",\"target\":[\"https:\/\/xstyle.md\/product\/sidushka-wardmason-honeycomb-mat\/\"]}]},{\"@type\":\"ImageObject\",\"inLanguage\":\"ro-RO\",\"@id\":\"https:\/\/xstyle.md\/product\/sidushka-wardmason-honeycomb-mat\/#primaryimage\",\"url\":\"https:\/\/xstyle.md\/wp-content\/uploads\/2024\/07\/wardmason-honeycomb-ma0.jpg\",\"contentUrl\":\"https:\/\/xstyle.md\/wp-content\/uploads\/2024\/07\/wardmason-honeycomb-ma0.jpg\",\"width\":577,\"height\":556,\"caption\":\"\u041a\u043e\u0432\u0440\u0438\u043a \u0434\u043b\u044f \u0430\u043a\u0442\u0438\u0432\u043d\u043e\u0433\u043e \u043e\u0442\u0434\u044b\u0445\u0430 Wardmason \u0441 \u0430\u043b\u044e\u043c\u0438\u043d\u0438\u0435\u0432\u043e\u0439 \u0444\u043e\u043b\u044c\u0433\u043e\u0439 \u0438 \u044d\u043b\u0430\u0441\u0442\u0438\u0447\u043d\u044b\u043c\u0438 \u0440\u0435\u043c\u043d\u044f\u043c\u0438 \u0434\u043b\u044f \u0442\u0443\u0440\u0438\u0441\u0442\u043e\u0432, \u043f\u043e\u0445\u043e\u0434\u043e\u0432 \u0438 \u0430\u043b\u044c\u043f\u0438\u043d\u0438\u0437\u043c\u0430 \u0432 \u0438\u043d\u0442\u0435\u0440\u043d\u0435\u0442-\u043c\u0430\u0433\u0430\u0437\u0438\u043d\u0435 \u0442\u043e\u0432\u0430\u0440\u043e\u0432 \u0434\u043b\u044f \u0430\u043a\u0442\u0438\u0432\u043d\u043e\u0439 \u0436\u0438\u0437\u043d\u0438\"},{\"@type\":\"BreadcrumbList\",\"@id\":\"https:\/\/xstyle.md\/product\/sidushka-wardmason-honeycomb-mat\/#breadcrumb\",\"itemListElement\":[{\"@type\":\"ListItem\",\"position\":1,\"name\":\"\u0413\u043b\u0430\u0432\u043d\u0430\u044f \u0441\u0442\u0440\u0430\u043d\u0438\u0446\u0430\",\"item\":\"https:\/\/xstyle.md\/\"},{\"@type\":\"ListItem\",\"position\":2,\"name\":\"\u041c\u0430\u0433\u0430\u0437\u0438\u043d\",\"item\":\"https:\/\/xstyle.md\/shop\/\"},{\"@type\":\"ListItem\",\"position\":3,\"name\":\"\u0421\u0438\u0434\u0443\u0448\u043a\u0430 Wardmason Honeycomb mat\"}]},{\"@type\":\"WebSite\",\"@id\":\"https:\/\/xstyle.md\/#website\",\"url\":\"https:\/\/xstyle.md\/\",\"name\":\"\u041c\u0430\u0433\u0430\u0437\u0438\u043d Xstyle\",\"description\":\"C\u043d\u0430\u0440\u044f\u0436\u0435\u043d\u0438\u0435 \u0434\u043b\u044f \u0442\u0443\u0440\u0438\u0437\u043c\u0430 \u0438 \u044d\u043a\u0441\u0442\u0440\u0435\u043c\u0430\u043b\u044c\u043d\u044b\u0445 \u0432\u0438\u0434\u043e\u0432 \u0441\u043f\u043e\u0440\u0442\u0430 \u0432 \u041c\u043e\u043b\u0434\u043e\u0432\u0435.. \u0426\u0435\u043d\u044b, \u0444\u043e\u0442\u043e, \u0445\u0430\u0440\u0430\u043a\u0442\u0435\u0440\u0438\u0441\u0442\u0438\u043a\u0438 \u0432 \u041c\u043e\u043b\u0434\u043e\u0432\u0435.\",\"publisher\":{\"@id\":\"https:\/\/xstyle.md\/#organization\"},\"alternateName\":\"X-Style\",\"potentialAction\":[{\"@type\":\"SearchAction\",\"target\":{\"@type\":\"EntryPoint\",\"urlTemplate\":\"https:\/\/xstyle.md\/?s={search_term_string}\"},\"query-input\":{\"@type\":\"PropertyValueSpecification\",\"valueRequired\":true,\"valueName\":\"search_term_string\"}}],\"inLanguage\":\"ro-RO\"},{\"@type\":\"Organization\",\"@id\":\"https:\/\/xstyle.md\/#organization\",\"name\":\"\u041c\u0430\u0433\u0430\u0437\u0438\u043d Xstyle\",\"alternateName\":\"x-style\",\"url\":\"https:\/\/xstyle.md\/\",\"logo\":{\"@type\":\"ImageObject\",\"inLanguage\":\"ro-RO\",\"@id\":\"https:\/\/xstyle.md\/#\/schema\/logo\/image\/\",\"url\":\"https:\/\/xstyle.md\/wp-content\/uploads\/2020\/06\/logoicon.svg\",\"contentUrl\":\"https:\/\/xstyle.md\/wp-content\/uploads\/2020\/06\/logoicon.svg\",\"caption\":\"\u041c\u0430\u0433\u0430\u0437\u0438\u043d Xstyle\"},\"image\":{\"@id\":\"https:\/\/xstyle.md\/#\/schema\/logo\/image\/\"},\"sameAs\":[\"https:\/\/www.facebook.com\/xstylemd\",\"https:\/\/www.instagram.com\/xstyle_md\/\",\"https:\/\/t.me\/xstyle_outdoor\"],\"hasMerchantReturnPolicy\":{\"@type\":\"MerchantReturnPolicy\",\"merchantReturnLink\":\"https:\/\/xstyle.md\/ro\/conditions\/\"}}]}<\/script>\n<meta property=\"product:price:amount\" content=\"75.00\" \/>\n<meta property=\"product:price:currency\" content=\"MDL\" \/>\n<meta property=\"og:availability\" content=\"instock\" \/>\n<meta property=\"product:availability\" content=\"instock\" \/>\n<meta property=\"product:retailer_item_id\" content=\"2000999769900\" \/>\n<meta property=\"product:condition\" content=\"new\" \/>\n<!-- \/ Yoast SEO plugin. -->","yoast_head_json":{"title":"Sidu\u0219ca Wardmason Honeycomb mat - Magazin Xstyle","description":"\"\\u0421\\u0438\\u0434\\u0443\\u0448\\u043a\\u0430 Wardmason Honeycomb \\u043c\\u0430\\u0442 40\\u044530\\u04451 \\u0441\\u043c: \\u0443\\u0434\\u043e\\u0431\\u043d\\u0430\\u044f \\u0438 \\u0441\\u0442\\u0438\\u043b\\u044c\\u043d\\u0430\\u044f \\u043f\\u043e\\u0434\\u0443\\u0448\\u043a\\u0430 \\u0434\\u043b\\u044f \\u0432\\u0430\\u0448\\u0435\\u0433\\u043e \\u0434\\u043e\\u043c\\u0430. \\u0418\\u0434\\u0435\\u0430\\u043b\\u044c\\u043d\\u043e \\u043f\\u043e\\u0434\\u0445\\u043e\\u0434\\u0438\\u0442 \\u0434\\u043b\\u044f \\u043a\\u043e\\u043c\\u0444\\u043e\\u0440\\u0442\\u0430 \\u0438 \\u0441\\u0442\\u0438\\u043b\\u044f \\u0432 \\u0438\\u043d\\u0442\\u0435\\u0440\\u044c\\u0435\\u0440\\u0435!\"","robots":{"index":"index","follow":"follow","max-snippet":"max-snippet:-1","max-image-preview":"max-image-preview:large","max-video-preview":"max-video-preview:-1"},"canonical":"https:\/\/xstyle.md\/ro\/produs\/sidushka-wardmason-honeycomb-mat\/","og_locale":"ro_RO","og_type":"article","og_title":"\u0421\u0438\u0434\u0443\u0448\u043a\u0430 Wardmason Honeycomb mat - \u041c\u0430\u0433\u0430\u0437\u0438\u043d Xstyle","og_description":"\"\u0421\u0438\u0434\u0443\u0448\u043a\u0430 Wardmason Honeycomb \u043c\u0430\u0442 40\u044530\u04451 \u0441\u043c: \u0443\u0434\u043e\u0431\u043d\u0430\u044f \u0438 \u0441\u0442\u0438\u043b\u044c\u043d\u0430\u044f \u043f\u043e\u0434\u0443\u0448\u043a\u0430 \u0434\u043b\u044f \u0432\u0430\u0448\u0435\u0433\u043e \u0434\u043e\u043c\u0430. \u0418\u0434\u0435\u0430\u043b\u044c\u043d\u043e \u043f\u043e\u0434\u0445\u043e\u0434\u0438\u0442 \u0434\u043b\u044f \u043a\u043e\u043c\u0444\u043e\u0440\u0442\u0430 \u0438 \u0441\u0442\u0438\u043b\u044f \u0432 \u0438\u043d\u0442\u0435\u0440\u044c\u0435\u0440\u0435!\"","og_url":"https:\/\/xstyle.md\/ro\/produs\/sidushka-wardmason-honeycomb-mat\/","og_site_name":"\u041c\u0430\u0433\u0430\u0437\u0438\u043d Xstyle","article_publisher":"https:\/\/www.facebook.com\/xstylemd","article_modified_time":"2026-03-18T16:19:39+00:00","og_image":[{"width":577,"height":556,"url":"https:\/\/xstyle.md\/wp-content\/uploads\/2024\/07\/wardmason-honeycomb-ma0.jpg","type":"image\/jpeg"}],"twitter_card":"summary_large_image","twitter_misc":{"Pre\u021b":"75&nbsp;MDL","Disponibilitate":"\u00cen stoc"},"schema":{"@context":"https:\/\/schema.org","@graph":[{"@type":"WebPage","@id":"https:\/\/xstyle.md\/product\/sidushka-wardmason-honeycomb-mat\/","url":"https:\/\/xstyle.md\/product\/sidushka-wardmason-honeycomb-mat\/","name":"Sidu\u0219ca Wardmason Honeycomb mat - Magazin Xstyle","isPartOf":{"@id":"https:\/\/xstyle.md\/#website"},"primaryImageOfPage":{"@id":"https:\/\/xstyle.md\/product\/sidushka-wardmason-honeycomb-mat\/#primaryimage"},"image":{"@id":"https:\/\/xstyle.md\/product\/sidushka-wardmason-honeycomb-mat\/#primaryimage"},"thumbnailUrl":"https:\/\/xstyle.md\/wp-content\/uploads\/2024\/07\/wardmason-honeycomb-ma0.jpg","datePublished":"2024-07-18T11:38:59+00:00","dateModified":"2026-03-18T16:19:39+00:00","description":"\"\\u0421\\u0438\\u0434\\u0443\\u0448\\u043a\\u0430 Wardmason Honeycomb \\u043c\\u0430\\u0442 40\\u044530\\u04451 \\u0441\\u043c: \\u0443\\u0434\\u043e\\u0431\\u043d\\u0430\\u044f \\u0438 \\u0441\\u0442\\u0438\\u043b\\u044c\\u043d\\u0430\\u044f \\u043f\\u043e\\u0434\\u0443\\u0448\\u043a\\u0430 \\u0434\\u043b\\u044f \\u0432\\u0430\\u0448\\u0435\\u0433\\u043e \\u0434\\u043e\\u043c\\u0430. \\u0418\\u0434\\u0435\\u0430\\u043b\\u044c\\u043d\\u043e \\u043f\\u043e\\u0434\\u0445\\u043e\\u0434\\u0438\\u0442 \\u0434\\u043b\\u044f \\u043a\\u043e\\u043c\\u0444\\u043e\\u0440\\u0442\\u0430 \\u0438 \\u0441\\u0442\\u0438\\u043b\\u044f \\u0432 \\u0438\\u043d\\u0442\\u0435\\u0440\\u044c\\u0435\\u0440\\u0435!\"","breadcrumb":{"@id":"https:\/\/xstyle.md\/product\/sidushka-wardmason-honeycomb-mat\/#breadcrumb"},"inLanguage":"ro-RO","potentialAction":[{"@type":"ReadAction","target":["https:\/\/xstyle.md\/product\/sidushka-wardmason-honeycomb-mat\/"]}]},{"@type":"ImageObject","inLanguage":"ro-RO","@id":"https:\/\/xstyle.md\/product\/sidushka-wardmason-honeycomb-mat\/#primaryimage","url":"https:\/\/xstyle.md\/wp-content\/uploads\/2024\/07\/wardmason-honeycomb-ma0.jpg","contentUrl":"https:\/\/xstyle.md\/wp-content\/uploads\/2024\/07\/wardmason-honeycomb-ma0.jpg","width":577,"height":556,"caption":"\u041a\u043e\u0432\u0440\u0438\u043a \u0434\u043b\u044f \u0430\u043a\u0442\u0438\u0432\u043d\u043e\u0433\u043e \u043e\u0442\u0434\u044b\u0445\u0430 Wardmason \u0441 \u0430\u043b\u044e\u043c\u0438\u043d\u0438\u0435\u0432\u043e\u0439 \u0444\u043e\u043b\u044c\u0433\u043e\u0439 \u0438 \u044d\u043b\u0430\u0441\u0442\u0438\u0447\u043d\u044b\u043c\u0438 \u0440\u0435\u043c\u043d\u044f\u043c\u0438 \u0434\u043b\u044f \u0442\u0443\u0440\u0438\u0441\u0442\u043e\u0432, \u043f\u043e\u0445\u043e\u0434\u043e\u0432 \u0438 \u0430\u043b\u044c\u043f\u0438\u043d\u0438\u0437\u043c\u0430 \u0432 \u0438\u043d\u0442\u0435\u0440\u043d\u0435\u0442-\u043c\u0430\u0433\u0430\u0437\u0438\u043d\u0435 \u0442\u043e\u0432\u0430\u0440\u043e\u0432 \u0434\u043b\u044f \u0430\u043a\u0442\u0438\u0432\u043d\u043e\u0439 \u0436\u0438\u0437\u043d\u0438"},{"@type":"BreadcrumbList","@id":"https:\/\/xstyle.md\/product\/sidushka-wardmason-honeycomb-mat\/#breadcrumb","itemListElement":[{"@type":"ListItem","position":1,"name":"\u0413\u043b\u0430\u0432\u043d\u0430\u044f \u0441\u0442\u0440\u0430\u043d\u0438\u0446\u0430","item":"https:\/\/xstyle.md\/"},{"@type":"ListItem","position":2,"name":"\u041c\u0430\u0433\u0430\u0437\u0438\u043d","item":"https:\/\/xstyle.md\/shop\/"},{"@type":"ListItem","position":3,"name":"\u0421\u0438\u0434\u0443\u0448\u043a\u0430 Wardmason Honeycomb mat"}]},{"@type":"WebSite","@id":"https:\/\/xstyle.md\/#website","url":"https:\/\/xstyle.md\/","name":"Magazinul X-Style","description":"Echipamente pentru turism \u0219i sporturi extreme \u00een Moldova. Pre\u021buri, fotografii, caracteristici \u00een Moldova.","publisher":{"@id":"https:\/\/xstyle.md\/#organization"},"alternateName":"X-Style","potentialAction":[{"@type":"SearchAction","target":{"@type":"EntryPoint","urlTemplate":"https:\/\/xstyle.md\/?s={search_term_string}"},"query-input":{"@type":"PropertyValueSpecification","valueRequired":true,"valueName":"search_term_string"}}],"inLanguage":"ro-RO"},{"@type":"Organization","@id":"https:\/\/xstyle.md\/#organization","name":"Magazinul X-Style","alternateName":"x-style","url":"https:\/\/xstyle.md\/","logo":{"@type":"ImageObject","inLanguage":"ro-RO","@id":"https:\/\/xstyle.md\/#\/schema\/logo\/image\/","url":"https:\/\/xstyle.md\/wp-content\/uploads\/2020\/06\/logoicon.svg","contentUrl":"https:\/\/xstyle.md\/wp-content\/uploads\/2020\/06\/logoicon.svg","caption":"\u041c\u0430\u0433\u0430\u0437\u0438\u043d Xstyle"},"image":{"@id":"https:\/\/xstyle.md\/#\/schema\/logo\/image\/"},"sameAs":["https:\/\/www.facebook.com\/xstylemd","https:\/\/www.instagram.com\/xstyle_md\/","https:\/\/t.me\/xstyle_outdoor"],"hasMerchantReturnPolicy":{"@type":"MerchantReturnPolicy","merchantReturnLink":"https:\/\/xstyle.md\/ro\/conditions\/"}}]},"product_price_amount":"75.00","product_price_currency":"MDL","og_availability":"instock","product_availability":"instock","product_retailer_item_id":"2000999769900","product_condition":"new"},"post_mailing_queue_ids":[],"_links":{"self":[{"href":"https:\/\/xstyle.md\/ro\/wp-json\/wp\/v2\/product\/85798","targetHints":{"allow":["GET"]}}],"collection":[{"href":"https:\/\/xstyle.md\/ro\/wp-json\/wp\/v2\/product"}],"about":[{"href":"https:\/\/xstyle.md\/ro\/wp-json\/wp\/v2\/types\/product"}],"replies":[{"embeddable":true,"href":"https:\/\/xstyle.md\/ro\/wp-json\/wp\/v2\/comments?post=85798"}],"wp:featuredmedia":[{"embeddable":true,"href":"https:\/\/xstyle.md\/ro\/wp-json\/wp\/v2\/media\/85847"}],"wp:attachment":[{"href":"https:\/\/xstyle.md\/ro\/wp-json\/wp\/v2\/media?parent=85798"}],"wp:term":[{"taxonomy":"product_brand","embeddable":true,"href":"https:\/\/xstyle.md\/ro\/wp-json\/wp\/v2\/product_brand?post=85798"},{"taxonomy":"product_cat","embeddable":true,"href":"https:\/\/xstyle.md\/ro\/wp-json\/wp\/v2\/product_cat?post=85798"},{"taxonomy":"product_tag","embeddable":true,"href":"https:\/\/xstyle.md\/ro\/wp-json\/wp\/v2\/product_tag?post=85798"}],"curies":[{"name":"wp","href":"https:\/\/api.w.org\/{rel}","templated":true}]}}