{"id":85796,"date":"2024-07-18T14:38:55","date_gmt":"2024-07-18T11:38:55","guid":{"rendered":"https:\/\/xstyle.md\/?post_type=product&#038;p=85796"},"modified":"2025-11-11T18:09:24","modified_gmt":"2025-11-11T15:09:24","slug":"ekstrennyj-tent-truba-travel-extreme-pe-245x150-cm","status":"publish","type":"product","link":"https:\/\/xstyle.md\/ro\/produs\/ekstrennyj-tent-truba-travel-extreme-pe-245x150-cm\/","title":{"rendered":"\u042d\u043a\u0441\u0442\u0440\u0435\u043d\u043d\u044b\u0439 \u0442\u0435\u043d\u0442 \u0442\u0440\u0443\u0431\u0430 Travel Extreme PE 245&#215;150 cm"},"content":{"rendered":"<\/p>\n<p><strong>Travel Extreme PE 245&#215;150 cm<\/strong> &#8212; este un cort de salvare de 245&#215;150 cm, montat cu o coard\u0103 \u00eentins\u0103 \u00eentre doi st\u00e2lpi. Poate fi montat ca un cort cu dou\u0103 pante \u0219i cu fund.<\/p>\n<h3>Particularit\u0103\u021bi<\/h3>\n<ul>\n<li>Structur\u0103 de sus\u021binere f\u0103r\u0103 suporturi<\/li>\n<li>Poate fi instalat cu ajutorul unui \u0219nur \u00eentre dou\u0103 suporturi<\/li>\n<li>Poate servi ca un cort cu pant\u0103 dubl\u0103, cu un fund pentru protec\u021bie \u0219i confort suplimentar<\/li>\n<\/ul>\n<h3>Caracteristici<\/h3>\n<ul>\n<li>Material &#8212; poliester metalizat<\/li>\n<li>Dimensiuni &#8212; 245 x 150 cm<\/li>\n<li>Greutate &#8212; 200 g<\/li>\n<\/ul>\n<p><\/p>","protected":false},"excerpt":{"rendered":"","protected":false},"featured_media":86596,"comment_status":"open","ping_status":"closed","template":"","meta":{"_acf_changed":false,"inline_featured_image":false},"product_brand":[1343],"product_cat":[312,333,85],"product_tag":[],"class_list":{"0":"post-85796","1":"product","2":"type-product","3":"status-publish","4":"has-post-thumbnail","6":"product_brand-travel-extreme","7":"product_cat-accessories-for-tents","8":"product_cat-first-aid","9":"product_cat-tent","11":"first","12":"instock","13":"shipping-taxable","14":"purchasable","15":"product-type-simple"},"acf":[],"yoast_head":"<!-- This site is optimized with the Yoast SEO plugin v27.2 - https:\/\/yoast.com\/product\/yoast-seo-wordpress\/ -->\n<title>\u042d\u043a\u0441\u0442\u0440\u0435\u043d\u043d\u044b\u0439 \u0442\u0435\u043d\u0442 \u0442\u0440\u0443\u0431\u0430 Travel Extreme PE 245x150 cm - \u041c\u0430\u0433\u0430\u0437\u0438\u043d Xstyle<\/title>\n<meta name=\"description\" content=\"\u042d\u043a\u0441\u0442\u0440\u0435\u043d\u043d\u044b\u0439 \u0442\u0435\u043d\u0442 \u0442\u0440\u0443\u0431\u0430 Travel Extreme PE 245x150 \u0441\u043c \u2014 \u0438\u0434\u0435\u0430\u043b\u044c\u043d\u043e\u0435 \u0440\u0435\u0448\u0435\u043d\u0438\u0435 \u0434\u043b\u044f \u044d\u043a\u0441\u0442\u0440\u0435\u043d\u043d\u044b\u0445 \u0441\u043b\u0443\u0447\u0430\u0435\u0432. \u041b\u0435\u0433\u043a\u043e \u0443\u0441\u0442\u0430\u043d\u0430\u0432\u043b\u0438\u0432\u0430\u0435\u0442\u0441\u044f, \u043e\u0431\u0435\u0441\u043f\u0435\u0447\u0438\u0432\u0430\u0435\u0442 \u0437\u0430\u0449\u0438\u0442\u0443 \u0438 \u043a\u043e\u043c\u0444\u043e\u0440\u0442.\" \/>\n<meta name=\"robots\" content=\"index, follow, max-snippet:-1, max-image-preview:large, max-video-preview:-1\" \/>\n<link rel=\"canonical\" href=\"https:\/\/xstyle.md\/ro\/produs\/ekstrennyj-tent-truba-travel-extreme-pe-245x150-cm\/\" \/>\n<meta property=\"og:locale\" content=\"ro_RO\" \/>\n<meta property=\"og:type\" content=\"article\" \/>\n<meta property=\"og:title\" content=\"\u042d\u043a\u0441\u0442\u0440\u0435\u043d\u043d\u044b\u0439 \u0442\u0435\u043d\u0442 \u0442\u0440\u0443\u0431\u0430 Travel Extreme PE 245x150 cm - \u041c\u0430\u0433\u0430\u0437\u0438\u043d Xstyle\" \/>\n<meta property=\"og:description\" content=\"\u042d\u043a\u0441\u0442\u0440\u0435\u043d\u043d\u044b\u0439 \u0442\u0435\u043d\u0442 \u0442\u0440\u0443\u0431\u0430 Travel Extreme PE 245x150 \u0441\u043c \u2014 \u0438\u0434\u0435\u0430\u043b\u044c\u043d\u043e\u0435 \u0440\u0435\u0448\u0435\u043d\u0438\u0435 \u0434\u043b\u044f \u044d\u043a\u0441\u0442\u0440\u0435\u043d\u043d\u044b\u0445 \u0441\u043b\u0443\u0447\u0430\u0435\u0432. \u041b\u0435\u0433\u043a\u043e \u0443\u0441\u0442\u0430\u043d\u0430\u0432\u043b\u0438\u0432\u0430\u0435\u0442\u0441\u044f, \u043e\u0431\u0435\u0441\u043f\u0435\u0447\u0438\u0432\u0430\u0435\u0442 \u0437\u0430\u0449\u0438\u0442\u0443 \u0438 \u043a\u043e\u043c\u0444\u043e\u0440\u0442.\" \/>\n<meta property=\"og:url\" content=\"https:\/\/xstyle.md\/ro\/produs\/ekstrennyj-tent-truba-travel-extreme-pe-245x150-cm\/\" \/>\n<meta property=\"og:site_name\" content=\"\u041c\u0430\u0433\u0430\u0437\u0438\u043d Xstyle\" \/>\n<meta property=\"article:publisher\" content=\"https:\/\/www.facebook.com\/xstylemd\" \/>\n<meta property=\"article:modified_time\" content=\"2025-11-11T15:09:24+00:00\" \/>\n<meta property=\"og:image\" content=\"https:\/\/xstyle.md\/wp-content\/uploads\/2024\/07\/travel-extreme-pe-245x150-cm.jpg\" \/>\n\t<meta property=\"og:image:width\" content=\"1000\" \/>\n\t<meta property=\"og:image:height\" content=\"1000\" \/>\n\t<meta property=\"og:image:type\" content=\"image\/jpeg\" \/>\n<meta name=\"twitter:card\" content=\"summary_large_image\" \/>\n<meta name=\"twitter:label1\" content=\"Pre\u021b\" \/>\n\t<meta name=\"twitter:data1\" content=\"170&nbsp;MDL\" \/>\n\t<meta name=\"twitter:label2\" content=\"Disponibilitate\" \/>\n\t<meta name=\"twitter:data2\" content=\"\u00cen stoc\" \/>\n<script type=\"application\/ld+json\" class=\"yoast-schema-graph\">{\"@context\":\"https:\/\/schema.org\",\"@graph\":[{\"@type\":\"WebPage\",\"@id\":\"https:\/\/xstyle.md\/product\/ekstrennyj-tent-truba-travel-extreme-pe-245x150-cm\/\",\"url\":\"https:\/\/xstyle.md\/product\/ekstrennyj-tent-truba-travel-extreme-pe-245x150-cm\/\",\"name\":\"\u042d\u043a\u0441\u0442\u0440\u0435\u043d\u043d\u044b\u0439 \u0442\u0435\u043d\u0442 \u0442\u0440\u0443\u0431\u0430 Travel Extreme PE 245x150 cm - \u041c\u0430\u0433\u0430\u0437\u0438\u043d Xstyle\",\"isPartOf\":{\"@id\":\"https:\/\/xstyle.md\/#website\"},\"primaryImageOfPage\":{\"@id\":\"https:\/\/xstyle.md\/product\/ekstrennyj-tent-truba-travel-extreme-pe-245x150-cm\/#primaryimage\"},\"image\":{\"@id\":\"https:\/\/xstyle.md\/product\/ekstrennyj-tent-truba-travel-extreme-pe-245x150-cm\/#primaryimage\"},\"thumbnailUrl\":\"https:\/\/xstyle.md\/wp-content\/uploads\/2024\/07\/travel-extreme-pe-245x150-cm.jpg\",\"datePublished\":\"2024-07-18T11:38:55+00:00\",\"dateModified\":\"2025-11-11T15:09:24+00:00\",\"description\":\"\u042d\u043a\u0441\u0442\u0440\u0435\u043d\u043d\u044b\u0439 \u0442\u0435\u043d\u0442 \u0442\u0440\u0443\u0431\u0430 Travel Extreme PE 245x150 \u0441\u043c \u2014 \u0438\u0434\u0435\u0430\u043b\u044c\u043d\u043e\u0435 \u0440\u0435\u0448\u0435\u043d\u0438\u0435 \u0434\u043b\u044f \u044d\u043a\u0441\u0442\u0440\u0435\u043d\u043d\u044b\u0445 \u0441\u043b\u0443\u0447\u0430\u0435\u0432. \u041b\u0435\u0433\u043a\u043e \u0443\u0441\u0442\u0430\u043d\u0430\u0432\u043b\u0438\u0432\u0430\u0435\u0442\u0441\u044f, \u043e\u0431\u0435\u0441\u043f\u0435\u0447\u0438\u0432\u0430\u0435\u0442 \u0437\u0430\u0449\u0438\u0442\u0443 \u0438 \u043a\u043e\u043c\u0444\u043e\u0440\u0442.\",\"breadcrumb\":{\"@id\":\"https:\/\/xstyle.md\/product\/ekstrennyj-tent-truba-travel-extreme-pe-245x150-cm\/#breadcrumb\"},\"inLanguage\":\"ro-RO\",\"potentialAction\":[{\"@type\":\"ReadAction\",\"target\":[\"https:\/\/xstyle.md\/product\/ekstrennyj-tent-truba-travel-extreme-pe-245x150-cm\/\"]}]},{\"@type\":\"ImageObject\",\"inLanguage\":\"ro-RO\",\"@id\":\"https:\/\/xstyle.md\/product\/ekstrennyj-tent-truba-travel-extreme-pe-245x150-cm\/#primaryimage\",\"url\":\"https:\/\/xstyle.md\/wp-content\/uploads\/2024\/07\/travel-extreme-pe-245x150-cm.jpg\",\"contentUrl\":\"https:\/\/xstyle.md\/wp-content\/uploads\/2024\/07\/travel-extreme-pe-245x150-cm.jpg\",\"width\":1000,\"height\":1000,\"caption\":\"\u041c\u043e\u0434\u043d\u044b\u0439 \u0430\u043a\u0442\u0438\u0432\u043d\u044b\u0439 \u043a\u043e\u0441\u0442\u044e\u043c \u0434\u043b\u044f \u043f\u0443\u0442\u0435\u0448\u0435\u0441\u0442\u0432\u0438\u0439 \u0438 \u0442\u0443\u0440\u0438\u0437\u043c\u0430, \u0442\u0443\u0440\u0438\u0441\u0442\u0438\u0447\u0435\u0441\u043a\u0430\u044f \u043e\u0434\u0435\u0436\u0434\u0430 \u0438 \u043e\u0431\u0443\u0432\u044c \u0434\u043b\u044f \u043f\u043e\u0445\u043e\u0434\u043e\u0432 \u0438 \u0430\u043b\u044c\u043f\u0438\u043d\u0438\u0437\u043c\u0430 \u043d\u0430 \u0441\u0442\u0440\u0430\u043d\u0438\u0446\u0435 \u042d\u043a\u0441\u0442\u0440\u0435\u043d\u043d\u044b\u0439 \u0442\u0435\u043d\u0442 \u0442\u0440\u0443\u0431\u0430 Travel Extreme PE 245\u00d7150 \u0441\u043c\"},{\"@type\":\"BreadcrumbList\",\"@id\":\"https:\/\/xstyle.md\/product\/ekstrennyj-tent-truba-travel-extreme-pe-245x150-cm\/#breadcrumb\",\"itemListElement\":[{\"@type\":\"ListItem\",\"position\":1,\"name\":\"\u0413\u043b\u0430\u0432\u043d\u0430\u044f \u0441\u0442\u0440\u0430\u043d\u0438\u0446\u0430\",\"item\":\"https:\/\/xstyle.md\/\"},{\"@type\":\"ListItem\",\"position\":2,\"name\":\"\u041c\u0430\u0433\u0430\u0437\u0438\u043d\",\"item\":\"https:\/\/xstyle.md\/shop\/\"},{\"@type\":\"ListItem\",\"position\":3,\"name\":\"\u042d\u043a\u0441\u0442\u0440\u0435\u043d\u043d\u044b\u0439 \u0442\u0435\u043d\u0442 \u0442\u0440\u0443\u0431\u0430 Travel Extreme PE 245&#215;150 cm\"}]},{\"@type\":\"WebSite\",\"@id\":\"https:\/\/xstyle.md\/#website\",\"url\":\"https:\/\/xstyle.md\/\",\"name\":\"\u041c\u0430\u0433\u0430\u0437\u0438\u043d Xstyle\",\"description\":\"C\u043d\u0430\u0440\u044f\u0436\u0435\u043d\u0438\u0435 \u0434\u043b\u044f \u0442\u0443\u0440\u0438\u0437\u043c\u0430 \u0438 \u044d\u043a\u0441\u0442\u0440\u0435\u043c\u0430\u043b\u044c\u043d\u044b\u0445 \u0432\u0438\u0434\u043e\u0432 \u0441\u043f\u043e\u0440\u0442\u0430 \u0432 \u041c\u043e\u043b\u0434\u043e\u0432\u0435.. \u0426\u0435\u043d\u044b, \u0444\u043e\u0442\u043e, \u0445\u0430\u0440\u0430\u043a\u0442\u0435\u0440\u0438\u0441\u0442\u0438\u043a\u0438 \u0432 \u041c\u043e\u043b\u0434\u043e\u0432\u0435.\",\"publisher\":{\"@id\":\"https:\/\/xstyle.md\/#organization\"},\"alternateName\":\"X-Style\",\"potentialAction\":[{\"@type\":\"SearchAction\",\"target\":{\"@type\":\"EntryPoint\",\"urlTemplate\":\"https:\/\/xstyle.md\/?s={search_term_string}\"},\"query-input\":{\"@type\":\"PropertyValueSpecification\",\"valueRequired\":true,\"valueName\":\"search_term_string\"}}],\"inLanguage\":\"ro-RO\"},{\"@type\":\"Organization\",\"@id\":\"https:\/\/xstyle.md\/#organization\",\"name\":\"\u041c\u0430\u0433\u0430\u0437\u0438\u043d Xstyle\",\"alternateName\":\"x-style\",\"url\":\"https:\/\/xstyle.md\/\",\"logo\":{\"@type\":\"ImageObject\",\"inLanguage\":\"ro-RO\",\"@id\":\"https:\/\/xstyle.md\/#\/schema\/logo\/image\/\",\"url\":\"https:\/\/xstyle.md\/wp-content\/uploads\/2020\/06\/logoicon.svg\",\"contentUrl\":\"https:\/\/xstyle.md\/wp-content\/uploads\/2020\/06\/logoicon.svg\",\"caption\":\"\u041c\u0430\u0433\u0430\u0437\u0438\u043d Xstyle\"},\"image\":{\"@id\":\"https:\/\/xstyle.md\/#\/schema\/logo\/image\/\"},\"sameAs\":[\"https:\/\/www.facebook.com\/xstylemd\",\"https:\/\/www.instagram.com\/xstyle_md\/\",\"https:\/\/t.me\/xstyle_outdoor\"],\"hasMerchantReturnPolicy\":{\"@type\":\"MerchantReturnPolicy\",\"merchantReturnLink\":\"https:\/\/xstyle.md\/ro\/conditions\/\"}}]}<\/script>\n<meta property=\"product:price:amount\" content=\"170.00\" \/>\n<meta property=\"product:price:currency\" content=\"MDL\" \/>\n<meta property=\"og:availability\" content=\"instock\" \/>\n<meta property=\"product:availability\" content=\"instock\" \/>\n<meta property=\"product:retailer_item_id\" content=\"2000999770449\" \/>\n<meta property=\"product:condition\" content=\"new\" \/>\n<!-- \/ Yoast SEO plugin. -->","yoast_head_json":{"title":"Tub de urgen\u021b\u0103 pentru copertin\u0103 Travel Extreme PE 245x150 cm - Magazin Xstyle","description":"Tenda de urgen\u021b\u0103 tub Travel Extreme PE 245x150 cm \u2014 solu\u021bia ideal\u0103 pentru situa\u021bii de urgen\u021b\u0103. Se instaleaz\u0103 u\u0219or, oferind protec\u021bie \u0219i confort.","robots":{"index":"index","follow":"follow","max-snippet":"max-snippet:-1","max-image-preview":"max-image-preview:large","max-video-preview":"max-video-preview:-1"},"canonical":"https:\/\/xstyle.md\/ro\/produs\/ekstrennyj-tent-truba-travel-extreme-pe-245x150-cm\/","og_locale":"ro_RO","og_type":"article","og_title":"\u042d\u043a\u0441\u0442\u0440\u0435\u043d\u043d\u044b\u0439 \u0442\u0435\u043d\u0442 \u0442\u0440\u0443\u0431\u0430 Travel Extreme PE 245x150 cm - \u041c\u0430\u0433\u0430\u0437\u0438\u043d Xstyle","og_description":"\u042d\u043a\u0441\u0442\u0440\u0435\u043d\u043d\u044b\u0439 \u0442\u0435\u043d\u0442 \u0442\u0440\u0443\u0431\u0430 Travel Extreme PE 245x150 \u0441\u043c \u2014 \u0438\u0434\u0435\u0430\u043b\u044c\u043d\u043e\u0435 \u0440\u0435\u0448\u0435\u043d\u0438\u0435 \u0434\u043b\u044f \u044d\u043a\u0441\u0442\u0440\u0435\u043d\u043d\u044b\u0445 \u0441\u043b\u0443\u0447\u0430\u0435\u0432. \u041b\u0435\u0433\u043a\u043e \u0443\u0441\u0442\u0430\u043d\u0430\u0432\u043b\u0438\u0432\u0430\u0435\u0442\u0441\u044f, \u043e\u0431\u0435\u0441\u043f\u0435\u0447\u0438\u0432\u0430\u0435\u0442 \u0437\u0430\u0449\u0438\u0442\u0443 \u0438 \u043a\u043e\u043c\u0444\u043e\u0440\u0442.","og_url":"https:\/\/xstyle.md\/ro\/produs\/ekstrennyj-tent-truba-travel-extreme-pe-245x150-cm\/","og_site_name":"\u041c\u0430\u0433\u0430\u0437\u0438\u043d Xstyle","article_publisher":"https:\/\/www.facebook.com\/xstylemd","article_modified_time":"2025-11-11T15:09:24+00:00","og_image":[{"width":1000,"height":1000,"url":"https:\/\/xstyle.md\/wp-content\/uploads\/2024\/07\/travel-extreme-pe-245x150-cm.jpg","type":"image\/jpeg"}],"twitter_card":"summary_large_image","twitter_misc":{"Pre\u021b":"170&nbsp;MDL","Disponibilitate":"\u00cen stoc"},"schema":{"@context":"https:\/\/schema.org","@graph":[{"@type":"WebPage","@id":"https:\/\/xstyle.md\/product\/ekstrennyj-tent-truba-travel-extreme-pe-245x150-cm\/","url":"https:\/\/xstyle.md\/product\/ekstrennyj-tent-truba-travel-extreme-pe-245x150-cm\/","name":"Tub de urgen\u021b\u0103 pentru copertin\u0103 Travel Extreme PE 245x150 cm - Magazin Xstyle","isPartOf":{"@id":"https:\/\/xstyle.md\/#website"},"primaryImageOfPage":{"@id":"https:\/\/xstyle.md\/product\/ekstrennyj-tent-truba-travel-extreme-pe-245x150-cm\/#primaryimage"},"image":{"@id":"https:\/\/xstyle.md\/product\/ekstrennyj-tent-truba-travel-extreme-pe-245x150-cm\/#primaryimage"},"thumbnailUrl":"https:\/\/xstyle.md\/wp-content\/uploads\/2024\/07\/travel-extreme-pe-245x150-cm.jpg","datePublished":"2024-07-18T11:38:55+00:00","dateModified":"2025-11-11T15:09:24+00:00","description":"Tenda de urgen\u021b\u0103 tub Travel Extreme PE 245x150 cm \u2014 solu\u021bia ideal\u0103 pentru situa\u021bii de urgen\u021b\u0103. Se instaleaz\u0103 u\u0219or, oferind protec\u021bie \u0219i confort.","breadcrumb":{"@id":"https:\/\/xstyle.md\/product\/ekstrennyj-tent-truba-travel-extreme-pe-245x150-cm\/#breadcrumb"},"inLanguage":"ro-RO","potentialAction":[{"@type":"ReadAction","target":["https:\/\/xstyle.md\/product\/ekstrennyj-tent-truba-travel-extreme-pe-245x150-cm\/"]}]},{"@type":"ImageObject","inLanguage":"ro-RO","@id":"https:\/\/xstyle.md\/product\/ekstrennyj-tent-truba-travel-extreme-pe-245x150-cm\/#primaryimage","url":"https:\/\/xstyle.md\/wp-content\/uploads\/2024\/07\/travel-extreme-pe-245x150-cm.jpg","contentUrl":"https:\/\/xstyle.md\/wp-content\/uploads\/2024\/07\/travel-extreme-pe-245x150-cm.jpg","width":1000,"height":1000,"caption":"\u041c\u043e\u0434\u043d\u044b\u0439 \u0430\u043a\u0442\u0438\u0432\u043d\u044b\u0439 \u043a\u043e\u0441\u0442\u044e\u043c \u0434\u043b\u044f \u043f\u0443\u0442\u0435\u0448\u0435\u0441\u0442\u0432\u0438\u0439 \u0438 \u0442\u0443\u0440\u0438\u0437\u043c\u0430, \u0442\u0443\u0440\u0438\u0441\u0442\u0438\u0447\u0435\u0441\u043a\u0430\u044f \u043e\u0434\u0435\u0436\u0434\u0430 \u0438 \u043e\u0431\u0443\u0432\u044c \u0434\u043b\u044f \u043f\u043e\u0445\u043e\u0434\u043e\u0432 \u0438 \u0430\u043b\u044c\u043f\u0438\u043d\u0438\u0437\u043c\u0430 \u043d\u0430 \u0441\u0442\u0440\u0430\u043d\u0438\u0446\u0435 \u042d\u043a\u0441\u0442\u0440\u0435\u043d\u043d\u044b\u0439 \u0442\u0435\u043d\u0442 \u0442\u0440\u0443\u0431\u0430 Travel Extreme PE 245\u00d7150 \u0441\u043c"},{"@type":"BreadcrumbList","@id":"https:\/\/xstyle.md\/product\/ekstrennyj-tent-truba-travel-extreme-pe-245x150-cm\/#breadcrumb","itemListElement":[{"@type":"ListItem","position":1,"name":"\u0413\u043b\u0430\u0432\u043d\u0430\u044f \u0441\u0442\u0440\u0430\u043d\u0438\u0446\u0430","item":"https:\/\/xstyle.md\/"},{"@type":"ListItem","position":2,"name":"\u041c\u0430\u0433\u0430\u0437\u0438\u043d","item":"https:\/\/xstyle.md\/shop\/"},{"@type":"ListItem","position":3,"name":"\u042d\u043a\u0441\u0442\u0440\u0435\u043d\u043d\u044b\u0439 \u0442\u0435\u043d\u0442 \u0442\u0440\u0443\u0431\u0430 Travel Extreme PE 245&#215;150 cm"}]},{"@type":"WebSite","@id":"https:\/\/xstyle.md\/#website","url":"https:\/\/xstyle.md\/","name":"Magazinul X-Style","description":"Echipamente pentru turism \u0219i sporturi extreme \u00een Moldova. Pre\u021buri, fotografii, caracteristici \u00een Moldova.","publisher":{"@id":"https:\/\/xstyle.md\/#organization"},"alternateName":"X-Style","potentialAction":[{"@type":"SearchAction","target":{"@type":"EntryPoint","urlTemplate":"https:\/\/xstyle.md\/?s={search_term_string}"},"query-input":{"@type":"PropertyValueSpecification","valueRequired":true,"valueName":"search_term_string"}}],"inLanguage":"ro-RO"},{"@type":"Organization","@id":"https:\/\/xstyle.md\/#organization","name":"Magazinul X-Style","alternateName":"x-style","url":"https:\/\/xstyle.md\/","logo":{"@type":"ImageObject","inLanguage":"ro-RO","@id":"https:\/\/xstyle.md\/#\/schema\/logo\/image\/","url":"https:\/\/xstyle.md\/wp-content\/uploads\/2020\/06\/logoicon.svg","contentUrl":"https:\/\/xstyle.md\/wp-content\/uploads\/2020\/06\/logoicon.svg","caption":"\u041c\u0430\u0433\u0430\u0437\u0438\u043d Xstyle"},"image":{"@id":"https:\/\/xstyle.md\/#\/schema\/logo\/image\/"},"sameAs":["https:\/\/www.facebook.com\/xstylemd","https:\/\/www.instagram.com\/xstyle_md\/","https:\/\/t.me\/xstyle_outdoor"],"hasMerchantReturnPolicy":{"@type":"MerchantReturnPolicy","merchantReturnLink":"https:\/\/xstyle.md\/ro\/conditions\/"}}]},"product_price_amount":"170.00","product_price_currency":"MDL","og_availability":"instock","product_availability":"instock","product_retailer_item_id":"2000999770449","product_condition":"new"},"post_mailing_queue_ids":[],"_links":{"self":[{"href":"https:\/\/xstyle.md\/ro\/wp-json\/wp\/v2\/product\/85796","targetHints":{"allow":["GET"]}}],"collection":[{"href":"https:\/\/xstyle.md\/ro\/wp-json\/wp\/v2\/product"}],"about":[{"href":"https:\/\/xstyle.md\/ro\/wp-json\/wp\/v2\/types\/product"}],"replies":[{"embeddable":true,"href":"https:\/\/xstyle.md\/ro\/wp-json\/wp\/v2\/comments?post=85796"}],"wp:featuredmedia":[{"embeddable":true,"href":"https:\/\/xstyle.md\/ro\/wp-json\/wp\/v2\/media\/86596"}],"wp:attachment":[{"href":"https:\/\/xstyle.md\/ro\/wp-json\/wp\/v2\/media?parent=85796"}],"wp:term":[{"taxonomy":"product_brand","embeddable":true,"href":"https:\/\/xstyle.md\/ro\/wp-json\/wp\/v2\/product_brand?post=85796"},{"taxonomy":"product_cat","embeddable":true,"href":"https:\/\/xstyle.md\/ro\/wp-json\/wp\/v2\/product_cat?post=85796"},{"taxonomy":"product_tag","embeddable":true,"href":"https:\/\/xstyle.md\/ro\/wp-json\/wp\/v2\/product_tag?post=85796"}],"curies":[{"name":"wp","href":"https:\/\/api.w.org\/{rel}","templated":true}]}}