{"id":85784,"date":"2024-07-18T14:38:52","date_gmt":"2024-07-18T11:38:52","guid":{"rendered":"https:\/\/xstyle.md\/?post_type=product&#038;p=85784"},"modified":"2025-10-28T18:07:42","modified_gmt":"2025-10-28T15:07:42","slug":"nozh-ruike-p831s-sb","status":"publish","type":"product","link":"https:\/\/xstyle.md\/ro\/produs\/nozh-ruike-p831s-sb\/","title":{"rendered":"Cu\u0163it Ruike P831S-SB"},"content":{"rendered":"<\/p>\n<p><strong>Ruike P831S-SB<\/strong> &#8212; este alegerea ideal\u0103 pentru cei care apreciaz\u0103 fiabilitatea, stilul \u0219i versatilitatea \u00eentr-o singur\u0103 unealt\u0103. Acest cu\u021bit EDC combin\u0103 lejeritatea \u0219i compactitatea, devenind un companion indispensabil at\u00e2t pentru via\u021ba la ora\u0219, c\u00e2t \u0219i pentru weekend-urile la \u021bar\u0103.<\/p>\n<p>Designul P831S este caracterizat de elegan\u021b\u0103 modern\u0103 \u0219i func\u021bionalitate. Aspectul s\u0103u elegant subliniaz\u0103 versatilitatea sa, \u00een timp ce o\u021belul puternic 14C28N asigur\u0103 durabilitatea \u0219i fiabilitatea lamei. Finisajul satinat confer\u0103 cu\u021bitului un aspect sofisticat \u0219i eviden\u021biaz\u0103 profilul lamei. De remarcat este forma invers\u0103 a lamei tanto, care ofer\u0103 o combina\u021bie excelent\u0103 de performan\u021b\u0103 de t\u0103iere \u0219i durabilitate. Pantele \u00eenalte ale lamei garanteaz\u0103 o munc\u0103 u\u0219oar\u0103 \u0219i confortabil\u0103, iar deschiderea lin\u0103 \u0219i moale a lamei cu ajutorul flipperului face utilizarea cu\u021bitului P831S c\u00e2t mai confortabil\u0103 \u0219i sigur\u0103. \u00cencuietoarea frame-lock blocheaz\u0103 \u00een siguran\u021b\u0103 cu\u021bitul \u00een pozi\u021bia deschis, asigur\u00e2nd siguran\u021ba \u00een timpul utiliz\u0103rii.<\/p>\n<p>M\u00e2nerul din o\u021bel rezistent la coroziune nu numai c\u0103 prelunge\u0219te durata de via\u021b\u0103 a cu\u021bitului, dar garanteaz\u0103 \u0219i o prindere confortabil\u0103 datorit\u0103 formei sale simple \u0219i ergonomice \u0219i crest\u0103turilor care \u00eembun\u0103t\u0103\u021besc prinderea. Un clip de buzunar \u0219i un orificiu pentru ata\u0219area unui \u0219nur fac ca P831S s\u0103 fie extrem de convenabil pentru transportul de zi cu zi, \u021bin\u00e2ndu-l la \u00eendem\u00e2n\u0103 \u00een orice moment.<\/p>\n<p>Aleg\u00e2nd un cu\u021bit pliabil P831S de la Ruike, ob\u021bine\u021bi nu doar un instrument, ci un asistent de \u00eencredere, care va servi cu credin\u021b\u0103 \u00een orice condi\u021bii.<\/p>\n<h3>Caracteristici<\/h3>\n<ul>\n<li>Tip cu\u021bit: pliabil<\/li>\n<li>Tip muchie de t\u0103iere: Regular<\/li>\n<li>Tip de blocare: Frame Lock<\/li>\n<li>Lungime total\u0103: 19,5 cm<\/li>\n<li>Lungimea lamei: 8,5 cm<\/li>\n<li>Material m\u00e2ner: o\u021bel<\/li>\n<li>Duritatea o\u021belului: 57-59 HRC<\/li>\n<li>Clasa o\u021belului: Sandvik 14C28N<\/li>\n<li>Greutate: 93 g<\/li>\n<\/ul>\n<p><\/p>","protected":false},"excerpt":{"rendered":"","protected":false},"featured_media":86085,"comment_status":"open","ping_status":"closed","template":"","meta":{"_acf_changed":false,"inline_featured_image":false},"product_brand":[1486],"product_cat":[169],"product_tag":[],"class_list":{"0":"post-85784","1":"product","2":"type-product","3":"status-publish","4":"has-post-thumbnail","6":"product_brand-ruike","7":"product_cat-knives","9":"first","10":"outofstock","11":"shipping-taxable","12":"product-type-simple"},"acf":[],"yoast_head":"<!-- This site is optimized with the Yoast SEO plugin v27.2 - https:\/\/yoast.com\/product\/yoast-seo-wordpress\/ -->\n<title>\u041d\u043e\u0436 Ruike P831S-SB - \u041c\u0430\u0433\u0430\u0437\u0438\u043d Xstyle<\/title>\n<meta name=\"description\" content=\"\u041d\u043e\u0436 Ruike P831S-SB - \u0438\u0434\u0435\u0430\u043b\u044c\u043d\u044b\u0439 \u043a\u043e\u043c\u043f\u0430\u043d\u044c\u043e\u043d \u0434\u043b\u044f \u0433\u043e\u0440\u043e\u0434\u0441\u043a\u043e\u0439 \u0436\u0438\u0437\u043d\u0438 \u0438 \u043e\u0442\u0434\u044b\u0445\u0430. \u041b\u0435\u0433\u043a\u0438\u0439, \u043a\u043e\u043c\u043f\u0430\u043a\u0442\u043d\u044b\u0439 \u0438 \u043d\u0430\u0434\u0435\u0436\u043d\u044b\u0439, \u0432\u044b\u043f\u043e\u043b\u043d\u0435\u043d \u0438\u0437 \u0441\u0442\u0430\u043b\u0438 Sandvik 14C28N.\" \/>\n<meta name=\"robots\" content=\"index, follow, max-snippet:-1, max-image-preview:large, max-video-preview:-1\" \/>\n<link rel=\"canonical\" href=\"https:\/\/xstyle.md\/ro\/produs\/nozh-ruike-p831s-sb\/\" \/>\n<meta property=\"og:locale\" content=\"ro_RO\" \/>\n<meta property=\"og:type\" content=\"article\" \/>\n<meta property=\"og:title\" content=\"\u041d\u043e\u0436 Ruike P831S-SB - \u041c\u0430\u0433\u0430\u0437\u0438\u043d Xstyle\" \/>\n<meta property=\"og:description\" content=\"\u041d\u043e\u0436 Ruike P831S-SB - \u0438\u0434\u0435\u0430\u043b\u044c\u043d\u044b\u0439 \u043a\u043e\u043c\u043f\u0430\u043d\u044c\u043e\u043d \u0434\u043b\u044f \u0433\u043e\u0440\u043e\u0434\u0441\u043a\u043e\u0439 \u0436\u0438\u0437\u043d\u0438 \u0438 \u043e\u0442\u0434\u044b\u0445\u0430. \u041b\u0435\u0433\u043a\u0438\u0439, \u043a\u043e\u043c\u043f\u0430\u043a\u0442\u043d\u044b\u0439 \u0438 \u043d\u0430\u0434\u0435\u0436\u043d\u044b\u0439, \u0432\u044b\u043f\u043e\u043b\u043d\u0435\u043d \u0438\u0437 \u0441\u0442\u0430\u043b\u0438 Sandvik 14C28N.\" \/>\n<meta property=\"og:url\" content=\"https:\/\/xstyle.md\/ro\/produs\/nozh-ruike-p831s-sb\/\" \/>\n<meta property=\"og:site_name\" content=\"\u041c\u0430\u0433\u0430\u0437\u0438\u043d Xstyle\" \/>\n<meta property=\"article:publisher\" content=\"https:\/\/www.facebook.com\/xstylemd\" \/>\n<meta property=\"article:modified_time\" content=\"2025-10-28T15:07:42+00:00\" \/>\n<meta property=\"og:image\" content=\"https:\/\/xstyle.md\/wp-content\/uploads\/2024\/07\/ruike-p831s-sb-rotated.jpg\" \/>\n\t<meta property=\"og:image:width\" content=\"2048\" \/>\n\t<meta property=\"og:image:height\" content=\"2048\" \/>\n\t<meta property=\"og:image:type\" content=\"image\/jpeg\" \/>\n<meta name=\"twitter:card\" content=\"summary_large_image\" \/>\n<meta name=\"twitter:label1\" content=\"Pre\u021b\" \/>\n\t<meta name=\"twitter:data1\" content=\"890&nbsp;MDL\" \/>\n\t<meta name=\"twitter:label2\" content=\"Disponibilitate\" \/>\n\t<meta name=\"twitter:data2\" content=\"Stoc epuizat\" \/>\n<script type=\"application\/ld+json\" class=\"yoast-schema-graph\">{\"@context\":\"https:\/\/schema.org\",\"@graph\":[{\"@type\":\"WebPage\",\"@id\":\"https:\/\/xstyle.md\/product\/nozh-ruike-p831s-sb\/\",\"url\":\"https:\/\/xstyle.md\/product\/nozh-ruike-p831s-sb\/\",\"name\":\"\u041d\u043e\u0436 Ruike P831S-SB - \u041c\u0430\u0433\u0430\u0437\u0438\u043d Xstyle\",\"isPartOf\":{\"@id\":\"https:\/\/xstyle.md\/#website\"},\"primaryImageOfPage\":{\"@id\":\"https:\/\/xstyle.md\/product\/nozh-ruike-p831s-sb\/#primaryimage\"},\"image\":{\"@id\":\"https:\/\/xstyle.md\/product\/nozh-ruike-p831s-sb\/#primaryimage\"},\"thumbnailUrl\":\"https:\/\/xstyle.md\/wp-content\/uploads\/2024\/07\/ruike-p831s-sb-rotated.jpg\",\"datePublished\":\"2024-07-18T11:38:52+00:00\",\"dateModified\":\"2025-10-28T15:07:42+00:00\",\"description\":\"\u041d\u043e\u0436 Ruike P831S-SB - \u0438\u0434\u0435\u0430\u043b\u044c\u043d\u044b\u0439 \u043a\u043e\u043c\u043f\u0430\u043d\u044c\u043e\u043d \u0434\u043b\u044f \u0433\u043e\u0440\u043e\u0434\u0441\u043a\u043e\u0439 \u0436\u0438\u0437\u043d\u0438 \u0438 \u043e\u0442\u0434\u044b\u0445\u0430. \u041b\u0435\u0433\u043a\u0438\u0439, \u043a\u043e\u043c\u043f\u0430\u043a\u0442\u043d\u044b\u0439 \u0438 \u043d\u0430\u0434\u0435\u0436\u043d\u044b\u0439, \u0432\u044b\u043f\u043e\u043b\u043d\u0435\u043d \u0438\u0437 \u0441\u0442\u0430\u043b\u0438 Sandvik 14C28N.\",\"breadcrumb\":{\"@id\":\"https:\/\/xstyle.md\/product\/nozh-ruike-p831s-sb\/#breadcrumb\"},\"inLanguage\":\"ro-RO\",\"potentialAction\":[{\"@type\":\"ReadAction\",\"target\":[\"https:\/\/xstyle.md\/product\/nozh-ruike-p831s-sb\/\"]}]},{\"@type\":\"ImageObject\",\"inLanguage\":\"ro-RO\",\"@id\":\"https:\/\/xstyle.md\/product\/nozh-ruike-p831s-sb\/#primaryimage\",\"url\":\"https:\/\/xstyle.md\/wp-content\/uploads\/2024\/07\/ruike-p831s-sb-rotated.jpg\",\"contentUrl\":\"https:\/\/xstyle.md\/wp-content\/uploads\/2024\/07\/ruike-p831s-sb-rotated.jpg\",\"width\":1920,\"height\":1920,\"caption\":\"\u0422\u0443\u0440\u0438\u0441\u0442\u0438\u0447\u0435\u0441\u043a\u0438\u0439 \u043d\u043e\u0436 Ruike P831S-SB \u0434\u043b\u044f \u0430\u043a\u0442\u0438\u0432\u043d\u043e\u0433\u043e \u043e\u0442\u0434\u044b\u0445\u0430, \u043f\u043e\u0445\u043e\u0434\u043e\u0432, \u0430\u043b\u044c\u043f\u0438\u043d\u0438\u0437\u043c\u0430 \u0438 \u043f\u0443\u0442\u0435\u0448\u0435\u0441\u0442\u0432\u0438\u0439 \u0441 \u044d\u043a\u0438\u043f\u0438\u0440\u043e\u0432\u043a\u043e\u0439 \u0434\u043b\u044f \u0441\u043f\u043e\u0440\u0442\u0438\u0432\u043d\u043e\u0439 \u043e\u0434\u0435\u0436\u0434\u044b \u0438 \u043e\u0431\u0443\u0432\u0438 \u0434\u043b\u044f \u0430\u043a\u0442\u0438\u0432\u043d\u043e\u0439 \u0436\u0438\u0437\u043d\u0438\"},{\"@type\":\"BreadcrumbList\",\"@id\":\"https:\/\/xstyle.md\/product\/nozh-ruike-p831s-sb\/#breadcrumb\",\"itemListElement\":[{\"@type\":\"ListItem\",\"position\":1,\"name\":\"\u0413\u043b\u0430\u0432\u043d\u0430\u044f \u0441\u0442\u0440\u0430\u043d\u0438\u0446\u0430\",\"item\":\"https:\/\/xstyle.md\/\"},{\"@type\":\"ListItem\",\"position\":2,\"name\":\"\u041c\u0430\u0433\u0430\u0437\u0438\u043d\",\"item\":\"https:\/\/xstyle.md\/shop\/\"},{\"@type\":\"ListItem\",\"position\":3,\"name\":\"\u041d\u043e\u0436 Ruike P831S-SB\"}]},{\"@type\":\"WebSite\",\"@id\":\"https:\/\/xstyle.md\/#website\",\"url\":\"https:\/\/xstyle.md\/\",\"name\":\"\u041c\u0430\u0433\u0430\u0437\u0438\u043d Xstyle\",\"description\":\"C\u043d\u0430\u0440\u044f\u0436\u0435\u043d\u0438\u0435 \u0434\u043b\u044f \u0442\u0443\u0440\u0438\u0437\u043c\u0430 \u0438 \u044d\u043a\u0441\u0442\u0440\u0435\u043c\u0430\u043b\u044c\u043d\u044b\u0445 \u0432\u0438\u0434\u043e\u0432 \u0441\u043f\u043e\u0440\u0442\u0430 \u0432 \u041c\u043e\u043b\u0434\u043e\u0432\u0435.. \u0426\u0435\u043d\u044b, \u0444\u043e\u0442\u043e, \u0445\u0430\u0440\u0430\u043a\u0442\u0435\u0440\u0438\u0441\u0442\u0438\u043a\u0438 \u0432 \u041c\u043e\u043b\u0434\u043e\u0432\u0435.\",\"publisher\":{\"@id\":\"https:\/\/xstyle.md\/#organization\"},\"alternateName\":\"X-Style\",\"potentialAction\":[{\"@type\":\"SearchAction\",\"target\":{\"@type\":\"EntryPoint\",\"urlTemplate\":\"https:\/\/xstyle.md\/?s={search_term_string}\"},\"query-input\":{\"@type\":\"PropertyValueSpecification\",\"valueRequired\":true,\"valueName\":\"search_term_string\"}}],\"inLanguage\":\"ro-RO\"},{\"@type\":\"Organization\",\"@id\":\"https:\/\/xstyle.md\/#organization\",\"name\":\"\u041c\u0430\u0433\u0430\u0437\u0438\u043d Xstyle\",\"alternateName\":\"x-style\",\"url\":\"https:\/\/xstyle.md\/\",\"logo\":{\"@type\":\"ImageObject\",\"inLanguage\":\"ro-RO\",\"@id\":\"https:\/\/xstyle.md\/#\/schema\/logo\/image\/\",\"url\":\"https:\/\/xstyle.md\/wp-content\/uploads\/2020\/06\/logoicon.svg\",\"contentUrl\":\"https:\/\/xstyle.md\/wp-content\/uploads\/2020\/06\/logoicon.svg\",\"caption\":\"\u041c\u0430\u0433\u0430\u0437\u0438\u043d Xstyle\"},\"image\":{\"@id\":\"https:\/\/xstyle.md\/#\/schema\/logo\/image\/\"},\"sameAs\":[\"https:\/\/www.facebook.com\/xstylemd\",\"https:\/\/www.instagram.com\/xstyle_md\/\",\"https:\/\/t.me\/xstyle_outdoor\"],\"hasMerchantReturnPolicy\":{\"@type\":\"MerchantReturnPolicy\",\"merchantReturnLink\":\"https:\/\/xstyle.md\/ro\/conditions\/\"}}]}<\/script>\n<meta property=\"product:price:amount\" content=\"890.00\" \/>\n<meta property=\"product:price:currency\" content=\"MDL\" \/>\n<meta property=\"og:availability\" content=\"out of stock\" \/>\n<meta property=\"product:availability\" content=\"out of stock\" \/>\n<meta property=\"product:retailer_item_id\" content=\"6942870310091\" \/>\n<meta property=\"product:condition\" content=\"new\" \/>\n<!-- \/ Yoast SEO plugin. -->","yoast_head_json":{"title":"Cu\u0163it Ruike P831S-SB - Magazin Xstyle","description":"Cercet\u0103tor de teren Ruike P831S-SB - companionul ideal pentru via\u021ba urban\u0103 \u0219i relaxare. U\u0219or, compact \u0219i fiabil, realizat din o\u021bel Sandvik 14C28N.","robots":{"index":"index","follow":"follow","max-snippet":"max-snippet:-1","max-image-preview":"max-image-preview:large","max-video-preview":"max-video-preview:-1"},"canonical":"https:\/\/xstyle.md\/ro\/produs\/nozh-ruike-p831s-sb\/","og_locale":"ro_RO","og_type":"article","og_title":"\u041d\u043e\u0436 Ruike P831S-SB - \u041c\u0430\u0433\u0430\u0437\u0438\u043d Xstyle","og_description":"\u041d\u043e\u0436 Ruike P831S-SB - \u0438\u0434\u0435\u0430\u043b\u044c\u043d\u044b\u0439 \u043a\u043e\u043c\u043f\u0430\u043d\u044c\u043e\u043d \u0434\u043b\u044f \u0433\u043e\u0440\u043e\u0434\u0441\u043a\u043e\u0439 \u0436\u0438\u0437\u043d\u0438 \u0438 \u043e\u0442\u0434\u044b\u0445\u0430. \u041b\u0435\u0433\u043a\u0438\u0439, \u043a\u043e\u043c\u043f\u0430\u043a\u0442\u043d\u044b\u0439 \u0438 \u043d\u0430\u0434\u0435\u0436\u043d\u044b\u0439, \u0432\u044b\u043f\u043e\u043b\u043d\u0435\u043d \u0438\u0437 \u0441\u0442\u0430\u043b\u0438 Sandvik 14C28N.","og_url":"https:\/\/xstyle.md\/ro\/produs\/nozh-ruike-p831s-sb\/","og_site_name":"\u041c\u0430\u0433\u0430\u0437\u0438\u043d Xstyle","article_publisher":"https:\/\/www.facebook.com\/xstylemd","article_modified_time":"2025-10-28T15:07:42+00:00","og_image":[{"width":2048,"height":2048,"url":"https:\/\/xstyle.md\/wp-content\/uploads\/2024\/07\/ruike-p831s-sb-rotated.jpg","type":"image\/jpeg"}],"twitter_card":"summary_large_image","twitter_misc":{"Pre\u021b":"890&nbsp;MDL","Disponibilitate":"Stoc epuizat"},"schema":{"@context":"https:\/\/schema.org","@graph":[{"@type":"WebPage","@id":"https:\/\/xstyle.md\/product\/nozh-ruike-p831s-sb\/","url":"https:\/\/xstyle.md\/product\/nozh-ruike-p831s-sb\/","name":"Cu\u0163it Ruike P831S-SB - Magazin Xstyle","isPartOf":{"@id":"https:\/\/xstyle.md\/#website"},"primaryImageOfPage":{"@id":"https:\/\/xstyle.md\/product\/nozh-ruike-p831s-sb\/#primaryimage"},"image":{"@id":"https:\/\/xstyle.md\/product\/nozh-ruike-p831s-sb\/#primaryimage"},"thumbnailUrl":"https:\/\/xstyle.md\/wp-content\/uploads\/2024\/07\/ruike-p831s-sb-rotated.jpg","datePublished":"2024-07-18T11:38:52+00:00","dateModified":"2025-10-28T15:07:42+00:00","description":"Cercet\u0103tor de teren Ruike P831S-SB - companionul ideal pentru via\u021ba urban\u0103 \u0219i relaxare. U\u0219or, compact \u0219i fiabil, realizat din o\u021bel Sandvik 14C28N.","breadcrumb":{"@id":"https:\/\/xstyle.md\/product\/nozh-ruike-p831s-sb\/#breadcrumb"},"inLanguage":"ro-RO","potentialAction":[{"@type":"ReadAction","target":["https:\/\/xstyle.md\/product\/nozh-ruike-p831s-sb\/"]}]},{"@type":"ImageObject","inLanguage":"ro-RO","@id":"https:\/\/xstyle.md\/product\/nozh-ruike-p831s-sb\/#primaryimage","url":"https:\/\/xstyle.md\/wp-content\/uploads\/2024\/07\/ruike-p831s-sb-rotated.jpg","contentUrl":"https:\/\/xstyle.md\/wp-content\/uploads\/2024\/07\/ruike-p831s-sb-rotated.jpg","width":1920,"height":1920,"caption":"\u0422\u0443\u0440\u0438\u0441\u0442\u0438\u0447\u0435\u0441\u043a\u0438\u0439 \u043d\u043e\u0436 Ruike P831S-SB \u0434\u043b\u044f \u0430\u043a\u0442\u0438\u0432\u043d\u043e\u0433\u043e \u043e\u0442\u0434\u044b\u0445\u0430, \u043f\u043e\u0445\u043e\u0434\u043e\u0432, \u0430\u043b\u044c\u043f\u0438\u043d\u0438\u0437\u043c\u0430 \u0438 \u043f\u0443\u0442\u0435\u0448\u0435\u0441\u0442\u0432\u0438\u0439 \u0441 \u044d\u043a\u0438\u043f\u0438\u0440\u043e\u0432\u043a\u043e\u0439 \u0434\u043b\u044f \u0441\u043f\u043e\u0440\u0442\u0438\u0432\u043d\u043e\u0439 \u043e\u0434\u0435\u0436\u0434\u044b \u0438 \u043e\u0431\u0443\u0432\u0438 \u0434\u043b\u044f \u0430\u043a\u0442\u0438\u0432\u043d\u043e\u0439 \u0436\u0438\u0437\u043d\u0438"},{"@type":"BreadcrumbList","@id":"https:\/\/xstyle.md\/product\/nozh-ruike-p831s-sb\/#breadcrumb","itemListElement":[{"@type":"ListItem","position":1,"name":"\u0413\u043b\u0430\u0432\u043d\u0430\u044f \u0441\u0442\u0440\u0430\u043d\u0438\u0446\u0430","item":"https:\/\/xstyle.md\/"},{"@type":"ListItem","position":2,"name":"\u041c\u0430\u0433\u0430\u0437\u0438\u043d","item":"https:\/\/xstyle.md\/shop\/"},{"@type":"ListItem","position":3,"name":"\u041d\u043e\u0436 Ruike P831S-SB"}]},{"@type":"WebSite","@id":"https:\/\/xstyle.md\/#website","url":"https:\/\/xstyle.md\/","name":"Magazinul X-Style","description":"Echipamente pentru turism \u0219i sporturi extreme \u00een Moldova. Pre\u021buri, fotografii, caracteristici \u00een Moldova.","publisher":{"@id":"https:\/\/xstyle.md\/#organization"},"alternateName":"X-Style","potentialAction":[{"@type":"SearchAction","target":{"@type":"EntryPoint","urlTemplate":"https:\/\/xstyle.md\/?s={search_term_string}"},"query-input":{"@type":"PropertyValueSpecification","valueRequired":true,"valueName":"search_term_string"}}],"inLanguage":"ro-RO"},{"@type":"Organization","@id":"https:\/\/xstyle.md\/#organization","name":"Magazinul X-Style","alternateName":"x-style","url":"https:\/\/xstyle.md\/","logo":{"@type":"ImageObject","inLanguage":"ro-RO","@id":"https:\/\/xstyle.md\/#\/schema\/logo\/image\/","url":"https:\/\/xstyle.md\/wp-content\/uploads\/2020\/06\/logoicon.svg","contentUrl":"https:\/\/xstyle.md\/wp-content\/uploads\/2020\/06\/logoicon.svg","caption":"\u041c\u0430\u0433\u0430\u0437\u0438\u043d Xstyle"},"image":{"@id":"https:\/\/xstyle.md\/#\/schema\/logo\/image\/"},"sameAs":["https:\/\/www.facebook.com\/xstylemd","https:\/\/www.instagram.com\/xstyle_md\/","https:\/\/t.me\/xstyle_outdoor"],"hasMerchantReturnPolicy":{"@type":"MerchantReturnPolicy","merchantReturnLink":"https:\/\/xstyle.md\/ro\/conditions\/"}}]},"product_price_amount":"890.00","product_price_currency":"MDL","og_availability":"out of stock","product_availability":"out of stock","product_retailer_item_id":"6942870310091","product_condition":"new"},"post_mailing_queue_ids":[],"_links":{"self":[{"href":"https:\/\/xstyle.md\/ro\/wp-json\/wp\/v2\/product\/85784","targetHints":{"allow":["GET"]}}],"collection":[{"href":"https:\/\/xstyle.md\/ro\/wp-json\/wp\/v2\/product"}],"about":[{"href":"https:\/\/xstyle.md\/ro\/wp-json\/wp\/v2\/types\/product"}],"replies":[{"embeddable":true,"href":"https:\/\/xstyle.md\/ro\/wp-json\/wp\/v2\/comments?post=85784"}],"wp:featuredmedia":[{"embeddable":true,"href":"https:\/\/xstyle.md\/ro\/wp-json\/wp\/v2\/media\/86085"}],"wp:attachment":[{"href":"https:\/\/xstyle.md\/ro\/wp-json\/wp\/v2\/media?parent=85784"}],"wp:term":[{"taxonomy":"product_brand","embeddable":true,"href":"https:\/\/xstyle.md\/ro\/wp-json\/wp\/v2\/product_brand?post=85784"},{"taxonomy":"product_cat","embeddable":true,"href":"https:\/\/xstyle.md\/ro\/wp-json\/wp\/v2\/product_cat?post=85784"},{"taxonomy":"product_tag","embeddable":true,"href":"https:\/\/xstyle.md\/ro\/wp-json\/wp\/v2\/product_tag?post=85784"}],"curies":[{"name":"wp","href":"https:\/\/api.w.org\/{rel}","templated":true}]}}