{"id":85755,"date":"2024-07-18T14:38:45","date_gmt":"2024-07-18T11:38:45","guid":{"rendered":"https:\/\/xstyle.md\/?post_type=product&#038;p=85755"},"modified":"2025-10-24T13:06:10","modified_gmt":"2025-10-24T10:06:10","slug":"nozh-ruike-ld32-b","status":"publish","type":"product","link":"https:\/\/xstyle.md\/ro\/produs\/nozh-ruike-ld32-b\/","title":{"rendered":"Cu\u021bit Ruike LD32-B"},"content":{"rendered":"<\/p>\n<p><strong>Ruike LD32-B<\/strong> &#8212; este un cu\u021bit multifunc\u021bional care va deveni un asistent indispensabil pentru turi\u0219ti, v\u00e2n\u0103tori \u0219i pescari. La urma urmei, este capabil s\u0103 \u00eendeplineasc\u0103 13 func\u021bii, fiind \u00eenzestrat cu un set extins de instrumente, \u00een plus fa\u021b\u0103 de o lam\u0103 bine ascu\u021bit\u0103. \u0218i acest cu\u021bit c\u00e2nt\u0103re\u0219te doar 164 de grame.<\/p>\n<p>Ruike LD32-B este un cu\u021bit cu adev\u0103rat practic, iar compactitatea sa r\u0103m\u00e2ne o caracteristic\u0103 important\u0103. Acesta c\u00e2nt\u0103re\u0219te doar 164 de grame, iar dimensiunea sa pliat\u0103 nu dep\u0103\u0219e\u0219te 114 mm. Cu\u021bitul este perfect potrivit pentru lucr\u0103ri utilitare, iar lungimea lamei de 85 mm este suficient\u0103 pentru a face sandvi\u0219uri la un picnic. Grosimea lamei Ruike LD32 este egal\u0103 cu 3 mm. Acest cu\u021bit este perfect ascu\u021bit prin metoda Plain &#8212; f\u0103r\u0103 probleme. Aceast\u0103 ascu\u021bire va r\u0103m\u00e2ne cu el pentru o lung\u0103 perioad\u0103 de timp, ceea ce este favorizat de nivelul ridicat de duritate al o\u021belului utilizat (p\u00e2n\u0103 la 59 HRC). Gradul de o\u021bel se nume\u0219te 12C27 \u0219i face parte din familia o\u021belurilor inoxidabile. Lama cu\u021bitului este realizat\u0103 \u0219lefuit\u0103 p\u00e2n\u0103 la starea de oglind\u0103, astfel \u00eenc\u00e2t arat\u0103 foarte bine. Pentru a nu l\u0103sa urme neglijente pe suprafa\u021ba sa, este mai bine s\u0103 deschide\u021bi cu\u021bitul prinz\u00e2nd cuiul, care este special realizat la baza lamei. \u0218i \u00een pozi\u021bia complet deschis\u0103 lama este imediat blocat\u0103 de blocarea Liner \u00eencorporat\u0103 \u00een acest cu\u021bit. Aceast\u0103 caracteristic\u0103 \u00eei permite s\u0103 reziste la sarcini mult mai serioase. Aceast\u0103 blocare apar\u021bine familiei de \u00eencuietori de tip liniar, iar dac\u0103 este necesar s\u0103 plia\u021bi cu\u021bitul, este suficient s\u0103 trage\u021bi la o parte placa de o\u021bel, care se sprijin\u0103 pe lam\u0103 la baza m\u00e2nerului.<\/p>\n<p>M\u00e2nerul cu\u021bitului \u00eendepline\u0219te, de asemenea, principiile de practicabilitate \u0219i frumuse\u021be. Baza sa din o\u021bel este completat\u0103 de o pereche de c\u0103ptu\u0219eli din compozit G10. Seam\u0103n\u0103 cu plasticul, dar este mult mai durabil. \u00cen acela\u0219i timp, acest material nu absoarbe apa \u0219i poate rezista la lumina soarelui. Suprafa\u021ba este special f\u0103cut\u0103 neuniform\u0103, astfel \u00eenc\u00e2t cu\u021bitul s\u0103 nu alunece, chiar \u0219i \u00een m\u00e2ini ude.<\/p>\n<p>Alte unelte sunt, de asemenea, fabricate din o\u021bel inoxidabil \u0219i sunt perfect adaptate la condi\u021biile de pe teren. Ele sunt plasate \u00een diferite p\u0103r\u021bi ale m\u00e2nerului \u0219i atingerea fiec\u0103ruia va fi u\u0219oar\u0103 \u0219i convenabil\u0103. Setul include un tirbu\u0219on, un deschiz\u0103tor de sticle, o versiune mai mic\u0103 a unui fer\u0103str\u0103u de lemn, dou\u0103 \u0219urubelni\u021be drepte de diferite l\u0103\u021bimi, unelte pentru decuparea oric\u0103ror fire, un t\u0103ietor de curea \u0219i un t\u0103ietor de sticl\u0103. Cu\u021bitul poate fi purtat fie pe un lan\u021b ata\u0219at la un inel de o\u021bel, fie fixat \u00eentr-un buzunar cu o clem\u0103.<\/p>\n<h3>Caracteristici<\/h3>\n<ul>\n<li>Tip cu\u021bit: pliabil<\/li>\n<li>Tip muchie de t\u0103iere: regulat<\/li>\n<li>Tip de blocare: Liner lock<\/li>\n<li>Lungime total\u0103: 19,9 cm<\/li>\n<li>Lungimea lamei: 8,5 cm<\/li>\n<li>Material m\u00e2ner: G10<\/li>\n<li>Duritatea o\u021belului: 59 HRC<\/li>\n<li>Clasa o\u021belului: Sandvik 12C27<\/li>\n<li>Greutate: 164 g<\/li>\n<\/ul>\n<p><\/p>","protected":false},"excerpt":{"rendered":"","protected":false},"featured_media":85906,"comment_status":"open","ping_status":"closed","template":"","meta":{"_acf_changed":false,"inline_featured_image":false},"product_brand":[1486],"product_cat":[415],"product_tag":[],"class_list":{"0":"post-85755","1":"product","2":"type-product","3":"status-publish","4":"has-post-thumbnail","6":"product_brand-ruike","7":"product_cat-multitools","9":"first","10":"instock","11":"shipping-taxable","12":"purchasable","13":"product-type-simple"},"acf":[],"yoast_head":"<!-- This site is optimized with the Yoast SEO plugin v27.2 - https:\/\/yoast.com\/product\/yoast-seo-wordpress\/ -->\n<title>\u041d\u043e\u0436 Ruike LD32-B - \u041c\u0430\u0433\u0430\u0437\u0438\u043d Xstyle<\/title>\n<meta name=\"description\" content=\"\u041d\u043e\u0436 Ruike LD32-B \u2014 \u043c\u043d\u043e\u0433\u043e\u0444\u0443\u043d\u043a\u0446\u0438\u043e\u043d\u0430\u043b\u044c\u043d\u044b\u0439 \u0438\u043d\u0441\u0442\u0440\u0443\u043c\u0435\u043d\u0442 \u0434\u043b\u044f \u0442\u0443\u0440\u0438\u0441\u0442\u043e\u0432 \u0438 \u0440\u044b\u0431\u043e\u043b\u043e\u0432\u043e\u0432, \u0441 13 \u0444\u0443\u043d\u043a\u0446\u0438\u044f\u043c\u0438 \u0438 \u043b\u0435\u0437\u0432\u0438\u0435\u043c \u0438\u0437 Sandvik 12C27, \u0432\u0435\u0441\u043e\u043c \u043b\u0438\u0448\u044c 164 \u0433.\" \/>\n<meta name=\"robots\" content=\"index, follow, max-snippet:-1, max-image-preview:large, max-video-preview:-1\" \/>\n<link rel=\"canonical\" href=\"https:\/\/xstyle.md\/ro\/produs\/nozh-ruike-ld32-b\/\" \/>\n<meta property=\"og:locale\" content=\"ro_RO\" \/>\n<meta property=\"og:type\" content=\"article\" \/>\n<meta property=\"og:title\" content=\"\u041d\u043e\u0436 Ruike LD32-B - \u041c\u0430\u0433\u0430\u0437\u0438\u043d Xstyle\" \/>\n<meta property=\"og:description\" content=\"\u041d\u043e\u0436 Ruike LD32-B \u2014 \u043c\u043d\u043e\u0433\u043e\u0444\u0443\u043d\u043a\u0446\u0438\u043e\u043d\u0430\u043b\u044c\u043d\u044b\u0439 \u0438\u043d\u0441\u0442\u0440\u0443\u043c\u0435\u043d\u0442 \u0434\u043b\u044f \u0442\u0443\u0440\u0438\u0441\u0442\u043e\u0432 \u0438 \u0440\u044b\u0431\u043e\u043b\u043e\u0432\u043e\u0432, \u0441 13 \u0444\u0443\u043d\u043a\u0446\u0438\u044f\u043c\u0438 \u0438 \u043b\u0435\u0437\u0432\u0438\u0435\u043c \u0438\u0437 Sandvik 12C27, \u0432\u0435\u0441\u043e\u043c \u043b\u0438\u0448\u044c 164 \u0433.\" \/>\n<meta property=\"og:url\" content=\"https:\/\/xstyle.md\/ro\/produs\/nozh-ruike-ld32-b\/\" \/>\n<meta property=\"og:site_name\" content=\"\u041c\u0430\u0433\u0430\u0437\u0438\u043d Xstyle\" \/>\n<meta property=\"article:publisher\" content=\"https:\/\/www.facebook.com\/xstylemd\" \/>\n<meta property=\"article:modified_time\" content=\"2025-10-24T10:06:10+00:00\" \/>\n<meta property=\"og:image\" content=\"https:\/\/xstyle.md\/wp-content\/uploads\/2024\/07\/ruike-ld32-b.jpg\" \/>\n\t<meta property=\"og:image:width\" content=\"913\" \/>\n\t<meta property=\"og:image:height\" content=\"859\" \/>\n\t<meta property=\"og:image:type\" content=\"image\/jpeg\" \/>\n<meta name=\"twitter:card\" content=\"summary_large_image\" \/>\n<meta name=\"twitter:label1\" content=\"Pre\u021b\" \/>\n\t<meta name=\"twitter:data1\" content=\"1.290&nbsp;MDL\" \/>\n\t<meta name=\"twitter:label2\" content=\"Disponibilitate\" \/>\n\t<meta name=\"twitter:data2\" content=\"\u00cen stoc\" \/>\n<script type=\"application\/ld+json\" class=\"yoast-schema-graph\">{\"@context\":\"https:\/\/schema.org\",\"@graph\":[{\"@type\":\"WebPage\",\"@id\":\"https:\/\/xstyle.md\/product\/nozh-ruike-ld32-b\/\",\"url\":\"https:\/\/xstyle.md\/product\/nozh-ruike-ld32-b\/\",\"name\":\"\u041d\u043e\u0436 Ruike LD32-B - \u041c\u0430\u0433\u0430\u0437\u0438\u043d Xstyle\",\"isPartOf\":{\"@id\":\"https:\/\/xstyle.md\/#website\"},\"primaryImageOfPage\":{\"@id\":\"https:\/\/xstyle.md\/product\/nozh-ruike-ld32-b\/#primaryimage\"},\"image\":{\"@id\":\"https:\/\/xstyle.md\/product\/nozh-ruike-ld32-b\/#primaryimage\"},\"thumbnailUrl\":\"https:\/\/xstyle.md\/wp-content\/uploads\/2024\/07\/ruike-ld32-b.jpg\",\"datePublished\":\"2024-07-18T11:38:45+00:00\",\"dateModified\":\"2025-10-24T10:06:10+00:00\",\"description\":\"\u041d\u043e\u0436 Ruike LD32-B \u2014 \u043c\u043d\u043e\u0433\u043e\u0444\u0443\u043d\u043a\u0446\u0438\u043e\u043d\u0430\u043b\u044c\u043d\u044b\u0439 \u0438\u043d\u0441\u0442\u0440\u0443\u043c\u0435\u043d\u0442 \u0434\u043b\u044f \u0442\u0443\u0440\u0438\u0441\u0442\u043e\u0432 \u0438 \u0440\u044b\u0431\u043e\u043b\u043e\u0432\u043e\u0432, \u0441 13 \u0444\u0443\u043d\u043a\u0446\u0438\u044f\u043c\u0438 \u0438 \u043b\u0435\u0437\u0432\u0438\u0435\u043c \u0438\u0437 Sandvik 12C27, \u0432\u0435\u0441\u043e\u043c \u043b\u0438\u0448\u044c 164 \u0433.\",\"breadcrumb\":{\"@id\":\"https:\/\/xstyle.md\/product\/nozh-ruike-ld32-b\/#breadcrumb\"},\"inLanguage\":\"ro-RO\",\"potentialAction\":[{\"@type\":\"ReadAction\",\"target\":[\"https:\/\/xstyle.md\/product\/nozh-ruike-ld32-b\/\"]}]},{\"@type\":\"ImageObject\",\"inLanguage\":\"ro-RO\",\"@id\":\"https:\/\/xstyle.md\/product\/nozh-ruike-ld32-b\/#primaryimage\",\"url\":\"https:\/\/xstyle.md\/wp-content\/uploads\/2024\/07\/ruike-ld32-b.jpg\",\"contentUrl\":\"https:\/\/xstyle.md\/wp-content\/uploads\/2024\/07\/ruike-ld32-b.jpg\",\"width\":913,\"height\":859,\"caption\":\"\u0422\u0443\u0440\u0438\u0441\u0442\u0438\u0447\u0435\u0441\u043a\u0438\u0439 \u043d\u043e\u0436 Ruike LD32-B \u0434\u043b\u044f \u0430\u043a\u0442\u0438\u0432\u043d\u043e\u0433\u043e \u043e\u0442\u0434\u044b\u0445\u0430, \u043f\u043e\u0445\u043e\u0434\u043e\u0432, \u043a\u0435\u043c\u043f\u0438\u043d\u0433\u0430 \u0438 \u0430\u043b\u044c\u043f\u0438\u043d\u0438\u0437\u043c\u0430 \u0441\u043e\u0437\u0434\u0430\u044e\u0449\u0438\u0439\u0441\u044f \u0434\u043b\u044f \u043b\u044e\u0431\u0438\u0442\u0435\u043b\u0435\u0439 \u0430\u043a\u0442\u0438\u0432\u043d\u043e\u0439 \u0436\u0438\u0437\u043d\u0438, \u043f\u0443\u0442\u0435\u0448\u0435\u0441\u0442\u0432\u0438\u0439 \u0438 \u0441\u043f\u043e\u0440\u0442\u0438\u0432\u043d\u043e\u0439 \u044d\u043a\u0438\u043f\u0438\u0440\u043e\u0432\u043a\u0438.\"},{\"@type\":\"BreadcrumbList\",\"@id\":\"https:\/\/xstyle.md\/product\/nozh-ruike-ld32-b\/#breadcrumb\",\"itemListElement\":[{\"@type\":\"ListItem\",\"position\":1,\"name\":\"\u0413\u043b\u0430\u0432\u043d\u0430\u044f \u0441\u0442\u0440\u0430\u043d\u0438\u0446\u0430\",\"item\":\"https:\/\/xstyle.md\/\"},{\"@type\":\"ListItem\",\"position\":2,\"name\":\"\u041c\u0430\u0433\u0430\u0437\u0438\u043d\",\"item\":\"https:\/\/xstyle.md\/shop\/\"},{\"@type\":\"ListItem\",\"position\":3,\"name\":\"\u041d\u043e\u0436 Ruike LD32-B\"}]},{\"@type\":\"WebSite\",\"@id\":\"https:\/\/xstyle.md\/#website\",\"url\":\"https:\/\/xstyle.md\/\",\"name\":\"\u041c\u0430\u0433\u0430\u0437\u0438\u043d Xstyle\",\"description\":\"C\u043d\u0430\u0440\u044f\u0436\u0435\u043d\u0438\u0435 \u0434\u043b\u044f \u0442\u0443\u0440\u0438\u0437\u043c\u0430 \u0438 \u044d\u043a\u0441\u0442\u0440\u0435\u043c\u0430\u043b\u044c\u043d\u044b\u0445 \u0432\u0438\u0434\u043e\u0432 \u0441\u043f\u043e\u0440\u0442\u0430 \u0432 \u041c\u043e\u043b\u0434\u043e\u0432\u0435.. \u0426\u0435\u043d\u044b, \u0444\u043e\u0442\u043e, \u0445\u0430\u0440\u0430\u043a\u0442\u0435\u0440\u0438\u0441\u0442\u0438\u043a\u0438 \u0432 \u041c\u043e\u043b\u0434\u043e\u0432\u0435.\",\"publisher\":{\"@id\":\"https:\/\/xstyle.md\/#organization\"},\"alternateName\":\"X-Style\",\"potentialAction\":[{\"@type\":\"SearchAction\",\"target\":{\"@type\":\"EntryPoint\",\"urlTemplate\":\"https:\/\/xstyle.md\/?s={search_term_string}\"},\"query-input\":{\"@type\":\"PropertyValueSpecification\",\"valueRequired\":true,\"valueName\":\"search_term_string\"}}],\"inLanguage\":\"ro-RO\"},{\"@type\":\"Organization\",\"@id\":\"https:\/\/xstyle.md\/#organization\",\"name\":\"\u041c\u0430\u0433\u0430\u0437\u0438\u043d Xstyle\",\"alternateName\":\"x-style\",\"url\":\"https:\/\/xstyle.md\/\",\"logo\":{\"@type\":\"ImageObject\",\"inLanguage\":\"ro-RO\",\"@id\":\"https:\/\/xstyle.md\/#\/schema\/logo\/image\/\",\"url\":\"https:\/\/xstyle.md\/wp-content\/uploads\/2020\/06\/logoicon.svg\",\"contentUrl\":\"https:\/\/xstyle.md\/wp-content\/uploads\/2020\/06\/logoicon.svg\",\"caption\":\"\u041c\u0430\u0433\u0430\u0437\u0438\u043d Xstyle\"},\"image\":{\"@id\":\"https:\/\/xstyle.md\/#\/schema\/logo\/image\/\"},\"sameAs\":[\"https:\/\/www.facebook.com\/xstylemd\",\"https:\/\/www.instagram.com\/xstyle_md\/\",\"https:\/\/t.me\/xstyle_outdoor\"],\"hasMerchantReturnPolicy\":{\"@type\":\"MerchantReturnPolicy\",\"merchantReturnLink\":\"https:\/\/xstyle.md\/ro\/conditions\/\"}}]}<\/script>\n<meta property=\"product:price:amount\" content=\"1290.00\" \/>\n<meta property=\"product:price:currency\" content=\"MDL\" \/>\n<meta property=\"og:availability\" content=\"instock\" \/>\n<meta property=\"product:availability\" content=\"instock\" \/>\n<meta property=\"product:retailer_item_id\" content=\"6942870370828\" \/>\n<meta property=\"product:condition\" content=\"new\" \/>\n<!-- \/ Yoast SEO plugin. -->","yoast_head_json":{"title":"\u041d\u043e\u0436 Ruike LD32-B - Magazin Xstyle","description":"Culoarea Ruike LD32-B \u2014 un instrument multifunc\u021bional pentru turi\u0219ti \u0219i pescari, cu 13 func\u021bii \u0219i o lam\u0103 din Sandvik 12C27, av\u00e2nd o greutate de doar 164 g.","robots":{"index":"index","follow":"follow","max-snippet":"max-snippet:-1","max-image-preview":"max-image-preview:large","max-video-preview":"max-video-preview:-1"},"canonical":"https:\/\/xstyle.md\/ro\/produs\/nozh-ruike-ld32-b\/","og_locale":"ro_RO","og_type":"article","og_title":"\u041d\u043e\u0436 Ruike LD32-B - \u041c\u0430\u0433\u0430\u0437\u0438\u043d Xstyle","og_description":"\u041d\u043e\u0436 Ruike LD32-B \u2014 \u043c\u043d\u043e\u0433\u043e\u0444\u0443\u043d\u043a\u0446\u0438\u043e\u043d\u0430\u043b\u044c\u043d\u044b\u0439 \u0438\u043d\u0441\u0442\u0440\u0443\u043c\u0435\u043d\u0442 \u0434\u043b\u044f \u0442\u0443\u0440\u0438\u0441\u0442\u043e\u0432 \u0438 \u0440\u044b\u0431\u043e\u043b\u043e\u0432\u043e\u0432, \u0441 13 \u0444\u0443\u043d\u043a\u0446\u0438\u044f\u043c\u0438 \u0438 \u043b\u0435\u0437\u0432\u0438\u0435\u043c \u0438\u0437 Sandvik 12C27, \u0432\u0435\u0441\u043e\u043c \u043b\u0438\u0448\u044c 164 \u0433.","og_url":"https:\/\/xstyle.md\/ro\/produs\/nozh-ruike-ld32-b\/","og_site_name":"\u041c\u0430\u0433\u0430\u0437\u0438\u043d Xstyle","article_publisher":"https:\/\/www.facebook.com\/xstylemd","article_modified_time":"2025-10-24T10:06:10+00:00","og_image":[{"width":913,"height":859,"url":"https:\/\/xstyle.md\/wp-content\/uploads\/2024\/07\/ruike-ld32-b.jpg","type":"image\/jpeg"}],"twitter_card":"summary_large_image","twitter_misc":{"Pre\u021b":"1.290&nbsp;MDL","Disponibilitate":"\u00cen stoc"},"schema":{"@context":"https:\/\/schema.org","@graph":[{"@type":"WebPage","@id":"https:\/\/xstyle.md\/product\/nozh-ruike-ld32-b\/","url":"https:\/\/xstyle.md\/product\/nozh-ruike-ld32-b\/","name":"\u041d\u043e\u0436 Ruike LD32-B - Magazin Xstyle","isPartOf":{"@id":"https:\/\/xstyle.md\/#website"},"primaryImageOfPage":{"@id":"https:\/\/xstyle.md\/product\/nozh-ruike-ld32-b\/#primaryimage"},"image":{"@id":"https:\/\/xstyle.md\/product\/nozh-ruike-ld32-b\/#primaryimage"},"thumbnailUrl":"https:\/\/xstyle.md\/wp-content\/uploads\/2024\/07\/ruike-ld32-b.jpg","datePublished":"2024-07-18T11:38:45+00:00","dateModified":"2025-10-24T10:06:10+00:00","description":"Culoarea Ruike LD32-B \u2014 un instrument multifunc\u021bional pentru turi\u0219ti \u0219i pescari, cu 13 func\u021bii \u0219i o lam\u0103 din Sandvik 12C27, av\u00e2nd o greutate de doar 164 g.","breadcrumb":{"@id":"https:\/\/xstyle.md\/product\/nozh-ruike-ld32-b\/#breadcrumb"},"inLanguage":"ro-RO","potentialAction":[{"@type":"ReadAction","target":["https:\/\/xstyle.md\/product\/nozh-ruike-ld32-b\/"]}]},{"@type":"ImageObject","inLanguage":"ro-RO","@id":"https:\/\/xstyle.md\/product\/nozh-ruike-ld32-b\/#primaryimage","url":"https:\/\/xstyle.md\/wp-content\/uploads\/2024\/07\/ruike-ld32-b.jpg","contentUrl":"https:\/\/xstyle.md\/wp-content\/uploads\/2024\/07\/ruike-ld32-b.jpg","width":913,"height":859,"caption":"\u0422\u0443\u0440\u0438\u0441\u0442\u0438\u0447\u0435\u0441\u043a\u0438\u0439 \u043d\u043e\u0436 Ruike LD32-B \u0434\u043b\u044f \u0430\u043a\u0442\u0438\u0432\u043d\u043e\u0433\u043e \u043e\u0442\u0434\u044b\u0445\u0430, \u043f\u043e\u0445\u043e\u0434\u043e\u0432, \u043a\u0435\u043c\u043f\u0438\u043d\u0433\u0430 \u0438 \u0430\u043b\u044c\u043f\u0438\u043d\u0438\u0437\u043c\u0430 \u0441\u043e\u0437\u0434\u0430\u044e\u0449\u0438\u0439\u0441\u044f \u0434\u043b\u044f \u043b\u044e\u0431\u0438\u0442\u0435\u043b\u0435\u0439 \u0430\u043a\u0442\u0438\u0432\u043d\u043e\u0439 \u0436\u0438\u0437\u043d\u0438, \u043f\u0443\u0442\u0435\u0448\u0435\u0441\u0442\u0432\u0438\u0439 \u0438 \u0441\u043f\u043e\u0440\u0442\u0438\u0432\u043d\u043e\u0439 \u044d\u043a\u0438\u043f\u0438\u0440\u043e\u0432\u043a\u0438."},{"@type":"BreadcrumbList","@id":"https:\/\/xstyle.md\/product\/nozh-ruike-ld32-b\/#breadcrumb","itemListElement":[{"@type":"ListItem","position":1,"name":"\u0413\u043b\u0430\u0432\u043d\u0430\u044f \u0441\u0442\u0440\u0430\u043d\u0438\u0446\u0430","item":"https:\/\/xstyle.md\/"},{"@type":"ListItem","position":2,"name":"\u041c\u0430\u0433\u0430\u0437\u0438\u043d","item":"https:\/\/xstyle.md\/shop\/"},{"@type":"ListItem","position":3,"name":"\u041d\u043e\u0436 Ruike LD32-B"}]},{"@type":"WebSite","@id":"https:\/\/xstyle.md\/#website","url":"https:\/\/xstyle.md\/","name":"Magazinul X-Style","description":"Echipamente pentru turism \u0219i sporturi extreme \u00een Moldova. Pre\u021buri, fotografii, caracteristici \u00een Moldova.","publisher":{"@id":"https:\/\/xstyle.md\/#organization"},"alternateName":"X-Style","potentialAction":[{"@type":"SearchAction","target":{"@type":"EntryPoint","urlTemplate":"https:\/\/xstyle.md\/?s={search_term_string}"},"query-input":{"@type":"PropertyValueSpecification","valueRequired":true,"valueName":"search_term_string"}}],"inLanguage":"ro-RO"},{"@type":"Organization","@id":"https:\/\/xstyle.md\/#organization","name":"Magazinul X-Style","alternateName":"x-style","url":"https:\/\/xstyle.md\/","logo":{"@type":"ImageObject","inLanguage":"ro-RO","@id":"https:\/\/xstyle.md\/#\/schema\/logo\/image\/","url":"https:\/\/xstyle.md\/wp-content\/uploads\/2020\/06\/logoicon.svg","contentUrl":"https:\/\/xstyle.md\/wp-content\/uploads\/2020\/06\/logoicon.svg","caption":"\u041c\u0430\u0433\u0430\u0437\u0438\u043d Xstyle"},"image":{"@id":"https:\/\/xstyle.md\/#\/schema\/logo\/image\/"},"sameAs":["https:\/\/www.facebook.com\/xstylemd","https:\/\/www.instagram.com\/xstyle_md\/","https:\/\/t.me\/xstyle_outdoor"],"hasMerchantReturnPolicy":{"@type":"MerchantReturnPolicy","merchantReturnLink":"https:\/\/xstyle.md\/ro\/conditions\/"}}]},"product_price_amount":"1290.00","product_price_currency":"MDL","og_availability":"instock","product_availability":"instock","product_retailer_item_id":"6942870370828","product_condition":"new"},"post_mailing_queue_ids":[],"_links":{"self":[{"href":"https:\/\/xstyle.md\/ro\/wp-json\/wp\/v2\/product\/85755","targetHints":{"allow":["GET"]}}],"collection":[{"href":"https:\/\/xstyle.md\/ro\/wp-json\/wp\/v2\/product"}],"about":[{"href":"https:\/\/xstyle.md\/ro\/wp-json\/wp\/v2\/types\/product"}],"replies":[{"embeddable":true,"href":"https:\/\/xstyle.md\/ro\/wp-json\/wp\/v2\/comments?post=85755"}],"wp:featuredmedia":[{"embeddable":true,"href":"https:\/\/xstyle.md\/ro\/wp-json\/wp\/v2\/media\/85906"}],"wp:attachment":[{"href":"https:\/\/xstyle.md\/ro\/wp-json\/wp\/v2\/media?parent=85755"}],"wp:term":[{"taxonomy":"product_brand","embeddable":true,"href":"https:\/\/xstyle.md\/ro\/wp-json\/wp\/v2\/product_brand?post=85755"},{"taxonomy":"product_cat","embeddable":true,"href":"https:\/\/xstyle.md\/ro\/wp-json\/wp\/v2\/product_cat?post=85755"},{"taxonomy":"product_tag","embeddable":true,"href":"https:\/\/xstyle.md\/ro\/wp-json\/wp\/v2\/product_tag?post=85755"}],"curies":[{"name":"wp","href":"https:\/\/api.w.org\/{rel}","templated":true}]}}