{"id":85753,"date":"2024-07-18T14:38:45","date_gmt":"2024-07-18T11:38:45","guid":{"rendered":"https:\/\/xstyle.md\/?post_type=product&#038;p=85753"},"modified":"2025-10-24T13:06:07","modified_gmt":"2025-10-24T10:06:07","slug":"nozh-ruike-ld21-b","status":"publish","type":"product","link":"https:\/\/xstyle.md\/ro\/produs\/nozh-ruike-ld21-b\/","title":{"rendered":"Cu\u021bit Ruike LD21-B"},"content":{"rendered":"<\/p>\n<p><strong>Ruike LD21-B<\/strong> &#8212; briceag practic din seria Trekker cu dimensiuni reduse \u0219i instrumente suplimentare \u00eencorporate. Este potrivit pentru excursii \u0219i c\u0103l\u0103torii \u00een aer liber, precum \u0219i pentru utilizarea normal\u0103 de zi cu zi.<\/p>\n<p>Are un \u00eentreg set de unelte suplimentare \u00eencorporate \u00een m\u00e2ner ca \u0219i lama cu\u021bitului \u00een sine. Toate aceste instrumente sunt realizate din o\u021bel inoxidabil de calitate de fabrica\u021bie suedez\u0103. Gradul de o\u021bel utilizat se nume\u0219te 12C27. Este cunoscut pentru faptul c\u0103, cu o bun\u0103 rezisten\u021b\u0103 la coroziune, are \u0219i o duritate ridicat\u0103 &#8212; aproximativ 59 HRC \u0219i, prin urmare, cu\u021bitele nu trebuie s\u0103 fie ascu\u021bite des.<\/p>\n<p>Lungimea lamei cu\u021bitului pliabil Ruike LD21 este de 85 mm. Lama este f\u0103cut\u0103 foarte puternic\u0103, iar grosimea sa este de 3 mm \u0219i nu face dificil\u0103 t\u0103ierea diferitelor materiale, a\u0219a cum ar putea fi \u00een cu\u021bitele de v\u00e2n\u0103toare mai groase. Lama are o form\u0103 universal\u0103 Drop point, ceea ce o face convenabil\u0103 pentru t\u0103iere \u0219i \u00eenjunghiere. Cu\u021bitul este, de asemenea, ascu\u021bit \u00een cel mai obi\u0219nuit mod &#8212; neted. Lama este lustruit\u0103 \u00eengrijit p\u00e2n\u0103 la un finisaj oglind\u0103. Pentru a deschide cu\u021bitul, trebuie s\u0103 utiliza\u021bi fusul situat la m\u00e2nerul \u00eensu\u0219i. \u0218i \u00een pozi\u021bia deschis\u0103 este \u021binut de \u00eencuietoarea Liner \u00eencorporat\u0103. Acest mecanism ofer\u0103 o fixare rigid\u0103 \u0219i exclude complet plierea accidental\u0103 a lamei \u00een timpul utiliz\u0103rii sale. \u00cen plus, aceast\u0103 blocare necesit\u0103 cea mai simpl\u0103 \u00eentre\u021binere pentru a r\u0103m\u00e2ne opera\u021bional\u0103 timp de mul\u021bi ani. Pentru a \u00eenchide din nou Ruike LD21, trebuie s\u0103 \u00eempinge\u021bi la o parte placa de o\u021bel care se sprijin\u0103 pe c\u0103lc\u00e2iul lamei cu\u021bitului.<\/p>\n<p>Toate instrumentele auxiliare sunt, de asemenea, integrate \u00een m\u00e2ner. Similar cu lama cu\u021bitului este o alt\u0103 plac\u0103 de o\u021bel care include mai multe unelte deodat\u0103. \u00cen primul r\u00e2nd, este un deschiz\u0103tor de sticle, care poate fi util at\u00e2t \u00een ora\u0219, c\u00e2t \u0219i atunci c\u00e2nd c\u0103l\u0103tori\u021bi. \u00cen al doilea r\u00e2nd, la cap\u0103tul pl\u0103cii este o \u0219urubelni\u021b\u0103 dreapt\u0103 cu o fant\u0103 de 6,5 mm. \u00cen plus, exist\u0103 c\u00e2teva g\u0103uri rotunde care sunt folosite pentru a \u00eendep\u0103rta stratul izolator de pe fire. Aceast\u0103 plac\u0103 nu se deschide \u00een acela\u0219i mod ca un cu\u021bit: trebuie s\u0103 fie ridicat\u0103 cu unghia de o crest\u0103tur\u0103 f\u0103cut\u0103 \u00een metal.<\/p>\n<p>\u00cenc\u0103 c\u00e2teva unelte sunt situate pe cealalt\u0103 parte a m\u00e2nerului. Aceasta este o a doua \u0219urubelni\u021b\u0103 dreapt\u0103, mai mic\u0103 \u00een dimensiune, a c\u0103rei l\u0103\u021bime este egal\u0103 cu 3 mm, un t\u0103ietor de curea. Direct \u00een cap\u0103t este construit \u00eentr-o mic\u0103 perl\u0103 de sticl\u0103, un inel metalic care v\u0103 permite s\u0103 purta\u021bi cu\u021bitul pe un lan\u021b sau s\u0103 ata\u0219a\u021bi un temlac la acesta. \u00cen aceea\u0219i parte exist\u0103 o penset\u0103, care, spre deosebire de toate celelalte instrumente, poate fi utilizat\u0103 separat. \u00cen cele din urm\u0103, exist\u0103 un tirbu\u0219on pe partea din spate a m\u00e2nerului.<\/p>\n<p>M\u00e2nerul cu\u021bitului nu este o parte mai pu\u021bin important\u0103 dec\u00e2t instrumentele de lucru. \u00cen modelul Ruike LD21 este f\u0103cut confortabil \u0219i durabil. Pentru designul s\u0103u sunt utilizate dou\u0103 tampoane compozite din fibr\u0103 de sticl\u0103. Materialul pentru acestea este cunoscut \u0219i sub numele de G10. Este similar cu plasticul \u00een ceea ce prive\u0219te aspectul \u0219i greutatea: poate fi u\u0219or prelucrat, colorat \u0219i nu se ud\u0103 \u00een ap\u0103. Dar rezisten\u021ba acestui compozit este comparabil\u0103 cu o\u021belul, astfel \u00eenc\u00e2t m\u00e2nerul va fi cu adev\u0103rat durabil. \u0218i pentru confortul de a purta cu\u021bitul cu dvs., un clip fabricat din acela\u0219i o\u021bel ca \u0219i uneltele este \u00een\u0219urubat pe m\u00e2nerul s\u0103u.<\/p>\n<h3>Caracteristici<\/h3>\n<ul>\n<li>Tip cu\u021bit: pliabil<\/li>\n<li>Tip muchie de t\u0103iere: regulat<\/li>\n<li>Tip de blocare: Liner lock<\/li>\n<li>Lungime total\u0103: 19,9 cm<\/li>\n<li>Lungimea lamei: 8,5 cm<\/li>\n<li>Material m\u00e2ner: G10<\/li>\n<li>Duritatea o\u021belului: 58-60 HRC<\/li>\n<li>Clasa o\u021belului: Sandvik 12C27<\/li>\n<li>Greutate: 138 g<\/li>\n<\/ul>\n<p><\/p>","protected":false},"excerpt":{"rendered":"","protected":false},"featured_media":85877,"comment_status":"open","ping_status":"closed","template":"","meta":{"_acf_changed":false,"inline_featured_image":false},"product_brand":[1486],"product_cat":[415],"product_tag":[],"class_list":{"0":"post-85753","1":"product","2":"type-product","3":"status-publish","4":"has-post-thumbnail","6":"product_brand-ruike","7":"product_cat-multitools","9":"first","10":"instock","11":"shipping-taxable","12":"purchasable","13":"product-type-simple"},"acf":[],"yoast_head":"<!-- This site is optimized with the Yoast SEO plugin v27.2 - https:\/\/yoast.com\/product\/yoast-seo-wordpress\/ -->\n<title>\u041d\u043e\u0436 Ruike LD21-B - \u041c\u0430\u0433\u0430\u0437\u0438\u043d Xstyle<\/title>\n<meta name=\"description\" content=\"\u041d\u043e\u0436 Ruike LD21-B Trekker - \u0438\u0434\u0435\u0430\u043b\u044c\u043d\u044b\u0439 \u0441\u043f\u0443\u0442\u043d\u0438\u043a \u0434\u043b\u044f \u043f\u0440\u0438\u043a\u043b\u044e\u0447\u0435\u043d\u0438\u0439 \u043d\u0430 \u043f\u0440\u0438\u0440\u043e\u0434\u0435. \u041a\u043e\u043c\u043f\u0430\u043a\u0442\u043d\u044b\u0439, \u043f\u0440\u043e\u0447\u043d\u044b\u0439, \u0441 \u0434\u043e\u043f\u043e\u043b\u043d\u0438\u0442\u0435\u043b\u044c\u043d\u044b\u043c\u0438 \u0438\u043d\u0441\u0442\u0440\u0443\u043c\u0435\u043d\u0442\u0430\u043c\u0438. \u0423\u0434\u043e\u0431\u0441\u0442\u0432\u043e \u0438 \u043d\u0430\u0434\u0435\u0436\u043d\u043e\u0441\u0442\u044c \u0432 \u043e\u0434\u043d\u043e\u043c!\" \/>\n<meta name=\"robots\" content=\"index, follow, max-snippet:-1, max-image-preview:large, max-video-preview:-1\" \/>\n<link rel=\"canonical\" href=\"https:\/\/xstyle.md\/ro\/produs\/nozh-ruike-ld21-b\/\" \/>\n<meta property=\"og:locale\" content=\"ro_RO\" \/>\n<meta property=\"og:type\" content=\"article\" \/>\n<meta property=\"og:title\" content=\"\u041d\u043e\u0436 Ruike LD21-B - \u041c\u0430\u0433\u0430\u0437\u0438\u043d Xstyle\" \/>\n<meta property=\"og:description\" content=\"\u041d\u043e\u0436 Ruike LD21-B Trekker - \u0438\u0434\u0435\u0430\u043b\u044c\u043d\u044b\u0439 \u0441\u043f\u0443\u0442\u043d\u0438\u043a \u0434\u043b\u044f \u043f\u0440\u0438\u043a\u043b\u044e\u0447\u0435\u043d\u0438\u0439 \u043d\u0430 \u043f\u0440\u0438\u0440\u043e\u0434\u0435. \u041a\u043e\u043c\u043f\u0430\u043a\u0442\u043d\u044b\u0439, \u043f\u0440\u043e\u0447\u043d\u044b\u0439, \u0441 \u0434\u043e\u043f\u043e\u043b\u043d\u0438\u0442\u0435\u043b\u044c\u043d\u044b\u043c\u0438 \u0438\u043d\u0441\u0442\u0440\u0443\u043c\u0435\u043d\u0442\u0430\u043c\u0438. \u0423\u0434\u043e\u0431\u0441\u0442\u0432\u043e \u0438 \u043d\u0430\u0434\u0435\u0436\u043d\u043e\u0441\u0442\u044c \u0432 \u043e\u0434\u043d\u043e\u043c!\" \/>\n<meta property=\"og:url\" content=\"https:\/\/xstyle.md\/ro\/produs\/nozh-ruike-ld21-b\/\" \/>\n<meta property=\"og:site_name\" content=\"\u041c\u0430\u0433\u0430\u0437\u0438\u043d Xstyle\" \/>\n<meta property=\"article:publisher\" content=\"https:\/\/www.facebook.com\/xstylemd\" \/>\n<meta property=\"article:modified_time\" content=\"2025-10-24T10:06:07+00:00\" \/>\n<meta property=\"og:image\" content=\"https:\/\/xstyle.md\/wp-content\/uploads\/2024\/07\/ruike-ld21-b.jpg\" \/>\n\t<meta property=\"og:image:width\" content=\"885\" \/>\n\t<meta property=\"og:image:height\" content=\"897\" \/>\n\t<meta property=\"og:image:type\" content=\"image\/jpeg\" \/>\n<meta name=\"twitter:card\" content=\"summary_large_image\" \/>\n<meta name=\"twitter:label1\" content=\"Pre\u021b\" \/>\n\t<meta name=\"twitter:data1\" content=\"990&nbsp;MDL\" \/>\n\t<meta name=\"twitter:label2\" content=\"Disponibilitate\" \/>\n\t<meta name=\"twitter:data2\" content=\"\u00cen stoc\" \/>\n<script type=\"application\/ld+json\" class=\"yoast-schema-graph\">{\"@context\":\"https:\/\/schema.org\",\"@graph\":[{\"@type\":\"WebPage\",\"@id\":\"https:\/\/xstyle.md\/product\/nozh-ruike-ld21-b\/\",\"url\":\"https:\/\/xstyle.md\/product\/nozh-ruike-ld21-b\/\",\"name\":\"\u041d\u043e\u0436 Ruike LD21-B - \u041c\u0430\u0433\u0430\u0437\u0438\u043d Xstyle\",\"isPartOf\":{\"@id\":\"https:\/\/xstyle.md\/#website\"},\"primaryImageOfPage\":{\"@id\":\"https:\/\/xstyle.md\/product\/nozh-ruike-ld21-b\/#primaryimage\"},\"image\":{\"@id\":\"https:\/\/xstyle.md\/product\/nozh-ruike-ld21-b\/#primaryimage\"},\"thumbnailUrl\":\"https:\/\/xstyle.md\/wp-content\/uploads\/2024\/07\/ruike-ld21-b.jpg\",\"datePublished\":\"2024-07-18T11:38:45+00:00\",\"dateModified\":\"2025-10-24T10:06:07+00:00\",\"description\":\"\u041d\u043e\u0436 Ruike LD21-B Trekker - \u0438\u0434\u0435\u0430\u043b\u044c\u043d\u044b\u0439 \u0441\u043f\u0443\u0442\u043d\u0438\u043a \u0434\u043b\u044f \u043f\u0440\u0438\u043a\u043b\u044e\u0447\u0435\u043d\u0438\u0439 \u043d\u0430 \u043f\u0440\u0438\u0440\u043e\u0434\u0435. \u041a\u043e\u043c\u043f\u0430\u043a\u0442\u043d\u044b\u0439, \u043f\u0440\u043e\u0447\u043d\u044b\u0439, \u0441 \u0434\u043e\u043f\u043e\u043b\u043d\u0438\u0442\u0435\u043b\u044c\u043d\u044b\u043c\u0438 \u0438\u043d\u0441\u0442\u0440\u0443\u043c\u0435\u043d\u0442\u0430\u043c\u0438. \u0423\u0434\u043e\u0431\u0441\u0442\u0432\u043e \u0438 \u043d\u0430\u0434\u0435\u0436\u043d\u043e\u0441\u0442\u044c \u0432 \u043e\u0434\u043d\u043e\u043c!\",\"breadcrumb\":{\"@id\":\"https:\/\/xstyle.md\/product\/nozh-ruike-ld21-b\/#breadcrumb\"},\"inLanguage\":\"ro-RO\",\"potentialAction\":[{\"@type\":\"ReadAction\",\"target\":[\"https:\/\/xstyle.md\/product\/nozh-ruike-ld21-b\/\"]}]},{\"@type\":\"ImageObject\",\"inLanguage\":\"ro-RO\",\"@id\":\"https:\/\/xstyle.md\/product\/nozh-ruike-ld21-b\/#primaryimage\",\"url\":\"https:\/\/xstyle.md\/wp-content\/uploads\/2024\/07\/ruike-ld21-b.jpg\",\"contentUrl\":\"https:\/\/xstyle.md\/wp-content\/uploads\/2024\/07\/ruike-ld21-b.jpg\",\"width\":885,\"height\":897,\"caption\":\"\u041a\u043e\u043c\u043f\u043b\u0435\u043a\u0442 \u0441 \u043d\u043e\u0436\u043e\u043c Ruike LD21-B \u0434\u043b\u044f \u0430\u043a\u0442\u0438\u0432\u043d\u043e\u0433\u043e \u043e\u0442\u0434\u044b\u0445\u0430 \u0438 \u043f\u0443\u0442\u0435\u0448\u0435\u0441\u0442\u0432\u0438\u0439, \u043f\u043e\u0445\u043e\u0434\u043d\u043e\u0439 \u044d\u043a\u0438\u043f\u0438\u0440\u043e\u0432\u043a\u0438, \u0442\u0443\u0440\u0438\u0441\u0442\u0438\u0447\u0435\u0441\u043a\u043e\u0439 \u043e\u0431\u0443\u0432\u0438 \u0438 \u043e\u0434\u0435\u0436\u0434\u044b \u0434\u043b\u044f \u0430\u043a\u0442\u0438\u0432\u043d\u043e\u0439 \u0436\u0438\u0437\u043d\u0438\"},{\"@type\":\"BreadcrumbList\",\"@id\":\"https:\/\/xstyle.md\/product\/nozh-ruike-ld21-b\/#breadcrumb\",\"itemListElement\":[{\"@type\":\"ListItem\",\"position\":1,\"name\":\"\u0413\u043b\u0430\u0432\u043d\u0430\u044f \u0441\u0442\u0440\u0430\u043d\u0438\u0446\u0430\",\"item\":\"https:\/\/xstyle.md\/\"},{\"@type\":\"ListItem\",\"position\":2,\"name\":\"\u041c\u0430\u0433\u0430\u0437\u0438\u043d\",\"item\":\"https:\/\/xstyle.md\/shop\/\"},{\"@type\":\"ListItem\",\"position\":3,\"name\":\"\u041d\u043e\u0436 Ruike LD21-B\"}]},{\"@type\":\"WebSite\",\"@id\":\"https:\/\/xstyle.md\/#website\",\"url\":\"https:\/\/xstyle.md\/\",\"name\":\"\u041c\u0430\u0433\u0430\u0437\u0438\u043d Xstyle\",\"description\":\"C\u043d\u0430\u0440\u044f\u0436\u0435\u043d\u0438\u0435 \u0434\u043b\u044f \u0442\u0443\u0440\u0438\u0437\u043c\u0430 \u0438 \u044d\u043a\u0441\u0442\u0440\u0435\u043c\u0430\u043b\u044c\u043d\u044b\u0445 \u0432\u0438\u0434\u043e\u0432 \u0441\u043f\u043e\u0440\u0442\u0430 \u0432 \u041c\u043e\u043b\u0434\u043e\u0432\u0435.. \u0426\u0435\u043d\u044b, \u0444\u043e\u0442\u043e, \u0445\u0430\u0440\u0430\u043a\u0442\u0435\u0440\u0438\u0441\u0442\u0438\u043a\u0438 \u0432 \u041c\u043e\u043b\u0434\u043e\u0432\u0435.\",\"publisher\":{\"@id\":\"https:\/\/xstyle.md\/#organization\"},\"alternateName\":\"X-Style\",\"potentialAction\":[{\"@type\":\"SearchAction\",\"target\":{\"@type\":\"EntryPoint\",\"urlTemplate\":\"https:\/\/xstyle.md\/?s={search_term_string}\"},\"query-input\":{\"@type\":\"PropertyValueSpecification\",\"valueRequired\":true,\"valueName\":\"search_term_string\"}}],\"inLanguage\":\"ro-RO\"},{\"@type\":\"Organization\",\"@id\":\"https:\/\/xstyle.md\/#organization\",\"name\":\"\u041c\u0430\u0433\u0430\u0437\u0438\u043d Xstyle\",\"alternateName\":\"x-style\",\"url\":\"https:\/\/xstyle.md\/\",\"logo\":{\"@type\":\"ImageObject\",\"inLanguage\":\"ro-RO\",\"@id\":\"https:\/\/xstyle.md\/#\/schema\/logo\/image\/\",\"url\":\"https:\/\/xstyle.md\/wp-content\/uploads\/2020\/06\/logoicon.svg\",\"contentUrl\":\"https:\/\/xstyle.md\/wp-content\/uploads\/2020\/06\/logoicon.svg\",\"caption\":\"\u041c\u0430\u0433\u0430\u0437\u0438\u043d Xstyle\"},\"image\":{\"@id\":\"https:\/\/xstyle.md\/#\/schema\/logo\/image\/\"},\"sameAs\":[\"https:\/\/www.facebook.com\/xstylemd\",\"https:\/\/www.instagram.com\/xstyle_md\/\",\"https:\/\/t.me\/xstyle_outdoor\"],\"hasMerchantReturnPolicy\":{\"@type\":\"MerchantReturnPolicy\",\"merchantReturnLink\":\"https:\/\/xstyle.md\/ro\/conditions\/\"}}]}<\/script>\n<meta property=\"product:price:amount\" content=\"990.00\" \/>\n<meta property=\"product:price:currency\" content=\"MDL\" \/>\n<meta property=\"og:availability\" content=\"instock\" \/>\n<meta property=\"product:availability\" content=\"instock\" \/>\n<meta property=\"product:retailer_item_id\" content=\"6942870370804\" \/>\n<meta property=\"product:condition\" content=\"new\" \/>\n<!-- \/ Yoast SEO plugin. -->","yoast_head_json":{"title":"Cump\u0103r\u0103 No\u017e Ruike LD21-B - Magazin Xstyle","description":"Cutter Ruike LD21-B Trekker - companionul perfect pentru aventuri \u00een natur\u0103. Compact, durabil, cu instrumente suplimentare. Confort \u0219i fiabilitate \u00eentr-un singur!","robots":{"index":"index","follow":"follow","max-snippet":"max-snippet:-1","max-image-preview":"max-image-preview:large","max-video-preview":"max-video-preview:-1"},"canonical":"https:\/\/xstyle.md\/ro\/produs\/nozh-ruike-ld21-b\/","og_locale":"ro_RO","og_type":"article","og_title":"\u041d\u043e\u0436 Ruike LD21-B - \u041c\u0430\u0433\u0430\u0437\u0438\u043d Xstyle","og_description":"\u041d\u043e\u0436 Ruike LD21-B Trekker - \u0438\u0434\u0435\u0430\u043b\u044c\u043d\u044b\u0439 \u0441\u043f\u0443\u0442\u043d\u0438\u043a \u0434\u043b\u044f \u043f\u0440\u0438\u043a\u043b\u044e\u0447\u0435\u043d\u0438\u0439 \u043d\u0430 \u043f\u0440\u0438\u0440\u043e\u0434\u0435. \u041a\u043e\u043c\u043f\u0430\u043a\u0442\u043d\u044b\u0439, \u043f\u0440\u043e\u0447\u043d\u044b\u0439, \u0441 \u0434\u043e\u043f\u043e\u043b\u043d\u0438\u0442\u0435\u043b\u044c\u043d\u044b\u043c\u0438 \u0438\u043d\u0441\u0442\u0440\u0443\u043c\u0435\u043d\u0442\u0430\u043c\u0438. \u0423\u0434\u043e\u0431\u0441\u0442\u0432\u043e \u0438 \u043d\u0430\u0434\u0435\u0436\u043d\u043e\u0441\u0442\u044c \u0432 \u043e\u0434\u043d\u043e\u043c!","og_url":"https:\/\/xstyle.md\/ro\/produs\/nozh-ruike-ld21-b\/","og_site_name":"\u041c\u0430\u0433\u0430\u0437\u0438\u043d Xstyle","article_publisher":"https:\/\/www.facebook.com\/xstylemd","article_modified_time":"2025-10-24T10:06:07+00:00","og_image":[{"width":885,"height":897,"url":"https:\/\/xstyle.md\/wp-content\/uploads\/2024\/07\/ruike-ld21-b.jpg","type":"image\/jpeg"}],"twitter_card":"summary_large_image","twitter_misc":{"Pre\u021b":"990&nbsp;MDL","Disponibilitate":"\u00cen stoc"},"schema":{"@context":"https:\/\/schema.org","@graph":[{"@type":"WebPage","@id":"https:\/\/xstyle.md\/product\/nozh-ruike-ld21-b\/","url":"https:\/\/xstyle.md\/product\/nozh-ruike-ld21-b\/","name":"Cump\u0103r\u0103 No\u017e Ruike LD21-B - Magazin Xstyle","isPartOf":{"@id":"https:\/\/xstyle.md\/#website"},"primaryImageOfPage":{"@id":"https:\/\/xstyle.md\/product\/nozh-ruike-ld21-b\/#primaryimage"},"image":{"@id":"https:\/\/xstyle.md\/product\/nozh-ruike-ld21-b\/#primaryimage"},"thumbnailUrl":"https:\/\/xstyle.md\/wp-content\/uploads\/2024\/07\/ruike-ld21-b.jpg","datePublished":"2024-07-18T11:38:45+00:00","dateModified":"2025-10-24T10:06:07+00:00","description":"Cutter Ruike LD21-B Trekker - companionul perfect pentru aventuri \u00een natur\u0103. Compact, durabil, cu instrumente suplimentare. Confort \u0219i fiabilitate \u00eentr-un singur!","breadcrumb":{"@id":"https:\/\/xstyle.md\/product\/nozh-ruike-ld21-b\/#breadcrumb"},"inLanguage":"ro-RO","potentialAction":[{"@type":"ReadAction","target":["https:\/\/xstyle.md\/product\/nozh-ruike-ld21-b\/"]}]},{"@type":"ImageObject","inLanguage":"ro-RO","@id":"https:\/\/xstyle.md\/product\/nozh-ruike-ld21-b\/#primaryimage","url":"https:\/\/xstyle.md\/wp-content\/uploads\/2024\/07\/ruike-ld21-b.jpg","contentUrl":"https:\/\/xstyle.md\/wp-content\/uploads\/2024\/07\/ruike-ld21-b.jpg","width":885,"height":897,"caption":"\u041a\u043e\u043c\u043f\u043b\u0435\u043a\u0442 \u0441 \u043d\u043e\u0436\u043e\u043c Ruike LD21-B \u0434\u043b\u044f \u0430\u043a\u0442\u0438\u0432\u043d\u043e\u0433\u043e \u043e\u0442\u0434\u044b\u0445\u0430 \u0438 \u043f\u0443\u0442\u0435\u0448\u0435\u0441\u0442\u0432\u0438\u0439, \u043f\u043e\u0445\u043e\u0434\u043d\u043e\u0439 \u044d\u043a\u0438\u043f\u0438\u0440\u043e\u0432\u043a\u0438, \u0442\u0443\u0440\u0438\u0441\u0442\u0438\u0447\u0435\u0441\u043a\u043e\u0439 \u043e\u0431\u0443\u0432\u0438 \u0438 \u043e\u0434\u0435\u0436\u0434\u044b \u0434\u043b\u044f \u0430\u043a\u0442\u0438\u0432\u043d\u043e\u0439 \u0436\u0438\u0437\u043d\u0438"},{"@type":"BreadcrumbList","@id":"https:\/\/xstyle.md\/product\/nozh-ruike-ld21-b\/#breadcrumb","itemListElement":[{"@type":"ListItem","position":1,"name":"\u0413\u043b\u0430\u0432\u043d\u0430\u044f \u0441\u0442\u0440\u0430\u043d\u0438\u0446\u0430","item":"https:\/\/xstyle.md\/"},{"@type":"ListItem","position":2,"name":"\u041c\u0430\u0433\u0430\u0437\u0438\u043d","item":"https:\/\/xstyle.md\/shop\/"},{"@type":"ListItem","position":3,"name":"\u041d\u043e\u0436 Ruike LD21-B"}]},{"@type":"WebSite","@id":"https:\/\/xstyle.md\/#website","url":"https:\/\/xstyle.md\/","name":"Magazinul X-Style","description":"Echipamente pentru turism \u0219i sporturi extreme \u00een Moldova. Pre\u021buri, fotografii, caracteristici \u00een Moldova.","publisher":{"@id":"https:\/\/xstyle.md\/#organization"},"alternateName":"X-Style","potentialAction":[{"@type":"SearchAction","target":{"@type":"EntryPoint","urlTemplate":"https:\/\/xstyle.md\/?s={search_term_string}"},"query-input":{"@type":"PropertyValueSpecification","valueRequired":true,"valueName":"search_term_string"}}],"inLanguage":"ro-RO"},{"@type":"Organization","@id":"https:\/\/xstyle.md\/#organization","name":"Magazinul X-Style","alternateName":"x-style","url":"https:\/\/xstyle.md\/","logo":{"@type":"ImageObject","inLanguage":"ro-RO","@id":"https:\/\/xstyle.md\/#\/schema\/logo\/image\/","url":"https:\/\/xstyle.md\/wp-content\/uploads\/2020\/06\/logoicon.svg","contentUrl":"https:\/\/xstyle.md\/wp-content\/uploads\/2020\/06\/logoicon.svg","caption":"\u041c\u0430\u0433\u0430\u0437\u0438\u043d Xstyle"},"image":{"@id":"https:\/\/xstyle.md\/#\/schema\/logo\/image\/"},"sameAs":["https:\/\/www.facebook.com\/xstylemd","https:\/\/www.instagram.com\/xstyle_md\/","https:\/\/t.me\/xstyle_outdoor"],"hasMerchantReturnPolicy":{"@type":"MerchantReturnPolicy","merchantReturnLink":"https:\/\/xstyle.md\/ro\/conditions\/"}}]},"product_price_amount":"990.00","product_price_currency":"MDL","og_availability":"instock","product_availability":"instock","product_retailer_item_id":"6942870370804","product_condition":"new"},"post_mailing_queue_ids":[],"_links":{"self":[{"href":"https:\/\/xstyle.md\/ro\/wp-json\/wp\/v2\/product\/85753","targetHints":{"allow":["GET"]}}],"collection":[{"href":"https:\/\/xstyle.md\/ro\/wp-json\/wp\/v2\/product"}],"about":[{"href":"https:\/\/xstyle.md\/ro\/wp-json\/wp\/v2\/types\/product"}],"replies":[{"embeddable":true,"href":"https:\/\/xstyle.md\/ro\/wp-json\/wp\/v2\/comments?post=85753"}],"wp:featuredmedia":[{"embeddable":true,"href":"https:\/\/xstyle.md\/ro\/wp-json\/wp\/v2\/media\/85877"}],"wp:attachment":[{"href":"https:\/\/xstyle.md\/ro\/wp-json\/wp\/v2\/media?parent=85753"}],"wp:term":[{"taxonomy":"product_brand","embeddable":true,"href":"https:\/\/xstyle.md\/ro\/wp-json\/wp\/v2\/product_brand?post=85753"},{"taxonomy":"product_cat","embeddable":true,"href":"https:\/\/xstyle.md\/ro\/wp-json\/wp\/v2\/product_cat?post=85753"},{"taxonomy":"product_tag","embeddable":true,"href":"https:\/\/xstyle.md\/ro\/wp-json\/wp\/v2\/product_tag?post=85753"}],"curies":[{"name":"wp","href":"https:\/\/api.w.org\/{rel}","templated":true}]}}