{"id":85745,"date":"2024-07-18T14:38:36","date_gmt":"2024-07-18T11:38:36","guid":{"rendered":"https:\/\/xstyle.md\/?post_type=product&#038;p=85745"},"modified":"2026-03-19T16:21:57","modified_gmt":"2026-03-19T13:21:57","slug":"molotok-multitul-roxon-h1-hammer-rhino-17-in-one","status":"publish","type":"product","link":"https:\/\/xstyle.md\/ro\/produs\/molotok-multitul-roxon-h1-hammer-rhino-17-in-one\/","title":{"rendered":"Multi Tool Roxon H1 Hammer Rhino 17-in-One"},"content":{"rendered":"<\/p>\n<p><strong>Roxon H1 Hammer Rhino 17-in-One<\/strong> &#8212; un multitool pentru cei care fac munc\u0103 tehnic\u0103.<\/p>\n<p>Designerii care au creat Roxon H1 Hammer s-au g\u00e2ndit la fiecare detaliu al uneltei. Toate elementele sunt concepute pentru a lucra cu diferite materiale: metal, lemn, p\u00e2nz\u0103 sau h\u00e2rtie. Unealta multifunc\u021bional\u0103 este creat\u0103 pentru persoanele care efectueaz\u0103 lucr\u0103ri tehnice: electrician, mecanic auto, inginer, arhitect etc.<\/p>\n<p>C\u00e2nd este \u00eenchis, Roxon H1 \u00eendepline\u0219te func\u021bia unui ciocan. Designul ciocanului include, de asemenea, cle\u0219te, cheie, t\u0103ietor de metale dure \u0219i moi, cuier \u0219i cle\u0219te. M\u00e2nerele pentru cle\u0219ti sunt fixate cu un mecanism de blocare. Pentru a le deschide, glisa\u021bi dispozitivul de blocare \u00een jos. Pentru a le \u00eenchide, trebuie s\u0103 plia\u021bi m\u00e2nerele \u00eempreun\u0103 \u0219i s\u0103 glisa\u021bi la loc \u00eencuietoarea. Lanterna este amplasat\u0103 \u00een m\u00e2nerul retractabil, celelalte unelte sunt \u00eencorporate \u00een partea principal\u0103 a m\u00e2nerului. Unealta dorit\u0103 este fixat\u0103 cu Liner Lock.<\/p>\n<p>Partea cu \u0219urubelni\u021ba Phillips ac\u021bioneaz\u0103 \u0219i ca o pil\u0103. Partea cu deschiz\u0103toare are o \u0219urubelni\u021b\u0103 plat\u0103 la cap\u0103t \u0219i o parte pentru decojirea firelor, care este foarte convenabil de utilizat \u00een repara\u021biile electrice. Exist\u0103, de asemenea, un fer\u0103str\u0103u de lemn \u00eencorporat care poate manipula cu u\u0219urin\u021b\u0103 ramuri \u0219i sc\u00e2nduri mici. Un set cu bi\u021bi este inclus.<\/p>\n<p>C\u00e2nd este \u00eenchis, multitool-ul m\u0103soar\u0103 15,15 x 7,9 x 2,24 centimetri. C\u00e2nd este deschis, acesta m\u0103soar\u0103 14,83 x 10,09 x 2,24 centimetri. \u00centregul multitool c\u00e2nt\u0103re\u0219te 268,9 grame. M\u00e2nerul de culoare neagr\u0103 este fabricat din plastic ABS. R\u0103\u0219ina termoplastic\u0103 este fabricat\u0103 din acrilonitril, butadien\u0103 \u0219i stiren. Materialul este adesea utilizat \u00een aplica\u021bii casnice datorit\u0103 rezisten\u021bei sale la temperaturi agresive \u0219i rezisten\u021bei ridicate la uzur\u0103. Plasticul ABS este u\u0219or de reciclat, deci cauzeaz\u0103 cele mai pu\u021bine daune mediului. Suprafa\u021ba aspr\u0103 a m\u00e2nerului adaug\u0103 aderen\u021b\u0103 cu\u021bitului, astfel \u00eenc\u00e2t acesta nu va aluneca din m\u00e2inile ude.<\/p>\n<p>Piesele multitoolului sunt fabricate din o\u021bel 5cr15MOV. Con\u021binutul ridicat de crom reduce riscul de rugin\u0103. Pentru cu\u021bitul cu lama dreapt\u0103, a fost ales o\u021belul 420. Carbonul din compozi\u021bie cre\u0219te duritatea o\u021belului \u0219i \u00eembun\u0103t\u0103\u021be\u0219te rezisten\u021ba la uzur\u0103. Metalul nu este supus coroziunii \u0219i men\u021bine t\u0103i\u0219ul ascu\u021bit. Cu\u021bitul are o form\u0103 drop point, care combin\u0103 propriet\u0103\u021bile de \u00eenjunghiere \u0219i t\u0103iere. Partea plat\u0103 a lamei coboar\u0103 spre cap\u0103t, reduc\u00e2nd astfel presiunea asupra cap\u0103tului lamei.<\/p>\n<p>Nu mai trebuie s\u0103 c\u0103ra\u021bi dup\u0103 dvs. o cutie de scule imens\u0103. Multitool-ul Roxon H1 Hammer este un cadou perfect pentru un so\u021b sau un prieten care \u0219tie s\u0103 lucreze cu m\u00e2inile.<\/p>\n<h3>Include:<\/h3>\n<ul>\n<li>Ciocan<\/li>\n<li>Cle\u0219te<\/li>\n<li>Cuie<\/li>\n<li>Cheie<\/li>\n<li>Cle\u0219te<\/li>\n<li>File<\/li>\n<li>Cu\u021bit cu lam\u0103 dreapt\u0103<\/li>\n<li>Tinder pentru a aprinde un foc<\/li>\n<li>Desf\u0103c\u0103tor de s\u00e2rm\u0103<\/li>\n<li>Fer\u0103str\u0103u mic<\/li>\n<li>Fil\u0103 de unghii<\/li>\n<li>Rigl\u0103 de m\u0103surat<\/li>\n<li>Deschiz\u0103tor de conserve<\/li>\n<li>Deschizator de sticle<\/li>\n<li>\u0218urubelni\u021b\u0103 Phillips<\/li>\n<li>\u0218urubelni\u021b\u0103 cu capac plat<\/li>\n<li>9 bi\u021bi inclu\u0219i<\/li>\n<\/ul>\n<h3>Caracteristici<\/h3>\n<ul>\n<li>Tip cu\u021bit: cu\u021bit de buzunar, dimensiune complet\u0103<\/li>\n<li>Grad de o\u021bel: 5Cr15MoV, 420<\/li>\n<li>Material m\u00e2ner: ABS-plastic<\/li>\n<li>Dimensiuni pliat: 15.15 x 7.9 x 2.24 cm<\/li>\n<li>Dimensiuni nepliat: 14.83 x 10.09 x 2.24 cm<\/li>\n<li>Greutate: 268,9 g<\/li>\n<\/ul>\n<p><\/p>","protected":false},"excerpt":{"rendered":"","protected":false},"featured_media":86150,"comment_status":"open","ping_status":"closed","template":"","meta":{"_acf_changed":false,"inline_featured_image":false},"product_brand":[1431],"product_cat":[415],"product_tag":[],"class_list":{"0":"post-85745","1":"product","2":"type-product","3":"status-publish","4":"has-post-thumbnail","6":"product_brand-roxon","7":"product_cat-multitools","9":"first","10":"instock","11":"shipping-taxable","12":"purchasable","13":"product-type-simple"},"acf":[],"yoast_head":"<!-- This site is optimized with the Yoast SEO plugin v27.4 - https:\/\/yoast.com\/product\/yoast-seo-wordpress\/ -->\n<title>\u041c\u043e\u043b\u043e\u0442\u043e\u043a-\u043c\u0443\u043b\u044c\u0442\u0438\u0442\u0443\u043b Roxon H1 Hammer Rhino 17-in-One - \u041c\u0430\u0433\u0430\u0437\u0438\u043d Xstyle<\/title>\n<meta name=\"description\" content=\"\u041c\u043e\u043b\u043e\u0442\u043e\u043a-\u043c\u0443\u043b\u044c\u0442\u0438\u0442\u0443\u043b Roxon H1 Rhino 17-\u0432-1 \u0438\u0434\u0435\u0430\u043b\u0435\u043d \u0434\u043b\u044f \u0442\u0435\u0445\u043d\u0438\u0447\u0435\u0441\u043a\u043e\u0439 \u0440\u0430\u0431\u043e\u0442\u044b. \u041d\u0430\u0434\u0435\u0436\u043d\u044b\u0439, \u0444\u0443\u043d\u043a\u0446\u0438\u043e\u043d\u0430\u043b\u044c\u043d\u044b\u0439 \u0438 \u043f\u0440\u043e\u0434\u0443\u043c\u0430\u043d\u043d\u044b\u0439 \u0434\u043e \u043c\u0435\u043b\u043e\u0447\u0435\u0439. \u0418\u0441\u043f\u043e\u043b\u044c\u0437\u0443\u0439\u0442\u0435 \u0435\u0433\u043e \u0434\u043b\u044f \u043b\u044e\u0431\u044b\u0445 \u0437\u0430\u0434\u0430\u0447!\" \/>\n<meta name=\"robots\" content=\"index, follow, max-snippet:-1, max-image-preview:large, max-video-preview:-1\" \/>\n<link rel=\"canonical\" href=\"https:\/\/xstyle.md\/ro\/produs\/molotok-multitul-roxon-h1-hammer-rhino-17-in-one\/\" \/>\n<meta property=\"og:locale\" content=\"ro_RO\" \/>\n<meta property=\"og:type\" content=\"article\" \/>\n<meta property=\"og:title\" content=\"\u041c\u043e\u043b\u043e\u0442\u043e\u043a-\u043c\u0443\u043b\u044c\u0442\u0438\u0442\u0443\u043b Roxon H1 Hammer Rhino 17-in-One - \u041c\u0430\u0433\u0430\u0437\u0438\u043d Xstyle\" \/>\n<meta property=\"og:description\" content=\"\u041c\u043e\u043b\u043e\u0442\u043e\u043a-\u043c\u0443\u043b\u044c\u0442\u0438\u0442\u0443\u043b Roxon H1 Rhino 17-\u0432-1 \u0438\u0434\u0435\u0430\u043b\u0435\u043d \u0434\u043b\u044f \u0442\u0435\u0445\u043d\u0438\u0447\u0435\u0441\u043a\u043e\u0439 \u0440\u0430\u0431\u043e\u0442\u044b. \u041d\u0430\u0434\u0435\u0436\u043d\u044b\u0439, \u0444\u0443\u043d\u043a\u0446\u0438\u043e\u043d\u0430\u043b\u044c\u043d\u044b\u0439 \u0438 \u043f\u0440\u043e\u0434\u0443\u043c\u0430\u043d\u043d\u044b\u0439 \u0434\u043e \u043c\u0435\u043b\u043e\u0447\u0435\u0439. \u0418\u0441\u043f\u043e\u043b\u044c\u0437\u0443\u0439\u0442\u0435 \u0435\u0433\u043e \u0434\u043b\u044f \u043b\u044e\u0431\u044b\u0445 \u0437\u0430\u0434\u0430\u0447!\" \/>\n<meta property=\"og:url\" content=\"https:\/\/xstyle.md\/ro\/produs\/molotok-multitul-roxon-h1-hammer-rhino-17-in-one\/\" \/>\n<meta property=\"og:site_name\" content=\"\u041c\u0430\u0433\u0430\u0437\u0438\u043d Xstyle\" \/>\n<meta property=\"article:publisher\" content=\"https:\/\/www.facebook.com\/xstylemd\" \/>\n<meta property=\"article:modified_time\" content=\"2026-03-19T13:21:57+00:00\" \/>\n<meta property=\"og:image\" content=\"https:\/\/xstyle.md\/wp-content\/uploads\/2024\/07\/roxon-h1-hammer-rhino-17-in-one.jpg\" \/>\n\t<meta property=\"og:image:width\" content=\"970\" \/>\n\t<meta property=\"og:image:height\" content=\"970\" \/>\n\t<meta property=\"og:image:type\" content=\"image\/jpeg\" \/>\n<meta name=\"twitter:card\" content=\"summary_large_image\" \/>\n<meta name=\"twitter:label1\" content=\"Pre\u021b\" \/>\n\t<meta name=\"twitter:data1\" content=\"850&nbsp;MDL\" \/>\n\t<meta name=\"twitter:label2\" content=\"Disponibilitate\" \/>\n\t<meta name=\"twitter:data2\" content=\"\u00cen stoc\" \/>\n<script type=\"application\/ld+json\" class=\"yoast-schema-graph\">{\"@context\":\"https:\\\/\\\/schema.org\",\"@graph\":[{\"@type\":\"WebPage\",\"@id\":\"https:\\\/\\\/xstyle.md\\\/product\\\/molotok-multitul-roxon-h1-hammer-rhino-17-in-one\\\/\",\"url\":\"https:\\\/\\\/xstyle.md\\\/product\\\/molotok-multitul-roxon-h1-hammer-rhino-17-in-one\\\/\",\"name\":\"\u041c\u043e\u043b\u043e\u0442\u043e\u043a-\u043c\u0443\u043b\u044c\u0442\u0438\u0442\u0443\u043b Roxon H1 Hammer Rhino 17-in-One - \u041c\u0430\u0433\u0430\u0437\u0438\u043d Xstyle\",\"isPartOf\":{\"@id\":\"https:\\\/\\\/xstyle.md\\\/#website\"},\"primaryImageOfPage\":{\"@id\":\"https:\\\/\\\/xstyle.md\\\/product\\\/molotok-multitul-roxon-h1-hammer-rhino-17-in-one\\\/#primaryimage\"},\"image\":{\"@id\":\"https:\\\/\\\/xstyle.md\\\/product\\\/molotok-multitul-roxon-h1-hammer-rhino-17-in-one\\\/#primaryimage\"},\"thumbnailUrl\":\"https:\\\/\\\/xstyle.md\\\/wp-content\\\/uploads\\\/2024\\\/07\\\/roxon-h1-hammer-rhino-17-in-one.jpg\",\"datePublished\":\"2024-07-18T11:38:36+00:00\",\"dateModified\":\"2026-03-19T13:21:57+00:00\",\"description\":\"\u041c\u043e\u043b\u043e\u0442\u043e\u043a-\u043c\u0443\u043b\u044c\u0442\u0438\u0442\u0443\u043b Roxon H1 Rhino 17-\u0432-1 \u0438\u0434\u0435\u0430\u043b\u0435\u043d \u0434\u043b\u044f \u0442\u0435\u0445\u043d\u0438\u0447\u0435\u0441\u043a\u043e\u0439 \u0440\u0430\u0431\u043e\u0442\u044b. \u041d\u0430\u0434\u0435\u0436\u043d\u044b\u0439, \u0444\u0443\u043d\u043a\u0446\u0438\u043e\u043d\u0430\u043b\u044c\u043d\u044b\u0439 \u0438 \u043f\u0440\u043e\u0434\u0443\u043c\u0430\u043d\u043d\u044b\u0439 \u0434\u043e \u043c\u0435\u043b\u043e\u0447\u0435\u0439. \u0418\u0441\u043f\u043e\u043b\u044c\u0437\u0443\u0439\u0442\u0435 \u0435\u0433\u043e \u0434\u043b\u044f \u043b\u044e\u0431\u044b\u0445 \u0437\u0430\u0434\u0430\u0447!\",\"breadcrumb\":{\"@id\":\"https:\\\/\\\/xstyle.md\\\/product\\\/molotok-multitul-roxon-h1-hammer-rhino-17-in-one\\\/#breadcrumb\"},\"inLanguage\":\"ro-RO\",\"potentialAction\":[{\"@type\":\"ReadAction\",\"target\":[\"https:\\\/\\\/xstyle.md\\\/product\\\/molotok-multitul-roxon-h1-hammer-rhino-17-in-one\\\/\"]}]},{\"@type\":\"ImageObject\",\"inLanguage\":\"ro-RO\",\"@id\":\"https:\\\/\\\/xstyle.md\\\/product\\\/molotok-multitul-roxon-h1-hammer-rhino-17-in-one\\\/#primaryimage\",\"url\":\"https:\\\/\\\/xstyle.md\\\/wp-content\\\/uploads\\\/2024\\\/07\\\/roxon-h1-hammer-rhino-17-in-one.jpg\",\"contentUrl\":\"https:\\\/\\\/xstyle.md\\\/wp-content\\\/uploads\\\/2024\\\/07\\\/roxon-h1-hammer-rhino-17-in-one.jpg\",\"width\":970,\"height\":970,\"caption\":\"\u041a\u043e\u043c\u043f\u043b\u0435\u043a\u0442 \u0430\u043a\u0442\u0438\u0432\u043d\u043e\u0439 \u043e\u0434\u0435\u0436\u0434\u044b \u0438 \u043e\u0431\u0443\u0432\u0438 \u0434\u043b\u044f \u043f\u043e\u0445\u043e\u0434\u043e\u0432 \u0438 \u043f\u0443\u0442\u0435\u0448\u0435\u0441\u0442\u0432\u0438\u0439 \u0434\u043b\u044f \u043e\u043d\u043b\u0430\u0439\u043d \u043c\u0430\u0433\u0430\u0437\u0438\u043d\u0430 \u2014 \u043c\u0443\u043b\u044c\u0442\u0438\u0442\u0443\u043b Roxon H1 Hammer Rhino 17-\u0432-\u043e\u0434\u043d\u043e\u043c, \u0442\u0443\u0440\u0438\u0441\u0442\u0438\u0447\u0435\u0441\u043a\u0438\u0435 \u0430\u043a\u0441\u0435\u0441\u0441\u0443\u0430\u0440\u044b, \u043e\u0431\u0443\u0432\u044c \u0434\u043b\u044f \u0445\u0430\u0439\u043a\u0438\u043d\u0433\u0430 \u0438 \u0430\u043b\u044c\u043f\u0438\u043d\u0438\u0437\u043c\u0430\"},{\"@type\":\"BreadcrumbList\",\"@id\":\"https:\\\/\\\/xstyle.md\\\/product\\\/molotok-multitul-roxon-h1-hammer-rhino-17-in-one\\\/#breadcrumb\",\"itemListElement\":[{\"@type\":\"ListItem\",\"position\":1,\"name\":\"\u0413\u043b\u0430\u0432\u043d\u0430\u044f \u0441\u0442\u0440\u0430\u043d\u0438\u0446\u0430\",\"item\":\"https:\\\/\\\/xstyle.md\\\/\"},{\"@type\":\"ListItem\",\"position\":2,\"name\":\"\u041c\u0430\u0433\u0430\u0437\u0438\u043d\",\"item\":\"https:\\\/\\\/xstyle.md\\\/shop\\\/\"},{\"@type\":\"ListItem\",\"position\":3,\"name\":\"\u041c\u043e\u043b\u043e\u0442\u043e\u043a-\u043c\u0443\u043b\u044c\u0442\u0438\u0442\u0443\u043b Roxon H1 Hammer Rhino 17-in-One\"}]},{\"@type\":\"WebSite\",\"@id\":\"https:\\\/\\\/xstyle.md\\\/#website\",\"url\":\"https:\\\/\\\/xstyle.md\\\/\",\"name\":\"\u041c\u0430\u0433\u0430\u0437\u0438\u043d Xstyle\",\"description\":\"C\u043d\u0430\u0440\u044f\u0436\u0435\u043d\u0438\u0435 \u0434\u043b\u044f \u0442\u0443\u0440\u0438\u0437\u043c\u0430 \u0438 \u044d\u043a\u0441\u0442\u0440\u0435\u043c\u0430\u043b\u044c\u043d\u044b\u0445 \u0432\u0438\u0434\u043e\u0432 \u0441\u043f\u043e\u0440\u0442\u0430 \u0432 \u041c\u043e\u043b\u0434\u043e\u0432\u0435.. \u0426\u0435\u043d\u044b, \u0444\u043e\u0442\u043e, \u0445\u0430\u0440\u0430\u043a\u0442\u0435\u0440\u0438\u0441\u0442\u0438\u043a\u0438 \u0432 \u041c\u043e\u043b\u0434\u043e\u0432\u0435.\",\"publisher\":{\"@id\":\"https:\\\/\\\/xstyle.md\\\/#organization\"},\"alternateName\":\"X-Style\",\"potentialAction\":[{\"@type\":\"SearchAction\",\"target\":{\"@type\":\"EntryPoint\",\"urlTemplate\":\"https:\\\/\\\/xstyle.md\\\/?s={search_term_string}\"},\"query-input\":{\"@type\":\"PropertyValueSpecification\",\"valueRequired\":true,\"valueName\":\"search_term_string\"}}],\"inLanguage\":\"ro-RO\"},{\"@type\":\"Organization\",\"@id\":\"https:\\\/\\\/xstyle.md\\\/#organization\",\"name\":\"\u041c\u0430\u0433\u0430\u0437\u0438\u043d Xstyle\",\"alternateName\":\"x-style\",\"url\":\"https:\\\/\\\/xstyle.md\\\/\",\"logo\":{\"@type\":\"ImageObject\",\"inLanguage\":\"ro-RO\",\"@id\":\"https:\\\/\\\/xstyle.md\\\/#\\\/schema\\\/logo\\\/image\\\/\",\"url\":\"https:\\\/\\\/xstyle.md\\\/wp-content\\\/uploads\\\/2020\\\/06\\\/logoicon.svg\",\"contentUrl\":\"https:\\\/\\\/xstyle.md\\\/wp-content\\\/uploads\\\/2020\\\/06\\\/logoicon.svg\",\"caption\":\"\u041c\u0430\u0433\u0430\u0437\u0438\u043d Xstyle\"},\"image\":{\"@id\":\"https:\\\/\\\/xstyle.md\\\/#\\\/schema\\\/logo\\\/image\\\/\"},\"sameAs\":[\"https:\\\/\\\/www.facebook.com\\\/xstylemd\",\"https:\\\/\\\/www.instagram.com\\\/xstyle_md\\\/\",\"https:\\\/\\\/t.me\\\/xstyle_outdoor\"],\"hasMerchantReturnPolicy\":{\"@type\":\"MerchantReturnPolicy\",\"merchantReturnLink\":\"https:\\\/\\\/xstyle.md\\\/ro\\\/conditions\\\/\"}}]}<\/script>\n<meta property=\"product:price:amount\" content=\"850.00\" \/>\n<meta property=\"product:price:currency\" content=\"MDL\" \/>\n<meta property=\"og:availability\" content=\"instock\" \/>\n<meta property=\"product:availability\" content=\"instock\" \/>\n<meta property=\"product:retailer_item_id\" content=\"2000999770319\" \/>\n<meta property=\"product:condition\" content=\"new\" \/>\n<!-- \/ Yoast SEO plugin. -->","yoast_head_json":{"title":"Ciocan-multitool Roxon H1 Hammer Rhino 17-in-One - Magazin Xstyle","description":"Ciocanul-multifunc\u021bional Roxon H1 Rhino 17-\u00een-1 este ideal pentru lucr\u0103ri tehnice. Fiabil, func\u021bional \u0219i g\u00e2ndit p\u00e2n\u0103 la cele mai mici detalii. Folosi\u021bi-l pentru orice fel de sarcini!","robots":{"index":"index","follow":"follow","max-snippet":"max-snippet:-1","max-image-preview":"max-image-preview:large","max-video-preview":"max-video-preview:-1"},"canonical":"https:\/\/xstyle.md\/ro\/produs\/molotok-multitul-roxon-h1-hammer-rhino-17-in-one\/","og_locale":"ro_RO","og_type":"article","og_title":"\u041c\u043e\u043b\u043e\u0442\u043e\u043a-\u043c\u0443\u043b\u044c\u0442\u0438\u0442\u0443\u043b Roxon H1 Hammer Rhino 17-in-One - \u041c\u0430\u0433\u0430\u0437\u0438\u043d Xstyle","og_description":"\u041c\u043e\u043b\u043e\u0442\u043e\u043a-\u043c\u0443\u043b\u044c\u0442\u0438\u0442\u0443\u043b Roxon H1 Rhino 17-\u0432-1 \u0438\u0434\u0435\u0430\u043b\u0435\u043d \u0434\u043b\u044f \u0442\u0435\u0445\u043d\u0438\u0447\u0435\u0441\u043a\u043e\u0439 \u0440\u0430\u0431\u043e\u0442\u044b. \u041d\u0430\u0434\u0435\u0436\u043d\u044b\u0439, \u0444\u0443\u043d\u043a\u0446\u0438\u043e\u043d\u0430\u043b\u044c\u043d\u044b\u0439 \u0438 \u043f\u0440\u043e\u0434\u0443\u043c\u0430\u043d\u043d\u044b\u0439 \u0434\u043e \u043c\u0435\u043b\u043e\u0447\u0435\u0439. \u0418\u0441\u043f\u043e\u043b\u044c\u0437\u0443\u0439\u0442\u0435 \u0435\u0433\u043e \u0434\u043b\u044f \u043b\u044e\u0431\u044b\u0445 \u0437\u0430\u0434\u0430\u0447!","og_url":"https:\/\/xstyle.md\/ro\/produs\/molotok-multitul-roxon-h1-hammer-rhino-17-in-one\/","og_site_name":"\u041c\u0430\u0433\u0430\u0437\u0438\u043d Xstyle","article_publisher":"https:\/\/www.facebook.com\/xstylemd","article_modified_time":"2026-03-19T13:21:57+00:00","og_image":[{"width":970,"height":970,"url":"https:\/\/xstyle.md\/wp-content\/uploads\/2024\/07\/roxon-h1-hammer-rhino-17-in-one.jpg","type":"image\/jpeg"}],"twitter_card":"summary_large_image","twitter_misc":{"Pre\u021b":"850&nbsp;MDL","Disponibilitate":"\u00cen stoc"},"schema":{"@context":"https:\/\/schema.org","@graph":[{"@type":"WebPage","@id":"https:\/\/xstyle.md\/product\/molotok-multitul-roxon-h1-hammer-rhino-17-in-one\/","url":"https:\/\/xstyle.md\/product\/molotok-multitul-roxon-h1-hammer-rhino-17-in-one\/","name":"Ciocan-multitool Roxon H1 Hammer Rhino 17-in-One - Magazin Xstyle","isPartOf":{"@id":"https:\/\/xstyle.md\/#website"},"primaryImageOfPage":{"@id":"https:\/\/xstyle.md\/product\/molotok-multitul-roxon-h1-hammer-rhino-17-in-one\/#primaryimage"},"image":{"@id":"https:\/\/xstyle.md\/product\/molotok-multitul-roxon-h1-hammer-rhino-17-in-one\/#primaryimage"},"thumbnailUrl":"https:\/\/xstyle.md\/wp-content\/uploads\/2024\/07\/roxon-h1-hammer-rhino-17-in-one.jpg","datePublished":"2024-07-18T11:38:36+00:00","dateModified":"2026-03-19T13:21:57+00:00","description":"Ciocanul-multifunc\u021bional Roxon H1 Rhino 17-\u00een-1 este ideal pentru lucr\u0103ri tehnice. Fiabil, func\u021bional \u0219i g\u00e2ndit p\u00e2n\u0103 la cele mai mici detalii. Folosi\u021bi-l pentru orice fel de sarcini!","breadcrumb":{"@id":"https:\/\/xstyle.md\/product\/molotok-multitul-roxon-h1-hammer-rhino-17-in-one\/#breadcrumb"},"inLanguage":"ro-RO","potentialAction":[{"@type":"ReadAction","target":["https:\/\/xstyle.md\/product\/molotok-multitul-roxon-h1-hammer-rhino-17-in-one\/"]}]},{"@type":"ImageObject","inLanguage":"ro-RO","@id":"https:\/\/xstyle.md\/product\/molotok-multitul-roxon-h1-hammer-rhino-17-in-one\/#primaryimage","url":"https:\/\/xstyle.md\/wp-content\/uploads\/2024\/07\/roxon-h1-hammer-rhino-17-in-one.jpg","contentUrl":"https:\/\/xstyle.md\/wp-content\/uploads\/2024\/07\/roxon-h1-hammer-rhino-17-in-one.jpg","width":970,"height":970,"caption":"\u041a\u043e\u043c\u043f\u043b\u0435\u043a\u0442 \u0430\u043a\u0442\u0438\u0432\u043d\u043e\u0439 \u043e\u0434\u0435\u0436\u0434\u044b \u0438 \u043e\u0431\u0443\u0432\u0438 \u0434\u043b\u044f \u043f\u043e\u0445\u043e\u0434\u043e\u0432 \u0438 \u043f\u0443\u0442\u0435\u0448\u0435\u0441\u0442\u0432\u0438\u0439 \u0434\u043b\u044f \u043e\u043d\u043b\u0430\u0439\u043d \u043c\u0430\u0433\u0430\u0437\u0438\u043d\u0430 \u2014 \u043c\u0443\u043b\u044c\u0442\u0438\u0442\u0443\u043b Roxon H1 Hammer Rhino 17-\u0432-\u043e\u0434\u043d\u043e\u043c, \u0442\u0443\u0440\u0438\u0441\u0442\u0438\u0447\u0435\u0441\u043a\u0438\u0435 \u0430\u043a\u0441\u0435\u0441\u0441\u0443\u0430\u0440\u044b, \u043e\u0431\u0443\u0432\u044c \u0434\u043b\u044f \u0445\u0430\u0439\u043a\u0438\u043d\u0433\u0430 \u0438 \u0430\u043b\u044c\u043f\u0438\u043d\u0438\u0437\u043c\u0430"},{"@type":"BreadcrumbList","@id":"https:\/\/xstyle.md\/product\/molotok-multitul-roxon-h1-hammer-rhino-17-in-one\/#breadcrumb","itemListElement":[{"@type":"ListItem","position":1,"name":"\u0413\u043b\u0430\u0432\u043d\u0430\u044f \u0441\u0442\u0440\u0430\u043d\u0438\u0446\u0430","item":"https:\/\/xstyle.md\/"},{"@type":"ListItem","position":2,"name":"\u041c\u0430\u0433\u0430\u0437\u0438\u043d","item":"https:\/\/xstyle.md\/shop\/"},{"@type":"ListItem","position":3,"name":"\u041c\u043e\u043b\u043e\u0442\u043e\u043a-\u043c\u0443\u043b\u044c\u0442\u0438\u0442\u0443\u043b Roxon H1 Hammer Rhino 17-in-One"}]},{"@type":"WebSite","@id":"https:\/\/xstyle.md\/#website","url":"https:\/\/xstyle.md\/","name":"Magazinul X-Style","description":"Echipamente pentru turism \u0219i sporturi extreme \u00een Moldova. Pre\u021buri, fotografii, caracteristici \u00een Moldova.","publisher":{"@id":"https:\/\/xstyle.md\/#organization"},"alternateName":"X-Style","potentialAction":[{"@type":"SearchAction","target":{"@type":"EntryPoint","urlTemplate":"https:\/\/xstyle.md\/?s={search_term_string}"},"query-input":{"@type":"PropertyValueSpecification","valueRequired":true,"valueName":"search_term_string"}}],"inLanguage":"ro-RO"},{"@type":"Organization","@id":"https:\/\/xstyle.md\/#organization","name":"Magazinul X-Style","alternateName":"x-style","url":"https:\/\/xstyle.md\/","logo":{"@type":"ImageObject","inLanguage":"ro-RO","@id":"https:\/\/xstyle.md\/#\/schema\/logo\/image\/","url":"https:\/\/xstyle.md\/wp-content\/uploads\/2020\/06\/logoicon.svg","contentUrl":"https:\/\/xstyle.md\/wp-content\/uploads\/2020\/06\/logoicon.svg","caption":"\u041c\u0430\u0433\u0430\u0437\u0438\u043d Xstyle"},"image":{"@id":"https:\/\/xstyle.md\/#\/schema\/logo\/image\/"},"sameAs":["https:\/\/www.facebook.com\/xstylemd","https:\/\/www.instagram.com\/xstyle_md\/","https:\/\/t.me\/xstyle_outdoor"],"hasMerchantReturnPolicy":{"@type":"MerchantReturnPolicy","merchantReturnLink":"https:\/\/xstyle.md\/ro\/conditions\/"}}]},"product_price_amount":"850.00","product_price_currency":"MDL","og_availability":"instock","product_availability":"instock","product_retailer_item_id":"2000999770319","product_condition":"new"},"post_mailing_queue_ids":[],"_links":{"self":[{"href":"https:\/\/xstyle.md\/ro\/wp-json\/wp\/v2\/product\/85745","targetHints":{"allow":["GET"]}}],"collection":[{"href":"https:\/\/xstyle.md\/ro\/wp-json\/wp\/v2\/product"}],"about":[{"href":"https:\/\/xstyle.md\/ro\/wp-json\/wp\/v2\/types\/product"}],"replies":[{"embeddable":true,"href":"https:\/\/xstyle.md\/ro\/wp-json\/wp\/v2\/comments?post=85745"}],"wp:featuredmedia":[{"embeddable":true,"href":"https:\/\/xstyle.md\/ro\/wp-json\/wp\/v2\/media\/86150"}],"wp:attachment":[{"href":"https:\/\/xstyle.md\/ro\/wp-json\/wp\/v2\/media?parent=85745"}],"wp:term":[{"taxonomy":"product_brand","embeddable":true,"href":"https:\/\/xstyle.md\/ro\/wp-json\/wp\/v2\/product_brand?post=85745"},{"taxonomy":"product_cat","embeddable":true,"href":"https:\/\/xstyle.md\/ro\/wp-json\/wp\/v2\/product_cat?post=85745"},{"taxonomy":"product_tag","embeddable":true,"href":"https:\/\/xstyle.md\/ro\/wp-json\/wp\/v2\/product_tag?post=85745"}],"curies":[{"name":"wp","href":"https:\/\/api.w.org\/{rel}","templated":true}]}}