{"id":85731,"date":"2024-07-18T14:38:33","date_gmt":"2024-07-18T11:38:33","guid":{"rendered":"https:\/\/xstyle.md\/?post_type=product&#038;p=85731"},"modified":"2025-10-02T19:03:28","modified_gmt":"2025-10-02T16:03:28","slug":"kosmetichka-lifeventure-wash-case-black","status":"publish","type":"product","link":"https:\/\/xstyle.md\/ro\/produs\/kosmetichka-lifeventure-wash-case-black\/","title":{"rendered":"Geant\u0103 cosmetic\u0103 Lifeventure Wash Case Black"},"content":{"rendered":"<\/p>\n<p><strong>Lifeventure Wash Case Black<\/strong> &#8212; partenerul dvs. de \u00eencredere \u00een orice c\u0103l\u0103torie. Aceast\u0103 geant\u0103 cosmetic\u0103 pentru articole de toalet\u0103 este conceput\u0103 pentru cei care apreciaz\u0103 ordinea \u0219i confortul pe drum. Compact\u0103 \u0219i spa\u021bioas\u0103, este ideal\u0103 pentru depozitarea tuturor articolelor dvs. de toalet\u0103.<\/p>\n<p>Fabricat\u0103 din \u021bes\u0103tur\u0103 impermeabil\u0103 durabil\u0103 cu fermoare impermeabile, aceast\u0103 geant\u0103 pentru cosmetice asigur\u0103 faptul c\u0103 lucrurile dvs. r\u0103m\u00e2n uscate. \u00cen acela\u0219i timp, articolele de toalet\u0103 umede plasate \u00een interior nu vor uda con\u021binutul gen\u021bii dvs. de c\u0103l\u0103torie.<\/p>\n<p>Indiferent de destina\u021bie, aceast\u0103 geant\u0103 pentru cosmetice va deveni o parte indispensabil\u0103 a bagajului dvs.<\/p>\n<h3>Particularit\u0103\u021bi<\/h3>\n<ul>\n<li>\u021aes\u0103tur\u0103 TPU rezistent\u0103 la ap\u0103<\/li>\n<li>Fermoare impermeabile<\/li>\n<li>Compartiment principal mare cu fermoar<\/li>\n<li>Buzunar extern mare cu fermoar<\/li>\n<li>M\u00e2ner de transport realizat din chingi de nailon<\/li>\n<\/ul>\n<h3>Caracteristici<\/h3>\n<ul>\n<li>Greutate &#8212; 56 g<\/li>\n<li>Dimensiuni &#8212; 22 x 10 x 10 cm<\/li>\n<\/ul>\n<p><\/p>","protected":false},"excerpt":{"rendered":"","protected":false},"featured_media":86553,"comment_status":"open","ping_status":"closed","template":"","meta":{"_acf_changed":false,"inline_featured_image":false},"product_brand":[1421],"product_cat":[861],"product_tag":[],"class_list":{"0":"post-85731","1":"product","2":"type-product","3":"status-publish","4":"has-post-thumbnail","6":"product_brand-lifeventure","7":"product_cat-cosmetic-bags","9":"first","10":"instock","11":"shipping-taxable","12":"purchasable","13":"product-type-simple"},"acf":[],"yoast_head":"<!-- This site is optimized with the Yoast SEO plugin v27.4 - https:\/\/yoast.com\/product\/yoast-seo-wordpress\/ -->\n<title>\u041a\u043e\u0441\u043c\u0435\u0442\u0438\u0447\u043a\u0430 Lifeventure Wash Case Black - \u041c\u0430\u0433\u0430\u0437\u0438\u043d Xstyle<\/title>\n<meta name=\"description\" content=\"\u041a\u043e\u0441\u043c\u0435\u0442\u0438\u0447\u043a\u0430 Lifeventure Wash Case Black - \u0438\u0434\u0435\u0430\u043b\u044c\u043d\u044b\u0439 \u0441\u043f\u0443\u0442\u043d\u0438\u043a \u0432 \u043f\u0443\u0442\u0435\u0448\u0435\u0441\u0442\u0432\u0438\u044f\u0445! \u041a\u043e\u043c\u043f\u0430\u043a\u0442\u043d\u0430\u044f \u0438 \u0432\u043c\u0435\u0441\u0442\u0438\u0442\u0435\u043b\u044c\u043d\u0430\u044f, \u0441\u043e\u0445\u0440\u0430\u043d\u044f\u0435\u0442 \u043f\u043e\u0440\u044f\u0434\u043e\u043a \u0434\u043b\u044f \u0432\u0430\u0448\u0438\u0445 \u0442\u0443\u0430\u043b\u0435\u0442\u043d\u044b\u0445 \u043f\u0440\u0438\u043d\u0430\u0434\u043b\u0435\u0436\u043d\u043e\u0441\u0442\u0435\u0439.\" \/>\n<meta name=\"robots\" content=\"index, follow, max-snippet:-1, max-image-preview:large, max-video-preview:-1\" \/>\n<link rel=\"canonical\" href=\"https:\/\/xstyle.md\/ro\/produs\/kosmetichka-lifeventure-wash-case-black\/\" \/>\n<meta property=\"og:locale\" content=\"ro_RO\" \/>\n<meta property=\"og:type\" content=\"article\" \/>\n<meta property=\"og:title\" content=\"\u041a\u043e\u0441\u043c\u0435\u0442\u0438\u0447\u043a\u0430 Lifeventure Wash Case Black - \u041c\u0430\u0433\u0430\u0437\u0438\u043d Xstyle\" \/>\n<meta property=\"og:description\" content=\"\u041a\u043e\u0441\u043c\u0435\u0442\u0438\u0447\u043a\u0430 Lifeventure Wash Case Black - \u0438\u0434\u0435\u0430\u043b\u044c\u043d\u044b\u0439 \u0441\u043f\u0443\u0442\u043d\u0438\u043a \u0432 \u043f\u0443\u0442\u0435\u0448\u0435\u0441\u0442\u0432\u0438\u044f\u0445! \u041a\u043e\u043c\u043f\u0430\u043a\u0442\u043d\u0430\u044f \u0438 \u0432\u043c\u0435\u0441\u0442\u0438\u0442\u0435\u043b\u044c\u043d\u0430\u044f, \u0441\u043e\u0445\u0440\u0430\u043d\u044f\u0435\u0442 \u043f\u043e\u0440\u044f\u0434\u043e\u043a \u0434\u043b\u044f \u0432\u0430\u0448\u0438\u0445 \u0442\u0443\u0430\u043b\u0435\u0442\u043d\u044b\u0445 \u043f\u0440\u0438\u043d\u0430\u0434\u043b\u0435\u0436\u043d\u043e\u0441\u0442\u0435\u0439.\" \/>\n<meta property=\"og:url\" content=\"https:\/\/xstyle.md\/ro\/produs\/kosmetichka-lifeventure-wash-case-black\/\" \/>\n<meta property=\"og:site_name\" content=\"\u041c\u0430\u0433\u0430\u0437\u0438\u043d Xstyle\" \/>\n<meta property=\"article:publisher\" content=\"https:\/\/www.facebook.com\/xstylemd\" \/>\n<meta property=\"article:modified_time\" content=\"2025-10-02T16:03:28+00:00\" \/>\n<meta property=\"og:image\" content=\"https:\/\/xstyle.md\/wp-content\/uploads\/2024\/07\/lifeventure-wash-case-black.jpg\" \/>\n\t<meta property=\"og:image:width\" content=\"750\" \/>\n\t<meta property=\"og:image:height\" content=\"750\" \/>\n\t<meta property=\"og:image:type\" content=\"image\/jpeg\" \/>\n<meta name=\"twitter:card\" content=\"summary_large_image\" \/>\n<meta name=\"twitter:label1\" content=\"Pre\u021b\" \/>\n\t<meta name=\"twitter:data1\" content=\"495&nbsp;MDL\" \/>\n\t<meta name=\"twitter:label2\" content=\"Disponibilitate\" \/>\n\t<meta name=\"twitter:data2\" content=\"\u00cen stoc\" \/>\n<script type=\"application\/ld+json\" class=\"yoast-schema-graph\">{\"@context\":\"https:\\\/\\\/schema.org\",\"@graph\":[{\"@type\":\"WebPage\",\"@id\":\"https:\\\/\\\/xstyle.md\\\/product\\\/kosmetichka-lifeventure-wash-case-black\\\/\",\"url\":\"https:\\\/\\\/xstyle.md\\\/product\\\/kosmetichka-lifeventure-wash-case-black\\\/\",\"name\":\"\u041a\u043e\u0441\u043c\u0435\u0442\u0438\u0447\u043a\u0430 Lifeventure Wash Case Black - \u041c\u0430\u0433\u0430\u0437\u0438\u043d Xstyle\",\"isPartOf\":{\"@id\":\"https:\\\/\\\/xstyle.md\\\/#website\"},\"primaryImageOfPage\":{\"@id\":\"https:\\\/\\\/xstyle.md\\\/product\\\/kosmetichka-lifeventure-wash-case-black\\\/#primaryimage\"},\"image\":{\"@id\":\"https:\\\/\\\/xstyle.md\\\/product\\\/kosmetichka-lifeventure-wash-case-black\\\/#primaryimage\"},\"thumbnailUrl\":\"https:\\\/\\\/xstyle.md\\\/wp-content\\\/uploads\\\/2024\\\/07\\\/lifeventure-wash-case-black.jpg\",\"datePublished\":\"2024-07-18T11:38:33+00:00\",\"dateModified\":\"2025-10-02T16:03:28+00:00\",\"description\":\"\u041a\u043e\u0441\u043c\u0435\u0442\u0438\u0447\u043a\u0430 Lifeventure Wash Case Black - \u0438\u0434\u0435\u0430\u043b\u044c\u043d\u044b\u0439 \u0441\u043f\u0443\u0442\u043d\u0438\u043a \u0432 \u043f\u0443\u0442\u0435\u0448\u0435\u0441\u0442\u0432\u0438\u044f\u0445! \u041a\u043e\u043c\u043f\u0430\u043a\u0442\u043d\u0430\u044f \u0438 \u0432\u043c\u0435\u0441\u0442\u0438\u0442\u0435\u043b\u044c\u043d\u0430\u044f, \u0441\u043e\u0445\u0440\u0430\u043d\u044f\u0435\u0442 \u043f\u043e\u0440\u044f\u0434\u043e\u043a \u0434\u043b\u044f \u0432\u0430\u0448\u0438\u0445 \u0442\u0443\u0430\u043b\u0435\u0442\u043d\u044b\u0445 \u043f\u0440\u0438\u043d\u0430\u0434\u043b\u0435\u0436\u043d\u043e\u0441\u0442\u0435\u0439.\",\"breadcrumb\":{\"@id\":\"https:\\\/\\\/xstyle.md\\\/product\\\/kosmetichka-lifeventure-wash-case-black\\\/#breadcrumb\"},\"inLanguage\":\"ro-RO\",\"potentialAction\":[{\"@type\":\"ReadAction\",\"target\":[\"https:\\\/\\\/xstyle.md\\\/product\\\/kosmetichka-lifeventure-wash-case-black\\\/\"]}]},{\"@type\":\"ImageObject\",\"inLanguage\":\"ro-RO\",\"@id\":\"https:\\\/\\\/xstyle.md\\\/product\\\/kosmetichka-lifeventure-wash-case-black\\\/#primaryimage\",\"url\":\"https:\\\/\\\/xstyle.md\\\/wp-content\\\/uploads\\\/2024\\\/07\\\/lifeventure-wash-case-black.jpg\",\"contentUrl\":\"https:\\\/\\\/xstyle.md\\\/wp-content\\\/uploads\\\/2024\\\/07\\\/lifeventure-wash-case-black.jpg\",\"width\":750,\"height\":750,\"caption\":\"\u041a\u043e\u0441\u043c\u0435\u0442\u0438\u0447\u043a\u0430 Lifeventure Wash Case Black \u0434\u043b\u044f \u0430\u043a\u0442\u0438\u0432\u043d\u043e\u0433\u043e \u043e\u0442\u0434\u044b\u0445\u0430, \u043f\u0443\u0442\u0435\u0448\u0435\u0441\u0442\u0432\u0438\u0439 \u0438 \u0430\u043b\u044c\u043f\u0438\u043d\u0438\u0437\u043c\u0430, \u0430\u043a\u0441\u0435\u0441\u0441\u0443\u0430\u0440\u044b \u0434\u043b\u044f \u0442\u0443\u0440\u0438\u0441\u0442\u0438\u0447\u0435\u0441\u043a\u043e\u0439 \u044d\u043a\u0438\u043f\u0438\u0440\u043e\u0432\u043a\u0438 \u0438 \u0441\u043f\u043e\u0440\u0442\u0438\u0432\u043d\u043e\u0439 \u043e\u0434\u0435\u0436\u0434\u044b\"},{\"@type\":\"BreadcrumbList\",\"@id\":\"https:\\\/\\\/xstyle.md\\\/product\\\/kosmetichka-lifeventure-wash-case-black\\\/#breadcrumb\",\"itemListElement\":[{\"@type\":\"ListItem\",\"position\":1,\"name\":\"\u0413\u043b\u0430\u0432\u043d\u0430\u044f \u0441\u0442\u0440\u0430\u043d\u0438\u0446\u0430\",\"item\":\"https:\\\/\\\/xstyle.md\\\/\"},{\"@type\":\"ListItem\",\"position\":2,\"name\":\"\u041c\u0430\u0433\u0430\u0437\u0438\u043d\",\"item\":\"https:\\\/\\\/xstyle.md\\\/shop\\\/\"},{\"@type\":\"ListItem\",\"position\":3,\"name\":\"\u041a\u043e\u0441\u043c\u0435\u0442\u0438\u0447\u043a\u0430 Lifeventure Wash Case Black\"}]},{\"@type\":\"WebSite\",\"@id\":\"https:\\\/\\\/xstyle.md\\\/#website\",\"url\":\"https:\\\/\\\/xstyle.md\\\/\",\"name\":\"\u041c\u0430\u0433\u0430\u0437\u0438\u043d Xstyle\",\"description\":\"C\u043d\u0430\u0440\u044f\u0436\u0435\u043d\u0438\u0435 \u0434\u043b\u044f \u0442\u0443\u0440\u0438\u0437\u043c\u0430 \u0438 \u044d\u043a\u0441\u0442\u0440\u0435\u043c\u0430\u043b\u044c\u043d\u044b\u0445 \u0432\u0438\u0434\u043e\u0432 \u0441\u043f\u043e\u0440\u0442\u0430 \u0432 \u041c\u043e\u043b\u0434\u043e\u0432\u0435.. \u0426\u0435\u043d\u044b, \u0444\u043e\u0442\u043e, \u0445\u0430\u0440\u0430\u043a\u0442\u0435\u0440\u0438\u0441\u0442\u0438\u043a\u0438 \u0432 \u041c\u043e\u043b\u0434\u043e\u0432\u0435.\",\"publisher\":{\"@id\":\"https:\\\/\\\/xstyle.md\\\/#organization\"},\"alternateName\":\"X-Style\",\"potentialAction\":[{\"@type\":\"SearchAction\",\"target\":{\"@type\":\"EntryPoint\",\"urlTemplate\":\"https:\\\/\\\/xstyle.md\\\/?s={search_term_string}\"},\"query-input\":{\"@type\":\"PropertyValueSpecification\",\"valueRequired\":true,\"valueName\":\"search_term_string\"}}],\"inLanguage\":\"ro-RO\"},{\"@type\":\"Organization\",\"@id\":\"https:\\\/\\\/xstyle.md\\\/#organization\",\"name\":\"\u041c\u0430\u0433\u0430\u0437\u0438\u043d Xstyle\",\"alternateName\":\"x-style\",\"url\":\"https:\\\/\\\/xstyle.md\\\/\",\"logo\":{\"@type\":\"ImageObject\",\"inLanguage\":\"ro-RO\",\"@id\":\"https:\\\/\\\/xstyle.md\\\/#\\\/schema\\\/logo\\\/image\\\/\",\"url\":\"https:\\\/\\\/xstyle.md\\\/wp-content\\\/uploads\\\/2020\\\/06\\\/logoicon.svg\",\"contentUrl\":\"https:\\\/\\\/xstyle.md\\\/wp-content\\\/uploads\\\/2020\\\/06\\\/logoicon.svg\",\"caption\":\"\u041c\u0430\u0433\u0430\u0437\u0438\u043d Xstyle\"},\"image\":{\"@id\":\"https:\\\/\\\/xstyle.md\\\/#\\\/schema\\\/logo\\\/image\\\/\"},\"sameAs\":[\"https:\\\/\\\/www.facebook.com\\\/xstylemd\",\"https:\\\/\\\/www.instagram.com\\\/xstyle_md\\\/\",\"https:\\\/\\\/t.me\\\/xstyle_outdoor\"],\"hasMerchantReturnPolicy\":{\"@type\":\"MerchantReturnPolicy\",\"merchantReturnLink\":\"https:\\\/\\\/xstyle.md\\\/ro\\\/conditions\\\/\"}}]}<\/script>\n<meta property=\"product:price:amount\" content=\"495.00\" \/>\n<meta property=\"product:price:currency\" content=\"MDL\" \/>\n<meta property=\"og:availability\" content=\"instock\" \/>\n<meta property=\"product:availability\" content=\"instock\" \/>\n<meta property=\"product:retailer_item_id\" content=\"5031863640169\" \/>\n<meta property=\"product:condition\" content=\"new\" \/>\n<!-- \/ Yoast SEO plugin. -->","yoast_head_json":{"title":"Geant\u0103 cosmetic\u0103 Lifeventure Wash Case Black - Magazin Xstyle","description":"Cosmetica Lifeventure Wash Case Black - tovar\u0103\u0219ul perfect \u00een c\u0103l\u0103torii! Compact\u0103 \u0219i \u00eenc\u0103p\u0103toare, men\u021bine ordinea pentru articolele tale de toalet\u0103.","robots":{"index":"index","follow":"follow","max-snippet":"max-snippet:-1","max-image-preview":"max-image-preview:large","max-video-preview":"max-video-preview:-1"},"canonical":"https:\/\/xstyle.md\/ro\/produs\/kosmetichka-lifeventure-wash-case-black\/","og_locale":"ro_RO","og_type":"article","og_title":"\u041a\u043e\u0441\u043c\u0435\u0442\u0438\u0447\u043a\u0430 Lifeventure Wash Case Black - \u041c\u0430\u0433\u0430\u0437\u0438\u043d Xstyle","og_description":"\u041a\u043e\u0441\u043c\u0435\u0442\u0438\u0447\u043a\u0430 Lifeventure Wash Case Black - \u0438\u0434\u0435\u0430\u043b\u044c\u043d\u044b\u0439 \u0441\u043f\u0443\u0442\u043d\u0438\u043a \u0432 \u043f\u0443\u0442\u0435\u0448\u0435\u0441\u0442\u0432\u0438\u044f\u0445! \u041a\u043e\u043c\u043f\u0430\u043a\u0442\u043d\u0430\u044f \u0438 \u0432\u043c\u0435\u0441\u0442\u0438\u0442\u0435\u043b\u044c\u043d\u0430\u044f, \u0441\u043e\u0445\u0440\u0430\u043d\u044f\u0435\u0442 \u043f\u043e\u0440\u044f\u0434\u043e\u043a \u0434\u043b\u044f \u0432\u0430\u0448\u0438\u0445 \u0442\u0443\u0430\u043b\u0435\u0442\u043d\u044b\u0445 \u043f\u0440\u0438\u043d\u0430\u0434\u043b\u0435\u0436\u043d\u043e\u0441\u0442\u0435\u0439.","og_url":"https:\/\/xstyle.md\/ro\/produs\/kosmetichka-lifeventure-wash-case-black\/","og_site_name":"\u041c\u0430\u0433\u0430\u0437\u0438\u043d Xstyle","article_publisher":"https:\/\/www.facebook.com\/xstylemd","article_modified_time":"2025-10-02T16:03:28+00:00","og_image":[{"width":750,"height":750,"url":"https:\/\/xstyle.md\/wp-content\/uploads\/2024\/07\/lifeventure-wash-case-black.jpg","type":"image\/jpeg"}],"twitter_card":"summary_large_image","twitter_misc":{"Pre\u021b":"495&nbsp;MDL","Disponibilitate":"\u00cen stoc"},"schema":{"@context":"https:\/\/schema.org","@graph":[{"@type":"WebPage","@id":"https:\/\/xstyle.md\/product\/kosmetichka-lifeventure-wash-case-black\/","url":"https:\/\/xstyle.md\/product\/kosmetichka-lifeventure-wash-case-black\/","name":"Geant\u0103 cosmetic\u0103 Lifeventure Wash Case Black - Magazin Xstyle","isPartOf":{"@id":"https:\/\/xstyle.md\/#website"},"primaryImageOfPage":{"@id":"https:\/\/xstyle.md\/product\/kosmetichka-lifeventure-wash-case-black\/#primaryimage"},"image":{"@id":"https:\/\/xstyle.md\/product\/kosmetichka-lifeventure-wash-case-black\/#primaryimage"},"thumbnailUrl":"https:\/\/xstyle.md\/wp-content\/uploads\/2024\/07\/lifeventure-wash-case-black.jpg","datePublished":"2024-07-18T11:38:33+00:00","dateModified":"2025-10-02T16:03:28+00:00","description":"Cosmetica Lifeventure Wash Case Black - tovar\u0103\u0219ul perfect \u00een c\u0103l\u0103torii! Compact\u0103 \u0219i \u00eenc\u0103p\u0103toare, men\u021bine ordinea pentru articolele tale de toalet\u0103.","breadcrumb":{"@id":"https:\/\/xstyle.md\/product\/kosmetichka-lifeventure-wash-case-black\/#breadcrumb"},"inLanguage":"ro-RO","potentialAction":[{"@type":"ReadAction","target":["https:\/\/xstyle.md\/product\/kosmetichka-lifeventure-wash-case-black\/"]}]},{"@type":"ImageObject","inLanguage":"ro-RO","@id":"https:\/\/xstyle.md\/product\/kosmetichka-lifeventure-wash-case-black\/#primaryimage","url":"https:\/\/xstyle.md\/wp-content\/uploads\/2024\/07\/lifeventure-wash-case-black.jpg","contentUrl":"https:\/\/xstyle.md\/wp-content\/uploads\/2024\/07\/lifeventure-wash-case-black.jpg","width":750,"height":750,"caption":"\u041a\u043e\u0441\u043c\u0435\u0442\u0438\u0447\u043a\u0430 Lifeventure Wash Case Black \u0434\u043b\u044f \u0430\u043a\u0442\u0438\u0432\u043d\u043e\u0433\u043e \u043e\u0442\u0434\u044b\u0445\u0430, \u043f\u0443\u0442\u0435\u0448\u0435\u0441\u0442\u0432\u0438\u0439 \u0438 \u0430\u043b\u044c\u043f\u0438\u043d\u0438\u0437\u043c\u0430, \u0430\u043a\u0441\u0435\u0441\u0441\u0443\u0430\u0440\u044b \u0434\u043b\u044f \u0442\u0443\u0440\u0438\u0441\u0442\u0438\u0447\u0435\u0441\u043a\u043e\u0439 \u044d\u043a\u0438\u043f\u0438\u0440\u043e\u0432\u043a\u0438 \u0438 \u0441\u043f\u043e\u0440\u0442\u0438\u0432\u043d\u043e\u0439 \u043e\u0434\u0435\u0436\u0434\u044b"},{"@type":"BreadcrumbList","@id":"https:\/\/xstyle.md\/product\/kosmetichka-lifeventure-wash-case-black\/#breadcrumb","itemListElement":[{"@type":"ListItem","position":1,"name":"\u0413\u043b\u0430\u0432\u043d\u0430\u044f \u0441\u0442\u0440\u0430\u043d\u0438\u0446\u0430","item":"https:\/\/xstyle.md\/"},{"@type":"ListItem","position":2,"name":"\u041c\u0430\u0433\u0430\u0437\u0438\u043d","item":"https:\/\/xstyle.md\/shop\/"},{"@type":"ListItem","position":3,"name":"\u041a\u043e\u0441\u043c\u0435\u0442\u0438\u0447\u043a\u0430 Lifeventure Wash Case Black"}]},{"@type":"WebSite","@id":"https:\/\/xstyle.md\/#website","url":"https:\/\/xstyle.md\/","name":"Magazinul X-Style","description":"Echipamente pentru turism \u0219i sporturi extreme \u00een Moldova. Pre\u021buri, fotografii, caracteristici \u00een Moldova.","publisher":{"@id":"https:\/\/xstyle.md\/#organization"},"alternateName":"X-Style","potentialAction":[{"@type":"SearchAction","target":{"@type":"EntryPoint","urlTemplate":"https:\/\/xstyle.md\/?s={search_term_string}"},"query-input":{"@type":"PropertyValueSpecification","valueRequired":true,"valueName":"search_term_string"}}],"inLanguage":"ro-RO"},{"@type":"Organization","@id":"https:\/\/xstyle.md\/#organization","name":"Magazinul X-Style","alternateName":"x-style","url":"https:\/\/xstyle.md\/","logo":{"@type":"ImageObject","inLanguage":"ro-RO","@id":"https:\/\/xstyle.md\/#\/schema\/logo\/image\/","url":"https:\/\/xstyle.md\/wp-content\/uploads\/2020\/06\/logoicon.svg","contentUrl":"https:\/\/xstyle.md\/wp-content\/uploads\/2020\/06\/logoicon.svg","caption":"\u041c\u0430\u0433\u0430\u0437\u0438\u043d Xstyle"},"image":{"@id":"https:\/\/xstyle.md\/#\/schema\/logo\/image\/"},"sameAs":["https:\/\/www.facebook.com\/xstylemd","https:\/\/www.instagram.com\/xstyle_md\/","https:\/\/t.me\/xstyle_outdoor"],"hasMerchantReturnPolicy":{"@type":"MerchantReturnPolicy","merchantReturnLink":"https:\/\/xstyle.md\/ro\/conditions\/"}}]},"product_price_amount":"495.00","product_price_currency":"MDL","og_availability":"instock","product_availability":"instock","product_retailer_item_id":"5031863640169","product_condition":"new"},"_links":{"self":[{"href":"https:\/\/xstyle.md\/ro\/wp-json\/wp\/v2\/product\/85731","targetHints":{"allow":["GET"]}}],"collection":[{"href":"https:\/\/xstyle.md\/ro\/wp-json\/wp\/v2\/product"}],"about":[{"href":"https:\/\/xstyle.md\/ro\/wp-json\/wp\/v2\/types\/product"}],"replies":[{"embeddable":true,"href":"https:\/\/xstyle.md\/ro\/wp-json\/wp\/v2\/comments?post=85731"}],"wp:featuredmedia":[{"embeddable":true,"href":"https:\/\/xstyle.md\/ro\/wp-json\/wp\/v2\/media\/86553"}],"wp:attachment":[{"href":"https:\/\/xstyle.md\/ro\/wp-json\/wp\/v2\/media?parent=85731"}],"wp:term":[{"taxonomy":"product_brand","embeddable":true,"href":"https:\/\/xstyle.md\/ro\/wp-json\/wp\/v2\/product_brand?post=85731"},{"taxonomy":"product_cat","embeddable":true,"href":"https:\/\/xstyle.md\/ro\/wp-json\/wp\/v2\/product_cat?post=85731"},{"taxonomy":"product_tag","embeddable":true,"href":"https:\/\/xstyle.md\/ro\/wp-json\/wp\/v2\/product_tag?post=85731"}],"curies":[{"name":"wp","href":"https:\/\/api.w.org\/{rel}","templated":true}]}}