{"id":85728,"date":"2024-07-18T14:38:33","date_gmt":"2024-07-18T11:38:33","guid":{"rendered":"https:\/\/xstyle.md\/?post_type=product&#038;p=85728"},"modified":"2024-10-03T01:57:13","modified_gmt":"2024-10-02T22:57:13","slug":"botinki-la-sportiva-g-summit-black-yellow","status":"publish","type":"product","link":"https:\/\/xstyle.md\/ro\/produs\/botinki-la-sportiva-g-summit-black-yellow\/","title":{"rendered":"Bocanci La Sportiva G-Summit black\/yellow"},"content":{"rendered":"<\/p>\n<p><strong>La Sportiva G-Summit<\/strong> &#8212; stabilesc un nou standard pentru alpinismul tehnic la altitudine. Sunt ideale pentru alpinism pe ghea\u021b\u0103, alpinism pe pere\u021bi mari, drume\u021bii tehnice \u00een condi\u021bii de iarn\u0103 \u0219i \u0219ederea la temperaturi extrem de sc\u0103zute. La Sportiva G-Summit sunt concepute pentru a \u00eendeplini o dubl\u0103 nevoie: izola\u021bie termic\u0103 excelent\u0103 pentru alpinism la altitudine \u0219i u\u0219urin\u021ba \u0219i precizia bocancilor dubli pentru condi\u021bii climatice solicitante. O c\u0103ptu\u0219eal\u0103 special\u0103 deta\u0219abil\u0103 permite adaptarea G-Summit la cerin\u021bele termice ale terenului \u0219i mediului.<\/p>\n<h3>Particularit\u0103\u021bi<\/h3>\n<ul>\n<li>Talp\u0103 Ice-Tech\u2122 \u00eemp\u0103r\u021bit\u0103 \u00een dou\u0103 pentru performan\u021be maxime la alpinism \u0219i mers<\/li>\n<li>Adaptare maxim\u0103 la diferite forme ale piciorului pentru o precizie ridicat\u0103 la alpinism<\/li>\n<li>Reglare rapid\u0103 a \u0219ireturilor datorit\u0103 sistemului BOA\u00ae Fit pe partea exterioar\u0103 a man\u0219etei pentru utilizarea cu m\u0103nu\u0219i \u00een condi\u021bii de frig<\/li>\n<li>\u00cenveli\u0219 cu volum mare pentru o potrivire confortabil\u0103 \u0219i izolare sporit\u0103<\/li>\n<li>\u00cenveli\u0219 interior realizat cu tehnologia patentat\u0103 Core-Wrap\u2122 pentru c\u0103ldur\u0103 \u0219i lejeritate maxim\u0103<\/li>\n<li>\u00cenc\u0103l\u021b\u0103minte care poate fi complet (v\u00e2rf \u0219i c\u0103lc\u00e2i) sau par\u021bial (doar antepicior) relipit\u0103 pentru a reduce impactul asupra mediului<\/li>\n<\/ul>\n<h3>Caracteristici<\/h3>\n<ul>\n<li>Material superior &#8212; \u021bes\u0103tur\u0103 hidrofug\u0103, rezistent\u0103 la abraziune \u0219i elastic\u0103<\/li>\n<li>C\u0103ptu\u0219eal\u0103 &#8212; CORE-WRAP\u2122 cu izola\u021bie termic\u0103 \u0219i \u00eent\u0103rituri structurale<\/li>\n<li>Talp\u0103 interioar\u0103 &#8212; Carbon Z-Therm\u2122 cu carbon izolant.<\/li>\n<li>Talp\u0103 exterioar\u0103 &#8212; Vibram\u00ae Ice Tech<\/li>\n<li>Amortizare pentru crampoane &#8212; disponibil\u0103<\/li>\n<li>Destina\u021bie &#8212; alpinism la altitudine mare<\/li>\n<li>Greutate &#8212; 850 kg (o cizm\u0103)<\/li>\n<\/ul>\n<h3>Tehnologie<\/h3>\n<ul>\n<li><strong>Cordura<\/strong>\u00ae \u2013 \u021bes\u0103tur\u0103 groas\u0103 de nailon cu o structur\u0103 special\u0103 a firelor, impregnare hidrofug\u0103 \u0219i acoperire poliuretanic\u0103. Cordura a fost proiectat\u0103 ini\u021bial pentru armat\u0103. \u021aes\u0103tura este prelucrat\u0103 \u00een mai multe etape, iar acoperirea este de foarte bun\u0103 calitate \u0219i dureaz\u0103 mult timp.<\/li>\n<li><strong>Vibram\u00ae<\/strong> \u2013 lider mondial \u00een produc\u021bia de t\u0103lpi pentru \u00eenc\u0103l\u021b\u0103minte de alpinism \u0219i trekking. Talpa este fabricat\u0103 din cauciuc foarte durabil \u0219i are o aderen\u021b\u0103 excelent\u0103. Garanteaz\u0103 suport maxim \u0219i durabilitate.<\/li>\n<li><strong>Boa<\/strong>\u00ae\u00a0<strong>Double Closure System<\/strong> \u2013 o tehnologie utilizat\u0103 \u00een dezvoltarea \u00eenc\u0103l\u021b\u0103mintei de alpinism. Cu sistemul Voa, bocancii pot fi fixa\u021bi de caracteristicile piciorului \u00een dou\u0103 locuri (\u00een zona piciorului \u0219i \u00een partea superioar\u0103). De asemenea, pantofii pot fi lega\u021bi \u0219i desf\u0103cu\u021bi cu o singur\u0103 m\u00e2n\u0103, ceea ce este foarte convenabil la temperaturi sc\u0103zute.<\/li>\n<\/ul>\n<h3>Marca<\/h3>\n<p>Compania italian\u0103 este cunoscut\u0103 de to\u021bi alpini\u0219tii \u0219i alpini\u0219tii &#8212; pantofii de st\u00e2nc\u0103 \u0219i cizmele de mare altitudine La Sportiva sunt considerate cele mai bune din lume. Istoria m\u0103rcii a \u00eenceput cu fabricarea de sabo\u021bi de lemn, iar acum este unul dintre liderii mondiali \u00een produc\u021bia de \u00eenc\u0103l\u021b\u0103minte pentru munte. Toate \u00eenc\u0103l\u021b\u0103mintea sunt \u00eenc\u0103 cusute manual \u0219i numai din materiale de calitate, sunt confortabile, fiabile \u0219i durabile. Al\u0103turi de \u00eenc\u0103l\u021b\u0103minte, compania produce \u00eembr\u0103c\u0103minte de \u00eenalt\u0103 tehnologie pentru pasiona\u021bii de alpinism \u0219i escalad\u0103. Standardele \u00eenalte de calitate ale m\u0103rcii \u0219i tehnologiile \u00eembun\u0103t\u0103\u021bite au ajutat La Sportiva s\u0103 devin\u0103 unul dintre liderii mondiali \u00een produc\u021bia de \u00eenc\u0103l\u021b\u0103minte \u0219i \u00eembr\u0103c\u0103minte.<\/p>\n<p><\/p>","protected":false},"excerpt":{"rendered":"","protected":false},"featured_media":86580,"comment_status":"open","ping_status":"closed","template":"","meta":{"_acf_changed":false,"inline_featured_image":false},"product_brand":[1410],"product_cat":[144],"product_tag":[],"class_list":{"0":"post-85728","1":"product","2":"type-product","3":"status-publish","4":"has-post-thumbnail","6":"product_brand-la-sportiva","7":"product_cat-forwarding","9":"first","10":"instock","11":"shipping-taxable","12":"purchasable","13":"product-type-simple"},"acf":[],"yoast_head":"<!-- This site is optimized with the Yoast SEO plugin v27.2 - https:\/\/yoast.com\/product\/yoast-seo-wordpress\/ -->\n<title>\u0411\u043e\u0442\u0438\u043d\u043a\u0438 La Sportiva G-Summit black\/yellow - \u041c\u0430\u0433\u0430\u0437\u0438\u043d Xstyle<\/title>\n<meta name=\"description\" content=\"\u0411\u043e\u0442\u0438\u043d\u043a\u0438 La Sportiva G-Summit black\/yellow \u043e\u0431\u0435\u0441\u043f\u0435\u0447\u0438\u0432\u0430\u044e\u0442 \u043d\u0430\u0434\u0435\u0436\u043d\u043e\u0441\u0442\u044c \u0438 \u043a\u043e\u043c\u0444\u043e\u0440\u0442 \u0434\u043b\u044f \u0430\u043b\u044c\u043f\u0438\u043d\u0438\u0437\u043c\u0430 \u043d\u0430 \u043b\u044c\u0434\u0443 \u0438 \u0432 \u0441\u0443\u0440\u043e\u0432\u044b\u0445 \u0437\u0438\u043c\u043d\u0438\u0445 \u0443\u0441\u043b\u043e\u0432\u0438\u044f\u0445. \u041f\u043e\u043f\u0440\u043e\u0431\u0443\u0439\u0442\u0435 \u0438\u0445!\" \/>\n<meta name=\"robots\" content=\"index, follow, max-snippet:-1, max-image-preview:large, max-video-preview:-1\" \/>\n<link rel=\"canonical\" href=\"https:\/\/xstyle.md\/ro\/produs\/botinki-la-sportiva-g-summit-black-yellow\/\" \/>\n<meta property=\"og:locale\" content=\"ro_RO\" \/>\n<meta property=\"og:type\" content=\"article\" \/>\n<meta property=\"og:title\" content=\"\u0411\u043e\u0442\u0438\u043d\u043a\u0438 La Sportiva G-Summit black\/yellow - \u041c\u0430\u0433\u0430\u0437\u0438\u043d Xstyle\" \/>\n<meta property=\"og:description\" content=\"\u0411\u043e\u0442\u0438\u043d\u043a\u0438 La Sportiva G-Summit black\/yellow \u043e\u0431\u0435\u0441\u043f\u0435\u0447\u0438\u0432\u0430\u044e\u0442 \u043d\u0430\u0434\u0435\u0436\u043d\u043e\u0441\u0442\u044c \u0438 \u043a\u043e\u043c\u0444\u043e\u0440\u0442 \u0434\u043b\u044f \u0430\u043b\u044c\u043f\u0438\u043d\u0438\u0437\u043c\u0430 \u043d\u0430 \u043b\u044c\u0434\u0443 \u0438 \u0432 \u0441\u0443\u0440\u043e\u0432\u044b\u0445 \u0437\u0438\u043c\u043d\u0438\u0445 \u0443\u0441\u043b\u043e\u0432\u0438\u044f\u0445. \u041f\u043e\u043f\u0440\u043e\u0431\u0443\u0439\u0442\u0435 \u0438\u0445!\" \/>\n<meta property=\"og:url\" content=\"https:\/\/xstyle.md\/ro\/produs\/botinki-la-sportiva-g-summit-black-yellow\/\" \/>\n<meta property=\"og:site_name\" content=\"\u041c\u0430\u0433\u0430\u0437\u0438\u043d Xstyle\" \/>\n<meta property=\"article:publisher\" content=\"https:\/\/www.facebook.com\/xstylemd\" \/>\n<meta property=\"article:modified_time\" content=\"2024-10-02T22:57:13+00:00\" \/>\n<meta property=\"og:image\" content=\"https:\/\/xstyle.md\/wp-content\/uploads\/2024\/07\/la-sportiva-g-summit-black-yellow.jpg\" \/>\n\t<meta property=\"og:image:width\" content=\"500\" \/>\n\t<meta property=\"og:image:height\" content=\"500\" \/>\n\t<meta property=\"og:image:type\" content=\"image\/jpeg\" \/>\n<meta name=\"twitter:card\" content=\"summary_large_image\" \/>\n<meta name=\"twitter:label1\" content=\"Pre\u021b\" \/>\n\t<meta name=\"twitter:data1\" content=\"15.900&nbsp;MDL\" \/>\n\t<meta name=\"twitter:label2\" content=\"Disponibilitate\" \/>\n\t<meta name=\"twitter:data2\" content=\"\u00cen stoc\" \/>\n<script type=\"application\/ld+json\" class=\"yoast-schema-graph\">{\"@context\":\"https:\/\/schema.org\",\"@graph\":[{\"@type\":\"WebPage\",\"@id\":\"https:\/\/xstyle.md\/product\/botinki-la-sportiva-g-summit-black-yellow\/\",\"url\":\"https:\/\/xstyle.md\/product\/botinki-la-sportiva-g-summit-black-yellow\/\",\"name\":\"\u0411\u043e\u0442\u0438\u043d\u043a\u0438 La Sportiva G-Summit black\/yellow - \u041c\u0430\u0433\u0430\u0437\u0438\u043d Xstyle\",\"isPartOf\":{\"@id\":\"https:\/\/xstyle.md\/#website\"},\"primaryImageOfPage\":{\"@id\":\"https:\/\/xstyle.md\/product\/botinki-la-sportiva-g-summit-black-yellow\/#primaryimage\"},\"image\":{\"@id\":\"https:\/\/xstyle.md\/product\/botinki-la-sportiva-g-summit-black-yellow\/#primaryimage\"},\"thumbnailUrl\":\"https:\/\/xstyle.md\/wp-content\/uploads\/2024\/07\/la-sportiva-g-summit-black-yellow.jpg\",\"datePublished\":\"2024-07-18T11:38:33+00:00\",\"dateModified\":\"2024-10-02T22:57:13+00:00\",\"description\":\"\u0411\u043e\u0442\u0438\u043d\u043a\u0438 La Sportiva G-Summit black\/yellow \u043e\u0431\u0435\u0441\u043f\u0435\u0447\u0438\u0432\u0430\u044e\u0442 \u043d\u0430\u0434\u0435\u0436\u043d\u043e\u0441\u0442\u044c \u0438 \u043a\u043e\u043c\u0444\u043e\u0440\u0442 \u0434\u043b\u044f \u0430\u043b\u044c\u043f\u0438\u043d\u0438\u0437\u043c\u0430 \u043d\u0430 \u043b\u044c\u0434\u0443 \u0438 \u0432 \u0441\u0443\u0440\u043e\u0432\u044b\u0445 \u0437\u0438\u043c\u043d\u0438\u0445 \u0443\u0441\u043b\u043e\u0432\u0438\u044f\u0445. \u041f\u043e\u043f\u0440\u043e\u0431\u0443\u0439\u0442\u0435 \u0438\u0445!\",\"breadcrumb\":{\"@id\":\"https:\/\/xstyle.md\/product\/botinki-la-sportiva-g-summit-black-yellow\/#breadcrumb\"},\"inLanguage\":\"ro-RO\",\"potentialAction\":[{\"@type\":\"ReadAction\",\"target\":[\"https:\/\/xstyle.md\/product\/botinki-la-sportiva-g-summit-black-yellow\/\"]}]},{\"@type\":\"ImageObject\",\"inLanguage\":\"ro-RO\",\"@id\":\"https:\/\/xstyle.md\/product\/botinki-la-sportiva-g-summit-black-yellow\/#primaryimage\",\"url\":\"https:\/\/xstyle.md\/wp-content\/uploads\/2024\/07\/la-sportiva-g-summit-black-yellow.jpg\",\"contentUrl\":\"https:\/\/xstyle.md\/wp-content\/uploads\/2024\/07\/la-sportiva-g-summit-black-yellow.jpg\",\"width\":500,\"height\":500,\"caption\":\"\u0411\u043e\u0442\u0438\u043d\u043a\u0438 La Sportiva G-Summit \u0447\u0435\u0440\u043d\u043e-\u0436\u0435\u043b\u0442\u044b\u0435 \u0434\u043b\u044f \u0430\u043a\u0442\u0438\u0432\u043d\u043e\u0433\u043e \u043e\u0442\u0434\u044b\u0445\u0430 \u0432\u043e\u0441\u0445\u043e\u0436\u0434\u0435\u043d\u0438\u044f \u0445\u0430\u0439\u043a\u0438\u043d\u0433\u0430 \u0438 \u043f\u0443\u0442\u0435\u0448\u0435\u0441\u0442\u0432\u0438\u0439 \u0432 \u0438\u043d\u0442\u0435\u0440\u043d\u0435\u0442-\u043c\u0430\u0433\u0430\u0437\u0438\u043d\u0435 \u0441\u043f\u043e\u0440\u0442\u0438\u0432\u043d\u043e\u0439 \u043e\u0434\u0435\u0436\u0434\u044b \u0438 \u0441\u043d\u0430\u0440\u044f\u0436\u0435\u043d\u0438\u044f\"},{\"@type\":\"BreadcrumbList\",\"@id\":\"https:\/\/xstyle.md\/product\/botinki-la-sportiva-g-summit-black-yellow\/#breadcrumb\",\"itemListElement\":[{\"@type\":\"ListItem\",\"position\":1,\"name\":\"\u0413\u043b\u0430\u0432\u043d\u0430\u044f \u0441\u0442\u0440\u0430\u043d\u0438\u0446\u0430\",\"item\":\"https:\/\/xstyle.md\/\"},{\"@type\":\"ListItem\",\"position\":2,\"name\":\"\u041c\u0430\u0433\u0430\u0437\u0438\u043d\",\"item\":\"https:\/\/xstyle.md\/shop\/\"},{\"@type\":\"ListItem\",\"position\":3,\"name\":\"\u0411\u043e\u0442\u0438\u043d\u043a\u0438 La Sportiva G-Summit black\/yellow\"}]},{\"@type\":\"WebSite\",\"@id\":\"https:\/\/xstyle.md\/#website\",\"url\":\"https:\/\/xstyle.md\/\",\"name\":\"\u041c\u0430\u0433\u0430\u0437\u0438\u043d Xstyle\",\"description\":\"C\u043d\u0430\u0440\u044f\u0436\u0435\u043d\u0438\u0435 \u0434\u043b\u044f \u0442\u0443\u0440\u0438\u0437\u043c\u0430 \u0438 \u044d\u043a\u0441\u0442\u0440\u0435\u043c\u0430\u043b\u044c\u043d\u044b\u0445 \u0432\u0438\u0434\u043e\u0432 \u0441\u043f\u043e\u0440\u0442\u0430 \u0432 \u041c\u043e\u043b\u0434\u043e\u0432\u0435.. \u0426\u0435\u043d\u044b, \u0444\u043e\u0442\u043e, \u0445\u0430\u0440\u0430\u043a\u0442\u0435\u0440\u0438\u0441\u0442\u0438\u043a\u0438 \u0432 \u041c\u043e\u043b\u0434\u043e\u0432\u0435.\",\"publisher\":{\"@id\":\"https:\/\/xstyle.md\/#organization\"},\"alternateName\":\"X-Style\",\"potentialAction\":[{\"@type\":\"SearchAction\",\"target\":{\"@type\":\"EntryPoint\",\"urlTemplate\":\"https:\/\/xstyle.md\/?s={search_term_string}\"},\"query-input\":{\"@type\":\"PropertyValueSpecification\",\"valueRequired\":true,\"valueName\":\"search_term_string\"}}],\"inLanguage\":\"ro-RO\"},{\"@type\":\"Organization\",\"@id\":\"https:\/\/xstyle.md\/#organization\",\"name\":\"\u041c\u0430\u0433\u0430\u0437\u0438\u043d Xstyle\",\"alternateName\":\"x-style\",\"url\":\"https:\/\/xstyle.md\/\",\"logo\":{\"@type\":\"ImageObject\",\"inLanguage\":\"ro-RO\",\"@id\":\"https:\/\/xstyle.md\/#\/schema\/logo\/image\/\",\"url\":\"https:\/\/xstyle.md\/wp-content\/uploads\/2020\/06\/logoicon.svg\",\"contentUrl\":\"https:\/\/xstyle.md\/wp-content\/uploads\/2020\/06\/logoicon.svg\",\"caption\":\"\u041c\u0430\u0433\u0430\u0437\u0438\u043d Xstyle\"},\"image\":{\"@id\":\"https:\/\/xstyle.md\/#\/schema\/logo\/image\/\"},\"sameAs\":[\"https:\/\/www.facebook.com\/xstylemd\",\"https:\/\/www.instagram.com\/xstyle_md\/\",\"https:\/\/t.me\/xstyle_outdoor\"],\"hasMerchantReturnPolicy\":{\"@type\":\"MerchantReturnPolicy\",\"merchantReturnLink\":\"https:\/\/xstyle.md\/ro\/conditions\/\"}}]}<\/script>\n<meta property=\"product:price:amount\" content=\"15900.00\" \/>\n<meta property=\"product:price:currency\" content=\"MDL\" \/>\n<meta property=\"og:availability\" content=\"instock\" \/>\n<meta property=\"product:availability\" content=\"instock\" \/>\n<meta property=\"product:retailer_item_id\" content=\"8020647219131\" \/>\n<meta property=\"product:condition\" content=\"new\" \/>\n<!-- \/ Yoast SEO plugin. -->","yoast_head_json":{"title":"Bocanci La Sportiva G-Summit black\/yellow - Magazin Xstyle","description":"Bocancii La Sportiva G-Summit black\/yellow ofer\u0103 fiabilitate \u0219i confort pentru alpinismul pe ghea\u021b\u0103 \u0219i \u00een condi\u021bii dure de iarn\u0103. \u00cencerca\u021bi-i!","robots":{"index":"index","follow":"follow","max-snippet":"max-snippet:-1","max-image-preview":"max-image-preview:large","max-video-preview":"max-video-preview:-1"},"canonical":"https:\/\/xstyle.md\/ro\/produs\/botinki-la-sportiva-g-summit-black-yellow\/","og_locale":"ro_RO","og_type":"article","og_title":"\u0411\u043e\u0442\u0438\u043d\u043a\u0438 La Sportiva G-Summit black\/yellow - \u041c\u0430\u0433\u0430\u0437\u0438\u043d Xstyle","og_description":"\u0411\u043e\u0442\u0438\u043d\u043a\u0438 La Sportiva G-Summit black\/yellow \u043e\u0431\u0435\u0441\u043f\u0435\u0447\u0438\u0432\u0430\u044e\u0442 \u043d\u0430\u0434\u0435\u0436\u043d\u043e\u0441\u0442\u044c \u0438 \u043a\u043e\u043c\u0444\u043e\u0440\u0442 \u0434\u043b\u044f \u0430\u043b\u044c\u043f\u0438\u043d\u0438\u0437\u043c\u0430 \u043d\u0430 \u043b\u044c\u0434\u0443 \u0438 \u0432 \u0441\u0443\u0440\u043e\u0432\u044b\u0445 \u0437\u0438\u043c\u043d\u0438\u0445 \u0443\u0441\u043b\u043e\u0432\u0438\u044f\u0445. \u041f\u043e\u043f\u0440\u043e\u0431\u0443\u0439\u0442\u0435 \u0438\u0445!","og_url":"https:\/\/xstyle.md\/ro\/produs\/botinki-la-sportiva-g-summit-black-yellow\/","og_site_name":"\u041c\u0430\u0433\u0430\u0437\u0438\u043d Xstyle","article_publisher":"https:\/\/www.facebook.com\/xstylemd","article_modified_time":"2024-10-02T22:57:13+00:00","og_image":[{"width":500,"height":500,"url":"https:\/\/xstyle.md\/wp-content\/uploads\/2024\/07\/la-sportiva-g-summit-black-yellow.jpg","type":"image\/jpeg"}],"twitter_card":"summary_large_image","twitter_misc":{"Pre\u021b":"15.900&nbsp;MDL","Disponibilitate":"\u00cen stoc"},"schema":{"@context":"https:\/\/schema.org","@graph":[{"@type":"WebPage","@id":"https:\/\/xstyle.md\/product\/botinki-la-sportiva-g-summit-black-yellow\/","url":"https:\/\/xstyle.md\/product\/botinki-la-sportiva-g-summit-black-yellow\/","name":"Bocanci La Sportiva G-Summit black\/yellow - Magazin Xstyle","isPartOf":{"@id":"https:\/\/xstyle.md\/#website"},"primaryImageOfPage":{"@id":"https:\/\/xstyle.md\/product\/botinki-la-sportiva-g-summit-black-yellow\/#primaryimage"},"image":{"@id":"https:\/\/xstyle.md\/product\/botinki-la-sportiva-g-summit-black-yellow\/#primaryimage"},"thumbnailUrl":"https:\/\/xstyle.md\/wp-content\/uploads\/2024\/07\/la-sportiva-g-summit-black-yellow.jpg","datePublished":"2024-07-18T11:38:33+00:00","dateModified":"2024-10-02T22:57:13+00:00","description":"Bocancii La Sportiva G-Summit black\/yellow ofer\u0103 fiabilitate \u0219i confort pentru alpinismul pe ghea\u021b\u0103 \u0219i \u00een condi\u021bii dure de iarn\u0103. \u00cencerca\u021bi-i!","breadcrumb":{"@id":"https:\/\/xstyle.md\/product\/botinki-la-sportiva-g-summit-black-yellow\/#breadcrumb"},"inLanguage":"ro-RO","potentialAction":[{"@type":"ReadAction","target":["https:\/\/xstyle.md\/product\/botinki-la-sportiva-g-summit-black-yellow\/"]}]},{"@type":"ImageObject","inLanguage":"ro-RO","@id":"https:\/\/xstyle.md\/product\/botinki-la-sportiva-g-summit-black-yellow\/#primaryimage","url":"https:\/\/xstyle.md\/wp-content\/uploads\/2024\/07\/la-sportiva-g-summit-black-yellow.jpg","contentUrl":"https:\/\/xstyle.md\/wp-content\/uploads\/2024\/07\/la-sportiva-g-summit-black-yellow.jpg","width":500,"height":500,"caption":"\u0411\u043e\u0442\u0438\u043d\u043a\u0438 La Sportiva G-Summit \u0447\u0435\u0440\u043d\u043e-\u0436\u0435\u043b\u0442\u044b\u0435 \u0434\u043b\u044f \u0430\u043a\u0442\u0438\u0432\u043d\u043e\u0433\u043e \u043e\u0442\u0434\u044b\u0445\u0430 \u0432\u043e\u0441\u0445\u043e\u0436\u0434\u0435\u043d\u0438\u044f \u0445\u0430\u0439\u043a\u0438\u043d\u0433\u0430 \u0438 \u043f\u0443\u0442\u0435\u0448\u0435\u0441\u0442\u0432\u0438\u0439 \u0432 \u0438\u043d\u0442\u0435\u0440\u043d\u0435\u0442-\u043c\u0430\u0433\u0430\u0437\u0438\u043d\u0435 \u0441\u043f\u043e\u0440\u0442\u0438\u0432\u043d\u043e\u0439 \u043e\u0434\u0435\u0436\u0434\u044b \u0438 \u0441\u043d\u0430\u0440\u044f\u0436\u0435\u043d\u0438\u044f"},{"@type":"BreadcrumbList","@id":"https:\/\/xstyle.md\/product\/botinki-la-sportiva-g-summit-black-yellow\/#breadcrumb","itemListElement":[{"@type":"ListItem","position":1,"name":"\u0413\u043b\u0430\u0432\u043d\u0430\u044f \u0441\u0442\u0440\u0430\u043d\u0438\u0446\u0430","item":"https:\/\/xstyle.md\/"},{"@type":"ListItem","position":2,"name":"\u041c\u0430\u0433\u0430\u0437\u0438\u043d","item":"https:\/\/xstyle.md\/shop\/"},{"@type":"ListItem","position":3,"name":"\u0411\u043e\u0442\u0438\u043d\u043a\u0438 La Sportiva G-Summit black\/yellow"}]},{"@type":"WebSite","@id":"https:\/\/xstyle.md\/#website","url":"https:\/\/xstyle.md\/","name":"Magazinul X-Style","description":"Echipamente pentru turism \u0219i sporturi extreme \u00een Moldova. Pre\u021buri, fotografii, caracteristici \u00een Moldova.","publisher":{"@id":"https:\/\/xstyle.md\/#organization"},"alternateName":"X-Style","potentialAction":[{"@type":"SearchAction","target":{"@type":"EntryPoint","urlTemplate":"https:\/\/xstyle.md\/?s={search_term_string}"},"query-input":{"@type":"PropertyValueSpecification","valueRequired":true,"valueName":"search_term_string"}}],"inLanguage":"ro-RO"},{"@type":"Organization","@id":"https:\/\/xstyle.md\/#organization","name":"Magazinul X-Style","alternateName":"x-style","url":"https:\/\/xstyle.md\/","logo":{"@type":"ImageObject","inLanguage":"ro-RO","@id":"https:\/\/xstyle.md\/#\/schema\/logo\/image\/","url":"https:\/\/xstyle.md\/wp-content\/uploads\/2020\/06\/logoicon.svg","contentUrl":"https:\/\/xstyle.md\/wp-content\/uploads\/2020\/06\/logoicon.svg","caption":"\u041c\u0430\u0433\u0430\u0437\u0438\u043d Xstyle"},"image":{"@id":"https:\/\/xstyle.md\/#\/schema\/logo\/image\/"},"sameAs":["https:\/\/www.facebook.com\/xstylemd","https:\/\/www.instagram.com\/xstyle_md\/","https:\/\/t.me\/xstyle_outdoor"],"hasMerchantReturnPolicy":{"@type":"MerchantReturnPolicy","merchantReturnLink":"https:\/\/xstyle.md\/ro\/conditions\/"}}]},"product_price_amount":"15900.00","product_price_currency":"MDL","og_availability":"instock","product_availability":"instock","product_retailer_item_id":"8020647219131","product_condition":"new"},"post_mailing_queue_ids":[],"_links":{"self":[{"href":"https:\/\/xstyle.md\/ro\/wp-json\/wp\/v2\/product\/85728","targetHints":{"allow":["GET"]}}],"collection":[{"href":"https:\/\/xstyle.md\/ro\/wp-json\/wp\/v2\/product"}],"about":[{"href":"https:\/\/xstyle.md\/ro\/wp-json\/wp\/v2\/types\/product"}],"replies":[{"embeddable":true,"href":"https:\/\/xstyle.md\/ro\/wp-json\/wp\/v2\/comments?post=85728"}],"wp:featuredmedia":[{"embeddable":true,"href":"https:\/\/xstyle.md\/ro\/wp-json\/wp\/v2\/media\/86580"}],"wp:attachment":[{"href":"https:\/\/xstyle.md\/ro\/wp-json\/wp\/v2\/media?parent=85728"}],"wp:term":[{"taxonomy":"product_brand","embeddable":true,"href":"https:\/\/xstyle.md\/ro\/wp-json\/wp\/v2\/product_brand?post=85728"},{"taxonomy":"product_cat","embeddable":true,"href":"https:\/\/xstyle.md\/ro\/wp-json\/wp\/v2\/product_cat?post=85728"},{"taxonomy":"product_tag","embeddable":true,"href":"https:\/\/xstyle.md\/ro\/wp-json\/wp\/v2\/product_tag?post=85728"}],"curies":[{"name":"wp","href":"https:\/\/api.w.org\/{rel}","templated":true}]}}