{"id":85724,"date":"2024-07-18T14:38:31","date_gmt":"2024-07-18T11:38:31","guid":{"rendered":"https:\/\/xstyle.md\/?post_type=product&#038;p=85724"},"modified":"2026-04-22T17:09:02","modified_gmt":"2026-04-22T14:09:02","slug":"nozh-adimanti-skimen-ca","status":"publish","type":"product","link":"https:\/\/xstyle.md\/ro\/produs\/nozh-adimanti-skimen-ca\/","title":{"rendered":"Cu\u0163it Adimanti Skimen-CA"},"content":{"rendered":"<\/p>\n<p><strong>Adimanti Skimen-CA<\/strong> &#8212; un cu\u021bit pliabil proiectat de maestrul reparator de cu\u021bite Ruslan Skimen. Acesta este cu\u021bitul de debut din seria de design Adimanti \u0219i \u00eentruchipeaz\u0103 confortul, logica, respectabilitatea. Marca Ganzo este de mult timp bine stabilit\u0103 pe pia\u021b\u0103, cu reputa\u021bia de a produce cu\u021bite ieftine \u0219i de \u00eenalt\u0103 calitate. Acest model continu\u0103 tendin\u021ba stabilit\u0103 \u0219i corespunde principiilor generale ale produselor m\u0103rcii.<\/p>\n<p>Cu\u021bitul pliabil al brandului popular Ganzo va fi pe placul persoanelor active care merg adesea \u00een aer liber. Modelul este potrivit pentru drume\u021bii, v\u00e2n\u0103toare, pescuit, camping, \u00een plus, \u00eel pute\u021bi folosi acas\u0103 dup\u0103 cum este necesar. Forma lamei este destul de eficient\u0103 pentru \u00eenjunghiere \u0219i t\u0103iere. Tipul de lam\u0103, \u0219i anume drop-point, este destul de popular printre persoanele implicate \u00een drume\u021bii.<\/p>\n<p>Cu\u021bitul este fabricat din o\u021bel D2 robust, rezistent la uzur\u0103. Aliajul metalic protejat \u00eempotriva coroziunii demonstreaz\u0103 valori ridicate de duritate. Valoarea de duritate a cu\u021bitului este de aproximativ 60 de unit\u0103\u021bi pe scara Rockwell, ceea ce este foarte bun pentru acest tip de produs. Tipul de ascu\u021bire este drept. Lungimea lamei este de opt centimetri \u0219i jum\u0103tate, grosimea este de trei milimetri \u0219i jum\u0103tate. Cu\u021bitul este pliabil, lama este extras\u0103 cu o blocare Flipper convenabil\u0103. Skimenul este protejat \u00een siguran\u021b\u0103 \u00eempotriva deschiderii sau \u00eenchiderii accidentale. Este sigur de utilizat \u0219i are un design simplu. Lungimea total\u0103 a cu\u021bitului este de numai 20,5 centimetri. Aceste dimensiuni mici ofer\u0103 cu\u021bitului un avantaj pentru utilizarea zilnic\u0103. Poate fi pus cu u\u0219urin\u021b\u0103 \u00eentr-o geant\u0103 sau \u00eentr-un buzunar \u0219i folosit la nevoie, modelul fiind \u00eentotdeauna la \u00eendem\u00e2n\u0103.<\/p>\n<p>M\u00e2nerul produsului este fabricat din material G10 modern, durabil \u0219i rezistent la uzur\u0103. Este o sticl\u0103-textolit, care poate fi u\u0219or colorat\u0103. Poate suporta cu u\u0219urin\u021b\u0103 influen\u021ba temperaturilor ridicate \u0219i este rezistent la influen\u021bele mecanice. M\u00e2nerul dur are o crest\u0103tur\u0103 special\u0103, care \u00eel face confortabil de prins. Cu\u021bitul se potrive\u0219te perfect \u00een palm\u0103, nu se deplaseaz\u0103 \u0219i nu alunec\u0103 \u00een timpul utiliz\u0103rii. Culorile disponibile sunt portocaliu, negru, verde, violet \u00eenchis.<\/p>\n<p>Modelul c\u00e2nt\u0103re\u0219te doar 120 de grame. Cu\u021bit u\u0219or \u0219i compact. Pentru o purtare confortabil\u0103, pute\u021bi ata\u0219a cu\u021bitul la buzunar sau la curea, \u00een acest scop exist\u0103 o clem\u0103 metalic\u0103. Frumuse\u021bea unor astfel de modele este c\u0103 ele pot fi folosite \u00een orice situa\u021bie, deoarece sunt \u00eentotdeauna aproape. Produc\u0103torii ofer\u0103 o garan\u021bie pe via\u021b\u0103 pentru produsul lor.<\/p>\n<h3>Caracteristici<\/h3>\n<ul>\n<li>Tip cu\u021bit: pliabil<\/li>\n<li>Tip muchie de t\u0103iere: regulat<\/li>\n<li>Tip de \u00eenchidere: Flipper<\/li>\n<li>Lungime total\u0103: 20.5 cm<\/li>\n<li>Lungimea lamei: 8.5 cm<\/li>\n<li>Material m\u00e2ner: G10<\/li>\n<li>Duritatea o\u021belului: 60 HRC<\/li>\n<li>Grad de o\u021bel: D2<\/li>\n<li>Greutate: 120 g<\/li>\n<\/ul>\n<p><\/p>","protected":false},"excerpt":{"rendered":"","protected":false},"featured_media":86260,"comment_status":"open","ping_status":"closed","template":"","meta":{"_acf_changed":false,"inline_featured_image":false},"product_brand":[1367],"product_cat":[169],"product_tag":[],"class_list":{"0":"post-85724","1":"product","2":"type-product","3":"status-publish","4":"has-post-thumbnail","6":"product_brand-ganzo","7":"product_cat-knives","9":"first","10":"outofstock","11":"shipping-taxable","12":"product-type-simple"},"acf":[],"yoast_head":"<!-- This site is optimized with the Yoast SEO plugin v27.4 - https:\/\/yoast.com\/product\/yoast-seo-wordpress\/ -->\n<title>\u041d\u043e\u0436 Adimanti Skimen-CA - \u041c\u0430\u0433\u0430\u0437\u0438\u043d Xstyle<\/title>\n<meta name=\"description\" content=\"\u041f\u0440\u0435\u043c\u0438\u0443\u043c \u043d\u043e\u0436 Adimanti Skimen-CA: \u0444\u043b\u0438\u043f\u0435\u0440 \u0441 \u043b\u0435\u0437\u0432\u0438\u0435\u043c D2, 60 HRC \u0438 \u0440\u0443\u043a\u043e\u044f\u0442\u044c\u044e G10. \u0418\u0434\u0435\u0430\u043b\u0435\u043d \u0434\u043b\u044f \u043f\u0440\u0438\u043a\u043b\u044e\u0447\u0435\u043d\u0438\u0439 \u0438 \u043f\u043e\u0432\u0441\u0435\u0434\u043d\u0435\u0432\u043d\u043e\u0433\u043e \u0438\u0441\u043f\u043e\u043b\u044c\u0437\u043e\u0432\u0430\u043d\u0438\u044f. \u041d\u0430\u0434\u0435\u0436\u043d\u043e\u0441\u0442\u044c \u043e\u0442 Ganzo.\" \/>\n<meta name=\"robots\" content=\"index, follow, max-snippet:-1, max-image-preview:large, max-video-preview:-1\" \/>\n<link rel=\"canonical\" href=\"https:\/\/xstyle.md\/ro\/produs\/nozh-adimanti-skimen-ca\/\" \/>\n<meta property=\"og:locale\" content=\"ro_RO\" \/>\n<meta property=\"og:type\" content=\"article\" \/>\n<meta property=\"og:title\" content=\"\u041d\u043e\u0436 Adimanti Skimen-CA - \u041c\u0430\u0433\u0430\u0437\u0438\u043d Xstyle\" \/>\n<meta property=\"og:description\" content=\"\u041f\u0440\u0435\u043c\u0438\u0443\u043c \u043d\u043e\u0436 Adimanti Skimen-CA: \u0444\u043b\u0438\u043f\u0435\u0440 \u0441 \u043b\u0435\u0437\u0432\u0438\u0435\u043c D2, 60 HRC \u0438 \u0440\u0443\u043a\u043e\u044f\u0442\u044c\u044e G10. \u0418\u0434\u0435\u0430\u043b\u0435\u043d \u0434\u043b\u044f \u043f\u0440\u0438\u043a\u043b\u044e\u0447\u0435\u043d\u0438\u0439 \u0438 \u043f\u043e\u0432\u0441\u0435\u0434\u043d\u0435\u0432\u043d\u043e\u0433\u043e \u0438\u0441\u043f\u043e\u043b\u044c\u0437\u043e\u0432\u0430\u043d\u0438\u044f. \u041d\u0430\u0434\u0435\u0436\u043d\u043e\u0441\u0442\u044c \u043e\u0442 Ganzo.\" \/>\n<meta property=\"og:url\" content=\"https:\/\/xstyle.md\/ro\/produs\/nozh-adimanti-skimen-ca\/\" \/>\n<meta property=\"og:site_name\" content=\"\u041c\u0430\u0433\u0430\u0437\u0438\u043d Xstyle\" \/>\n<meta property=\"article:publisher\" content=\"https:\/\/www.facebook.com\/xstylemd\" \/>\n<meta property=\"article:modified_time\" content=\"2026-04-22T14:09:02+00:00\" \/>\n<meta property=\"og:image\" content=\"https:\/\/xstyle.md\/wp-content\/uploads\/2024\/07\/adimanti-skimen-ca-rotated.jpg\" \/>\n\t<meta property=\"og:image:width\" content=\"970\" \/>\n\t<meta property=\"og:image:height\" content=\"970\" \/>\n\t<meta property=\"og:image:type\" content=\"image\/jpeg\" \/>\n<meta name=\"twitter:card\" content=\"summary_large_image\" \/>\n<meta name=\"twitter:label1\" content=\"Pre\u021b\" \/>\n\t<meta name=\"twitter:data1\" content=\"990&nbsp;MDL\" \/>\n\t<meta name=\"twitter:label2\" content=\"Disponibilitate\" \/>\n\t<meta name=\"twitter:data2\" content=\"Stoc epuizat\" \/>\n<script type=\"application\/ld+json\" class=\"yoast-schema-graph\">{\"@context\":\"https:\\\/\\\/schema.org\",\"@graph\":[{\"@type\":\"WebPage\",\"@id\":\"https:\\\/\\\/xstyle.md\\\/product\\\/nozh-adimanti-skimen-ca\\\/\",\"url\":\"https:\\\/\\\/xstyle.md\\\/product\\\/nozh-adimanti-skimen-ca\\\/\",\"name\":\"\u041d\u043e\u0436 Adimanti Skimen-CA - \u041c\u0430\u0433\u0430\u0437\u0438\u043d Xstyle\",\"isPartOf\":{\"@id\":\"https:\\\/\\\/xstyle.md\\\/#website\"},\"primaryImageOfPage\":{\"@id\":\"https:\\\/\\\/xstyle.md\\\/product\\\/nozh-adimanti-skimen-ca\\\/#primaryimage\"},\"image\":{\"@id\":\"https:\\\/\\\/xstyle.md\\\/product\\\/nozh-adimanti-skimen-ca\\\/#primaryimage\"},\"thumbnailUrl\":\"https:\\\/\\\/xstyle.md\\\/wp-content\\\/uploads\\\/2024\\\/07\\\/adimanti-skimen-ca-rotated.jpg\",\"datePublished\":\"2024-07-18T11:38:31+00:00\",\"dateModified\":\"2026-04-22T14:09:02+00:00\",\"description\":\"\u041f\u0440\u0435\u043c\u0438\u0443\u043c \u043d\u043e\u0436 Adimanti Skimen-CA: \u0444\u043b\u0438\u043f\u0435\u0440 \u0441 \u043b\u0435\u0437\u0432\u0438\u0435\u043c D2, 60 HRC \u0438 \u0440\u0443\u043a\u043e\u044f\u0442\u044c\u044e G10. \u0418\u0434\u0435\u0430\u043b\u0435\u043d \u0434\u043b\u044f \u043f\u0440\u0438\u043a\u043b\u044e\u0447\u0435\u043d\u0438\u0439 \u0438 \u043f\u043e\u0432\u0441\u0435\u0434\u043d\u0435\u0432\u043d\u043e\u0433\u043e \u0438\u0441\u043f\u043e\u043b\u044c\u0437\u043e\u0432\u0430\u043d\u0438\u044f. \u041d\u0430\u0434\u0435\u0436\u043d\u043e\u0441\u0442\u044c \u043e\u0442 Ganzo.\",\"breadcrumb\":{\"@id\":\"https:\\\/\\\/xstyle.md\\\/product\\\/nozh-adimanti-skimen-ca\\\/#breadcrumb\"},\"inLanguage\":\"ro-RO\",\"potentialAction\":[{\"@type\":\"ReadAction\",\"target\":[\"https:\\\/\\\/xstyle.md\\\/product\\\/nozh-adimanti-skimen-ca\\\/\"]}]},{\"@type\":\"ImageObject\",\"inLanguage\":\"ro-RO\",\"@id\":\"https:\\\/\\\/xstyle.md\\\/product\\\/nozh-adimanti-skimen-ca\\\/#primaryimage\",\"url\":\"https:\\\/\\\/xstyle.md\\\/wp-content\\\/uploads\\\/2024\\\/07\\\/adimanti-skimen-ca-rotated.jpg\",\"contentUrl\":\"https:\\\/\\\/xstyle.md\\\/wp-content\\\/uploads\\\/2024\\\/07\\\/adimanti-skimen-ca-rotated.jpg\",\"width\":970,\"height\":970,\"caption\":\"\u0422\u0443\u0440\u0438\u0441\u0442\u0438\u0447\u0435\u0441\u043a\u0438\u0439 \u043d\u043e\u0436 Adimanti Skimen-CA \u0434\u043b\u044f \u0430\u043a\u0442\u0438\u0432\u043d\u043e\u0433\u043e \u043e\u0442\u0434\u044b\u0445\u0430, \u043f\u043e\u0445\u043e\u0434\u043e\u0432, \u0430\u043b\u044c\u043f\u0438\u043d\u0438\u0437\u043c\u0430 \u0438 \u043f\u0443\u0442\u0435\u0448\u0435\u0441\u0442\u0432\u0438\u0439 \u043d\u0430 \u0441\u0430\u0439\u0442\u0435 \u0438\u043d\u0442\u0435\u0440\u043d\u0435\u0442-\u043c\u0430\u0433\u0430\u0437\u0438\u043d\u0430 \u0430\u043a\u0442\u0438\u0432\u043d\u043e\u0439 \u043e\u0434\u0435\u0436\u0434\u044b \u0438 \u043e\u0431\u0443\u0432\u0438\"},{\"@type\":\"BreadcrumbList\",\"@id\":\"https:\\\/\\\/xstyle.md\\\/product\\\/nozh-adimanti-skimen-ca\\\/#breadcrumb\",\"itemListElement\":[{\"@type\":\"ListItem\",\"position\":1,\"name\":\"\u0413\u043b\u0430\u0432\u043d\u0430\u044f \u0441\u0442\u0440\u0430\u043d\u0438\u0446\u0430\",\"item\":\"https:\\\/\\\/xstyle.md\\\/\"},{\"@type\":\"ListItem\",\"position\":2,\"name\":\"\u041c\u0430\u0433\u0430\u0437\u0438\u043d\",\"item\":\"https:\\\/\\\/xstyle.md\\\/shop\\\/\"},{\"@type\":\"ListItem\",\"position\":3,\"name\":\"\u041d\u043e\u0436 Adimanti Skimen-CA\"}]},{\"@type\":\"WebSite\",\"@id\":\"https:\\\/\\\/xstyle.md\\\/#website\",\"url\":\"https:\\\/\\\/xstyle.md\\\/\",\"name\":\"\u041c\u0430\u0433\u0430\u0437\u0438\u043d Xstyle\",\"description\":\"C\u043d\u0430\u0440\u044f\u0436\u0435\u043d\u0438\u0435 \u0434\u043b\u044f \u0442\u0443\u0440\u0438\u0437\u043c\u0430 \u0438 \u044d\u043a\u0441\u0442\u0440\u0435\u043c\u0430\u043b\u044c\u043d\u044b\u0445 \u0432\u0438\u0434\u043e\u0432 \u0441\u043f\u043e\u0440\u0442\u0430 \u0432 \u041c\u043e\u043b\u0434\u043e\u0432\u0435.. \u0426\u0435\u043d\u044b, \u0444\u043e\u0442\u043e, \u0445\u0430\u0440\u0430\u043a\u0442\u0435\u0440\u0438\u0441\u0442\u0438\u043a\u0438 \u0432 \u041c\u043e\u043b\u0434\u043e\u0432\u0435.\",\"publisher\":{\"@id\":\"https:\\\/\\\/xstyle.md\\\/#organization\"},\"alternateName\":\"X-Style\",\"potentialAction\":[{\"@type\":\"SearchAction\",\"target\":{\"@type\":\"EntryPoint\",\"urlTemplate\":\"https:\\\/\\\/xstyle.md\\\/?s={search_term_string}\"},\"query-input\":{\"@type\":\"PropertyValueSpecification\",\"valueRequired\":true,\"valueName\":\"search_term_string\"}}],\"inLanguage\":\"ro-RO\"},{\"@type\":\"Organization\",\"@id\":\"https:\\\/\\\/xstyle.md\\\/#organization\",\"name\":\"\u041c\u0430\u0433\u0430\u0437\u0438\u043d Xstyle\",\"alternateName\":\"x-style\",\"url\":\"https:\\\/\\\/xstyle.md\\\/\",\"logo\":{\"@type\":\"ImageObject\",\"inLanguage\":\"ro-RO\",\"@id\":\"https:\\\/\\\/xstyle.md\\\/#\\\/schema\\\/logo\\\/image\\\/\",\"url\":\"https:\\\/\\\/xstyle.md\\\/wp-content\\\/uploads\\\/2020\\\/06\\\/logoicon.svg\",\"contentUrl\":\"https:\\\/\\\/xstyle.md\\\/wp-content\\\/uploads\\\/2020\\\/06\\\/logoicon.svg\",\"caption\":\"\u041c\u0430\u0433\u0430\u0437\u0438\u043d Xstyle\"},\"image\":{\"@id\":\"https:\\\/\\\/xstyle.md\\\/#\\\/schema\\\/logo\\\/image\\\/\"},\"sameAs\":[\"https:\\\/\\\/www.facebook.com\\\/xstylemd\",\"https:\\\/\\\/www.instagram.com\\\/xstyle_md\\\/\",\"https:\\\/\\\/t.me\\\/xstyle_outdoor\"],\"hasMerchantReturnPolicy\":{\"@type\":\"MerchantReturnPolicy\",\"merchantReturnLink\":\"https:\\\/\\\/xstyle.md\\\/ro\\\/conditions\\\/\"}}]}<\/script>\n<meta property=\"product:price:amount\" content=\"990.00\" \/>\n<meta property=\"product:price:currency\" content=\"MDL\" \/>\n<meta property=\"og:availability\" content=\"out of stock\" \/>\n<meta property=\"product:availability\" content=\"out of stock\" \/>\n<meta property=\"product:retailer_item_id\" content=\"783515977738\" \/>\n<meta property=\"product:condition\" content=\"new\" \/>\n<!-- \/ Yoast SEO plugin. -->","yoast_head_json":{"title":"Cu\u0163it Adimanti Skimen-CA - Magazin Xstyle","description":"Cu\u021bit premium Adimanti Skimen-CA: flipper cu lam\u0103 D2, 60 HRC \u0219i m\u00e2nere G10. Ideal pentru aventuri \u0219i utilizare zilnic\u0103. Fiabilitate de la Ganzo.","robots":{"index":"index","follow":"follow","max-snippet":"max-snippet:-1","max-image-preview":"max-image-preview:large","max-video-preview":"max-video-preview:-1"},"canonical":"https:\/\/xstyle.md\/ro\/produs\/nozh-adimanti-skimen-ca\/","og_locale":"ro_RO","og_type":"article","og_title":"\u041d\u043e\u0436 Adimanti Skimen-CA - \u041c\u0430\u0433\u0430\u0437\u0438\u043d Xstyle","og_description":"\u041f\u0440\u0435\u043c\u0438\u0443\u043c \u043d\u043e\u0436 Adimanti Skimen-CA: \u0444\u043b\u0438\u043f\u0435\u0440 \u0441 \u043b\u0435\u0437\u0432\u0438\u0435\u043c D2, 60 HRC \u0438 \u0440\u0443\u043a\u043e\u044f\u0442\u044c\u044e G10. \u0418\u0434\u0435\u0430\u043b\u0435\u043d \u0434\u043b\u044f \u043f\u0440\u0438\u043a\u043b\u044e\u0447\u0435\u043d\u0438\u0439 \u0438 \u043f\u043e\u0432\u0441\u0435\u0434\u043d\u0435\u0432\u043d\u043e\u0433\u043e \u0438\u0441\u043f\u043e\u043b\u044c\u0437\u043e\u0432\u0430\u043d\u0438\u044f. \u041d\u0430\u0434\u0435\u0436\u043d\u043e\u0441\u0442\u044c \u043e\u0442 Ganzo.","og_url":"https:\/\/xstyle.md\/ro\/produs\/nozh-adimanti-skimen-ca\/","og_site_name":"\u041c\u0430\u0433\u0430\u0437\u0438\u043d Xstyle","article_publisher":"https:\/\/www.facebook.com\/xstylemd","article_modified_time":"2026-04-22T14:09:02+00:00","og_image":[{"width":970,"height":970,"url":"https:\/\/xstyle.md\/wp-content\/uploads\/2024\/07\/adimanti-skimen-ca-rotated.jpg","type":"image\/jpeg"}],"twitter_card":"summary_large_image","twitter_misc":{"Pre\u021b":"990&nbsp;MDL","Disponibilitate":"Stoc epuizat"},"schema":{"@context":"https:\/\/schema.org","@graph":[{"@type":"WebPage","@id":"https:\/\/xstyle.md\/product\/nozh-adimanti-skimen-ca\/","url":"https:\/\/xstyle.md\/product\/nozh-adimanti-skimen-ca\/","name":"Cu\u0163it Adimanti Skimen-CA - Magazin Xstyle","isPartOf":{"@id":"https:\/\/xstyle.md\/#website"},"primaryImageOfPage":{"@id":"https:\/\/xstyle.md\/product\/nozh-adimanti-skimen-ca\/#primaryimage"},"image":{"@id":"https:\/\/xstyle.md\/product\/nozh-adimanti-skimen-ca\/#primaryimage"},"thumbnailUrl":"https:\/\/xstyle.md\/wp-content\/uploads\/2024\/07\/adimanti-skimen-ca-rotated.jpg","datePublished":"2024-07-18T11:38:31+00:00","dateModified":"2026-04-22T14:09:02+00:00","description":"Cu\u021bit premium Adimanti Skimen-CA: flipper cu lam\u0103 D2, 60 HRC \u0219i m\u00e2nere G10. Ideal pentru aventuri \u0219i utilizare zilnic\u0103. Fiabilitate de la Ganzo.","breadcrumb":{"@id":"https:\/\/xstyle.md\/product\/nozh-adimanti-skimen-ca\/#breadcrumb"},"inLanguage":"ro-RO","potentialAction":[{"@type":"ReadAction","target":["https:\/\/xstyle.md\/product\/nozh-adimanti-skimen-ca\/"]}]},{"@type":"ImageObject","inLanguage":"ro-RO","@id":"https:\/\/xstyle.md\/product\/nozh-adimanti-skimen-ca\/#primaryimage","url":"https:\/\/xstyle.md\/wp-content\/uploads\/2024\/07\/adimanti-skimen-ca-rotated.jpg","contentUrl":"https:\/\/xstyle.md\/wp-content\/uploads\/2024\/07\/adimanti-skimen-ca-rotated.jpg","width":970,"height":970,"caption":"\u0422\u0443\u0440\u0438\u0441\u0442\u0438\u0447\u0435\u0441\u043a\u0438\u0439 \u043d\u043e\u0436 Adimanti Skimen-CA \u0434\u043b\u044f \u0430\u043a\u0442\u0438\u0432\u043d\u043e\u0433\u043e \u043e\u0442\u0434\u044b\u0445\u0430, \u043f\u043e\u0445\u043e\u0434\u043e\u0432, \u0430\u043b\u044c\u043f\u0438\u043d\u0438\u0437\u043c\u0430 \u0438 \u043f\u0443\u0442\u0435\u0448\u0435\u0441\u0442\u0432\u0438\u0439 \u043d\u0430 \u0441\u0430\u0439\u0442\u0435 \u0438\u043d\u0442\u0435\u0440\u043d\u0435\u0442-\u043c\u0430\u0433\u0430\u0437\u0438\u043d\u0430 \u0430\u043a\u0442\u0438\u0432\u043d\u043e\u0439 \u043e\u0434\u0435\u0436\u0434\u044b \u0438 \u043e\u0431\u0443\u0432\u0438"},{"@type":"BreadcrumbList","@id":"https:\/\/xstyle.md\/product\/nozh-adimanti-skimen-ca\/#breadcrumb","itemListElement":[{"@type":"ListItem","position":1,"name":"\u0413\u043b\u0430\u0432\u043d\u0430\u044f \u0441\u0442\u0440\u0430\u043d\u0438\u0446\u0430","item":"https:\/\/xstyle.md\/"},{"@type":"ListItem","position":2,"name":"\u041c\u0430\u0433\u0430\u0437\u0438\u043d","item":"https:\/\/xstyle.md\/shop\/"},{"@type":"ListItem","position":3,"name":"\u041d\u043e\u0436 Adimanti Skimen-CA"}]},{"@type":"WebSite","@id":"https:\/\/xstyle.md\/#website","url":"https:\/\/xstyle.md\/","name":"Magazinul X-Style","description":"Echipamente pentru turism \u0219i sporturi extreme \u00een Moldova. Pre\u021buri, fotografii, caracteristici \u00een Moldova.","publisher":{"@id":"https:\/\/xstyle.md\/#organization"},"alternateName":"X-Style","potentialAction":[{"@type":"SearchAction","target":{"@type":"EntryPoint","urlTemplate":"https:\/\/xstyle.md\/?s={search_term_string}"},"query-input":{"@type":"PropertyValueSpecification","valueRequired":true,"valueName":"search_term_string"}}],"inLanguage":"ro-RO"},{"@type":"Organization","@id":"https:\/\/xstyle.md\/#organization","name":"Magazinul X-Style","alternateName":"x-style","url":"https:\/\/xstyle.md\/","logo":{"@type":"ImageObject","inLanguage":"ro-RO","@id":"https:\/\/xstyle.md\/#\/schema\/logo\/image\/","url":"https:\/\/xstyle.md\/wp-content\/uploads\/2020\/06\/logoicon.svg","contentUrl":"https:\/\/xstyle.md\/wp-content\/uploads\/2020\/06\/logoicon.svg","caption":"\u041c\u0430\u0433\u0430\u0437\u0438\u043d Xstyle"},"image":{"@id":"https:\/\/xstyle.md\/#\/schema\/logo\/image\/"},"sameAs":["https:\/\/www.facebook.com\/xstylemd","https:\/\/www.instagram.com\/xstyle_md\/","https:\/\/t.me\/xstyle_outdoor"],"hasMerchantReturnPolicy":{"@type":"MerchantReturnPolicy","merchantReturnLink":"https:\/\/xstyle.md\/ro\/conditions\/"}}]},"product_price_amount":"990.00","product_price_currency":"MDL","og_availability":"out of stock","product_availability":"out of stock","product_retailer_item_id":"783515977738","product_condition":"new"},"_links":{"self":[{"href":"https:\/\/xstyle.md\/ro\/wp-json\/wp\/v2\/product\/85724","targetHints":{"allow":["GET"]}}],"collection":[{"href":"https:\/\/xstyle.md\/ro\/wp-json\/wp\/v2\/product"}],"about":[{"href":"https:\/\/xstyle.md\/ro\/wp-json\/wp\/v2\/types\/product"}],"replies":[{"embeddable":true,"href":"https:\/\/xstyle.md\/ro\/wp-json\/wp\/v2\/comments?post=85724"}],"wp:featuredmedia":[{"embeddable":true,"href":"https:\/\/xstyle.md\/ro\/wp-json\/wp\/v2\/media\/86260"}],"wp:attachment":[{"href":"https:\/\/xstyle.md\/ro\/wp-json\/wp\/v2\/media?parent=85724"}],"wp:term":[{"taxonomy":"product_brand","embeddable":true,"href":"https:\/\/xstyle.md\/ro\/wp-json\/wp\/v2\/product_brand?post=85724"},{"taxonomy":"product_cat","embeddable":true,"href":"https:\/\/xstyle.md\/ro\/wp-json\/wp\/v2\/product_cat?post=85724"},{"taxonomy":"product_tag","embeddable":true,"href":"https:\/\/xstyle.md\/ro\/wp-json\/wp\/v2\/product_tag?post=85724"}],"curies":[{"name":"wp","href":"https:\/\/api.w.org\/{rel}","templated":true}]}}