{"id":85709,"date":"2024-07-18T14:38:28","date_gmt":"2024-07-18T11:38:28","guid":{"rendered":"https:\/\/xstyle.md\/?post_type=product&#038;p=85709"},"modified":"2026-02-20T13:03:20","modified_gmt":"2026-02-20T10:03:20","slug":"gorelka-msr-reactor-1-l-stovesystem-coffee-press-kit-reactor-1-l","status":"publish","type":"product","link":"https:\/\/xstyle.md\/ro\/produs\/gorelka-msr-reactor-1-l-stovesystem-coffee-press-kit-reactor-1-l\/","title":{"rendered":"Arz\u0103tor MSR Reactor 1 l StoveSystem + Coffee Press Kit Reactor 1 l"},"content":{"rendered":"<p><\/p>\n<p data-path-to-node=\"3\"><b data-path-to-node=\"3\" data-index-in-node=\"0\">MSR Reactor 1L Stove System + Coffee Press Kit<\/b> este un set complet format dintr-un arz\u0103tor pe gaz cu oal\u0103 de 1 litru \u0219i un accesoriu pentru presarea cafelei, oferindu-v\u0103 posibilitatea de a v\u0103 bucura de o cafea proasp\u0103t\u0103 direct \u00een natur\u0103.<\/p>\n<p data-path-to-node=\"4\">Sistemul de g\u0103tit include arz\u0103torul performant Reactor \u0219i o oal\u0103 de 1 litru, fiind unul dintre cele mai puternice \u0219i economice sisteme disponibile \u00een prezent.<\/p>\n<p>Arz\u0103torul func\u021bioneaz\u0103 cu cartu\u0219e de gaz cu filet \u0219i este dotat cu un regulator de presiune pentru a men\u021bine o func\u021bionare eficient\u0103 \u0219i constant\u0103. Oala de 1 litru este fabricat\u0103 din aluminiu anodizat u\u0219or \u0219i dispune de un schimb\u0103tor de c\u0103ldur\u0103 cu radiator, care cre\u0219te randamentul \u0219i serve\u0219te drept protec\u021bie \u00eempotriva v\u00e2ntului. \u00cen interiorul schimb\u0103torului se afl\u0103 o zon\u0103 de oxidare catalitic\u0103 a gazului pentru protec\u021bie maxim\u0103 \u00een condi\u021bii meteorologice dificile.<\/p>\n<p>Designul este unul compact: arz\u0103torul \u0219i cartu\u0219ul de gaz \u00eencap perfect \u00een interiorul oalei. M\u00e2nerul oalei se pliaz\u0103 peste capac \u0219i se fixeaz\u0103 pentru un transport sigur. Sistemul este ideal pentru prepararea hranei pentru 1-2 persoane.<\/p>\n<h3>Caracteristici<\/h3>\n<ul>\n<li>Greutate &#8212; 0.42 kg<\/li>\n<li>Timp de fierbere (1L ap\u0103) &#8212; 3.5 minute<\/li>\n<li>Dimensiuni ambalat &#8212; 12 x 15.5 cm<\/li>\n<li>Capacitate de fierbere per cartu\u0219 (230g) &#8212; aprox. 20 litri de ap\u0103<\/li>\n<\/ul>\n<p><em>Not\u0103 &#8212; Cartu\u0219ul de gaz nu este inclus \u00een set<\/em><\/p>\n<p><strong>MSR Coffee Press Kit<\/strong> &#8212; acest kit transform\u0103 oala de 1 litru a sistemului Reactor \u00eentr-o pres\u0103 de cafea portabil\u0103. Setul include un capac etan\u0219 (care poate fi utilizat separat) \u0219i o pres\u0103 dotat\u0103 cu un disc durabil din o\u021bel inoxidabil \u0219i o garnitur\u0103 de filtrare eficient\u0103. Presa se dezasambleaz\u0103 u\u0219or \u0219i se depoziteaz\u0103 compact.<\/p>\n<h3>Particularit\u0103\u021bi<\/h3>\n<ul>\n<li>Disc din o\u021bel inoxidabil rezistent<\/li>\n<li>Garnitur\u0103 flexibil\u0103 pe perimetru pentru filtrare optim\u0103<\/li>\n<li>Compatibil\u0103 exclusiv cu sistemul MSR Reactor de 1.0L<\/li>\n<li>Greutate redus\u0103 &#8212; doar 50 g<\/li>\n<\/ul>\n<p><\/p>\n<h3>Marca<\/h3>\n<p>MSR - un cunoscut produc\u0103tor de articole sportive care produce echipamente pentru alpini\u0219tii profesioni\u0219ti \u0219i pentru cei care prefer\u0103 recreerea \u00een aer liber. Produsele sunt concepute astfel \u00eenc\u00e2t s\u0103 fie c\u00e2t mai u\u0219or posibil pentru o persoan\u0103 pe durata unei \u0219ederi lungi \u00eentr-o zon\u0103 deschis\u0103. Acestea sunt dispozitive universale care pot fi folosite \u00eentr-o drume\u021bie normal\u0103 \u0219i \u00eentr-o expedi\u021bie dificil\u0103.<\/p>","protected":false},"excerpt":{"rendered":"<p>\u0411\u0440\u0435\u043d\u0434 MSR &#8212; \u0438\u0437\u0432\u0435\u0441\u0442\u043d\u044b\u0439 \u043f\u0440\u043e\u0438\u0437\u0432\u043e\u0434\u0438\u0442\u0435\u043b\u044c \u0441\u043f\u043e\u0440\u0442\u0438\u0432\u043d\u044b\u0445 \u0442\u043e\u0432\u0430\u0440\u043e\u0432, \u043a\u043e\u0442\u043e\u0440\u044b\u0439 \u0438\u0437\u0433\u043e\u0442\u0430\u0432\u043b\u0438\u0432\u0430\u0435\u0442 \u0441\u043d\u0430\u0440\u044f\u0436\u0435\u043d\u0438\u0435 \u0434\u043b\u044f \u043f\u0440\u043e\u0444\u0435\u0441\u0441\u0438\u043e\u043d\u0430\u043b\u044c\u043d\u044b\u0445 \u0430\u043b\u044c\u043f\u0438\u043d\u0438\u0441\u0442\u043e\u0432 \u0438 \u0442\u0435\u0445, \u043a\u0442\u043e \u043e\u0442\u0434\u0430\u0435\u0442 \u043f\u0440\u0435\u0434\u043f\u043e\u0447\u0442\u0435\u043d\u0438\u0435 \u043e\u0442\u0434\u044b\u0445\u0443 \u043d\u0430 \u043f\u0440\u0438\u0440\u043e\u0434\u0435. \u0418\u0437\u0434\u0435\u043b\u0438\u044f \u043f\u0440\u0435\u0434\u043d\u0430\u0437\u043d\u0430\u0447\u0435\u043d\u044b \u0434\u043b\u044f \u0442\u043e\u0433\u043e, \u0447\u0442\u043e\u0431\u044b \u043c\u0430\u043a\u0441\u0438\u043c\u0430\u043b\u044c\u043d\u043e \u043e\u0431\u043b\u0435\u0433\u0447\u0438\u0442\u044c \u0447\u0435\u043b\u043e\u0432\u0435\u043a\u0443 \u043f\u0435\u0440\u0438\u043e\u0434 \u0434\u043b\u0438\u0442\u0435\u043b\u044c\u043d\u043e\u0433\u043e \u043f\u0440\u0435\u0431\u044b\u0432\u0430\u043d\u0438\u044f \u043d\u0430 \u043e\u0442\u043a\u0440\u044b\u0442\u043e\u0439 \u043f\u043b\u043e\u0449\u0430\u0434\u043a\u0435. \u042d\u0442\u043e \u0443\u043d\u0438\u0432\u0435\u0440\u0441\u0430\u043b\u044c\u043d\u044b\u0435 \u043f\u0440\u0438\u0441\u043f\u043e\u0441\u043e\u0431\u043b\u0435\u043d\u0438\u044f, \u043a\u043e\u0442\u043e\u0440\u044b\u0435 \u043c\u043e\u0436\u043d\u043e \u0438\u0441\u043f\u043e\u043b\u044c\u0437\u043e\u0432\u0430\u0442\u044c \u0432 \u043e\u0431\u044b\u0447\u043d\u043e\u043c \u043f\u043e\u0445\u043e\u0434\u0435 \u0438 \u0432 \u0441\u043b\u043e\u0436\u043d\u043e\u0439 \u044d\u043a\u0441\u043f\u0435\u0434\u0438\u0446\u0438\u0438.<\/p>","protected":false},"featured_media":86632,"comment_status":"open","ping_status":"closed","template":"","meta":{"_acf_changed":false,"inline_featured_image":false},"product_brand":[1279],"product_cat":[82],"product_tag":[],"class_list":{"0":"post-85709","1":"product","2":"type-product","3":"status-publish","4":"has-post-thumbnail","6":"product_brand-msr","7":"product_cat-gas-burners","9":"first","10":"instock","11":"shipping-taxable","12":"purchasable","13":"product-type-simple"},"acf":[],"yoast_head":"<!-- This site is optimized with the Yoast SEO plugin v27.2 - https:\/\/yoast.com\/product\/yoast-seo-wordpress\/ -->\n<title>\u0413\u043e\u0440\u0435\u043b\u043a\u0430 MSR Reactor 1 l StoveSystem + Coffee Press Kit Reactor 1 l - \u041c\u0430\u0433\u0430\u0437\u0438\u043d Xstyle<\/title>\n<meta name=\"description\" content=\"\u0413\u043e\u0440\u0435\u043b\u043a\u0430 MSR Reactor 1 \u043b StoveSystem \u0441 \u043d\u0430\u0431\u043e\u0440\u043e\u043c \u043f\u0440\u0435\u0441\u0441 \u0434\u043b\u044f \u043a\u043e\u0444\u0435 - \u0438\u0434\u0435\u0430\u043b\u044c\u043d\u044b\u0439 \u0432\u044b\u0431\u043e\u0440 \u0434\u043b\u044f \u043f\u0440\u0438\u043a\u043b\u044e\u0447\u0435\u043d\u0438\u0439 \u043d\u0430 \u043f\u0440\u0438\u0440\u043e\u0434\u0435. \u041b\u0435\u0433\u043a\u043e\u0441\u0442\u044c, \u043a\u043e\u043c\u043f\u0430\u043a\u0442\u043d\u043e\u0441\u0442\u044c \u0438 \u0432\u044b\u0441\u043e\u043a\u0430\u044f \u044d\u0444\u0444\u0435\u043a\u0442\u0438\u0432\u043d\u043e\u0441\u0442\u044c!\" \/>\n<meta name=\"robots\" content=\"index, follow, max-snippet:-1, max-image-preview:large, max-video-preview:-1\" \/>\n<link rel=\"canonical\" href=\"https:\/\/xstyle.md\/ro\/produs\/gorelka-msr-reactor-1-l-stovesystem-coffee-press-kit-reactor-1-l\/\" \/>\n<meta property=\"og:locale\" content=\"ro_RO\" \/>\n<meta property=\"og:type\" content=\"article\" \/>\n<meta property=\"og:title\" content=\"\u0413\u043e\u0440\u0435\u043b\u043a\u0430 MSR Reactor 1 l StoveSystem + Coffee Press Kit Reactor 1 l - \u041c\u0430\u0433\u0430\u0437\u0438\u043d Xstyle\" \/>\n<meta property=\"og:description\" content=\"\u0413\u043e\u0440\u0435\u043b\u043a\u0430 MSR Reactor 1 \u043b StoveSystem \u0441 \u043d\u0430\u0431\u043e\u0440\u043e\u043c \u043f\u0440\u0435\u0441\u0441 \u0434\u043b\u044f \u043a\u043e\u0444\u0435 - \u0438\u0434\u0435\u0430\u043b\u044c\u043d\u044b\u0439 \u0432\u044b\u0431\u043e\u0440 \u0434\u043b\u044f \u043f\u0440\u0438\u043a\u043b\u044e\u0447\u0435\u043d\u0438\u0439 \u043d\u0430 \u043f\u0440\u0438\u0440\u043e\u0434\u0435. \u041b\u0435\u0433\u043a\u043e\u0441\u0442\u044c, \u043a\u043e\u043c\u043f\u0430\u043a\u0442\u043d\u043e\u0441\u0442\u044c \u0438 \u0432\u044b\u0441\u043e\u043a\u0430\u044f \u044d\u0444\u0444\u0435\u043a\u0442\u0438\u0432\u043d\u043e\u0441\u0442\u044c!\" \/>\n<meta property=\"og:url\" content=\"https:\/\/xstyle.md\/ro\/produs\/gorelka-msr-reactor-1-l-stovesystem-coffee-press-kit-reactor-1-l\/\" \/>\n<meta property=\"og:site_name\" content=\"\u041c\u0430\u0433\u0430\u0437\u0438\u043d Xstyle\" \/>\n<meta property=\"article:publisher\" content=\"https:\/\/www.facebook.com\/xstylemd\" \/>\n<meta property=\"article:modified_time\" content=\"2026-02-20T10:03:20+00:00\" \/>\n<meta property=\"og:image\" content=\"https:\/\/xstyle.md\/wp-content\/uploads\/2024\/07\/msr-reactor-1-l-stovesystem-coffee-press-kit-reactor-1-l.jpg\" \/>\n\t<meta property=\"og:image:width\" content=\"1440\" \/>\n\t<meta property=\"og:image:height\" content=\"1440\" \/>\n\t<meta property=\"og:image:type\" content=\"image\/jpeg\" \/>\n<meta name=\"twitter:card\" content=\"summary_large_image\" \/>\n<meta name=\"twitter:label1\" content=\"Pre\u021b\" \/>\n\t<meta name=\"twitter:data1\" content=\"7.350&nbsp;MDL\" \/>\n\t<meta name=\"twitter:label2\" content=\"Disponibilitate\" \/>\n\t<meta name=\"twitter:data2\" content=\"\u00cen stoc\" \/>\n<script type=\"application\/ld+json\" class=\"yoast-schema-graph\">{\"@context\":\"https:\/\/schema.org\",\"@graph\":[{\"@type\":\"WebPage\",\"@id\":\"https:\/\/xstyle.md\/product\/gorelka-msr-reactor-1-l-stovesystem-coffee-press-kit-reactor-1-l\/\",\"url\":\"https:\/\/xstyle.md\/product\/gorelka-msr-reactor-1-l-stovesystem-coffee-press-kit-reactor-1-l\/\",\"name\":\"\u0413\u043e\u0440\u0435\u043b\u043a\u0430 MSR Reactor 1 l StoveSystem + Coffee Press Kit Reactor 1 l - \u041c\u0430\u0433\u0430\u0437\u0438\u043d Xstyle\",\"isPartOf\":{\"@id\":\"https:\/\/xstyle.md\/#website\"},\"primaryImageOfPage\":{\"@id\":\"https:\/\/xstyle.md\/product\/gorelka-msr-reactor-1-l-stovesystem-coffee-press-kit-reactor-1-l\/#primaryimage\"},\"image\":{\"@id\":\"https:\/\/xstyle.md\/product\/gorelka-msr-reactor-1-l-stovesystem-coffee-press-kit-reactor-1-l\/#primaryimage\"},\"thumbnailUrl\":\"https:\/\/xstyle.md\/wp-content\/uploads\/2024\/07\/msr-reactor-1-l-stovesystem-coffee-press-kit-reactor-1-l.jpg\",\"datePublished\":\"2024-07-18T11:38:28+00:00\",\"dateModified\":\"2026-02-20T10:03:20+00:00\",\"description\":\"\u0413\u043e\u0440\u0435\u043b\u043a\u0430 MSR Reactor 1 \u043b StoveSystem \u0441 \u043d\u0430\u0431\u043e\u0440\u043e\u043c \u043f\u0440\u0435\u0441\u0441 \u0434\u043b\u044f \u043a\u043e\u0444\u0435 - \u0438\u0434\u0435\u0430\u043b\u044c\u043d\u044b\u0439 \u0432\u044b\u0431\u043e\u0440 \u0434\u043b\u044f \u043f\u0440\u0438\u043a\u043b\u044e\u0447\u0435\u043d\u0438\u0439 \u043d\u0430 \u043f\u0440\u0438\u0440\u043e\u0434\u0435. \u041b\u0435\u0433\u043a\u043e\u0441\u0442\u044c, \u043a\u043e\u043c\u043f\u0430\u043a\u0442\u043d\u043e\u0441\u0442\u044c \u0438 \u0432\u044b\u0441\u043e\u043a\u0430\u044f \u044d\u0444\u0444\u0435\u043a\u0442\u0438\u0432\u043d\u043e\u0441\u0442\u044c!\",\"breadcrumb\":{\"@id\":\"https:\/\/xstyle.md\/product\/gorelka-msr-reactor-1-l-stovesystem-coffee-press-kit-reactor-1-l\/#breadcrumb\"},\"inLanguage\":\"ro-RO\",\"potentialAction\":[{\"@type\":\"ReadAction\",\"target\":[\"https:\/\/xstyle.md\/product\/gorelka-msr-reactor-1-l-stovesystem-coffee-press-kit-reactor-1-l\/\"]}]},{\"@type\":\"ImageObject\",\"inLanguage\":\"ro-RO\",\"@id\":\"https:\/\/xstyle.md\/product\/gorelka-msr-reactor-1-l-stovesystem-coffee-press-kit-reactor-1-l\/#primaryimage\",\"url\":\"https:\/\/xstyle.md\/wp-content\/uploads\/2024\/07\/msr-reactor-1-l-stovesystem-coffee-press-kit-reactor-1-l.jpg\",\"contentUrl\":\"https:\/\/xstyle.md\/wp-content\/uploads\/2024\/07\/msr-reactor-1-l-stovesystem-coffee-press-kit-reactor-1-l.jpg\",\"width\":1440,\"height\":1440,\"caption\":\"\u0422\u0435\u0440\u043c\u043e\u0441\u0442\u043e\u0439\u043a\u0430\u044f \u0433\u043e\u0440\u0435\u043b\u043a\u0430 MSR Reactor 1 \u043b \u0434\u043b\u044f \u0430\u043a\u0442\u0438\u0432\u043d\u043e\u0433\u043e \u043e\u0442\u0434\u044b\u0445\u0430 \u0442\u0443\u0440\u0438\u0437\u043c\u0430 \u043f\u043e\u0445\u043e\u0434\u043e\u0432 \u0438 \u043f\u0443\u0442\u0435\u0448\u0435\u0441\u0442\u0432\u0438\u0439 \u0441 \u043a\u043e\u0444\u0435\u0439\u043d\u044b\u043c \u043f\u0440\u0435\u0441\u0441\u043e\u043c \u2014 \u044d\u043a\u0438\u043f\u0438\u0440\u043e\u0432\u043a\u0430 \u0434\u043b\u044f \u0430\u043a\u0442\u0438\u0432\u043d\u043e\u0439 \u0436\u0438\u0437\u043d\u0438 \u043d\u0430 \u043f\u0440\u0438\u0440\u043e\u0434\u0435\"},{\"@type\":\"BreadcrumbList\",\"@id\":\"https:\/\/xstyle.md\/product\/gorelka-msr-reactor-1-l-stovesystem-coffee-press-kit-reactor-1-l\/#breadcrumb\",\"itemListElement\":[{\"@type\":\"ListItem\",\"position\":1,\"name\":\"\u0413\u043b\u0430\u0432\u043d\u0430\u044f \u0441\u0442\u0440\u0430\u043d\u0438\u0446\u0430\",\"item\":\"https:\/\/xstyle.md\/\"},{\"@type\":\"ListItem\",\"position\":2,\"name\":\"\u041c\u0430\u0433\u0430\u0437\u0438\u043d\",\"item\":\"https:\/\/xstyle.md\/shop\/\"},{\"@type\":\"ListItem\",\"position\":3,\"name\":\"\u0413\u043e\u0440\u0435\u043b\u043a\u0430 MSR Reactor 1 l StoveSystem + Coffee Press Kit Reactor 1 l\"}]},{\"@type\":\"WebSite\",\"@id\":\"https:\/\/xstyle.md\/#website\",\"url\":\"https:\/\/xstyle.md\/\",\"name\":\"\u041c\u0430\u0433\u0430\u0437\u0438\u043d Xstyle\",\"description\":\"C\u043d\u0430\u0440\u044f\u0436\u0435\u043d\u0438\u0435 \u0434\u043b\u044f \u0442\u0443\u0440\u0438\u0437\u043c\u0430 \u0438 \u044d\u043a\u0441\u0442\u0440\u0435\u043c\u0430\u043b\u044c\u043d\u044b\u0445 \u0432\u0438\u0434\u043e\u0432 \u0441\u043f\u043e\u0440\u0442\u0430 \u0432 \u041c\u043e\u043b\u0434\u043e\u0432\u0435.. \u0426\u0435\u043d\u044b, \u0444\u043e\u0442\u043e, \u0445\u0430\u0440\u0430\u043a\u0442\u0435\u0440\u0438\u0441\u0442\u0438\u043a\u0438 \u0432 \u041c\u043e\u043b\u0434\u043e\u0432\u0435.\",\"publisher\":{\"@id\":\"https:\/\/xstyle.md\/#organization\"},\"alternateName\":\"X-Style\",\"potentialAction\":[{\"@type\":\"SearchAction\",\"target\":{\"@type\":\"EntryPoint\",\"urlTemplate\":\"https:\/\/xstyle.md\/?s={search_term_string}\"},\"query-input\":{\"@type\":\"PropertyValueSpecification\",\"valueRequired\":true,\"valueName\":\"search_term_string\"}}],\"inLanguage\":\"ro-RO\"},{\"@type\":\"Organization\",\"@id\":\"https:\/\/xstyle.md\/#organization\",\"name\":\"\u041c\u0430\u0433\u0430\u0437\u0438\u043d Xstyle\",\"alternateName\":\"x-style\",\"url\":\"https:\/\/xstyle.md\/\",\"logo\":{\"@type\":\"ImageObject\",\"inLanguage\":\"ro-RO\",\"@id\":\"https:\/\/xstyle.md\/#\/schema\/logo\/image\/\",\"url\":\"https:\/\/xstyle.md\/wp-content\/uploads\/2020\/06\/logoicon.svg\",\"contentUrl\":\"https:\/\/xstyle.md\/wp-content\/uploads\/2020\/06\/logoicon.svg\",\"caption\":\"\u041c\u0430\u0433\u0430\u0437\u0438\u043d Xstyle\"},\"image\":{\"@id\":\"https:\/\/xstyle.md\/#\/schema\/logo\/image\/\"},\"sameAs\":[\"https:\/\/www.facebook.com\/xstylemd\",\"https:\/\/www.instagram.com\/xstyle_md\/\",\"https:\/\/t.me\/xstyle_outdoor\"],\"hasMerchantReturnPolicy\":{\"@type\":\"MerchantReturnPolicy\",\"merchantReturnLink\":\"https:\/\/xstyle.md\/ro\/conditions\/\"}}]}<\/script>\n<meta property=\"product:price:amount\" content=\"7350.00\" \/>\n<meta property=\"product:price:currency\" content=\"MDL\" \/>\n<meta property=\"og:availability\" content=\"instock\" \/>\n<meta property=\"product:availability\" content=\"instock\" \/>\n<meta property=\"product:retailer_item_id\" content=\"2000999770241\" \/>\n<meta property=\"product:condition\" content=\"new\" \/>\n<!-- \/ Yoast SEO plugin. -->","yoast_head_json":{"title":"Gorilka MSR Reactor 1 l StoveSystem + Coffee Press Kit Reactor 1 l - Magazin Xstyle","description":"Aragaz MSR Reactor de 1 l StoveSystem cu set de pres\u0103 pentru cafea - alegerea ideal\u0103 pentru aventuri \u00een natur\u0103. U\u0219urin\u021b\u0103, compactitate \u0219i eficien\u021b\u0103 ridicat\u0103!","robots":{"index":"index","follow":"follow","max-snippet":"max-snippet:-1","max-image-preview":"max-image-preview:large","max-video-preview":"max-video-preview:-1"},"canonical":"https:\/\/xstyle.md\/ro\/produs\/gorelka-msr-reactor-1-l-stovesystem-coffee-press-kit-reactor-1-l\/","og_locale":"ro_RO","og_type":"article","og_title":"\u0413\u043e\u0440\u0435\u043b\u043a\u0430 MSR Reactor 1 l StoveSystem + Coffee Press Kit Reactor 1 l - \u041c\u0430\u0433\u0430\u0437\u0438\u043d Xstyle","og_description":"\u0413\u043e\u0440\u0435\u043b\u043a\u0430 MSR Reactor 1 \u043b StoveSystem \u0441 \u043d\u0430\u0431\u043e\u0440\u043e\u043c \u043f\u0440\u0435\u0441\u0441 \u0434\u043b\u044f \u043a\u043e\u0444\u0435 - \u0438\u0434\u0435\u0430\u043b\u044c\u043d\u044b\u0439 \u0432\u044b\u0431\u043e\u0440 \u0434\u043b\u044f \u043f\u0440\u0438\u043a\u043b\u044e\u0447\u0435\u043d\u0438\u0439 \u043d\u0430 \u043f\u0440\u0438\u0440\u043e\u0434\u0435. \u041b\u0435\u0433\u043a\u043e\u0441\u0442\u044c, \u043a\u043e\u043c\u043f\u0430\u043a\u0442\u043d\u043e\u0441\u0442\u044c \u0438 \u0432\u044b\u0441\u043e\u043a\u0430\u044f \u044d\u0444\u0444\u0435\u043a\u0442\u0438\u0432\u043d\u043e\u0441\u0442\u044c!","og_url":"https:\/\/xstyle.md\/ro\/produs\/gorelka-msr-reactor-1-l-stovesystem-coffee-press-kit-reactor-1-l\/","og_site_name":"\u041c\u0430\u0433\u0430\u0437\u0438\u043d Xstyle","article_publisher":"https:\/\/www.facebook.com\/xstylemd","article_modified_time":"2026-02-20T10:03:20+00:00","og_image":[{"width":1440,"height":1440,"url":"https:\/\/xstyle.md\/wp-content\/uploads\/2024\/07\/msr-reactor-1-l-stovesystem-coffee-press-kit-reactor-1-l.jpg","type":"image\/jpeg"}],"twitter_card":"summary_large_image","twitter_misc":{"Pre\u021b":"7.350&nbsp;MDL","Disponibilitate":"\u00cen stoc"},"schema":{"@context":"https:\/\/schema.org","@graph":[{"@type":"WebPage","@id":"https:\/\/xstyle.md\/product\/gorelka-msr-reactor-1-l-stovesystem-coffee-press-kit-reactor-1-l\/","url":"https:\/\/xstyle.md\/product\/gorelka-msr-reactor-1-l-stovesystem-coffee-press-kit-reactor-1-l\/","name":"Gorilka MSR Reactor 1 l StoveSystem + Coffee Press Kit Reactor 1 l - Magazin Xstyle","isPartOf":{"@id":"https:\/\/xstyle.md\/#website"},"primaryImageOfPage":{"@id":"https:\/\/xstyle.md\/product\/gorelka-msr-reactor-1-l-stovesystem-coffee-press-kit-reactor-1-l\/#primaryimage"},"image":{"@id":"https:\/\/xstyle.md\/product\/gorelka-msr-reactor-1-l-stovesystem-coffee-press-kit-reactor-1-l\/#primaryimage"},"thumbnailUrl":"https:\/\/xstyle.md\/wp-content\/uploads\/2024\/07\/msr-reactor-1-l-stovesystem-coffee-press-kit-reactor-1-l.jpg","datePublished":"2024-07-18T11:38:28+00:00","dateModified":"2026-02-20T10:03:20+00:00","description":"Aragaz MSR Reactor de 1 l StoveSystem cu set de pres\u0103 pentru cafea - alegerea ideal\u0103 pentru aventuri \u00een natur\u0103. U\u0219urin\u021b\u0103, compactitate \u0219i eficien\u021b\u0103 ridicat\u0103!","breadcrumb":{"@id":"https:\/\/xstyle.md\/product\/gorelka-msr-reactor-1-l-stovesystem-coffee-press-kit-reactor-1-l\/#breadcrumb"},"inLanguage":"ro-RO","potentialAction":[{"@type":"ReadAction","target":["https:\/\/xstyle.md\/product\/gorelka-msr-reactor-1-l-stovesystem-coffee-press-kit-reactor-1-l\/"]}]},{"@type":"ImageObject","inLanguage":"ro-RO","@id":"https:\/\/xstyle.md\/product\/gorelka-msr-reactor-1-l-stovesystem-coffee-press-kit-reactor-1-l\/#primaryimage","url":"https:\/\/xstyle.md\/wp-content\/uploads\/2024\/07\/msr-reactor-1-l-stovesystem-coffee-press-kit-reactor-1-l.jpg","contentUrl":"https:\/\/xstyle.md\/wp-content\/uploads\/2024\/07\/msr-reactor-1-l-stovesystem-coffee-press-kit-reactor-1-l.jpg","width":1440,"height":1440,"caption":"\u0422\u0435\u0440\u043c\u043e\u0441\u0442\u043e\u0439\u043a\u0430\u044f \u0433\u043e\u0440\u0435\u043b\u043a\u0430 MSR Reactor 1 \u043b \u0434\u043b\u044f \u0430\u043a\u0442\u0438\u0432\u043d\u043e\u0433\u043e \u043e\u0442\u0434\u044b\u0445\u0430 \u0442\u0443\u0440\u0438\u0437\u043c\u0430 \u043f\u043e\u0445\u043e\u0434\u043e\u0432 \u0438 \u043f\u0443\u0442\u0435\u0448\u0435\u0441\u0442\u0432\u0438\u0439 \u0441 \u043a\u043e\u0444\u0435\u0439\u043d\u044b\u043c \u043f\u0440\u0435\u0441\u0441\u043e\u043c \u2014 \u044d\u043a\u0438\u043f\u0438\u0440\u043e\u0432\u043a\u0430 \u0434\u043b\u044f \u0430\u043a\u0442\u0438\u0432\u043d\u043e\u0439 \u0436\u0438\u0437\u043d\u0438 \u043d\u0430 \u043f\u0440\u0438\u0440\u043e\u0434\u0435"},{"@type":"BreadcrumbList","@id":"https:\/\/xstyle.md\/product\/gorelka-msr-reactor-1-l-stovesystem-coffee-press-kit-reactor-1-l\/#breadcrumb","itemListElement":[{"@type":"ListItem","position":1,"name":"\u0413\u043b\u0430\u0432\u043d\u0430\u044f \u0441\u0442\u0440\u0430\u043d\u0438\u0446\u0430","item":"https:\/\/xstyle.md\/"},{"@type":"ListItem","position":2,"name":"\u041c\u0430\u0433\u0430\u0437\u0438\u043d","item":"https:\/\/xstyle.md\/shop\/"},{"@type":"ListItem","position":3,"name":"\u0413\u043e\u0440\u0435\u043b\u043a\u0430 MSR Reactor 1 l StoveSystem + Coffee Press Kit Reactor 1 l"}]},{"@type":"WebSite","@id":"https:\/\/xstyle.md\/#website","url":"https:\/\/xstyle.md\/","name":"Magazinul X-Style","description":"Echipamente pentru turism \u0219i sporturi extreme \u00een Moldova. Pre\u021buri, fotografii, caracteristici \u00een Moldova.","publisher":{"@id":"https:\/\/xstyle.md\/#organization"},"alternateName":"X-Style","potentialAction":[{"@type":"SearchAction","target":{"@type":"EntryPoint","urlTemplate":"https:\/\/xstyle.md\/?s={search_term_string}"},"query-input":{"@type":"PropertyValueSpecification","valueRequired":true,"valueName":"search_term_string"}}],"inLanguage":"ro-RO"},{"@type":"Organization","@id":"https:\/\/xstyle.md\/#organization","name":"Magazinul X-Style","alternateName":"x-style","url":"https:\/\/xstyle.md\/","logo":{"@type":"ImageObject","inLanguage":"ro-RO","@id":"https:\/\/xstyle.md\/#\/schema\/logo\/image\/","url":"https:\/\/xstyle.md\/wp-content\/uploads\/2020\/06\/logoicon.svg","contentUrl":"https:\/\/xstyle.md\/wp-content\/uploads\/2020\/06\/logoicon.svg","caption":"\u041c\u0430\u0433\u0430\u0437\u0438\u043d Xstyle"},"image":{"@id":"https:\/\/xstyle.md\/#\/schema\/logo\/image\/"},"sameAs":["https:\/\/www.facebook.com\/xstylemd","https:\/\/www.instagram.com\/xstyle_md\/","https:\/\/t.me\/xstyle_outdoor"],"hasMerchantReturnPolicy":{"@type":"MerchantReturnPolicy","merchantReturnLink":"https:\/\/xstyle.md\/ro\/conditions\/"}}]},"product_price_amount":"7350.00","product_price_currency":"MDL","og_availability":"instock","product_availability":"instock","product_retailer_item_id":"2000999770241","product_condition":"new"},"post_mailing_queue_ids":[],"_links":{"self":[{"href":"https:\/\/xstyle.md\/ro\/wp-json\/wp\/v2\/product\/85709","targetHints":{"allow":["GET"]}}],"collection":[{"href":"https:\/\/xstyle.md\/ro\/wp-json\/wp\/v2\/product"}],"about":[{"href":"https:\/\/xstyle.md\/ro\/wp-json\/wp\/v2\/types\/product"}],"replies":[{"embeddable":true,"href":"https:\/\/xstyle.md\/ro\/wp-json\/wp\/v2\/comments?post=85709"}],"wp:featuredmedia":[{"embeddable":true,"href":"https:\/\/xstyle.md\/ro\/wp-json\/wp\/v2\/media\/86632"}],"wp:attachment":[{"href":"https:\/\/xstyle.md\/ro\/wp-json\/wp\/v2\/media?parent=85709"}],"wp:term":[{"taxonomy":"product_brand","embeddable":true,"href":"https:\/\/xstyle.md\/ro\/wp-json\/wp\/v2\/product_brand?post=85709"},{"taxonomy":"product_cat","embeddable":true,"href":"https:\/\/xstyle.md\/ro\/wp-json\/wp\/v2\/product_cat?post=85709"},{"taxonomy":"product_tag","embeddable":true,"href":"https:\/\/xstyle.md\/ro\/wp-json\/wp\/v2\/product_tag?post=85709"}],"curies":[{"name":"wp","href":"https:\/\/api.w.org\/{rel}","templated":true}]}}