{"id":85705,"date":"2024-07-18T14:38:28","date_gmt":"2024-07-18T11:38:28","guid":{"rendered":"https:\/\/xstyle.md\/?post_type=product&#038;p=85705"},"modified":"2026-03-19T17:21:47","modified_gmt":"2026-03-19T14:21:47","slug":"velosipednye-gripsy-lynx-ergon-gp3-l","status":"publish","type":"product","link":"https:\/\/xstyle.md\/ro\/produs\/velosipednye-gripsy-lynx-ergon-gp3-l\/","title":{"rendered":"M\u00e2ner ergonomic Lynx Ergon GP3-L"},"content":{"rendered":"<p><\/p>\n<p><strong>Lynx Ergon GP3-L<\/strong> &#8212; ofer\u0103 o ergonomie excelent\u0103 pentru bicicletele de touring \u0219i trekking, asigur\u00e2nd un confort maxim pe distan\u021be lungi. Acestea garanteaz\u0103 o pozi\u021bie optim\u0103 a m\u00e2inilor \u0219i sus\u021binere pentru spate. Materialul utilizat \u00een produc\u021bie respect\u0103 cele mai \u00eenalte standarde ecologice \u0219i este fabricat exclusiv pentru compania Ergon \u00een Germania. Profilul special al benzii de rulare asigur\u0103 o aderen\u021b\u0103 sigur\u0103 \u00een orice condi\u021bii meteorologice. Clema integrat\u0103 \u00een coarne previne rotirea man\u0219oanelor. Forma lat\u0103 distribuie uniform sarcina pe palm\u0103, elimin\u00e2nd durerea \u0219i men\u021bin\u00e2nd \u00eencheietura \u00eentr-o pozi\u021bie optim\u0103. Coarnele curbate permit schimbarea pozi\u021biei de prindere, ceea ce ajut\u0103 la relaxarea mu\u0219chilor spatelui \u0219i ai bra\u021belor.<\/p>\n<h3>Particularit\u0103\u021bi<\/h3>\n<ul>\n<li>Prevenirea durerii &#8212; previne eficient durerile de m\u00e2ini \u0219i \u00eencheieturi<\/li>\n<li>Distribu\u021bia presiunii &#8212; repartizare optim\u0103 a presiunii \u0219i pozi\u021bie corect\u0103 a m\u00e2inilor din punct de vedere ergonomic<\/li>\n<li>Ajustabilitate: Coarnele (m\u00e2nerele de sprijin) pot fi reglate independent de corpul man\u0219onului<\/li>\n<li>Confort \u0219i precizie &#8212; dou\u0103 amestecuri de cauciuc hipoalergenic cu durit\u0103\u021bi diferite pentru confort maxim \u0219i precizie \u00een direc\u021bie, f\u0103r\u0103 a crea o senza\u021bie \u201emoale\u201d la virare<\/li>\n<li>Fric\u021biune redus\u0103 &#8212; suprafa\u021ba neted\u0103 reduce la minimum frecarea degetelor mari<\/li>\n<li>Compozit &#8212; cap\u0103t de bar\u0103 pentru trei degete, cu textur\u0103 cauciucat\u0103<\/li>\n<li>Design anatomic &#8212; form\u0103 adaptat\u0103 specific pentru m\u00e2na dreapt\u0103 \u0219i cea st\u00e2ng\u0103<\/li>\n<li>Construc\u021bie durabil\u0103 &#8212; structur\u0103 de tip \u201earip\u0103\u201d cu cadru intern din nailon \u0219i fibr\u0103 de sticl\u0103 pentru flexibilitate \u0219i stabilitate ridicat\u0103<\/li>\n<\/ul>\n<h3>Caracteristici<\/h3>\n<ul>\n<li>Destina\u021bie &#8212; Touring, E-Touring, MTB-Touring, E-MTB, Fitness, City<\/li>\n<li>Material &#8212; fibr\u0103 de sticl\u0103, cauciuc, aluminiu<\/li>\n<li>M\u0103rime &#8212; Large<\/li>\n<li>Greutate &#8212; 254 g<\/li>\n<\/ul>\n<p><\/p>\n<h3>Marca<\/h3>\n<p>Lynx - este un brand ceh specializat \u00een produc\u021bia de accesorii de \u00eenalt\u0103 calitate pentru ciclism \u0219i activit\u0103\u021bi outdoor. Produsele companiei, inclusiv c\u0103\u0219tile, ochelarii \u0219i m\u0103nu\u0219ile, sunt proiectate cu accent pe aerodinamic\u0103, siguran\u021b\u0103 \u0219i design modern, oferind un raport excelent calitate-pre\u021b at\u00e2t pentru amatori, c\u00e2t \u0219i pentru profesioni\u0219ti.<\/p>","protected":false},"excerpt":{"rendered":"<p>\u0411\u0440\u0435\u043d\u0434 Lynx \u2014 \u044d\u0442\u043e \u0447\u0435\u0448\u0441\u043a\u0438\u0439 \u0431\u0440\u0435\u043d\u0434, \u0441\u043f\u0435\u0446\u0438\u0430\u043b\u0438\u0437\u0438\u0440\u0443\u044e\u0449\u0438\u0439\u0441\u044f \u043d\u0430 \u043f\u0440\u043e\u0438\u0437\u0432\u043e\u0434\u0441\u0442\u0432\u0435 \u0432\u044b\u0441\u043e\u043a\u043e\u043a\u0430\u0447\u0435\u0441\u0442\u0432\u0435\u043d\u043d\u044b\u0445 \u0430\u043a\u0441\u0435\u0441\u0441\u0443\u0430\u0440\u043e\u0432 \u0434\u043b\u044f \u0432\u0435\u043b\u043e\u0441\u043f\u043e\u0440\u0442\u0430 \u0438 \u0430\u043a\u0442\u0438\u0432\u043d\u043e\u0433\u043e \u043e\u0442\u0434\u044b\u0445\u0430. \u041f\u0440\u043e\u0434\u0443\u043a\u0446\u0438\u044f \u043a\u043e\u043c\u043f\u0430\u043d\u0438\u0438, \u0432\u043a\u043b\u044e\u0447\u0430\u044f \u0448\u043b\u0435\u043c\u044b, \u043e\u0447\u043a\u0438 \u0438 \u043f\u0435\u0440\u0447\u0430\u0442\u043a\u0438, \u0440\u0430\u0437\u0440\u0430\u0431\u0430\u0442\u044b\u0432\u0430\u0435\u0442\u0441\u044f \u0441 \u0430\u043a\u0446\u0435\u043d\u0442\u043e\u043c \u043d\u0430 \u0430\u044d\u0440\u043e\u0434\u0438\u043d\u0430\u043c\u0438\u043a\u0443, \u0431\u0435\u0437\u043e\u043f\u0430\u0441\u043d\u043e\u0441\u0442\u044c \u0438 \u0441\u043e\u0432\u0440\u0435\u043c\u0435\u043d\u043d\u044b\u0439 \u0434\u0438\u0437\u0430\u0439\u043d, \u043f\u0440\u0435\u0434\u043b\u0430\u0433\u0430\u044f \u043e\u0442\u043b\u0438\u0447\u043d\u043e\u0435 \u0441\u043e\u043e\u0442\u043d\u043e\u0448\u0435\u043d\u0438\u0435 \u0446\u0435\u043d\u044b \u0438 \u043a\u0430\u0447\u0435\u0441\u0442\u0432\u0430 \u0434\u043b\u044f \u043b\u044e\u0431\u0438\u0442\u0435\u043b\u0435\u0439 \u0438 \u043f\u0440\u043e\u0444\u0435\u0441\u0441\u0438\u043e\u043d\u0430\u043b\u043e\u0432.<\/p>","protected":false},"featured_media":86425,"comment_status":"open","ping_status":"closed","template":"","meta":{"_acf_changed":false,"inline_featured_image":false},"product_brand":[1363],"product_cat":[406],"product_tag":[],"class_list":{"0":"post-85705","1":"product","2":"type-product","3":"status-publish","4":"has-post-thumbnail","6":"product_brand-lynx","7":"product_cat-bike-accessories","9":"first","10":"instock","11":"shipping-taxable","12":"purchasable","13":"product-type-simple"},"acf":[],"yoast_head":"<!-- This site is optimized with the Yoast SEO plugin v27.4 - https:\/\/yoast.com\/product\/yoast-seo-wordpress\/ -->\n<title>\u0412\u0435\u043b\u043e\u0441\u0438\u043f\u0435\u0434\u043d\u044b\u0435 \u0433\u0440\u0438\u043f\u0441\u044b Lynx Ergon GP3-L - \u041c\u0430\u0433\u0430\u0437\u0438\u043d Xstyle<\/title>\n<meta name=\"description\" content=\"\u041a\u0443\u043f\u0438\u0442\u0435 \u0432\u0435\u043b\u043e\u0441\u0438\u043f\u0435\u0434\u043d\u044b\u0435 \u0433\u0440\u0438\u043f\u0441\u044b Lynx Ergon GP3-L. \u0418\u0434\u0435\u0430\u043b\u044c\u043d\u044b \u0434\u043b\u044f \u0442\u0443\u0440\u0438\u0437\u043c\u0430, MTB \u0438 \u0433\u043e\u0440\u043e\u0434\u0441\u043a\u0438\u0445 \u043f\u043e\u0435\u0437\u0434\u043e\u043a. \u041e\u0442\u043b\u0438\u0447\u043d\u0430\u044f \u043f\u043e\u0434\u0434\u0435\u0440\u0436\u043a\u0430 \u0438 \u043a\u043e\u043c\u0444\u043e\u0440\u0442 \u043d\u0430 \u043b\u044e\u0431\u043e\u0439 \u0442\u0440\u0430\u0441\u0441\u0435!\" \/>\n<meta name=\"robots\" content=\"index, follow, max-snippet:-1, max-image-preview:large, max-video-preview:-1\" \/>\n<link rel=\"canonical\" href=\"https:\/\/xstyle.md\/ro\/produs\/velosipednye-gripsy-lynx-ergon-gp3-l\/\" \/>\n<meta property=\"og:locale\" content=\"ro_RO\" \/>\n<meta property=\"og:type\" content=\"article\" \/>\n<meta property=\"og:title\" content=\"\u0412\u0435\u043b\u043e\u0441\u0438\u043f\u0435\u0434\u043d\u044b\u0435 \u0433\u0440\u0438\u043f\u0441\u044b Lynx Ergon GP3-L - \u041c\u0430\u0433\u0430\u0437\u0438\u043d Xstyle\" \/>\n<meta property=\"og:description\" content=\"\u041a\u0443\u043f\u0438\u0442\u0435 \u0432\u0435\u043b\u043e\u0441\u0438\u043f\u0435\u0434\u043d\u044b\u0435 \u0433\u0440\u0438\u043f\u0441\u044b Lynx Ergon GP3-L. \u0418\u0434\u0435\u0430\u043b\u044c\u043d\u044b \u0434\u043b\u044f \u0442\u0443\u0440\u0438\u0437\u043c\u0430, MTB \u0438 \u0433\u043e\u0440\u043e\u0434\u0441\u043a\u0438\u0445 \u043f\u043e\u0435\u0437\u0434\u043e\u043a. \u041e\u0442\u043b\u0438\u0447\u043d\u0430\u044f \u043f\u043e\u0434\u0434\u0435\u0440\u0436\u043a\u0430 \u0438 \u043a\u043e\u043c\u0444\u043e\u0440\u0442 \u043d\u0430 \u043b\u044e\u0431\u043e\u0439 \u0442\u0440\u0430\u0441\u0441\u0435!\" \/>\n<meta property=\"og:url\" content=\"https:\/\/xstyle.md\/ro\/produs\/velosipednye-gripsy-lynx-ergon-gp3-l\/\" \/>\n<meta property=\"og:site_name\" content=\"\u041c\u0430\u0433\u0430\u0437\u0438\u043d Xstyle\" \/>\n<meta property=\"article:publisher\" content=\"https:\/\/www.facebook.com\/xstylemd\" \/>\n<meta property=\"article:modified_time\" content=\"2026-03-19T14:21:47+00:00\" \/>\n<meta property=\"og:image\" content=\"https:\/\/xstyle.md\/wp-content\/uploads\/2024\/07\/lynx-ergon-gp3-l.png\" \/>\n\t<meta property=\"og:image:width\" content=\"1200\" \/>\n\t<meta property=\"og:image:height\" content=\"1114\" \/>\n\t<meta property=\"og:image:type\" content=\"image\/png\" \/>\n<meta name=\"twitter:card\" content=\"summary_large_image\" \/>\n<meta name=\"twitter:label1\" content=\"Pre\u021b\" \/>\n\t<meta name=\"twitter:data1\" content=\"1.450&nbsp;MDL\" \/>\n\t<meta name=\"twitter:label2\" content=\"Disponibilitate\" \/>\n\t<meta name=\"twitter:data2\" content=\"\u00cen stoc\" \/>\n<script type=\"application\/ld+json\" class=\"yoast-schema-graph\">{\"@context\":\"https:\\\/\\\/schema.org\",\"@graph\":[{\"@type\":\"WebPage\",\"@id\":\"https:\\\/\\\/xstyle.md\\\/product\\\/velosipednye-gripsy-lynx-ergon-gp3-l\\\/\",\"url\":\"https:\\\/\\\/xstyle.md\\\/product\\\/velosipednye-gripsy-lynx-ergon-gp3-l\\\/\",\"name\":\"\u0412\u0435\u043b\u043e\u0441\u0438\u043f\u0435\u0434\u043d\u044b\u0435 \u0433\u0440\u0438\u043f\u0441\u044b Lynx Ergon GP3-L - \u041c\u0430\u0433\u0430\u0437\u0438\u043d Xstyle\",\"isPartOf\":{\"@id\":\"https:\\\/\\\/xstyle.md\\\/#website\"},\"primaryImageOfPage\":{\"@id\":\"https:\\\/\\\/xstyle.md\\\/product\\\/velosipednye-gripsy-lynx-ergon-gp3-l\\\/#primaryimage\"},\"image\":{\"@id\":\"https:\\\/\\\/xstyle.md\\\/product\\\/velosipednye-gripsy-lynx-ergon-gp3-l\\\/#primaryimage\"},\"thumbnailUrl\":\"https:\\\/\\\/xstyle.md\\\/wp-content\\\/uploads\\\/2024\\\/07\\\/lynx-ergon-gp3-l.png\",\"datePublished\":\"2024-07-18T11:38:28+00:00\",\"dateModified\":\"2026-03-19T14:21:47+00:00\",\"description\":\"\u041a\u0443\u043f\u0438\u0442\u0435 \u0432\u0435\u043b\u043e\u0441\u0438\u043f\u0435\u0434\u043d\u044b\u0435 \u0433\u0440\u0438\u043f\u0441\u044b Lynx Ergon GP3-L. \u0418\u0434\u0435\u0430\u043b\u044c\u043d\u044b \u0434\u043b\u044f \u0442\u0443\u0440\u0438\u0437\u043c\u0430, MTB \u0438 \u0433\u043e\u0440\u043e\u0434\u0441\u043a\u0438\u0445 \u043f\u043e\u0435\u0437\u0434\u043e\u043a. \u041e\u0442\u043b\u0438\u0447\u043d\u0430\u044f \u043f\u043e\u0434\u0434\u0435\u0440\u0436\u043a\u0430 \u0438 \u043a\u043e\u043c\u0444\u043e\u0440\u0442 \u043d\u0430 \u043b\u044e\u0431\u043e\u0439 \u0442\u0440\u0430\u0441\u0441\u0435!\",\"breadcrumb\":{\"@id\":\"https:\\\/\\\/xstyle.md\\\/product\\\/velosipednye-gripsy-lynx-ergon-gp3-l\\\/#breadcrumb\"},\"inLanguage\":\"ro-RO\",\"potentialAction\":[{\"@type\":\"ReadAction\",\"target\":[\"https:\\\/\\\/xstyle.md\\\/product\\\/velosipednye-gripsy-lynx-ergon-gp3-l\\\/\"]}]},{\"@type\":\"ImageObject\",\"inLanguage\":\"ro-RO\",\"@id\":\"https:\\\/\\\/xstyle.md\\\/product\\\/velosipednye-gripsy-lynx-ergon-gp3-l\\\/#primaryimage\",\"url\":\"https:\\\/\\\/xstyle.md\\\/wp-content\\\/uploads\\\/2024\\\/07\\\/lynx-ergon-gp3-l.png\",\"contentUrl\":\"https:\\\/\\\/xstyle.md\\\/wp-content\\\/uploads\\\/2024\\\/07\\\/lynx-ergon-gp3-l.png\",\"width\":1200,\"height\":1114,\"caption\":\"\u0420\u0443\u043b\u044c \u0433\u0440\u0438\u043f\u0441\u044b Lynx Ergon GP3-L \u0434\u043b\u044f \u0432\u0435\u043b\u043e\u0441\u0438\u043f\u0435\u0434\u043e\u0432 \u044d\u043a\u0438\u043f\u0438\u0440\u043e\u0432\u043a\u0430 \u0434\u043b\u044f \u0430\u043a\u0442\u0438\u0432\u043d\u043e\u0433\u043e \u043e\u0442\u0434\u044b\u0445\u0430, \u043f\u043e\u0445\u043e\u0434\u043e\u0432 \u0438 \u043f\u0443\u0442\u0435\u0448\u0435\u0441\u0442\u0432\u0438\u0439, \u0441\u043f\u043e\u0440\u0442\u0438\u0432\u043d\u0430\u044f \u043e\u0434\u0435\u0436\u0434\u0430 \u0438 \u043e\u0431\u0443\u0432\u044c \u0434\u043b\u044f \u0430\u043a\u0442\u0438\u0432\u043d\u043e\u0433\u043e \u043e\u0431\u0440\u0430\u0437\u0430 \u0436\u0438\u0437\u043d\u0438 \u0434\u043b\u044f \u043a\u0435\u043c\u043f\u0438\u043d\u0433\u0430 \u0438 \u0430\u043b\u044c\u043f\u0438\u043d\u0438\u0437\u043c\u0430\"},{\"@type\":\"BreadcrumbList\",\"@id\":\"https:\\\/\\\/xstyle.md\\\/product\\\/velosipednye-gripsy-lynx-ergon-gp3-l\\\/#breadcrumb\",\"itemListElement\":[{\"@type\":\"ListItem\",\"position\":1,\"name\":\"\u0413\u043b\u0430\u0432\u043d\u0430\u044f \u0441\u0442\u0440\u0430\u043d\u0438\u0446\u0430\",\"item\":\"https:\\\/\\\/xstyle.md\\\/\"},{\"@type\":\"ListItem\",\"position\":2,\"name\":\"\u041c\u0430\u0433\u0430\u0437\u0438\u043d\",\"item\":\"https:\\\/\\\/xstyle.md\\\/shop\\\/\"},{\"@type\":\"ListItem\",\"position\":3,\"name\":\"\u0412\u0435\u043b\u043e\u0441\u0438\u043f\u0435\u0434\u043d\u044b\u0435 \u0433\u0440\u0438\u043f\u0441\u044b Lynx Ergon GP3-L\"}]},{\"@type\":\"WebSite\",\"@id\":\"https:\\\/\\\/xstyle.md\\\/#website\",\"url\":\"https:\\\/\\\/xstyle.md\\\/\",\"name\":\"\u041c\u0430\u0433\u0430\u0437\u0438\u043d Xstyle\",\"description\":\"C\u043d\u0430\u0440\u044f\u0436\u0435\u043d\u0438\u0435 \u0434\u043b\u044f \u0442\u0443\u0440\u0438\u0437\u043c\u0430 \u0438 \u044d\u043a\u0441\u0442\u0440\u0435\u043c\u0430\u043b\u044c\u043d\u044b\u0445 \u0432\u0438\u0434\u043e\u0432 \u0441\u043f\u043e\u0440\u0442\u0430 \u0432 \u041c\u043e\u043b\u0434\u043e\u0432\u0435.. \u0426\u0435\u043d\u044b, \u0444\u043e\u0442\u043e, \u0445\u0430\u0440\u0430\u043a\u0442\u0435\u0440\u0438\u0441\u0442\u0438\u043a\u0438 \u0432 \u041c\u043e\u043b\u0434\u043e\u0432\u0435.\",\"publisher\":{\"@id\":\"https:\\\/\\\/xstyle.md\\\/#organization\"},\"alternateName\":\"X-Style\",\"potentialAction\":[{\"@type\":\"SearchAction\",\"target\":{\"@type\":\"EntryPoint\",\"urlTemplate\":\"https:\\\/\\\/xstyle.md\\\/?s={search_term_string}\"},\"query-input\":{\"@type\":\"PropertyValueSpecification\",\"valueRequired\":true,\"valueName\":\"search_term_string\"}}],\"inLanguage\":\"ro-RO\"},{\"@type\":\"Organization\",\"@id\":\"https:\\\/\\\/xstyle.md\\\/#organization\",\"name\":\"\u041c\u0430\u0433\u0430\u0437\u0438\u043d Xstyle\",\"alternateName\":\"x-style\",\"url\":\"https:\\\/\\\/xstyle.md\\\/\",\"logo\":{\"@type\":\"ImageObject\",\"inLanguage\":\"ro-RO\",\"@id\":\"https:\\\/\\\/xstyle.md\\\/#\\\/schema\\\/logo\\\/image\\\/\",\"url\":\"https:\\\/\\\/xstyle.md\\\/wp-content\\\/uploads\\\/2020\\\/06\\\/logoicon.svg\",\"contentUrl\":\"https:\\\/\\\/xstyle.md\\\/wp-content\\\/uploads\\\/2020\\\/06\\\/logoicon.svg\",\"caption\":\"\u041c\u0430\u0433\u0430\u0437\u0438\u043d Xstyle\"},\"image\":{\"@id\":\"https:\\\/\\\/xstyle.md\\\/#\\\/schema\\\/logo\\\/image\\\/\"},\"sameAs\":[\"https:\\\/\\\/www.facebook.com\\\/xstylemd\",\"https:\\\/\\\/www.instagram.com\\\/xstyle_md\\\/\",\"https:\\\/\\\/t.me\\\/xstyle_outdoor\"],\"hasMerchantReturnPolicy\":{\"@type\":\"MerchantReturnPolicy\",\"merchantReturnLink\":\"https:\\\/\\\/xstyle.md\\\/ro\\\/conditions\\\/\"}}]}<\/script>\n<meta property=\"product:price:amount\" content=\"1450.00\" \/>\n<meta property=\"product:price:currency\" content=\"MDL\" \/>\n<meta property=\"og:availability\" content=\"instock\" \/>\n<meta property=\"product:availability\" content=\"instock\" \/>\n<meta property=\"product:retailer_item_id\" content=\"4260477060860\" \/>\n<meta property=\"product:condition\" content=\"new\" \/>\n<!-- \/ Yoast SEO plugin. -->","yoast_head_json":{"title":"Grips pentru biciclet\u0103 Lynx Ergon GP3-L - Magazin Xstyle","description":"Cump\u0103ra\u021bi gripurile pentru biciclet\u0103 Lynx Ergon GP3-L. Ideale pentru turism, MTB \u0219i plimb\u0103ri prin ora\u0219. Suport excelent \u0219i confort pe orice traseu!","robots":{"index":"index","follow":"follow","max-snippet":"max-snippet:-1","max-image-preview":"max-image-preview:large","max-video-preview":"max-video-preview:-1"},"canonical":"https:\/\/xstyle.md\/ro\/produs\/velosipednye-gripsy-lynx-ergon-gp3-l\/","og_locale":"ro_RO","og_type":"article","og_title":"\u0412\u0435\u043b\u043e\u0441\u0438\u043f\u0435\u0434\u043d\u044b\u0435 \u0433\u0440\u0438\u043f\u0441\u044b Lynx Ergon GP3-L - \u041c\u0430\u0433\u0430\u0437\u0438\u043d Xstyle","og_description":"\u041a\u0443\u043f\u0438\u0442\u0435 \u0432\u0435\u043b\u043e\u0441\u0438\u043f\u0435\u0434\u043d\u044b\u0435 \u0433\u0440\u0438\u043f\u0441\u044b Lynx Ergon GP3-L. \u0418\u0434\u0435\u0430\u043b\u044c\u043d\u044b \u0434\u043b\u044f \u0442\u0443\u0440\u0438\u0437\u043c\u0430, MTB \u0438 \u0433\u043e\u0440\u043e\u0434\u0441\u043a\u0438\u0445 \u043f\u043e\u0435\u0437\u0434\u043e\u043a. \u041e\u0442\u043b\u0438\u0447\u043d\u0430\u044f \u043f\u043e\u0434\u0434\u0435\u0440\u0436\u043a\u0430 \u0438 \u043a\u043e\u043c\u0444\u043e\u0440\u0442 \u043d\u0430 \u043b\u044e\u0431\u043e\u0439 \u0442\u0440\u0430\u0441\u0441\u0435!","og_url":"https:\/\/xstyle.md\/ro\/produs\/velosipednye-gripsy-lynx-ergon-gp3-l\/","og_site_name":"\u041c\u0430\u0433\u0430\u0437\u0438\u043d Xstyle","article_publisher":"https:\/\/www.facebook.com\/xstylemd","article_modified_time":"2026-03-19T14:21:47+00:00","og_image":[{"width":1200,"height":1114,"url":"https:\/\/xstyle.md\/wp-content\/uploads\/2024\/07\/lynx-ergon-gp3-l.png","type":"image\/png"}],"twitter_card":"summary_large_image","twitter_misc":{"Pre\u021b":"1.450&nbsp;MDL","Disponibilitate":"\u00cen stoc"},"schema":{"@context":"https:\/\/schema.org","@graph":[{"@type":"WebPage","@id":"https:\/\/xstyle.md\/product\/velosipednye-gripsy-lynx-ergon-gp3-l\/","url":"https:\/\/xstyle.md\/product\/velosipednye-gripsy-lynx-ergon-gp3-l\/","name":"Grips pentru biciclet\u0103 Lynx Ergon GP3-L - Magazin Xstyle","isPartOf":{"@id":"https:\/\/xstyle.md\/#website"},"primaryImageOfPage":{"@id":"https:\/\/xstyle.md\/product\/velosipednye-gripsy-lynx-ergon-gp3-l\/#primaryimage"},"image":{"@id":"https:\/\/xstyle.md\/product\/velosipednye-gripsy-lynx-ergon-gp3-l\/#primaryimage"},"thumbnailUrl":"https:\/\/xstyle.md\/wp-content\/uploads\/2024\/07\/lynx-ergon-gp3-l.png","datePublished":"2024-07-18T11:38:28+00:00","dateModified":"2026-03-19T14:21:47+00:00","description":"Cump\u0103ra\u021bi gripurile pentru biciclet\u0103 Lynx Ergon GP3-L. Ideale pentru turism, MTB \u0219i plimb\u0103ri prin ora\u0219. Suport excelent \u0219i confort pe orice traseu!","breadcrumb":{"@id":"https:\/\/xstyle.md\/product\/velosipednye-gripsy-lynx-ergon-gp3-l\/#breadcrumb"},"inLanguage":"ro-RO","potentialAction":[{"@type":"ReadAction","target":["https:\/\/xstyle.md\/product\/velosipednye-gripsy-lynx-ergon-gp3-l\/"]}]},{"@type":"ImageObject","inLanguage":"ro-RO","@id":"https:\/\/xstyle.md\/product\/velosipednye-gripsy-lynx-ergon-gp3-l\/#primaryimage","url":"https:\/\/xstyle.md\/wp-content\/uploads\/2024\/07\/lynx-ergon-gp3-l.png","contentUrl":"https:\/\/xstyle.md\/wp-content\/uploads\/2024\/07\/lynx-ergon-gp3-l.png","width":1200,"height":1114,"caption":"\u0420\u0443\u043b\u044c \u0433\u0440\u0438\u043f\u0441\u044b Lynx Ergon GP3-L \u0434\u043b\u044f \u0432\u0435\u043b\u043e\u0441\u0438\u043f\u0435\u0434\u043e\u0432 \u044d\u043a\u0438\u043f\u0438\u0440\u043e\u0432\u043a\u0430 \u0434\u043b\u044f \u0430\u043a\u0442\u0438\u0432\u043d\u043e\u0433\u043e \u043e\u0442\u0434\u044b\u0445\u0430, \u043f\u043e\u0445\u043e\u0434\u043e\u0432 \u0438 \u043f\u0443\u0442\u0435\u0448\u0435\u0441\u0442\u0432\u0438\u0439, \u0441\u043f\u043e\u0440\u0442\u0438\u0432\u043d\u0430\u044f \u043e\u0434\u0435\u0436\u0434\u0430 \u0438 \u043e\u0431\u0443\u0432\u044c \u0434\u043b\u044f \u0430\u043a\u0442\u0438\u0432\u043d\u043e\u0433\u043e \u043e\u0431\u0440\u0430\u0437\u0430 \u0436\u0438\u0437\u043d\u0438 \u0434\u043b\u044f \u043a\u0435\u043c\u043f\u0438\u043d\u0433\u0430 \u0438 \u0430\u043b\u044c\u043f\u0438\u043d\u0438\u0437\u043c\u0430"},{"@type":"BreadcrumbList","@id":"https:\/\/xstyle.md\/product\/velosipednye-gripsy-lynx-ergon-gp3-l\/#breadcrumb","itemListElement":[{"@type":"ListItem","position":1,"name":"\u0413\u043b\u0430\u0432\u043d\u0430\u044f \u0441\u0442\u0440\u0430\u043d\u0438\u0446\u0430","item":"https:\/\/xstyle.md\/"},{"@type":"ListItem","position":2,"name":"\u041c\u0430\u0433\u0430\u0437\u0438\u043d","item":"https:\/\/xstyle.md\/shop\/"},{"@type":"ListItem","position":3,"name":"\u0412\u0435\u043b\u043e\u0441\u0438\u043f\u0435\u0434\u043d\u044b\u0435 \u0433\u0440\u0438\u043f\u0441\u044b Lynx Ergon GP3-L"}]},{"@type":"WebSite","@id":"https:\/\/xstyle.md\/#website","url":"https:\/\/xstyle.md\/","name":"Magazinul X-Style","description":"Echipamente pentru turism \u0219i sporturi extreme \u00een Moldova. Pre\u021buri, fotografii, caracteristici \u00een Moldova.","publisher":{"@id":"https:\/\/xstyle.md\/#organization"},"alternateName":"X-Style","potentialAction":[{"@type":"SearchAction","target":{"@type":"EntryPoint","urlTemplate":"https:\/\/xstyle.md\/?s={search_term_string}"},"query-input":{"@type":"PropertyValueSpecification","valueRequired":true,"valueName":"search_term_string"}}],"inLanguage":"ro-RO"},{"@type":"Organization","@id":"https:\/\/xstyle.md\/#organization","name":"Magazinul X-Style","alternateName":"x-style","url":"https:\/\/xstyle.md\/","logo":{"@type":"ImageObject","inLanguage":"ro-RO","@id":"https:\/\/xstyle.md\/#\/schema\/logo\/image\/","url":"https:\/\/xstyle.md\/wp-content\/uploads\/2020\/06\/logoicon.svg","contentUrl":"https:\/\/xstyle.md\/wp-content\/uploads\/2020\/06\/logoicon.svg","caption":"\u041c\u0430\u0433\u0430\u0437\u0438\u043d Xstyle"},"image":{"@id":"https:\/\/xstyle.md\/#\/schema\/logo\/image\/"},"sameAs":["https:\/\/www.facebook.com\/xstylemd","https:\/\/www.instagram.com\/xstyle_md\/","https:\/\/t.me\/xstyle_outdoor"],"hasMerchantReturnPolicy":{"@type":"MerchantReturnPolicy","merchantReturnLink":"https:\/\/xstyle.md\/ro\/conditions\/"}}]},"product_price_amount":"1450.00","product_price_currency":"MDL","og_availability":"instock","product_availability":"instock","product_retailer_item_id":"4260477060860","product_condition":"new"},"_links":{"self":[{"href":"https:\/\/xstyle.md\/ro\/wp-json\/wp\/v2\/product\/85705","targetHints":{"allow":["GET"]}}],"collection":[{"href":"https:\/\/xstyle.md\/ro\/wp-json\/wp\/v2\/product"}],"about":[{"href":"https:\/\/xstyle.md\/ro\/wp-json\/wp\/v2\/types\/product"}],"replies":[{"embeddable":true,"href":"https:\/\/xstyle.md\/ro\/wp-json\/wp\/v2\/comments?post=85705"}],"wp:featuredmedia":[{"embeddable":true,"href":"https:\/\/xstyle.md\/ro\/wp-json\/wp\/v2\/media\/86425"}],"wp:attachment":[{"href":"https:\/\/xstyle.md\/ro\/wp-json\/wp\/v2\/media?parent=85705"}],"wp:term":[{"taxonomy":"product_brand","embeddable":true,"href":"https:\/\/xstyle.md\/ro\/wp-json\/wp\/v2\/product_brand?post=85705"},{"taxonomy":"product_cat","embeddable":true,"href":"https:\/\/xstyle.md\/ro\/wp-json\/wp\/v2\/product_cat?post=85705"},{"taxonomy":"product_tag","embeddable":true,"href":"https:\/\/xstyle.md\/ro\/wp-json\/wp\/v2\/product_tag?post=85705"}],"curies":[{"name":"wp","href":"https:\/\/api.w.org\/{rel}","templated":true}]}}