{"id":85536,"date":"2024-07-15T09:47:12","date_gmt":"2024-07-15T06:47:12","guid":{"rendered":"https:\/\/xstyle.md\/?post_type=product&#038;p=85536"},"modified":"2026-04-07T15:06:19","modified_gmt":"2026-04-07T12:06:19","slug":"karabin-petzl-attache-screw-lock-yellow","status":"publish","type":"product","link":"https:\/\/xstyle.md\/ro\/produs\/karabin-petzl-attache-screw-lock-yellow\/","title":{"rendered":"Carabinier\u0103 Petzl Attache Screw Lock yellow"},"content":{"rendered":"<\/p>\n<p><strong>Petzl Attache Screw Lock<\/strong> &#8212; carabinier\u0103 compacta \u0219i u\u0219or este proiectat pentru o varietate de aplica\u021bii de siguran\u021b\u0103. Profilul \u00een form\u0103 de H reduce greutatea dispozitivului, iar col\u021burile netede rotunjite ajut\u0103 fr\u00e2nghia s\u0103 alunece \u0219i sunt convenabile atunci c\u00e2nd se utilizeaz\u0103 VERSO, REVERSO sau nodul lui Munter. Sistemul Keylock ajut\u0103 la prevenirea ag\u0103\u021b\u0103rii carabinierului de alte echipamente \u00een timpul utiliz\u0103rii.<\/p>\n<h3>Particularit\u0103\u021bi<\/h3>\n<p><strong>Un carabinier \u00een form\u0103 de par\u0103 cu col\u021buri rotunjite pentru o asigurare lin\u0103:<\/strong><\/p>\n<ul>\n<li>suprafa\u021ba carabinierului este neted\u0103, astfel \u00eenc\u00e2t fr\u00e2nghia s\u0103 se mi\u0219te u\u0219or la asigurarea cu VERSO, REVERSO sau nodul Munter<\/li>\n<li>profilul par\u021bial H optimizeaz\u0103 raportul rezisten\u021b\u0103\/greutate<\/li>\n<li>forma de par\u0103 este universal\u0103 pentru escalad\u0103 \u0219i alpinism<\/li>\n<\/ul>\n<p><strong>U\u0219or de utilizat:<\/strong><\/p>\n<ul>\n<li>sistemul de blocare SCREW-LOCK ofer\u0103 u\u0219urin\u021b\u0103 \u00een utilizare \u0219i performan\u021be eficiente de blocare<\/li>\n<li>indicatorul vizual permite verificarea u\u0219oar\u0103 a bloc\u0103rii carabinierului.<\/li>\n<li>carabinierul este compatibil cu accesoriul BAR pentru a preveni \u00eenc\u0103rcarea incorect\u0103 a carabinierului.<\/li>\n<li>disponibil \u00een culorile galben sau gri<\/li>\n<\/ul>\n<h3>Caracteristici<\/h3>\n<ul>\n<li>Greutate &#8212; 58 g<\/li>\n<li>Rezisten\u021ba axei principale &#8212; 21 kN<\/li>\n<li>Rezisten\u021ba axei transversale &#8212; 7 kN<\/li>\n<li>Rezisten\u021ba z\u0103vorului deschis &#8212; 6 kN<\/li>\n<li>L\u0103\u021bime de deschidere &#8212; 23 mm<\/li>\n<li>Certificare &#8212; CE EN 12275 tip H, UIAA<\/li>\n<\/ul>\n<h3>Marca<\/h3>\n<p>PETZL este un brand de renume mondial care produce echipamente specializate pentru alpinism, speologie, escalad\u0103 \u0219i alpinism industrial. Compania a fost fondat\u0103 de Fernand Petzel, un om cu o pasiune de o via\u021b\u0103 pentru speologie. La mijlocul anilor 1970, pasiunea sa \u0219i afacerea de familie s-au transformat \u00een ceva mai mult. Fernand a \u00eenceput s\u0103 modifice dispozitivele existente utilizate \u00een speologie \u0219i apoi s\u0103 inventeze unele complet noi.<\/p>\n<p>Gama de produse a companiei s-a extins c\u0103tre iluminat, deoarece \u00een \u00eentunericul pe\u0219terilor acesta este unul dintre cele mai importante echipamente necesare. Dup\u0103 speologie, PETZL creeaz\u0103 echipamente pentru alpini\u0219ti \u0219i alpini\u0219ti, iar apoi pentru lucrul la \u00een\u0103l\u021bime.<\/p>\n<p>Misiunea PETZL este de a crea instrumente inovatoare care s\u0103 permit\u0103 b\u0103rba\u021bilor \u0219i femeilor s\u0103 ating\u0103 noi \u00een\u0103l\u021bimi pe vertical\u0103 \u0219i s\u0103 lumineze drumul \u00een \u00eentuneric. Compania este \u00eentr-o c\u0103utare continu\u0103 a celei mai bune solu\u021bii \u00een toate domeniile de activitate. Performan\u021ba, ergonomia, confortul \u0219i, cel mai important, siguran\u021ba sunt cele mai importante criterii \u00een aceast\u0103 c\u0103utare. Accesul la inaccesibil, sau \u201eatingerea inaccesibilului\u201d este motto-ul s\u0103u de lung\u0103 durat\u0103.<\/p>\n<p><\/p>\n<\/div>","protected":false},"excerpt":{"rendered":"","protected":false},"featured_media":86324,"comment_status":"open","ping_status":"closed","template":"","meta":{"_acf_changed":false,"inline_featured_image":false},"product_brand":[1270],"product_cat":[159],"product_tag":[],"class_list":{"0":"post-85536","1":"product","2":"type-product","3":"status-publish","4":"has-post-thumbnail","6":"product_brand-petzl","7":"product_cat-carabiners","9":"first","10":"instock","11":"shipping-taxable","12":"purchasable","13":"product-type-simple"},"acf":[],"yoast_head":"<!-- This site is optimized with the Yoast SEO plugin v27.2 - https:\/\/yoast.com\/product\/yoast-seo-wordpress\/ -->\n<title>\u041a\u0430\u0440\u0430\u0431\u0438\u043d Petzl Attache Screw Lock yellow - \u041c\u0430\u0433\u0430\u0437\u0438\u043d Xstyle<\/title>\n<meta name=\"description\" content=\"\u041a\u0430\u0440\u0430\u0431\u0438\u043d Petzl Attache Screw Lock \u0436\u0435\u043b\u0442\u043e\u0433\u043e \u0446\u0432\u0435\u0442\u0430 \u0441 \u0437\u0430\u043c\u043a\u043e\u043c, \u043b\u0435\u0433\u043a\u0438\u0439 \u0438 \u043a\u043e\u043c\u043f\u0430\u043a\u0442\u043d\u044b\u0439, \u0438\u0434\u0435\u0430\u043b\u044c\u043d\u043e \u043f\u043e\u0434\u0445\u043e\u0434\u0438\u0442 \u0434\u043b\u044f \u0440\u0430\u0437\u043b\u0438\u0447\u043d\u044b\u0445 \u0437\u0430\u0434\u0430\u0447 \u0431\u0435\u0437\u043e\u043f\u0430\u0441\u043d\u043e\u0441\u0442\u0438. \u0423\u0437\u043d\u0430\u0439\u0442\u0435 \u0431\u043e\u043b\u044c\u0448\u0435 \u043e \u043a\u0430\u0447\u0435\u0441\u0442\u0432\u0435 Petzl!\" \/>\n<meta name=\"robots\" content=\"index, follow, max-snippet:-1, max-image-preview:large, max-video-preview:-1\" \/>\n<link rel=\"canonical\" href=\"https:\/\/xstyle.md\/ro\/produs\/karabin-petzl-attache-screw-lock-yellow\/\" \/>\n<meta property=\"og:locale\" content=\"ro_RO\" \/>\n<meta property=\"og:type\" content=\"article\" \/>\n<meta property=\"og:title\" content=\"\u041a\u0430\u0440\u0430\u0431\u0438\u043d Petzl Attache Screw Lock yellow - \u041c\u0430\u0433\u0430\u0437\u0438\u043d Xstyle\" \/>\n<meta property=\"og:description\" content=\"\u041a\u0430\u0440\u0430\u0431\u0438\u043d Petzl Attache Screw Lock \u0436\u0435\u043b\u0442\u043e\u0433\u043e \u0446\u0432\u0435\u0442\u0430 \u0441 \u0437\u0430\u043c\u043a\u043e\u043c, \u043b\u0435\u0433\u043a\u0438\u0439 \u0438 \u043a\u043e\u043c\u043f\u0430\u043a\u0442\u043d\u044b\u0439, \u0438\u0434\u0435\u0430\u043b\u044c\u043d\u043e \u043f\u043e\u0434\u0445\u043e\u0434\u0438\u0442 \u0434\u043b\u044f \u0440\u0430\u0437\u043b\u0438\u0447\u043d\u044b\u0445 \u0437\u0430\u0434\u0430\u0447 \u0431\u0435\u0437\u043e\u043f\u0430\u0441\u043d\u043e\u0441\u0442\u0438. \u0423\u0437\u043d\u0430\u0439\u0442\u0435 \u0431\u043e\u043b\u044c\u0448\u0435 \u043e \u043a\u0430\u0447\u0435\u0441\u0442\u0432\u0435 Petzl!\" \/>\n<meta property=\"og:url\" content=\"https:\/\/xstyle.md\/ro\/produs\/karabin-petzl-attache-screw-lock-yellow\/\" \/>\n<meta property=\"og:site_name\" content=\"\u041c\u0430\u0433\u0430\u0437\u0438\u043d Xstyle\" \/>\n<meta property=\"article:publisher\" content=\"https:\/\/www.facebook.com\/xstylemd\" \/>\n<meta property=\"article:modified_time\" content=\"2026-04-07T12:06:19+00:00\" \/>\n<meta property=\"og:image\" content=\"https:\/\/xstyle.md\/wp-content\/uploads\/2024\/07\/petzl-attache-screw-lock-yellow.jpg\" \/>\n\t<meta property=\"og:image:width\" content=\"1182\" \/>\n\t<meta property=\"og:image:height\" content=\"1200\" \/>\n\t<meta property=\"og:image:type\" content=\"image\/jpeg\" \/>\n<meta name=\"twitter:card\" content=\"summary_large_image\" \/>\n<meta name=\"twitter:label1\" content=\"Pre\u021b\" \/>\n\t<meta name=\"twitter:data1\" content=\"385&nbsp;MDL\" \/>\n\t<meta name=\"twitter:label2\" content=\"Disponibilitate\" \/>\n\t<meta name=\"twitter:data2\" content=\"\u00cen stoc\" \/>\n<script type=\"application\/ld+json\" class=\"yoast-schema-graph\">{\"@context\":\"https:\/\/schema.org\",\"@graph\":[{\"@type\":\"WebPage\",\"@id\":\"https:\/\/xstyle.md\/product\/karabin-petzl-attache-screw-lock-yellow\/\",\"url\":\"https:\/\/xstyle.md\/product\/karabin-petzl-attache-screw-lock-yellow\/\",\"name\":\"\u041a\u0430\u0440\u0430\u0431\u0438\u043d Petzl Attache Screw Lock yellow - \u041c\u0430\u0433\u0430\u0437\u0438\u043d Xstyle\",\"isPartOf\":{\"@id\":\"https:\/\/xstyle.md\/#website\"},\"primaryImageOfPage\":{\"@id\":\"https:\/\/xstyle.md\/product\/karabin-petzl-attache-screw-lock-yellow\/#primaryimage\"},\"image\":{\"@id\":\"https:\/\/xstyle.md\/product\/karabin-petzl-attache-screw-lock-yellow\/#primaryimage\"},\"thumbnailUrl\":\"https:\/\/xstyle.md\/wp-content\/uploads\/2024\/07\/petzl-attache-screw-lock-yellow.jpg\",\"datePublished\":\"2024-07-15T06:47:12+00:00\",\"dateModified\":\"2026-04-07T12:06:19+00:00\",\"description\":\"\u041a\u0430\u0440\u0430\u0431\u0438\u043d Petzl Attache Screw Lock \u0436\u0435\u043b\u0442\u043e\u0433\u043e \u0446\u0432\u0435\u0442\u0430 \u0441 \u0437\u0430\u043c\u043a\u043e\u043c, \u043b\u0435\u0433\u043a\u0438\u0439 \u0438 \u043a\u043e\u043c\u043f\u0430\u043a\u0442\u043d\u044b\u0439, \u0438\u0434\u0435\u0430\u043b\u044c\u043d\u043e \u043f\u043e\u0434\u0445\u043e\u0434\u0438\u0442 \u0434\u043b\u044f \u0440\u0430\u0437\u043b\u0438\u0447\u043d\u044b\u0445 \u0437\u0430\u0434\u0430\u0447 \u0431\u0435\u0437\u043e\u043f\u0430\u0441\u043d\u043e\u0441\u0442\u0438. \u0423\u0437\u043d\u0430\u0439\u0442\u0435 \u0431\u043e\u043b\u044c\u0448\u0435 \u043e \u043a\u0430\u0447\u0435\u0441\u0442\u0432\u0435 Petzl!\",\"breadcrumb\":{\"@id\":\"https:\/\/xstyle.md\/product\/karabin-petzl-attache-screw-lock-yellow\/#breadcrumb\"},\"inLanguage\":\"ro-RO\",\"potentialAction\":[{\"@type\":\"ReadAction\",\"target\":[\"https:\/\/xstyle.md\/product\/karabin-petzl-attache-screw-lock-yellow\/\"]}]},{\"@type\":\"ImageObject\",\"inLanguage\":\"ro-RO\",\"@id\":\"https:\/\/xstyle.md\/product\/karabin-petzl-attache-screw-lock-yellow\/#primaryimage\",\"url\":\"https:\/\/xstyle.md\/wp-content\/uploads\/2024\/07\/petzl-attache-screw-lock-yellow.jpg\",\"contentUrl\":\"https:\/\/xstyle.md\/wp-content\/uploads\/2024\/07\/petzl-attache-screw-lock-yellow.jpg\",\"width\":1182,\"height\":1200,\"caption\":\"\u041a\u0430\u0440\u0430\u0431\u0438\u043d Petzl Attache Screw Lock \u0436\u0435\u043b\u0442\u044b\u0439 \u0434\u043b\u044f \u0430\u043a\u0442\u0438\u0432\u043d\u043e\u0433\u043e \u043e\u0442\u0434\u044b\u0445\u0430 \u0442\u0443\u0440\u0438\u0437\u043c\u0430 \u0441\u043a\u0430\u043b\u043e\u043b\u0430\u0437\u0430\u043d\u0438\u044f \u0430\u043a\u0442\u0438\u0432\u043d\u043e\u0439 \u0436\u0438\u0437\u043d\u0438 \u0438 \u0441\u043d\u0430\u0440\u044f\u0436\u0435\u043d\u0438\u044f \u0434\u043b\u044f \u043f\u043e\u0445\u043e\u0434\u043e\u0432 \u0438 \u0430\u043b\u044c\u043f\u0438\u043d\u0438\u0437\u043c\u0430\"},{\"@type\":\"BreadcrumbList\",\"@id\":\"https:\/\/xstyle.md\/product\/karabin-petzl-attache-screw-lock-yellow\/#breadcrumb\",\"itemListElement\":[{\"@type\":\"ListItem\",\"position\":1,\"name\":\"\u0413\u043b\u0430\u0432\u043d\u0430\u044f \u0441\u0442\u0440\u0430\u043d\u0438\u0446\u0430\",\"item\":\"https:\/\/xstyle.md\/\"},{\"@type\":\"ListItem\",\"position\":2,\"name\":\"\u041c\u0430\u0433\u0430\u0437\u0438\u043d\",\"item\":\"https:\/\/xstyle.md\/shop\/\"},{\"@type\":\"ListItem\",\"position\":3,\"name\":\"\u041a\u0430\u0440\u0430\u0431\u0438\u043d Petzl Attache Screw Lock yellow\"}]},{\"@type\":\"WebSite\",\"@id\":\"https:\/\/xstyle.md\/#website\",\"url\":\"https:\/\/xstyle.md\/\",\"name\":\"\u041c\u0430\u0433\u0430\u0437\u0438\u043d Xstyle\",\"description\":\"C\u043d\u0430\u0440\u044f\u0436\u0435\u043d\u0438\u0435 \u0434\u043b\u044f \u0442\u0443\u0440\u0438\u0437\u043c\u0430 \u0438 \u044d\u043a\u0441\u0442\u0440\u0435\u043c\u0430\u043b\u044c\u043d\u044b\u0445 \u0432\u0438\u0434\u043e\u0432 \u0441\u043f\u043e\u0440\u0442\u0430 \u0432 \u041c\u043e\u043b\u0434\u043e\u0432\u0435.. \u0426\u0435\u043d\u044b, \u0444\u043e\u0442\u043e, \u0445\u0430\u0440\u0430\u043a\u0442\u0435\u0440\u0438\u0441\u0442\u0438\u043a\u0438 \u0432 \u041c\u043e\u043b\u0434\u043e\u0432\u0435.\",\"publisher\":{\"@id\":\"https:\/\/xstyle.md\/#organization\"},\"alternateName\":\"X-Style\",\"potentialAction\":[{\"@type\":\"SearchAction\",\"target\":{\"@type\":\"EntryPoint\",\"urlTemplate\":\"https:\/\/xstyle.md\/?s={search_term_string}\"},\"query-input\":{\"@type\":\"PropertyValueSpecification\",\"valueRequired\":true,\"valueName\":\"search_term_string\"}}],\"inLanguage\":\"ro-RO\"},{\"@type\":\"Organization\",\"@id\":\"https:\/\/xstyle.md\/#organization\",\"name\":\"\u041c\u0430\u0433\u0430\u0437\u0438\u043d Xstyle\",\"alternateName\":\"x-style\",\"url\":\"https:\/\/xstyle.md\/\",\"logo\":{\"@type\":\"ImageObject\",\"inLanguage\":\"ro-RO\",\"@id\":\"https:\/\/xstyle.md\/#\/schema\/logo\/image\/\",\"url\":\"https:\/\/xstyle.md\/wp-content\/uploads\/2020\/06\/logoicon.svg\",\"contentUrl\":\"https:\/\/xstyle.md\/wp-content\/uploads\/2020\/06\/logoicon.svg\",\"caption\":\"\u041c\u0430\u0433\u0430\u0437\u0438\u043d Xstyle\"},\"image\":{\"@id\":\"https:\/\/xstyle.md\/#\/schema\/logo\/image\/\"},\"sameAs\":[\"https:\/\/www.facebook.com\/xstylemd\",\"https:\/\/www.instagram.com\/xstyle_md\/\",\"https:\/\/t.me\/xstyle_outdoor\"],\"hasMerchantReturnPolicy\":{\"@type\":\"MerchantReturnPolicy\",\"merchantReturnLink\":\"https:\/\/xstyle.md\/ro\/conditions\/\"}}]}<\/script>\n<meta property=\"product:price:amount\" content=\"385.00\" \/>\n<meta property=\"product:price:currency\" content=\"MDL\" \/>\n<meta property=\"og:availability\" content=\"instock\" \/>\n<meta property=\"product:availability\" content=\"instock\" \/>\n<meta property=\"product:retailer_item_id\" content=\"3342540842762\" \/>\n<meta property=\"product:condition\" content=\"new\" \/>\n<!-- \/ Yoast SEO plugin. -->","yoast_head_json":{"title":"Carabinier\u0103 Petzl Attache Screw Lock yellow - Magazin Xstyle","description":"Carabinierul Petzl Attache Screw Lock de culoare galben\u0103 cu z\u0103voare, u\u0219or \u0219i compact, este perfect pentru diverse sarcini de siguran\u021b\u0103. Afla\u021bi mai multe despre calitatea Petzl!","robots":{"index":"index","follow":"follow","max-snippet":"max-snippet:-1","max-image-preview":"max-image-preview:large","max-video-preview":"max-video-preview:-1"},"canonical":"https:\/\/xstyle.md\/ro\/produs\/karabin-petzl-attache-screw-lock-yellow\/","og_locale":"ro_RO","og_type":"article","og_title":"\u041a\u0430\u0440\u0430\u0431\u0438\u043d Petzl Attache Screw Lock yellow - \u041c\u0430\u0433\u0430\u0437\u0438\u043d Xstyle","og_description":"\u041a\u0430\u0440\u0430\u0431\u0438\u043d Petzl Attache Screw Lock \u0436\u0435\u043b\u0442\u043e\u0433\u043e \u0446\u0432\u0435\u0442\u0430 \u0441 \u0437\u0430\u043c\u043a\u043e\u043c, \u043b\u0435\u0433\u043a\u0438\u0439 \u0438 \u043a\u043e\u043c\u043f\u0430\u043a\u0442\u043d\u044b\u0439, \u0438\u0434\u0435\u0430\u043b\u044c\u043d\u043e \u043f\u043e\u0434\u0445\u043e\u0434\u0438\u0442 \u0434\u043b\u044f \u0440\u0430\u0437\u043b\u0438\u0447\u043d\u044b\u0445 \u0437\u0430\u0434\u0430\u0447 \u0431\u0435\u0437\u043e\u043f\u0430\u0441\u043d\u043e\u0441\u0442\u0438. \u0423\u0437\u043d\u0430\u0439\u0442\u0435 \u0431\u043e\u043b\u044c\u0448\u0435 \u043e \u043a\u0430\u0447\u0435\u0441\u0442\u0432\u0435 Petzl!","og_url":"https:\/\/xstyle.md\/ro\/produs\/karabin-petzl-attache-screw-lock-yellow\/","og_site_name":"\u041c\u0430\u0433\u0430\u0437\u0438\u043d Xstyle","article_publisher":"https:\/\/www.facebook.com\/xstylemd","article_modified_time":"2026-04-07T12:06:19+00:00","og_image":[{"width":1182,"height":1200,"url":"https:\/\/xstyle.md\/wp-content\/uploads\/2024\/07\/petzl-attache-screw-lock-yellow.jpg","type":"image\/jpeg"}],"twitter_card":"summary_large_image","twitter_misc":{"Pre\u021b":"385&nbsp;MDL","Disponibilitate":"\u00cen stoc"},"schema":{"@context":"https:\/\/schema.org","@graph":[{"@type":"WebPage","@id":"https:\/\/xstyle.md\/product\/karabin-petzl-attache-screw-lock-yellow\/","url":"https:\/\/xstyle.md\/product\/karabin-petzl-attache-screw-lock-yellow\/","name":"Carabinier\u0103 Petzl Attache Screw Lock yellow - Magazin Xstyle","isPartOf":{"@id":"https:\/\/xstyle.md\/#website"},"primaryImageOfPage":{"@id":"https:\/\/xstyle.md\/product\/karabin-petzl-attache-screw-lock-yellow\/#primaryimage"},"image":{"@id":"https:\/\/xstyle.md\/product\/karabin-petzl-attache-screw-lock-yellow\/#primaryimage"},"thumbnailUrl":"https:\/\/xstyle.md\/wp-content\/uploads\/2024\/07\/petzl-attache-screw-lock-yellow.jpg","datePublished":"2024-07-15T06:47:12+00:00","dateModified":"2026-04-07T12:06:19+00:00","description":"Carabinierul Petzl Attache Screw Lock de culoare galben\u0103 cu z\u0103voare, u\u0219or \u0219i compact, este perfect pentru diverse sarcini de siguran\u021b\u0103. Afla\u021bi mai multe despre calitatea Petzl!","breadcrumb":{"@id":"https:\/\/xstyle.md\/product\/karabin-petzl-attache-screw-lock-yellow\/#breadcrumb"},"inLanguage":"ro-RO","potentialAction":[{"@type":"ReadAction","target":["https:\/\/xstyle.md\/product\/karabin-petzl-attache-screw-lock-yellow\/"]}]},{"@type":"ImageObject","inLanguage":"ro-RO","@id":"https:\/\/xstyle.md\/product\/karabin-petzl-attache-screw-lock-yellow\/#primaryimage","url":"https:\/\/xstyle.md\/wp-content\/uploads\/2024\/07\/petzl-attache-screw-lock-yellow.jpg","contentUrl":"https:\/\/xstyle.md\/wp-content\/uploads\/2024\/07\/petzl-attache-screw-lock-yellow.jpg","width":1182,"height":1200,"caption":"\u041a\u0430\u0440\u0430\u0431\u0438\u043d Petzl Attache Screw Lock \u0436\u0435\u043b\u0442\u044b\u0439 \u0434\u043b\u044f \u0430\u043a\u0442\u0438\u0432\u043d\u043e\u0433\u043e \u043e\u0442\u0434\u044b\u0445\u0430 \u0442\u0443\u0440\u0438\u0437\u043c\u0430 \u0441\u043a\u0430\u043b\u043e\u043b\u0430\u0437\u0430\u043d\u0438\u044f \u0430\u043a\u0442\u0438\u0432\u043d\u043e\u0439 \u0436\u0438\u0437\u043d\u0438 \u0438 \u0441\u043d\u0430\u0440\u044f\u0436\u0435\u043d\u0438\u044f \u0434\u043b\u044f \u043f\u043e\u0445\u043e\u0434\u043e\u0432 \u0438 \u0430\u043b\u044c\u043f\u0438\u043d\u0438\u0437\u043c\u0430"},{"@type":"BreadcrumbList","@id":"https:\/\/xstyle.md\/product\/karabin-petzl-attache-screw-lock-yellow\/#breadcrumb","itemListElement":[{"@type":"ListItem","position":1,"name":"\u0413\u043b\u0430\u0432\u043d\u0430\u044f \u0441\u0442\u0440\u0430\u043d\u0438\u0446\u0430","item":"https:\/\/xstyle.md\/"},{"@type":"ListItem","position":2,"name":"\u041c\u0430\u0433\u0430\u0437\u0438\u043d","item":"https:\/\/xstyle.md\/shop\/"},{"@type":"ListItem","position":3,"name":"\u041a\u0430\u0440\u0430\u0431\u0438\u043d Petzl Attache Screw Lock yellow"}]},{"@type":"WebSite","@id":"https:\/\/xstyle.md\/#website","url":"https:\/\/xstyle.md\/","name":"Magazinul X-Style","description":"Echipamente pentru turism \u0219i sporturi extreme \u00een Moldova. Pre\u021buri, fotografii, caracteristici \u00een Moldova.","publisher":{"@id":"https:\/\/xstyle.md\/#organization"},"alternateName":"X-Style","potentialAction":[{"@type":"SearchAction","target":{"@type":"EntryPoint","urlTemplate":"https:\/\/xstyle.md\/?s={search_term_string}"},"query-input":{"@type":"PropertyValueSpecification","valueRequired":true,"valueName":"search_term_string"}}],"inLanguage":"ro-RO"},{"@type":"Organization","@id":"https:\/\/xstyle.md\/#organization","name":"Magazinul X-Style","alternateName":"x-style","url":"https:\/\/xstyle.md\/","logo":{"@type":"ImageObject","inLanguage":"ro-RO","@id":"https:\/\/xstyle.md\/#\/schema\/logo\/image\/","url":"https:\/\/xstyle.md\/wp-content\/uploads\/2020\/06\/logoicon.svg","contentUrl":"https:\/\/xstyle.md\/wp-content\/uploads\/2020\/06\/logoicon.svg","caption":"\u041c\u0430\u0433\u0430\u0437\u0438\u043d Xstyle"},"image":{"@id":"https:\/\/xstyle.md\/#\/schema\/logo\/image\/"},"sameAs":["https:\/\/www.facebook.com\/xstylemd","https:\/\/www.instagram.com\/xstyle_md\/","https:\/\/t.me\/xstyle_outdoor"],"hasMerchantReturnPolicy":{"@type":"MerchantReturnPolicy","merchantReturnLink":"https:\/\/xstyle.md\/ro\/conditions\/"}}]},"product_price_amount":"385.00","product_price_currency":"MDL","og_availability":"instock","product_availability":"instock","product_retailer_item_id":"3342540842762","product_condition":"new"},"post_mailing_queue_ids":[],"_links":{"self":[{"href":"https:\/\/xstyle.md\/ro\/wp-json\/wp\/v2\/product\/85536","targetHints":{"allow":["GET"]}}],"collection":[{"href":"https:\/\/xstyle.md\/ro\/wp-json\/wp\/v2\/product"}],"about":[{"href":"https:\/\/xstyle.md\/ro\/wp-json\/wp\/v2\/types\/product"}],"replies":[{"embeddable":true,"href":"https:\/\/xstyle.md\/ro\/wp-json\/wp\/v2\/comments?post=85536"}],"wp:featuredmedia":[{"embeddable":true,"href":"https:\/\/xstyle.md\/ro\/wp-json\/wp\/v2\/media\/86324"}],"wp:attachment":[{"href":"https:\/\/xstyle.md\/ro\/wp-json\/wp\/v2\/media?parent=85536"}],"wp:term":[{"taxonomy":"product_brand","embeddable":true,"href":"https:\/\/xstyle.md\/ro\/wp-json\/wp\/v2\/product_brand?post=85536"},{"taxonomy":"product_cat","embeddable":true,"href":"https:\/\/xstyle.md\/ro\/wp-json\/wp\/v2\/product_cat?post=85536"},{"taxonomy":"product_tag","embeddable":true,"href":"https:\/\/xstyle.md\/ro\/wp-json\/wp\/v2\/product_tag?post=85536"}],"curies":[{"name":"wp","href":"https:\/\/api.w.org\/{rel}","templated":true}]}}