{"id":85519,"date":"2024-07-15T09:47:09","date_gmt":"2024-07-15T06:47:09","guid":{"rendered":"https:\/\/xstyle.md\/?post_type=product&#038;p=85519"},"modified":"2025-12-18T17:17:27","modified_gmt":"2025-12-18T14:17:27","slug":"ochki-julbo-slack-noir-crystal-sp3","status":"publish","type":"product","link":"https:\/\/xstyle.md\/ro\/produs\/ochki-julbo-slack-noir-crystal-sp3\/","title":{"rendered":"Ochelari Julbo Slack Noir\/Crystal SP3+"},"content":{"rendered":"<p><strong>Julbo Slack Noir\/Crystal SP3+<\/strong> &#8212; \u0441\u043c\u0435\u043b\u044b\u0435, \u0441\u0442\u0438\u043b\u044c\u043d\u044b\u0435 \u0438 \u0434\u043e\u0441\u0442\u0430\u0442\u043e\u0447\u043d\u043e \u0443\u043d\u0438\u0432\u0435\u0440\u0441\u0430\u043b\u044c\u043d\u044b\u0435, \u0447\u0442\u043e\u0431\u044b \u043f\u043e\u0434\u0445\u043e\u0434\u0438\u0442\u044c \u0434\u043b\u044f \u043b\u044e\u0431\u044b\u0445 \u0441\u0438\u0442\u0443\u0430\u0446\u0438\u0439. \u041b\u0435\u0433\u043a\u0438\u0435 \u0438 \u043e\u0447\u0435\u043d\u044c \u0443\u0434\u043e\u0431\u043d\u044b\u0435, \u043e\u043d\u0438 \u043e\u0441\u043d\u0430\u0449\u0435\u043d\u044b \u0434\u0432\u043e\u0439\u043d\u043e\u0439 \u043c\u043e\u0441\u0442\u043e\u0432\u043e\u0439 \u043a\u043e\u043d\u0441\u0442\u0440\u0443\u043a\u0446\u0438\u0435\u0439, \u043a\u043e\u0442\u043e\u0440\u0430\u044f \u0441\u043e\u0447\u0435\u0442\u0430\u0435\u0442 \u0434\u0435\u0440\u0437\u043a\u0438\u0439 \u0434\u0438\u0437\u0430\u0439\u043d \u0441 \u043f\u0440\u043e\u0447\u043d\u043e\u0441\u0442\u044c\u044e. \u0414\u043e\u0441\u0442\u0443\u043f\u043d\u044b \u0442\u0440\u0438 \u0432\u0430\u0440\u0438\u0430\u043d\u0442\u0430 \u043b\u0438\u043d\u0437, \u0432\u043a\u043b\u044e\u0447\u0430\u044f Spectron HD \u2014 \u043f\u043e\u043b\u044f\u0440\u0438\u0437\u043e\u0432\u0430\u043d\u043d\u0443\u044e \u043b\u0438\u043d\u0437\u0443 \u0441 \u0432\u044b\u0441\u043e\u043a\u0438\u043c \u0440\u0430\u0437\u0440\u0435\u0448\u0435\u043d\u0438\u0435\u043c, \u043a\u043e\u0442\u043e\u0440\u0430\u044f \u0443\u043b\u0443\u0447\u0448\u0430\u0435\u0442 \u0434\u0435\u0442\u0430\u043b\u0438\u0437\u0430\u0446\u0438\u044e, \u043a\u043e\u043d\u0442\u0440\u0430\u0441\u0442\u043d\u043e\u0441\u0442\u044c \u0438 \u0446\u0432\u0435\u0442\u043e\u043f\u0435\u0440\u0435\u0434\u0430\u0447\u0443, \u0441\u043d\u0438\u0436\u0430\u044f \u0443\u0441\u0442\u0430\u043b\u043e\u0441\u0442\u044c \u0433\u043b\u0430\u0437 \u0438 \u043e\u0431\u0435\u0441\u043f\u0435\u0447\u0438\u0432\u0430\u044f \u043a\u043e\u043c\u0444\u043e\u0440\u0442 \u0432 \u0442\u0435\u0447\u0435\u043d\u0438\u0435 \u0432\u0441\u0435\u0433\u043e \u0434\u043d\u044f. \u0422\u0430\u043a\u0436\u0435 \u0434\u043e\u0441\u0442\u0443\u043f\u043d\u044b \u0432\u0430\u0440\u0438\u0430\u043d\u0442\u044b \u043b\u0438\u043d\u0437 Spectron 3 \u0438 Spectron 3 Polarized. \u041c\u043e\u0434\u0435\u043b\u044c \u0440\u0430\u0437\u0440\u0430\u0431\u043e\u0442\u0430\u043d\u0430 \u0434\u043b\u044f \u043e\u0431\u043b\u0430\u0434\u0430\u0442\u0435\u043b\u0435\u0439 \u0431\u043e\u043b\u0435\u0435 \u0448\u0438\u0440\u043e\u043a\u0438\u0445 \u043b\u0438\u0446.<\/p>\n<h3>Caracteristici<\/h3>\n<ul>\n<li>\u041b\u0438\u043d\u0437\u0430 \u2013 Spectron 3<\/li>\n<li>\u041a\u0430\u0442\u0435\u0433\u043e\u0440\u0438\u044f \u0437\u0430\u0449\u0438\u0442\u044b: 3 (12% \u0441\u0432\u0435\u0442\u043e\u043f\u0440\u043e\u043f\u0443\u0441\u043a\u0430\u043d\u0438\u044f)<\/li>\n<li>\u0428\u0438\u0440\u0438\u043d\u0430 \u043b\u0438\u043d\u0437\u044b \u2013\u00a0 52 \u043c\u043c<\/li>\n<li>\u0414\u043b\u0438\u043d\u0430 \u0434\u0443\u0436\u0435\u043a \u2013 135 \u043c\u043c<\/li>\n<li>\u041f\u0435\u0440\u0435\u043d\u043e\u0441\u0438\u0446\u0430 \u2013 20 \u043c\u043c<\/li>\n<li>\u041d\u0430\u0437\u043d\u0430\u0447\u0435\u043d\u0438\u0435 \u2013 \u0430\u043a\u0442\u0438\u0432\u043d\u044b\u0439 \u043e\u0442\u0434\u044b\u0445\/ \u0433\u043e\u0440\u043e\u0434\/ \u0442\u0443\u0440\u0438\u0437\u043c<\/li>\n<li>Modelul este unisex<\/li>\n<\/ul>\n<h3>Marca<\/h3>\n<p>Julbo - este un brand francez de renume mondial care produce ochelari de sport de \u00eenalt\u0103 calitate, ochelari de protec\u021bie pentru sporturi nautice, alpinism la mare altitudine, m\u0103\u0219ti pentru sporturi de iarn\u0103, c\u0103\u0219ti de schi \u0219i multe altele. Istoria companiei dateaz\u0103 de mai bine de 130 de ani, iar \u00een acest timp a evoluat de la o mic\u0103 firm\u0103 de familie la un juc\u0103tor important pe pia\u021ba mondial\u0103. Julbo a devenit un adev\u0103rat expert \u0219i un punct de referin\u021b\u0103 \u00een dezvoltarea opticii pentru condi\u021bii extreme. Anii de experien\u021b\u0103 acumulat\u0103, tehnologia inovatoare \u0219i colaborarea cu sportivii au avut ca rezultat o gam\u0103 larg\u0103 de produse care au devenit foarte populare \u00een \u00eentreaga lume.<\/p>","protected":false},"excerpt":{"rendered":"<p>Julbo Slack Noir\/Crystal SP3+ &#8212; \u0441\u043c\u0435\u043b\u044b\u0435, \u0441\u0442\u0438\u043b\u044c\u043d\u044b\u0435 \u0438 \u0434\u043e\u0441\u0442\u0430\u0442\u043e\u0447\u043d\u043e \u0443\u043d\u0438\u0432\u0435\u0440\u0441\u0430\u043b\u044c\u043d\u044b\u0435, \u0447\u0442\u043e\u0431\u044b \u043f\u043e\u0434\u0445\u043e\u0434\u0438\u0442\u044c \u0434\u043b\u044f \u043b\u044e\u0431\u044b\u0445 \u0441\u0438\u0442\u0443\u0430\u0446\u0438\u0439. \u041b\u0435\u0433\u043a\u0438\u0435 \u0438 \u043e\u0447\u0435\u043d\u044c \u0443\u0434\u043e\u0431\u043d\u044b\u0435, \u043e\u043d\u0438 \u043e\u0441\u043d\u0430\u0449\u0435\u043d\u044b \u0434\u0432\u043e\u0439\u043d\u043e\u0439 \u043c\u043e\u0441\u0442\u043e\u0432\u043e\u0439 \u043a\u043e\u043d\u0441\u0442\u0440\u0443\u043a\u0446\u0438\u0435\u0439, \u043a\u043e\u0442\u043e\u0440\u0430\u044f \u0441\u043e\u0447\u0435\u0442\u0430\u0435\u0442 \u0434\u0435\u0440\u0437\u043a\u0438\u0439 \u0434\u0438\u0437\u0430\u0439\u043d \u0441 \u043f\u0440\u043e\u0447\u043d\u043e\u0441\u0442\u044c\u044e. \u0414\u043e\u0441\u0442\u0443\u043f\u043d\u044b \u0442\u0440\u0438 \u0432\u0430\u0440\u0438\u0430\u043d\u0442\u0430 \u043b\u0438\u043d\u0437, \u0432\u043a\u043b\u044e\u0447\u0430\u044f Spectron HD \u2014 \u043f\u043e\u043b\u044f\u0440\u0438\u0437\u043e\u0432\u0430\u043d\u043d\u0443\u044e \u043b\u0438\u043d\u0437\u0443 \u0441 \u0432\u044b\u0441\u043e\u043a\u0438\u043c \u0440\u0430\u0437\u0440\u0435\u0448\u0435\u043d\u0438\u0435\u043c, \u043a\u043e\u0442\u043e\u0440\u0430\u044f \u0443\u043b\u0443\u0447\u0448\u0430\u0435\u0442 \u0434\u0435\u0442\u0430\u043b\u0438\u0437\u0430\u0446\u0438\u044e, \u043a\u043e\u043d\u0442\u0440\u0430\u0441\u0442\u043d\u043e\u0441\u0442\u044c \u0438 \u0446\u0432\u0435\u0442\u043e\u043f\u0435\u0440\u0435\u0434\u0430\u0447\u0443, \u0441\u043d\u0438\u0436\u0430\u044f \u0443\u0441\u0442\u0430\u043b\u043e\u0441\u0442\u044c \u0433\u043b\u0430\u0437 \u0438 \u043e\u0431\u0435\u0441\u043f\u0435\u0447\u0438\u0432\u0430\u044f \u043a\u043e\u043c\u0444\u043e\u0440\u0442 [&hellip;]<\/p>\n","protected":false},"featured_media":87199,"comment_status":"open","ping_status":"closed","template":"","meta":{"_acf_changed":false,"inline_featured_image":false},"product_brand":[1294],"product_cat":[238],"product_tag":[],"class_list":{"0":"post-85519","1":"product","2":"type-product","3":"status-publish","4":"has-post-thumbnail","6":"product_brand-julbo","7":"product_cat-sunglasses-julbo","9":"first","10":"instock","11":"shipping-taxable","12":"purchasable","13":"product-type-simple"},"acf":[],"yoast_head":"<!-- This site is optimized with the Yoast SEO plugin v27.2 - https:\/\/yoast.com\/product\/yoast-seo-wordpress\/ -->\n<title>\u041e\u0447\u043a\u0438 Julbo Slack Noir\/Crystal SP3+ - \u041c\u0430\u0433\u0430\u0437\u0438\u043d Xstyle<\/title>\n<meta name=\"description\" content=\"\u041a\u0443\u043f\u0438\u0442\u0435 \u043e\u0447\u043a\u0438 Julbo Slack Noir\/Crystal SP3+ \u2014 \u0441\u0442\u0438\u043b\u044c\u043d\u044b\u0435 \u0438 \u0437\u0430\u0449\u0438\u0442\u043d\u044b\u0435. \u0418\u0434\u0435\u0430\u043b\u044c\u043d\u044b \u0434\u043b\u044f \u0430\u043a\u0442\u0438\u0432\u043d\u043e\u0433\u043e \u043e\u0442\u0434\u044b\u0445\u0430! \u0423\u043b\u044c\u0442\u0440\u0430\u0444\u0438\u043e\u043b\u0435\u0442\u043e\u0432\u0430\u044f \u0437\u0430\u0449\u0438\u0442\u0430 \u0438 \u043f\u043e\u043b\u044f\u0440\u0438\u0437\u0430\u0446\u0438\u044f.\" \/>\n<meta name=\"robots\" content=\"index, follow, max-snippet:-1, max-image-preview:large, max-video-preview:-1\" \/>\n<link rel=\"canonical\" href=\"https:\/\/xstyle.md\/ro\/produs\/ochki-julbo-slack-noir-crystal-sp3\/\" \/>\n<meta property=\"og:locale\" content=\"ro_RO\" \/>\n<meta property=\"og:type\" content=\"article\" \/>\n<meta property=\"og:title\" content=\"\u041e\u0447\u043a\u0438 Julbo Slack Noir\/Crystal SP3+ - \u041c\u0430\u0433\u0430\u0437\u0438\u043d Xstyle\" \/>\n<meta property=\"og:description\" content=\"\u041a\u0443\u043f\u0438\u0442\u0435 \u043e\u0447\u043a\u0438 Julbo Slack Noir\/Crystal SP3+ \u2014 \u0441\u0442\u0438\u043b\u044c\u043d\u044b\u0435 \u0438 \u0437\u0430\u0449\u0438\u0442\u043d\u044b\u0435. \u0418\u0434\u0435\u0430\u043b\u044c\u043d\u044b \u0434\u043b\u044f \u0430\u043a\u0442\u0438\u0432\u043d\u043e\u0433\u043e \u043e\u0442\u0434\u044b\u0445\u0430! \u0423\u043b\u044c\u0442\u0440\u0430\u0444\u0438\u043e\u043b\u0435\u0442\u043e\u0432\u0430\u044f \u0437\u0430\u0449\u0438\u0442\u0430 \u0438 \u043f\u043e\u043b\u044f\u0440\u0438\u0437\u0430\u0446\u0438\u044f.\" \/>\n<meta property=\"og:url\" content=\"https:\/\/xstyle.md\/ro\/produs\/ochki-julbo-slack-noir-crystal-sp3\/\" \/>\n<meta property=\"og:site_name\" content=\"\u041c\u0430\u0433\u0430\u0437\u0438\u043d Xstyle\" \/>\n<meta property=\"article:publisher\" content=\"https:\/\/www.facebook.com\/xstylemd\" \/>\n<meta property=\"article:modified_time\" content=\"2025-12-18T14:17:27+00:00\" \/>\n<meta property=\"og:image\" content=\"https:\/\/xstyle.md\/wp-content\/uploads\/2024\/07\/julbo-slack-noir-crystal-sp3.jpg\" \/>\n\t<meta property=\"og:image:width\" content=\"1946\" \/>\n\t<meta property=\"og:image:height\" content=\"1946\" \/>\n\t<meta property=\"og:image:type\" content=\"image\/jpeg\" \/>\n<meta name=\"twitter:card\" content=\"summary_large_image\" \/>\n<meta name=\"twitter:label1\" content=\"Pre\u021b\" \/>\n\t<meta name=\"twitter:data1\" content=\"1.330&nbsp;MDL\" \/>\n\t<meta name=\"twitter:label2\" content=\"Disponibilitate\" \/>\n\t<meta name=\"twitter:data2\" content=\"\u00cen stoc\" \/>\n<script type=\"application\/ld+json\" class=\"yoast-schema-graph\">{\"@context\":\"https:\/\/schema.org\",\"@graph\":[{\"@type\":\"WebPage\",\"@id\":\"https:\/\/xstyle.md\/product\/ochki-julbo-slack-noir-crystal-sp3\/\",\"url\":\"https:\/\/xstyle.md\/product\/ochki-julbo-slack-noir-crystal-sp3\/\",\"name\":\"\u041e\u0447\u043a\u0438 Julbo Slack Noir\/Crystal SP3+ - \u041c\u0430\u0433\u0430\u0437\u0438\u043d Xstyle\",\"isPartOf\":{\"@id\":\"https:\/\/xstyle.md\/#website\"},\"primaryImageOfPage\":{\"@id\":\"https:\/\/xstyle.md\/product\/ochki-julbo-slack-noir-crystal-sp3\/#primaryimage\"},\"image\":{\"@id\":\"https:\/\/xstyle.md\/product\/ochki-julbo-slack-noir-crystal-sp3\/#primaryimage\"},\"thumbnailUrl\":\"https:\/\/xstyle.md\/wp-content\/uploads\/2024\/07\/julbo-slack-noir-crystal-sp3.jpg\",\"datePublished\":\"2024-07-15T06:47:09+00:00\",\"dateModified\":\"2025-12-18T14:17:27+00:00\",\"description\":\"\u041a\u0443\u043f\u0438\u0442\u0435 \u043e\u0447\u043a\u0438 Julbo Slack Noir\/Crystal SP3+ \u2014 \u0441\u0442\u0438\u043b\u044c\u043d\u044b\u0435 \u0438 \u0437\u0430\u0449\u0438\u0442\u043d\u044b\u0435. \u0418\u0434\u0435\u0430\u043b\u044c\u043d\u044b \u0434\u043b\u044f \u0430\u043a\u0442\u0438\u0432\u043d\u043e\u0433\u043e \u043e\u0442\u0434\u044b\u0445\u0430! \u0423\u043b\u044c\u0442\u0440\u0430\u0444\u0438\u043e\u043b\u0435\u0442\u043e\u0432\u0430\u044f \u0437\u0430\u0449\u0438\u0442\u0430 \u0438 \u043f\u043e\u043b\u044f\u0440\u0438\u0437\u0430\u0446\u0438\u044f.\",\"breadcrumb\":{\"@id\":\"https:\/\/xstyle.md\/product\/ochki-julbo-slack-noir-crystal-sp3\/#breadcrumb\"},\"inLanguage\":\"ro-RO\",\"potentialAction\":[{\"@type\":\"ReadAction\",\"target\":[\"https:\/\/xstyle.md\/product\/ochki-julbo-slack-noir-crystal-sp3\/\"]}]},{\"@type\":\"ImageObject\",\"inLanguage\":\"ro-RO\",\"@id\":\"https:\/\/xstyle.md\/product\/ochki-julbo-slack-noir-crystal-sp3\/#primaryimage\",\"url\":\"https:\/\/xstyle.md\/wp-content\/uploads\/2024\/07\/julbo-slack-noir-crystal-sp3.jpg\",\"contentUrl\":\"https:\/\/xstyle.md\/wp-content\/uploads\/2024\/07\/julbo-slack-noir-crystal-sp3.jpg\",\"width\":1946,\"height\":1946,\"caption\":\"\u0420\u0430\u043a\u0443\u0440\u0441\u043d\u043e\u0435 \u0444\u043e\u0442\u043e \u043e\u0447\u043a\u043e\u0432 Julbo Slack Noir\/Crystal \u0434\u043b\u044f \u0430\u043a\u0442\u0438\u0432\u043d\u043e\u0433\u043e \u043e\u0442\u0434\u044b\u0445\u0430, \u043f\u0443\u0442\u0435\u0448\u0435\u0441\u0442\u0432\u0438\u0439, \u0445\u0430\u0439\u043a\u0438\u043d\u0433\u0430 \u0438 \u0430\u043b\u044c\u043f\u0438\u043d\u0438\u0437\u043c\u0430 \u0434\u043b\u044f \u043e\u043d\u043b\u0430\u0439\u043d \u043c\u0430\u0433\u0430\u0437\u0438\u043d\u0430 \u0441\u043f\u043e\u0440\u0442\u0438\u0432\u043d\u043e\u0439 \u043e\u0434\u0435\u0436\u0434\u044b \u0438 \u043e\u0431\u0443\u0432\u0438\"},{\"@type\":\"BreadcrumbList\",\"@id\":\"https:\/\/xstyle.md\/product\/ochki-julbo-slack-noir-crystal-sp3\/#breadcrumb\",\"itemListElement\":[{\"@type\":\"ListItem\",\"position\":1,\"name\":\"\u0413\u043b\u0430\u0432\u043d\u0430\u044f \u0441\u0442\u0440\u0430\u043d\u0438\u0446\u0430\",\"item\":\"https:\/\/xstyle.md\/\"},{\"@type\":\"ListItem\",\"position\":2,\"name\":\"\u041c\u0430\u0433\u0430\u0437\u0438\u043d\",\"item\":\"https:\/\/xstyle.md\/shop\/\"},{\"@type\":\"ListItem\",\"position\":3,\"name\":\"\u041e\u0447\u043a\u0438 Julbo Slack Noir\/Crystal SP3+\"}]},{\"@type\":\"WebSite\",\"@id\":\"https:\/\/xstyle.md\/#website\",\"url\":\"https:\/\/xstyle.md\/\",\"name\":\"\u041c\u0430\u0433\u0430\u0437\u0438\u043d Xstyle\",\"description\":\"C\u043d\u0430\u0440\u044f\u0436\u0435\u043d\u0438\u0435 \u0434\u043b\u044f \u0442\u0443\u0440\u0438\u0437\u043c\u0430 \u0438 \u044d\u043a\u0441\u0442\u0440\u0435\u043c\u0430\u043b\u044c\u043d\u044b\u0445 \u0432\u0438\u0434\u043e\u0432 \u0441\u043f\u043e\u0440\u0442\u0430 \u0432 \u041c\u043e\u043b\u0434\u043e\u0432\u0435.. \u0426\u0435\u043d\u044b, \u0444\u043e\u0442\u043e, \u0445\u0430\u0440\u0430\u043a\u0442\u0435\u0440\u0438\u0441\u0442\u0438\u043a\u0438 \u0432 \u041c\u043e\u043b\u0434\u043e\u0432\u0435.\",\"publisher\":{\"@id\":\"https:\/\/xstyle.md\/#organization\"},\"alternateName\":\"X-Style\",\"potentialAction\":[{\"@type\":\"SearchAction\",\"target\":{\"@type\":\"EntryPoint\",\"urlTemplate\":\"https:\/\/xstyle.md\/?s={search_term_string}\"},\"query-input\":{\"@type\":\"PropertyValueSpecification\",\"valueRequired\":true,\"valueName\":\"search_term_string\"}}],\"inLanguage\":\"ro-RO\"},{\"@type\":\"Organization\",\"@id\":\"https:\/\/xstyle.md\/#organization\",\"name\":\"\u041c\u0430\u0433\u0430\u0437\u0438\u043d Xstyle\",\"alternateName\":\"x-style\",\"url\":\"https:\/\/xstyle.md\/\",\"logo\":{\"@type\":\"ImageObject\",\"inLanguage\":\"ro-RO\",\"@id\":\"https:\/\/xstyle.md\/#\/schema\/logo\/image\/\",\"url\":\"https:\/\/xstyle.md\/wp-content\/uploads\/2020\/06\/logoicon.svg\",\"contentUrl\":\"https:\/\/xstyle.md\/wp-content\/uploads\/2020\/06\/logoicon.svg\",\"caption\":\"\u041c\u0430\u0433\u0430\u0437\u0438\u043d Xstyle\"},\"image\":{\"@id\":\"https:\/\/xstyle.md\/#\/schema\/logo\/image\/\"},\"sameAs\":[\"https:\/\/www.facebook.com\/xstylemd\",\"https:\/\/www.instagram.com\/xstyle_md\/\",\"https:\/\/t.me\/xstyle_outdoor\"],\"hasMerchantReturnPolicy\":{\"@type\":\"MerchantReturnPolicy\",\"merchantReturnLink\":\"https:\/\/xstyle.md\/ro\/conditions\/\"}}]}<\/script>\n<meta property=\"product:price:amount\" content=\"1330.00\" \/>\n<meta property=\"product:price:currency\" content=\"MDL\" \/>\n<meta property=\"og:availability\" content=\"instock\" \/>\n<meta property=\"product:availability\" content=\"instock\" \/>\n<meta property=\"product:retailer_item_id\" content=\"3660576110991\" \/>\n<meta property=\"product:condition\" content=\"new\" \/>\n<!-- \/ Yoast SEO plugin. -->","yoast_head_json":{"title":"\u041e\u0447\u043a\u0438 Julbo Slack Noir\/Crystal SP3+ - Magazin Xstyle","description":"Cump\u0103ra\u021bi ochelari Julbo Slack Noir\/Crystal SP3+ \u2014 stilati \u0219i protectori. Ideali pentru activit\u0103\u021bi \u00een aer liber! Protec\u021bie ultraviolet\u0103 \u0219i polarizare.","robots":{"index":"index","follow":"follow","max-snippet":"max-snippet:-1","max-image-preview":"max-image-preview:large","max-video-preview":"max-video-preview:-1"},"canonical":"https:\/\/xstyle.md\/ro\/produs\/ochki-julbo-slack-noir-crystal-sp3\/","og_locale":"ro_RO","og_type":"article","og_title":"\u041e\u0447\u043a\u0438 Julbo Slack Noir\/Crystal SP3+ - \u041c\u0430\u0433\u0430\u0437\u0438\u043d Xstyle","og_description":"\u041a\u0443\u043f\u0438\u0442\u0435 \u043e\u0447\u043a\u0438 Julbo Slack Noir\/Crystal SP3+ \u2014 \u0441\u0442\u0438\u043b\u044c\u043d\u044b\u0435 \u0438 \u0437\u0430\u0449\u0438\u0442\u043d\u044b\u0435. \u0418\u0434\u0435\u0430\u043b\u044c\u043d\u044b \u0434\u043b\u044f \u0430\u043a\u0442\u0438\u0432\u043d\u043e\u0433\u043e \u043e\u0442\u0434\u044b\u0445\u0430! \u0423\u043b\u044c\u0442\u0440\u0430\u0444\u0438\u043e\u043b\u0435\u0442\u043e\u0432\u0430\u044f \u0437\u0430\u0449\u0438\u0442\u0430 \u0438 \u043f\u043e\u043b\u044f\u0440\u0438\u0437\u0430\u0446\u0438\u044f.","og_url":"https:\/\/xstyle.md\/ro\/produs\/ochki-julbo-slack-noir-crystal-sp3\/","og_site_name":"\u041c\u0430\u0433\u0430\u0437\u0438\u043d Xstyle","article_publisher":"https:\/\/www.facebook.com\/xstylemd","article_modified_time":"2025-12-18T14:17:27+00:00","og_image":[{"width":1946,"height":1946,"url":"https:\/\/xstyle.md\/wp-content\/uploads\/2024\/07\/julbo-slack-noir-crystal-sp3.jpg","type":"image\/jpeg"}],"twitter_card":"summary_large_image","twitter_misc":{"Pre\u021b":"1.330&nbsp;MDL","Disponibilitate":"\u00cen stoc"},"schema":{"@context":"https:\/\/schema.org","@graph":[{"@type":"WebPage","@id":"https:\/\/xstyle.md\/product\/ochki-julbo-slack-noir-crystal-sp3\/","url":"https:\/\/xstyle.md\/product\/ochki-julbo-slack-noir-crystal-sp3\/","name":"\u041e\u0447\u043a\u0438 Julbo Slack Noir\/Crystal SP3+ - Magazin Xstyle","isPartOf":{"@id":"https:\/\/xstyle.md\/#website"},"primaryImageOfPage":{"@id":"https:\/\/xstyle.md\/product\/ochki-julbo-slack-noir-crystal-sp3\/#primaryimage"},"image":{"@id":"https:\/\/xstyle.md\/product\/ochki-julbo-slack-noir-crystal-sp3\/#primaryimage"},"thumbnailUrl":"https:\/\/xstyle.md\/wp-content\/uploads\/2024\/07\/julbo-slack-noir-crystal-sp3.jpg","datePublished":"2024-07-15T06:47:09+00:00","dateModified":"2025-12-18T14:17:27+00:00","description":"Cump\u0103ra\u021bi ochelari Julbo Slack Noir\/Crystal SP3+ \u2014 stilati \u0219i protectori. Ideali pentru activit\u0103\u021bi \u00een aer liber! Protec\u021bie ultraviolet\u0103 \u0219i polarizare.","breadcrumb":{"@id":"https:\/\/xstyle.md\/product\/ochki-julbo-slack-noir-crystal-sp3\/#breadcrumb"},"inLanguage":"ro-RO","potentialAction":[{"@type":"ReadAction","target":["https:\/\/xstyle.md\/product\/ochki-julbo-slack-noir-crystal-sp3\/"]}]},{"@type":"ImageObject","inLanguage":"ro-RO","@id":"https:\/\/xstyle.md\/product\/ochki-julbo-slack-noir-crystal-sp3\/#primaryimage","url":"https:\/\/xstyle.md\/wp-content\/uploads\/2024\/07\/julbo-slack-noir-crystal-sp3.jpg","contentUrl":"https:\/\/xstyle.md\/wp-content\/uploads\/2024\/07\/julbo-slack-noir-crystal-sp3.jpg","width":1946,"height":1946,"caption":"\u0420\u0430\u043a\u0443\u0440\u0441\u043d\u043e\u0435 \u0444\u043e\u0442\u043e \u043e\u0447\u043a\u043e\u0432 Julbo Slack Noir\/Crystal \u0434\u043b\u044f \u0430\u043a\u0442\u0438\u0432\u043d\u043e\u0433\u043e \u043e\u0442\u0434\u044b\u0445\u0430, \u043f\u0443\u0442\u0435\u0448\u0435\u0441\u0442\u0432\u0438\u0439, \u0445\u0430\u0439\u043a\u0438\u043d\u0433\u0430 \u0438 \u0430\u043b\u044c\u043f\u0438\u043d\u0438\u0437\u043c\u0430 \u0434\u043b\u044f \u043e\u043d\u043b\u0430\u0439\u043d \u043c\u0430\u0433\u0430\u0437\u0438\u043d\u0430 \u0441\u043f\u043e\u0440\u0442\u0438\u0432\u043d\u043e\u0439 \u043e\u0434\u0435\u0436\u0434\u044b \u0438 \u043e\u0431\u0443\u0432\u0438"},{"@type":"BreadcrumbList","@id":"https:\/\/xstyle.md\/product\/ochki-julbo-slack-noir-crystal-sp3\/#breadcrumb","itemListElement":[{"@type":"ListItem","position":1,"name":"\u0413\u043b\u0430\u0432\u043d\u0430\u044f \u0441\u0442\u0440\u0430\u043d\u0438\u0446\u0430","item":"https:\/\/xstyle.md\/"},{"@type":"ListItem","position":2,"name":"\u041c\u0430\u0433\u0430\u0437\u0438\u043d","item":"https:\/\/xstyle.md\/shop\/"},{"@type":"ListItem","position":3,"name":"\u041e\u0447\u043a\u0438 Julbo Slack Noir\/Crystal SP3+"}]},{"@type":"WebSite","@id":"https:\/\/xstyle.md\/#website","url":"https:\/\/xstyle.md\/","name":"Magazinul X-Style","description":"Echipamente pentru turism \u0219i sporturi extreme \u00een Moldova. Pre\u021buri, fotografii, caracteristici \u00een Moldova.","publisher":{"@id":"https:\/\/xstyle.md\/#organization"},"alternateName":"X-Style","potentialAction":[{"@type":"SearchAction","target":{"@type":"EntryPoint","urlTemplate":"https:\/\/xstyle.md\/?s={search_term_string}"},"query-input":{"@type":"PropertyValueSpecification","valueRequired":true,"valueName":"search_term_string"}}],"inLanguage":"ro-RO"},{"@type":"Organization","@id":"https:\/\/xstyle.md\/#organization","name":"Magazinul X-Style","alternateName":"x-style","url":"https:\/\/xstyle.md\/","logo":{"@type":"ImageObject","inLanguage":"ro-RO","@id":"https:\/\/xstyle.md\/#\/schema\/logo\/image\/","url":"https:\/\/xstyle.md\/wp-content\/uploads\/2020\/06\/logoicon.svg","contentUrl":"https:\/\/xstyle.md\/wp-content\/uploads\/2020\/06\/logoicon.svg","caption":"\u041c\u0430\u0433\u0430\u0437\u0438\u043d Xstyle"},"image":{"@id":"https:\/\/xstyle.md\/#\/schema\/logo\/image\/"},"sameAs":["https:\/\/www.facebook.com\/xstylemd","https:\/\/www.instagram.com\/xstyle_md\/","https:\/\/t.me\/xstyle_outdoor"],"hasMerchantReturnPolicy":{"@type":"MerchantReturnPolicy","merchantReturnLink":"https:\/\/xstyle.md\/ro\/conditions\/"}}]},"product_price_amount":"1330.00","product_price_currency":"MDL","og_availability":"instock","product_availability":"instock","product_retailer_item_id":"3660576110991","product_condition":"new"},"post_mailing_queue_ids":[],"_links":{"self":[{"href":"https:\/\/xstyle.md\/ro\/wp-json\/wp\/v2\/product\/85519","targetHints":{"allow":["GET"]}}],"collection":[{"href":"https:\/\/xstyle.md\/ro\/wp-json\/wp\/v2\/product"}],"about":[{"href":"https:\/\/xstyle.md\/ro\/wp-json\/wp\/v2\/types\/product"}],"replies":[{"embeddable":true,"href":"https:\/\/xstyle.md\/ro\/wp-json\/wp\/v2\/comments?post=85519"}],"wp:featuredmedia":[{"embeddable":true,"href":"https:\/\/xstyle.md\/ro\/wp-json\/wp\/v2\/media\/87199"}],"wp:attachment":[{"href":"https:\/\/xstyle.md\/ro\/wp-json\/wp\/v2\/media?parent=85519"}],"wp:term":[{"taxonomy":"product_brand","embeddable":true,"href":"https:\/\/xstyle.md\/ro\/wp-json\/wp\/v2\/product_brand?post=85519"},{"taxonomy":"product_cat","embeddable":true,"href":"https:\/\/xstyle.md\/ro\/wp-json\/wp\/v2\/product_cat?post=85519"},{"taxonomy":"product_tag","embeddable":true,"href":"https:\/\/xstyle.md\/ro\/wp-json\/wp\/v2\/product_tag?post=85519"}],"curies":[{"name":"wp","href":"https:\/\/api.w.org\/{rel}","templated":true}]}}