{"id":85496,"date":"2024-07-15T09:47:01","date_gmt":"2024-07-15T06:47:01","guid":{"rendered":"https:\/\/xstyle.md\/?post_type=product&#038;p=85496"},"modified":"2025-07-28T19:04:33","modified_gmt":"2025-07-28T16:04:33","slug":"volanchiki-abisal-s-360-nylon-3","status":"publish","type":"product","link":"https:\/\/xstyle.md\/ro\/produs\/volanchiki-abisal-s-360-nylon-3\/","title":{"rendered":"Flutura\u015fi Abisal S-360 Nylon 3"},"content":{"rendered":"<\/p>\n<p><strong>Abisal S-360 Nylon 3<\/strong> &#8212; un set de flutura\u015fi sintetice cu o baz\u0103 realizat\u0103 din material EVA. Co\u0219ul sintetic, fabricat din PVC, asigur\u0103 o durabilitate ridicat\u0103 a volanului \u0219i garanteaz\u0103 o durat\u0103 de via\u021b\u0103 mai lung\u0103 \u00een compara\u021bie cu volanele din pan\u0103. Utilizarea materialului EVA pentru baz\u0103 asigur\u0103 o nivelare \u0219i un control excelent al zborului. S-360 este proiectat pentru a fi jucat at\u00e2t \u00een aer liber, c\u00e2t \u0219i \u00een interior.<\/p>\n<h3>Caracteristici<\/h3>\n<ul>\n<li>Co\u0219 &#8212; PVC<\/li>\n<li>Baz\u0103 &#8212; EVA<\/li>\n<\/ul>\n<p><\/p>","protected":false},"excerpt":{"rendered":"","protected":false},"featured_media":86814,"comment_status":"open","ping_status":"closed","template":"","meta":{"_acf_changed":false,"inline_featured_image":false},"product_brand":[1483],"product_cat":[960],"product_tag":[],"class_list":{"0":"post-85496","1":"product","2":"type-product","3":"status-publish","4":"has-post-thumbnail","6":"product_brand-abisal","7":"product_cat-sports-equipment","9":"first","10":"outofstock","11":"shipping-taxable","12":"product-type-simple"},"acf":[],"yoast_head":"<!-- This site is optimized with the Yoast SEO plugin v27.4 - https:\/\/yoast.com\/product\/yoast-seo-wordpress\/ -->\n<title>\u0412\u043e\u043b\u0430\u043d\u0447\u0438\u043a\u0438 Abisal S-360 Nylon 3 - \u041c\u0430\u0433\u0430\u0437\u0438\u043d Xstyle<\/title>\n<meta name=\"description\" content=\"\u0412\u043e\u043b\u0430\u043d\u0447\u0438\u043a\u0438 Abisal S-360 Nylon 3 \u2013 \u043f\u0440\u043e\u0447\u043d\u044b\u0435 \u0438 \u043b\u0435\u0433\u043a\u0438\u0435, \u0434\u043b\u044f \u0438\u0433\u0440\u044b \u043d\u0430 \u0443\u043b\u0438\u0446\u0435 \u0438 \u0432 \u043f\u043e\u043c\u0435\u0449\u0435\u043d\u0438\u0438. \u0412\u044b\u0441\u043e\u043a\u043e\u0435 \u043a\u0430\u0447\u0435\u0441\u0442\u0432\u043e EVA \u0438 PVC \u0433\u0430\u0440\u0430\u043d\u0442\u0438\u0440\u0443\u044e\u0442 \u0434\u043e\u043b\u0433\u043e\u0432\u0435\u0447\u043d\u043e\u0441\u0442\u044c \u0438 \u043a\u043e\u043d\u0442\u0440\u043e\u043b\u0438\u0440\u0443\u0435\u043c\u044b\u0439 \u043f\u043e\u043b\u0435\u0442.\" \/>\n<meta name=\"robots\" content=\"index, follow, max-snippet:-1, max-image-preview:large, max-video-preview:-1\" \/>\n<link rel=\"canonical\" href=\"https:\/\/xstyle.md\/ro\/produs\/volanchiki-abisal-s-360-nylon-3\/\" \/>\n<meta property=\"og:locale\" content=\"ro_RO\" \/>\n<meta property=\"og:type\" content=\"article\" \/>\n<meta property=\"og:title\" content=\"\u0412\u043e\u043b\u0430\u043d\u0447\u0438\u043a\u0438 Abisal S-360 Nylon 3 - \u041c\u0430\u0433\u0430\u0437\u0438\u043d Xstyle\" \/>\n<meta property=\"og:description\" content=\"\u0412\u043e\u043b\u0430\u043d\u0447\u0438\u043a\u0438 Abisal S-360 Nylon 3 \u2013 \u043f\u0440\u043e\u0447\u043d\u044b\u0435 \u0438 \u043b\u0435\u0433\u043a\u0438\u0435, \u0434\u043b\u044f \u0438\u0433\u0440\u044b \u043d\u0430 \u0443\u043b\u0438\u0446\u0435 \u0438 \u0432 \u043f\u043e\u043c\u0435\u0449\u0435\u043d\u0438\u0438. \u0412\u044b\u0441\u043e\u043a\u043e\u0435 \u043a\u0430\u0447\u0435\u0441\u0442\u0432\u043e EVA \u0438 PVC \u0433\u0430\u0440\u0430\u043d\u0442\u0438\u0440\u0443\u044e\u0442 \u0434\u043e\u043b\u0433\u043e\u0432\u0435\u0447\u043d\u043e\u0441\u0442\u044c \u0438 \u043a\u043e\u043d\u0442\u0440\u043e\u043b\u0438\u0440\u0443\u0435\u043c\u044b\u0439 \u043f\u043e\u043b\u0435\u0442.\" \/>\n<meta property=\"og:url\" content=\"https:\/\/xstyle.md\/ro\/produs\/volanchiki-abisal-s-360-nylon-3\/\" \/>\n<meta property=\"og:site_name\" content=\"\u041c\u0430\u0433\u0430\u0437\u0438\u043d Xstyle\" \/>\n<meta property=\"article:publisher\" content=\"https:\/\/www.facebook.com\/xstylemd\" \/>\n<meta property=\"article:modified_time\" content=\"2025-07-28T16:04:33+00:00\" \/>\n<meta property=\"og:image\" content=\"https:\/\/xstyle.md\/wp-content\/uploads\/2024\/07\/abisal-s-360-nylon-3.jpg\" \/>\n\t<meta property=\"og:image:width\" content=\"900\" \/>\n\t<meta property=\"og:image:height\" content=\"900\" \/>\n\t<meta property=\"og:image:type\" content=\"image\/jpeg\" \/>\n<meta name=\"twitter:card\" content=\"summary_large_image\" \/>\n<meta name=\"twitter:label1\" content=\"Pre\u021b\" \/>\n\t<meta name=\"twitter:data1\" content=\"95&nbsp;MDL\" \/>\n\t<meta name=\"twitter:label2\" content=\"Disponibilitate\" \/>\n\t<meta name=\"twitter:data2\" content=\"Stoc epuizat\" \/>\n<script type=\"application\/ld+json\" class=\"yoast-schema-graph\">{\"@context\":\"https:\\\/\\\/schema.org\",\"@graph\":[{\"@type\":\"WebPage\",\"@id\":\"https:\\\/\\\/xstyle.md\\\/product\\\/volanchiki-abisal-s-360-nylon-3\\\/\",\"url\":\"https:\\\/\\\/xstyle.md\\\/product\\\/volanchiki-abisal-s-360-nylon-3\\\/\",\"name\":\"\u0412\u043e\u043b\u0430\u043d\u0447\u0438\u043a\u0438 Abisal S-360 Nylon 3 - \u041c\u0430\u0433\u0430\u0437\u0438\u043d Xstyle\",\"isPartOf\":{\"@id\":\"https:\\\/\\\/xstyle.md\\\/#website\"},\"primaryImageOfPage\":{\"@id\":\"https:\\\/\\\/xstyle.md\\\/product\\\/volanchiki-abisal-s-360-nylon-3\\\/#primaryimage\"},\"image\":{\"@id\":\"https:\\\/\\\/xstyle.md\\\/product\\\/volanchiki-abisal-s-360-nylon-3\\\/#primaryimage\"},\"thumbnailUrl\":\"https:\\\/\\\/xstyle.md\\\/wp-content\\\/uploads\\\/2024\\\/07\\\/abisal-s-360-nylon-3.jpg\",\"datePublished\":\"2024-07-15T06:47:01+00:00\",\"dateModified\":\"2025-07-28T16:04:33+00:00\",\"description\":\"\u0412\u043e\u043b\u0430\u043d\u0447\u0438\u043a\u0438 Abisal S-360 Nylon 3 \u2013 \u043f\u0440\u043e\u0447\u043d\u044b\u0435 \u0438 \u043b\u0435\u0433\u043a\u0438\u0435, \u0434\u043b\u044f \u0438\u0433\u0440\u044b \u043d\u0430 \u0443\u043b\u0438\u0446\u0435 \u0438 \u0432 \u043f\u043e\u043c\u0435\u0449\u0435\u043d\u0438\u0438. \u0412\u044b\u0441\u043e\u043a\u043e\u0435 \u043a\u0430\u0447\u0435\u0441\u0442\u0432\u043e EVA \u0438 PVC \u0433\u0430\u0440\u0430\u043d\u0442\u0438\u0440\u0443\u044e\u0442 \u0434\u043e\u043b\u0433\u043e\u0432\u0435\u0447\u043d\u043e\u0441\u0442\u044c \u0438 \u043a\u043e\u043d\u0442\u0440\u043e\u043b\u0438\u0440\u0443\u0435\u043c\u044b\u0439 \u043f\u043e\u043b\u0435\u0442.\",\"breadcrumb\":{\"@id\":\"https:\\\/\\\/xstyle.md\\\/product\\\/volanchiki-abisal-s-360-nylon-3\\\/#breadcrumb\"},\"inLanguage\":\"ro-RO\",\"potentialAction\":[{\"@type\":\"ReadAction\",\"target\":[\"https:\\\/\\\/xstyle.md\\\/product\\\/volanchiki-abisal-s-360-nylon-3\\\/\"]}]},{\"@type\":\"ImageObject\",\"inLanguage\":\"ro-RO\",\"@id\":\"https:\\\/\\\/xstyle.md\\\/product\\\/volanchiki-abisal-s-360-nylon-3\\\/#primaryimage\",\"url\":\"https:\\\/\\\/xstyle.md\\\/wp-content\\\/uploads\\\/2024\\\/07\\\/abisal-s-360-nylon-3.jpg\",\"contentUrl\":\"https:\\\/\\\/xstyle.md\\\/wp-content\\\/uploads\\\/2024\\\/07\\\/abisal-s-360-nylon-3.jpg\",\"width\":900,\"height\":900,\"caption\":\"\u0422\u0435\u043d\u0434\u0435\u043d\u0446\u0438\u0438 \u0441\u043f\u043e\u0440\u0442\u0438\u0432\u043d\u043e\u0439 \u043e\u0434\u0435\u0436\u0434\u044b \u0438 \u043e\u0431\u0443\u0432\u0438 \u0434\u043b\u044f \u0430\u043a\u0442\u0438\u0432\u043d\u043e\u0433\u043e \u043e\u0442\u0434\u044b\u0445\u0430, \u043f\u043e\u0445\u043e\u0434\u043e\u0432 \u0438 \u043f\u0443\u0442\u0435\u0448\u0435\u0441\u0442\u0432\u0438\u0439 \u043d\u0430 \u0441\u0442\u0440\u0430\u043d\u0438\u0446\u0435 \u0412\u043e\u043b\u0430\u043d\u0447\u0438\u043a\u0438 Abisal S-360 Nylon 3 \u0434\u043b\u044f \u043e\u043d\u043b\u0430\u0439\u043d \u043c\u0430\u0433\u0430\u0437\u0438\u043d\u0430 \u0442\u043e\u0432\u0430\u0440\u043e\u0432 \u0434\u043b\u044f \u0430\u043a\u0442\u0438\u0432\u043d\u043e\u0439 \u0436\u0438\u0437\u043d\u0438\"},{\"@type\":\"BreadcrumbList\",\"@id\":\"https:\\\/\\\/xstyle.md\\\/product\\\/volanchiki-abisal-s-360-nylon-3\\\/#breadcrumb\",\"itemListElement\":[{\"@type\":\"ListItem\",\"position\":1,\"name\":\"\u0413\u043b\u0430\u0432\u043d\u0430\u044f \u0441\u0442\u0440\u0430\u043d\u0438\u0446\u0430\",\"item\":\"https:\\\/\\\/xstyle.md\\\/\"},{\"@type\":\"ListItem\",\"position\":2,\"name\":\"\u041c\u0430\u0433\u0430\u0437\u0438\u043d\",\"item\":\"https:\\\/\\\/xstyle.md\\\/shop\\\/\"},{\"@type\":\"ListItem\",\"position\":3,\"name\":\"\u0412\u043e\u043b\u0430\u043d\u0447\u0438\u043a\u0438 Abisal S-360 Nylon 3\"}]},{\"@type\":\"WebSite\",\"@id\":\"https:\\\/\\\/xstyle.md\\\/#website\",\"url\":\"https:\\\/\\\/xstyle.md\\\/\",\"name\":\"\u041c\u0430\u0433\u0430\u0437\u0438\u043d Xstyle\",\"description\":\"C\u043d\u0430\u0440\u044f\u0436\u0435\u043d\u0438\u0435 \u0434\u043b\u044f \u0442\u0443\u0440\u0438\u0437\u043c\u0430 \u0438 \u044d\u043a\u0441\u0442\u0440\u0435\u043c\u0430\u043b\u044c\u043d\u044b\u0445 \u0432\u0438\u0434\u043e\u0432 \u0441\u043f\u043e\u0440\u0442\u0430 \u0432 \u041c\u043e\u043b\u0434\u043e\u0432\u0435.. \u0426\u0435\u043d\u044b, \u0444\u043e\u0442\u043e, \u0445\u0430\u0440\u0430\u043a\u0442\u0435\u0440\u0438\u0441\u0442\u0438\u043a\u0438 \u0432 \u041c\u043e\u043b\u0434\u043e\u0432\u0435.\",\"publisher\":{\"@id\":\"https:\\\/\\\/xstyle.md\\\/#organization\"},\"alternateName\":\"X-Style\",\"potentialAction\":[{\"@type\":\"SearchAction\",\"target\":{\"@type\":\"EntryPoint\",\"urlTemplate\":\"https:\\\/\\\/xstyle.md\\\/?s={search_term_string}\"},\"query-input\":{\"@type\":\"PropertyValueSpecification\",\"valueRequired\":true,\"valueName\":\"search_term_string\"}}],\"inLanguage\":\"ro-RO\"},{\"@type\":\"Organization\",\"@id\":\"https:\\\/\\\/xstyle.md\\\/#organization\",\"name\":\"\u041c\u0430\u0433\u0430\u0437\u0438\u043d Xstyle\",\"alternateName\":\"x-style\",\"url\":\"https:\\\/\\\/xstyle.md\\\/\",\"logo\":{\"@type\":\"ImageObject\",\"inLanguage\":\"ro-RO\",\"@id\":\"https:\\\/\\\/xstyle.md\\\/#\\\/schema\\\/logo\\\/image\\\/\",\"url\":\"https:\\\/\\\/xstyle.md\\\/wp-content\\\/uploads\\\/2020\\\/06\\\/logoicon.svg\",\"contentUrl\":\"https:\\\/\\\/xstyle.md\\\/wp-content\\\/uploads\\\/2020\\\/06\\\/logoicon.svg\",\"caption\":\"\u041c\u0430\u0433\u0430\u0437\u0438\u043d Xstyle\"},\"image\":{\"@id\":\"https:\\\/\\\/xstyle.md\\\/#\\\/schema\\\/logo\\\/image\\\/\"},\"sameAs\":[\"https:\\\/\\\/www.facebook.com\\\/xstylemd\",\"https:\\\/\\\/www.instagram.com\\\/xstyle_md\\\/\",\"https:\\\/\\\/t.me\\\/xstyle_outdoor\"],\"hasMerchantReturnPolicy\":{\"@type\":\"MerchantReturnPolicy\",\"merchantReturnLink\":\"https:\\\/\\\/xstyle.md\\\/ro\\\/conditions\\\/\"}}]}<\/script>\n<meta property=\"product:price:amount\" content=\"95.00\" \/>\n<meta property=\"product:price:currency\" content=\"MDL\" \/>\n<meta property=\"og:availability\" content=\"out of stock\" \/>\n<meta property=\"product:availability\" content=\"out of stock\" \/>\n<meta property=\"product:retailer_item_id\" content=\"5907695536850\" \/>\n<meta property=\"product:condition\" content=\"new\" \/>\n<!-- \/ Yoast SEO plugin. -->","yoast_head_json":{"title":"Flutura\u015fi Abisal S-360 Nylon 3 - Magazin Xstyle","description":"Voleiuri Abisal S-360 Nylon 3 \u2013 dure \u0219i u\u0219oare, pentru jocul \u00een aer liber \u0219i \u00een interior. Calitatea ridicat\u0103 a EVA \u0219i PVC-ului garanteaz\u0103 durabilitate \u0219i un zbor controlat.","robots":{"index":"index","follow":"follow","max-snippet":"max-snippet:-1","max-image-preview":"max-image-preview:large","max-video-preview":"max-video-preview:-1"},"canonical":"https:\/\/xstyle.md\/ro\/produs\/volanchiki-abisal-s-360-nylon-3\/","og_locale":"ro_RO","og_type":"article","og_title":"\u0412\u043e\u043b\u0430\u043d\u0447\u0438\u043a\u0438 Abisal S-360 Nylon 3 - \u041c\u0430\u0433\u0430\u0437\u0438\u043d Xstyle","og_description":"\u0412\u043e\u043b\u0430\u043d\u0447\u0438\u043a\u0438 Abisal S-360 Nylon 3 \u2013 \u043f\u0440\u043e\u0447\u043d\u044b\u0435 \u0438 \u043b\u0435\u0433\u043a\u0438\u0435, \u0434\u043b\u044f \u0438\u0433\u0440\u044b \u043d\u0430 \u0443\u043b\u0438\u0446\u0435 \u0438 \u0432 \u043f\u043e\u043c\u0435\u0449\u0435\u043d\u0438\u0438. \u0412\u044b\u0441\u043e\u043a\u043e\u0435 \u043a\u0430\u0447\u0435\u0441\u0442\u0432\u043e EVA \u0438 PVC \u0433\u0430\u0440\u0430\u043d\u0442\u0438\u0440\u0443\u044e\u0442 \u0434\u043e\u043b\u0433\u043e\u0432\u0435\u0447\u043d\u043e\u0441\u0442\u044c \u0438 \u043a\u043e\u043d\u0442\u0440\u043e\u043b\u0438\u0440\u0443\u0435\u043c\u044b\u0439 \u043f\u043e\u043b\u0435\u0442.","og_url":"https:\/\/xstyle.md\/ro\/produs\/volanchiki-abisal-s-360-nylon-3\/","og_site_name":"\u041c\u0430\u0433\u0430\u0437\u0438\u043d Xstyle","article_publisher":"https:\/\/www.facebook.com\/xstylemd","article_modified_time":"2025-07-28T16:04:33+00:00","og_image":[{"width":900,"height":900,"url":"https:\/\/xstyle.md\/wp-content\/uploads\/2024\/07\/abisal-s-360-nylon-3.jpg","type":"image\/jpeg"}],"twitter_card":"summary_large_image","twitter_misc":{"Pre\u021b":"95&nbsp;MDL","Disponibilitate":"Stoc epuizat"},"schema":{"@context":"https:\/\/schema.org","@graph":[{"@type":"WebPage","@id":"https:\/\/xstyle.md\/product\/volanchiki-abisal-s-360-nylon-3\/","url":"https:\/\/xstyle.md\/product\/volanchiki-abisal-s-360-nylon-3\/","name":"Flutura\u015fi Abisal S-360 Nylon 3 - Magazin Xstyle","isPartOf":{"@id":"https:\/\/xstyle.md\/#website"},"primaryImageOfPage":{"@id":"https:\/\/xstyle.md\/product\/volanchiki-abisal-s-360-nylon-3\/#primaryimage"},"image":{"@id":"https:\/\/xstyle.md\/product\/volanchiki-abisal-s-360-nylon-3\/#primaryimage"},"thumbnailUrl":"https:\/\/xstyle.md\/wp-content\/uploads\/2024\/07\/abisal-s-360-nylon-3.jpg","datePublished":"2024-07-15T06:47:01+00:00","dateModified":"2025-07-28T16:04:33+00:00","description":"Voleiuri Abisal S-360 Nylon 3 \u2013 dure \u0219i u\u0219oare, pentru jocul \u00een aer liber \u0219i \u00een interior. Calitatea ridicat\u0103 a EVA \u0219i PVC-ului garanteaz\u0103 durabilitate \u0219i un zbor controlat.","breadcrumb":{"@id":"https:\/\/xstyle.md\/product\/volanchiki-abisal-s-360-nylon-3\/#breadcrumb"},"inLanguage":"ro-RO","potentialAction":[{"@type":"ReadAction","target":["https:\/\/xstyle.md\/product\/volanchiki-abisal-s-360-nylon-3\/"]}]},{"@type":"ImageObject","inLanguage":"ro-RO","@id":"https:\/\/xstyle.md\/product\/volanchiki-abisal-s-360-nylon-3\/#primaryimage","url":"https:\/\/xstyle.md\/wp-content\/uploads\/2024\/07\/abisal-s-360-nylon-3.jpg","contentUrl":"https:\/\/xstyle.md\/wp-content\/uploads\/2024\/07\/abisal-s-360-nylon-3.jpg","width":900,"height":900,"caption":"\u0422\u0435\u043d\u0434\u0435\u043d\u0446\u0438\u0438 \u0441\u043f\u043e\u0440\u0442\u0438\u0432\u043d\u043e\u0439 \u043e\u0434\u0435\u0436\u0434\u044b \u0438 \u043e\u0431\u0443\u0432\u0438 \u0434\u043b\u044f \u0430\u043a\u0442\u0438\u0432\u043d\u043e\u0433\u043e \u043e\u0442\u0434\u044b\u0445\u0430, \u043f\u043e\u0445\u043e\u0434\u043e\u0432 \u0438 \u043f\u0443\u0442\u0435\u0448\u0435\u0441\u0442\u0432\u0438\u0439 \u043d\u0430 \u0441\u0442\u0440\u0430\u043d\u0438\u0446\u0435 \u0412\u043e\u043b\u0430\u043d\u0447\u0438\u043a\u0438 Abisal S-360 Nylon 3 \u0434\u043b\u044f \u043e\u043d\u043b\u0430\u0439\u043d \u043c\u0430\u0433\u0430\u0437\u0438\u043d\u0430 \u0442\u043e\u0432\u0430\u0440\u043e\u0432 \u0434\u043b\u044f \u0430\u043a\u0442\u0438\u0432\u043d\u043e\u0439 \u0436\u0438\u0437\u043d\u0438"},{"@type":"BreadcrumbList","@id":"https:\/\/xstyle.md\/product\/volanchiki-abisal-s-360-nylon-3\/#breadcrumb","itemListElement":[{"@type":"ListItem","position":1,"name":"\u0413\u043b\u0430\u0432\u043d\u0430\u044f \u0441\u0442\u0440\u0430\u043d\u0438\u0446\u0430","item":"https:\/\/xstyle.md\/"},{"@type":"ListItem","position":2,"name":"\u041c\u0430\u0433\u0430\u0437\u0438\u043d","item":"https:\/\/xstyle.md\/shop\/"},{"@type":"ListItem","position":3,"name":"\u0412\u043e\u043b\u0430\u043d\u0447\u0438\u043a\u0438 Abisal S-360 Nylon 3"}]},{"@type":"WebSite","@id":"https:\/\/xstyle.md\/#website","url":"https:\/\/xstyle.md\/","name":"Magazinul X-Style","description":"Echipamente pentru turism \u0219i sporturi extreme \u00een Moldova. Pre\u021buri, fotografii, caracteristici \u00een Moldova.","publisher":{"@id":"https:\/\/xstyle.md\/#organization"},"alternateName":"X-Style","potentialAction":[{"@type":"SearchAction","target":{"@type":"EntryPoint","urlTemplate":"https:\/\/xstyle.md\/?s={search_term_string}"},"query-input":{"@type":"PropertyValueSpecification","valueRequired":true,"valueName":"search_term_string"}}],"inLanguage":"ro-RO"},{"@type":"Organization","@id":"https:\/\/xstyle.md\/#organization","name":"Magazinul X-Style","alternateName":"x-style","url":"https:\/\/xstyle.md\/","logo":{"@type":"ImageObject","inLanguage":"ro-RO","@id":"https:\/\/xstyle.md\/#\/schema\/logo\/image\/","url":"https:\/\/xstyle.md\/wp-content\/uploads\/2020\/06\/logoicon.svg","contentUrl":"https:\/\/xstyle.md\/wp-content\/uploads\/2020\/06\/logoicon.svg","caption":"\u041c\u0430\u0433\u0430\u0437\u0438\u043d Xstyle"},"image":{"@id":"https:\/\/xstyle.md\/#\/schema\/logo\/image\/"},"sameAs":["https:\/\/www.facebook.com\/xstylemd","https:\/\/www.instagram.com\/xstyle_md\/","https:\/\/t.me\/xstyle_outdoor"],"hasMerchantReturnPolicy":{"@type":"MerchantReturnPolicy","merchantReturnLink":"https:\/\/xstyle.md\/ro\/conditions\/"}}]},"product_price_amount":"95.00","product_price_currency":"MDL","og_availability":"out of stock","product_availability":"out of stock","product_retailer_item_id":"5907695536850","product_condition":"new"},"_links":{"self":[{"href":"https:\/\/xstyle.md\/ro\/wp-json\/wp\/v2\/product\/85496","targetHints":{"allow":["GET"]}}],"collection":[{"href":"https:\/\/xstyle.md\/ro\/wp-json\/wp\/v2\/product"}],"about":[{"href":"https:\/\/xstyle.md\/ro\/wp-json\/wp\/v2\/types\/product"}],"replies":[{"embeddable":true,"href":"https:\/\/xstyle.md\/ro\/wp-json\/wp\/v2\/comments?post=85496"}],"wp:featuredmedia":[{"embeddable":true,"href":"https:\/\/xstyle.md\/ro\/wp-json\/wp\/v2\/media\/86814"}],"wp:attachment":[{"href":"https:\/\/xstyle.md\/ro\/wp-json\/wp\/v2\/media?parent=85496"}],"wp:term":[{"taxonomy":"product_brand","embeddable":true,"href":"https:\/\/xstyle.md\/ro\/wp-json\/wp\/v2\/product_brand?post=85496"},{"taxonomy":"product_cat","embeddable":true,"href":"https:\/\/xstyle.md\/ro\/wp-json\/wp\/v2\/product_cat?post=85496"},{"taxonomy":"product_tag","embeddable":true,"href":"https:\/\/xstyle.md\/ro\/wp-json\/wp\/v2\/product_tag?post=85496"}],"curies":[{"name":"wp","href":"https:\/\/api.w.org\/{rel}","templated":true}]}}