{"id":84892,"date":"2024-06-17T18:00:26","date_gmt":"2024-06-17T15:00:26","guid":{"rendered":"https:\/\/xstyle.md\/?post_type=product&#038;p=84892"},"modified":"2025-12-18T17:17:19","modified_gmt":"2025-12-18T14:17:19","slug":"nabor-sumok-thule-gopack-duffle-set-4-bags","status":"publish","type":"product","link":"https:\/\/xstyle.md\/ro\/produs\/nabor-sumok-thule-gopack-duffle-set-4-bags\/","title":{"rendered":"Set gen\u021bi Thule GoPack Duffle Set 4 Bags"},"content":{"rendered":"<\/p>\n<p><strong>Thule GoPack Duffle Set 4 Bags<\/strong> &#8212; un set de gen\u021bi de c\u0103l\u0103torie este partenerul de c\u0103l\u0103torie perfect pentru orice c\u0103l\u0103torie cu ma\u0219ina. Sacii no\u0219tri se potrivesc perfect \u00een cutia de \u00eenc\u0103rcare pe acoperi\u0219 Thule, \u00een cutia de \u00eenc\u0103rcare din spate \u0219i \u00een portbagajul ma\u0219inii tale, av\u00e2nd suficient spa\u021biu pentru a-\u021bi potrivi tot echipamentul.<\/p>\n<p>Acest set de patru saci de c\u0103l\u0103torie v\u0103 va ajuta s\u0103 v\u0103 organiza\u021bi \u00eengrijit \u0219i atent lucrurile esen\u021biale \u00een portbagajul de acoperi\u0219 sau \u00een cutia de marf\u0103, astfel \u00eenc\u00e2t s\u0103 pute\u021bi introduce mai multe echipamente. Pleca\u021bi \u00eentr-o c\u0103l\u0103torie? Pur \u0219i simplu \u00eempacheta\u021bi-v\u0103 bagajele acas\u0103, apoi \u00eenc\u0103rca\u021bi-le \u00een portbagaj sau \u00een cutia de marf\u0103 \u0219i gata!<\/p>\n<p>Patru gen\u021bi de voiaj mari goale ocup\u0103 prea mult spa\u021biu \u0219i creeaz\u0103 dezordine atunci c\u00e2nd nu sunt folosite. Pentru a elimina aceast\u0103 problem\u0103, am conceput o nou\u0103 geant\u0103 cu r\u0103sucire, astfel \u00eenc\u00e2t gen\u021bile s\u0103 poat\u0103 fi stivuite ordonat pentru depozitare \u0219i recuperate cu u\u0219urin\u021b\u0103 \u00eenainte de c\u0103l\u0103torie. Depozita\u021bi-le \u00eentr-un dulap, pe perete sau direct \u00een ma\u0219in\u0103.<\/p>\n<p>Nu numai c\u0103 aceste gen\u021bi de voiaj, precum \u0219i geanta cu r\u0103sucire pentru p\u0103strarea lor, sunt fabricate din poliester durabil 600D, dar au fost, de asemenea, recunoscute la nivel mondial de Bluesign\u00ae \u00een conformitate cu criterii stricte pentru a ne asigura c\u0103 ne protej\u0103m angaja\u021bii, consumatorii \u0219i mediul.<\/p>\n<h3>Particularit\u0103\u021bi<\/h3>\n<ul>\n<li>Acest set de patru gen\u021bi de c\u0103l\u0103torie, fiecare cu o capacitate de 75 de litri, va con\u021bine toate echipamentele esen\u021biale de c\u0103l\u0103torie cu ma\u0219ina<\/li>\n<li>Sacii se potrivesc perfect \u00een cutia de marf\u0103 de pe acoperi\u0219, \u00een portbagajul ma\u0219inii din spate sau \u00een portbagajul ma\u0219inii<\/li>\n<li>\u00centre c\u0103l\u0103torii, gen\u021bile pot fi depozitate convenabil \u00eentr-o pung\u0103 special\u0103 cu r\u0103sucire pentru a le p\u0103stra la \u00eendem\u00e2n\u0103; pot fi ag\u0103\u021bate \u00eentr-un dulap, pe perete sau stivuite ordonat \u00een ma\u0219in\u0103 sau pe un raft.<\/li>\n<li>M\u00e2nerele pot fi folosite ca curele de rucsac, permi\u021b\u00e2ndu-v\u0103 s\u0103 transporta\u021bi geanta \u00een diferite moduri<\/li>\n<li>Gen\u021bile \u00een sine, precum \u0219i punga r\u0103sucit\u0103 pentru a le \u021bine, au ob\u021binut certificarea Bluesign\u00ae recunoscut\u0103 la nivel mondial, care confirm\u0103 faptul c\u0103 garant\u0103m protec\u021bia angaja\u021bilor, consumatorilor \u0219i a mediului.<\/li>\n<li>\u021aes\u0103turile durabile din poliester Oxford 600D \u0219i poliester Ripstop 600D sunt certificate Bluesign\u00ae \u0219i nu con\u021bin fluorocarburi, substan\u021be chimice care pot d\u0103una mediului.<\/li>\n<li>Gen\u021bile se deosebesc u\u0219or \u00eentre ele prin m\u00e2nerele colorate<\/li>\n<li>Fiecare geant\u0103 are un compartiment de depozitare pe margine, permi\u021b\u00e2nd accesul exterior la obiecte mici, chiar \u0219i atunci c\u00e2nd rucsacurile sunt \u00eenc\u0103rcate \u00een portbagaj sau \u00een cutia de marf\u0103<\/li>\n<li>Deschidere larg\u0103 convenabil\u0103 cu \u00eenchidere durabil\u0103 cu fermoar YKK<\/li>\n<\/ul>\n<h3>Caracteristici<\/h3>\n<ul>\n<li>Greutate &#8212; 3,42 kg<\/li>\n<li>Volum &#8212; 75 litri<\/li>\n<li>Dimensiuni &#8212; 75 x 37 x 32 cm<\/li>\n<li>Material &#8212; Oxford 600D \u0219i Ripstop 600D<\/li>\n<li>Nu este potrivit pentru bagajele de m\u00e2n\u0103<\/li>\n<li>Destina\u021bie &#8212; c\u0103l\u0103torii, sport<\/li>\n<li>Model &#8212; unisex<\/li>\n<\/ul>\n<h3>Marca<\/h3>\n<p>THULE este o companie interna\u021bional\u0103 de top, recunoscut\u0103 la nivel mondial ca produc\u0103tor de top de sisteme de bagaje \u0219i cutii auto. THULE produce produse premium care sunt renumite pentru calitatea lor de neegalat, siguran\u021b\u0103, u\u0219urin\u021b\u0103 \u00een utilizare \u0219i design elegant. Produsele THULE sunt potrivite pentru persoanele care prefer\u0103 activit\u0103\u021bile \u00een aer liber, sunt pasionate de sport, c\u0103l\u0103toresc mult \u0219i apreciaz\u0103 solu\u021biile bine g\u00e2ndite.<\/p>\n<p><\/p>","protected":false},"excerpt":{"rendered":"","protected":false},"featured_media":85023,"comment_status":"open","ping_status":"closed","template":"","meta":{"_acf_changed":false,"inline_featured_image":false},"product_brand":[1269],"product_cat":[126],"product_tag":[],"class_list":{"0":"post-84892","1":"product","2":"type-product","3":"status-publish","4":"has-post-thumbnail","6":"product_brand-thule","7":"product_cat-travel-bags","9":"first","10":"instock","11":"shipping-taxable","12":"purchasable","13":"product-type-simple"},"acf":[],"yoast_head":"<!-- This site is optimized with the Yoast SEO plugin v27.2 - https:\/\/yoast.com\/product\/yoast-seo-wordpress\/ -->\n<title>\u041d\u0430\u0431\u043e\u0440 \u0441\u0443\u043c\u043e\u043a Thule GoPack Duffle Set 4 Bags - \u041c\u0430\u0433\u0430\u0437\u0438\u043d Xstyle<\/title>\n<meta name=\"description\" content=\"\u041d\u0430\u0431\u043e\u0440 \u0441\u0443\u043c\u043e\u043a Thule GoPack Duffle Set (4 \u0441\u0443\u043c\u043a\u0438) - \u0438\u0434\u0435\u0430\u043b\u044c\u043d\u044b\u0439 \u0432\u044b\u0431\u043e\u0440 \u0434\u043b\u044f \u043f\u0443\u0442\u0435\u0448\u0435\u0441\u0442\u0432\u0438\u0439. \u041f\u0440\u043e\u0447\u043d\u044b\u0435 \u0438 \u0441\u0442\u0438\u043b\u044c\u043d\u044b\u0435, \u0438\u0434\u0435\u0430\u043b\u044c\u043d\u043e \u043f\u043e\u0434\u0445\u043e\u0434\u044f\u0442 \u0434\u043b\u044f \u043a\u0440\u044b\u0448\u0438 \u0438\u043b\u0438 \u0431\u0430\u0433\u0430\u0436\u043d\u0438\u043a\u0430 Thule.\" \/>\n<meta name=\"robots\" content=\"index, follow, max-snippet:-1, max-image-preview:large, max-video-preview:-1\" \/>\n<link rel=\"canonical\" href=\"https:\/\/xstyle.md\/ro\/produs\/nabor-sumok-thule-gopack-duffle-set-4-bags\/\" \/>\n<meta property=\"og:locale\" content=\"ro_RO\" \/>\n<meta property=\"og:type\" content=\"article\" \/>\n<meta property=\"og:title\" content=\"\u041d\u0430\u0431\u043e\u0440 \u0441\u0443\u043c\u043e\u043a Thule GoPack Duffle Set 4 Bags - \u041c\u0430\u0433\u0430\u0437\u0438\u043d Xstyle\" \/>\n<meta property=\"og:description\" content=\"\u041d\u0430\u0431\u043e\u0440 \u0441\u0443\u043c\u043e\u043a Thule GoPack Duffle Set (4 \u0441\u0443\u043c\u043a\u0438) - \u0438\u0434\u0435\u0430\u043b\u044c\u043d\u044b\u0439 \u0432\u044b\u0431\u043e\u0440 \u0434\u043b\u044f \u043f\u0443\u0442\u0435\u0448\u0435\u0441\u0442\u0432\u0438\u0439. \u041f\u0440\u043e\u0447\u043d\u044b\u0435 \u0438 \u0441\u0442\u0438\u043b\u044c\u043d\u044b\u0435, \u0438\u0434\u0435\u0430\u043b\u044c\u043d\u043e \u043f\u043e\u0434\u0445\u043e\u0434\u044f\u0442 \u0434\u043b\u044f \u043a\u0440\u044b\u0448\u0438 \u0438\u043b\u0438 \u0431\u0430\u0433\u0430\u0436\u043d\u0438\u043a\u0430 Thule.\" \/>\n<meta property=\"og:url\" content=\"https:\/\/xstyle.md\/ro\/produs\/nabor-sumok-thule-gopack-duffle-set-4-bags\/\" \/>\n<meta property=\"og:site_name\" content=\"\u041c\u0430\u0433\u0430\u0437\u0438\u043d Xstyle\" \/>\n<meta property=\"article:publisher\" content=\"https:\/\/www.facebook.com\/xstylemd\" \/>\n<meta property=\"article:modified_time\" content=\"2025-12-18T14:17:19+00:00\" \/>\n<meta property=\"og:image\" content=\"https:\/\/xstyle.md\/wp-content\/uploads\/2024\/06\/thule-gopack-duffle-set-4-bags.jpg\" \/>\n\t<meta property=\"og:image:width\" content=\"500\" \/>\n\t<meta property=\"og:image:height\" content=\"500\" \/>\n\t<meta property=\"og:image:type\" content=\"image\/jpeg\" \/>\n<meta name=\"twitter:card\" content=\"summary_large_image\" \/>\n<meta name=\"twitter:label1\" content=\"Pre\u021b\" \/>\n\t<meta name=\"twitter:data1\" content=\"5.990&nbsp;MDL\" \/>\n\t<meta name=\"twitter:label2\" content=\"Disponibilitate\" \/>\n\t<meta name=\"twitter:data2\" content=\"\u00cen stoc\" \/>\n<script type=\"application\/ld+json\" class=\"yoast-schema-graph\">{\"@context\":\"https:\/\/schema.org\",\"@graph\":[{\"@type\":\"WebPage\",\"@id\":\"https:\/\/xstyle.md\/product\/nabor-sumok-thule-gopack-duffle-set-4-bags\/\",\"url\":\"https:\/\/xstyle.md\/product\/nabor-sumok-thule-gopack-duffle-set-4-bags\/\",\"name\":\"\u041d\u0430\u0431\u043e\u0440 \u0441\u0443\u043c\u043e\u043a Thule GoPack Duffle Set 4 Bags - \u041c\u0430\u0433\u0430\u0437\u0438\u043d Xstyle\",\"isPartOf\":{\"@id\":\"https:\/\/xstyle.md\/#website\"},\"primaryImageOfPage\":{\"@id\":\"https:\/\/xstyle.md\/product\/nabor-sumok-thule-gopack-duffle-set-4-bags\/#primaryimage\"},\"image\":{\"@id\":\"https:\/\/xstyle.md\/product\/nabor-sumok-thule-gopack-duffle-set-4-bags\/#primaryimage\"},\"thumbnailUrl\":\"https:\/\/xstyle.md\/wp-content\/uploads\/2024\/06\/thule-gopack-duffle-set-4-bags.jpg\",\"datePublished\":\"2024-06-17T15:00:26+00:00\",\"dateModified\":\"2025-12-18T14:17:19+00:00\",\"description\":\"\u041d\u0430\u0431\u043e\u0440 \u0441\u0443\u043c\u043e\u043a Thule GoPack Duffle Set (4 \u0441\u0443\u043c\u043a\u0438) - \u0438\u0434\u0435\u0430\u043b\u044c\u043d\u044b\u0439 \u0432\u044b\u0431\u043e\u0440 \u0434\u043b\u044f \u043f\u0443\u0442\u0435\u0448\u0435\u0441\u0442\u0432\u0438\u0439. \u041f\u0440\u043e\u0447\u043d\u044b\u0435 \u0438 \u0441\u0442\u0438\u043b\u044c\u043d\u044b\u0435, \u0438\u0434\u0435\u0430\u043b\u044c\u043d\u043e \u043f\u043e\u0434\u0445\u043e\u0434\u044f\u0442 \u0434\u043b\u044f \u043a\u0440\u044b\u0448\u0438 \u0438\u043b\u0438 \u0431\u0430\u0433\u0430\u0436\u043d\u0438\u043a\u0430 Thule.\",\"breadcrumb\":{\"@id\":\"https:\/\/xstyle.md\/product\/nabor-sumok-thule-gopack-duffle-set-4-bags\/#breadcrumb\"},\"inLanguage\":\"ro-RO\",\"potentialAction\":[{\"@type\":\"ReadAction\",\"target\":[\"https:\/\/xstyle.md\/product\/nabor-sumok-thule-gopack-duffle-set-4-bags\/\"]}]},{\"@type\":\"ImageObject\",\"inLanguage\":\"ro-RO\",\"@id\":\"https:\/\/xstyle.md\/product\/nabor-sumok-thule-gopack-duffle-set-4-bags\/#primaryimage\",\"url\":\"https:\/\/xstyle.md\/wp-content\/uploads\/2024\/06\/thule-gopack-duffle-set-4-bags.jpg\",\"contentUrl\":\"https:\/\/xstyle.md\/wp-content\/uploads\/2024\/06\/thule-gopack-duffle-set-4-bags.jpg\",\"width\":500,\"height\":500,\"caption\":\"\u041a\u043e\u043c\u043f\u043b\u0435\u043a\u0442 \u0441\u0443\u043c\u043e\u043a Thule GoPack Duffle Set \u0434\u043b\u044f \u0430\u043a\u0442\u0438\u0432\u043d\u043e\u0433\u043e \u043e\u0442\u0434\u044b\u0445\u0430 \u043f\u0443\u0442\u0435\u0448\u0435\u0441\u0442\u0432\u0438\u0439 \u0438 \u043f\u043e\u0445\u043e\u0434\u043e\u0432 \u043d\u0430 \u043f\u0440\u0438\u0440\u043e\u0434\u0435 \u0441 \u0440\u044e\u043a\u0437\u0430\u043a\u0430\u043c\u0438 \u0438 \u043e\u0431\u0443\u0432\u044c\u044e \u0434\u043b\u044f \u0445\u0430\u0439\u043a\u0438\u043d\u0433\u0430 \u0438 \u0430\u043b\u044c\u043f\u0438\u043d\u0438\u0437\u043c\u0430 \u0432 \u0438\u043d\u0442\u0435\u0440\u043d\u0435\u0442 \u043c\u0430\u0433\u0430\u0437\u0438\u043d\u0435 \u0442\u043e\u0432\u0430\u0440\u043e\u0432 \u0434\u043b\u044f \u0430\u043a\u0442\u0438\u0432\u043d\u043e\u0439 \u0436\u0438\u0437\u043d\u0438\"},{\"@type\":\"BreadcrumbList\",\"@id\":\"https:\/\/xstyle.md\/product\/nabor-sumok-thule-gopack-duffle-set-4-bags\/#breadcrumb\",\"itemListElement\":[{\"@type\":\"ListItem\",\"position\":1,\"name\":\"\u0413\u043b\u0430\u0432\u043d\u0430\u044f \u0441\u0442\u0440\u0430\u043d\u0438\u0446\u0430\",\"item\":\"https:\/\/xstyle.md\/\"},{\"@type\":\"ListItem\",\"position\":2,\"name\":\"\u041c\u0430\u0433\u0430\u0437\u0438\u043d\",\"item\":\"https:\/\/xstyle.md\/shop\/\"},{\"@type\":\"ListItem\",\"position\":3,\"name\":\"\u041d\u0430\u0431\u043e\u0440 \u0441\u0443\u043c\u043e\u043a Thule GoPack Duffle Set 4 Bags\"}]},{\"@type\":\"WebSite\",\"@id\":\"https:\/\/xstyle.md\/#website\",\"url\":\"https:\/\/xstyle.md\/\",\"name\":\"\u041c\u0430\u0433\u0430\u0437\u0438\u043d Xstyle\",\"description\":\"C\u043d\u0430\u0440\u044f\u0436\u0435\u043d\u0438\u0435 \u0434\u043b\u044f \u0442\u0443\u0440\u0438\u0437\u043c\u0430 \u0438 \u044d\u043a\u0441\u0442\u0440\u0435\u043c\u0430\u043b\u044c\u043d\u044b\u0445 \u0432\u0438\u0434\u043e\u0432 \u0441\u043f\u043e\u0440\u0442\u0430 \u0432 \u041c\u043e\u043b\u0434\u043e\u0432\u0435.. \u0426\u0435\u043d\u044b, \u0444\u043e\u0442\u043e, \u0445\u0430\u0440\u0430\u043a\u0442\u0435\u0440\u0438\u0441\u0442\u0438\u043a\u0438 \u0432 \u041c\u043e\u043b\u0434\u043e\u0432\u0435.\",\"publisher\":{\"@id\":\"https:\/\/xstyle.md\/#organization\"},\"alternateName\":\"X-Style\",\"potentialAction\":[{\"@type\":\"SearchAction\",\"target\":{\"@type\":\"EntryPoint\",\"urlTemplate\":\"https:\/\/xstyle.md\/?s={search_term_string}\"},\"query-input\":{\"@type\":\"PropertyValueSpecification\",\"valueRequired\":true,\"valueName\":\"search_term_string\"}}],\"inLanguage\":\"ro-RO\"},{\"@type\":\"Organization\",\"@id\":\"https:\/\/xstyle.md\/#organization\",\"name\":\"\u041c\u0430\u0433\u0430\u0437\u0438\u043d Xstyle\",\"alternateName\":\"x-style\",\"url\":\"https:\/\/xstyle.md\/\",\"logo\":{\"@type\":\"ImageObject\",\"inLanguage\":\"ro-RO\",\"@id\":\"https:\/\/xstyle.md\/#\/schema\/logo\/image\/\",\"url\":\"https:\/\/xstyle.md\/wp-content\/uploads\/2020\/06\/logoicon.svg\",\"contentUrl\":\"https:\/\/xstyle.md\/wp-content\/uploads\/2020\/06\/logoicon.svg\",\"caption\":\"\u041c\u0430\u0433\u0430\u0437\u0438\u043d Xstyle\"},\"image\":{\"@id\":\"https:\/\/xstyle.md\/#\/schema\/logo\/image\/\"},\"sameAs\":[\"https:\/\/www.facebook.com\/xstylemd\",\"https:\/\/www.instagram.com\/xstyle_md\/\",\"https:\/\/t.me\/xstyle_outdoor\"],\"hasMerchantReturnPolicy\":{\"@type\":\"MerchantReturnPolicy\",\"merchantReturnLink\":\"https:\/\/xstyle.md\/ro\/conditions\/\"}}]}<\/script>\n<meta property=\"product:price:amount\" content=\"5990.00\" \/>\n<meta property=\"product:price:currency\" content=\"MDL\" \/>\n<meta property=\"og:availability\" content=\"instock\" \/>\n<meta property=\"product:availability\" content=\"instock\" \/>\n<meta property=\"product:retailer_item_id\" content=\"85854256568\" \/>\n<meta property=\"product:condition\" content=\"new\" \/>\n<!-- \/ Yoast SEO plugin. -->","yoast_head_json":{"title":"Set gen\u021bi Thule GoPack Duffle Set 4 Bags - Magazin Xstyle","description":"Set de gen\u021bi Thule GoPack Duffle (4 gen\u021bi) - alegerea ideal\u0103 pentru c\u0103l\u0103torii. Rezistente \u0219i elegante, se potrivesc perfect pe acoperi\u0219 sau \u00een portbagajul Thule.","robots":{"index":"index","follow":"follow","max-snippet":"max-snippet:-1","max-image-preview":"max-image-preview:large","max-video-preview":"max-video-preview:-1"},"canonical":"https:\/\/xstyle.md\/ro\/produs\/nabor-sumok-thule-gopack-duffle-set-4-bags\/","og_locale":"ro_RO","og_type":"article","og_title":"\u041d\u0430\u0431\u043e\u0440 \u0441\u0443\u043c\u043e\u043a Thule GoPack Duffle Set 4 Bags - \u041c\u0430\u0433\u0430\u0437\u0438\u043d Xstyle","og_description":"\u041d\u0430\u0431\u043e\u0440 \u0441\u0443\u043c\u043e\u043a Thule GoPack Duffle Set (4 \u0441\u0443\u043c\u043a\u0438) - \u0438\u0434\u0435\u0430\u043b\u044c\u043d\u044b\u0439 \u0432\u044b\u0431\u043e\u0440 \u0434\u043b\u044f \u043f\u0443\u0442\u0435\u0448\u0435\u0441\u0442\u0432\u0438\u0439. \u041f\u0440\u043e\u0447\u043d\u044b\u0435 \u0438 \u0441\u0442\u0438\u043b\u044c\u043d\u044b\u0435, \u0438\u0434\u0435\u0430\u043b\u044c\u043d\u043e \u043f\u043e\u0434\u0445\u043e\u0434\u044f\u0442 \u0434\u043b\u044f \u043a\u0440\u044b\u0448\u0438 \u0438\u043b\u0438 \u0431\u0430\u0433\u0430\u0436\u043d\u0438\u043a\u0430 Thule.","og_url":"https:\/\/xstyle.md\/ro\/produs\/nabor-sumok-thule-gopack-duffle-set-4-bags\/","og_site_name":"\u041c\u0430\u0433\u0430\u0437\u0438\u043d Xstyle","article_publisher":"https:\/\/www.facebook.com\/xstylemd","article_modified_time":"2025-12-18T14:17:19+00:00","og_image":[{"width":500,"height":500,"url":"https:\/\/xstyle.md\/wp-content\/uploads\/2024\/06\/thule-gopack-duffle-set-4-bags.jpg","type":"image\/jpeg"}],"twitter_card":"summary_large_image","twitter_misc":{"Pre\u021b":"5.990&nbsp;MDL","Disponibilitate":"\u00cen stoc"},"schema":{"@context":"https:\/\/schema.org","@graph":[{"@type":"WebPage","@id":"https:\/\/xstyle.md\/product\/nabor-sumok-thule-gopack-duffle-set-4-bags\/","url":"https:\/\/xstyle.md\/product\/nabor-sumok-thule-gopack-duffle-set-4-bags\/","name":"Set gen\u021bi Thule GoPack Duffle Set 4 Bags - Magazin Xstyle","isPartOf":{"@id":"https:\/\/xstyle.md\/#website"},"primaryImageOfPage":{"@id":"https:\/\/xstyle.md\/product\/nabor-sumok-thule-gopack-duffle-set-4-bags\/#primaryimage"},"image":{"@id":"https:\/\/xstyle.md\/product\/nabor-sumok-thule-gopack-duffle-set-4-bags\/#primaryimage"},"thumbnailUrl":"https:\/\/xstyle.md\/wp-content\/uploads\/2024\/06\/thule-gopack-duffle-set-4-bags.jpg","datePublished":"2024-06-17T15:00:26+00:00","dateModified":"2025-12-18T14:17:19+00:00","description":"Set de gen\u021bi Thule GoPack Duffle (4 gen\u021bi) - alegerea ideal\u0103 pentru c\u0103l\u0103torii. Rezistente \u0219i elegante, se potrivesc perfect pe acoperi\u0219 sau \u00een portbagajul Thule.","breadcrumb":{"@id":"https:\/\/xstyle.md\/product\/nabor-sumok-thule-gopack-duffle-set-4-bags\/#breadcrumb"},"inLanguage":"ro-RO","potentialAction":[{"@type":"ReadAction","target":["https:\/\/xstyle.md\/product\/nabor-sumok-thule-gopack-duffle-set-4-bags\/"]}]},{"@type":"ImageObject","inLanguage":"ro-RO","@id":"https:\/\/xstyle.md\/product\/nabor-sumok-thule-gopack-duffle-set-4-bags\/#primaryimage","url":"https:\/\/xstyle.md\/wp-content\/uploads\/2024\/06\/thule-gopack-duffle-set-4-bags.jpg","contentUrl":"https:\/\/xstyle.md\/wp-content\/uploads\/2024\/06\/thule-gopack-duffle-set-4-bags.jpg","width":500,"height":500,"caption":"\u041a\u043e\u043c\u043f\u043b\u0435\u043a\u0442 \u0441\u0443\u043c\u043e\u043a Thule GoPack Duffle Set \u0434\u043b\u044f \u0430\u043a\u0442\u0438\u0432\u043d\u043e\u0433\u043e \u043e\u0442\u0434\u044b\u0445\u0430 \u043f\u0443\u0442\u0435\u0448\u0435\u0441\u0442\u0432\u0438\u0439 \u0438 \u043f\u043e\u0445\u043e\u0434\u043e\u0432 \u043d\u0430 \u043f\u0440\u0438\u0440\u043e\u0434\u0435 \u0441 \u0440\u044e\u043a\u0437\u0430\u043a\u0430\u043c\u0438 \u0438 \u043e\u0431\u0443\u0432\u044c\u044e \u0434\u043b\u044f \u0445\u0430\u0439\u043a\u0438\u043d\u0433\u0430 \u0438 \u0430\u043b\u044c\u043f\u0438\u043d\u0438\u0437\u043c\u0430 \u0432 \u0438\u043d\u0442\u0435\u0440\u043d\u0435\u0442 \u043c\u0430\u0433\u0430\u0437\u0438\u043d\u0435 \u0442\u043e\u0432\u0430\u0440\u043e\u0432 \u0434\u043b\u044f \u0430\u043a\u0442\u0438\u0432\u043d\u043e\u0439 \u0436\u0438\u0437\u043d\u0438"},{"@type":"BreadcrumbList","@id":"https:\/\/xstyle.md\/product\/nabor-sumok-thule-gopack-duffle-set-4-bags\/#breadcrumb","itemListElement":[{"@type":"ListItem","position":1,"name":"\u0413\u043b\u0430\u0432\u043d\u0430\u044f \u0441\u0442\u0440\u0430\u043d\u0438\u0446\u0430","item":"https:\/\/xstyle.md\/"},{"@type":"ListItem","position":2,"name":"\u041c\u0430\u0433\u0430\u0437\u0438\u043d","item":"https:\/\/xstyle.md\/shop\/"},{"@type":"ListItem","position":3,"name":"\u041d\u0430\u0431\u043e\u0440 \u0441\u0443\u043c\u043e\u043a Thule GoPack Duffle Set 4 Bags"}]},{"@type":"WebSite","@id":"https:\/\/xstyle.md\/#website","url":"https:\/\/xstyle.md\/","name":"Magazinul X-Style","description":"Echipamente pentru turism \u0219i sporturi extreme \u00een Moldova. Pre\u021buri, fotografii, caracteristici \u00een Moldova.","publisher":{"@id":"https:\/\/xstyle.md\/#organization"},"alternateName":"X-Style","potentialAction":[{"@type":"SearchAction","target":{"@type":"EntryPoint","urlTemplate":"https:\/\/xstyle.md\/?s={search_term_string}"},"query-input":{"@type":"PropertyValueSpecification","valueRequired":true,"valueName":"search_term_string"}}],"inLanguage":"ro-RO"},{"@type":"Organization","@id":"https:\/\/xstyle.md\/#organization","name":"Magazinul X-Style","alternateName":"x-style","url":"https:\/\/xstyle.md\/","logo":{"@type":"ImageObject","inLanguage":"ro-RO","@id":"https:\/\/xstyle.md\/#\/schema\/logo\/image\/","url":"https:\/\/xstyle.md\/wp-content\/uploads\/2020\/06\/logoicon.svg","contentUrl":"https:\/\/xstyle.md\/wp-content\/uploads\/2020\/06\/logoicon.svg","caption":"\u041c\u0430\u0433\u0430\u0437\u0438\u043d Xstyle"},"image":{"@id":"https:\/\/xstyle.md\/#\/schema\/logo\/image\/"},"sameAs":["https:\/\/www.facebook.com\/xstylemd","https:\/\/www.instagram.com\/xstyle_md\/","https:\/\/t.me\/xstyle_outdoor"],"hasMerchantReturnPolicy":{"@type":"MerchantReturnPolicy","merchantReturnLink":"https:\/\/xstyle.md\/ro\/conditions\/"}}]},"product_price_amount":"5990.00","product_price_currency":"MDL","og_availability":"instock","product_availability":"instock","product_retailer_item_id":"85854256568","product_condition":"new"},"post_mailing_queue_ids":[],"_links":{"self":[{"href":"https:\/\/xstyle.md\/ro\/wp-json\/wp\/v2\/product\/84892","targetHints":{"allow":["GET"]}}],"collection":[{"href":"https:\/\/xstyle.md\/ro\/wp-json\/wp\/v2\/product"}],"about":[{"href":"https:\/\/xstyle.md\/ro\/wp-json\/wp\/v2\/types\/product"}],"replies":[{"embeddable":true,"href":"https:\/\/xstyle.md\/ro\/wp-json\/wp\/v2\/comments?post=84892"}],"wp:featuredmedia":[{"embeddable":true,"href":"https:\/\/xstyle.md\/ro\/wp-json\/wp\/v2\/media\/85023"}],"wp:attachment":[{"href":"https:\/\/xstyle.md\/ro\/wp-json\/wp\/v2\/media?parent=84892"}],"wp:term":[{"taxonomy":"product_brand","embeddable":true,"href":"https:\/\/xstyle.md\/ro\/wp-json\/wp\/v2\/product_brand?post=84892"},{"taxonomy":"product_cat","embeddable":true,"href":"https:\/\/xstyle.md\/ro\/wp-json\/wp\/v2\/product_cat?post=84892"},{"taxonomy":"product_tag","embeddable":true,"href":"https:\/\/xstyle.md\/ro\/wp-json\/wp\/v2\/product_tag?post=84892"}],"curies":[{"name":"wp","href":"https:\/\/api.w.org\/{rel}","templated":true}]}}