{"id":84889,"date":"2024-06-17T18:00:26","date_gmt":"2024-06-17T15:00:26","guid":{"rendered":"https:\/\/xstyle.md\/?post_type=product&#038;p=84889"},"modified":"2026-04-07T15:24:27","modified_gmt":"2026-04-07T12:24:27","slug":"nabor-posudy-sea-to-summit-passage-dinnerware-7-pcs","status":"publish","type":"product","link":"https:\/\/xstyle.md\/ro\/produs\/nabor-posudy-sea-to-summit-passage-dinnerware-7-pcs\/","title":{"rendered":"Set de vesela Sea to Summit Passage Dinnerware 7 pcs"},"content":{"rendered":"<\/p>\n<p><strong>Sea to Summit Passage Dinnerware 7 pcs<\/strong> &#8212; setul de vesel\u0103 Passage din 7 piese este ideal pentru 1 persoan\u0103. Este u\u0219oar\u0103, durabil\u0103 \u0219i u\u0219or de cur\u0103\u021bat. Datorit\u0103 pere\u021bilor Cool Grip, care reduc temperatura suprafe\u021bei \u0219i transferul de c\u0103ldur\u0103, m\u00e2ncatul este sigur \u0219i f\u0103r\u0103 complica\u021bii. Tac\u00e2murile Passage pot fi \u00eembinate pentru a crea o lingur\u0103, o furculi\u021b\u0103 sau un cu\u021bit cu m\u00e2ner lung, pentru economie de spa\u021biu \u0219i eficien\u021b\u0103.<\/p>\n<h3>Particularit\u0103\u021bi<\/h3>\n<ul>\n<li>U\u0219oare, compacte \u0219i durabile<\/li>\n<li>U\u0219or de cur\u0103\u021bat, rezistent la microunde \u0219i la ma\u0219ina de sp\u0103lat vase<\/li>\n<li>Fabricat din polipropilen\u0103 armat\u0103 cu fibr\u0103 de sticl\u0103, f\u0103r\u0103 BPA<\/li>\n<li>Minimizeaz\u0103 scurgerile: pere\u021bi laterali verticali \u00eenal\u021bi<\/li>\n<li>Captura\u021bi fiecare \u00eembuc\u0103tur\u0103: forma curbat\u0103 a bolurilor completeaz\u0103 perfect lingurile Sea to Summit, facilit\u00e2nd cur\u0103\u021barea marginilor<\/li>\n<li>Cool Grip, pere\u021bi cu nervuri canelate pentru protec\u021bie sporit\u0103 \u00eempotriva temperaturilor extreme, pentru o prindere rece \u0219i confortabil\u0103<\/li>\n<\/ul>\n<h3>Caracteristici<\/h3>\n<ul>\n<li>Material &#8212; plastic alimentar<\/li>\n<li>Dimensiuni pliate &#8212; 17,7 x 17,7 x 10,2 cm<\/li>\n<li>Greutate &#8212; 324 g<\/li>\n<\/ul>\n<h3>Setul include<\/h3>\n<ul>\n<li>Can\u0103 &#8212; 475 ml, 9,3 x 9,3 x 12,7 cm<\/li>\n<li>Bol &#8212; 945 ml, 17,7 x 17,7 x 5 cm<\/li>\n<li>Farfurie &#8212; 1020 ml, 22,4 x 22,4 x 3,3 cm<\/li>\n<li>Lingur\u0103 \u0219i furculi\u021b\u0103 &#8212; 15,8 x 4 x 1,1 cm<\/li>\n<li>Lingur\u0103 &#8212; 15,8 x 4 x 1,2 cm<\/li>\n<li>Furculi\u021b\u0103 &#8212; 15.8 x 2.9 x 1 cm<\/li>\n<li>Cu\u021bit &#8212; 15,8 x 2,4 x 0,6 cm<\/li>\n<\/ul>\n<h3>Tehnologie<\/h3>\n<ul>\n<li><strong>BPA<\/strong> \u2013 este un compus chimic organic \u0219i este utilizat pentru fabricarea materialelor plastice, a policarbonatului \u0219i a r\u0103\u0219inii epoxidice. De asemenea, aceast\u0103 substan\u021b\u0103 este ad\u0103ugat\u0103 la produsele din plastic \u0219i la conservele alimentare. Principalele propriet\u0103\u021bi ale bisfenolului-A sunt propriet\u0103\u021bi de \u00eent\u0103rire \u0219i antioxidante. BPA este capabil s\u0103 p\u0103trund\u0103 \u00een corpul uman nu numai cu alimente \u0219i ap\u0103, ci \u0219i prin piele \u0219i pl\u0103m\u00e2ni. Contactul prelungit al lichidelor \u0219i alimentelor umede cu plasticul, care con\u021bine bisfenol-A, contribuie la eliberarea acestei substan\u021be \u00een alimente. \u00cenc\u0103lzirea acestor recipiente accelereaz\u0103 semnificativ eliberarea de bisfenol-A. Aceste tac\u00e2muri sunt etichetate bpa fre\u0435, ceea ce indic\u0103 faptul c\u0103 bisfenol-A nu a fost utilizat la fabricarea acestui recipient.<\/li>\n<\/ul>\n<h3>Marca<\/h3>\n<p>Sea to Summit este un brand fondat \u00een 1990 \u00een Australia. Acesta ofer\u0103 echipamente unice \u0219i utile pentru turism \u0219i c\u0103l\u0103torii: huse impermeabile, prosoape din microfibr\u0103, ustensile pliabile din silicon, gen\u021bi, rucsacuri, corturi, saci de dormit. Fiecare articol proiectat \u00een companie are o greutate minim\u0103 \u0219i o func\u021bionalitate maxim\u0103.<\/p>\n<p><\/p>","protected":false},"excerpt":{"rendered":"","protected":false},"featured_media":85461,"comment_status":"open","ping_status":"closed","template":"","meta":{"_acf_changed":false,"inline_featured_image":false},"product_brand":[1281],"product_cat":[151],"product_tag":[],"class_list":{"0":"post-84889","1":"product","2":"type-product","3":"status-publish","4":"has-post-thumbnail","6":"product_brand-sea-to-summit","7":"product_cat-bowls-and-mugs","9":"first","10":"instock","11":"shipping-taxable","12":"purchasable","13":"product-type-simple"},"acf":[],"yoast_head":"<!-- This site is optimized with the Yoast SEO plugin v27.2 - https:\/\/yoast.com\/product\/yoast-seo-wordpress\/ -->\n<title>\u041d\u0430\u0431\u043e\u0440 \u043f\u043e\u0441\u0443\u0434\u044b Sea to Summit Passage Dinnerware 7 pcs - \u041c\u0430\u0433\u0430\u0437\u0438\u043d Xstyle<\/title>\n<meta name=\"description\" content=\"\u041d\u0430\u0431\u043e\u0440 \u043f\u043e\u0441\u0443\u0434\u044b Sea to Summit Passage (7 \u0448\u0442) \u043b\u0435\u0433\u043a\u0438\u0439, \u043f\u0440\u043e\u0447\u043d\u044b\u0439 \u0438 \u0443\u0434\u043e\u0431\u043d\u044b\u0439 \u0432 \u0443\u0445\u043e\u0434\u0435. \u0418\u0434\u0435\u0430\u043b\u0435\u043d \u0434\u043b\u044f \u043f\u0443\u0442\u0435\u0448\u0435\u0441\u0442\u0432\u0438\u0439 \u0438 \u043a\u0435\u043c\u043f\u0438\u043d\u0433\u0430. \u0411\u0435\u0437 BPA \u0434\u043b\u044f \u0432\u0430\u0448\u0435\u0439 \u0431\u0435\u0437\u043e\u043f\u0430\u0441\u043d\u043e\u0441\u0442\u0438.\" \/>\n<meta name=\"robots\" content=\"index, follow, max-snippet:-1, max-image-preview:large, max-video-preview:-1\" \/>\n<link rel=\"canonical\" href=\"https:\/\/xstyle.md\/ro\/produs\/nabor-posudy-sea-to-summit-passage-dinnerware-7-pcs\/\" \/>\n<meta property=\"og:locale\" content=\"ro_RO\" \/>\n<meta property=\"og:type\" content=\"article\" \/>\n<meta property=\"og:title\" content=\"\u041d\u0430\u0431\u043e\u0440 \u043f\u043e\u0441\u0443\u0434\u044b Sea to Summit Passage Dinnerware 7 pcs - \u041c\u0430\u0433\u0430\u0437\u0438\u043d Xstyle\" \/>\n<meta property=\"og:description\" content=\"\u041d\u0430\u0431\u043e\u0440 \u043f\u043e\u0441\u0443\u0434\u044b Sea to Summit Passage (7 \u0448\u0442) \u043b\u0435\u0433\u043a\u0438\u0439, \u043f\u0440\u043e\u0447\u043d\u044b\u0439 \u0438 \u0443\u0434\u043e\u0431\u043d\u044b\u0439 \u0432 \u0443\u0445\u043e\u0434\u0435. \u0418\u0434\u0435\u0430\u043b\u0435\u043d \u0434\u043b\u044f \u043f\u0443\u0442\u0435\u0448\u0435\u0441\u0442\u0432\u0438\u0439 \u0438 \u043a\u0435\u043c\u043f\u0438\u043d\u0433\u0430. \u0411\u0435\u0437 BPA \u0434\u043b\u044f \u0432\u0430\u0448\u0435\u0439 \u0431\u0435\u0437\u043e\u043f\u0430\u0441\u043d\u043e\u0441\u0442\u0438.\" \/>\n<meta property=\"og:url\" content=\"https:\/\/xstyle.md\/ro\/produs\/nabor-posudy-sea-to-summit-passage-dinnerware-7-pcs\/\" \/>\n<meta property=\"og:site_name\" content=\"\u041c\u0430\u0433\u0430\u0437\u0438\u043d Xstyle\" \/>\n<meta property=\"article:publisher\" content=\"https:\/\/www.facebook.com\/xstylemd\" \/>\n<meta property=\"article:modified_time\" content=\"2026-04-07T12:24:27+00:00\" \/>\n<meta property=\"og:image\" content=\"https:\/\/xstyle.md\/wp-content\/uploads\/2024\/06\/sea-to-summit-passage-dinnerware-7-pcs-yellow.jpg\" \/>\n\t<meta property=\"og:image:width\" content=\"1500\" \/>\n\t<meta property=\"og:image:height\" content=\"1500\" \/>\n\t<meta property=\"og:image:type\" content=\"image\/jpeg\" \/>\n<meta name=\"twitter:card\" content=\"summary_large_image\" \/>\n<meta name=\"twitter:label1\" content=\"Pre\u021b\" \/>\n\t<meta name=\"twitter:data1\" content=\"930&nbsp;MDL\" \/>\n\t<meta name=\"twitter:label2\" content=\"Disponibilitate\" \/>\n\t<meta name=\"twitter:data2\" content=\"\u00cen stoc\" \/>\n<script type=\"application\/ld+json\" class=\"yoast-schema-graph\">{\"@context\":\"https:\/\/schema.org\",\"@graph\":[{\"@type\":\"WebPage\",\"@id\":\"https:\/\/xstyle.md\/product\/nabor-posudy-sea-to-summit-passage-dinnerware-7-pcs\/\",\"url\":\"https:\/\/xstyle.md\/product\/nabor-posudy-sea-to-summit-passage-dinnerware-7-pcs\/\",\"name\":\"\u041d\u0430\u0431\u043e\u0440 \u043f\u043e\u0441\u0443\u0434\u044b Sea to Summit Passage Dinnerware 7 pcs - \u041c\u0430\u0433\u0430\u0437\u0438\u043d Xstyle\",\"isPartOf\":{\"@id\":\"https:\/\/xstyle.md\/#website\"},\"primaryImageOfPage\":{\"@id\":\"https:\/\/xstyle.md\/product\/nabor-posudy-sea-to-summit-passage-dinnerware-7-pcs\/#primaryimage\"},\"image\":{\"@id\":\"https:\/\/xstyle.md\/product\/nabor-posudy-sea-to-summit-passage-dinnerware-7-pcs\/#primaryimage\"},\"thumbnailUrl\":\"https:\/\/xstyle.md\/wp-content\/uploads\/2024\/06\/sea-to-summit-passage-dinnerware-7-pcs-yellow.jpg\",\"datePublished\":\"2024-06-17T15:00:26+00:00\",\"dateModified\":\"2026-04-07T12:24:27+00:00\",\"description\":\"\u041d\u0430\u0431\u043e\u0440 \u043f\u043e\u0441\u0443\u0434\u044b Sea to Summit Passage (7 \u0448\u0442) \u043b\u0435\u0433\u043a\u0438\u0439, \u043f\u0440\u043e\u0447\u043d\u044b\u0439 \u0438 \u0443\u0434\u043e\u0431\u043d\u044b\u0439 \u0432 \u0443\u0445\u043e\u0434\u0435. \u0418\u0434\u0435\u0430\u043b\u0435\u043d \u0434\u043b\u044f \u043f\u0443\u0442\u0435\u0448\u0435\u0441\u0442\u0432\u0438\u0439 \u0438 \u043a\u0435\u043c\u043f\u0438\u043d\u0433\u0430. \u0411\u0435\u0437 BPA \u0434\u043b\u044f \u0432\u0430\u0448\u0435\u0439 \u0431\u0435\u0437\u043e\u043f\u0430\u0441\u043d\u043e\u0441\u0442\u0438.\",\"breadcrumb\":{\"@id\":\"https:\/\/xstyle.md\/product\/nabor-posudy-sea-to-summit-passage-dinnerware-7-pcs\/#breadcrumb\"},\"inLanguage\":\"ro-RO\",\"potentialAction\":[{\"@type\":\"ReadAction\",\"target\":[\"https:\/\/xstyle.md\/product\/nabor-posudy-sea-to-summit-passage-dinnerware-7-pcs\/\"]}]},{\"@type\":\"ImageObject\",\"inLanguage\":\"ro-RO\",\"@id\":\"https:\/\/xstyle.md\/product\/nabor-posudy-sea-to-summit-passage-dinnerware-7-pcs\/#primaryimage\",\"url\":\"https:\/\/xstyle.md\/wp-content\/uploads\/2024\/06\/sea-to-summit-passage-dinnerware-7-pcs-yellow.jpg\",\"contentUrl\":\"https:\/\/xstyle.md\/wp-content\/uploads\/2024\/06\/sea-to-summit-passage-dinnerware-7-pcs-yellow.jpg\",\"width\":1500,\"height\":1500,\"caption\":\"\u041c\u043d\u043e\u0433\u043e\u0444\u0443\u043d\u043a\u0446\u0438\u043e\u043d\u0430\u043b\u044c\u043d\u044b\u0439 \u043d\u0430\u0431\u043e\u0440 \u043f\u043e\u0441\u0443\u0434\u044b Sea to Summit Passage Dinnerware \u0434\u043b\u044f \u0430\u043a\u0442\u0438\u0432\u043d\u043e\u0433\u043e \u043e\u0442\u0434\u044b\u0445\u0430, \u043f\u0443\u0442\u0435\u0448\u0435\u0441\u0442\u0432\u0438\u0439, \u0442\u0443\u0440\u0438\u0437\u043c\u0430 \u0438 \u0445\u0430\u0439\u043a\u0438\u043d\u0433\u0430, \u043a\u043e\u043c\u043f\u043b\u0435\u043a\u0442 \u0438\u0437 7 \u043f\u0440\u0435\u0434\u043c\u0435\u0442\u043e\u0432, \u0436\u0435\u043b\u0442\u044b\u0439, \u0438\u0434\u0435\u0430\u043b\u044c\u043d\u044b\u0439 \u0434\u043b\u044f \u0430\u043a\u0442\u0438\u0432\u043d\u043e\u0439 \u0436\u0438\u0437\u043d\u0438 \u043d\u0430 \u043f\u0440\u0438\u0440\u043e\u0434\u0435, \u043f\u043e\u0445\u043e\u0434\u043e\u0432 \u0438 \u0430\u043b\u044c\u043f\u0438\u043d\u0438\u0437\u043c\u0430\"},{\"@type\":\"BreadcrumbList\",\"@id\":\"https:\/\/xstyle.md\/product\/nabor-posudy-sea-to-summit-passage-dinnerware-7-pcs\/#breadcrumb\",\"itemListElement\":[{\"@type\":\"ListItem\",\"position\":1,\"name\":\"\u0413\u043b\u0430\u0432\u043d\u0430\u044f \u0441\u0442\u0440\u0430\u043d\u0438\u0446\u0430\",\"item\":\"https:\/\/xstyle.md\/\"},{\"@type\":\"ListItem\",\"position\":2,\"name\":\"\u041c\u0430\u0433\u0430\u0437\u0438\u043d\",\"item\":\"https:\/\/xstyle.md\/shop\/\"},{\"@type\":\"ListItem\",\"position\":3,\"name\":\"\u041d\u0430\u0431\u043e\u0440 \u043f\u043e\u0441\u0443\u0434\u044b Sea to Summit Passage Dinnerware 7 pcs\"}]},{\"@type\":\"WebSite\",\"@id\":\"https:\/\/xstyle.md\/#website\",\"url\":\"https:\/\/xstyle.md\/\",\"name\":\"\u041c\u0430\u0433\u0430\u0437\u0438\u043d Xstyle\",\"description\":\"C\u043d\u0430\u0440\u044f\u0436\u0435\u043d\u0438\u0435 \u0434\u043b\u044f \u0442\u0443\u0440\u0438\u0437\u043c\u0430 \u0438 \u044d\u043a\u0441\u0442\u0440\u0435\u043c\u0430\u043b\u044c\u043d\u044b\u0445 \u0432\u0438\u0434\u043e\u0432 \u0441\u043f\u043e\u0440\u0442\u0430 \u0432 \u041c\u043e\u043b\u0434\u043e\u0432\u0435.. \u0426\u0435\u043d\u044b, \u0444\u043e\u0442\u043e, \u0445\u0430\u0440\u0430\u043a\u0442\u0435\u0440\u0438\u0441\u0442\u0438\u043a\u0438 \u0432 \u041c\u043e\u043b\u0434\u043e\u0432\u0435.\",\"publisher\":{\"@id\":\"https:\/\/xstyle.md\/#organization\"},\"alternateName\":\"X-Style\",\"potentialAction\":[{\"@type\":\"SearchAction\",\"target\":{\"@type\":\"EntryPoint\",\"urlTemplate\":\"https:\/\/xstyle.md\/?s={search_term_string}\"},\"query-input\":{\"@type\":\"PropertyValueSpecification\",\"valueRequired\":true,\"valueName\":\"search_term_string\"}}],\"inLanguage\":\"ro-RO\"},{\"@type\":\"Organization\",\"@id\":\"https:\/\/xstyle.md\/#organization\",\"name\":\"\u041c\u0430\u0433\u0430\u0437\u0438\u043d Xstyle\",\"alternateName\":\"x-style\",\"url\":\"https:\/\/xstyle.md\/\",\"logo\":{\"@type\":\"ImageObject\",\"inLanguage\":\"ro-RO\",\"@id\":\"https:\/\/xstyle.md\/#\/schema\/logo\/image\/\",\"url\":\"https:\/\/xstyle.md\/wp-content\/uploads\/2020\/06\/logoicon.svg\",\"contentUrl\":\"https:\/\/xstyle.md\/wp-content\/uploads\/2020\/06\/logoicon.svg\",\"caption\":\"\u041c\u0430\u0433\u0430\u0437\u0438\u043d Xstyle\"},\"image\":{\"@id\":\"https:\/\/xstyle.md\/#\/schema\/logo\/image\/\"},\"sameAs\":[\"https:\/\/www.facebook.com\/xstylemd\",\"https:\/\/www.instagram.com\/xstyle_md\/\",\"https:\/\/t.me\/xstyle_outdoor\"],\"hasMerchantReturnPolicy\":{\"@type\":\"MerchantReturnPolicy\",\"merchantReturnLink\":\"https:\/\/xstyle.md\/ro\/conditions\/\"}}]}<\/script>\n<meta property=\"product:price:amount\" content=\"930.00\" \/>\n<meta property=\"product:price:currency\" content=\"MDL\" \/>\n<meta property=\"og:availability\" content=\"instock\" \/>\n<meta property=\"product:availability\" content=\"instock\" \/>\n<meta property=\"product:retailer_item_id\" content=\"9327868157198\" \/>\n<meta property=\"product:condition\" content=\"new\" \/>\n<!-- \/ Yoast SEO plugin. -->","yoast_head_json":{"title":"Set de vesela Sea to Summit Passage Dinnerware 7 pcs - Magazin Xstyle","description":"Set de vase Sea to Summit Passage (7 piese) u\u0219or, durabil \u0219i u\u0219or de \u00eentre\u021binut. Ideal pentru c\u0103l\u0103torii \u0219i camping. F\u0103r\u0103 BPA pentru siguran\u021ba dumneavoastr\u0103.","robots":{"index":"index","follow":"follow","max-snippet":"max-snippet:-1","max-image-preview":"max-image-preview:large","max-video-preview":"max-video-preview:-1"},"canonical":"https:\/\/xstyle.md\/ro\/produs\/nabor-posudy-sea-to-summit-passage-dinnerware-7-pcs\/","og_locale":"ro_RO","og_type":"article","og_title":"\u041d\u0430\u0431\u043e\u0440 \u043f\u043e\u0441\u0443\u0434\u044b Sea to Summit Passage Dinnerware 7 pcs - \u041c\u0430\u0433\u0430\u0437\u0438\u043d Xstyle","og_description":"\u041d\u0430\u0431\u043e\u0440 \u043f\u043e\u0441\u0443\u0434\u044b Sea to Summit Passage (7 \u0448\u0442) \u043b\u0435\u0433\u043a\u0438\u0439, \u043f\u0440\u043e\u0447\u043d\u044b\u0439 \u0438 \u0443\u0434\u043e\u0431\u043d\u044b\u0439 \u0432 \u0443\u0445\u043e\u0434\u0435. \u0418\u0434\u0435\u0430\u043b\u0435\u043d \u0434\u043b\u044f \u043f\u0443\u0442\u0435\u0448\u0435\u0441\u0442\u0432\u0438\u0439 \u0438 \u043a\u0435\u043c\u043f\u0438\u043d\u0433\u0430. \u0411\u0435\u0437 BPA \u0434\u043b\u044f \u0432\u0430\u0448\u0435\u0439 \u0431\u0435\u0437\u043e\u043f\u0430\u0441\u043d\u043e\u0441\u0442\u0438.","og_url":"https:\/\/xstyle.md\/ro\/produs\/nabor-posudy-sea-to-summit-passage-dinnerware-7-pcs\/","og_site_name":"\u041c\u0430\u0433\u0430\u0437\u0438\u043d Xstyle","article_publisher":"https:\/\/www.facebook.com\/xstylemd","article_modified_time":"2026-04-07T12:24:27+00:00","og_image":[{"width":1500,"height":1500,"url":"https:\/\/xstyle.md\/wp-content\/uploads\/2024\/06\/sea-to-summit-passage-dinnerware-7-pcs-yellow.jpg","type":"image\/jpeg"}],"twitter_card":"summary_large_image","twitter_misc":{"Pre\u021b":"930&nbsp;MDL","Disponibilitate":"\u00cen stoc"},"schema":{"@context":"https:\/\/schema.org","@graph":[{"@type":"WebPage","@id":"https:\/\/xstyle.md\/product\/nabor-posudy-sea-to-summit-passage-dinnerware-7-pcs\/","url":"https:\/\/xstyle.md\/product\/nabor-posudy-sea-to-summit-passage-dinnerware-7-pcs\/","name":"Set de vesela Sea to Summit Passage Dinnerware 7 pcs - Magazin Xstyle","isPartOf":{"@id":"https:\/\/xstyle.md\/#website"},"primaryImageOfPage":{"@id":"https:\/\/xstyle.md\/product\/nabor-posudy-sea-to-summit-passage-dinnerware-7-pcs\/#primaryimage"},"image":{"@id":"https:\/\/xstyle.md\/product\/nabor-posudy-sea-to-summit-passage-dinnerware-7-pcs\/#primaryimage"},"thumbnailUrl":"https:\/\/xstyle.md\/wp-content\/uploads\/2024\/06\/sea-to-summit-passage-dinnerware-7-pcs-yellow.jpg","datePublished":"2024-06-17T15:00:26+00:00","dateModified":"2026-04-07T12:24:27+00:00","description":"Set de vase Sea to Summit Passage (7 piese) u\u0219or, durabil \u0219i u\u0219or de \u00eentre\u021binut. Ideal pentru c\u0103l\u0103torii \u0219i camping. F\u0103r\u0103 BPA pentru siguran\u021ba dumneavoastr\u0103.","breadcrumb":{"@id":"https:\/\/xstyle.md\/product\/nabor-posudy-sea-to-summit-passage-dinnerware-7-pcs\/#breadcrumb"},"inLanguage":"ro-RO","potentialAction":[{"@type":"ReadAction","target":["https:\/\/xstyle.md\/product\/nabor-posudy-sea-to-summit-passage-dinnerware-7-pcs\/"]}]},{"@type":"ImageObject","inLanguage":"ro-RO","@id":"https:\/\/xstyle.md\/product\/nabor-posudy-sea-to-summit-passage-dinnerware-7-pcs\/#primaryimage","url":"https:\/\/xstyle.md\/wp-content\/uploads\/2024\/06\/sea-to-summit-passage-dinnerware-7-pcs-yellow.jpg","contentUrl":"https:\/\/xstyle.md\/wp-content\/uploads\/2024\/06\/sea-to-summit-passage-dinnerware-7-pcs-yellow.jpg","width":1500,"height":1500,"caption":"\u041c\u043d\u043e\u0433\u043e\u0444\u0443\u043d\u043a\u0446\u0438\u043e\u043d\u0430\u043b\u044c\u043d\u044b\u0439 \u043d\u0430\u0431\u043e\u0440 \u043f\u043e\u0441\u0443\u0434\u044b Sea to Summit Passage Dinnerware \u0434\u043b\u044f \u0430\u043a\u0442\u0438\u0432\u043d\u043e\u0433\u043e \u043e\u0442\u0434\u044b\u0445\u0430, \u043f\u0443\u0442\u0435\u0448\u0435\u0441\u0442\u0432\u0438\u0439, \u0442\u0443\u0440\u0438\u0437\u043c\u0430 \u0438 \u0445\u0430\u0439\u043a\u0438\u043d\u0433\u0430, \u043a\u043e\u043c\u043f\u043b\u0435\u043a\u0442 \u0438\u0437 7 \u043f\u0440\u0435\u0434\u043c\u0435\u0442\u043e\u0432, \u0436\u0435\u043b\u0442\u044b\u0439, \u0438\u0434\u0435\u0430\u043b\u044c\u043d\u044b\u0439 \u0434\u043b\u044f \u0430\u043a\u0442\u0438\u0432\u043d\u043e\u0439 \u0436\u0438\u0437\u043d\u0438 \u043d\u0430 \u043f\u0440\u0438\u0440\u043e\u0434\u0435, \u043f\u043e\u0445\u043e\u0434\u043e\u0432 \u0438 \u0430\u043b\u044c\u043f\u0438\u043d\u0438\u0437\u043c\u0430"},{"@type":"BreadcrumbList","@id":"https:\/\/xstyle.md\/product\/nabor-posudy-sea-to-summit-passage-dinnerware-7-pcs\/#breadcrumb","itemListElement":[{"@type":"ListItem","position":1,"name":"\u0413\u043b\u0430\u0432\u043d\u0430\u044f \u0441\u0442\u0440\u0430\u043d\u0438\u0446\u0430","item":"https:\/\/xstyle.md\/"},{"@type":"ListItem","position":2,"name":"\u041c\u0430\u0433\u0430\u0437\u0438\u043d","item":"https:\/\/xstyle.md\/shop\/"},{"@type":"ListItem","position":3,"name":"\u041d\u0430\u0431\u043e\u0440 \u043f\u043e\u0441\u0443\u0434\u044b Sea to Summit Passage Dinnerware 7 pcs"}]},{"@type":"WebSite","@id":"https:\/\/xstyle.md\/#website","url":"https:\/\/xstyle.md\/","name":"Magazinul X-Style","description":"Echipamente pentru turism \u0219i sporturi extreme \u00een Moldova. Pre\u021buri, fotografii, caracteristici \u00een Moldova.","publisher":{"@id":"https:\/\/xstyle.md\/#organization"},"alternateName":"X-Style","potentialAction":[{"@type":"SearchAction","target":{"@type":"EntryPoint","urlTemplate":"https:\/\/xstyle.md\/?s={search_term_string}"},"query-input":{"@type":"PropertyValueSpecification","valueRequired":true,"valueName":"search_term_string"}}],"inLanguage":"ro-RO"},{"@type":"Organization","@id":"https:\/\/xstyle.md\/#organization","name":"Magazinul X-Style","alternateName":"x-style","url":"https:\/\/xstyle.md\/","logo":{"@type":"ImageObject","inLanguage":"ro-RO","@id":"https:\/\/xstyle.md\/#\/schema\/logo\/image\/","url":"https:\/\/xstyle.md\/wp-content\/uploads\/2020\/06\/logoicon.svg","contentUrl":"https:\/\/xstyle.md\/wp-content\/uploads\/2020\/06\/logoicon.svg","caption":"\u041c\u0430\u0433\u0430\u0437\u0438\u043d Xstyle"},"image":{"@id":"https:\/\/xstyle.md\/#\/schema\/logo\/image\/"},"sameAs":["https:\/\/www.facebook.com\/xstylemd","https:\/\/www.instagram.com\/xstyle_md\/","https:\/\/t.me\/xstyle_outdoor"],"hasMerchantReturnPolicy":{"@type":"MerchantReturnPolicy","merchantReturnLink":"https:\/\/xstyle.md\/ro\/conditions\/"}}]},"product_price_amount":"930.00","product_price_currency":"MDL","og_availability":"instock","product_availability":"instock","product_retailer_item_id":"9327868157198","product_condition":"new"},"post_mailing_queue_ids":[],"_links":{"self":[{"href":"https:\/\/xstyle.md\/ro\/wp-json\/wp\/v2\/product\/84889","targetHints":{"allow":["GET"]}}],"collection":[{"href":"https:\/\/xstyle.md\/ro\/wp-json\/wp\/v2\/product"}],"about":[{"href":"https:\/\/xstyle.md\/ro\/wp-json\/wp\/v2\/types\/product"}],"replies":[{"embeddable":true,"href":"https:\/\/xstyle.md\/ro\/wp-json\/wp\/v2\/comments?post=84889"}],"wp:featuredmedia":[{"embeddable":true,"href":"https:\/\/xstyle.md\/ro\/wp-json\/wp\/v2\/media\/85461"}],"wp:attachment":[{"href":"https:\/\/xstyle.md\/ro\/wp-json\/wp\/v2\/media?parent=84889"}],"wp:term":[{"taxonomy":"product_brand","embeddable":true,"href":"https:\/\/xstyle.md\/ro\/wp-json\/wp\/v2\/product_brand?post=84889"},{"taxonomy":"product_cat","embeddable":true,"href":"https:\/\/xstyle.md\/ro\/wp-json\/wp\/v2\/product_cat?post=84889"},{"taxonomy":"product_tag","embeddable":true,"href":"https:\/\/xstyle.md\/ro\/wp-json\/wp\/v2\/product_tag?post=84889"}],"curies":[{"name":"wp","href":"https:\/\/api.w.org\/{rel}","templated":true}]}}