{"id":84886,"date":"2024-06-17T18:00:26","date_gmt":"2024-06-17T15:00:26","guid":{"rendered":"https:\/\/xstyle.md\/?post_type=product&#038;p=84886"},"modified":"2026-04-07T15:24:26","modified_gmt":"2026-04-07T12:24:26","slug":"nabor-posudy-sea-to-summit-frontier-ul-one-pot-cook-5-pcs","status":"publish","type":"product","link":"https:\/\/xstyle.md\/ro\/produs\/nabor-posudy-sea-to-summit-frontier-ul-one-pot-cook-5-pcs\/","title":{"rendered":"Set vesela Sea to Summit Frontier UL One Pot Cook 5 pcs"},"content":{"rendered":"<\/p>\n<p><strong>Sea to Summit Frontier UL One Pot Cook 5 pcs<\/strong> &#8212; setul de ustensile de g\u0103tit include dou\u0103 boluri medii, dou\u0103 c\u0103ni \u0219i o crati\u021b\u0103 de 2 litri &#8212; acest set garanteaz\u0103 o experien\u021b\u0103 pozitiv\u0103 de g\u0103tit \u00een aer liber! U\u0219oar\u0103 dar ergonomic\u0103, fabricat\u0103 din aliaj de aluminiu anodizat dur cu un strat ceramic antiaderent rezistent la abraziune, crati\u021ba este de o calitate excelent\u0103 pentru a rezista utiliz\u0103rii \u00een orice aventur\u0103 \u00een aer liber. Capacul cu filtru Easy-Flow asigur\u0103 scurgerea u\u0219oar\u0103 \u0219i eficient\u0103 a lichidelor, de la spaghete la legume, \u00een timp ce sistemul LidKeep patentat cu silicon integrat asigur\u0103 compactitatea \u00een timpul g\u0103titului, deoarece capacul se sprijin\u0103 pe partea lateral\u0103 a oalei. M\u00e2nerul Click-Safe se blocheaz\u0103 sigur \u00een pozi\u021bie atunci c\u00e2nd este utilizat, iar posibilitatea de a deta\u0219a m\u00e2nerul permite depozitarea compact\u0103 a oalei \u00een timpul transportului.<\/p>\n<p>Bucura\u021bi-v\u0103 de fiecare mas\u0103 \u0219i de fiecare \u00eembuc\u0103tur\u0103 datorit\u0103 designului curbat al bolurilor, facilit\u00e2nd asamblarea m\u00e2nc\u0103rii cu tac\u00e2murile Sea to Summit, care pot fi achizi\u021bionate separat.<\/p>\n<h3>Particularit\u0103\u021bi<\/h3>\n<ul>\n<li>Boluri \u0219i c\u0103ni din polipropilen\u0103 ranforsat\u0103 cu fibr\u0103 de sticl\u0103, conforme cu reglement\u0103rile UE privind alimentele, u\u0219or de cur\u0103\u021bat<\/li>\n<li>Bolurile \u0219i paharele pot fi sp\u0103late la microunde \u0219i la ma\u0219ina de sp\u0103lat vase<\/li>\n<li>Tigaie fabricat\u0103 din aliaj de aluminiu 100% anodizat pentru rezisten\u021b\u0103 \u0219i durabilitate<\/li>\n<li>Acoperire ceramic\u0103 antiaderent\u0103 pe tigaie pentru rezisten\u021b\u0103 la abraziune \u0219i cur\u0103\u021bare u\u0219oar\u0103<\/li>\n<li>M\u00e2ner Click-Safe pentru oal\u0103 deta\u0219abil din o\u021bel inoxidabil pentru utilizare \u00een siguran\u021b\u0103<\/li>\n<li>Sistem integrat de fixare a capacului LidKeep din silicon pe oale pentru o preparare u\u0219oar\u0103<\/li>\n<li>Curbura bolului se potrive\u0219te perfect cu tac\u00e2murile STS, disponibile separat, pentru o r\u0103zuire u\u0219oar\u0103<\/li>\n<li>Bolurile \u0219i c\u0103nile sunt perfect compatibile ca dimensiune cu crati\u021ba pliabil\u0103 Frontier de 2 litri, se potrive\u0219te \u00een interior pentru depozitare<\/li>\n<li>Oalele sunt compatibile cu vasele de g\u0103tit Passage \u0219i cu crati\u021bele Frontier v\u00e2ndute separat.<\/li>\n<\/ul>\n<h3>Caracteristici<\/h3>\n<ul>\n<li>Material &#8212; aliaj de aluminiu anodizat, o\u021bel inoxidabil 304, silicon alimentar, polipropilen\u0103 ranforsat\u0103 cu sticl\u0103<\/li>\n<li>Dimensiuni pliate &#8212; 17,4 x 16,5 x 11,2 x cm<\/li>\n<li>Greutate &#8212; 526 g<\/li>\n<\/ul>\n<h3>Setul include<\/h3>\n<ul>\n<li>Oal\u0103 &#8212; 2 litri, 30,1 x 16,5 x 11,2 cm<\/li>\n<li>Can\u0103 x 2 &#8212; 355 ml, 8,9 x 8,9 x 9,8 cm<\/li>\n<li>Bol x 2 &#8212; 740 ml, 15,1 x 15,1 x 5,4 cm<\/li>\n<\/ul>\n<h3>Tehnologie<\/h3>\n<ul>\n<li><strong>BPA<\/strong> \u2013 este un compus chimic organic \u0219i este utilizat pentru fabricarea materialelor plastice, a policarbonatului \u0219i a r\u0103\u0219inii epoxidice. De asemenea, aceast\u0103 substan\u021b\u0103 este ad\u0103ugat\u0103 la produsele din plastic \u0219i la conserve. Principalele propriet\u0103\u021bi ale bisfenolului-A sunt propriet\u0103\u021bile de \u00eent\u0103rire \u0219i antioxidante. BPA este capabil s\u0103 p\u0103trund\u0103 \u00een corpul uman nu numai cu ajutorul alimentelor \u0219i al apei, ci \u0219i prin piele \u0219i pl\u0103m\u00e2ni. Contactul prelungit al lichidelor \u0219i al alimentelor umede cu plasticul, care con\u021bine bisfenol-A, contribuie la eliberarea acestei substan\u021be \u00een alimente. \u00cenc\u0103lzirea unor astfel de recipiente accelereaz\u0103 \u00een mod semnificativ eliberarea de bisfenol-A. Acest set este etichetat bpa fre\u0435, ceea ce indic\u0103 faptul c\u0103 la fabricarea acestui recipient nu a fost utilizat bisfenol-A.<\/li>\n<\/ul>\n<h3>Marca<\/h3>\n<p>Sea to Summit este o marc\u0103 fondat\u0103 \u00een 1990 \u00een Australia. Ofer\u0103 echipamente unice \u0219i utile pentru turism \u0219i c\u0103l\u0103torii: huse impermeabile, prosoape din microfibr\u0103, ustensile pliabile din silicon, gen\u021bi, rucsacuri, rucsacuri, corturi, saci de dormit. Fiecare articol proiectat \u00een cadrul companiei are o greutate minim\u0103 \u0219i o func\u021bionalitate maxim\u0103.<\/p>\n<p><\/p>","protected":false},"excerpt":{"rendered":"","protected":false},"featured_media":85445,"comment_status":"open","ping_status":"closed","template":"","meta":{"_acf_changed":false,"inline_featured_image":false},"product_brand":[1281],"product_cat":[84],"product_tag":[],"class_list":{"0":"post-84886","1":"product","2":"type-product","3":"status-publish","4":"has-post-thumbnail","6":"product_brand-sea-to-summit","7":"product_cat-pots","9":"first","10":"instock","11":"shipping-taxable","12":"purchasable","13":"product-type-simple"},"acf":[],"yoast_head":"<!-- This site is optimized with the Yoast SEO plugin v27.2 - https:\/\/yoast.com\/product\/yoast-seo-wordpress\/ -->\n<title>\u041d\u0430\u0431\u043e\u0440 \u043f\u043e\u0441\u0443\u0434\u044b Sea to Summit Frontier UL One Pot Cook 5 pcs - \u041c\u0430\u0433\u0430\u0437\u0438\u043d Xstyle<\/title>\n<meta name=\"description\" content=\"\u041d\u0430\u0431\u043e\u0440 \u043f\u043e\u0441\u0443\u0434\u044b Sea to Summit Frontier UL One Pot Cook 5 pcs \u0432\u043a\u043b\u044e\u0447\u0430\u0435\u0442 2-\u043b\u0438\u0442\u0440\u043e\u0432\u0443\u044e \u043a\u0430\u0441\u0442\u0440\u044e\u043b\u044e, 2 \u0447\u0430\u0448\u0438 \u0438 2 \u043a\u0440\u0443\u0436\u043a\u0438. \u0418\u0434\u0435\u0430\u043b\u0435\u043d \u0434\u043b\u044f \u043a\u0435\u043c\u043f\u0438\u043d\u0433\u0430 \u0438 \u043f\u0443\u0442\u0435\u0448\u0435\u0441\u0442\u0432\u0438\u0439!\" \/>\n<meta name=\"robots\" content=\"index, follow, max-snippet:-1, max-image-preview:large, max-video-preview:-1\" \/>\n<link rel=\"canonical\" href=\"https:\/\/xstyle.md\/ro\/produs\/nabor-posudy-sea-to-summit-frontier-ul-one-pot-cook-5-pcs\/\" \/>\n<meta property=\"og:locale\" content=\"ro_RO\" \/>\n<meta property=\"og:type\" content=\"article\" \/>\n<meta property=\"og:title\" content=\"\u041d\u0430\u0431\u043e\u0440 \u043f\u043e\u0441\u0443\u0434\u044b Sea to Summit Frontier UL One Pot Cook 5 pcs - \u041c\u0430\u0433\u0430\u0437\u0438\u043d Xstyle\" \/>\n<meta property=\"og:description\" content=\"\u041d\u0430\u0431\u043e\u0440 \u043f\u043e\u0441\u0443\u0434\u044b Sea to Summit Frontier UL One Pot Cook 5 pcs \u0432\u043a\u043b\u044e\u0447\u0430\u0435\u0442 2-\u043b\u0438\u0442\u0440\u043e\u0432\u0443\u044e \u043a\u0430\u0441\u0442\u0440\u044e\u043b\u044e, 2 \u0447\u0430\u0448\u0438 \u0438 2 \u043a\u0440\u0443\u0436\u043a\u0438. \u0418\u0434\u0435\u0430\u043b\u0435\u043d \u0434\u043b\u044f \u043a\u0435\u043c\u043f\u0438\u043d\u0433\u0430 \u0438 \u043f\u0443\u0442\u0435\u0448\u0435\u0441\u0442\u0432\u0438\u0439!\" \/>\n<meta property=\"og:url\" content=\"https:\/\/xstyle.md\/ro\/produs\/nabor-posudy-sea-to-summit-frontier-ul-one-pot-cook-5-pcs\/\" \/>\n<meta property=\"og:site_name\" content=\"\u041c\u0430\u0433\u0430\u0437\u0438\u043d Xstyle\" \/>\n<meta property=\"article:publisher\" content=\"https:\/\/www.facebook.com\/xstylemd\" \/>\n<meta property=\"article:modified_time\" content=\"2026-04-07T12:24:26+00:00\" \/>\n<meta property=\"og:image\" content=\"https:\/\/xstyle.md\/wp-content\/uploads\/2024\/06\/sea-to-summit-frontier-ul-one-pot-cook-5-pcs.jpg\" \/>\n\t<meta property=\"og:image:width\" content=\"1500\" \/>\n\t<meta property=\"og:image:height\" content=\"1500\" \/>\n\t<meta property=\"og:image:type\" content=\"image\/jpeg\" \/>\n<meta name=\"twitter:card\" content=\"summary_large_image\" \/>\n<meta name=\"twitter:label1\" content=\"Pre\u021b\" \/>\n\t<meta name=\"twitter:data1\" content=\"2.190&nbsp;MDL\" \/>\n\t<meta name=\"twitter:label2\" content=\"Disponibilitate\" \/>\n\t<meta name=\"twitter:data2\" content=\"\u00cen stoc\" \/>\n<script type=\"application\/ld+json\" class=\"yoast-schema-graph\">{\"@context\":\"https:\/\/schema.org\",\"@graph\":[{\"@type\":\"WebPage\",\"@id\":\"https:\/\/xstyle.md\/product\/nabor-posudy-sea-to-summit-frontier-ul-one-pot-cook-5-pcs\/\",\"url\":\"https:\/\/xstyle.md\/product\/nabor-posudy-sea-to-summit-frontier-ul-one-pot-cook-5-pcs\/\",\"name\":\"\u041d\u0430\u0431\u043e\u0440 \u043f\u043e\u0441\u0443\u0434\u044b Sea to Summit Frontier UL One Pot Cook 5 pcs - \u041c\u0430\u0433\u0430\u0437\u0438\u043d Xstyle\",\"isPartOf\":{\"@id\":\"https:\/\/xstyle.md\/#website\"},\"primaryImageOfPage\":{\"@id\":\"https:\/\/xstyle.md\/product\/nabor-posudy-sea-to-summit-frontier-ul-one-pot-cook-5-pcs\/#primaryimage\"},\"image\":{\"@id\":\"https:\/\/xstyle.md\/product\/nabor-posudy-sea-to-summit-frontier-ul-one-pot-cook-5-pcs\/#primaryimage\"},\"thumbnailUrl\":\"https:\/\/xstyle.md\/wp-content\/uploads\/2024\/06\/sea-to-summit-frontier-ul-one-pot-cook-5-pcs.jpg\",\"datePublished\":\"2024-06-17T15:00:26+00:00\",\"dateModified\":\"2026-04-07T12:24:26+00:00\",\"description\":\"\u041d\u0430\u0431\u043e\u0440 \u043f\u043e\u0441\u0443\u0434\u044b Sea to Summit Frontier UL One Pot Cook 5 pcs \u0432\u043a\u043b\u044e\u0447\u0430\u0435\u0442 2-\u043b\u0438\u0442\u0440\u043e\u0432\u0443\u044e \u043a\u0430\u0441\u0442\u0440\u044e\u043b\u044e, 2 \u0447\u0430\u0448\u0438 \u0438 2 \u043a\u0440\u0443\u0436\u043a\u0438. \u0418\u0434\u0435\u0430\u043b\u0435\u043d \u0434\u043b\u044f \u043a\u0435\u043c\u043f\u0438\u043d\u0433\u0430 \u0438 \u043f\u0443\u0442\u0435\u0448\u0435\u0441\u0442\u0432\u0438\u0439!\",\"breadcrumb\":{\"@id\":\"https:\/\/xstyle.md\/product\/nabor-posudy-sea-to-summit-frontier-ul-one-pot-cook-5-pcs\/#breadcrumb\"},\"inLanguage\":\"ro-RO\",\"potentialAction\":[{\"@type\":\"ReadAction\",\"target\":[\"https:\/\/xstyle.md\/product\/nabor-posudy-sea-to-summit-frontier-ul-one-pot-cook-5-pcs\/\"]}]},{\"@type\":\"ImageObject\",\"inLanguage\":\"ro-RO\",\"@id\":\"https:\/\/xstyle.md\/product\/nabor-posudy-sea-to-summit-frontier-ul-one-pot-cook-5-pcs\/#primaryimage\",\"url\":\"https:\/\/xstyle.md\/wp-content\/uploads\/2024\/06\/sea-to-summit-frontier-ul-one-pot-cook-5-pcs.jpg\",\"contentUrl\":\"https:\/\/xstyle.md\/wp-content\/uploads\/2024\/06\/sea-to-summit-frontier-ul-one-pot-cook-5-pcs.jpg\",\"width\":1500,\"height\":1500,\"caption\":\"\u041d\u0430\u0431\u043e\u0440 \u043f\u043e\u0441\u0443\u0434\u044b Sea to Summit Frontier UL One Pot Cook 5 \u0448\u0442 \u0434\u043b\u044f \u0430\u043a\u0442\u0438\u0432\u043d\u043e\u0433\u043e \u043e\u0442\u0434\u044b\u0445\u0430 \u043f\u043e\u0445\u043e\u0434\u043e\u0432 \u0442\u0443\u0440\u0438\u0437\u043c\u0430 \u0438 \u043f\u0443\u0442\u0435\u0448\u0435\u0441\u0442\u0432\u0438\u0439 \u043d\u0430 \u0441\u0430\u0439\u0442\u0435 \u043c\u0430\u0433\u0430\u0437\u0438\u043d\u0430 \u0441\u043f\u043e\u0440\u0442\u0438\u0432\u043d\u043e\u0439 \u043e\u0434\u0435\u0436\u0434\u044b \u043e\u0431\u0443\u0432\u0438 \u0438 \u044d\u043a\u0438\u043f\u0438\u0440\u043e\u0432\u043a\u0438 \u0434\u043b\u044f \u0445\u0430\u0439\u043a\u0438\u043d\u0433\u0430 \u0430\u043b\u044c\u043f\u0438\u043d\u0438\u0437\u043c\u0430 \u043f\u0435\u0448\u0435\u0433\u043e \u0442\u0443\u0440\u0438\u0437\u043c\u0430\"},{\"@type\":\"BreadcrumbList\",\"@id\":\"https:\/\/xstyle.md\/product\/nabor-posudy-sea-to-summit-frontier-ul-one-pot-cook-5-pcs\/#breadcrumb\",\"itemListElement\":[{\"@type\":\"ListItem\",\"position\":1,\"name\":\"\u0413\u043b\u0430\u0432\u043d\u0430\u044f \u0441\u0442\u0440\u0430\u043d\u0438\u0446\u0430\",\"item\":\"https:\/\/xstyle.md\/\"},{\"@type\":\"ListItem\",\"position\":2,\"name\":\"\u041c\u0430\u0433\u0430\u0437\u0438\u043d\",\"item\":\"https:\/\/xstyle.md\/shop\/\"},{\"@type\":\"ListItem\",\"position\":3,\"name\":\"\u041d\u0430\u0431\u043e\u0440 \u043f\u043e\u0441\u0443\u0434\u044b Sea to Summit Frontier UL One Pot Cook 5 pcs\"}]},{\"@type\":\"WebSite\",\"@id\":\"https:\/\/xstyle.md\/#website\",\"url\":\"https:\/\/xstyle.md\/\",\"name\":\"\u041c\u0430\u0433\u0430\u0437\u0438\u043d Xstyle\",\"description\":\"C\u043d\u0430\u0440\u044f\u0436\u0435\u043d\u0438\u0435 \u0434\u043b\u044f \u0442\u0443\u0440\u0438\u0437\u043c\u0430 \u0438 \u044d\u043a\u0441\u0442\u0440\u0435\u043c\u0430\u043b\u044c\u043d\u044b\u0445 \u0432\u0438\u0434\u043e\u0432 \u0441\u043f\u043e\u0440\u0442\u0430 \u0432 \u041c\u043e\u043b\u0434\u043e\u0432\u0435.. \u0426\u0435\u043d\u044b, \u0444\u043e\u0442\u043e, \u0445\u0430\u0440\u0430\u043a\u0442\u0435\u0440\u0438\u0441\u0442\u0438\u043a\u0438 \u0432 \u041c\u043e\u043b\u0434\u043e\u0432\u0435.\",\"publisher\":{\"@id\":\"https:\/\/xstyle.md\/#organization\"},\"alternateName\":\"X-Style\",\"potentialAction\":[{\"@type\":\"SearchAction\",\"target\":{\"@type\":\"EntryPoint\",\"urlTemplate\":\"https:\/\/xstyle.md\/?s={search_term_string}\"},\"query-input\":{\"@type\":\"PropertyValueSpecification\",\"valueRequired\":true,\"valueName\":\"search_term_string\"}}],\"inLanguage\":\"ro-RO\"},{\"@type\":\"Organization\",\"@id\":\"https:\/\/xstyle.md\/#organization\",\"name\":\"\u041c\u0430\u0433\u0430\u0437\u0438\u043d Xstyle\",\"alternateName\":\"x-style\",\"url\":\"https:\/\/xstyle.md\/\",\"logo\":{\"@type\":\"ImageObject\",\"inLanguage\":\"ro-RO\",\"@id\":\"https:\/\/xstyle.md\/#\/schema\/logo\/image\/\",\"url\":\"https:\/\/xstyle.md\/wp-content\/uploads\/2020\/06\/logoicon.svg\",\"contentUrl\":\"https:\/\/xstyle.md\/wp-content\/uploads\/2020\/06\/logoicon.svg\",\"caption\":\"\u041c\u0430\u0433\u0430\u0437\u0438\u043d Xstyle\"},\"image\":{\"@id\":\"https:\/\/xstyle.md\/#\/schema\/logo\/image\/\"},\"sameAs\":[\"https:\/\/www.facebook.com\/xstylemd\",\"https:\/\/www.instagram.com\/xstyle_md\/\",\"https:\/\/t.me\/xstyle_outdoor\"],\"hasMerchantReturnPolicy\":{\"@type\":\"MerchantReturnPolicy\",\"merchantReturnLink\":\"https:\/\/xstyle.md\/ro\/conditions\/\"}}]}<\/script>\n<meta property=\"product:price:amount\" content=\"2190.00\" \/>\n<meta property=\"product:price:currency\" content=\"MDL\" \/>\n<meta property=\"og:availability\" content=\"instock\" \/>\n<meta property=\"product:availability\" content=\"instock\" \/>\n<meta property=\"product:retailer_item_id\" content=\"9327868158669\" \/>\n<meta property=\"product:condition\" content=\"new\" \/>\n<!-- \/ Yoast SEO plugin. -->","yoast_head_json":{"title":"Set vesela Sea to Summit Frontier UL One Pot Cook 5 pcs - Magazin Xstyle","description":"Setul de ustensile Sea to Summit Frontier UL One Pot Cook 5 pcs include o oal\u0103 de 2 litri, 2 boluri \u0219i 2 c\u0103ni. Ideal pentru campare \u0219i c\u0103l\u0103torii!","robots":{"index":"index","follow":"follow","max-snippet":"max-snippet:-1","max-image-preview":"max-image-preview:large","max-video-preview":"max-video-preview:-1"},"canonical":"https:\/\/xstyle.md\/ro\/produs\/nabor-posudy-sea-to-summit-frontier-ul-one-pot-cook-5-pcs\/","og_locale":"ro_RO","og_type":"article","og_title":"\u041d\u0430\u0431\u043e\u0440 \u043f\u043e\u0441\u0443\u0434\u044b Sea to Summit Frontier UL One Pot Cook 5 pcs - \u041c\u0430\u0433\u0430\u0437\u0438\u043d Xstyle","og_description":"\u041d\u0430\u0431\u043e\u0440 \u043f\u043e\u0441\u0443\u0434\u044b Sea to Summit Frontier UL One Pot Cook 5 pcs \u0432\u043a\u043b\u044e\u0447\u0430\u0435\u0442 2-\u043b\u0438\u0442\u0440\u043e\u0432\u0443\u044e \u043a\u0430\u0441\u0442\u0440\u044e\u043b\u044e, 2 \u0447\u0430\u0448\u0438 \u0438 2 \u043a\u0440\u0443\u0436\u043a\u0438. \u0418\u0434\u0435\u0430\u043b\u0435\u043d \u0434\u043b\u044f \u043a\u0435\u043c\u043f\u0438\u043d\u0433\u0430 \u0438 \u043f\u0443\u0442\u0435\u0448\u0435\u0441\u0442\u0432\u0438\u0439!","og_url":"https:\/\/xstyle.md\/ro\/produs\/nabor-posudy-sea-to-summit-frontier-ul-one-pot-cook-5-pcs\/","og_site_name":"\u041c\u0430\u0433\u0430\u0437\u0438\u043d Xstyle","article_publisher":"https:\/\/www.facebook.com\/xstylemd","article_modified_time":"2026-04-07T12:24:26+00:00","og_image":[{"width":1500,"height":1500,"url":"https:\/\/xstyle.md\/wp-content\/uploads\/2024\/06\/sea-to-summit-frontier-ul-one-pot-cook-5-pcs.jpg","type":"image\/jpeg"}],"twitter_card":"summary_large_image","twitter_misc":{"Pre\u021b":"2.190&nbsp;MDL","Disponibilitate":"\u00cen stoc"},"schema":{"@context":"https:\/\/schema.org","@graph":[{"@type":"WebPage","@id":"https:\/\/xstyle.md\/product\/nabor-posudy-sea-to-summit-frontier-ul-one-pot-cook-5-pcs\/","url":"https:\/\/xstyle.md\/product\/nabor-posudy-sea-to-summit-frontier-ul-one-pot-cook-5-pcs\/","name":"Set vesela Sea to Summit Frontier UL One Pot Cook 5 pcs - Magazin Xstyle","isPartOf":{"@id":"https:\/\/xstyle.md\/#website"},"primaryImageOfPage":{"@id":"https:\/\/xstyle.md\/product\/nabor-posudy-sea-to-summit-frontier-ul-one-pot-cook-5-pcs\/#primaryimage"},"image":{"@id":"https:\/\/xstyle.md\/product\/nabor-posudy-sea-to-summit-frontier-ul-one-pot-cook-5-pcs\/#primaryimage"},"thumbnailUrl":"https:\/\/xstyle.md\/wp-content\/uploads\/2024\/06\/sea-to-summit-frontier-ul-one-pot-cook-5-pcs.jpg","datePublished":"2024-06-17T15:00:26+00:00","dateModified":"2026-04-07T12:24:26+00:00","description":"Setul de ustensile Sea to Summit Frontier UL One Pot Cook 5 pcs include o oal\u0103 de 2 litri, 2 boluri \u0219i 2 c\u0103ni. Ideal pentru campare \u0219i c\u0103l\u0103torii!","breadcrumb":{"@id":"https:\/\/xstyle.md\/product\/nabor-posudy-sea-to-summit-frontier-ul-one-pot-cook-5-pcs\/#breadcrumb"},"inLanguage":"ro-RO","potentialAction":[{"@type":"ReadAction","target":["https:\/\/xstyle.md\/product\/nabor-posudy-sea-to-summit-frontier-ul-one-pot-cook-5-pcs\/"]}]},{"@type":"ImageObject","inLanguage":"ro-RO","@id":"https:\/\/xstyle.md\/product\/nabor-posudy-sea-to-summit-frontier-ul-one-pot-cook-5-pcs\/#primaryimage","url":"https:\/\/xstyle.md\/wp-content\/uploads\/2024\/06\/sea-to-summit-frontier-ul-one-pot-cook-5-pcs.jpg","contentUrl":"https:\/\/xstyle.md\/wp-content\/uploads\/2024\/06\/sea-to-summit-frontier-ul-one-pot-cook-5-pcs.jpg","width":1500,"height":1500,"caption":"\u041d\u0430\u0431\u043e\u0440 \u043f\u043e\u0441\u0443\u0434\u044b Sea to Summit Frontier UL One Pot Cook 5 \u0448\u0442 \u0434\u043b\u044f \u0430\u043a\u0442\u0438\u0432\u043d\u043e\u0433\u043e \u043e\u0442\u0434\u044b\u0445\u0430 \u043f\u043e\u0445\u043e\u0434\u043e\u0432 \u0442\u0443\u0440\u0438\u0437\u043c\u0430 \u0438 \u043f\u0443\u0442\u0435\u0448\u0435\u0441\u0442\u0432\u0438\u0439 \u043d\u0430 \u0441\u0430\u0439\u0442\u0435 \u043c\u0430\u0433\u0430\u0437\u0438\u043d\u0430 \u0441\u043f\u043e\u0440\u0442\u0438\u0432\u043d\u043e\u0439 \u043e\u0434\u0435\u0436\u0434\u044b \u043e\u0431\u0443\u0432\u0438 \u0438 \u044d\u043a\u0438\u043f\u0438\u0440\u043e\u0432\u043a\u0438 \u0434\u043b\u044f \u0445\u0430\u0439\u043a\u0438\u043d\u0433\u0430 \u0430\u043b\u044c\u043f\u0438\u043d\u0438\u0437\u043c\u0430 \u043f\u0435\u0448\u0435\u0433\u043e \u0442\u0443\u0440\u0438\u0437\u043c\u0430"},{"@type":"BreadcrumbList","@id":"https:\/\/xstyle.md\/product\/nabor-posudy-sea-to-summit-frontier-ul-one-pot-cook-5-pcs\/#breadcrumb","itemListElement":[{"@type":"ListItem","position":1,"name":"\u0413\u043b\u0430\u0432\u043d\u0430\u044f \u0441\u0442\u0440\u0430\u043d\u0438\u0446\u0430","item":"https:\/\/xstyle.md\/"},{"@type":"ListItem","position":2,"name":"\u041c\u0430\u0433\u0430\u0437\u0438\u043d","item":"https:\/\/xstyle.md\/shop\/"},{"@type":"ListItem","position":3,"name":"\u041d\u0430\u0431\u043e\u0440 \u043f\u043e\u0441\u0443\u0434\u044b Sea to Summit Frontier UL One Pot Cook 5 pcs"}]},{"@type":"WebSite","@id":"https:\/\/xstyle.md\/#website","url":"https:\/\/xstyle.md\/","name":"Magazinul X-Style","description":"Echipamente pentru turism \u0219i sporturi extreme \u00een Moldova. Pre\u021buri, fotografii, caracteristici \u00een Moldova.","publisher":{"@id":"https:\/\/xstyle.md\/#organization"},"alternateName":"X-Style","potentialAction":[{"@type":"SearchAction","target":{"@type":"EntryPoint","urlTemplate":"https:\/\/xstyle.md\/?s={search_term_string}"},"query-input":{"@type":"PropertyValueSpecification","valueRequired":true,"valueName":"search_term_string"}}],"inLanguage":"ro-RO"},{"@type":"Organization","@id":"https:\/\/xstyle.md\/#organization","name":"Magazinul X-Style","alternateName":"x-style","url":"https:\/\/xstyle.md\/","logo":{"@type":"ImageObject","inLanguage":"ro-RO","@id":"https:\/\/xstyle.md\/#\/schema\/logo\/image\/","url":"https:\/\/xstyle.md\/wp-content\/uploads\/2020\/06\/logoicon.svg","contentUrl":"https:\/\/xstyle.md\/wp-content\/uploads\/2020\/06\/logoicon.svg","caption":"\u041c\u0430\u0433\u0430\u0437\u0438\u043d Xstyle"},"image":{"@id":"https:\/\/xstyle.md\/#\/schema\/logo\/image\/"},"sameAs":["https:\/\/www.facebook.com\/xstylemd","https:\/\/www.instagram.com\/xstyle_md\/","https:\/\/t.me\/xstyle_outdoor"],"hasMerchantReturnPolicy":{"@type":"MerchantReturnPolicy","merchantReturnLink":"https:\/\/xstyle.md\/ro\/conditions\/"}}]},"product_price_amount":"2190.00","product_price_currency":"MDL","og_availability":"instock","product_availability":"instock","product_retailer_item_id":"9327868158669","product_condition":"new"},"post_mailing_queue_ids":[],"_links":{"self":[{"href":"https:\/\/xstyle.md\/ro\/wp-json\/wp\/v2\/product\/84886","targetHints":{"allow":["GET"]}}],"collection":[{"href":"https:\/\/xstyle.md\/ro\/wp-json\/wp\/v2\/product"}],"about":[{"href":"https:\/\/xstyle.md\/ro\/wp-json\/wp\/v2\/types\/product"}],"replies":[{"embeddable":true,"href":"https:\/\/xstyle.md\/ro\/wp-json\/wp\/v2\/comments?post=84886"}],"wp:featuredmedia":[{"embeddable":true,"href":"https:\/\/xstyle.md\/ro\/wp-json\/wp\/v2\/media\/85445"}],"wp:attachment":[{"href":"https:\/\/xstyle.md\/ro\/wp-json\/wp\/v2\/media?parent=84886"}],"wp:term":[{"taxonomy":"product_brand","embeddable":true,"href":"https:\/\/xstyle.md\/ro\/wp-json\/wp\/v2\/product_brand?post=84886"},{"taxonomy":"product_cat","embeddable":true,"href":"https:\/\/xstyle.md\/ro\/wp-json\/wp\/v2\/product_cat?post=84886"},{"taxonomy":"product_tag","embeddable":true,"href":"https:\/\/xstyle.md\/ro\/wp-json\/wp\/v2\/product_tag?post=84886"}],"curies":[{"name":"wp","href":"https:\/\/api.w.org\/{rel}","templated":true}]}}