{"id":84883,"date":"2024-06-17T18:00:24","date_gmt":"2024-06-17T15:00:24","guid":{"rendered":"https:\/\/xstyle.md\/?post_type=product&#038;p=84883"},"modified":"2025-10-24T13:08:15","modified_gmt":"2025-10-24T10:08:15","slug":"nabor-posudy-sea-to-summit-detour-stainless-steel-kettle-cook-3-pcs","status":"publish","type":"product","link":"https:\/\/xstyle.md\/ro\/produs\/nabor-posudy-sea-to-summit-detour-stainless-steel-kettle-cook-3-pcs\/","title":{"rendered":"Set de vesel\u0103 Sea to Summit Detour Stainless Steel Kettle Cook 3 pcs"},"content":{"rendered":"<\/p>\n<p><strong>Sea to Summit Detour Stainless Steel Kettle Cook 3 pcs<\/strong> &#8212; un set de ustensile format dintr-un ceainic \u0219i dou\u0103 c\u0103ni v\u0103 va oferi posibilitatea de a lua o pauz\u0103 de cafea sau ceai, at\u00e2t acas\u0103, c\u00e2t \u0219i \u00een aer liber. Ceainicul din o\u021bel inoxidabil \u0219i silicon de 1,6 litri se \u00eenc\u0103lze\u0219te rapid pe orice aragaz de camping. M\u00e2nerele duble realizate din nailon ranforsat cu sticl\u0103 66 v\u0103 asigur\u0103 c\u0103 nu ve\u021bi v\u0103rsa nicio pic\u0103tur\u0103 \u00een timp ce crea\u021bi o cafea sau o cea\u0219c\u0103 de ceai gourmet, \u00een timp ce ce\u0219tile convertibile din o\u021bel inoxidabil \u0219i silicon completeaz\u0103 ansamblul. Ceainicul poate fi, de asemenea, o crati\u021b\u0103 mic\u0103 excelent\u0103 pentru capodoperele dvs. culinare serioase.<\/p>\n<h3>Particularit\u0103\u021bi<\/h3>\n<ul>\n<li>Setul de ustensile de g\u0103tit este conceput pentru dou\u0103 persoane<\/li>\n<li>Materialele sunt f\u0103r\u0103 BPA \u0219i certificate \u00een conformitate cu standardele europene de siguran\u021b\u0103 alimentar\u0103<\/li>\n<li>Designul inovator permite ca fierb\u0103torul s\u0103 se plieze p\u00e2n\u0103 la o \u00een\u0103l\u021bime de 63 mm pentru depozitare sau s\u0103 se desf\u0103\u0219oare \u00eentr-un fierb\u0103tor complet de 1,6 litri<\/li>\n<li>Baza \u0219i capacul din o\u021bel inoxidabil ofer\u0103 durabilitate \u0219i distribu\u021bie eficient\u0103 a c\u0103ldurii<\/li>\n<li>M\u00e2nere duble din sticl\u0103 armat\u0103 \u0219i nailon 66 pentru o turnare mai precis\u0103<\/li>\n<li>Capacul are un m\u00e2ner confortabil \u0219i un suport LidKeep din silicon care v\u0103 permite s\u0103 fixa\u021bi convenabil capacul pe marginea fierb\u0103torului.<\/li>\n<\/ul>\n<h3>Caracteristici<\/h3>\n<ul>\n<li>Material &#8212; o\u021bel inoxidabil, silicon alimentar<\/li>\n<li>Dimensiunea ambalajului &#8212; 18 x 17 x 5,8 cm<\/li>\n<li>Greutate &#8212; 645 g<\/li>\n<\/ul>\n<h3>Setul include<\/h3>\n<ul>\n<li>Ceainic &#8212; 1,6 litri<\/li>\n<li>Can\u0103 x 2 &#8212; 9,8 x 9,8 x 9,6 cm<\/li>\n<\/ul>\n<h3>Tehnologie<\/h3>\n<ul>\n<li><strong>BPA<\/strong> \u2013 este un compus chimic organic \u0219i este utilizat pentru fabricarea materialelor plastice, a policarbonatului \u0219i a r\u0103\u0219inii epoxidice. De asemenea, aceast\u0103 substan\u021b\u0103 este ad\u0103ugat\u0103 la produsele din plastic \u0219i la conservele alimentare. Principalele propriet\u0103\u021bi ale bisfenolului-A sunt propriet\u0103\u021bi de \u00eent\u0103rire \u0219i antioxidante. BPA este capabil s\u0103 p\u0103trund\u0103 \u00een corpul uman nu numai cu alimente \u0219i ap\u0103, ci \u0219i prin piele \u0219i pl\u0103m\u00e2ni. Contactul prelungit al lichidelor \u0219i alimentelor umede cu plasticul, care con\u021bine bisfenol-A, contribuie la eliberarea acestei substan\u021be \u00een alimente. \u00cenc\u0103lzirea acestor recipiente accelereaz\u0103 semnificativ eliberarea de bisfenol-A. Acest set este etichetat bpa fre\u0435, ceea ce indic\u0103 faptul c\u0103 bisfenol-A nu a fost utilizat la fabricarea acestui recipient.<\/li>\n<\/ul>\n<h3>Marca<\/h3>\n<p>Sea to Summit este un brand fondat \u00een 1990 \u00een Australia. Acesta ofer\u0103 echipamente unice \u0219i utile pentru turism \u0219i c\u0103l\u0103torii: huse impermeabile, prosoape din microfibr\u0103, ustensile pliabile din silicon, gen\u021bi, rucsacuri, corturi, saci de dormit. Fiecare articol proiectat \u00een companie are o greutate minim\u0103 \u0219i o func\u021bionalitate maxim\u0103.<\/p>\n<p><\/p>","protected":false},"excerpt":{"rendered":"","protected":false},"featured_media":85429,"comment_status":"open","ping_status":"closed","template":"","meta":{"_acf_changed":false,"inline_featured_image":false},"product_brand":[1281],"product_cat":[155],"product_tag":[],"class_list":{"0":"post-84883","1":"product","2":"type-product","3":"status-publish","4":"has-post-thumbnail","6":"product_brand-sea-to-summit","7":"product_cat-teapot","9":"first","10":"instock","11":"shipping-taxable","12":"purchasable","13":"product-type-simple"},"acf":[],"yoast_head":"<!-- This site is optimized with the Yoast SEO plugin v27.4 - https:\/\/yoast.com\/product\/yoast-seo-wordpress\/ -->\n<title>\u041d\u0430\u0431\u043e\u0440 \u043f\u043e\u0441\u0443\u0434\u044b Sea to Summit Detour Stainless Steel Kettle Cook 3 pcs - \u041c\u0430\u0433\u0430\u0437\u0438\u043d Xstyle<\/title>\n<meta name=\"description\" content=\"\u041d\u0430\u0431\u043e\u0440 \u043f\u043e\u0441\u0443\u0434\u044b Sea to Summit Detour \u0432\u043a\u043b\u044e\u0447\u0430\u0435\u0442 \u0447\u0443\u0433\u0443\u043d\u043d\u044b\u0439 \u0447\u0430\u0439\u043d\u0438\u043a \u0438 \u0434\u0432\u0435 \u043a\u0440\u0443\u0436\u043a\u0438. \u0418\u0434\u0435\u0430\u043b\u0435\u043d \u0434\u043b\u044f \u0434\u043e\u043c\u0430 \u0438 \u043d\u0430 \u043f\u0440\u0438\u0440\u043e\u0434\u0435. \u041a\u0430\u0447\u0435\u0441\u0442\u0432\u043e \u0438 \u043d\u0430\u0434\u0435\u0436\u043d\u043e\u0441\u0442\u044c \u043e\u0442 Sea to Summit.\" \/>\n<meta name=\"robots\" content=\"index, follow, max-snippet:-1, max-image-preview:large, max-video-preview:-1\" \/>\n<link rel=\"canonical\" href=\"https:\/\/xstyle.md\/ro\/produs\/nabor-posudy-sea-to-summit-detour-stainless-steel-kettle-cook-3-pcs\/\" \/>\n<meta property=\"og:locale\" content=\"ro_RO\" \/>\n<meta property=\"og:type\" content=\"article\" \/>\n<meta property=\"og:title\" content=\"\u041d\u0430\u0431\u043e\u0440 \u043f\u043e\u0441\u0443\u0434\u044b Sea to Summit Detour Stainless Steel Kettle Cook 3 pcs - \u041c\u0430\u0433\u0430\u0437\u0438\u043d Xstyle\" \/>\n<meta property=\"og:description\" content=\"\u041d\u0430\u0431\u043e\u0440 \u043f\u043e\u0441\u0443\u0434\u044b Sea to Summit Detour \u0432\u043a\u043b\u044e\u0447\u0430\u0435\u0442 \u0447\u0443\u0433\u0443\u043d\u043d\u044b\u0439 \u0447\u0430\u0439\u043d\u0438\u043a \u0438 \u0434\u0432\u0435 \u043a\u0440\u0443\u0436\u043a\u0438. \u0418\u0434\u0435\u0430\u043b\u0435\u043d \u0434\u043b\u044f \u0434\u043e\u043c\u0430 \u0438 \u043d\u0430 \u043f\u0440\u0438\u0440\u043e\u0434\u0435. \u041a\u0430\u0447\u0435\u0441\u0442\u0432\u043e \u0438 \u043d\u0430\u0434\u0435\u0436\u043d\u043e\u0441\u0442\u044c \u043e\u0442 Sea to Summit.\" \/>\n<meta property=\"og:url\" content=\"https:\/\/xstyle.md\/ro\/produs\/nabor-posudy-sea-to-summit-detour-stainless-steel-kettle-cook-3-pcs\/\" \/>\n<meta property=\"og:site_name\" content=\"\u041c\u0430\u0433\u0430\u0437\u0438\u043d Xstyle\" \/>\n<meta property=\"article:publisher\" content=\"https:\/\/www.facebook.com\/xstylemd\" \/>\n<meta property=\"article:modified_time\" content=\"2025-10-24T10:08:15+00:00\" \/>\n<meta property=\"og:image\" content=\"https:\/\/xstyle.md\/wp-content\/uploads\/2024\/06\/sea-to-summit-detour-stainless-steel-kettle-cook-3-pcs.jpg\" \/>\n\t<meta property=\"og:image:width\" content=\"1500\" \/>\n\t<meta property=\"og:image:height\" content=\"1500\" \/>\n\t<meta property=\"og:image:type\" content=\"image\/jpeg\" \/>\n<meta name=\"twitter:card\" content=\"summary_large_image\" \/>\n<meta name=\"twitter:label1\" content=\"Pre\u021b\" \/>\n\t<meta name=\"twitter:data1\" content=\"2.290&nbsp;MDL\" \/>\n\t<meta name=\"twitter:label2\" content=\"Disponibilitate\" \/>\n\t<meta name=\"twitter:data2\" content=\"\u00cen stoc\" \/>\n<script type=\"application\/ld+json\" class=\"yoast-schema-graph\">{\"@context\":\"https:\\\/\\\/schema.org\",\"@graph\":[{\"@type\":\"WebPage\",\"@id\":\"https:\\\/\\\/xstyle.md\\\/product\\\/nabor-posudy-sea-to-summit-detour-stainless-steel-kettle-cook-3-pcs\\\/\",\"url\":\"https:\\\/\\\/xstyle.md\\\/product\\\/nabor-posudy-sea-to-summit-detour-stainless-steel-kettle-cook-3-pcs\\\/\",\"name\":\"\u041d\u0430\u0431\u043e\u0440 \u043f\u043e\u0441\u0443\u0434\u044b Sea to Summit Detour Stainless Steel Kettle Cook 3 pcs - \u041c\u0430\u0433\u0430\u0437\u0438\u043d Xstyle\",\"isPartOf\":{\"@id\":\"https:\\\/\\\/xstyle.md\\\/#website\"},\"primaryImageOfPage\":{\"@id\":\"https:\\\/\\\/xstyle.md\\\/product\\\/nabor-posudy-sea-to-summit-detour-stainless-steel-kettle-cook-3-pcs\\\/#primaryimage\"},\"image\":{\"@id\":\"https:\\\/\\\/xstyle.md\\\/product\\\/nabor-posudy-sea-to-summit-detour-stainless-steel-kettle-cook-3-pcs\\\/#primaryimage\"},\"thumbnailUrl\":\"https:\\\/\\\/xstyle.md\\\/wp-content\\\/uploads\\\/2024\\\/06\\\/sea-to-summit-detour-stainless-steel-kettle-cook-3-pcs.jpg\",\"datePublished\":\"2024-06-17T15:00:24+00:00\",\"dateModified\":\"2025-10-24T10:08:15+00:00\",\"description\":\"\u041d\u0430\u0431\u043e\u0440 \u043f\u043e\u0441\u0443\u0434\u044b Sea to Summit Detour \u0432\u043a\u043b\u044e\u0447\u0430\u0435\u0442 \u0447\u0443\u0433\u0443\u043d\u043d\u044b\u0439 \u0447\u0430\u0439\u043d\u0438\u043a \u0438 \u0434\u0432\u0435 \u043a\u0440\u0443\u0436\u043a\u0438. \u0418\u0434\u0435\u0430\u043b\u0435\u043d \u0434\u043b\u044f \u0434\u043e\u043c\u0430 \u0438 \u043d\u0430 \u043f\u0440\u0438\u0440\u043e\u0434\u0435. \u041a\u0430\u0447\u0435\u0441\u0442\u0432\u043e \u0438 \u043d\u0430\u0434\u0435\u0436\u043d\u043e\u0441\u0442\u044c \u043e\u0442 Sea to Summit.\",\"breadcrumb\":{\"@id\":\"https:\\\/\\\/xstyle.md\\\/product\\\/nabor-posudy-sea-to-summit-detour-stainless-steel-kettle-cook-3-pcs\\\/#breadcrumb\"},\"inLanguage\":\"ro-RO\",\"potentialAction\":[{\"@type\":\"ReadAction\",\"target\":[\"https:\\\/\\\/xstyle.md\\\/product\\\/nabor-posudy-sea-to-summit-detour-stainless-steel-kettle-cook-3-pcs\\\/\"]}]},{\"@type\":\"ImageObject\",\"inLanguage\":\"ro-RO\",\"@id\":\"https:\\\/\\\/xstyle.md\\\/product\\\/nabor-posudy-sea-to-summit-detour-stainless-steel-kettle-cook-3-pcs\\\/#primaryimage\",\"url\":\"https:\\\/\\\/xstyle.md\\\/wp-content\\\/uploads\\\/2024\\\/06\\\/sea-to-summit-detour-stainless-steel-kettle-cook-3-pcs.jpg\",\"contentUrl\":\"https:\\\/\\\/xstyle.md\\\/wp-content\\\/uploads\\\/2024\\\/06\\\/sea-to-summit-detour-stainless-steel-kettle-cook-3-pcs.jpg\",\"width\":1500,\"height\":1500,\"caption\":\"\u041a\u043e\u043c\u043f\u043b\u0435\u043a\u0442 \u043f\u043e\u0441\u0443\u0434\u044b Sea to Summit Detour \u0438\u0437 \u043d\u0435\u0440\u0436\u0430\u0432\u0435\u044e\u0449\u0435\u0439 \u0441\u0442\u0430\u043b\u0438 \u0434\u043b\u044f \u0430\u043a\u0442\u0438\u0432\u043d\u043e\u0433\u043e \u043e\u0442\u0434\u044b\u0445\u0430, \u043f\u043e\u0445\u043e\u0434\u043e\u0432 \u0438 \u043f\u0443\u0442\u0435\u0448\u0435\u0441\u0442\u0432\u0438\u0439, \u043f\u043e\u0434\u0445\u043e\u0434\u044f\u0449\u0438\u0439 \u0434\u043b\u044f \u043e\u0434\u0435\u0436\u0434\u044b \u0438 \u043e\u0431\u0443\u0432\u0438 \u0434\u043b\u044f \u0430\u043a\u0442\u0438\u0432\u043d\u043e\u0433\u043e \u043e\u0431\u0440\u0430\u0437\u0430 \u0436\u0438\u0437\u043d\u0438\"},{\"@type\":\"BreadcrumbList\",\"@id\":\"https:\\\/\\\/xstyle.md\\\/product\\\/nabor-posudy-sea-to-summit-detour-stainless-steel-kettle-cook-3-pcs\\\/#breadcrumb\",\"itemListElement\":[{\"@type\":\"ListItem\",\"position\":1,\"name\":\"\u0413\u043b\u0430\u0432\u043d\u0430\u044f \u0441\u0442\u0440\u0430\u043d\u0438\u0446\u0430\",\"item\":\"https:\\\/\\\/xstyle.md\\\/\"},{\"@type\":\"ListItem\",\"position\":2,\"name\":\"\u041c\u0430\u0433\u0430\u0437\u0438\u043d\",\"item\":\"https:\\\/\\\/xstyle.md\\\/shop\\\/\"},{\"@type\":\"ListItem\",\"position\":3,\"name\":\"\u041d\u0430\u0431\u043e\u0440 \u043f\u043e\u0441\u0443\u0434\u044b Sea to Summit Detour Stainless Steel Kettle Cook 3 pcs\"}]},{\"@type\":\"WebSite\",\"@id\":\"https:\\\/\\\/xstyle.md\\\/#website\",\"url\":\"https:\\\/\\\/xstyle.md\\\/\",\"name\":\"\u041c\u0430\u0433\u0430\u0437\u0438\u043d Xstyle\",\"description\":\"C\u043d\u0430\u0440\u044f\u0436\u0435\u043d\u0438\u0435 \u0434\u043b\u044f \u0442\u0443\u0440\u0438\u0437\u043c\u0430 \u0438 \u044d\u043a\u0441\u0442\u0440\u0435\u043c\u0430\u043b\u044c\u043d\u044b\u0445 \u0432\u0438\u0434\u043e\u0432 \u0441\u043f\u043e\u0440\u0442\u0430 \u0432 \u041c\u043e\u043b\u0434\u043e\u0432\u0435.. \u0426\u0435\u043d\u044b, \u0444\u043e\u0442\u043e, \u0445\u0430\u0440\u0430\u043a\u0442\u0435\u0440\u0438\u0441\u0442\u0438\u043a\u0438 \u0432 \u041c\u043e\u043b\u0434\u043e\u0432\u0435.\",\"publisher\":{\"@id\":\"https:\\\/\\\/xstyle.md\\\/#organization\"},\"alternateName\":\"X-Style\",\"potentialAction\":[{\"@type\":\"SearchAction\",\"target\":{\"@type\":\"EntryPoint\",\"urlTemplate\":\"https:\\\/\\\/xstyle.md\\\/?s={search_term_string}\"},\"query-input\":{\"@type\":\"PropertyValueSpecification\",\"valueRequired\":true,\"valueName\":\"search_term_string\"}}],\"inLanguage\":\"ro-RO\"},{\"@type\":\"Organization\",\"@id\":\"https:\\\/\\\/xstyle.md\\\/#organization\",\"name\":\"\u041c\u0430\u0433\u0430\u0437\u0438\u043d Xstyle\",\"alternateName\":\"x-style\",\"url\":\"https:\\\/\\\/xstyle.md\\\/\",\"logo\":{\"@type\":\"ImageObject\",\"inLanguage\":\"ro-RO\",\"@id\":\"https:\\\/\\\/xstyle.md\\\/#\\\/schema\\\/logo\\\/image\\\/\",\"url\":\"https:\\\/\\\/xstyle.md\\\/wp-content\\\/uploads\\\/2020\\\/06\\\/logoicon.svg\",\"contentUrl\":\"https:\\\/\\\/xstyle.md\\\/wp-content\\\/uploads\\\/2020\\\/06\\\/logoicon.svg\",\"caption\":\"\u041c\u0430\u0433\u0430\u0437\u0438\u043d Xstyle\"},\"image\":{\"@id\":\"https:\\\/\\\/xstyle.md\\\/#\\\/schema\\\/logo\\\/image\\\/\"},\"sameAs\":[\"https:\\\/\\\/www.facebook.com\\\/xstylemd\",\"https:\\\/\\\/www.instagram.com\\\/xstyle_md\\\/\",\"https:\\\/\\\/t.me\\\/xstyle_outdoor\"],\"hasMerchantReturnPolicy\":{\"@type\":\"MerchantReturnPolicy\",\"merchantReturnLink\":\"https:\\\/\\\/xstyle.md\\\/ro\\\/conditions\\\/\"}}]}<\/script>\n<meta property=\"product:price:amount\" content=\"2290.00\" \/>\n<meta property=\"product:price:currency\" content=\"MDL\" \/>\n<meta property=\"og:availability\" content=\"instock\" \/>\n<meta property=\"product:availability\" content=\"instock\" \/>\n<meta property=\"product:retailer_item_id\" content=\"9327868158539\" \/>\n<meta property=\"product:condition\" content=\"new\" \/>\n<!-- \/ Yoast SEO plugin. -->","yoast_head_json":{"title":"Set de vesel\u0103 Sea to Summit Detour Stainless Steel Kettle Cook 3 pcs - Magazin Xstyle","description":"Setul de vase Sea to Summit Detour include o oal\u0103 din font\u0103 \u0219i dou\u0103 c\u0103ni. Ideal pentru acas\u0103 \u0219i \u00een aer liber. Calitate \u0219i fiabilitate de la Sea to Summit.","robots":{"index":"index","follow":"follow","max-snippet":"max-snippet:-1","max-image-preview":"max-image-preview:large","max-video-preview":"max-video-preview:-1"},"canonical":"https:\/\/xstyle.md\/ro\/produs\/nabor-posudy-sea-to-summit-detour-stainless-steel-kettle-cook-3-pcs\/","og_locale":"ro_RO","og_type":"article","og_title":"\u041d\u0430\u0431\u043e\u0440 \u043f\u043e\u0441\u0443\u0434\u044b Sea to Summit Detour Stainless Steel Kettle Cook 3 pcs - \u041c\u0430\u0433\u0430\u0437\u0438\u043d Xstyle","og_description":"\u041d\u0430\u0431\u043e\u0440 \u043f\u043e\u0441\u0443\u0434\u044b Sea to Summit Detour \u0432\u043a\u043b\u044e\u0447\u0430\u0435\u0442 \u0447\u0443\u0433\u0443\u043d\u043d\u044b\u0439 \u0447\u0430\u0439\u043d\u0438\u043a \u0438 \u0434\u0432\u0435 \u043a\u0440\u0443\u0436\u043a\u0438. \u0418\u0434\u0435\u0430\u043b\u0435\u043d \u0434\u043b\u044f \u0434\u043e\u043c\u0430 \u0438 \u043d\u0430 \u043f\u0440\u0438\u0440\u043e\u0434\u0435. \u041a\u0430\u0447\u0435\u0441\u0442\u0432\u043e \u0438 \u043d\u0430\u0434\u0435\u0436\u043d\u043e\u0441\u0442\u044c \u043e\u0442 Sea to Summit.","og_url":"https:\/\/xstyle.md\/ro\/produs\/nabor-posudy-sea-to-summit-detour-stainless-steel-kettle-cook-3-pcs\/","og_site_name":"\u041c\u0430\u0433\u0430\u0437\u0438\u043d Xstyle","article_publisher":"https:\/\/www.facebook.com\/xstylemd","article_modified_time":"2025-10-24T10:08:15+00:00","og_image":[{"width":1500,"height":1500,"url":"https:\/\/xstyle.md\/wp-content\/uploads\/2024\/06\/sea-to-summit-detour-stainless-steel-kettle-cook-3-pcs.jpg","type":"image\/jpeg"}],"twitter_card":"summary_large_image","twitter_misc":{"Pre\u021b":"2.290&nbsp;MDL","Disponibilitate":"\u00cen stoc"},"schema":{"@context":"https:\/\/schema.org","@graph":[{"@type":"WebPage","@id":"https:\/\/xstyle.md\/product\/nabor-posudy-sea-to-summit-detour-stainless-steel-kettle-cook-3-pcs\/","url":"https:\/\/xstyle.md\/product\/nabor-posudy-sea-to-summit-detour-stainless-steel-kettle-cook-3-pcs\/","name":"Set de vesel\u0103 Sea to Summit Detour Stainless Steel Kettle Cook 3 pcs - Magazin Xstyle","isPartOf":{"@id":"https:\/\/xstyle.md\/#website"},"primaryImageOfPage":{"@id":"https:\/\/xstyle.md\/product\/nabor-posudy-sea-to-summit-detour-stainless-steel-kettle-cook-3-pcs\/#primaryimage"},"image":{"@id":"https:\/\/xstyle.md\/product\/nabor-posudy-sea-to-summit-detour-stainless-steel-kettle-cook-3-pcs\/#primaryimage"},"thumbnailUrl":"https:\/\/xstyle.md\/wp-content\/uploads\/2024\/06\/sea-to-summit-detour-stainless-steel-kettle-cook-3-pcs.jpg","datePublished":"2024-06-17T15:00:24+00:00","dateModified":"2025-10-24T10:08:15+00:00","description":"Setul de vase Sea to Summit Detour include o oal\u0103 din font\u0103 \u0219i dou\u0103 c\u0103ni. Ideal pentru acas\u0103 \u0219i \u00een aer liber. Calitate \u0219i fiabilitate de la Sea to Summit.","breadcrumb":{"@id":"https:\/\/xstyle.md\/product\/nabor-posudy-sea-to-summit-detour-stainless-steel-kettle-cook-3-pcs\/#breadcrumb"},"inLanguage":"ro-RO","potentialAction":[{"@type":"ReadAction","target":["https:\/\/xstyle.md\/product\/nabor-posudy-sea-to-summit-detour-stainless-steel-kettle-cook-3-pcs\/"]}]},{"@type":"ImageObject","inLanguage":"ro-RO","@id":"https:\/\/xstyle.md\/product\/nabor-posudy-sea-to-summit-detour-stainless-steel-kettle-cook-3-pcs\/#primaryimage","url":"https:\/\/xstyle.md\/wp-content\/uploads\/2024\/06\/sea-to-summit-detour-stainless-steel-kettle-cook-3-pcs.jpg","contentUrl":"https:\/\/xstyle.md\/wp-content\/uploads\/2024\/06\/sea-to-summit-detour-stainless-steel-kettle-cook-3-pcs.jpg","width":1500,"height":1500,"caption":"\u041a\u043e\u043c\u043f\u043b\u0435\u043a\u0442 \u043f\u043e\u0441\u0443\u0434\u044b Sea to Summit Detour \u0438\u0437 \u043d\u0435\u0440\u0436\u0430\u0432\u0435\u044e\u0449\u0435\u0439 \u0441\u0442\u0430\u043b\u0438 \u0434\u043b\u044f \u0430\u043a\u0442\u0438\u0432\u043d\u043e\u0433\u043e \u043e\u0442\u0434\u044b\u0445\u0430, \u043f\u043e\u0445\u043e\u0434\u043e\u0432 \u0438 \u043f\u0443\u0442\u0435\u0448\u0435\u0441\u0442\u0432\u0438\u0439, \u043f\u043e\u0434\u0445\u043e\u0434\u044f\u0449\u0438\u0439 \u0434\u043b\u044f \u043e\u0434\u0435\u0436\u0434\u044b \u0438 \u043e\u0431\u0443\u0432\u0438 \u0434\u043b\u044f \u0430\u043a\u0442\u0438\u0432\u043d\u043e\u0433\u043e \u043e\u0431\u0440\u0430\u0437\u0430 \u0436\u0438\u0437\u043d\u0438"},{"@type":"BreadcrumbList","@id":"https:\/\/xstyle.md\/product\/nabor-posudy-sea-to-summit-detour-stainless-steel-kettle-cook-3-pcs\/#breadcrumb","itemListElement":[{"@type":"ListItem","position":1,"name":"\u0413\u043b\u0430\u0432\u043d\u0430\u044f \u0441\u0442\u0440\u0430\u043d\u0438\u0446\u0430","item":"https:\/\/xstyle.md\/"},{"@type":"ListItem","position":2,"name":"\u041c\u0430\u0433\u0430\u0437\u0438\u043d","item":"https:\/\/xstyle.md\/shop\/"},{"@type":"ListItem","position":3,"name":"\u041d\u0430\u0431\u043e\u0440 \u043f\u043e\u0441\u0443\u0434\u044b Sea to Summit Detour Stainless Steel Kettle Cook 3 pcs"}]},{"@type":"WebSite","@id":"https:\/\/xstyle.md\/#website","url":"https:\/\/xstyle.md\/","name":"Magazinul X-Style","description":"Echipamente pentru turism \u0219i sporturi extreme \u00een Moldova. Pre\u021buri, fotografii, caracteristici \u00een Moldova.","publisher":{"@id":"https:\/\/xstyle.md\/#organization"},"alternateName":"X-Style","potentialAction":[{"@type":"SearchAction","target":{"@type":"EntryPoint","urlTemplate":"https:\/\/xstyle.md\/?s={search_term_string}"},"query-input":{"@type":"PropertyValueSpecification","valueRequired":true,"valueName":"search_term_string"}}],"inLanguage":"ro-RO"},{"@type":"Organization","@id":"https:\/\/xstyle.md\/#organization","name":"Magazinul X-Style","alternateName":"x-style","url":"https:\/\/xstyle.md\/","logo":{"@type":"ImageObject","inLanguage":"ro-RO","@id":"https:\/\/xstyle.md\/#\/schema\/logo\/image\/","url":"https:\/\/xstyle.md\/wp-content\/uploads\/2020\/06\/logoicon.svg","contentUrl":"https:\/\/xstyle.md\/wp-content\/uploads\/2020\/06\/logoicon.svg","caption":"\u041c\u0430\u0433\u0430\u0437\u0438\u043d Xstyle"},"image":{"@id":"https:\/\/xstyle.md\/#\/schema\/logo\/image\/"},"sameAs":["https:\/\/www.facebook.com\/xstylemd","https:\/\/www.instagram.com\/xstyle_md\/","https:\/\/t.me\/xstyle_outdoor"],"hasMerchantReturnPolicy":{"@type":"MerchantReturnPolicy","merchantReturnLink":"https:\/\/xstyle.md\/ro\/conditions\/"}}]},"product_price_amount":"2290.00","product_price_currency":"MDL","og_availability":"instock","product_availability":"instock","product_retailer_item_id":"9327868158539","product_condition":"new"},"_links":{"self":[{"href":"https:\/\/xstyle.md\/ro\/wp-json\/wp\/v2\/product\/84883","targetHints":{"allow":["GET"]}}],"collection":[{"href":"https:\/\/xstyle.md\/ro\/wp-json\/wp\/v2\/product"}],"about":[{"href":"https:\/\/xstyle.md\/ro\/wp-json\/wp\/v2\/types\/product"}],"replies":[{"embeddable":true,"href":"https:\/\/xstyle.md\/ro\/wp-json\/wp\/v2\/comments?post=84883"}],"wp:featuredmedia":[{"embeddable":true,"href":"https:\/\/xstyle.md\/ro\/wp-json\/wp\/v2\/media\/85429"}],"wp:attachment":[{"href":"https:\/\/xstyle.md\/ro\/wp-json\/wp\/v2\/media?parent=84883"}],"wp:term":[{"taxonomy":"product_brand","embeddable":true,"href":"https:\/\/xstyle.md\/ro\/wp-json\/wp\/v2\/product_brand?post=84883"},{"taxonomy":"product_cat","embeddable":true,"href":"https:\/\/xstyle.md\/ro\/wp-json\/wp\/v2\/product_cat?post=84883"},{"taxonomy":"product_tag","embeddable":true,"href":"https:\/\/xstyle.md\/ro\/wp-json\/wp\/v2\/product_tag?post=84883"}],"curies":[{"name":"wp","href":"https:\/\/api.w.org\/{rel}","templated":true}]}}