{"id":84874,"date":"2024-06-17T18:00:22","date_gmt":"2024-06-17T15:00:22","guid":{"rendered":"https:\/\/xstyle.md\/?post_type=product&#038;p=84874"},"modified":"2025-06-18T16:37:56","modified_gmt":"2025-06-18T13:37:56","slug":"germomeshok-sea-to-summit-big-river-dry-bag-13l-2","status":"publish","type":"product","link":"https:\/\/xstyle.md\/ro\/produs\/germomeshok-sea-to-summit-big-river-dry-bag-13l-2\/","title":{"rendered":"Sac ermetic Sea to Summit Big River Dry Bag 13L"},"content":{"rendered":"<\/p>\n<p>Sac ermetic <strong>Sea To Summit Big River Dry Bag 13 L<\/strong> super durabil \u0219i rezistent. Cus\u0103turile duble, cus\u0103turile lipite \u0219i un sistem convenabil de etan\u0219are v\u0103 vor feri lucrurile de umezeal\u0103.<\/p>\n<p>C\u00e2nd merge\u021bi cu cortul, toat\u0103 lumea se confrunt\u0103 cu problema de a plia lucrurile \u0219i de a minimiza spa\u021biul pe care \u00eel ocup\u0103. \u00cen special pentru astfel de scopuri, marca de echipamente de drume\u021bie Sea to Summit a dezvoltat Big River Dry Bag, care v\u0103 permite s\u0103 \u00eempacheta\u021bi \u00een el un num\u0103r maxim de lucruri cu un spa\u021biu limitat de 5 litri. Datorit\u0103 acoperirii sale impermeabile, materialului de nailon rezistent \u0219i a cus\u0103turilor duble, lucrurile tale vor r\u0103m\u00e2ne \u00een stare impecabil\u0103 pe tot parcursul drumului.<\/p>\n<h3>Particularit\u0103\u021bi<\/h3>\n<ul>\n<li>Cus\u0103tur\u0103 dubl\u0103<\/li>\n<li>Impermeabil<\/li>\n<li>Sistem de etan\u0219are convenabil<\/li>\n<li>Forma oval\u0103, pentru o utilizare convenabil\u0103 \u00een barc\u0103<\/li>\n<\/ul>\n<h3>Caracteristici<\/h3>\n<ul>\n<li>Material &#8212; 420D nylon<\/li>\n<li>Dimensiuni &#8212; 22 x 20 x 44 cm<\/li>\n<li>Volum &#8212; 13 litri<\/li>\n<li>Greutate &#8212; 192 g<\/li>\n<\/ul>\n<h3>Tehnologie<\/h3>\n<ul>\n<li><strong>Nylon<\/strong> &#8212; este apreciat pentru greutatea sa redus\u0103, rezisten\u021ba foarte mare la trac\u021biune \u0219i rezisten\u021ba la deteriorare. \u00ce\u0219i p\u0103streaz\u0103 bine forma, iar articolele de \u00eembr\u0103c\u0103minte din nailon dureaz\u0103 mult timp dac\u0103 sunt \u00eengrijite corespunz\u0103tor. Datorit\u0103 netezimii fibrelor sale, acest material este foarte u\u0219or de sp\u0103lat &#8212; orice murd\u0103rie este sp\u0103lat\u0103 f\u0103r\u0103 prea mult efort, iar detergen\u021bii nu se depun pe \u021bes\u0103tur\u0103. Articolele de \u00eembr\u0103c\u0103minte din nailon pot fi sp\u0103late chiar \u0219i \u00een ap\u0103 rece.<\/li>\n<\/ul>\n<h3>Marca<\/h3>\n<p>Sea to Summit este o marc\u0103 fondat\u0103 \u00een 1990 \u00een Australia. Ofer\u0103 echipamente unice \u0219i utile pentru turism \u0219i c\u0103l\u0103torii: huse impermeabile, prosoape din microfibr\u0103, ustensile pliabile din silicon, gen\u021bi, rucsacuri, rucsacuri, corturi, saci de dormit. Fiecare articol proiectat \u00een cadrul companiei are o greutate minim\u0103 \u0219i o func\u021bionalitate maxim\u0103.<\/p>\n<p><\/p>","protected":false},"excerpt":{"rendered":"","protected":false},"featured_media":85039,"comment_status":"open","ping_status":"closed","template":"","meta":{"_acf_changed":false,"inline_featured_image":false},"product_brand":[1281],"product_cat":[863],"product_tag":[],"class_list":{"0":"post-84874","1":"product","2":"type-product","3":"status-publish","4":"has-post-thumbnail","6":"product_brand-sea-to-summit","7":"product_cat-hermetic-bags","9":"first","10":"instock","11":"shipping-taxable","12":"purchasable","13":"product-type-simple"},"acf":[],"yoast_head":"<!-- This site is optimized with the Yoast SEO plugin v27.4 - https:\/\/yoast.com\/product\/yoast-seo-wordpress\/ -->\n<title>\u0413\u0435\u0440\u043c\u043e\u043c\u0435\u0448\u043e\u043a Sea To Summit Big River Dry Bag 13L - \u041c\u0430\u0433\u0430\u0437\u0438\u043d Xstyle<\/title>\n<meta name=\"description\" content=\"\u0413\u0435\u0440\u043c\u043e\u043c\u0435\u0448\u043e\u043a Sea To Summit Big River Dry Bag 13L - \u043d\u0430\u0434\u0435\u0436\u043d\u0430\u044f \u0437\u0430\u0449\u0438\u0442\u0430 \u0432\u0430\u0448\u0438\u0445 \u0432\u0435\u0449\u0435\u0439 \u043e\u0442 \u0432\u043b\u0430\u0433\u0438. \u0423\u043d\u0438\u043a\u0430\u043b\u044c\u043d\u044b\u0439 \u0434\u0438\u0437\u0430\u0439\u043d, \u043f\u0440\u043e\u0447\u043d\u044b\u0435 \u0448\u0432\u044b, \u0438\u0434\u0435\u0430\u043b\u044c\u043d\u043e \u0434\u043b\u044f \u043f\u043e\u0445\u043e\u0434\u043e\u0432 \u0438 \u043a\u0435\u043c\u043f\u0438\u043d\u0433\u0430.\" \/>\n<meta name=\"robots\" content=\"index, follow, max-snippet:-1, max-image-preview:large, max-video-preview:-1\" \/>\n<link rel=\"canonical\" href=\"https:\/\/xstyle.md\/ro\/produs\/germomeshok-sea-to-summit-big-river-dry-bag-13l-2\/\" \/>\n<meta property=\"og:locale\" content=\"ro_RO\" \/>\n<meta property=\"og:type\" content=\"article\" \/>\n<meta property=\"og:title\" content=\"\u0413\u0435\u0440\u043c\u043e\u043c\u0435\u0448\u043e\u043a Sea To Summit Big River Dry Bag 13L - \u041c\u0430\u0433\u0430\u0437\u0438\u043d Xstyle\" \/>\n<meta property=\"og:description\" content=\"\u0413\u0435\u0440\u043c\u043e\u043c\u0435\u0448\u043e\u043a Sea To Summit Big River Dry Bag 13L - \u043d\u0430\u0434\u0435\u0436\u043d\u0430\u044f \u0437\u0430\u0449\u0438\u0442\u0430 \u0432\u0430\u0448\u0438\u0445 \u0432\u0435\u0449\u0435\u0439 \u043e\u0442 \u0432\u043b\u0430\u0433\u0438. \u0423\u043d\u0438\u043a\u0430\u043b\u044c\u043d\u044b\u0439 \u0434\u0438\u0437\u0430\u0439\u043d, \u043f\u0440\u043e\u0447\u043d\u044b\u0435 \u0448\u0432\u044b, \u0438\u0434\u0435\u0430\u043b\u044c\u043d\u043e \u0434\u043b\u044f \u043f\u043e\u0445\u043e\u0434\u043e\u0432 \u0438 \u043a\u0435\u043c\u043f\u0438\u043d\u0433\u0430.\" \/>\n<meta property=\"og:url\" content=\"https:\/\/xstyle.md\/ro\/produs\/germomeshok-sea-to-summit-big-river-dry-bag-13l-2\/\" \/>\n<meta property=\"og:site_name\" content=\"\u041c\u0430\u0433\u0430\u0437\u0438\u043d Xstyle\" \/>\n<meta property=\"article:publisher\" content=\"https:\/\/www.facebook.com\/xstylemd\" \/>\n<meta property=\"article:modified_time\" content=\"2025-06-18T13:37:56+00:00\" \/>\n<meta property=\"og:image\" content=\"https:\/\/xstyle.md\/wp-content\/uploads\/2024\/06\/sea-to-summit-big-river-dry-bag-13l-dull-gold.jpg\" \/>\n\t<meta property=\"og:image:width\" content=\"1024\" \/>\n\t<meta property=\"og:image:height\" content=\"1024\" \/>\n\t<meta property=\"og:image:type\" content=\"image\/jpeg\" \/>\n<meta name=\"twitter:card\" content=\"summary_large_image\" \/>\n<meta name=\"twitter:label1\" content=\"Pre\u021b\" \/>\n\t<meta name=\"twitter:data1\" content=\"995&nbsp;MDL\" \/>\n\t<meta name=\"twitter:label2\" content=\"Disponibilitate\" \/>\n\t<meta name=\"twitter:data2\" content=\"\u00cen stoc\" \/>\n<script type=\"application\/ld+json\" class=\"yoast-schema-graph\">{\"@context\":\"https:\\\/\\\/schema.org\",\"@graph\":[{\"@type\":\"WebPage\",\"@id\":\"https:\\\/\\\/xstyle.md\\\/product\\\/germomeshok-sea-to-summit-big-river-dry-bag-13l-2\\\/\",\"url\":\"https:\\\/\\\/xstyle.md\\\/product\\\/germomeshok-sea-to-summit-big-river-dry-bag-13l-2\\\/\",\"name\":\"\u0413\u0435\u0440\u043c\u043e\u043c\u0435\u0448\u043e\u043a Sea To Summit Big River Dry Bag 13L - \u041c\u0430\u0433\u0430\u0437\u0438\u043d Xstyle\",\"isPartOf\":{\"@id\":\"https:\\\/\\\/xstyle.md\\\/#website\"},\"primaryImageOfPage\":{\"@id\":\"https:\\\/\\\/xstyle.md\\\/product\\\/germomeshok-sea-to-summit-big-river-dry-bag-13l-2\\\/#primaryimage\"},\"image\":{\"@id\":\"https:\\\/\\\/xstyle.md\\\/product\\\/germomeshok-sea-to-summit-big-river-dry-bag-13l-2\\\/#primaryimage\"},\"thumbnailUrl\":\"https:\\\/\\\/xstyle.md\\\/wp-content\\\/uploads\\\/2024\\\/06\\\/sea-to-summit-big-river-dry-bag-13l-dull-gold.jpg\",\"datePublished\":\"2024-06-17T15:00:22+00:00\",\"dateModified\":\"2025-06-18T13:37:56+00:00\",\"description\":\"\u0413\u0435\u0440\u043c\u043e\u043c\u0435\u0448\u043e\u043a Sea To Summit Big River Dry Bag 13L - \u043d\u0430\u0434\u0435\u0436\u043d\u0430\u044f \u0437\u0430\u0449\u0438\u0442\u0430 \u0432\u0430\u0448\u0438\u0445 \u0432\u0435\u0449\u0435\u0439 \u043e\u0442 \u0432\u043b\u0430\u0433\u0438. \u0423\u043d\u0438\u043a\u0430\u043b\u044c\u043d\u044b\u0439 \u0434\u0438\u0437\u0430\u0439\u043d, \u043f\u0440\u043e\u0447\u043d\u044b\u0435 \u0448\u0432\u044b, \u0438\u0434\u0435\u0430\u043b\u044c\u043d\u043e \u0434\u043b\u044f \u043f\u043e\u0445\u043e\u0434\u043e\u0432 \u0438 \u043a\u0435\u043c\u043f\u0438\u043d\u0433\u0430.\",\"breadcrumb\":{\"@id\":\"https:\\\/\\\/xstyle.md\\\/product\\\/germomeshok-sea-to-summit-big-river-dry-bag-13l-2\\\/#breadcrumb\"},\"inLanguage\":\"ro-RO\",\"potentialAction\":[{\"@type\":\"ReadAction\",\"target\":[\"https:\\\/\\\/xstyle.md\\\/product\\\/germomeshok-sea-to-summit-big-river-dry-bag-13l-2\\\/\"]}]},{\"@type\":\"ImageObject\",\"inLanguage\":\"ro-RO\",\"@id\":\"https:\\\/\\\/xstyle.md\\\/product\\\/germomeshok-sea-to-summit-big-river-dry-bag-13l-2\\\/#primaryimage\",\"url\":\"https:\\\/\\\/xstyle.md\\\/wp-content\\\/uploads\\\/2024\\\/06\\\/sea-to-summit-big-river-dry-bag-13l-dull-gold.jpg\",\"contentUrl\":\"https:\\\/\\\/xstyle.md\\\/wp-content\\\/uploads\\\/2024\\\/06\\\/sea-to-summit-big-river-dry-bag-13l-dull-gold.jpg\",\"width\":1024,\"height\":1024,\"caption\":\"\u0410\u043a\u0442\u0438\u0432\u043d\u0430\u044f \u0436\u0438\u0437\u043d\u044c, \u0442\u0443\u0440\u0438\u0441\u0442\u0438\u0447\u0435\u0441\u043a\u0430\u044f \u044d\u043a\u0438\u043f\u0438\u0440\u043e\u0432\u043a\u0430, \u0433\u0435\u0440\u043c\u043e\u043c\u0435\u0448\u043e\u043a Sea To Summit Big River Dry Bag 13L \u0434\u043b\u044f \u043f\u043e\u0445\u043e\u0434\u043e\u0432 \u0438 \u043f\u0443\u0442\u0435\u0448\u0435\u0441\u0442\u0432\u0438\u0439, \u0432\u043e\u0434\u043e\u043d\u0435\u043f\u0440\u043e\u043d\u0438\u0446\u0430\u0435\u043c\u044b\u0435 \u0440\u044e\u043a\u0437\u0430\u043a\u0438, \u043e\u0434\u0435\u0436\u0434\u0430 \u0438 \u043e\u0431\u0443\u0432\u044c \u0434\u043b\u044f \u0430\u043b\u044c\u043f\u0438\u043d\u0438\u0437\u043c\u0430 \u0438 \u0430\u043a\u0442\u0438\u0432\u043d\u043e\u0433\u043e \u043e\u0442\u0434\u044b\u0445\u0430\"},{\"@type\":\"BreadcrumbList\",\"@id\":\"https:\\\/\\\/xstyle.md\\\/product\\\/germomeshok-sea-to-summit-big-river-dry-bag-13l-2\\\/#breadcrumb\",\"itemListElement\":[{\"@type\":\"ListItem\",\"position\":1,\"name\":\"\u0413\u043b\u0430\u0432\u043d\u0430\u044f \u0441\u0442\u0440\u0430\u043d\u0438\u0446\u0430\",\"item\":\"https:\\\/\\\/xstyle.md\\\/\"},{\"@type\":\"ListItem\",\"position\":2,\"name\":\"\u041c\u0430\u0433\u0430\u0437\u0438\u043d\",\"item\":\"https:\\\/\\\/xstyle.md\\\/shop\\\/\"},{\"@type\":\"ListItem\",\"position\":3,\"name\":\"\u0413\u0435\u0440\u043c\u043e\u043c\u0435\u0448\u043e\u043a Sea To Summit Big River Dry Bag 13L\"}]},{\"@type\":\"WebSite\",\"@id\":\"https:\\\/\\\/xstyle.md\\\/#website\",\"url\":\"https:\\\/\\\/xstyle.md\\\/\",\"name\":\"\u041c\u0430\u0433\u0430\u0437\u0438\u043d Xstyle\",\"description\":\"C\u043d\u0430\u0440\u044f\u0436\u0435\u043d\u0438\u0435 \u0434\u043b\u044f \u0442\u0443\u0440\u0438\u0437\u043c\u0430 \u0438 \u044d\u043a\u0441\u0442\u0440\u0435\u043c\u0430\u043b\u044c\u043d\u044b\u0445 \u0432\u0438\u0434\u043e\u0432 \u0441\u043f\u043e\u0440\u0442\u0430 \u0432 \u041c\u043e\u043b\u0434\u043e\u0432\u0435.. \u0426\u0435\u043d\u044b, \u0444\u043e\u0442\u043e, \u0445\u0430\u0440\u0430\u043a\u0442\u0435\u0440\u0438\u0441\u0442\u0438\u043a\u0438 \u0432 \u041c\u043e\u043b\u0434\u043e\u0432\u0435.\",\"publisher\":{\"@id\":\"https:\\\/\\\/xstyle.md\\\/#organization\"},\"alternateName\":\"X-Style\",\"potentialAction\":[{\"@type\":\"SearchAction\",\"target\":{\"@type\":\"EntryPoint\",\"urlTemplate\":\"https:\\\/\\\/xstyle.md\\\/?s={search_term_string}\"},\"query-input\":{\"@type\":\"PropertyValueSpecification\",\"valueRequired\":true,\"valueName\":\"search_term_string\"}}],\"inLanguage\":\"ro-RO\"},{\"@type\":\"Organization\",\"@id\":\"https:\\\/\\\/xstyle.md\\\/#organization\",\"name\":\"\u041c\u0430\u0433\u0430\u0437\u0438\u043d Xstyle\",\"alternateName\":\"x-style\",\"url\":\"https:\\\/\\\/xstyle.md\\\/\",\"logo\":{\"@type\":\"ImageObject\",\"inLanguage\":\"ro-RO\",\"@id\":\"https:\\\/\\\/xstyle.md\\\/#\\\/schema\\\/logo\\\/image\\\/\",\"url\":\"https:\\\/\\\/xstyle.md\\\/wp-content\\\/uploads\\\/2020\\\/06\\\/logoicon.svg\",\"contentUrl\":\"https:\\\/\\\/xstyle.md\\\/wp-content\\\/uploads\\\/2020\\\/06\\\/logoicon.svg\",\"caption\":\"\u041c\u0430\u0433\u0430\u0437\u0438\u043d Xstyle\"},\"image\":{\"@id\":\"https:\\\/\\\/xstyle.md\\\/#\\\/schema\\\/logo\\\/image\\\/\"},\"sameAs\":[\"https:\\\/\\\/www.facebook.com\\\/xstylemd\",\"https:\\\/\\\/www.instagram.com\\\/xstyle_md\\\/\",\"https:\\\/\\\/t.me\\\/xstyle_outdoor\"],\"hasMerchantReturnPolicy\":{\"@type\":\"MerchantReturnPolicy\",\"merchantReturnLink\":\"https:\\\/\\\/xstyle.md\\\/ro\\\/conditions\\\/\"}}]}<\/script>\n<meta property=\"product:price:amount\" content=\"995.00\" \/>\n<meta property=\"product:price:currency\" content=\"MDL\" \/>\n<meta property=\"og:availability\" content=\"instock\" \/>\n<meta property=\"product:availability\" content=\"instock\" \/>\n<meta property=\"product:retailer_item_id\" content=\"9327868148486\" \/>\n<meta property=\"product:condition\" content=\"new\" \/>\n<!-- \/ Yoast SEO plugin. -->","yoast_head_json":{"title":"Sac ermetic Sea to Summit Big River Dry Bag 13L - Magazin Xstyle","description":"Geanta impermeabil\u0103 Sea To Summit Big River Dry Bag 13L - protec\u021bie fiabil\u0103 pentru lucrurile tale \u00eempotriva umidit\u0103\u021bii. Design unic, cus\u0103turi rezistente, perfect\u0103 pentru drume\u021bii \u0219i camping.","robots":{"index":"index","follow":"follow","max-snippet":"max-snippet:-1","max-image-preview":"max-image-preview:large","max-video-preview":"max-video-preview:-1"},"canonical":"https:\/\/xstyle.md\/ro\/produs\/germomeshok-sea-to-summit-big-river-dry-bag-13l-2\/","og_locale":"ro_RO","og_type":"article","og_title":"\u0413\u0435\u0440\u043c\u043e\u043c\u0435\u0448\u043e\u043a Sea To Summit Big River Dry Bag 13L - \u041c\u0430\u0433\u0430\u0437\u0438\u043d Xstyle","og_description":"\u0413\u0435\u0440\u043c\u043e\u043c\u0435\u0448\u043e\u043a Sea To Summit Big River Dry Bag 13L - \u043d\u0430\u0434\u0435\u0436\u043d\u0430\u044f \u0437\u0430\u0449\u0438\u0442\u0430 \u0432\u0430\u0448\u0438\u0445 \u0432\u0435\u0449\u0435\u0439 \u043e\u0442 \u0432\u043b\u0430\u0433\u0438. \u0423\u043d\u0438\u043a\u0430\u043b\u044c\u043d\u044b\u0439 \u0434\u0438\u0437\u0430\u0439\u043d, \u043f\u0440\u043e\u0447\u043d\u044b\u0435 \u0448\u0432\u044b, \u0438\u0434\u0435\u0430\u043b\u044c\u043d\u043e \u0434\u043b\u044f \u043f\u043e\u0445\u043e\u0434\u043e\u0432 \u0438 \u043a\u0435\u043c\u043f\u0438\u043d\u0433\u0430.","og_url":"https:\/\/xstyle.md\/ro\/produs\/germomeshok-sea-to-summit-big-river-dry-bag-13l-2\/","og_site_name":"\u041c\u0430\u0433\u0430\u0437\u0438\u043d Xstyle","article_publisher":"https:\/\/www.facebook.com\/xstylemd","article_modified_time":"2025-06-18T13:37:56+00:00","og_image":[{"width":1024,"height":1024,"url":"https:\/\/xstyle.md\/wp-content\/uploads\/2024\/06\/sea-to-summit-big-river-dry-bag-13l-dull-gold.jpg","type":"image\/jpeg"}],"twitter_card":"summary_large_image","twitter_misc":{"Pre\u021b":"995&nbsp;MDL","Disponibilitate":"\u00cen stoc"},"schema":{"@context":"https:\/\/schema.org","@graph":[{"@type":"WebPage","@id":"https:\/\/xstyle.md\/product\/germomeshok-sea-to-summit-big-river-dry-bag-13l-2\/","url":"https:\/\/xstyle.md\/product\/germomeshok-sea-to-summit-big-river-dry-bag-13l-2\/","name":"Sac ermetic Sea to Summit Big River Dry Bag 13L - Magazin Xstyle","isPartOf":{"@id":"https:\/\/xstyle.md\/#website"},"primaryImageOfPage":{"@id":"https:\/\/xstyle.md\/product\/germomeshok-sea-to-summit-big-river-dry-bag-13l-2\/#primaryimage"},"image":{"@id":"https:\/\/xstyle.md\/product\/germomeshok-sea-to-summit-big-river-dry-bag-13l-2\/#primaryimage"},"thumbnailUrl":"https:\/\/xstyle.md\/wp-content\/uploads\/2024\/06\/sea-to-summit-big-river-dry-bag-13l-dull-gold.jpg","datePublished":"2024-06-17T15:00:22+00:00","dateModified":"2025-06-18T13:37:56+00:00","description":"Geanta impermeabil\u0103 Sea To Summit Big River Dry Bag 13L - protec\u021bie fiabil\u0103 pentru lucrurile tale \u00eempotriva umidit\u0103\u021bii. Design unic, cus\u0103turi rezistente, perfect\u0103 pentru drume\u021bii \u0219i camping.","breadcrumb":{"@id":"https:\/\/xstyle.md\/product\/germomeshok-sea-to-summit-big-river-dry-bag-13l-2\/#breadcrumb"},"inLanguage":"ro-RO","potentialAction":[{"@type":"ReadAction","target":["https:\/\/xstyle.md\/product\/germomeshok-sea-to-summit-big-river-dry-bag-13l-2\/"]}]},{"@type":"ImageObject","inLanguage":"ro-RO","@id":"https:\/\/xstyle.md\/product\/germomeshok-sea-to-summit-big-river-dry-bag-13l-2\/#primaryimage","url":"https:\/\/xstyle.md\/wp-content\/uploads\/2024\/06\/sea-to-summit-big-river-dry-bag-13l-dull-gold.jpg","contentUrl":"https:\/\/xstyle.md\/wp-content\/uploads\/2024\/06\/sea-to-summit-big-river-dry-bag-13l-dull-gold.jpg","width":1024,"height":1024,"caption":"\u0410\u043a\u0442\u0438\u0432\u043d\u0430\u044f \u0436\u0438\u0437\u043d\u044c, \u0442\u0443\u0440\u0438\u0441\u0442\u0438\u0447\u0435\u0441\u043a\u0430\u044f \u044d\u043a\u0438\u043f\u0438\u0440\u043e\u0432\u043a\u0430, \u0433\u0435\u0440\u043c\u043e\u043c\u0435\u0448\u043e\u043a Sea To Summit Big River Dry Bag 13L \u0434\u043b\u044f \u043f\u043e\u0445\u043e\u0434\u043e\u0432 \u0438 \u043f\u0443\u0442\u0435\u0448\u0435\u0441\u0442\u0432\u0438\u0439, \u0432\u043e\u0434\u043e\u043d\u0435\u043f\u0440\u043e\u043d\u0438\u0446\u0430\u0435\u043c\u044b\u0435 \u0440\u044e\u043a\u0437\u0430\u043a\u0438, \u043e\u0434\u0435\u0436\u0434\u0430 \u0438 \u043e\u0431\u0443\u0432\u044c \u0434\u043b\u044f \u0430\u043b\u044c\u043f\u0438\u043d\u0438\u0437\u043c\u0430 \u0438 \u0430\u043a\u0442\u0438\u0432\u043d\u043e\u0433\u043e \u043e\u0442\u0434\u044b\u0445\u0430"},{"@type":"BreadcrumbList","@id":"https:\/\/xstyle.md\/product\/germomeshok-sea-to-summit-big-river-dry-bag-13l-2\/#breadcrumb","itemListElement":[{"@type":"ListItem","position":1,"name":"\u0413\u043b\u0430\u0432\u043d\u0430\u044f \u0441\u0442\u0440\u0430\u043d\u0438\u0446\u0430","item":"https:\/\/xstyle.md\/"},{"@type":"ListItem","position":2,"name":"\u041c\u0430\u0433\u0430\u0437\u0438\u043d","item":"https:\/\/xstyle.md\/shop\/"},{"@type":"ListItem","position":3,"name":"\u0413\u0435\u0440\u043c\u043e\u043c\u0435\u0448\u043e\u043a Sea To Summit Big River Dry Bag 13L"}]},{"@type":"WebSite","@id":"https:\/\/xstyle.md\/#website","url":"https:\/\/xstyle.md\/","name":"Magazinul X-Style","description":"Echipamente pentru turism \u0219i sporturi extreme \u00een Moldova. Pre\u021buri, fotografii, caracteristici \u00een Moldova.","publisher":{"@id":"https:\/\/xstyle.md\/#organization"},"alternateName":"X-Style","potentialAction":[{"@type":"SearchAction","target":{"@type":"EntryPoint","urlTemplate":"https:\/\/xstyle.md\/?s={search_term_string}"},"query-input":{"@type":"PropertyValueSpecification","valueRequired":true,"valueName":"search_term_string"}}],"inLanguage":"ro-RO"},{"@type":"Organization","@id":"https:\/\/xstyle.md\/#organization","name":"Magazinul X-Style","alternateName":"x-style","url":"https:\/\/xstyle.md\/","logo":{"@type":"ImageObject","inLanguage":"ro-RO","@id":"https:\/\/xstyle.md\/#\/schema\/logo\/image\/","url":"https:\/\/xstyle.md\/wp-content\/uploads\/2020\/06\/logoicon.svg","contentUrl":"https:\/\/xstyle.md\/wp-content\/uploads\/2020\/06\/logoicon.svg","caption":"\u041c\u0430\u0433\u0430\u0437\u0438\u043d Xstyle"},"image":{"@id":"https:\/\/xstyle.md\/#\/schema\/logo\/image\/"},"sameAs":["https:\/\/www.facebook.com\/xstylemd","https:\/\/www.instagram.com\/xstyle_md\/","https:\/\/t.me\/xstyle_outdoor"],"hasMerchantReturnPolicy":{"@type":"MerchantReturnPolicy","merchantReturnLink":"https:\/\/xstyle.md\/ro\/conditions\/"}}]},"product_price_amount":"995.00","product_price_currency":"MDL","og_availability":"instock","product_availability":"instock","product_retailer_item_id":"9327868148486","product_condition":"new"},"post_mailing_queue_ids":[],"_links":{"self":[{"href":"https:\/\/xstyle.md\/ro\/wp-json\/wp\/v2\/product\/84874","targetHints":{"allow":["GET"]}}],"collection":[{"href":"https:\/\/xstyle.md\/ro\/wp-json\/wp\/v2\/product"}],"about":[{"href":"https:\/\/xstyle.md\/ro\/wp-json\/wp\/v2\/types\/product"}],"replies":[{"embeddable":true,"href":"https:\/\/xstyle.md\/ro\/wp-json\/wp\/v2\/comments?post=84874"}],"wp:featuredmedia":[{"embeddable":true,"href":"https:\/\/xstyle.md\/ro\/wp-json\/wp\/v2\/media\/85039"}],"wp:attachment":[{"href":"https:\/\/xstyle.md\/ro\/wp-json\/wp\/v2\/media?parent=84874"}],"wp:term":[{"taxonomy":"product_brand","embeddable":true,"href":"https:\/\/xstyle.md\/ro\/wp-json\/wp\/v2\/product_brand?post=84874"},{"taxonomy":"product_cat","embeddable":true,"href":"https:\/\/xstyle.md\/ro\/wp-json\/wp\/v2\/product_cat?post=84874"},{"taxonomy":"product_tag","embeddable":true,"href":"https:\/\/xstyle.md\/ro\/wp-json\/wp\/v2\/product_tag?post=84874"}],"curies":[{"name":"wp","href":"https:\/\/api.w.org\/{rel}","templated":true}]}}