{"id":84868,"date":"2024-06-17T18:00:21","date_gmt":"2024-06-17T15:00:21","guid":{"rendered":"https:\/\/xstyle.md\/?post_type=product&#038;p=84868"},"modified":"2025-11-05T18:37:51","modified_gmt":"2025-11-05T15:37:51","slug":"kastryulya-sea-to-summit-frontier-ul-collapsible-pouring-2-2l","status":"publish","type":"product","link":"https:\/\/xstyle.md\/ro\/produs\/kastryulya-sea-to-summit-frontier-ul-collapsible-pouring-2-2l\/","title":{"rendered":"Oal\u0103 Sea To Summit Frontier UL Collapsible Pouring 2.2l"},"content":{"rendered":"<\/p>\n<p><strong>Sea To Summit Frontier UL Collapsible Pouring 2.2l<\/strong> &#8212; oal\u0103 de g\u0103tit pliabil\u0103 din silicon pentru g\u0103tit \u00een tab\u0103r\u0103. Pere\u021bii laterali din silicon alimentar \u00eei permit s\u0103 se plieze pentru ambalare \u0219i s\u0103 se desf\u0103\u0219oare atunci c\u00e2nd sunte\u021bi gata s\u0103 g\u0103ti\u021bi mese excelente \u00een aer liber. Baza din aliaj de aluminiu anodizat dur distribuie c\u0103ldura rapid \u0219i eficient, iar capacul din aliaj dispune de sistemul LidKeep. Cu aceast\u0103 tehnologie patentat\u0103, capacul se fixeaz\u0103 pe partea lateral\u0103 a wok-ului, eliber\u00e2ndu-v\u0103 m\u00e2inile (\u0219i rezolv\u00e2nd problema ce s\u0103 face\u021bi cu un capac fierbinte \u0219i curat). \u021aine\u021bi bine oala de m\u00e2nerul din o\u021bel inoxidabil Click-Safe \u00een timp ce g\u0103ti\u021bi. C\u00e2nd \u00eempacheta\u021bi, r\u0103suci\u021bi m\u00e2nerul pentru a p\u0103stra capacul \u0219i orice alte ustensile, \u00een siguran\u021b\u0103 \u00een rucsac.<\/p>\n<h3>Particularit\u0103\u021bi<\/h3>\n<ul>\n<li>Designul compact pliabil se transform\u0103 \u00eentr-o crati\u021b\u0103 complet func\u021bional\u0103<\/li>\n<li>Fundul din aliaj de aluminiu anodizat dur distribuie eficient c\u0103ldura<\/li>\n<li>M\u00e2nerul Click-Safe se blocheaz\u0103 sigur \u00een pozi\u021bie atunci c\u00e2nd este utilizat \u0219i men\u021bine capacul \u0219i con\u021binutul \u00een pozi\u021bie \u00een timpul transportului<\/li>\n<li>Fabricat\u0103 \u00een \u00eentregime din materiale de calitate alimentar\u0103<\/li>\n<li>LidKeep v\u0103 permite s\u0103 fixa\u021bi capacul pe partea lateral\u0103 a crati\u021bei.<\/li>\n<li>Conceput pentru a sus\u021bine vasele de g\u0103tit pliabile Frontier<\/li>\n<li>Curba cu raz\u0103 mare \u00eentre fund \u0219i laturi se potrive\u0219te perfect cu lingurile Sea to Summit<\/li>\n<\/ul>\n<h3>Caracteristici<\/h3>\n<ul>\n<li>Material &#8212; silicon alimentar, nailon ranforsat cu sticl\u0103<\/li>\n<li>Dimensiuni &#8212; 32,4 x 19,5 x 10,5 cm<\/li>\n<li>Dimensiuni pachet &#8212; 19,7 x 19,5 x 5,1 cm<\/li>\n<li>Volum &#8212; 2,2 ml<\/li>\n<li>Greutate &#8212; 297 g<\/li>\n<\/ul>\n<h3>Tehnologie<\/h3>\n<ul>\n<li><strong>BPA<\/strong> \u2013 este un compus chimic organic \u0219i este utilizat pentru fabricarea materialelor plastice, a policarbonatului \u0219i a r\u0103\u0219inii epoxidice. De asemenea, aceast\u0103 substan\u021b\u0103 este ad\u0103ugat\u0103 la produsele din plastic \u0219i la conserve. Principalele propriet\u0103\u021bi ale bisfenolului-A sunt propriet\u0103\u021bile de \u00eent\u0103rire \u0219i antioxidante. BPA este capabil s\u0103 p\u0103trund\u0103 \u00een corpul uman nu numai cu ajutorul alimentelor \u0219i al apei, ci \u0219i prin piele \u0219i pl\u0103m\u00e2ni. Contactul prelungit al lichidelor \u0219i al alimentelor umede cu plasticul, care con\u021bine bisfenol-A, contribuie la eliberarea acestei substan\u021be \u00een alimente. \u00cenc\u0103lzirea unor astfel de recipiente accelereaz\u0103 \u00een mod semnificativ eliberarea de bisfenol-A. Acest set este etichetat bpa fre\u0435, ceea ce indic\u0103 faptul c\u0103 la fabricarea acestui recipient nu a fost utilizat bisfenol-A.<\/li>\n<\/ul>\n<h3>Marca<\/h3>\n<p>Sea to Summit este o marc\u0103 fondat\u0103 \u00een 1990 \u00een Australia. Ofer\u0103 echipamente unice \u0219i utile pentru turism \u0219i c\u0103l\u0103torii: huse impermeabile, prosoape din microfibr\u0103, ustensile pliabile din silicon, gen\u021bi, rucsacuri, rucsacuri, corturi, saci de dormit. Fiecare articol proiectat \u00een cadrul companiei are o greutate minim\u0103 \u0219i o func\u021bionalitate maxim\u0103.<\/p>\n<p><\/p>","protected":false},"excerpt":{"rendered":"","protected":false},"featured_media":85481,"comment_status":"open","ping_status":"closed","template":"","meta":{"_acf_changed":false,"inline_featured_image":false},"product_brand":[1281],"product_cat":[84],"product_tag":[],"class_list":{"0":"post-84868","1":"product","2":"type-product","3":"status-publish","4":"has-post-thumbnail","6":"product_brand-sea-to-summit","7":"product_cat-pots","9":"first","10":"outofstock","11":"shipping-taxable","12":"product-type-simple"},"acf":[],"yoast_head":"<!-- This site is optimized with the Yoast SEO plugin v27.2 - https:\/\/yoast.com\/product\/yoast-seo-wordpress\/ -->\n<title>\u041a\u0430\u0441\u0442\u0440\u044e\u043b\u044f Sea To Summit Frontier UL Collapsible Pouring 2.2l - \u041c\u0430\u0433\u0430\u0437\u0438\u043d Xstyle<\/title>\n<meta name=\"description\" content=\"\u041a\u0430\u0441\u0442\u0440\u044e\u043b\u044f Sea To Summit Frontier UL 2.2\u043b - \u043a\u043e\u043c\u043f\u0430\u043a\u0442\u043d\u0430\u044f \u0438 \u043b\u0435\u0433\u043a\u0430\u044f, \u0438\u0434\u0435\u0430\u043b\u044c\u043d\u0430 \u0434\u043b\u044f \u043f\u043e\u0445\u043e\u0434\u043e\u0432. \u0421\u043a\u043b\u0430\u0434\u043d\u0430\u044f, BPA-free, \u0443\u0434\u043e\u0431\u043d\u0430\u044f \u0432 \u0438\u0441\u043f\u043e\u043b\u044c\u0437\u043e\u0432\u0430\u043d\u0438\u0438!\" \/>\n<meta name=\"robots\" content=\"index, follow, max-snippet:-1, max-image-preview:large, max-video-preview:-1\" \/>\n<link rel=\"canonical\" href=\"https:\/\/xstyle.md\/ro\/produs\/kastryulya-sea-to-summit-frontier-ul-collapsible-pouring-2-2l\/\" \/>\n<meta property=\"og:locale\" content=\"ro_RO\" \/>\n<meta property=\"og:type\" content=\"article\" \/>\n<meta property=\"og:title\" content=\"\u041a\u0430\u0441\u0442\u0440\u044e\u043b\u044f Sea To Summit Frontier UL Collapsible Pouring 2.2l - \u041c\u0430\u0433\u0430\u0437\u0438\u043d Xstyle\" \/>\n<meta property=\"og:description\" content=\"\u041a\u0430\u0441\u0442\u0440\u044e\u043b\u044f Sea To Summit Frontier UL 2.2\u043b - \u043a\u043e\u043c\u043f\u0430\u043a\u0442\u043d\u0430\u044f \u0438 \u043b\u0435\u0433\u043a\u0430\u044f, \u0438\u0434\u0435\u0430\u043b\u044c\u043d\u0430 \u0434\u043b\u044f \u043f\u043e\u0445\u043e\u0434\u043e\u0432. \u0421\u043a\u043b\u0430\u0434\u043d\u0430\u044f, BPA-free, \u0443\u0434\u043e\u0431\u043d\u0430\u044f \u0432 \u0438\u0441\u043f\u043e\u043b\u044c\u0437\u043e\u0432\u0430\u043d\u0438\u0438!\" \/>\n<meta property=\"og:url\" content=\"https:\/\/xstyle.md\/ro\/produs\/kastryulya-sea-to-summit-frontier-ul-collapsible-pouring-2-2l\/\" \/>\n<meta property=\"og:site_name\" content=\"\u041c\u0430\u0433\u0430\u0437\u0438\u043d Xstyle\" \/>\n<meta property=\"article:publisher\" content=\"https:\/\/www.facebook.com\/xstylemd\" \/>\n<meta property=\"article:modified_time\" content=\"2025-11-05T15:37:51+00:00\" \/>\n<meta property=\"og:image\" content=\"https:\/\/xstyle.md\/wp-content\/uploads\/2024\/06\/sea-to-summit-frontier-ul-collapsible-pouring-2.2l.jpg\" \/>\n\t<meta property=\"og:image:width\" content=\"1500\" \/>\n\t<meta property=\"og:image:height\" content=\"1500\" \/>\n\t<meta property=\"og:image:type\" content=\"image\/jpeg\" \/>\n<meta name=\"twitter:card\" content=\"summary_large_image\" \/>\n<meta name=\"twitter:label1\" content=\"Pre\u021b\" \/>\n\t<meta name=\"twitter:data1\" content=\"1.670&nbsp;MDL\" \/>\n\t<meta name=\"twitter:label2\" content=\"Disponibilitate\" \/>\n\t<meta name=\"twitter:data2\" content=\"Stoc epuizat\" \/>\n<script type=\"application\/ld+json\" class=\"yoast-schema-graph\">{\"@context\":\"https:\/\/schema.org\",\"@graph\":[{\"@type\":\"WebPage\",\"@id\":\"https:\/\/xstyle.md\/product\/kastryulya-sea-to-summit-frontier-ul-collapsible-pouring-2-2l\/\",\"url\":\"https:\/\/xstyle.md\/product\/kastryulya-sea-to-summit-frontier-ul-collapsible-pouring-2-2l\/\",\"name\":\"\u041a\u0430\u0441\u0442\u0440\u044e\u043b\u044f Sea To Summit Frontier UL Collapsible Pouring 2.2l - \u041c\u0430\u0433\u0430\u0437\u0438\u043d Xstyle\",\"isPartOf\":{\"@id\":\"https:\/\/xstyle.md\/#website\"},\"primaryImageOfPage\":{\"@id\":\"https:\/\/xstyle.md\/product\/kastryulya-sea-to-summit-frontier-ul-collapsible-pouring-2-2l\/#primaryimage\"},\"image\":{\"@id\":\"https:\/\/xstyle.md\/product\/kastryulya-sea-to-summit-frontier-ul-collapsible-pouring-2-2l\/#primaryimage\"},\"thumbnailUrl\":\"https:\/\/xstyle.md\/wp-content\/uploads\/2024\/06\/sea-to-summit-frontier-ul-collapsible-pouring-2.2l.jpg\",\"datePublished\":\"2024-06-17T15:00:21+00:00\",\"dateModified\":\"2025-11-05T15:37:51+00:00\",\"description\":\"\u041a\u0430\u0441\u0442\u0440\u044e\u043b\u044f Sea To Summit Frontier UL 2.2\u043b - \u043a\u043e\u043c\u043f\u0430\u043a\u0442\u043d\u0430\u044f \u0438 \u043b\u0435\u0433\u043a\u0430\u044f, \u0438\u0434\u0435\u0430\u043b\u044c\u043d\u0430 \u0434\u043b\u044f \u043f\u043e\u0445\u043e\u0434\u043e\u0432. \u0421\u043a\u043b\u0430\u0434\u043d\u0430\u044f, BPA-free, \u0443\u0434\u043e\u0431\u043d\u0430\u044f \u0432 \u0438\u0441\u043f\u043e\u043b\u044c\u0437\u043e\u0432\u0430\u043d\u0438\u0438!\",\"breadcrumb\":{\"@id\":\"https:\/\/xstyle.md\/product\/kastryulya-sea-to-summit-frontier-ul-collapsible-pouring-2-2l\/#breadcrumb\"},\"inLanguage\":\"ro-RO\",\"potentialAction\":[{\"@type\":\"ReadAction\",\"target\":[\"https:\/\/xstyle.md\/product\/kastryulya-sea-to-summit-frontier-ul-collapsible-pouring-2-2l\/\"]}]},{\"@type\":\"ImageObject\",\"inLanguage\":\"ro-RO\",\"@id\":\"https:\/\/xstyle.md\/product\/kastryulya-sea-to-summit-frontier-ul-collapsible-pouring-2-2l\/#primaryimage\",\"url\":\"https:\/\/xstyle.md\/wp-content\/uploads\/2024\/06\/sea-to-summit-frontier-ul-collapsible-pouring-2.2l.jpg\",\"contentUrl\":\"https:\/\/xstyle.md\/wp-content\/uploads\/2024\/06\/sea-to-summit-frontier-ul-collapsible-pouring-2.2l.jpg\",\"width\":1500,\"height\":1500,\"caption\":\"\u041a\u0430\u0441\u0442\u0440\u044e\u043b\u044f Sea To Summit Frontier UL \u0434\u043b\u044f \u0430\u043a\u0442\u0438\u0432\u043d\u043e\u0433\u043e \u043e\u0442\u0434\u044b\u0445\u0430, \u043a\u0435\u043c\u043f\u0438\u043d\u0433\u0430 \u0438 \u043f\u0443\u0442\u0435\u0448\u0435\u0441\u0442\u0432\u0438\u0439, \u043b\u0435\u0433\u043a\u0430\u044f \u043f\u043e\u0441\u0443\u0434\u0430 \u0434\u043b\u044f \u043f\u043e\u0445\u043e\u0434\u043e\u0432, \u0433\u043e\u0440\u043d\u044b\u0445 \u043f\u0435\u0448\u0438\u0445 \u043f\u043e\u0445\u043e\u0434\u043e\u0432 \u0438 \u0442\u0443\u0440\u0438\u0441\u0442\u0438\u0447\u0435\u0441\u043a\u043e\u0433\u043e \u0441\u043d\u0430\u0440\u044f\u0436\u0435\u043d\u0438\u044f\"},{\"@type\":\"BreadcrumbList\",\"@id\":\"https:\/\/xstyle.md\/product\/kastryulya-sea-to-summit-frontier-ul-collapsible-pouring-2-2l\/#breadcrumb\",\"itemListElement\":[{\"@type\":\"ListItem\",\"position\":1,\"name\":\"\u0413\u043b\u0430\u0432\u043d\u0430\u044f \u0441\u0442\u0440\u0430\u043d\u0438\u0446\u0430\",\"item\":\"https:\/\/xstyle.md\/\"},{\"@type\":\"ListItem\",\"position\":2,\"name\":\"\u041c\u0430\u0433\u0430\u0437\u0438\u043d\",\"item\":\"https:\/\/xstyle.md\/shop\/\"},{\"@type\":\"ListItem\",\"position\":3,\"name\":\"\u041a\u0430\u0441\u0442\u0440\u044e\u043b\u044f Sea To Summit Frontier UL Collapsible Pouring 2.2l\"}]},{\"@type\":\"WebSite\",\"@id\":\"https:\/\/xstyle.md\/#website\",\"url\":\"https:\/\/xstyle.md\/\",\"name\":\"\u041c\u0430\u0433\u0430\u0437\u0438\u043d Xstyle\",\"description\":\"C\u043d\u0430\u0440\u044f\u0436\u0435\u043d\u0438\u0435 \u0434\u043b\u044f \u0442\u0443\u0440\u0438\u0437\u043c\u0430 \u0438 \u044d\u043a\u0441\u0442\u0440\u0435\u043c\u0430\u043b\u044c\u043d\u044b\u0445 \u0432\u0438\u0434\u043e\u0432 \u0441\u043f\u043e\u0440\u0442\u0430 \u0432 \u041c\u043e\u043b\u0434\u043e\u0432\u0435.. \u0426\u0435\u043d\u044b, \u0444\u043e\u0442\u043e, \u0445\u0430\u0440\u0430\u043a\u0442\u0435\u0440\u0438\u0441\u0442\u0438\u043a\u0438 \u0432 \u041c\u043e\u043b\u0434\u043e\u0432\u0435.\",\"publisher\":{\"@id\":\"https:\/\/xstyle.md\/#organization\"},\"alternateName\":\"X-Style\",\"potentialAction\":[{\"@type\":\"SearchAction\",\"target\":{\"@type\":\"EntryPoint\",\"urlTemplate\":\"https:\/\/xstyle.md\/?s={search_term_string}\"},\"query-input\":{\"@type\":\"PropertyValueSpecification\",\"valueRequired\":true,\"valueName\":\"search_term_string\"}}],\"inLanguage\":\"ro-RO\"},{\"@type\":\"Organization\",\"@id\":\"https:\/\/xstyle.md\/#organization\",\"name\":\"\u041c\u0430\u0433\u0430\u0437\u0438\u043d Xstyle\",\"alternateName\":\"x-style\",\"url\":\"https:\/\/xstyle.md\/\",\"logo\":{\"@type\":\"ImageObject\",\"inLanguage\":\"ro-RO\",\"@id\":\"https:\/\/xstyle.md\/#\/schema\/logo\/image\/\",\"url\":\"https:\/\/xstyle.md\/wp-content\/uploads\/2020\/06\/logoicon.svg\",\"contentUrl\":\"https:\/\/xstyle.md\/wp-content\/uploads\/2020\/06\/logoicon.svg\",\"caption\":\"\u041c\u0430\u0433\u0430\u0437\u0438\u043d Xstyle\"},\"image\":{\"@id\":\"https:\/\/xstyle.md\/#\/schema\/logo\/image\/\"},\"sameAs\":[\"https:\/\/www.facebook.com\/xstylemd\",\"https:\/\/www.instagram.com\/xstyle_md\/\",\"https:\/\/t.me\/xstyle_outdoor\"],\"hasMerchantReturnPolicy\":{\"@type\":\"MerchantReturnPolicy\",\"merchantReturnLink\":\"https:\/\/xstyle.md\/ro\/conditions\/\"}}]}<\/script>\n<meta property=\"product:price:amount\" content=\"1670.00\" \/>\n<meta property=\"product:price:currency\" content=\"MDL\" \/>\n<meta property=\"og:availability\" content=\"out of stock\" \/>\n<meta property=\"product:availability\" content=\"out of stock\" \/>\n<meta property=\"product:retailer_item_id\" content=\"9327868160624\" \/>\n<meta property=\"product:condition\" content=\"new\" \/>\n<!-- \/ Yoast SEO plugin. -->","yoast_head_json":{"title":"Oal\u0103 Sea To Summit Frontier UL Collapsible Pouring 2.2l - Magazin Xstyle","description":"Oala Sea To Summit Frontier UL 2.2L - compact\u0103 \u0219i u\u0219oar\u0103, ideal\u0103 pentru drume\u021bii. Pliabil\u0103, f\u0103r\u0103 BPA, u\u0219or de utilizat!","robots":{"index":"index","follow":"follow","max-snippet":"max-snippet:-1","max-image-preview":"max-image-preview:large","max-video-preview":"max-video-preview:-1"},"canonical":"https:\/\/xstyle.md\/ro\/produs\/kastryulya-sea-to-summit-frontier-ul-collapsible-pouring-2-2l\/","og_locale":"ro_RO","og_type":"article","og_title":"\u041a\u0430\u0441\u0442\u0440\u044e\u043b\u044f Sea To Summit Frontier UL Collapsible Pouring 2.2l - \u041c\u0430\u0433\u0430\u0437\u0438\u043d Xstyle","og_description":"\u041a\u0430\u0441\u0442\u0440\u044e\u043b\u044f Sea To Summit Frontier UL 2.2\u043b - \u043a\u043e\u043c\u043f\u0430\u043a\u0442\u043d\u0430\u044f \u0438 \u043b\u0435\u0433\u043a\u0430\u044f, \u0438\u0434\u0435\u0430\u043b\u044c\u043d\u0430 \u0434\u043b\u044f \u043f\u043e\u0445\u043e\u0434\u043e\u0432. \u0421\u043a\u043b\u0430\u0434\u043d\u0430\u044f, BPA-free, \u0443\u0434\u043e\u0431\u043d\u0430\u044f \u0432 \u0438\u0441\u043f\u043e\u043b\u044c\u0437\u043e\u0432\u0430\u043d\u0438\u0438!","og_url":"https:\/\/xstyle.md\/ro\/produs\/kastryulya-sea-to-summit-frontier-ul-collapsible-pouring-2-2l\/","og_site_name":"\u041c\u0430\u0433\u0430\u0437\u0438\u043d Xstyle","article_publisher":"https:\/\/www.facebook.com\/xstylemd","article_modified_time":"2025-11-05T15:37:51+00:00","og_image":[{"width":1500,"height":1500,"url":"https:\/\/xstyle.md\/wp-content\/uploads\/2024\/06\/sea-to-summit-frontier-ul-collapsible-pouring-2.2l.jpg","type":"image\/jpeg"}],"twitter_card":"summary_large_image","twitter_misc":{"Pre\u021b":"1.670&nbsp;MDL","Disponibilitate":"Stoc epuizat"},"schema":{"@context":"https:\/\/schema.org","@graph":[{"@type":"WebPage","@id":"https:\/\/xstyle.md\/product\/kastryulya-sea-to-summit-frontier-ul-collapsible-pouring-2-2l\/","url":"https:\/\/xstyle.md\/product\/kastryulya-sea-to-summit-frontier-ul-collapsible-pouring-2-2l\/","name":"Oal\u0103 Sea To Summit Frontier UL Collapsible Pouring 2.2l - Magazin Xstyle","isPartOf":{"@id":"https:\/\/xstyle.md\/#website"},"primaryImageOfPage":{"@id":"https:\/\/xstyle.md\/product\/kastryulya-sea-to-summit-frontier-ul-collapsible-pouring-2-2l\/#primaryimage"},"image":{"@id":"https:\/\/xstyle.md\/product\/kastryulya-sea-to-summit-frontier-ul-collapsible-pouring-2-2l\/#primaryimage"},"thumbnailUrl":"https:\/\/xstyle.md\/wp-content\/uploads\/2024\/06\/sea-to-summit-frontier-ul-collapsible-pouring-2.2l.jpg","datePublished":"2024-06-17T15:00:21+00:00","dateModified":"2025-11-05T15:37:51+00:00","description":"Oala Sea To Summit Frontier UL 2.2L - compact\u0103 \u0219i u\u0219oar\u0103, ideal\u0103 pentru drume\u021bii. Pliabil\u0103, f\u0103r\u0103 BPA, u\u0219or de utilizat!","breadcrumb":{"@id":"https:\/\/xstyle.md\/product\/kastryulya-sea-to-summit-frontier-ul-collapsible-pouring-2-2l\/#breadcrumb"},"inLanguage":"ro-RO","potentialAction":[{"@type":"ReadAction","target":["https:\/\/xstyle.md\/product\/kastryulya-sea-to-summit-frontier-ul-collapsible-pouring-2-2l\/"]}]},{"@type":"ImageObject","inLanguage":"ro-RO","@id":"https:\/\/xstyle.md\/product\/kastryulya-sea-to-summit-frontier-ul-collapsible-pouring-2-2l\/#primaryimage","url":"https:\/\/xstyle.md\/wp-content\/uploads\/2024\/06\/sea-to-summit-frontier-ul-collapsible-pouring-2.2l.jpg","contentUrl":"https:\/\/xstyle.md\/wp-content\/uploads\/2024\/06\/sea-to-summit-frontier-ul-collapsible-pouring-2.2l.jpg","width":1500,"height":1500,"caption":"\u041a\u0430\u0441\u0442\u0440\u044e\u043b\u044f Sea To Summit Frontier UL \u0434\u043b\u044f \u0430\u043a\u0442\u0438\u0432\u043d\u043e\u0433\u043e \u043e\u0442\u0434\u044b\u0445\u0430, \u043a\u0435\u043c\u043f\u0438\u043d\u0433\u0430 \u0438 \u043f\u0443\u0442\u0435\u0448\u0435\u0441\u0442\u0432\u0438\u0439, \u043b\u0435\u0433\u043a\u0430\u044f \u043f\u043e\u0441\u0443\u0434\u0430 \u0434\u043b\u044f \u043f\u043e\u0445\u043e\u0434\u043e\u0432, \u0433\u043e\u0440\u043d\u044b\u0445 \u043f\u0435\u0448\u0438\u0445 \u043f\u043e\u0445\u043e\u0434\u043e\u0432 \u0438 \u0442\u0443\u0440\u0438\u0441\u0442\u0438\u0447\u0435\u0441\u043a\u043e\u0433\u043e \u0441\u043d\u0430\u0440\u044f\u0436\u0435\u043d\u0438\u044f"},{"@type":"BreadcrumbList","@id":"https:\/\/xstyle.md\/product\/kastryulya-sea-to-summit-frontier-ul-collapsible-pouring-2-2l\/#breadcrumb","itemListElement":[{"@type":"ListItem","position":1,"name":"\u0413\u043b\u0430\u0432\u043d\u0430\u044f \u0441\u0442\u0440\u0430\u043d\u0438\u0446\u0430","item":"https:\/\/xstyle.md\/"},{"@type":"ListItem","position":2,"name":"\u041c\u0430\u0433\u0430\u0437\u0438\u043d","item":"https:\/\/xstyle.md\/shop\/"},{"@type":"ListItem","position":3,"name":"\u041a\u0430\u0441\u0442\u0440\u044e\u043b\u044f Sea To Summit Frontier UL Collapsible Pouring 2.2l"}]},{"@type":"WebSite","@id":"https:\/\/xstyle.md\/#website","url":"https:\/\/xstyle.md\/","name":"Magazinul X-Style","description":"Echipamente pentru turism \u0219i sporturi extreme \u00een Moldova. Pre\u021buri, fotografii, caracteristici \u00een Moldova.","publisher":{"@id":"https:\/\/xstyle.md\/#organization"},"alternateName":"X-Style","potentialAction":[{"@type":"SearchAction","target":{"@type":"EntryPoint","urlTemplate":"https:\/\/xstyle.md\/?s={search_term_string}"},"query-input":{"@type":"PropertyValueSpecification","valueRequired":true,"valueName":"search_term_string"}}],"inLanguage":"ro-RO"},{"@type":"Organization","@id":"https:\/\/xstyle.md\/#organization","name":"Magazinul X-Style","alternateName":"x-style","url":"https:\/\/xstyle.md\/","logo":{"@type":"ImageObject","inLanguage":"ro-RO","@id":"https:\/\/xstyle.md\/#\/schema\/logo\/image\/","url":"https:\/\/xstyle.md\/wp-content\/uploads\/2020\/06\/logoicon.svg","contentUrl":"https:\/\/xstyle.md\/wp-content\/uploads\/2020\/06\/logoicon.svg","caption":"\u041c\u0430\u0433\u0430\u0437\u0438\u043d Xstyle"},"image":{"@id":"https:\/\/xstyle.md\/#\/schema\/logo\/image\/"},"sameAs":["https:\/\/www.facebook.com\/xstylemd","https:\/\/www.instagram.com\/xstyle_md\/","https:\/\/t.me\/xstyle_outdoor"],"hasMerchantReturnPolicy":{"@type":"MerchantReturnPolicy","merchantReturnLink":"https:\/\/xstyle.md\/ro\/conditions\/"}}]},"product_price_amount":"1670.00","product_price_currency":"MDL","og_availability":"out of stock","product_availability":"out of stock","product_retailer_item_id":"9327868160624","product_condition":"new"},"post_mailing_queue_ids":[],"_links":{"self":[{"href":"https:\/\/xstyle.md\/ro\/wp-json\/wp\/v2\/product\/84868","targetHints":{"allow":["GET"]}}],"collection":[{"href":"https:\/\/xstyle.md\/ro\/wp-json\/wp\/v2\/product"}],"about":[{"href":"https:\/\/xstyle.md\/ro\/wp-json\/wp\/v2\/types\/product"}],"replies":[{"embeddable":true,"href":"https:\/\/xstyle.md\/ro\/wp-json\/wp\/v2\/comments?post=84868"}],"wp:featuredmedia":[{"embeddable":true,"href":"https:\/\/xstyle.md\/ro\/wp-json\/wp\/v2\/media\/85481"}],"wp:attachment":[{"href":"https:\/\/xstyle.md\/ro\/wp-json\/wp\/v2\/media?parent=84868"}],"wp:term":[{"taxonomy":"product_brand","embeddable":true,"href":"https:\/\/xstyle.md\/ro\/wp-json\/wp\/v2\/product_brand?post=84868"},{"taxonomy":"product_cat","embeddable":true,"href":"https:\/\/xstyle.md\/ro\/wp-json\/wp\/v2\/product_cat?post=84868"},{"taxonomy":"product_tag","embeddable":true,"href":"https:\/\/xstyle.md\/ro\/wp-json\/wp\/v2\/product_tag?post=84868"}],"curies":[{"name":"wp","href":"https:\/\/api.w.org\/{rel}","templated":true}]}}