{"id":84863,"date":"2024-06-17T18:00:21","date_gmt":"2024-06-17T15:00:21","guid":{"rendered":"https:\/\/xstyle.md\/?post_type=product&#038;p=84863"},"modified":"2025-06-30T16:14:39","modified_gmt":"2025-06-30T13:14:39","slug":"sap-bord-cressi-sub-travelight-foldable-isup-set","status":"publish","type":"product","link":"https:\/\/xstyle.md\/ro\/produs\/sap-bord-cressi-sub-travelight-foldable-isup-set\/","title":{"rendered":"Placa gonflabila Cressi-Sub Travelight Foldable Isup Set"},"content":{"rendered":"<p><strong>Cressi-Sub Travelight Foldable Isup Set<\/strong> &#8212; \u043b\u0435\u0433\u043a\u0430\u044f \u0438 \u043a\u043e\u043c\u043f\u0430\u043a\u0442\u043d\u0430\u044f \u0434\u043e\u0441\u043a\u0430 \u0434\u043b\u044f \u0441\u0430\u043f\u0441\u0451\u0440\u0444\u0438\u043d\u0433\u0430, \u043a\u043e\u0442\u043e\u0440\u0443\u044e \u043c\u043e\u0436\u043d\u043e \u0431\u0440\u0430\u0442\u044c \u0441 \u0441\u043e\u0431\u043e\u0439 \u0432 \u043f\u0443\u0442\u0435\u0448\u0435\u0441\u0442\u0432\u0438\u0435. \u0418\u043d\u043d\u043e\u0432\u0430\u0446\u0438\u043e\u043d\u043d\u0430\u044f \u043a\u043e\u043d\u0441\u0442\u0440\u0443\u043a\u0446\u0438\u044f \u0441\u0430\u043f\u0430 \u043f\u043e\u0437\u0432\u043e\u043b\u044f\u0435\u0442 \u0441\u043a\u043b\u0430\u0434\u044b\u0432\u0430\u0442\u044c \u0435\u0433\u043e \u0432 \u043f\u0440\u043e\u0434\u043e\u043b\u044c\u043d\u043e\u043c \u043d\u0430\u043f\u0440\u0430\u0432\u043b\u0435\u043d\u0438\u0438, \u0430 \u0437\u0430\u0442\u0435\u043c \u0441\u0432\u043e\u0440\u0430\u0447\u0438\u0432\u0430\u0442\u044c, \u0437\u0430\u043d\u0438\u043c\u0430\u044f \u0442\u0435\u043c \u0441\u0430\u043c\u044b\u043c \u0432\u0434\u0432\u043e\u0435 \u043c\u0435\u043d\u044c\u0448\u0435 \u043c\u0435\u0441\u0442\u0430, \u0447\u0435\u043c \u043d\u0430\u0434\u0443\u0432\u043d\u044b\u0435 \u0441\u0430\u043f\u044b \u0442\u043e\u0433\u043e \u0436\u0435 \u0440\u0430\u0437\u043c\u0435\u0440\u0430. \u0421\u0430\u043f-\u0431\u043e\u0440\u0434 Cressi-Sub Travelight \u0438\u0437\u0433\u043e\u0442\u043e\u0432\u043b\u0435\u043d \u043f\u043e \u0442\u0435\u0445\u043d\u043e\u043b\u043e\u0433\u0438\u0438 Cressi LWF, \u044d\u0442\u043e \u043b\u0435\u0433\u043a\u0430\u044f, \u043d\u043e \u043f\u0440\u043e\u0447\u043d\u0430\u044f \u043a\u043e\u043d\u0441\u0442\u0440\u0443\u043a\u0446\u0438\u044f, \u043a\u043e\u0442\u043e\u0440\u0430\u044f \u043c\u0438\u043d\u0438\u043c\u0438\u0437\u0438\u0440\u0443\u0435\u0442 \u0432\u0435\u0441 \u0434\u043e\u0441\u043a\u0438 \u0431\u0435\u0437 \u0443\u0449\u0435\u0440\u0431\u0430 \u0434\u043b\u044f \u0445\u0430\u0440\u0430\u043a\u0442\u0435\u0440\u0438\u0441\u0442\u0438\u043a. \u041a\u0440\u0443\u0433\u043b\u0430\u044f \u0444\u043e\u0440\u043c\u0430 \u0434\u0435\u043b\u0430\u0435\u0442 \u0434\u043e\u0441\u043a\u0443 \u043e\u0447\u0435\u043d\u044c \u0443\u043d\u0438\u0432\u0435\u0440\u0441\u0430\u043b\u044c\u043d\u043e\u0439 \u0438 \u0443\u0434\u043e\u0431\u043d\u043e\u0439 \u0434\u043b\u044f \u0440\u0430\u0437\u043d\u044b\u0445 \u0443\u0440\u043e\u0432\u043d\u0435\u0439 \u043e\u043f\u044b\u0442\u0430 \u0438 \u0442\u0435\u043b\u043e\u0441\u043b\u043e\u0436\u0435\u043d\u0438\u044f.<\/p>\n<p>\u041a\u043e\u043c\u043f\u043b\u0435\u043a\u0442 \u0434\u043e\u043f\u043e\u043b\u043d\u044f\u044e\u0442 \u0442\u0430\u043a\u0438\u0435 \u0436\u0435 \u043a\u043e\u043c\u043f\u0430\u043a\u0442\u043d\u044b\u0435 \u0430\u043a\u0441\u0435\u0441\u0441\u0443\u0430\u0440\u044b, \u0440\u0430\u0437\u0440\u0430\u0431\u043e\u0442\u0430\u043d\u043d\u044b\u0435 \u0441\u043f\u0435\u0446\u0438\u0430\u043b\u044c\u043d\u043e \u0434\u043b\u044f \u044d\u0442\u043e\u0433\u043e, \u0432\u043a\u043b\u044e\u0447\u0430\u044f \u043c\u0430\u043b\u0435\u043d\u044c\u043a\u0438\u0439 \u043d\u0430\u0441\u043e\u0441 feather \u0438 \u043c\u043e\u0434\u0443\u043b\u044c\u043d\u043e\u0435 \u0432\u0435\u0441\u043b\u043e mod5, \u043a\u043e\u0442\u043e\u0440\u043e\u0435 \u043f\u043e\u0437\u0432\u043e\u043b\u044f\u0435\u0442 \u043f\u0435\u0440\u0435\u0432\u043e\u0437\u0438\u0442\u044c \u0432\u0435\u0441\u044c \u043a\u043e\u043c\u043f\u043b\u0435\u043a\u0442 \u0432 \u0440\u044e\u043a\u0437\u0430\u043a\u0435 tera \u0432\u044b\u0441\u043e\u0442\u043e\u0439 \u0432\u0441\u0435\u0433\u043e 50 \u0441\u043c.<\/p>\n<h3>Caracteristici<\/h3>\n<ul>\n<li>\u0420\u0430\u0437\u043c\u0435\u0440\u044b &#8212; 280 \u0445 81 \u0445 15 \u0441\u043c<\/li>\n<li>\u0420\u0430\u0437\u043c\u0435\u0440\u044b \u0432 \u0443\u043f\u0430\u043a\u043e\u0432\u043a\u0435 &#8212; 40 x 53 x 26 \u0441\u043c<\/li>\n<li>\u041e\u0431\u044a\u0435\u043c &#8212; 280 \u043b<\/li>\n<li>\u041c\u0430\u043a\u0441\u0438\u043c\u0430\u043b\u044c\u043d\u043e\u0435 \u0434\u0430\u0432\u043b\u0435\u043d\u0438\u0435 &#8212; 15 PSI (1 BAR)<\/li>\n<li>\u041d\u0430\u0434\u0443\u0432\u0430\u043d\u0438\u0435 &#8212; 13 \u043c\u0438\u043d\u0443\u0442<\/li>\n<li>\u041c\u0430\u043a\u0441\u0438\u043c\u0430\u043b\u044c\u043d\u0430\u044f \u043d\u0430\u0433\u0440\u0443\u0437\u043a\u0430 &#8212; 110 \u043a\u0433<\/li>\n<li>\u0412\u0435\u0441 \u0434\u043e\u0441\u043a\u0438 &#8212; 8 \u043a\u0433<\/li>\n<li>\u0412\u0435\u0441 \u043a\u043e\u043c\u043f\u043b\u0435\u043a\u0442\u0430 &#8212; 11 \u043a\u0433<\/li>\n<li>\u0422\u0435\u0445\u043d\u043e\u043b\u043e\u0433\u0438\u044f &#8212; LWF<\/li>\n<li>\u041a\u043e\u043b\u0438\u0447\u0435\u0441\u0442\u0432\u043e \u043a\u0430\u043c\u0435\u0440 &#8212; 1<\/li>\n<li>\u041a\u043b\u0430\u043f\u0430\u043d &#8212; HP Valve<\/li>\n<\/ul>\n<h3>Marca<\/h3>\n<p>Cressi-Sub - este unul dintre cei mai importan\u021bi produc\u0103tori de echipamente pentru snorkeling, diving \u0219i v\u00e2n\u0103toare subacvatic\u0103. Fondat\u0103 \u00een 1946 de fra\u021bii Egidio \u0219i Nanni Cressi, compania evolueaz\u0103 constant, lans\u00e2nd periodic produse noi pe pia\u021b\u0103. Istoria scufund\u0103rilor este str\u00e2ns legat\u0103 de istoria firmei Cressi-Sub, multe dintre produsele lansate \u00een ultimii 70 de ani revolu\u021bion\u00e2nd acest tip de activitate recreativ\u0103. Multe inova\u021bii \u0219i inven\u021bii marca Cressi-Sub au fost ulterior adoptate de numero\u0219i al\u021bi produc\u0103tori de echipamente de profil.<\/p>\n<p>Compania a r\u0103mas \u00eentotdeauna o afacere privat\u0103, de\u021binut\u0103 de familia Cressi. Din acest motiv, unit\u0103\u021bile de produc\u021bie nu sunt situate \u00een state asiatice, ci \u00een Genova, Italia. Cu toate acestea, compania men\u021bine pre\u021buri accesibile pentru \u00eentreaga gam\u0103 de produse, fiind popular\u0103 printre scafandrii cu orice buget. Filosofia Cressi \u00eenseamn\u0103 inspira\u021bie \u0219i inova\u021bie, dragoste pentru mare \u0219i produse stilate care respect\u0103 cele mai \u00eenalte standarde de calitate.<\/p>","protected":false},"excerpt":{"rendered":"<p>Cressi-Sub Travelight Foldable Isup Set &#8212; \u043b\u0435\u0433\u043a\u0430\u044f \u0438 \u043a\u043e\u043c\u043f\u0430\u043a\u0442\u043d\u0430\u044f \u0434\u043e\u0441\u043a\u0430 \u0434\u043b\u044f \u0441\u0430\u043f\u0441\u0451\u0440\u0444\u0438\u043d\u0433\u0430, \u043a\u043e\u0442\u043e\u0440\u0443\u044e \u043c\u043e\u0436\u043d\u043e \u0431\u0440\u0430\u0442\u044c \u0441 \u0441\u043e\u0431\u043e\u0439 \u0432 \u043f\u0443\u0442\u0435\u0448\u0435\u0441\u0442\u0432\u0438\u0435. \u0418\u043d\u043d\u043e\u0432\u0430\u0446\u0438\u043e\u043d\u043d\u0430\u044f \u043a\u043e\u043d\u0441\u0442\u0440\u0443\u043a\u0446\u0438\u044f \u0441\u0430\u043f\u0430 \u043f\u043e\u0437\u0432\u043e\u043b\u044f\u0435\u0442 \u0441\u043a\u043b\u0430\u0434\u044b\u0432\u0430\u0442\u044c \u0435\u0433\u043e \u0432 \u043f\u0440\u043e\u0434\u043e\u043b\u044c\u043d\u043e\u043c \u043d\u0430\u043f\u0440\u0430\u0432\u043b\u0435\u043d\u0438\u0438, \u0430 \u0437\u0430\u0442\u0435\u043c \u0441\u0432\u043e\u0440\u0430\u0447\u0438\u0432\u0430\u0442\u044c, \u0437\u0430\u043d\u0438\u043c\u0430\u044f \u0442\u0435\u043c \u0441\u0430\u043c\u044b\u043c \u0432\u0434\u0432\u043e\u0435 \u043c\u0435\u043d\u044c\u0448\u0435 \u043c\u0435\u0441\u0442\u0430, \u0447\u0435\u043c \u043d\u0430\u0434\u0443\u0432\u043d\u044b\u0435 \u0441\u0430\u043f\u044b \u0442\u043e\u0433\u043e \u0436\u0435 \u0440\u0430\u0437\u043c\u0435\u0440\u0430. \u0421\u0430\u043f-\u0431\u043e\u0440\u0434 Cressi-Sub Travelight \u0438\u0437\u0433\u043e\u0442\u043e\u0432\u043b\u0435\u043d \u043f\u043e \u0442\u0435\u0445\u043d\u043e\u043b\u043e\u0433\u0438\u0438 Cressi LWF, \u044d\u0442\u043e \u043b\u0435\u0433\u043a\u0430\u044f, \u043d\u043e \u043f\u0440\u043e\u0447\u043d\u0430\u044f [&hellip;]<\/p>\n","protected":false},"featured_media":85582,"comment_status":"open","ping_status":"closed","template":"","meta":{"_acf_changed":false,"inline_featured_image":false},"product_brand":[1451],"product_cat":[1128],"product_tag":[],"class_list":{"0":"post-84863","1":"product","2":"type-product","3":"status-publish","4":"has-post-thumbnail","6":"product_brand-cressi-sub","7":"product_cat-sup","9":"first","10":"outofstock","11":"shipping-taxable","12":"product-type-simple"},"acf":[],"yoast_head":"<!-- This site is optimized with the Yoast SEO plugin v27.2 - https:\/\/yoast.com\/product\/yoast-seo-wordpress\/ -->\n<title>\u0421\u0430\u043f-\u0431\u043e\u0440\u0434 Cressi-Sub Travelight Foldable Isup Set - \u041c\u0430\u0433\u0430\u0437\u0438\u043d Xstyle<\/title>\n<meta name=\"description\" content=\"\u041a\u043e\u043c\u043f\u043b\u0435\u043a\u0442 \u0441\u0430\u043f-\u0431\u043e\u0440\u0434\u0430 Cressi-Sub Travelight - \u0441\u043a\u043b\u0430\u0434\u043d\u043e\u0439 \u0438 \u043b\u0435\u0433\u043a\u0438\u0439, \u0438\u0434\u0435\u0430\u043b\u0435\u043d \u0434\u043b\u044f \u043f\u0443\u0442\u0435\u0448\u0435\u0441\u0442\u0432\u0438\u0439. \u0412\u044b\u0441\u043e\u043a\u043e\u0435 \u043a\u0430\u0447\u0435\u0441\u0442\u0432\u043e \u0438 \u0443\u0434\u043e\u0431\u0441\u0442\u0432\u043e \u0432 \u043a\u0430\u0436\u0434\u043e\u0439 \u0434\u0435\u0442\u0430\u043b\u0438. \u041e\u0442\u043a\u0440\u044b\u0432\u0430\u0439\u0442\u0435 \u043d\u043e\u0432\u044b\u0435 \u0433\u043e\u0440\u0438\u0437\u043e\u043d\u0442\u044b!\" \/>\n<meta name=\"robots\" content=\"index, follow, max-snippet:-1, max-image-preview:large, max-video-preview:-1\" \/>\n<link rel=\"canonical\" href=\"https:\/\/xstyle.md\/ro\/produs\/sap-bord-cressi-sub-travelight-foldable-isup-set\/\" \/>\n<meta property=\"og:locale\" content=\"ro_RO\" \/>\n<meta property=\"og:type\" content=\"article\" \/>\n<meta property=\"og:title\" content=\"\u0421\u0430\u043f-\u0431\u043e\u0440\u0434 Cressi-Sub Travelight Foldable Isup Set - \u041c\u0430\u0433\u0430\u0437\u0438\u043d Xstyle\" \/>\n<meta property=\"og:description\" content=\"\u041a\u043e\u043c\u043f\u043b\u0435\u043a\u0442 \u0441\u0430\u043f-\u0431\u043e\u0440\u0434\u0430 Cressi-Sub Travelight - \u0441\u043a\u043b\u0430\u0434\u043d\u043e\u0439 \u0438 \u043b\u0435\u0433\u043a\u0438\u0439, \u0438\u0434\u0435\u0430\u043b\u0435\u043d \u0434\u043b\u044f \u043f\u0443\u0442\u0435\u0448\u0435\u0441\u0442\u0432\u0438\u0439. \u0412\u044b\u0441\u043e\u043a\u043e\u0435 \u043a\u0430\u0447\u0435\u0441\u0442\u0432\u043e \u0438 \u0443\u0434\u043e\u0431\u0441\u0442\u0432\u043e \u0432 \u043a\u0430\u0436\u0434\u043e\u0439 \u0434\u0435\u0442\u0430\u043b\u0438. \u041e\u0442\u043a\u0440\u044b\u0432\u0430\u0439\u0442\u0435 \u043d\u043e\u0432\u044b\u0435 \u0433\u043e\u0440\u0438\u0437\u043e\u043d\u0442\u044b!\" \/>\n<meta property=\"og:url\" content=\"https:\/\/xstyle.md\/ro\/produs\/sap-bord-cressi-sub-travelight-foldable-isup-set\/\" \/>\n<meta property=\"og:site_name\" content=\"\u041c\u0430\u0433\u0430\u0437\u0438\u043d Xstyle\" \/>\n<meta property=\"article:publisher\" content=\"https:\/\/www.facebook.com\/xstylemd\" \/>\n<meta property=\"article:modified_time\" content=\"2025-06-30T13:14:39+00:00\" \/>\n<meta property=\"og:image\" content=\"https:\/\/xstyle.md\/wp-content\/uploads\/2024\/06\/cressi-sub-travelight-foldable-isup-set.jpg\" \/>\n\t<meta property=\"og:image:width\" content=\"1764\" \/>\n\t<meta property=\"og:image:height\" content=\"1904\" \/>\n\t<meta property=\"og:image:type\" content=\"image\/jpeg\" \/>\n<meta name=\"twitter:card\" content=\"summary_large_image\" \/>\n<meta name=\"twitter:label1\" content=\"Pre\u021b\" \/>\n\t<meta name=\"twitter:data1\" content=\"12.900&nbsp;MDL\" \/>\n\t<meta name=\"twitter:label2\" content=\"Disponibilitate\" \/>\n\t<meta name=\"twitter:data2\" content=\"Stoc epuizat\" \/>\n<script type=\"application\/ld+json\" class=\"yoast-schema-graph\">{\"@context\":\"https:\/\/schema.org\",\"@graph\":[{\"@type\":\"WebPage\",\"@id\":\"https:\/\/xstyle.md\/product\/sap-bord-cressi-sub-travelight-foldable-isup-set\/\",\"url\":\"https:\/\/xstyle.md\/product\/sap-bord-cressi-sub-travelight-foldable-isup-set\/\",\"name\":\"\u0421\u0430\u043f-\u0431\u043e\u0440\u0434 Cressi-Sub Travelight Foldable Isup Set - \u041c\u0430\u0433\u0430\u0437\u0438\u043d Xstyle\",\"isPartOf\":{\"@id\":\"https:\/\/xstyle.md\/#website\"},\"primaryImageOfPage\":{\"@id\":\"https:\/\/xstyle.md\/product\/sap-bord-cressi-sub-travelight-foldable-isup-set\/#primaryimage\"},\"image\":{\"@id\":\"https:\/\/xstyle.md\/product\/sap-bord-cressi-sub-travelight-foldable-isup-set\/#primaryimage\"},\"thumbnailUrl\":\"https:\/\/xstyle.md\/wp-content\/uploads\/2024\/06\/cressi-sub-travelight-foldable-isup-set.jpg\",\"datePublished\":\"2024-06-17T15:00:21+00:00\",\"dateModified\":\"2025-06-30T13:14:39+00:00\",\"description\":\"\u041a\u043e\u043c\u043f\u043b\u0435\u043a\u0442 \u0441\u0430\u043f-\u0431\u043e\u0440\u0434\u0430 Cressi-Sub Travelight - \u0441\u043a\u043b\u0430\u0434\u043d\u043e\u0439 \u0438 \u043b\u0435\u0433\u043a\u0438\u0439, \u0438\u0434\u0435\u0430\u043b\u0435\u043d \u0434\u043b\u044f \u043f\u0443\u0442\u0435\u0448\u0435\u0441\u0442\u0432\u0438\u0439. \u0412\u044b\u0441\u043e\u043a\u043e\u0435 \u043a\u0430\u0447\u0435\u0441\u0442\u0432\u043e \u0438 \u0443\u0434\u043e\u0431\u0441\u0442\u0432\u043e \u0432 \u043a\u0430\u0436\u0434\u043e\u0439 \u0434\u0435\u0442\u0430\u043b\u0438. \u041e\u0442\u043a\u0440\u044b\u0432\u0430\u0439\u0442\u0435 \u043d\u043e\u0432\u044b\u0435 \u0433\u043e\u0440\u0438\u0437\u043e\u043d\u0442\u044b!\",\"breadcrumb\":{\"@id\":\"https:\/\/xstyle.md\/product\/sap-bord-cressi-sub-travelight-foldable-isup-set\/#breadcrumb\"},\"inLanguage\":\"ro-RO\",\"potentialAction\":[{\"@type\":\"ReadAction\",\"target\":[\"https:\/\/xstyle.md\/product\/sap-bord-cressi-sub-travelight-foldable-isup-set\/\"]}]},{\"@type\":\"ImageObject\",\"inLanguage\":\"ro-RO\",\"@id\":\"https:\/\/xstyle.md\/product\/sap-bord-cressi-sub-travelight-foldable-isup-set\/#primaryimage\",\"url\":\"https:\/\/xstyle.md\/wp-content\/uploads\/2024\/06\/cressi-sub-travelight-foldable-isup-set.jpg\",\"contentUrl\":\"https:\/\/xstyle.md\/wp-content\/uploads\/2024\/06\/cressi-sub-travelight-foldable-isup-set.jpg\",\"width\":1764,\"height\":1904,\"caption\":\"\u0422\u0443\u0440\u0438\u0441\u0442\u0438\u0447\u0435\u0441\u043a\u043e\u0435 \u0438 \u0430\u043a\u0442\u0438\u0432\u043d\u043e\u0435 \u0441\u043d\u0430\u0440\u044f\u0436\u0435\u043d\u0438\u0435 \u0434\u043b\u044f \u043f\u0443\u0442\u0435\u0448\u0435\u0441\u0442\u0432\u0438\u0439 \u0438 \u043f\u043e\u0445\u043e\u0434\u043e\u0432, \u0441\u043a\u043b\u0430\u0434\u043d\u043e\u0439 \u0441\u0430\u043f-\u0431\u043e\u0440\u0434 Cressi-Sub Travelight \u0434\u043b\u044f \u0432\u043e\u0434\u043d\u044b\u0445 \u0430\u043a\u0442\u0438\u0432\u043d\u043e\u0441\u0442\u0435\u0439, \u043e\u0431\u0443\u0432\u044c \u0438 \u044d\u043a\u0438\u043f\u0438\u0440\u043e\u0432\u043a\u0430 \u0434\u043b\u044f \u0430\u043a\u0442\u0438\u0432\u043d\u043e\u0433\u043e \u043e\u0442\u0434\u044b\u0445\u0430 \u043d\u0430 \u043f\u0440\u0438\u0440\u043e\u0434\u0435\"},{\"@type\":\"BreadcrumbList\",\"@id\":\"https:\/\/xstyle.md\/product\/sap-bord-cressi-sub-travelight-foldable-isup-set\/#breadcrumb\",\"itemListElement\":[{\"@type\":\"ListItem\",\"position\":1,\"name\":\"\u0413\u043b\u0430\u0432\u043d\u0430\u044f \u0441\u0442\u0440\u0430\u043d\u0438\u0446\u0430\",\"item\":\"https:\/\/xstyle.md\/\"},{\"@type\":\"ListItem\",\"position\":2,\"name\":\"\u041c\u0430\u0433\u0430\u0437\u0438\u043d\",\"item\":\"https:\/\/xstyle.md\/shop\/\"},{\"@type\":\"ListItem\",\"position\":3,\"name\":\"\u0421\u0430\u043f-\u0431\u043e\u0440\u0434 Cressi-Sub Travelight Foldable Isup Set\"}]},{\"@type\":\"WebSite\",\"@id\":\"https:\/\/xstyle.md\/#website\",\"url\":\"https:\/\/xstyle.md\/\",\"name\":\"\u041c\u0430\u0433\u0430\u0437\u0438\u043d Xstyle\",\"description\":\"C\u043d\u0430\u0440\u044f\u0436\u0435\u043d\u0438\u0435 \u0434\u043b\u044f \u0442\u0443\u0440\u0438\u0437\u043c\u0430 \u0438 \u044d\u043a\u0441\u0442\u0440\u0435\u043c\u0430\u043b\u044c\u043d\u044b\u0445 \u0432\u0438\u0434\u043e\u0432 \u0441\u043f\u043e\u0440\u0442\u0430 \u0432 \u041c\u043e\u043b\u0434\u043e\u0432\u0435.. \u0426\u0435\u043d\u044b, \u0444\u043e\u0442\u043e, \u0445\u0430\u0440\u0430\u043a\u0442\u0435\u0440\u0438\u0441\u0442\u0438\u043a\u0438 \u0432 \u041c\u043e\u043b\u0434\u043e\u0432\u0435.\",\"publisher\":{\"@id\":\"https:\/\/xstyle.md\/#organization\"},\"alternateName\":\"X-Style\",\"potentialAction\":[{\"@type\":\"SearchAction\",\"target\":{\"@type\":\"EntryPoint\",\"urlTemplate\":\"https:\/\/xstyle.md\/?s={search_term_string}\"},\"query-input\":{\"@type\":\"PropertyValueSpecification\",\"valueRequired\":true,\"valueName\":\"search_term_string\"}}],\"inLanguage\":\"ro-RO\"},{\"@type\":\"Organization\",\"@id\":\"https:\/\/xstyle.md\/#organization\",\"name\":\"\u041c\u0430\u0433\u0430\u0437\u0438\u043d Xstyle\",\"alternateName\":\"x-style\",\"url\":\"https:\/\/xstyle.md\/\",\"logo\":{\"@type\":\"ImageObject\",\"inLanguage\":\"ro-RO\",\"@id\":\"https:\/\/xstyle.md\/#\/schema\/logo\/image\/\",\"url\":\"https:\/\/xstyle.md\/wp-content\/uploads\/2020\/06\/logoicon.svg\",\"contentUrl\":\"https:\/\/xstyle.md\/wp-content\/uploads\/2020\/06\/logoicon.svg\",\"caption\":\"\u041c\u0430\u0433\u0430\u0437\u0438\u043d Xstyle\"},\"image\":{\"@id\":\"https:\/\/xstyle.md\/#\/schema\/logo\/image\/\"},\"sameAs\":[\"https:\/\/www.facebook.com\/xstylemd\",\"https:\/\/www.instagram.com\/xstyle_md\/\",\"https:\/\/t.me\/xstyle_outdoor\"],\"hasMerchantReturnPolicy\":{\"@type\":\"MerchantReturnPolicy\",\"merchantReturnLink\":\"https:\/\/xstyle.md\/ro\/conditions\/\"}}]}<\/script>\n<meta property=\"product:price:amount\" content=\"12900.00\" \/>\n<meta property=\"product:price:currency\" content=\"MDL\" \/>\n<meta property=\"og:availability\" content=\"out of stock\" \/>\n<meta property=\"product:availability\" content=\"out of stock\" \/>\n<meta property=\"product:retailer_item_id\" content=\"8022983190662\" \/>\n<meta property=\"product:condition\" content=\"new\" \/>\n<!-- \/ Yoast SEO plugin. -->","yoast_head_json":{"title":"S\u0103ritur\u0103 cu paddle Cressi-Sub Travelight Foldable Isup Set - Magazin Xstyle","description":"Setul de sup-boarding Cressi-Sub Travelight - pliabil \u0219i u\u0219or, ideal pentru c\u0103l\u0103torii. Calitate \u00eenalt\u0103 \u0219i confort \u00een fiecare detaliu. Descoperi\u021bi noi orizonturi!","robots":{"index":"index","follow":"follow","max-snippet":"max-snippet:-1","max-image-preview":"max-image-preview:large","max-video-preview":"max-video-preview:-1"},"canonical":"https:\/\/xstyle.md\/ro\/produs\/sap-bord-cressi-sub-travelight-foldable-isup-set\/","og_locale":"ro_RO","og_type":"article","og_title":"\u0421\u0430\u043f-\u0431\u043e\u0440\u0434 Cressi-Sub Travelight Foldable Isup Set - \u041c\u0430\u0433\u0430\u0437\u0438\u043d Xstyle","og_description":"\u041a\u043e\u043c\u043f\u043b\u0435\u043a\u0442 \u0441\u0430\u043f-\u0431\u043e\u0440\u0434\u0430 Cressi-Sub Travelight - \u0441\u043a\u043b\u0430\u0434\u043d\u043e\u0439 \u0438 \u043b\u0435\u0433\u043a\u0438\u0439, \u0438\u0434\u0435\u0430\u043b\u0435\u043d \u0434\u043b\u044f \u043f\u0443\u0442\u0435\u0448\u0435\u0441\u0442\u0432\u0438\u0439. \u0412\u044b\u0441\u043e\u043a\u043e\u0435 \u043a\u0430\u0447\u0435\u0441\u0442\u0432\u043e \u0438 \u0443\u0434\u043e\u0431\u0441\u0442\u0432\u043e \u0432 \u043a\u0430\u0436\u0434\u043e\u0439 \u0434\u0435\u0442\u0430\u043b\u0438. \u041e\u0442\u043a\u0440\u044b\u0432\u0430\u0439\u0442\u0435 \u043d\u043e\u0432\u044b\u0435 \u0433\u043e\u0440\u0438\u0437\u043e\u043d\u0442\u044b!","og_url":"https:\/\/xstyle.md\/ro\/produs\/sap-bord-cressi-sub-travelight-foldable-isup-set\/","og_site_name":"\u041c\u0430\u0433\u0430\u0437\u0438\u043d Xstyle","article_publisher":"https:\/\/www.facebook.com\/xstylemd","article_modified_time":"2025-06-30T13:14:39+00:00","og_image":[{"width":1764,"height":1904,"url":"https:\/\/xstyle.md\/wp-content\/uploads\/2024\/06\/cressi-sub-travelight-foldable-isup-set.jpg","type":"image\/jpeg"}],"twitter_card":"summary_large_image","twitter_misc":{"Pre\u021b":"12.900&nbsp;MDL","Disponibilitate":"Stoc epuizat"},"schema":{"@context":"https:\/\/schema.org","@graph":[{"@type":"WebPage","@id":"https:\/\/xstyle.md\/product\/sap-bord-cressi-sub-travelight-foldable-isup-set\/","url":"https:\/\/xstyle.md\/product\/sap-bord-cressi-sub-travelight-foldable-isup-set\/","name":"S\u0103ritur\u0103 cu paddle Cressi-Sub Travelight Foldable Isup Set - Magazin Xstyle","isPartOf":{"@id":"https:\/\/xstyle.md\/#website"},"primaryImageOfPage":{"@id":"https:\/\/xstyle.md\/product\/sap-bord-cressi-sub-travelight-foldable-isup-set\/#primaryimage"},"image":{"@id":"https:\/\/xstyle.md\/product\/sap-bord-cressi-sub-travelight-foldable-isup-set\/#primaryimage"},"thumbnailUrl":"https:\/\/xstyle.md\/wp-content\/uploads\/2024\/06\/cressi-sub-travelight-foldable-isup-set.jpg","datePublished":"2024-06-17T15:00:21+00:00","dateModified":"2025-06-30T13:14:39+00:00","description":"Setul de sup-boarding Cressi-Sub Travelight - pliabil \u0219i u\u0219or, ideal pentru c\u0103l\u0103torii. Calitate \u00eenalt\u0103 \u0219i confort \u00een fiecare detaliu. Descoperi\u021bi noi orizonturi!","breadcrumb":{"@id":"https:\/\/xstyle.md\/product\/sap-bord-cressi-sub-travelight-foldable-isup-set\/#breadcrumb"},"inLanguage":"ro-RO","potentialAction":[{"@type":"ReadAction","target":["https:\/\/xstyle.md\/product\/sap-bord-cressi-sub-travelight-foldable-isup-set\/"]}]},{"@type":"ImageObject","inLanguage":"ro-RO","@id":"https:\/\/xstyle.md\/product\/sap-bord-cressi-sub-travelight-foldable-isup-set\/#primaryimage","url":"https:\/\/xstyle.md\/wp-content\/uploads\/2024\/06\/cressi-sub-travelight-foldable-isup-set.jpg","contentUrl":"https:\/\/xstyle.md\/wp-content\/uploads\/2024\/06\/cressi-sub-travelight-foldable-isup-set.jpg","width":1764,"height":1904,"caption":"\u0422\u0443\u0440\u0438\u0441\u0442\u0438\u0447\u0435\u0441\u043a\u043e\u0435 \u0438 \u0430\u043a\u0442\u0438\u0432\u043d\u043e\u0435 \u0441\u043d\u0430\u0440\u044f\u0436\u0435\u043d\u0438\u0435 \u0434\u043b\u044f \u043f\u0443\u0442\u0435\u0448\u0435\u0441\u0442\u0432\u0438\u0439 \u0438 \u043f\u043e\u0445\u043e\u0434\u043e\u0432, \u0441\u043a\u043b\u0430\u0434\u043d\u043e\u0439 \u0441\u0430\u043f-\u0431\u043e\u0440\u0434 Cressi-Sub Travelight \u0434\u043b\u044f \u0432\u043e\u0434\u043d\u044b\u0445 \u0430\u043a\u0442\u0438\u0432\u043d\u043e\u0441\u0442\u0435\u0439, \u043e\u0431\u0443\u0432\u044c \u0438 \u044d\u043a\u0438\u043f\u0438\u0440\u043e\u0432\u043a\u0430 \u0434\u043b\u044f \u0430\u043a\u0442\u0438\u0432\u043d\u043e\u0433\u043e \u043e\u0442\u0434\u044b\u0445\u0430 \u043d\u0430 \u043f\u0440\u0438\u0440\u043e\u0434\u0435"},{"@type":"BreadcrumbList","@id":"https:\/\/xstyle.md\/product\/sap-bord-cressi-sub-travelight-foldable-isup-set\/#breadcrumb","itemListElement":[{"@type":"ListItem","position":1,"name":"\u0413\u043b\u0430\u0432\u043d\u0430\u044f \u0441\u0442\u0440\u0430\u043d\u0438\u0446\u0430","item":"https:\/\/xstyle.md\/"},{"@type":"ListItem","position":2,"name":"\u041c\u0430\u0433\u0430\u0437\u0438\u043d","item":"https:\/\/xstyle.md\/shop\/"},{"@type":"ListItem","position":3,"name":"\u0421\u0430\u043f-\u0431\u043e\u0440\u0434 Cressi-Sub Travelight Foldable Isup Set"}]},{"@type":"WebSite","@id":"https:\/\/xstyle.md\/#website","url":"https:\/\/xstyle.md\/","name":"Magazinul X-Style","description":"Echipamente pentru turism \u0219i sporturi extreme \u00een Moldova. Pre\u021buri, fotografii, caracteristici \u00een Moldova.","publisher":{"@id":"https:\/\/xstyle.md\/#organization"},"alternateName":"X-Style","potentialAction":[{"@type":"SearchAction","target":{"@type":"EntryPoint","urlTemplate":"https:\/\/xstyle.md\/?s={search_term_string}"},"query-input":{"@type":"PropertyValueSpecification","valueRequired":true,"valueName":"search_term_string"}}],"inLanguage":"ro-RO"},{"@type":"Organization","@id":"https:\/\/xstyle.md\/#organization","name":"Magazinul X-Style","alternateName":"x-style","url":"https:\/\/xstyle.md\/","logo":{"@type":"ImageObject","inLanguage":"ro-RO","@id":"https:\/\/xstyle.md\/#\/schema\/logo\/image\/","url":"https:\/\/xstyle.md\/wp-content\/uploads\/2020\/06\/logoicon.svg","contentUrl":"https:\/\/xstyle.md\/wp-content\/uploads\/2020\/06\/logoicon.svg","caption":"\u041c\u0430\u0433\u0430\u0437\u0438\u043d Xstyle"},"image":{"@id":"https:\/\/xstyle.md\/#\/schema\/logo\/image\/"},"sameAs":["https:\/\/www.facebook.com\/xstylemd","https:\/\/www.instagram.com\/xstyle_md\/","https:\/\/t.me\/xstyle_outdoor"],"hasMerchantReturnPolicy":{"@type":"MerchantReturnPolicy","merchantReturnLink":"https:\/\/xstyle.md\/ro\/conditions\/"}}]},"product_price_amount":"12900.00","product_price_currency":"MDL","og_availability":"out of stock","product_availability":"out of stock","product_retailer_item_id":"8022983190662","product_condition":"new"},"post_mailing_queue_ids":[],"_links":{"self":[{"href":"https:\/\/xstyle.md\/ro\/wp-json\/wp\/v2\/product\/84863","targetHints":{"allow":["GET"]}}],"collection":[{"href":"https:\/\/xstyle.md\/ro\/wp-json\/wp\/v2\/product"}],"about":[{"href":"https:\/\/xstyle.md\/ro\/wp-json\/wp\/v2\/types\/product"}],"replies":[{"embeddable":true,"href":"https:\/\/xstyle.md\/ro\/wp-json\/wp\/v2\/comments?post=84863"}],"wp:featuredmedia":[{"embeddable":true,"href":"https:\/\/xstyle.md\/ro\/wp-json\/wp\/v2\/media\/85582"}],"wp:attachment":[{"href":"https:\/\/xstyle.md\/ro\/wp-json\/wp\/v2\/media?parent=84863"}],"wp:term":[{"taxonomy":"product_brand","embeddable":true,"href":"https:\/\/xstyle.md\/ro\/wp-json\/wp\/v2\/product_brand?post=84863"},{"taxonomy":"product_cat","embeddable":true,"href":"https:\/\/xstyle.md\/ro\/wp-json\/wp\/v2\/product_cat?post=84863"},{"taxonomy":"product_tag","embeddable":true,"href":"https:\/\/xstyle.md\/ro\/wp-json\/wp\/v2\/product_tag?post=84863"}],"curies":[{"name":"wp","href":"https:\/\/api.w.org\/{rel}","templated":true}]}}