{"id":84859,"date":"2024-06-17T18:00:20","date_gmt":"2024-06-17T15:00:20","guid":{"rendered":"https:\/\/xstyle.md\/?post_type=product&#038;p=84859"},"modified":"2025-11-19T13:54:58","modified_gmt":"2025-11-19T10:54:58","slug":"maska-cressi-sub-a1-mask-black-blue-clear","status":"publish","type":"product","link":"https:\/\/xstyle.md\/ro\/produs\/maska-cressi-sub-a1-mask-black-blue-clear\/","title":{"rendered":"Masc\u0103 Cressi-Sub A1 Mask black\/blue clear"},"content":{"rendered":"<\/p>\n<p><strong>Cressi-Sub A1 Mask<\/strong> &#8212; masc\u0103 pentru scuba diving \u0219i freediving. O singur\u0103 lentil\u0103 din sticl\u0103 c\u0103lit\u0103 are un tratament special care o face complet ne\u00eemp\u0103nat\u0103, ceea ce este foarte convenabil pentru orice tip de scufundare. Lentilele sunt \u00eenclinate \u0219i au forma unei pic\u0103turi inversate, ceea ce cre\u0219te vizibilitatea \u00een jos. Acest lucru permite un control mai bun al echipamentului de scufundare.<\/p>\n<p>Fusta \u0219i cureaua sunt fabricate din silicon moale, oferind o adaptabilitate ridicat\u0103 la diferite forme ale fe\u021bei. Partea superioar\u0103 a fustei interioare cu margine dubl\u0103 cre\u0219te semnificativ etan\u0219eitatea. Designul de drenaj al fustei \u00eembun\u0103t\u0103\u021be\u0219te scurgerea apei \u00een timpul cur\u0103\u021b\u0103rii m\u0103\u0219tii \u0219i minimizeaz\u0103 acumularea de ap\u0103.<\/p>\n<p>Cataramele sunt conectate la cadru printr-o supap\u0103 moale \u0219i elastic\u0103 nu numai pentru o potrivire flexibil\u0103, ci \u0219i pentru a reduce rezisten\u021ba \u0219i riscul de rupere. Cataramele v\u0103 permit s\u0103 ajusta\u021bi instantaneu lungimea curelei cu o singur\u0103 m\u00e2n\u0103, chiar \u0219i atunci c\u00e2nd purta\u021bi m\u0103nu\u0219i. Lentila galben\u0103 cre\u0219te contrastul, f\u0103c\u00e2nd obiectele mai vizibile. De asemenea, cre\u0219te luminozitatea culorilor sub ap\u0103.<\/p>\n<h3>Particularit\u0103\u021bi<\/h3>\n<ul>\n<li>O singur\u0103 lentil\u0103 din sticl\u0103 temperat\u0103 cu protec\u021bie special\u0103 care o face complet anticea\u021b\u0103.<\/li>\n<li>Fusta \u0219i cureaua sunt fabricate din silicon moale, asigur\u00e2nd o adaptabilitate ridicat\u0103 la diferite forme ale fe\u021bei.<\/li>\n<li>Partea superioar\u0103 a fustei interioare are o margine dubl\u0103, care cre\u0219te semnificativ etan\u0219eitatea.<\/li>\n<li>Designul de drenaj al fustei \u00eembun\u0103t\u0103\u021be\u0219te scurgerea apei \u00een timpul cur\u0103\u021b\u0103rii m\u0103\u0219tii \u0219i minimizeaz\u0103 acumularea de ap\u0103.<\/li>\n<li>Buzunar pentru nas c\u0103ptu\u0219it pentru nivelare u\u0219oar\u0103.<\/li>\n<li>Cataramele permit ajustarea instantanee cu o singur\u0103 m\u00e2n\u0103 a lungimii curelei, chiar \u0219i cu m\u0103nu\u0219i.<\/li>\n<li>Lentila galben\u0103 \u00eembun\u0103t\u0103\u021be\u0219te contrastul, f\u0103c\u00e2nd obiectele mai vizibile, \u0219i cre\u0219te luminozitatea culorilor sub ap\u0103.<\/li>\n<\/ul>\n<h3>Caracteristici<\/h3>\n<ul>\n<li>Material &#8212; policarbonat, plastic, silicon<\/li>\n<li>Destina\u021bie &#8212; \u00eenot \/ scufundare<\/li>\n<\/ul>\n<h3>Marca<\/h3>\n<p>Cressi-Sub \u2014 unul dintre cei mai importan\u021bi produc\u0103tori de echipamente de snorkelling, scufund\u0103ri \u0219i spearfishing. \u00cenfiin\u021bat\u0103 \u00een 1946 de fra\u021bii Egidio \u0219i Nanni Cressi, compania evolueaz\u0103 \u00een mod constant \u0219i lanseaz\u0103 produse noi. Istoria scufund\u0103rilor \u00een sine este str\u00e2ns legat\u0103 de cea a companiei Cressi-Sub, iar multe dintre produsele lansate \u00een ultimii 70 de ani au revolu\u021bionat aceast\u0103 form\u0103 de recreere activ\u0103. Multe dintre inova\u021biile \u0219i inven\u021biile Cressi-Sub au fost adoptate ulterior de mul\u021bi produc\u0103tori de echipamente similare.<\/p>\n<p>Firma a fost \u00eentotdeauna de\u021binut\u0103 \u00een proprietate privat\u0103 de familia Cressi. Prin urmare, facilit\u0103\u021bile de produc\u021bie nu sunt situate \u00een \u021b\u0103rile asiatice, ci \u00een Genova, Italia. Cu toate acestea, compania men\u021bine pre\u021buri rezonabile pentru \u00eentreaga gam\u0103 de produse, care sunt populare \u00een r\u00e2ndul scafandrilor cu orice buget. Filozofia Cressi este inspira\u021bia \u0219i inova\u021bia, dragostea pentru mare \u0219i produse elegante care \u00eendeplinesc cele mai \u00eenalte standarde de calitate.<\/p>\n<p><\/p>","protected":false},"excerpt":{"rendered":"","protected":false},"featured_media":85576,"comment_status":"open","ping_status":"closed","template":"","meta":{"_acf_changed":false,"inline_featured_image":false},"product_brand":[1451],"product_cat":[170,171],"product_tag":[],"class_list":{"0":"post-84859","1":"product","2":"type-product","3":"status-publish","4":"has-post-thumbnail","6":"product_brand-cressi-sub","7":"product_cat-swimming","8":"product_cat-diving-mask","10":"first","11":"instock","12":"shipping-taxable","13":"purchasable","14":"product-type-simple"},"acf":[],"yoast_head":"<!-- This site is optimized with the Yoast SEO plugin v27.2 - https:\/\/yoast.com\/product\/yoast-seo-wordpress\/ -->\n<title>\u041c\u0430\u0441\u043a\u0430 Cressi-Sub A1 Mask black\/blue clear - \u041c\u0430\u0433\u0430\u0437\u0438\u043d Xstyle<\/title>\n<meta name=\"description\" content=\"\u041c\u0430\u0441\u043a\u0430 Cressi-Sub A1 \u0432 \u0447\u0435\u0440\u043d\u043e-\u0441\u0438\u043d\u0435\u043c \u0446\u0432\u0435\u0442\u0435 \u0438\u0434\u0435\u0430\u043b\u044c\u043d\u043e \u043f\u043e\u0434\u0445\u043e\u0434\u0438\u0442 \u0434\u043b\u044f \u0434\u0430\u0439\u0432\u0438\u043d\u0433\u0430 \u0438 \u0444\u0440\u0438\u0434\u0430\u0439\u0432\u0438\u043d\u0433\u0430. \u0421\u0442\u0435\u043a\u043b\u044f\u043d\u043d\u0430\u044f \u043b\u0438\u043d\u0437\u0430 \u043e\u0431\u0435\u0441\u043f\u0435\u0447\u0438\u0432\u0430\u0435\u0442 \u043e\u0442\u043b\u0438\u0447\u043d\u0443\u044e \u0432\u0438\u0434\u0438\u043c\u043e\u0441\u0442\u044c \u0438 \u043a\u043e\u043c\u0444\u043e\u0440\u0442.\" \/>\n<meta name=\"robots\" content=\"index, follow, max-snippet:-1, max-image-preview:large, max-video-preview:-1\" \/>\n<link rel=\"canonical\" href=\"https:\/\/xstyle.md\/ro\/produs\/maska-cressi-sub-a1-mask-black-blue-clear\/\" \/>\n<meta property=\"og:locale\" content=\"ro_RO\" \/>\n<meta property=\"og:type\" content=\"article\" \/>\n<meta property=\"og:title\" content=\"\u041c\u0430\u0441\u043a\u0430 Cressi-Sub A1 Mask black\/blue clear - \u041c\u0430\u0433\u0430\u0437\u0438\u043d Xstyle\" \/>\n<meta property=\"og:description\" content=\"\u041c\u0430\u0441\u043a\u0430 Cressi-Sub A1 \u0432 \u0447\u0435\u0440\u043d\u043e-\u0441\u0438\u043d\u0435\u043c \u0446\u0432\u0435\u0442\u0435 \u0438\u0434\u0435\u0430\u043b\u044c\u043d\u043e \u043f\u043e\u0434\u0445\u043e\u0434\u0438\u0442 \u0434\u043b\u044f \u0434\u0430\u0439\u0432\u0438\u043d\u0433\u0430 \u0438 \u0444\u0440\u0438\u0434\u0430\u0439\u0432\u0438\u043d\u0433\u0430. \u0421\u0442\u0435\u043a\u043b\u044f\u043d\u043d\u0430\u044f \u043b\u0438\u043d\u0437\u0430 \u043e\u0431\u0435\u0441\u043f\u0435\u0447\u0438\u0432\u0430\u0435\u0442 \u043e\u0442\u043b\u0438\u0447\u043d\u0443\u044e \u0432\u0438\u0434\u0438\u043c\u043e\u0441\u0442\u044c \u0438 \u043a\u043e\u043c\u0444\u043e\u0440\u0442.\" \/>\n<meta property=\"og:url\" content=\"https:\/\/xstyle.md\/ro\/produs\/maska-cressi-sub-a1-mask-black-blue-clear\/\" \/>\n<meta property=\"og:site_name\" content=\"\u041c\u0430\u0433\u0430\u0437\u0438\u043d Xstyle\" \/>\n<meta property=\"article:publisher\" content=\"https:\/\/www.facebook.com\/xstylemd\" \/>\n<meta property=\"article:modified_time\" content=\"2025-11-19T10:54:58+00:00\" \/>\n<meta property=\"og:image\" content=\"https:\/\/xstyle.md\/wp-content\/uploads\/2024\/06\/cressi-sub-a1-mask-black-blue-clear.jpg\" \/>\n\t<meta property=\"og:image:width\" content=\"1200\" \/>\n\t<meta property=\"og:image:height\" content=\"1200\" \/>\n\t<meta property=\"og:image:type\" content=\"image\/jpeg\" \/>\n<meta name=\"twitter:card\" content=\"summary_large_image\" \/>\n<meta name=\"twitter:label1\" content=\"Pre\u021b\" \/>\n\t<meta name=\"twitter:data1\" content=\"2.480&nbsp;MDL\" \/>\n\t<meta name=\"twitter:label2\" content=\"Disponibilitate\" \/>\n\t<meta name=\"twitter:data2\" content=\"\u00cen stoc\" \/>\n<script type=\"application\/ld+json\" class=\"yoast-schema-graph\">{\"@context\":\"https:\/\/schema.org\",\"@graph\":[{\"@type\":\"WebPage\",\"@id\":\"https:\/\/xstyle.md\/product\/maska-cressi-sub-a1-mask-black-blue-clear\/\",\"url\":\"https:\/\/xstyle.md\/product\/maska-cressi-sub-a1-mask-black-blue-clear\/\",\"name\":\"\u041c\u0430\u0441\u043a\u0430 Cressi-Sub A1 Mask black\/blue clear - \u041c\u0430\u0433\u0430\u0437\u0438\u043d Xstyle\",\"isPartOf\":{\"@id\":\"https:\/\/xstyle.md\/#website\"},\"primaryImageOfPage\":{\"@id\":\"https:\/\/xstyle.md\/product\/maska-cressi-sub-a1-mask-black-blue-clear\/#primaryimage\"},\"image\":{\"@id\":\"https:\/\/xstyle.md\/product\/maska-cressi-sub-a1-mask-black-blue-clear\/#primaryimage\"},\"thumbnailUrl\":\"https:\/\/xstyle.md\/wp-content\/uploads\/2024\/06\/cressi-sub-a1-mask-black-blue-clear.jpg\",\"datePublished\":\"2024-06-17T15:00:20+00:00\",\"dateModified\":\"2025-11-19T10:54:58+00:00\",\"description\":\"\u041c\u0430\u0441\u043a\u0430 Cressi-Sub A1 \u0432 \u0447\u0435\u0440\u043d\u043e-\u0441\u0438\u043d\u0435\u043c \u0446\u0432\u0435\u0442\u0435 \u0438\u0434\u0435\u0430\u043b\u044c\u043d\u043e \u043f\u043e\u0434\u0445\u043e\u0434\u0438\u0442 \u0434\u043b\u044f \u0434\u0430\u0439\u0432\u0438\u043d\u0433\u0430 \u0438 \u0444\u0440\u0438\u0434\u0430\u0439\u0432\u0438\u043d\u0433\u0430. \u0421\u0442\u0435\u043a\u043b\u044f\u043d\u043d\u0430\u044f \u043b\u0438\u043d\u0437\u0430 \u043e\u0431\u0435\u0441\u043f\u0435\u0447\u0438\u0432\u0430\u0435\u0442 \u043e\u0442\u043b\u0438\u0447\u043d\u0443\u044e \u0432\u0438\u0434\u0438\u043c\u043e\u0441\u0442\u044c \u0438 \u043a\u043e\u043c\u0444\u043e\u0440\u0442.\",\"breadcrumb\":{\"@id\":\"https:\/\/xstyle.md\/product\/maska-cressi-sub-a1-mask-black-blue-clear\/#breadcrumb\"},\"inLanguage\":\"ro-RO\",\"potentialAction\":[{\"@type\":\"ReadAction\",\"target\":[\"https:\/\/xstyle.md\/product\/maska-cressi-sub-a1-mask-black-blue-clear\/\"]}]},{\"@type\":\"ImageObject\",\"inLanguage\":\"ro-RO\",\"@id\":\"https:\/\/xstyle.md\/product\/maska-cressi-sub-a1-mask-black-blue-clear\/#primaryimage\",\"url\":\"https:\/\/xstyle.md\/wp-content\/uploads\/2024\/06\/cressi-sub-a1-mask-black-blue-clear.jpg\",\"contentUrl\":\"https:\/\/xstyle.md\/wp-content\/uploads\/2024\/06\/cressi-sub-a1-mask-black-blue-clear.jpg\",\"width\":1200,\"height\":1200,\"caption\":\"\u041c\u0430\u0441\u043a\u0430 \u0434\u043b\u044f \u043f\u043e\u0434\u0432\u043e\u0434\u043d\u043e\u0433\u043e \u043f\u043b\u0430\u0432\u0430\u043d\u0438\u044f Cressi-Sub A1 \u0447\u0435\u0440\u043d\u043e-\u0441\u0438\u043d\u044f\u044f \u043f\u0440\u043e\u0437\u0440\u0430\u0447\u043d\u0430\u044f \u0434\u043b\u044f \u0430\u043a\u0442\u0438\u0432\u043d\u043e\u0433\u043e \u043e\u0442\u0434\u044b\u0445\u0430, \u043f\u043e\u0445\u043e\u0434\u043e\u0432, \u043f\u0443\u0442\u0435\u0448\u0435\u0441\u0442\u0432\u0438\u0439, \u0442\u043e\u0432\u0430\u0440\u043e\u0432 \u0434\u043b\u044f \u0441\u043f\u043e\u0440\u0442\u0437\u0430\u043b\u0430, \u043e\u0434\u0435\u0436\u0434\u044b \u0438 \u043e\u0431\u0443\u0432\u0438 \u0434\u043b\u044f \u043b\u044e\u0431\u0438\u0442\u0435\u043b\u0435\u0439 \u0430\u043a\u0442\u0438\u0432\u043d\u043e\u0433\u043e \u043e\u0431\u0440\u0430\u0437\u0430 \u0436\u0438\u0437\u043d\u0438\"},{\"@type\":\"BreadcrumbList\",\"@id\":\"https:\/\/xstyle.md\/product\/maska-cressi-sub-a1-mask-black-blue-clear\/#breadcrumb\",\"itemListElement\":[{\"@type\":\"ListItem\",\"position\":1,\"name\":\"\u0413\u043b\u0430\u0432\u043d\u0430\u044f \u0441\u0442\u0440\u0430\u043d\u0438\u0446\u0430\",\"item\":\"https:\/\/xstyle.md\/\"},{\"@type\":\"ListItem\",\"position\":2,\"name\":\"\u041c\u0430\u0433\u0430\u0437\u0438\u043d\",\"item\":\"https:\/\/xstyle.md\/shop\/\"},{\"@type\":\"ListItem\",\"position\":3,\"name\":\"\u041c\u0430\u0441\u043a\u0430 Cressi-Sub A1 Mask black\/blue clear\"}]},{\"@type\":\"WebSite\",\"@id\":\"https:\/\/xstyle.md\/#website\",\"url\":\"https:\/\/xstyle.md\/\",\"name\":\"\u041c\u0430\u0433\u0430\u0437\u0438\u043d Xstyle\",\"description\":\"C\u043d\u0430\u0440\u044f\u0436\u0435\u043d\u0438\u0435 \u0434\u043b\u044f \u0442\u0443\u0440\u0438\u0437\u043c\u0430 \u0438 \u044d\u043a\u0441\u0442\u0440\u0435\u043c\u0430\u043b\u044c\u043d\u044b\u0445 \u0432\u0438\u0434\u043e\u0432 \u0441\u043f\u043e\u0440\u0442\u0430 \u0432 \u041c\u043e\u043b\u0434\u043e\u0432\u0435.. \u0426\u0435\u043d\u044b, \u0444\u043e\u0442\u043e, \u0445\u0430\u0440\u0430\u043a\u0442\u0435\u0440\u0438\u0441\u0442\u0438\u043a\u0438 \u0432 \u041c\u043e\u043b\u0434\u043e\u0432\u0435.\",\"publisher\":{\"@id\":\"https:\/\/xstyle.md\/#organization\"},\"alternateName\":\"X-Style\",\"potentialAction\":[{\"@type\":\"SearchAction\",\"target\":{\"@type\":\"EntryPoint\",\"urlTemplate\":\"https:\/\/xstyle.md\/?s={search_term_string}\"},\"query-input\":{\"@type\":\"PropertyValueSpecification\",\"valueRequired\":true,\"valueName\":\"search_term_string\"}}],\"inLanguage\":\"ro-RO\"},{\"@type\":\"Organization\",\"@id\":\"https:\/\/xstyle.md\/#organization\",\"name\":\"\u041c\u0430\u0433\u0430\u0437\u0438\u043d Xstyle\",\"alternateName\":\"x-style\",\"url\":\"https:\/\/xstyle.md\/\",\"logo\":{\"@type\":\"ImageObject\",\"inLanguage\":\"ro-RO\",\"@id\":\"https:\/\/xstyle.md\/#\/schema\/logo\/image\/\",\"url\":\"https:\/\/xstyle.md\/wp-content\/uploads\/2020\/06\/logoicon.svg\",\"contentUrl\":\"https:\/\/xstyle.md\/wp-content\/uploads\/2020\/06\/logoicon.svg\",\"caption\":\"\u041c\u0430\u0433\u0430\u0437\u0438\u043d Xstyle\"},\"image\":{\"@id\":\"https:\/\/xstyle.md\/#\/schema\/logo\/image\/\"},\"sameAs\":[\"https:\/\/www.facebook.com\/xstylemd\",\"https:\/\/www.instagram.com\/xstyle_md\/\",\"https:\/\/t.me\/xstyle_outdoor\"],\"hasMerchantReturnPolicy\":{\"@type\":\"MerchantReturnPolicy\",\"merchantReturnLink\":\"https:\/\/xstyle.md\/ro\/conditions\/\"}}]}<\/script>\n<meta property=\"product:price:amount\" content=\"2480.00\" \/>\n<meta property=\"product:price:currency\" content=\"MDL\" \/>\n<meta property=\"og:availability\" content=\"instock\" \/>\n<meta property=\"product:availability\" content=\"instock\" \/>\n<meta property=\"product:retailer_item_id\" content=\"8022983158921\" \/>\n<meta property=\"product:condition\" content=\"new\" \/>\n<!-- \/ Yoast SEO plugin. -->","yoast_head_json":{"title":"Masc\u0103 Cressi-Sub A1 Mask black\/blue clear - Magazin Xstyle","description":"Masca Cressi-Sub A1 \u00een culoarea negru-albastru este perfect\u0103 pentru scufund\u0103ri \u0219i freediving. Lentila de sticl\u0103 ofer\u0103 o vizibilitate excelent\u0103 \u0219i confort.","robots":{"index":"index","follow":"follow","max-snippet":"max-snippet:-1","max-image-preview":"max-image-preview:large","max-video-preview":"max-video-preview:-1"},"canonical":"https:\/\/xstyle.md\/ro\/produs\/maska-cressi-sub-a1-mask-black-blue-clear\/","og_locale":"ro_RO","og_type":"article","og_title":"\u041c\u0430\u0441\u043a\u0430 Cressi-Sub A1 Mask black\/blue clear - \u041c\u0430\u0433\u0430\u0437\u0438\u043d Xstyle","og_description":"\u041c\u0430\u0441\u043a\u0430 Cressi-Sub A1 \u0432 \u0447\u0435\u0440\u043d\u043e-\u0441\u0438\u043d\u0435\u043c \u0446\u0432\u0435\u0442\u0435 \u0438\u0434\u0435\u0430\u043b\u044c\u043d\u043e \u043f\u043e\u0434\u0445\u043e\u0434\u0438\u0442 \u0434\u043b\u044f \u0434\u0430\u0439\u0432\u0438\u043d\u0433\u0430 \u0438 \u0444\u0440\u0438\u0434\u0430\u0439\u0432\u0438\u043d\u0433\u0430. \u0421\u0442\u0435\u043a\u043b\u044f\u043d\u043d\u0430\u044f \u043b\u0438\u043d\u0437\u0430 \u043e\u0431\u0435\u0441\u043f\u0435\u0447\u0438\u0432\u0430\u0435\u0442 \u043e\u0442\u043b\u0438\u0447\u043d\u0443\u044e \u0432\u0438\u0434\u0438\u043c\u043e\u0441\u0442\u044c \u0438 \u043a\u043e\u043c\u0444\u043e\u0440\u0442.","og_url":"https:\/\/xstyle.md\/ro\/produs\/maska-cressi-sub-a1-mask-black-blue-clear\/","og_site_name":"\u041c\u0430\u0433\u0430\u0437\u0438\u043d Xstyle","article_publisher":"https:\/\/www.facebook.com\/xstylemd","article_modified_time":"2025-11-19T10:54:58+00:00","og_image":[{"width":1200,"height":1200,"url":"https:\/\/xstyle.md\/wp-content\/uploads\/2024\/06\/cressi-sub-a1-mask-black-blue-clear.jpg","type":"image\/jpeg"}],"twitter_card":"summary_large_image","twitter_misc":{"Pre\u021b":"2.480&nbsp;MDL","Disponibilitate":"\u00cen stoc"},"schema":{"@context":"https:\/\/schema.org","@graph":[{"@type":"WebPage","@id":"https:\/\/xstyle.md\/product\/maska-cressi-sub-a1-mask-black-blue-clear\/","url":"https:\/\/xstyle.md\/product\/maska-cressi-sub-a1-mask-black-blue-clear\/","name":"Masc\u0103 Cressi-Sub A1 Mask black\/blue clear - Magazin Xstyle","isPartOf":{"@id":"https:\/\/xstyle.md\/#website"},"primaryImageOfPage":{"@id":"https:\/\/xstyle.md\/product\/maska-cressi-sub-a1-mask-black-blue-clear\/#primaryimage"},"image":{"@id":"https:\/\/xstyle.md\/product\/maska-cressi-sub-a1-mask-black-blue-clear\/#primaryimage"},"thumbnailUrl":"https:\/\/xstyle.md\/wp-content\/uploads\/2024\/06\/cressi-sub-a1-mask-black-blue-clear.jpg","datePublished":"2024-06-17T15:00:20+00:00","dateModified":"2025-11-19T10:54:58+00:00","description":"Masca Cressi-Sub A1 \u00een culoarea negru-albastru este perfect\u0103 pentru scufund\u0103ri \u0219i freediving. Lentila de sticl\u0103 ofer\u0103 o vizibilitate excelent\u0103 \u0219i confort.","breadcrumb":{"@id":"https:\/\/xstyle.md\/product\/maska-cressi-sub-a1-mask-black-blue-clear\/#breadcrumb"},"inLanguage":"ro-RO","potentialAction":[{"@type":"ReadAction","target":["https:\/\/xstyle.md\/product\/maska-cressi-sub-a1-mask-black-blue-clear\/"]}]},{"@type":"ImageObject","inLanguage":"ro-RO","@id":"https:\/\/xstyle.md\/product\/maska-cressi-sub-a1-mask-black-blue-clear\/#primaryimage","url":"https:\/\/xstyle.md\/wp-content\/uploads\/2024\/06\/cressi-sub-a1-mask-black-blue-clear.jpg","contentUrl":"https:\/\/xstyle.md\/wp-content\/uploads\/2024\/06\/cressi-sub-a1-mask-black-blue-clear.jpg","width":1200,"height":1200,"caption":"\u041c\u0430\u0441\u043a\u0430 \u0434\u043b\u044f \u043f\u043e\u0434\u0432\u043e\u0434\u043d\u043e\u0433\u043e \u043f\u043b\u0430\u0432\u0430\u043d\u0438\u044f Cressi-Sub A1 \u0447\u0435\u0440\u043d\u043e-\u0441\u0438\u043d\u044f\u044f \u043f\u0440\u043e\u0437\u0440\u0430\u0447\u043d\u0430\u044f \u0434\u043b\u044f \u0430\u043a\u0442\u0438\u0432\u043d\u043e\u0433\u043e \u043e\u0442\u0434\u044b\u0445\u0430, \u043f\u043e\u0445\u043e\u0434\u043e\u0432, \u043f\u0443\u0442\u0435\u0448\u0435\u0441\u0442\u0432\u0438\u0439, \u0442\u043e\u0432\u0430\u0440\u043e\u0432 \u0434\u043b\u044f \u0441\u043f\u043e\u0440\u0442\u0437\u0430\u043b\u0430, \u043e\u0434\u0435\u0436\u0434\u044b \u0438 \u043e\u0431\u0443\u0432\u0438 \u0434\u043b\u044f \u043b\u044e\u0431\u0438\u0442\u0435\u043b\u0435\u0439 \u0430\u043a\u0442\u0438\u0432\u043d\u043e\u0433\u043e \u043e\u0431\u0440\u0430\u0437\u0430 \u0436\u0438\u0437\u043d\u0438"},{"@type":"BreadcrumbList","@id":"https:\/\/xstyle.md\/product\/maska-cressi-sub-a1-mask-black-blue-clear\/#breadcrumb","itemListElement":[{"@type":"ListItem","position":1,"name":"\u0413\u043b\u0430\u0432\u043d\u0430\u044f \u0441\u0442\u0440\u0430\u043d\u0438\u0446\u0430","item":"https:\/\/xstyle.md\/"},{"@type":"ListItem","position":2,"name":"\u041c\u0430\u0433\u0430\u0437\u0438\u043d","item":"https:\/\/xstyle.md\/shop\/"},{"@type":"ListItem","position":3,"name":"\u041c\u0430\u0441\u043a\u0430 Cressi-Sub A1 Mask black\/blue clear"}]},{"@type":"WebSite","@id":"https:\/\/xstyle.md\/#website","url":"https:\/\/xstyle.md\/","name":"Magazinul X-Style","description":"Echipamente pentru turism \u0219i sporturi extreme \u00een Moldova. Pre\u021buri, fotografii, caracteristici \u00een Moldova.","publisher":{"@id":"https:\/\/xstyle.md\/#organization"},"alternateName":"X-Style","potentialAction":[{"@type":"SearchAction","target":{"@type":"EntryPoint","urlTemplate":"https:\/\/xstyle.md\/?s={search_term_string}"},"query-input":{"@type":"PropertyValueSpecification","valueRequired":true,"valueName":"search_term_string"}}],"inLanguage":"ro-RO"},{"@type":"Organization","@id":"https:\/\/xstyle.md\/#organization","name":"Magazinul X-Style","alternateName":"x-style","url":"https:\/\/xstyle.md\/","logo":{"@type":"ImageObject","inLanguage":"ro-RO","@id":"https:\/\/xstyle.md\/#\/schema\/logo\/image\/","url":"https:\/\/xstyle.md\/wp-content\/uploads\/2020\/06\/logoicon.svg","contentUrl":"https:\/\/xstyle.md\/wp-content\/uploads\/2020\/06\/logoicon.svg","caption":"\u041c\u0430\u0433\u0430\u0437\u0438\u043d Xstyle"},"image":{"@id":"https:\/\/xstyle.md\/#\/schema\/logo\/image\/"},"sameAs":["https:\/\/www.facebook.com\/xstylemd","https:\/\/www.instagram.com\/xstyle_md\/","https:\/\/t.me\/xstyle_outdoor"],"hasMerchantReturnPolicy":{"@type":"MerchantReturnPolicy","merchantReturnLink":"https:\/\/xstyle.md\/ro\/conditions\/"}}]},"product_price_amount":"2480.00","product_price_currency":"MDL","og_availability":"instock","product_availability":"instock","product_retailer_item_id":"8022983158921","product_condition":"new"},"post_mailing_queue_ids":[],"_links":{"self":[{"href":"https:\/\/xstyle.md\/ro\/wp-json\/wp\/v2\/product\/84859","targetHints":{"allow":["GET"]}}],"collection":[{"href":"https:\/\/xstyle.md\/ro\/wp-json\/wp\/v2\/product"}],"about":[{"href":"https:\/\/xstyle.md\/ro\/wp-json\/wp\/v2\/types\/product"}],"replies":[{"embeddable":true,"href":"https:\/\/xstyle.md\/ro\/wp-json\/wp\/v2\/comments?post=84859"}],"wp:featuredmedia":[{"embeddable":true,"href":"https:\/\/xstyle.md\/ro\/wp-json\/wp\/v2\/media\/85576"}],"wp:attachment":[{"href":"https:\/\/xstyle.md\/ro\/wp-json\/wp\/v2\/media?parent=84859"}],"wp:term":[{"taxonomy":"product_brand","embeddable":true,"href":"https:\/\/xstyle.md\/ro\/wp-json\/wp\/v2\/product_brand?post=84859"},{"taxonomy":"product_cat","embeddable":true,"href":"https:\/\/xstyle.md\/ro\/wp-json\/wp\/v2\/product_cat?post=84859"},{"taxonomy":"product_tag","embeddable":true,"href":"https:\/\/xstyle.md\/ro\/wp-json\/wp\/v2\/product_tag?post=84859"}],"curies":[{"name":"wp","href":"https:\/\/api.w.org\/{rel}","templated":true}]}}